{"id":15459,"date":"2015-06-22T11:53:39","date_gmt":"2015-06-22T09:53:39","guid":{"rendered":"https:\/\/www.mehrgenerationenhaus-hassfurt.de\/wp\/?page_id=15459"},"modified":"2025-01-27T20:33:59","modified_gmt":"2025-01-27T19:33:59","slug":"mit-und-fit-begegnung-durch-bewegung","status":"publish","type":"page","link":"https:\/\/www.mehrgenerationenhaus-hassfurt.de\/mgh\/angebote\/mit-und-fit-begegnung-durch-bewegung\/","title":{"rendered":"MIT und FIT \u2013 Begegnung durch Bewegung"},"content":{"rendered":"<h1 style=\"margin-top: 58px; font-weight: normal;\">MIT und FIT \u2013 Begegnung durch Bewegung<\/h1>\n<p><img loading=\"lazy\" decoding=\"async\" src=\"https:\/\/www.mehrgenerationenhaus-hassfurt.de\/mgh\/wp-cnt\/uploads\/mit-fit-coll.jpg\" alt=\"IT und FIT - Begegnung durch Bewegung\" width=\"580\" height=\"125\" class=\"alignnone size-full wp-image-53554\" srcset=\"https:\/\/www.mehrgenerationenhaus-hassfurt.de\/mgh\/wp-cnt\/uploads\/mit-fit-coll.jpg 580w, https:\/\/www.mehrgenerationenhaus-hassfurt.de\/mgh\/wp-cnt\/uploads\/mit-fit-coll-300x65.jpg 300w\" sizes=\"auto, (max-width: 580px) 100vw, 580px\"><\/p>\n<p>Spa\u00df an der fri\u00adschen Luft ha\u00adben, mit\u00adein\u00adan\u00adder in Kon\u00adtakt kom\u00admen und ak\u00adtiv wer\u00adden, das ist das Mot\u00adto von MIT und FIT \u2013 Be\u00adgeg\u00adnung durch Be\u00adwe\u00adgung im Mehr\u00adge\u00adne\u00adra\u00adtio\u00adnen\u00adpar\u00adcour in der Pro\u00adme\u00adna\u00adde in Ha\u00dffurt.<\/p>\n<p>MIT und FIT, das in Ko\u00adope\u00adra\u00adtion mit dem Se\u00adnio\u00adren\u00adbei\u00adrat der Stadt Ha\u00df\u00adfurt und dem TV Ha\u00df\u00adfurt ent\u00adstan\u00adden ist, soll B\u00fcr\u00adge\u00adrin\u00adnen und B\u00fcr\u00adger ak\u00adti\u00advie\u00adren, die Ge\u00adr\u00e4\u00adte und \u00dcbun\u00adgen des Par\u00adcours zu nut\u00adzen. Das Team des Mehr\u00adge\u00adne\u00adra\u00adtio\u00adnen\u00adhau\u00adses m\u00f6ch\u00adte die Pro\u00adme\u00adna\u00adde be\u00adle\u00adben und den Kon\u00adtakt der Ge\u00adne\u00adra\u00adtio\u00adnen erm\u00f6glichen.<\/p>\n<p>Durch Ko\u00ador\u00addi\u00adna\u00adti\u00adons- und Ge\u00add\u00e4cht\u00adnis\u00ad\u00fcbun\u00adgen, Ein\u00adzel- und Part\u00adner\u00ad\u00fcbun\u00adgen so\u00adwie Ent\u00adspan\u00adnungs\u00adein\u00adhei\u00adten tr\u00e4gt die Ak\u00adti\u00adon auch zur F\u00f6r\u00adde\u00adrung der Ge\u00adsund\u00adheit und zum Wohl\u00adbe\u00adfin\u00adden bei. Im An\u00adschluss an die Ak\u00adti\u00advi\u00adt\u00e4t wird ge\u00admein\u00adsam ein ge\u00adsun\u00adder Snack zu\u00adbe\u00adrei\u00adtet und ver\u00adzehrt. Es bie\u00adtet sich Ge\u00adle\u00adgen\u00adheit f\u00fcr Re\u00adfle\u00adxi\u00adon und ge\u00admein\u00adsa\u00admen Austausch.&nbsp;<\/p>\n<p>Die Teil\u00adneh\u00admer k\u00f6n\u00adnen W\u00fcn\u00adsche an\u00adbrin\u00adgen, und es er\u00adge\u00adben sich Ge\u00adspr\u00e4\u00adche \u00fcber Her\u00adkunft, Sport und Er\u00adn\u00e4h\u00adrung. Au\u00ad\u00dfer\u00addem dient die\u00adses Bei\u00adsam\u00admen\u00adsein als idea\u00adle M\u00f6g\u00adlich\u00adkeit, MIT und FIT \u2013 Be\u00adgeg\u00adnung durch Be\u00adwe\u00adgung weiterzuentwickeln.<\/p>\n<p>MIT und FIT \u2013 Be\u00adgeg\u00adnung durch Be\u00adwe\u00adgung regt die Teil\u00adneh\u00adme\u00adrin\u00adnen und Teil\u00adneh\u00admer dazu an, den Park auch ein\u00admal ei\u00adgen\u00adver\u00adant\u00adwort\u00adlich zu be\u00adsu\u00adchen und den Mehr\u00adge\u00adne\u00adra\u00adtio\u00adnen\u00adpar\u00adcours zu nutzen.&nbsp;<\/p>\n<p>Das An\u00adge\u00adbot im Rah\u00admen des Pro\u00adjek\u00adtes <a href=\"https:\/\/www.mehrgenerationenhaus-hassfurt.de\/mgh\/betreuungsnetzwerk-generationen\/\">Be\u00adtreu\u00adungs\u00adnetz\u00adwerk f\u00fcr alle Ge\u00adne\u00adra\u00adtio\u00adnen<\/a> ist of\u00adfen f\u00fcr frei\u00adwil\u00adli\u00adges En\u00adga\u00adge\u00adment aus der Be\u00adv\u00f6l\u00adke\u00adrung und In\u00adter\u00ades\u00adsier\u00adte, die das An\u00adge\u00adbot mit\u00adge\u00adstal\u00adten wollen.<\/p>\n<p><a href=\"https:\/\/www.tv-hassfurt.de\" target=\"_blank\" rel=\"noopener noreferrer\"><img loading=\"lazy\" decoding=\"async\" class=\"alignright size-full wp-image-15512\" style=\"margin-bottom: 10px;\" title=\"Seniorenbeirat Ha\u00dffurt\" src=\"https:\/\/www.mehrgenerationenhaus-hassfurt.de\/img\/fwp\/logo_seniorenbeirat_has1_150.jpg\" alt=\"Seniorenbeirat Ha\u00dffurt\" width=\"150\" height=\"102\">MIT und FIT \u2013 Be\u00adgeg\u00adnung durch Be\u00adwe\u00adgung ist selbst\u00adver\u00adst\u00e4nd\u00adlich kos\u00adten\u00adlos und ver\u00adsteht sich nicht als Fit\u00adness\u00adkurs, son\u00addern die ge\u00adsun\u00adde und mo\u00adde\u00adra\u00adte Be\u00adwe\u00adgung steht im Vordergrund.<\/a><\/p>\n<p><!-- <a href=\"https:\/\/www.mehrgenerationenhaus-hassfurt.de\/mgh\/wp-cnt\/uploads\/was_geht_Urkunde_20160303.pdf\" target=\"_blank\" rel=\"noopener noreferrer\"><img loading=\"lazy\" decoding=\"async\" class=\"alignright wp-image-22597\" style=\"margin-top: 0px; margin-bottom: -130px; transform: rotate(10deg);\" src=\"https:\/\/www.mehrgenerationenhaus-hassfurt.de\/mgh\/wp-cnt\/uploads\/was_geht_auszeichnung_188.jpg\" alt=\"Urkunde: &quot;was geht!&quot;\" width=\"120\" height=\"161\" srcset=\"https:\/\/www.mehrgenerationenhaus-hassfurt.de\/mgh\/wp-cnt\/uploads\/was_geht_auszeichnung_188.jpg 188w, https:\/\/www.mehrgenerationenhaus-hassfurt.de\/mgh\/wp-cnt\/uploads\/was_geht_auszeichnung_188-112x150.jpg 112w\" sizes=\"auto, (max-width: 120px) 100vw, 120px\" \/><\/a>--><\/p>\n<div>\n<table>\n<tbody>\n<tr>\n<td style=\"padding-left: 5px; background-color: #c3c3c3; width: 150px;\" align=\"left\" valign=\"top\" width=\"150\"><strong>Wo<\/strong><\/td>\n<td style=\"padding-left: 5px; border-color: #333333; background-color: #f0f0f0; width: 450px;\" align=\"left\" valign=\"top\" width=\"430\">Mehr\u00adge\u00adne\u00adra\u00adtio\u00adnen\u00adhaus Ha\u00dffurt<br>\nBRK Kreis\u00adver\u00adband Ha\u00dfberge<br>\nMarkt\u00adplatz 10<br>\n97437 Ha\u00dffurt&nbsp;<\/td>\n<\/tr>\n<tr>\n<td style=\"padding-left: 5px; background-color: #c3c3c3; width: 150px;\" align=\"left\" valign=\"top\" width=\"150\"><strong>Wann<\/strong><\/td>\n<td style=\"padding-left: 5px; border-color: #333333; background-color: #f0f0f0; width: 480px;\" align=\"left\" valign=\"top\" width=\"430\">Ter\u00admi\u00adne auf Anfrage,<br>\nTreff\u00adpunkt 10:00 Uhr vor dem&nbsp;MGH&nbsp;<\/td>\n<\/tr>\n<tr>\n<td style=\"padding-left: 5px; background-color: #c3c3c3; width: 150px;\" align=\"left\" valign=\"top\" width=\"150\"><strong>Kos\u00adten<\/strong><\/td>\n<td style=\"padding-left: 5px; border-color: #333333; background-color: #f0f0f0; width: 430px;\" align=\"left\" valign=\"top\" width=\"430\">kos\u00adten\u00adlos<\/td>\n<\/tr>\n<tr>\n<td style=\"padding-left: 5px; background-color: #c3c3c3; width: 150px;\" align=\"left\" valign=\"top\" width=\"150\"><strong>An\u00admel\u00addung<\/strong><\/td>\n<td style=\"padding-left: 5px; border-color: #333333; background-color: #f0f0f0; width: 480px;\" align=\"left\" valign=\"top\" width=\"430\">Kei\u00adne An\u00admel\u00addung erforderlich<\/td>\n<\/tr>\n<\/tbody>\n<\/table>\n<\/div>\n","protected":false},"excerpt":{"rendered":"<p>MIT und FIT \u2013 Be\u00adgeg\u00adnung durch Be\u00adwe\u00adgung Spa\u00df an der fri\u00adschen Luft ha\u00adben, mit\u00adein\u00adan\u00adder in Kon\u00adtakt kom\u00admen und ak\u00adtiv wer\u00adden, das ist das Mot\u00adto von MIT und FIT \u2013 Be\u00adgeg\u00adnung durch Be\u00adwe\u00adgung im Mehr\u00adge\u00adne\u00adra\u00adtio\u00adnen\u00adpar\u00adcour in der Pro\u00adme\u00adna\u00adde in Ha\u00df\u00adfurt. MIT und FIT, das in Ko\u00adope\u00adra\u00adtion mit dem Se\u00adnio\u00adren\u00adbei\u00adrat der Stadt Ha\u00df\u00adfurt und dem TV Ha\u00dffurt&nbsp;<\/p>\n<p class=\"excerpt-link\"><a class=\"read-more\" href=\"https:\/\/www.mehrgenerationenhaus-hassfurt.de\/mgh\/angebote\/mit-und-fit-begegnung-durch-bewegung\/\">Read More \u2192<\/a><\/p>\n","protected":false},"author":3,"featured_media":15540,"parent":219,"menu_order":0,"comment_status":"closed","ping_status":"closed","template":"","meta":{"inline_featured_image":false,"wp_typography_post_enhancements_disabled":false,"_mc_calendar":[],"footnotes":""},"class_list":["post-15459","page","type-page","status-publish","has-post-thumbnail","hentry"],"yoast_head":"<!-- This site is optimized with the Yoast SEO plugin v27.3 - https:\/\/yoast.com\/product\/yoast-seo-wordpress\/ -->\n<title>MIT und FIT \u2013 Begegnung durch Bewegung | MGH Ha\u00dffurt<\/title>\n<meta name=\"description\" content=\"MIT und FIT: Gemeinsam auf dem Generationen-Parcours in Ha\u00dffurt - Kooperation mit dem Seniorenbeirat der Stadt und dem TV Ha\u00dffurt.\" \/>\n<meta name=\"robots\" content=\"index, follow, max-snippet:-1, max-image-preview:large, max-video-preview:-1\" \/>\n<link rel=\"canonical\" href=\"https:\/\/www.mehrgenerationenhaus-hassfurt.de\/mgh\/angebote\/mit-und-fit-begegnung-durch-bewegung\/\" \/>\n<meta property=\"og:locale\" content=\"de_DE\" \/>\n<meta property=\"og:type\" content=\"article\" \/>\n<meta property=\"og:title\" content=\"MIT und FIT \u2013 Begegnung durch Bewegung | MGH Ha\u00dffurt\" \/>\n<meta property=\"og:description\" content=\"MIT und FIT: Gemeinsam auf dem Generationen-Parcours in Ha\u00dffurt - Kooperation mit dem Seniorenbeirat der Stadt und dem TV Ha\u00dffurt.\" \/>\n<meta property=\"og:url\" content=\"https:\/\/www.mehrgenerationenhaus-hassfurt.de\/mgh\/angebote\/mit-und-fit-begegnung-durch-bewegung\/\" \/>\n<meta property=\"og:site_name\" content=\"Mehrgenerationenhaus Ha\u00dffurt\" \/>\n<meta property=\"article:publisher\" content=\"https:\/\/de-de.facebook.com\/mehrgenerationenhausHAS\/\" \/>\n<meta property=\"article:modified_time\" content=\"2025-01-27T19:33:59+00:00\" \/>\n<!-- \/ Yoast SEO plugin. -->","yoast_head_json":{"title":"MIT und FIT \u2013 Begegnung durch Bewegung | MGH Ha\u00dffurt","description":"MIT und FIT: Gemeinsam auf dem Generationen-Parcours in Ha\u00dffurt - Kooperation mit dem Seniorenbeirat der Stadt und dem TV Ha\u00dffurt.","robots":{"index":"index","follow":"follow","max-snippet":"max-snippet:-1","max-image-preview":"max-image-preview:large","max-video-preview":"max-video-preview:-1"},"canonical":"https:\/\/www.mehrgenerationenhaus-hassfurt.de\/mgh\/angebote\/mit-und-fit-begegnung-durch-bewegung\/","og_locale":"de_DE","og_type":"article","og_title":"MIT und FIT \u2013 Begegnung durch Bewegung | MGH Ha\u00dffurt","og_description":"MIT und FIT: Gemeinsam auf dem Generationen-Parcours in Ha\u00dffurt - Kooperation mit dem Seniorenbeirat der Stadt und dem TV Ha\u00dffurt.","og_url":"https:\/\/www.mehrgenerationenhaus-hassfurt.de\/mgh\/angebote\/mit-und-fit-begegnung-durch-bewegung\/","og_site_name":"Mehrgenerationenhaus Ha\u00dffurt","article_publisher":"https:\/\/de-de.facebook.com\/mehrgenerationenhausHAS\/","article_modified_time":"2025-01-27T19:33:59+00:00","schema":{"@context":"https:\/\/schema.org","@graph":[{"@type":"WebPage","@id":"https:\/\/www.mehrgenerationenhaus-hassfurt.de\/mgh\/angebote\/mit-und-fit-begegnung-durch-bewegung\/","url":"https:\/\/www.mehrgenerationenhaus-hassfurt.de\/mgh\/angebote\/mit-und-fit-begegnung-durch-bewegung\/","name":"MIT und FIT \u2013 Begegnung durch Bewegung | MGH Ha\u00dffurt","isPartOf":{"@id":"https:\/\/www.mehrgenerationenhaus-hassfurt.de\/mgh\/#website"},"primaryImageOfPage":{"@id":"https:\/\/www.mehrgenerationenhaus-hassfurt.de\/mgh\/angebote\/mit-und-fit-begegnung-durch-bewegung\/#primaryimage"},"image":{"@id":"https:\/\/www.mehrgenerationenhaus-hassfurt.de\/mgh\/angebote\/mit-und-fit-begegnung-durch-bewegung\/#primaryimage"},"thumbnailUrl":"","datePublished":"2015-06-22T09:53:39+00:00","dateModified":"2025-01-27T19:33:59+00:00","description":"MIT und FIT: Gemeinsam auf dem Generationen-Parcours in Ha\u00dffurt - Kooperation mit dem Seniorenbeirat der Stadt und dem TV Ha\u00dffurt.","breadcrumb":{"@id":"https:\/\/www.mehrgenerationenhaus-hassfurt.de\/mgh\/angebote\/mit-und-fit-begegnung-durch-bewegung\/#breadcrumb"},"inLanguage":"de","potentialAction":[{"@type":"ReadAction","target":["https:\/\/www.mehrgenerationenhaus-hassfurt.de\/mgh\/angebote\/mit-und-fit-begegnung-durch-bewegung\/"]}]},{"@type":"ImageObject","inLanguage":"de","@id":"https:\/\/www.mehrgenerationenhaus-hassfurt.de\/mgh\/angebote\/mit-und-fit-begegnung-durch-bewegung\/#primaryimage","url":"","contentUrl":""},{"@type":"BreadcrumbList","@id":"https:\/\/www.mehrgenerationenhaus-hassfurt.de\/mgh\/angebote\/mit-und-fit-begegnung-durch-bewegung\/#breadcrumb","itemListElement":[{"@type":"ListItem","position":1,"name":"Startseite","item":"https:\/\/www.mehrgenerationenhaus-hassfurt.de\/mgh\/"},{"@type":"ListItem","position":2,"name":"Angebote und Dienstleistungen","item":"https:\/\/www.mehrgenerationenhaus-hassfurt.de\/mgh\/angebote\/"},{"@type":"ListItem","position":3,"name":"MIT und FIT \u2013 Begegnung durch Bewegung"}]},{"@type":"WebSite","@id":"https:\/\/www.mehrgenerationenhaus-hassfurt.de\/mgh\/#website","url":"https:\/\/www.mehrgenerationenhaus-hassfurt.de\/mgh\/","name":"Mehrgenerationenhaus Ha\u00dffurt","description":"Mehrgenerationenhaus Ha\u00dffurt","publisher":{"@id":"https:\/\/www.mehrgenerationenhaus-hassfurt.de\/mgh\/#organization"},"potentialAction":[{"@type":"SearchAction","target":{"@type":"EntryPoint","urlTemplate":"https:\/\/www.mehrgenerationenhaus-hassfurt.de\/mgh\/?s={search_term_string}"},"query-input":{"@type":"PropertyValueSpecification","valueRequired":true,"valueName":"search_term_string"}}],"inLanguage":"de"},{"@type":"Organization","@id":"https:\/\/www.mehrgenerationenhaus-hassfurt.de\/mgh\/#organization","name":"Mehrgenerationenhaus Ha\u00dffurt","url":"https:\/\/www.mehrgenerationenhaus-hassfurt.de\/mgh\/","logo":{"@type":"ImageObject","inLanguage":"de","@id":"https:\/\/www.mehrgenerationenhaus-hassfurt.de\/mgh\/#\/schema\/logo\/image\/","url":"https:\/\/www.mehrgenerationenhaus-hassfurt.de\/mgh\/wp-cnt\/uploads\/MGH_Logo_2020_hassfurt-scaled.jpg","contentUrl":"https:\/\/www.mehrgenerationenhaus-hassfurt.de\/mgh\/wp-cnt\/uploads\/MGH_Logo_2020_hassfurt-scaled.jpg","width":2560,"height":1162,"caption":"Mehrgenerationenhaus Ha\u00dffurt"},"image":{"@id":"https:\/\/www.mehrgenerationenhaus-hassfurt.de\/mgh\/#\/schema\/logo\/image\/"},"sameAs":["https:\/\/de-de.facebook.com\/mehrgenerationenhausHAS\/"]}]}},"publishpress_future_workflow_manual_trigger":{"enabledWorkflows":[]},"_links":{"self":[{"href":"https:\/\/www.mehrgenerationenhaus-hassfurt.de\/mgh\/wp-json\/wp\/v2\/pages\/15459","targetHints":{"allow":["GET"]}}],"collection":[{"href":"https:\/\/www.mehrgenerationenhaus-hassfurt.de\/mgh\/wp-json\/wp\/v2\/pages"}],"about":[{"href":"https:\/\/www.mehrgenerationenhaus-hassfurt.de\/mgh\/wp-json\/wp\/v2\/types\/page"}],"author":[{"embeddable":true,"href":"https:\/\/www.mehrgenerationenhaus-hassfurt.de\/mgh\/wp-json\/wp\/v2\/users\/3"}],"replies":[{"embeddable":true,"href":"https:\/\/www.mehrgenerationenhaus-hassfurt.de\/mgh\/wp-json\/wp\/v2\/comments?post=15459"}],"version-history":[{"count":0,"href":"https:\/\/www.mehrgenerationenhaus-hassfurt.de\/mgh\/wp-json\/wp\/v2\/pages\/15459\/revisions"}],"up":[{"embeddable":true,"href":"https:\/\/www.mehrgenerationenhaus-hassfurt.de\/mgh\/wp-json\/wp\/v2\/pages\/219"}],"wp:featuredmedia":[{"embeddable":true,"href":"https:\/\/www.mehrgenerationenhaus-hassfurt.de\/mgh\/wp-json\/"}],"wp:attachment":[{"href":"https:\/\/www.mehrgenerationenhaus-hassfurt.de\/mgh\/wp-json\/wp\/v2\/media?parent=15459"}],"curies":[{"name":"wp","href":"https:\/\/api.w.org\/{rel}","templated":true}]}}