{"id":1718,"date":"2012-07-02T15:32:55","date_gmt":"2012-07-02T13:32:55","guid":{"rendered":"https:\/\/www.mehrgenerationenhaus-hassfurt.de\/wp\/?page_id=1718"},"modified":"2022-10-26T14:44:47","modified_gmt":"2022-10-26T12:44:47","slug":"leuchtturmstandort-stark-fuer-erfolg","status":"publish","type":"page","link":"https:\/\/www.mehrgenerationenhaus-hassfurt.de\/mgh\/unser-mgh\/leuchtturmstandort-stark-fuer-erfolg\/","title":{"rendered":"Leuchtturmstandort: <span class=\"push-double\"><\/span>\u200b<span class=\"pull-double\">\u201e<\/span>stark f\u00fcr Erfolg\u201c"},"content":{"rendered":"<hr size=\"1\" width=\"575\">\n<h2><span style=\"color: #cc0033;\"><strong>Stark f\u00fcr Erfolg.<\/strong><\/span><\/h2>\n<h3><span style=\"color: #808080;\">Begleitung von Kind und Familie bei Bildungs\u00fcberg\u00e4ngen.&nbsp;<\/span><\/h3>\n<p style=\"text-align: center;\">\n<\/p><p><a href=\"https:\/\/www.mehrgenerationenhaus-hassfurt.de\/img\/fwp\/stark_kinder.jpg\" data-src=\"https:\/\/www.mehrgenerationenhaus-hassfurt.de\/img\/fwp\/stark_kinder.jpg\" data-thumb=\"https:\/\/www.mehrgenerationenhaus-hassfurt.de\/img\/fwp\/stark_kinder.jpg\" class=\"ml-lightbox-enabled\"><img loading=\"lazy\" decoding=\"async\" class=\"alignright size-full wp-image-1726\" title=\"stark_kinder\" src=\"https:\/\/www.mehrgenerationenhaus-hassfurt.de\/img\/fwp\/stark_kinder.jpg\" alt=\"Leuchtturmstandort. Fotogestaltung: www.verb.de\" width=\"315\" height=\"424\"><\/a><span style=\"color: #cc0033;\"><strong>Ziel<\/strong><\/span> des Pro\u00adjekts ist die St\u00e4r\u00adkung der el\u00adter\u00adli\u00adchen Kom\u00adpe\u00adtenz zur Be\u00adglei\u00adtung der Bil\u00addungs\u00adver\u00adl\u00e4u\u00adfe ih\u00adrer Kin\u00adder. M\u00e4d\u00adchen und Jun\u00adgen ver\u00adschie\u00adde\u00adner so\u00adzia\u00adler und kul\u00adtu\u00adrel\u00adler Her\u00adkunft sol\u00adlen da\u00addurch ihre Ta\u00adlen\u00adte er\u00adfolg\u00adreich ent\u00adwi\u00adckeln und zu eigenverantwort\u00adlichen und ge\u00admein\u00adschafts\u00adf\u00e4\u00adhi\u00adgen Per\u00ads\u00f6n\u00adlich\u00adkei\u00adten her\u00adan\u00adwach\u00adsen. Durch die Zu\u00adsam\u00admen\u00adar\u00adbeit unter\u00adschiedlicher Ak\u00adteu\u00adre wie Kinder\u2011, Ju\u00adgend- und Fa\u00admi\u00adli\u00aden\u00adhil\u00adfe, Schu\u00adlen und Mi\u00adgran\u00adten\u00ador\u00adga\u00adni\u00adsa\u00adtio\u00adnen wer\u00adden an den Pro\u00adjekt\u00adstand\u00ador\u00adten neue Zu\u00adgangs\u00adwe\u00adge und trag\u00adf\u00e4\u00adhi\u00adge Netz\u00adwer\u00adke entwickelt.<\/p>\n<p><span style=\"color: #cc0033;\"><strong>Bil\u00addung<\/strong><\/span> wird im Pro\u00adjekt in ei\u00adnem wei\u00adten Sin\u00adne ver\u00adstan\u00adden und nicht auf Schul\u00aderfolg ein\u00adge\u00adengt. Die Span\u00adne der The\u00admen reicht von der fr\u00fc\u00adhen F\u00f6r\u00adde\u00adrung \u00fcber mi\u00adgra\u00adti\u00adons\u00adspe\u00adzi\u00adfi\u00adsche Fra\u00adge\u00adstel\u00adlun\u00adgen bis hin zu den kon\u00adkre\u00adten Bil\u00addungs\u00adent\u00adschei\u00addun\u00adgen und da\u00admit ver\u00adbun\u00adde\u00adnen Ver\u00ad\u00e4n\u00adde\u00adrun\u00adgen f\u00fcr Kin\u00adder und El\u00adtern. Da\u00adbei wer\u00adden alle Bil\u00addungs\u00ad\u00fcber\u00adg\u00e4n\u00adge be\u00adtrach\u00adtet: der \u00dcber\u00adgang in die Kin\u00adder\u00adta\u00adges\u00adst\u00e4t\u00adte, Grund\u00adschu\u00adle, wei\u00adter\u00adf\u00fch\u00adren\u00adde Schu\u00adle und in die Ausbildung.<\/p>\n<p>\u2192 <span style=\"font-family: Arial; font-size: small;\"><a title=\"Urkunde: Auszeichnung als Leuchtturm-Standort\" href=\"https:\/\/www.mehrgenerationenhaus-hassfurt.de\/img\/fwp\/Stark_f\u00fcr_erfolg_Urkunde_Hassfurt.pdf\" target=\"_blank\" rel=\"noopener noreferrer\">Ur\u00adkun\u00adde: Aus\u00adzeich\u00adnung als Leuchtturm-Standort<\/a><\/span><br>\n\u2192 <span style=\"font-family: Arial; font-size: small;\"><a href=\"https:\/\/www.mehrgenerationenhaus-hassfurt.de\/mgh\/elterncafe-eroffnet\/\">Kurz\u00admel\u00addung zur Er\u00f6ffnungsveranstaltung<\/a><\/span><br>\n\u2192 <span style=\"font-family: Arial; font-size: small;\"><a title=\"Artikel: &quot;Familienmesse 2013 in Knetzgau&quot;\" href=\"https:\/\/www.mehrgenerationenhaus-hassfurt.de\/mgh\/familienmesse-2013-in-knetzgau\/\">Ar\u00adti\u00adkel: <span class=\"push-double\"><\/span>\u200b<span class=\"pull-double\">\u201e<\/span>Fa\u00admi\u00adli\u00aden\u00admes\u00adse 2013 in Knetzgau\u201c<\/a><\/span><\/p>\n","protected":false},"excerpt":{"rendered":"<p>Stark f\u00fcr Er\u00adfolg. Be\u00adglei\u00adtung von Kind und Fa\u00admi\u00adlie bei Bil\u00addungs\u00ad\u00fcber\u00adg\u00e4n\u00adgen.&nbsp; Ziel des Pro\u00adjekts ist die St\u00e4r\u00adkung der el\u00adter\u00adli\u00adchen Kom\u00adpe\u00adtenz zur Be\u00adglei\u00adtung der Bil\u00addungs\u00adver\u00adl\u00e4u\u00adfe ih\u00adrer Kin\u00adder. M\u00e4d\u00adchen und Jun\u00adgen ver\u00adschie\u00adde\u00adner so\u00adzia\u00adler und kul\u00adtu\u00adrel\u00adler Her\u00adkunft sol\u00adlen da\u00addurch ihre Ta\u00adlen\u00adte er\u00adfolg\u00adreich ent\u00adwi\u00adckeln und zu eigenverantwort\u00adlichen und ge\u00admein\u00adschafts\u00adf\u00e4\u00adhi\u00adgen Per\u00ads\u00f6n\u00adlich\u00adkei\u00adten her\u00adan\u00adwach\u00adsen. Durch die Zu\u00adsam\u00admen\u00adar\u00adbeit unter\u00adschiedlicher Ak\u00adteu\u00adre wie Kinder\u2011, Ju\u00ad\u00adgend- und&nbsp;<\/p>\n<p class=\"excerpt-link\"><a class=\"read-more\" href=\"https:\/\/www.mehrgenerationenhaus-hassfurt.de\/mgh\/unser-mgh\/leuchtturmstandort-stark-fuer-erfolg\/\">Read More \u2192<\/a><\/p>\n","protected":false},"author":3,"featured_media":1721,"parent":12,"menu_order":6,"comment_status":"closed","ping_status":"closed","template":"","meta":{"inline_featured_image":false,"wp_typography_post_enhancements_disabled":false,"_mc_calendar":[],"footnotes":""},"class_list":["post-1718","page","type-page","status-publish","has-post-thumbnail","hentry"],"yoast_head":"<!-- This site is optimized with the Yoast SEO plugin v27.5 - https:\/\/yoast.com\/product\/yoast-seo-wordpress\/ -->\n<title>Leuchtturmstandort: &quot;stark f\u00fcr Erfolg&quot; | Mehrgenerationenhaus Ha\u00dffurt<\/title>\n<meta name=\"description\" content=\"Leuchtturmstandort: &quot;stark f\u00fcr Erfolg&quot;: Begleitung von Kind und Familie bei Bildungs\u00fcberg\u00e4ngen, St\u00e4rkung elterlicher Kompetenz\" \/>\n<meta name=\"robots\" content=\"index, follow, max-snippet:-1, max-image-preview:large, max-video-preview:-1\" \/>\n<link rel=\"canonical\" href=\"https:\/\/www.mehrgenerationenhaus-hassfurt.de\/mgh\/unser-mgh\/leuchtturmstandort-stark-fuer-erfolg\/\" \/>\n<meta property=\"og:locale\" content=\"de_DE\" \/>\n<meta property=\"og:type\" content=\"article\" \/>\n<meta property=\"og:title\" content=\"Leuchtturmstandort: &quot;stark f\u00fcr Erfolg&quot; | Mehrgenerationenhaus Ha\u00dffurt\" \/>\n<meta property=\"og:description\" content=\"Leuchtturmstandort: &quot;stark f\u00fcr Erfolg&quot;: Begleitung von Kind und Familie bei Bildungs\u00fcberg\u00e4ngen, St\u00e4rkung elterlicher Kompetenz\" \/>\n<meta property=\"og:url\" content=\"https:\/\/www.mehrgenerationenhaus-hassfurt.de\/mgh\/unser-mgh\/leuchtturmstandort-stark-fuer-erfolg\/\" \/>\n<meta property=\"og:site_name\" content=\"Mehrgenerationenhaus Ha\u00dffurt\" \/>\n<meta property=\"article:publisher\" content=\"https:\/\/de-de.facebook.com\/mehrgenerationenhausHAS\/\" \/>\n<meta property=\"article:modified_time\" content=\"2022-10-26T12:44:47+00:00\" \/>\n<!-- \/ Yoast SEO plugin. -->","yoast_head_json":{"title":"Leuchtturmstandort: \"stark f\u00fcr Erfolg\" | Mehrgenerationenhaus Ha\u00dffurt","description":"Leuchtturmstandort: \"stark f\u00fcr Erfolg\": Begleitung von Kind und Familie bei Bildungs\u00fcberg\u00e4ngen, St\u00e4rkung elterlicher Kompetenz","robots":{"index":"index","follow":"follow","max-snippet":"max-snippet:-1","max-image-preview":"max-image-preview:large","max-video-preview":"max-video-preview:-1"},"canonical":"https:\/\/www.mehrgenerationenhaus-hassfurt.de\/mgh\/unser-mgh\/leuchtturmstandort-stark-fuer-erfolg\/","og_locale":"de_DE","og_type":"article","og_title":"Leuchtturmstandort: \"stark f\u00fcr Erfolg\" | Mehrgenerationenhaus Ha\u00dffurt","og_description":"Leuchtturmstandort: \"stark f\u00fcr Erfolg\": Begleitung von Kind und Familie bei Bildungs\u00fcberg\u00e4ngen, St\u00e4rkung elterlicher Kompetenz","og_url":"https:\/\/www.mehrgenerationenhaus-hassfurt.de\/mgh\/unser-mgh\/leuchtturmstandort-stark-fuer-erfolg\/","og_site_name":"Mehrgenerationenhaus Ha\u00dffurt","article_publisher":"https:\/\/de-de.facebook.com\/mehrgenerationenhausHAS\/","article_modified_time":"2022-10-26T12:44:47+00:00","schema":{"@context":"https:\/\/schema.org","@graph":[{"@type":"WebPage","@id":"https:\/\/www.mehrgenerationenhaus-hassfurt.de\/mgh\/unser-mgh\/leuchtturmstandort-stark-fuer-erfolg\/","url":"https:\/\/www.mehrgenerationenhaus-hassfurt.de\/mgh\/unser-mgh\/leuchtturmstandort-stark-fuer-erfolg\/","name":"Leuchtturmstandort: \"stark f\u00fcr Erfolg\" | Mehrgenerationenhaus Ha\u00dffurt","isPartOf":{"@id":"https:\/\/www.mehrgenerationenhaus-hassfurt.de\/mgh\/#website"},"primaryImageOfPage":{"@id":"https:\/\/www.mehrgenerationenhaus-hassfurt.de\/mgh\/unser-mgh\/leuchtturmstandort-stark-fuer-erfolg\/#primaryimage"},"image":{"@id":"https:\/\/www.mehrgenerationenhaus-hassfurt.de\/mgh\/unser-mgh\/leuchtturmstandort-stark-fuer-erfolg\/#primaryimage"},"thumbnailUrl":"","datePublished":"2012-07-02T13:32:55+00:00","dateModified":"2022-10-26T12:44:47+00:00","description":"Leuchtturmstandort: \"stark f\u00fcr Erfolg\": Begleitung von Kind und Familie bei Bildungs\u00fcberg\u00e4ngen, St\u00e4rkung elterlicher Kompetenz","breadcrumb":{"@id":"https:\/\/www.mehrgenerationenhaus-hassfurt.de\/mgh\/unser-mgh\/leuchtturmstandort-stark-fuer-erfolg\/#breadcrumb"},"inLanguage":"de","potentialAction":[{"@type":"ReadAction","target":["https:\/\/www.mehrgenerationenhaus-hassfurt.de\/mgh\/unser-mgh\/leuchtturmstandort-stark-fuer-erfolg\/"]}]},{"@type":"ImageObject","inLanguage":"de","@id":"https:\/\/www.mehrgenerationenhaus-hassfurt.de\/mgh\/unser-mgh\/leuchtturmstandort-stark-fuer-erfolg\/#primaryimage","url":"","contentUrl":""},{"@type":"BreadcrumbList","@id":"https:\/\/www.mehrgenerationenhaus-hassfurt.de\/mgh\/unser-mgh\/leuchtturmstandort-stark-fuer-erfolg\/#breadcrumb","itemListElement":[{"@type":"ListItem","position":1,"name":"Startseite","item":"https:\/\/www.mehrgenerationenhaus-hassfurt.de\/mgh\/"},{"@type":"ListItem","position":2,"name":"Unser MGH: Mehrgenerationenhaus Ha\u00dffurt","item":"https:\/\/www.mehrgenerationenhaus-hassfurt.de\/mgh\/unser-mgh\/"},{"@type":"ListItem","position":3,"name":"Leuchtturmstandort: \u200b\u201estark f\u00fcr Erfolg\u201c"}]},{"@type":"WebSite","@id":"https:\/\/www.mehrgenerationenhaus-hassfurt.de\/mgh\/#website","url":"https:\/\/www.mehrgenerationenhaus-hassfurt.de\/mgh\/","name":"Mehrgenerationenhaus Ha\u00dffurt","description":"Mehrgenerationenhaus Ha\u00dffurt","publisher":{"@id":"https:\/\/www.mehrgenerationenhaus-hassfurt.de\/mgh\/#organization"},"potentialAction":[{"@type":"SearchAction","target":{"@type":"EntryPoint","urlTemplate":"https:\/\/www.mehrgenerationenhaus-hassfurt.de\/mgh\/?s={search_term_string}"},"query-input":{"@type":"PropertyValueSpecification","valueRequired":true,"valueName":"search_term_string"}}],"inLanguage":"de"},{"@type":"Organization","@id":"https:\/\/www.mehrgenerationenhaus-hassfurt.de\/mgh\/#organization","name":"Mehrgenerationenhaus Ha\u00dffurt","url":"https:\/\/www.mehrgenerationenhaus-hassfurt.de\/mgh\/","logo":{"@type":"ImageObject","inLanguage":"de","@id":"https:\/\/www.mehrgenerationenhaus-hassfurt.de\/mgh\/#\/schema\/logo\/image\/","url":"https:\/\/www.mehrgenerationenhaus-hassfurt.de\/mgh\/wp-cnt\/uploads\/MGH_Logo_2020_hassfurt-scaled.jpg","contentUrl":"https:\/\/www.mehrgenerationenhaus-hassfurt.de\/mgh\/wp-cnt\/uploads\/MGH_Logo_2020_hassfurt-scaled.jpg","width":2560,"height":1162,"caption":"Mehrgenerationenhaus Ha\u00dffurt"},"image":{"@id":"https:\/\/www.mehrgenerationenhaus-hassfurt.de\/mgh\/#\/schema\/logo\/image\/"},"sameAs":["https:\/\/de-de.facebook.com\/mehrgenerationenhausHAS\/"]}]}},"publishpress_future_workflow_manual_trigger":{"enabledWorkflows":[]},"_links":{"self":[{"href":"https:\/\/www.mehrgenerationenhaus-hassfurt.de\/mgh\/wp-json\/wp\/v2\/pages\/1718","targetHints":{"allow":["GET"]}}],"collection":[{"href":"https:\/\/www.mehrgenerationenhaus-hassfurt.de\/mgh\/wp-json\/wp\/v2\/pages"}],"about":[{"href":"https:\/\/www.mehrgenerationenhaus-hassfurt.de\/mgh\/wp-json\/wp\/v2\/types\/page"}],"author":[{"embeddable":true,"href":"https:\/\/www.mehrgenerationenhaus-hassfurt.de\/mgh\/wp-json\/wp\/v2\/users\/3"}],"replies":[{"embeddable":true,"href":"https:\/\/www.mehrgenerationenhaus-hassfurt.de\/mgh\/wp-json\/wp\/v2\/comments?post=1718"}],"version-history":[{"count":0,"href":"https:\/\/www.mehrgenerationenhaus-hassfurt.de\/mgh\/wp-json\/wp\/v2\/pages\/1718\/revisions"}],"up":[{"embeddable":true,"href":"https:\/\/www.mehrgenerationenhaus-hassfurt.de\/mgh\/wp-json\/wp\/v2\/pages\/12"}],"wp:featuredmedia":[{"embeddable":true,"href":"https:\/\/www.mehrgenerationenhaus-hassfurt.de\/mgh\/wp-json\/"}],"wp:attachment":[{"href":"https:\/\/www.mehrgenerationenhaus-hassfurt.de\/mgh\/wp-json\/wp\/v2\/media?parent=1718"}],"curies":[{"name":"wp","href":"https:\/\/api.w.org\/{rel}","templated":true}]}}