{"id":21690,"date":"2015-11-20T13:00:28","date_gmt":"2015-11-20T12:00:28","guid":{"rendered":"https:\/\/www.mehrgenerationenhaus-hassfurt.de\/mgh\/?page_id=21690"},"modified":"2021-07-19T14:53:45","modified_gmt":"2021-07-19T12:53:45","slug":"betreuungsnetzwerk-generationen","status":"publish","type":"page","link":"https:\/\/www.mehrgenerationenhaus-hassfurt.de\/mgh\/betreuungsnetzwerk-generationen\/","title":{"rendered":"Betreuungsnetzwerk f\u00fcr alle Generationen"},"content":{"rendered":"<p><img loading=\"lazy\" decoding=\"async\" src=\"https:\/\/www.mehrgenerationenhaus-hassfurt.de\/mgh\/wp-cnt\/uploads\/rr_Betreuungsnetzw1_c580.jpg\" alt=\"Betreuungsnetzwerk f\u00fcr alle Generationen (Fotos: Ren\u00e9 Ruprecht)\" width=\"580\" height=\"191\" class=\"alignnone size-full wp-image-51723\" srcset=\"https:\/\/www.mehrgenerationenhaus-hassfurt.de\/mgh\/wp-cnt\/uploads\/rr_Betreuungsnetzw1_c580.jpg 580w, https:\/\/www.mehrgenerationenhaus-hassfurt.de\/mgh\/wp-cnt\/uploads\/rr_Betreuungsnetzw1_c580-300x99.jpg 300w\" sizes=\"auto, (max-width: 580px) 100vw, 580px\"><\/p>\n<p>Als Be\u00adtreu\u00adungs\u00adnetz\u00adwerk f\u00fcr alle Ge\u00adne\u00adra\u00adtio\u00adnen ist das Mehr\u00adge\u00adne\u00adra\u00adtio\u00adnen\u00adhaus Ha\u00df\u00adfurt An\u00adlauf\u00adstel\u00adle f\u00fcr in\u00addi\u00advi\u00addu\u00adel\u00adle, fle\u00adxi\u00adble und nied\u00adrig\u00adschwel\u00adli\u00adge An\u00adge\u00adbo\u00adte f\u00fcr Fa\u00admi\u00adli\u00aden in der Stadt Ha\u00df\u00adfurt und im Land\u00adkreis Ha\u00dfberge.&nbsp;<\/p>\n<p>Mit un\u00adse\u00adren fa\u00admi\u00adli\u00aden\u00adun\u00adter\u00adst\u00fct\u00adzen\u00adden Dienst\u00adleis\u00adtun\u00adgen re\u00adagie\u00adren wir auf die Be\u00addar\u00adfe und Be\u00add\u00fcrf\u00adnis\u00adse von Fa\u00admi\u00adli\u00aden vor&nbsp;Ort.&nbsp;<\/p>\n<ul>\n<li style=\"font-size: 16px;\">Mit\u00adten am Markt\u00adplatz in Ha\u00df\u00adfurt sind wir An\u00adlauf\u00adstel\u00adle f\u00fcr Fa\u00admi\u00adli\u00aden al\u00adler Ge\u00adne\u00adra\u00adtio\u00adnen. Un\u00adse\u00adre \u00d6ff\u00adnungs\u00adzei\u00adten er\u00adlau\u00adben es auch Be\u00adrufs\u00adt\u00e4\u00adti\u00adgen, zu uns zu kommen.&nbsp;<\/li>\n<li style=\"font-size: 16px;>Von den Kleinsten \u00fcber Schulkinder bis hin zu Hochbetagten, vom Geburtsvorbereitungskurs bis zur Betreuungsgruppe \u2013 wir haben f\u00fcr jedes Alter das passende Angebot, vom dem die ganze Familie profitiert  <\/li>\n<li style=\" font-size:>Ohne Ter\u00admin, mit ei\u00adner durch\u00adg\u00e4n\u00adgig be\u00adsetz\u00adte Ko\u00ador\u00addi\u00adnie\u00adrungs\u00adstel\u00adle und ei\u00adnem gro\u00ad\u00dfen Netz\u00adwerk be\u00adra\u00adten und ent\u00adlas\u00adten wir Fa\u00admi\u00adli\u00aden ganz un\u00adb\u00fc\u00adro\u00adkra\u00adtisch, vor al\u00adlem wenn es um die The\u00admen in\u00addi\u00advi\u00addu\u00adel\u00adle Be\u00adtreu\u00adung, Fe\u00adri\u00aden\u00adbe\u00adtreu\u00adung oder Pfle\u00adge&nbsp;geht<\/li>\n<li style=\"font-size: 16px;>Mit freiwillig Engagierten B\u00fcrgerinnen und B\u00fcrgern und unserem MGH-Expertennetzwerk schlie\u00dfen wir L\u00fccken in der Betreuungslandschaft mit einem Netzwerk, das alle Generationen umfasst<\/li>\n<li style=\" font-size:>wir sind An\u00adsprech\u00adpart\u00adner f\u00fcr Un\u00adter\u00adneh\u00admen in Stadt und Land\u00adkreis und ent\u00adwi\u00adckeln ge\u00admein\u00adsam pass\u00adge\u00adnaue An\u00adge\u00adbo\u00adte f\u00fcr die Fir\u00adma und ihre Mitarbeitenden<\/li>\n<\/ul>\n<p><img loading=\"lazy\" decoding=\"async\" src=\"https:\/\/www.mehrgenerationenhaus-hassfurt.de\/mgh\/wp-cnt\/uploads\/rr_Betreuungsnetzw2_c580.jpg\" alt=\"Betreuungsnetzwerk f\u00fcr alle Generationen (Fotos: Ren\u00e9 Ruprecht)\" width=\"580\" height=\"125\" class=\"alignnone size-full wp-image-51724\" srcset=\"https:\/\/www.mehrgenerationenhaus-hassfurt.de\/mgh\/wp-cnt\/uploads\/rr_Betreuungsnetzw2_c580.jpg 580w, https:\/\/www.mehrgenerationenhaus-hassfurt.de\/mgh\/wp-cnt\/uploads\/rr_Betreuungsnetzw2_c580-300x65.jpg 300w\" sizes=\"auto, (max-width: 580px) 100vw, 580px\"><\/p>\n<p>Ge\u00adf\u00f6r\u00addert durch die Baye\u00adri\u00adsche Staats\u00adre\u00adgie\u00adrung steht in un\u00adse\u00adrem Be\u00adtreu\u00adungs\u00adnetz\u00adwerk f\u00fcr alle Ge\u00adne\u00adra\u00adtio\u00adnen vor al\u00adlem die bes\u00adse\u00adre <strong>Ver\u00adein\u00adbar\u00adkeit von Fa\u00admi\u00adlie und Be\u00adruf<\/strong> so\u00adwie <strong>Fa\u00admi\u00adlie und Pfle\u00adge<\/strong> im Fokus.&nbsp;<\/p>\n<p>Hier kom\u00admen Sie zu un\u00adse\u00adren An\u00adge\u00adbo\u00adten im Be\u00adtreu\u00adungs\u00adnetz\u00adwerk f\u00fcr alle Generationen:&nbsp;<\/p>\n<p><strong> <a href=\"https:\/\/www.mehrgenerationenhaus-hassfurt.de\/mgh\/angebote-familien\/\">&gt; F\u00fcr Fa\u00admi\u00adli\u00aden \u2013 mit Fa\u00admi\u00adli\u00aden<\/a> <\/strong><\/p>\n<p><strong> <a href=\"https:\/\/www.mehrgenerationenhaus-hassfurt.de\/mgh\/angebote-senioren-und-angehoerige\/\">&gt; F\u00fcr Se\u00adnio\u00adrin\u00adnen und Se\u00adnio\u00adren und de\u00adren An\u00adge\u00adh\u00f6\u00adri\u00adge<\/a> <\/strong><\/p>\n<p>Im Rah\u00admen des\u00adsen ar\u00adbei\u00adten wir mit re\u00adgio\u00adna\u00adlen Un\u00adter\u00adneh\u00admen und ei\u00adnem gro\u00ad\u00dfen Netz\u00adwerk zu\u00adsam\u00admen, zum Auf- und Aus\u00adbau von fa\u00admi\u00adli\u00aden\u00adfreund\u00adli\u00adchen Ma\u00df\u00adnah\u00admen f\u00fcr Fa\u00admi\u00adli\u00aden und Mit\u00adar\u00adbei\u00adten\u00adde in Be\u00adtrie\u00adben. Zu un\u00adse\u00adren Part\u00adnern z\u00e4h\u00adlen zum Bei\u00adspiel die Unternehmen<\/p>\n<ul>\n<li style=\"font-size: 16px;\">Fa. Fr\u00e4n\u00adki\u00adsche Roh\u00adwer\u00adke in K\u00f6nigsberg&nbsp;<\/li>\n<li style=\"font-size: 16px;\">Fa. Upo\u00adnor in Ha\u00dffurt<\/li>\n<li style=\"font-size: 16px;\">Spar\u00adkas\u00adse Schwein\u00adfurt-Ha\u00df\u00adber\u00adge in Ha\u00dffurt&nbsp;<\/li>\n<\/ul>\n<p>Wei\u00adte\u00adre In\u00adter\u00ades\u00adsen\u00adten sind je\u00adder\u00adzeit herz\u00adlich willkommen!&nbsp;<\/p>\n<p style=\"text-align: center;\"><span style=\"font-size: 13px;\">Das Be\u00adtreu\u00adungs\u00adnetz\u00adwerk f\u00fcr alle Ge\u00adne\u00adra\u00adtio\u00adnen am Stand\u00adort Mehr\u00adge\u00adne\u00adra\u00adtio\u00adnen\u00adhaus Ha\u00dffurt<br>\nwird aus Mit\u00adteln des Baye\u00adri\u00adschen Staats\u00admi\u00adnis\u00adte\u00adri\u00adums f\u00fcr Ar\u00adbeit, So\u00adzia\u00adles, Fa\u00admi\u00adlie und In\u00adte\u00adgra\u00adti\u00adon gef\u00f6rdert.<\/span><\/p>\n<div class=\"content-column two_third\"><a href=\"https:\/\/www.stmas.bayern.de\/\" target=\"_blank\" rel=\"noopener noreferrer\"><img decoding=\"async\" src=\"https:\/\/www.mehrgenerationenhaus-hassfurt.de\/mgh\/wp-cnt\/uploads\/StMAS-WBM-2018_2zli_rgb_580.jpg\" alt=\"Das Projekt Zusammenhalt f\u00f6rdern, Integration st\u00e4rken wird aus Mitteln des StMAS gef\u00f6rdert\" class=\"alignnone wp-image-45404\" width=\"350\" srcset=\"https:\/\/www.mehrgenerationenhaus-hassfurt.de\/mgh\/wp-cnt\/uploads\/StMAS-WBM-2018_2zli_rgb_580.jpg 580w, https:\/\/www.mehrgenerationenhaus-hassfurt.de\/mgh\/wp-cnt\/uploads\/StMAS-WBM-2018_2zli_rgb_580-220x36.jpg 220w, https:\/\/www.mehrgenerationenhaus-hassfurt.de\/mgh\/wp-cnt\/uploads\/StMAS-WBM-2018_2zli_rgb_580-300x49.jpg 300w, https:\/\/www.mehrgenerationenhaus-hassfurt.de\/mgh\/wp-cnt\/uploads\/StMAS-WBM-2018_2zli_rgb_580-500x81.jpg 500w\" sizes=\"(max-width: 580px) 100vw, 580px\"><\/a> &nbsp; &nbsp;<\/div><div class=\"content-column one_third last_column\"><a href=\"https:\/\/familienpakt-bayern.de\" target=\"_blank\" rel=\"noopener noreferrer\"><img decoding=\"async\" src=\"https:\/\/www.mehrgenerationenhaus-hassfurt.de\/mgh\/wp-cnt\/uploads\/Familienpakt_Bayern_RGB_72dpi_300.jpg\" alt=\"Logo Familienpakt Bayern\" width=\"180\" class=\"alignright wp-image-22432\" srcset=\"https:\/\/www.mehrgenerationenhaus-hassfurt.de\/mgh\/wp-cnt\/uploads\/Familienpakt_Bayern_RGB_72dpi_300.jpg 300w, https:\/\/www.mehrgenerationenhaus-hassfurt.de\/mgh\/wp-cnt\/uploads\/Familienpakt_Bayern_RGB_72dpi_300-150x59.jpg 150w\" sizes=\"(max-width: 300px) 100vw, 300px\"><\/a><\/div><div class=\"clear_column\"><\/div>\n<hr>\n<p><strong>Links zum Thema:&nbsp;<\/strong><\/p>\n<ul>\n<li><a href=\"https:\/\/www.mehrgenerationenhaus-hassfurt.de\/mgh\/was-ist-familien-in-hassfurt-wichtig\/\">Was ist Fa\u00admi\u00adli\u00aden in Ha\u00df\u00adfurt wichtig?<\/a><\/li>\n<li><a href=\"https:\/\/www.mehrgenerationenhaus-hassfurt.de\/mgh\/fraenkische-ferienkinder\/\">Fr\u00e4n\u00adki\u00adsche Ferienkinder<\/a><\/li>\n\n<li><a href=\"https:\/\/www.mehrgenerationenhaus-hassfurt.de\/mgh\/betreuungsnetzwerk-generationen\/familienorientierte-personalpolitik\/\">Fa\u00admi\u00adli\u00aden\u00adori\u00aden\u00adtier\u00adte Personalpolitik<\/a><\/li>\n<li><a href=\"https:\/\/www.mehrgenerationenhaus-hassfurt.de\/mgh\/netzwerktreffen-der-betreuungsnetzwerke-2019\/\">Netz\u00adwerktref\u00adfen Be\u00adtreu\u00adungs\u00adnetz\u00adwer\u00adke f\u00fcr alle Ge\u00adne\u00adra\u00adtio\u00adnen im Mehr\u00adge\u00adne\u00adra\u00adtio\u00adnen\u00adhaus Ha\u00dffurt<\/a><\/li>\n<li><a href=\"https:\/\/www.mehrgenerationenhaus-hassfurt.de\/mgh\/betreuungsnetzwerk-generationen\/familienorientierte-personalpolitik\/netzwerk\/\">Netz\u00adwerk Wie\u00adder\u00adein\u00adstieg Main-Rh\u00f6n<\/a><\/li>\n<\/ul>\n","protected":false},"excerpt":{"rendered":"<p>Als Be\u00adtreu\u00adungs\u00adnetz\u00adwerk f\u00fcr alle Ge\u00adne\u00adra\u00adtio\u00adnen ist das Mehr\u00adge\u00adne\u00adra\u00adtio\u00adnen\u00adhaus Ha\u00df\u00adfurt An\u00adlauf\u00adstel\u00adle f\u00fcr in\u00addi\u00advi\u00addu\u00adel\u00adle, fle\u00adxi\u00adble und nied\u00adrig\u00adschwel\u00adli\u00adge An\u00adge\u00adbo\u00adte f\u00fcr Fa\u00admi\u00adli\u00aden in der Stadt Ha\u00df\u00adfurt und im Land\u00adkreis Ha\u00df\u00adber\u00adge.&nbsp; Mit un\u00adse\u00adren fa\u00admi\u00adli\u00aden\u00adun\u00adter\u00adst\u00fct\u00adzen\u00adden Dienst\u00adleis\u00adtun\u00adgen re\u00adagie\u00adren wir auf die Be\u00addar\u00adfe und Be\u00add\u00fcrf\u00adnis\u00adse von Fa\u00admi\u00adli\u00aden vor&nbsp;Ort.&nbsp; Mit\u00adten am Markt\u00adplatz in Ha\u00df\u00adfurt sind wir An\u00adlauf\u00adstel\u00adle f\u00fcr Fa\u00admi\u00adli\u00aden al\u00adler Ge\u00adne\u00adra\u00adtio\u00adnen. Un\u00adse\u00adre \u00d6ff\u00adnungs\u00adzei\u00adten erlauben&nbsp;<\/p>\n<p class=\"excerpt-link\"><a class=\"read-more\" href=\"https:\/\/www.mehrgenerationenhaus-hassfurt.de\/mgh\/betreuungsnetzwerk-generationen\/\">Read More \u2192<\/a><\/p>\n","protected":false},"author":3,"featured_media":0,"parent":0,"menu_order":0,"comment_status":"closed","ping_status":"closed","template":"","meta":{"inline_featured_image":false,"wp_typography_post_enhancements_disabled":false,"_mc_calendar":[],"footnotes":""},"class_list":["post-21690","page","type-page","status-publish","hentry"],"yoast_head":"<!-- This site is optimized with the Yoast SEO plugin v27.3 - https:\/\/yoast.com\/product\/yoast-seo-wordpress\/ -->\n<title>Betreuungsnetzwerk f\u00fcr alle Generationen | MGH Ha\u00dffurt<\/title>\n<meta name=\"description\" content=\"Bayern f\u00f6rdert Modellprojekte in Mehrgenerationenh\u00e4usern als Betreuungsnetzwerk f\u00fcr alle Generationen. Das MGH Ha\u00dffurt ist eines davon.\" \/>\n<meta name=\"robots\" content=\"index, follow, max-snippet:-1, max-image-preview:large, max-video-preview:-1\" \/>\n<link rel=\"canonical\" href=\"https:\/\/www.mehrgenerationenhaus-hassfurt.de\/mgh\/betreuungsnetzwerk-generationen\/\" \/>\n<meta property=\"og:locale\" content=\"de_DE\" \/>\n<meta property=\"og:type\" content=\"article\" \/>\n<meta property=\"og:title\" content=\"Betreuungsnetzwerk f\u00fcr alle Generationen | MGH Ha\u00dffurt\" \/>\n<meta property=\"og:description\" content=\"Bayern f\u00f6rdert Modellprojekte in Mehrgenerationenh\u00e4usern als Betreuungsnetzwerk f\u00fcr alle Generationen. Das MGH Ha\u00dffurt ist eines davon.\" \/>\n<meta property=\"og:url\" content=\"https:\/\/www.mehrgenerationenhaus-hassfurt.de\/mgh\/betreuungsnetzwerk-generationen\/\" \/>\n<meta property=\"og:site_name\" content=\"Mehrgenerationenhaus Ha\u00dffurt\" \/>\n<meta property=\"article:publisher\" content=\"https:\/\/de-de.facebook.com\/mehrgenerationenhausHAS\/\" \/>\n<meta property=\"article:modified_time\" content=\"2021-07-19T12:53:45+00:00\" \/>\n<meta property=\"og:image\" content=\"https:\/\/www.mehrgenerationenhaus-hassfurt.de\/mgh\/wp-cnt\/uploads\/rr_Betreuungsnetzw1_c580.jpg\" \/>\n<!-- \/ Yoast SEO plugin. -->","yoast_head_json":{"title":"Betreuungsnetzwerk f\u00fcr alle Generationen | MGH Ha\u00dffurt","description":"Bayern f\u00f6rdert Modellprojekte in Mehrgenerationenh\u00e4usern als Betreuungsnetzwerk f\u00fcr alle Generationen. Das MGH Ha\u00dffurt ist eines davon.","robots":{"index":"index","follow":"follow","max-snippet":"max-snippet:-1","max-image-preview":"max-image-preview:large","max-video-preview":"max-video-preview:-1"},"canonical":"https:\/\/www.mehrgenerationenhaus-hassfurt.de\/mgh\/betreuungsnetzwerk-generationen\/","og_locale":"de_DE","og_type":"article","og_title":"Betreuungsnetzwerk f\u00fcr alle Generationen | MGH Ha\u00dffurt","og_description":"Bayern f\u00f6rdert Modellprojekte in Mehrgenerationenh\u00e4usern als Betreuungsnetzwerk f\u00fcr alle Generationen. Das MGH Ha\u00dffurt ist eines davon.","og_url":"https:\/\/www.mehrgenerationenhaus-hassfurt.de\/mgh\/betreuungsnetzwerk-generationen\/","og_site_name":"Mehrgenerationenhaus Ha\u00dffurt","article_publisher":"https:\/\/de-de.facebook.com\/mehrgenerationenhausHAS\/","article_modified_time":"2021-07-19T12:53:45+00:00","og_image":[{"url":"https:\/\/www.mehrgenerationenhaus-hassfurt.de\/mgh\/wp-cnt\/uploads\/rr_Betreuungsnetzw1_c580.jpg","type":"","width":"","height":""}],"schema":{"@context":"https:\/\/schema.org","@graph":[{"@type":"WebPage","@id":"https:\/\/www.mehrgenerationenhaus-hassfurt.de\/mgh\/betreuungsnetzwerk-generationen\/","url":"https:\/\/www.mehrgenerationenhaus-hassfurt.de\/mgh\/betreuungsnetzwerk-generationen\/","name":"Betreuungsnetzwerk f\u00fcr alle Generationen | MGH Ha\u00dffurt","isPartOf":{"@id":"https:\/\/www.mehrgenerationenhaus-hassfurt.de\/mgh\/#website"},"primaryImageOfPage":{"@id":"https:\/\/www.mehrgenerationenhaus-hassfurt.de\/mgh\/betreuungsnetzwerk-generationen\/#primaryimage"},"image":{"@id":"https:\/\/www.mehrgenerationenhaus-hassfurt.de\/mgh\/betreuungsnetzwerk-generationen\/#primaryimage"},"thumbnailUrl":"https:\/\/www.mehrgenerationenhaus-hassfurt.de\/mgh\/wp-cnt\/uploads\/rr_Betreuungsnetzw1_c580.jpg","datePublished":"2015-11-20T12:00:28+00:00","dateModified":"2021-07-19T12:53:45+00:00","description":"Bayern f\u00f6rdert Modellprojekte in Mehrgenerationenh\u00e4usern als Betreuungsnetzwerk f\u00fcr alle Generationen. Das MGH Ha\u00dffurt ist eines davon.","breadcrumb":{"@id":"https:\/\/www.mehrgenerationenhaus-hassfurt.de\/mgh\/betreuungsnetzwerk-generationen\/#breadcrumb"},"inLanguage":"de","potentialAction":[{"@type":"ReadAction","target":["https:\/\/www.mehrgenerationenhaus-hassfurt.de\/mgh\/betreuungsnetzwerk-generationen\/"]}]},{"@type":"ImageObject","inLanguage":"de","@id":"https:\/\/www.mehrgenerationenhaus-hassfurt.de\/mgh\/betreuungsnetzwerk-generationen\/#primaryimage","url":"https:\/\/www.mehrgenerationenhaus-hassfurt.de\/mgh\/wp-cnt\/uploads\/rr_Betreuungsnetzw1_c580.jpg","contentUrl":"https:\/\/www.mehrgenerationenhaus-hassfurt.de\/mgh\/wp-cnt\/uploads\/rr_Betreuungsnetzw1_c580.jpg","width":580,"height":191,"caption":"Betreuungsnetzwerk f\u00fcr alle Generationen (Fotos: Ren\u00e9 Ruprecht)"},{"@type":"BreadcrumbList","@id":"https:\/\/www.mehrgenerationenhaus-hassfurt.de\/mgh\/betreuungsnetzwerk-generationen\/#breadcrumb","itemListElement":[{"@type":"ListItem","position":1,"name":"Startseite","item":"https:\/\/www.mehrgenerationenhaus-hassfurt.de\/mgh\/"},{"@type":"ListItem","position":2,"name":"Betreuungsnetzwerk f\u00fcr alle Generationen"}]},{"@type":"WebSite","@id":"https:\/\/www.mehrgenerationenhaus-hassfurt.de\/mgh\/#website","url":"https:\/\/www.mehrgenerationenhaus-hassfurt.de\/mgh\/","name":"Mehrgenerationenhaus Ha\u00dffurt","description":"Mehrgenerationenhaus Ha\u00dffurt","publisher":{"@id":"https:\/\/www.mehrgenerationenhaus-hassfurt.de\/mgh\/#organization"},"potentialAction":[{"@type":"SearchAction","target":{"@type":"EntryPoint","urlTemplate":"https:\/\/www.mehrgenerationenhaus-hassfurt.de\/mgh\/?s={search_term_string}"},"query-input":{"@type":"PropertyValueSpecification","valueRequired":true,"valueName":"search_term_string"}}],"inLanguage":"de"},{"@type":"Organization","@id":"https:\/\/www.mehrgenerationenhaus-hassfurt.de\/mgh\/#organization","name":"Mehrgenerationenhaus Ha\u00dffurt","url":"https:\/\/www.mehrgenerationenhaus-hassfurt.de\/mgh\/","logo":{"@type":"ImageObject","inLanguage":"de","@id":"https:\/\/www.mehrgenerationenhaus-hassfurt.de\/mgh\/#\/schema\/logo\/image\/","url":"https:\/\/www.mehrgenerationenhaus-hassfurt.de\/mgh\/wp-cnt\/uploads\/MGH_Logo_2020_hassfurt-scaled.jpg","contentUrl":"https:\/\/www.mehrgenerationenhaus-hassfurt.de\/mgh\/wp-cnt\/uploads\/MGH_Logo_2020_hassfurt-scaled.jpg","width":2560,"height":1162,"caption":"Mehrgenerationenhaus Ha\u00dffurt"},"image":{"@id":"https:\/\/www.mehrgenerationenhaus-hassfurt.de\/mgh\/#\/schema\/logo\/image\/"},"sameAs":["https:\/\/de-de.facebook.com\/mehrgenerationenhausHAS\/"]}]}},"publishpress_future_workflow_manual_trigger":{"enabledWorkflows":[]},"_links":{"self":[{"href":"https:\/\/www.mehrgenerationenhaus-hassfurt.de\/mgh\/wp-json\/wp\/v2\/pages\/21690","targetHints":{"allow":["GET"]}}],"collection":[{"href":"https:\/\/www.mehrgenerationenhaus-hassfurt.de\/mgh\/wp-json\/wp\/v2\/pages"}],"about":[{"href":"https:\/\/www.mehrgenerationenhaus-hassfurt.de\/mgh\/wp-json\/wp\/v2\/types\/page"}],"author":[{"embeddable":true,"href":"https:\/\/www.mehrgenerationenhaus-hassfurt.de\/mgh\/wp-json\/wp\/v2\/users\/3"}],"replies":[{"embeddable":true,"href":"https:\/\/www.mehrgenerationenhaus-hassfurt.de\/mgh\/wp-json\/wp\/v2\/comments?post=21690"}],"version-history":[{"count":0,"href":"https:\/\/www.mehrgenerationenhaus-hassfurt.de\/mgh\/wp-json\/wp\/v2\/pages\/21690\/revisions"}],"wp:attachment":[{"href":"https:\/\/www.mehrgenerationenhaus-hassfurt.de\/mgh\/wp-json\/wp\/v2\/media?parent=21690"}],"curies":[{"name":"wp","href":"https:\/\/api.w.org\/{rel}","templated":true}]}}