{"id":21696,"date":"2015-11-20T13:23:40","date_gmt":"2015-11-20T12:23:40","guid":{"rendered":"https:\/\/www.mehrgenerationenhaus-hassfurt.de\/mgh\/?page_id=21696"},"modified":"2020-09-04T06:47:28","modified_gmt":"2020-09-04T04:47:28","slug":"familienpakt-bayern","status":"publish","type":"page","link":"https:\/\/www.mehrgenerationenhaus-hassfurt.de\/mgh\/betreuungsnetzwerk-generationen\/familienpakt-bayern\/","title":{"rendered":"Familienpakt Bayern"},"content":{"rendered":"<p><!-- \n\n<h1><span style=\"font-weight: normal;\">Familienpakt Bayern<\/span><\/h1>\n\n --><a href=\"https:\/\/www.familienpakt-bayern.de\" target=\"_blank\" rel=\"noopener noreferrer\"><img loading=\"lazy\" decoding=\"async\" class=\"alignright wp-image-22432\" style=\"margin-top: -40px;\" src=\"https:\/\/www.mehrgenerationenhaus-hassfurt.de\/mgh\/wp-cnt\/uploads\/Familienpakt_Bayern_RGB_72dpi_300.jpg\" alt=\"Familienpakt Bayern\" width=\"200\" height=\"78\" srcset=\"https:\/\/www.mehrgenerationenhaus-hassfurt.de\/mgh\/wp-cnt\/uploads\/Familienpakt_Bayern_RGB_72dpi_300.jpg 300w, https:\/\/www.mehrgenerationenhaus-hassfurt.de\/mgh\/wp-cnt\/uploads\/Familienpakt_Bayern_RGB_72dpi_300-150x59.jpg 150w\" sizes=\"auto, (max-width: 200px) 100vw, 200px\"><\/a><strong>Um die Ver\u00adein\u00adbar\u00adkeit von Fa\u00admi\u00adlie und Be\u00adruf in Bay\u00adern wei\u00adter zu ver\u00adbes\u00adsern und Im\u00adpul\u00adse in Un\u00adter\u00adneh\u00admens\u00adwelt und Ge\u00adsell\u00adschaft zu set\u00adzen, ha\u00adben sich die Baye\u00adri\u00adsche Staats\u00adre\u00adgie\u00adrung und die wich\u00adtigs\u00adten Interessens\u00adverb\u00e4nde der baye\u00adri\u00adschen Wirt\u00adschaft zu ei\u00adner schlag\u00adkr\u00e4f\u00adti\u00adgen Part\u00adner\u00adschaft zusammengeschlossen:<\/strong><\/p>\n<p>Die Baye\u00adri\u00adsche Staats\u00adre\u00adgie\u00adrung, der Baye\u00adri\u00adsche In\u00addus\u00adtrie- und Han\u00addels\u00adkam\u00admer\u00adtag e.V. (BIHK), die Ver\u00adei\u00adni\u00adgung der Bay. Wirt\u00adschaft e.V. (vbw) und der Bay. Hand\u00adwerks\u00adtag e.V. (BHT) sind Pakt\u00adpart\u00adner des Fa\u00admi\u00adli\u00aden\u00adpakts Bayern.<\/p>\n<h3 style=\"text-align: center;\">Bayern soll damit Familien<br>\neine hohe Lebensqualit\u00e4t bieten<br>\nund den Standort zukunftsf\u00e4hig machen.<\/h3>\n<p>Wei\u00adte\u00adre In\u00adfor\u00adma\u00adtio\u00adnen fin\u00adden Sie auf dem <a href=\"https:\/\/www.familienpakt-bayern.de\" target=\"_blank\" rel=\"noopener noreferrer\"><strong>On\u00adline-In\u00adfor\u00adma\u00adti\u00adons\u00adpor\u00adtal der Ser\u00advice\u00adstel\u00adle Fa\u00admi\u00adli\u00aden\u00adpakt Bayern<\/strong><\/a><\/p>\n<hr>\n<p style=\"text-align: center;\"><span style=\"font-size: 13px;\">Die\u00adses Pro\u00adjekt wird aus Mit\u00adteln des Baye\u00adri\u00adschen Staatsministeriums<br>\nf\u00fcr Fa\u00admi\u00adlie, Ar\u00adbeit und So\u00adzia\u00adles gef\u00f6rdert:<\/span><\/p>\n<p><a href=\"https:\/\/www.mehrgenerationenhaus-hassfurt.de\/mgh\/wp-cnt\/uploads\/StMAS-WBM-2018_2zli_rgb_e-mail.png\" data-src=\"https:\/\/www.mehrgenerationenhaus-hassfurt.de\/mgh\/wp-cnt\/uploads\/StMAS-WBM-2018_2zli_rgb_e-mail.png\" data-thumb=\"https:\/\/www.mehrgenerationenhaus-hassfurt.de\/mgh\/wp-cnt\/uploads\/StMAS-WBM-2018_2zli_rgb_580.jpg\" class=\"ml-lightbox-enabled\"><img loading=\"lazy\" decoding=\"async\" src=\"https:\/\/www.mehrgenerationenhaus-hassfurt.de\/mgh\/wp-cnt\/uploads\/StMAS-WBM-2018_2zli_rgb_580.jpg\" alt=\"Das Projekt Zusammenhalt f\u00f6rdern, Integration st\u00e4rken wird aus Mitteln des StMAS gef\u00f6rdert\" width=\"580\" height=\"94\" class=\"alignnone size-full wp-image-45404\" srcset=\"https:\/\/www.mehrgenerationenhaus-hassfurt.de\/mgh\/wp-cnt\/uploads\/StMAS-WBM-2018_2zli_rgb_580.jpg 580w, https:\/\/www.mehrgenerationenhaus-hassfurt.de\/mgh\/wp-cnt\/uploads\/StMAS-WBM-2018_2zli_rgb_580-220x36.jpg 220w, https:\/\/www.mehrgenerationenhaus-hassfurt.de\/mgh\/wp-cnt\/uploads\/StMAS-WBM-2018_2zli_rgb_580-300x49.jpg 300w, https:\/\/www.mehrgenerationenhaus-hassfurt.de\/mgh\/wp-cnt\/uploads\/StMAS-WBM-2018_2zli_rgb_580-500x81.jpg 500w\" sizes=\"auto, (max-width: 580px) 100vw, 580px\"><\/a><\/p>\n","protected":false},"excerpt":{"rendered":"<p>Um die Ver\u00adein\u00adbar\u00adkeit von Fa\u00admi\u00adlie und Be\u00adruf in Bay\u00adern wei\u00adter zu ver\u00adbes\u00adsern und Im\u00adpul\u00adse in Un\u00adter\u00adneh\u00admens\u00adwelt und Ge\u00adsell\u00adschaft zu set\u00adzen, ha\u00adben sich die Baye\u00adri\u00adsche Staats\u00adre\u00adgie\u00adrung und die wich\u00adtigs\u00adten Interessens\u00adverb\u00e4nde der baye\u00adri\u00adschen Wirt\u00adschaft zu ei\u00adner schlag\u00adkr\u00e4f\u00adti\u00adgen Part\u00adner\u00adschaft zu\u00adsam\u00admen\u00adge\u00adschlos\u00adsen: Die Baye\u00adri\u00adsche Staats\u00adre\u00adgie\u00adrung, der Baye\u00adri\u00adsche In\u00ad\u00ad\u00addus\u00ad\u00adtrie- und Han\u00addels\u00adkam\u00admer\u00adtag e.V. (BIHK), die Ver\u00adei\u00adni\u00adgung der Bay. Wirt\u00adschaft e.V. (vbw) und&nbsp;<\/p>\n<p class=\"excerpt-link\"><a class=\"read-more\" href=\"https:\/\/www.mehrgenerationenhaus-hassfurt.de\/mgh\/betreuungsnetzwerk-generationen\/familienpakt-bayern\/\">Read More \u2192<\/a><\/p>\n","protected":false},"author":3,"featured_media":0,"parent":21690,"menu_order":2,"comment_status":"closed","ping_status":"closed","template":"","meta":{"inline_featured_image":false,"wp_typography_post_enhancements_disabled":false,"_mc_calendar":[],"footnotes":""},"class_list":["post-21696","page","type-page","status-publish","hentry"],"yoast_head":"<!-- This site is optimized with the Yoast SEO plugin v27.3 - https:\/\/yoast.com\/product\/yoast-seo-wordpress\/ -->\n<title>Familienpakt Bayern | Mehrgenerationenhaus Ha\u00dffurt<\/title>\n<meta name=\"description\" content=\"Im Familienpakt Bayern haben sich die Bay. Staatsregierung u. die wichtigsten Interessensverb\u00e4nde d. bay. Wirtschaft zusammengeschl...\" \/>\n<meta name=\"robots\" content=\"index, follow, max-snippet:-1, max-image-preview:large, max-video-preview:-1\" \/>\n<link rel=\"canonical\" href=\"https:\/\/www.mehrgenerationenhaus-hassfurt.de\/mgh\/betreuungsnetzwerk-generationen\/familienpakt-bayern\/\" \/>\n<meta property=\"og:locale\" content=\"de_DE\" \/>\n<meta property=\"og:type\" content=\"article\" \/>\n<meta property=\"og:title\" content=\"Familienpakt Bayern | Mehrgenerationenhaus Ha\u00dffurt\" \/>\n<meta property=\"og:description\" content=\"Im Familienpakt Bayern haben sich die Bay. Staatsregierung u. die wichtigsten Interessensverb\u00e4nde d. bay. Wirtschaft zusammengeschl...\" \/>\n<meta property=\"og:url\" content=\"https:\/\/www.mehrgenerationenhaus-hassfurt.de\/mgh\/betreuungsnetzwerk-generationen\/familienpakt-bayern\/\" \/>\n<meta property=\"og:site_name\" content=\"Mehrgenerationenhaus Ha\u00dffurt\" \/>\n<meta property=\"article:publisher\" content=\"https:\/\/de-de.facebook.com\/mehrgenerationenhausHAS\/\" \/>\n<meta property=\"article:modified_time\" content=\"2020-09-04T04:47:28+00:00\" \/>\n<meta property=\"og:image\" content=\"https:\/\/www.mehrgenerationenhaus-hassfurt.de\/mgh\/wp-cnt\/uploads\/Familienpakt_Bayern_RGB_72dpi_300.jpg\" \/>\n<!-- \/ Yoast SEO plugin. -->","yoast_head_json":{"title":"Familienpakt Bayern | Mehrgenerationenhaus Ha\u00dffurt","description":"Im Familienpakt Bayern haben sich die Bay. Staatsregierung u. die wichtigsten Interessensverb\u00e4nde d. bay. Wirtschaft zusammengeschl...","robots":{"index":"index","follow":"follow","max-snippet":"max-snippet:-1","max-image-preview":"max-image-preview:large","max-video-preview":"max-video-preview:-1"},"canonical":"https:\/\/www.mehrgenerationenhaus-hassfurt.de\/mgh\/betreuungsnetzwerk-generationen\/familienpakt-bayern\/","og_locale":"de_DE","og_type":"article","og_title":"Familienpakt Bayern | Mehrgenerationenhaus Ha\u00dffurt","og_description":"Im Familienpakt Bayern haben sich die Bay. Staatsregierung u. die wichtigsten Interessensverb\u00e4nde d. bay. Wirtschaft zusammengeschl...","og_url":"https:\/\/www.mehrgenerationenhaus-hassfurt.de\/mgh\/betreuungsnetzwerk-generationen\/familienpakt-bayern\/","og_site_name":"Mehrgenerationenhaus Ha\u00dffurt","article_publisher":"https:\/\/de-de.facebook.com\/mehrgenerationenhausHAS\/","article_modified_time":"2020-09-04T04:47:28+00:00","og_image":[{"url":"https:\/\/www.mehrgenerationenhaus-hassfurt.de\/mgh\/wp-cnt\/uploads\/Familienpakt_Bayern_RGB_72dpi_300.jpg","type":"","width":"","height":""}],"schema":{"@context":"https:\/\/schema.org","@graph":[{"@type":"WebPage","@id":"https:\/\/www.mehrgenerationenhaus-hassfurt.de\/mgh\/betreuungsnetzwerk-generationen\/familienpakt-bayern\/","url":"https:\/\/www.mehrgenerationenhaus-hassfurt.de\/mgh\/betreuungsnetzwerk-generationen\/familienpakt-bayern\/","name":"Familienpakt Bayern | Mehrgenerationenhaus Ha\u00dffurt","isPartOf":{"@id":"https:\/\/www.mehrgenerationenhaus-hassfurt.de\/mgh\/#website"},"primaryImageOfPage":{"@id":"https:\/\/www.mehrgenerationenhaus-hassfurt.de\/mgh\/betreuungsnetzwerk-generationen\/familienpakt-bayern\/#primaryimage"},"image":{"@id":"https:\/\/www.mehrgenerationenhaus-hassfurt.de\/mgh\/betreuungsnetzwerk-generationen\/familienpakt-bayern\/#primaryimage"},"thumbnailUrl":"https:\/\/www.mehrgenerationenhaus-hassfurt.de\/mgh\/wp-cnt\/uploads\/Familienpakt_Bayern_RGB_72dpi_300.jpg","datePublished":"2015-11-20T12:23:40+00:00","dateModified":"2020-09-04T04:47:28+00:00","description":"Im Familienpakt Bayern haben sich die Bay. Staatsregierung u. die wichtigsten Interessensverb\u00e4nde d. bay. Wirtschaft zusammengeschl...","breadcrumb":{"@id":"https:\/\/www.mehrgenerationenhaus-hassfurt.de\/mgh\/betreuungsnetzwerk-generationen\/familienpakt-bayern\/#breadcrumb"},"inLanguage":"de","potentialAction":[{"@type":"ReadAction","target":["https:\/\/www.mehrgenerationenhaus-hassfurt.de\/mgh\/betreuungsnetzwerk-generationen\/familienpakt-bayern\/"]}]},{"@type":"ImageObject","inLanguage":"de","@id":"https:\/\/www.mehrgenerationenhaus-hassfurt.de\/mgh\/betreuungsnetzwerk-generationen\/familienpakt-bayern\/#primaryimage","url":"https:\/\/www.mehrgenerationenhaus-hassfurt.de\/mgh\/wp-cnt\/uploads\/Familienpakt_Bayern_RGB_72dpi_300.jpg","contentUrl":"https:\/\/www.mehrgenerationenhaus-hassfurt.de\/mgh\/wp-cnt\/uploads\/Familienpakt_Bayern_RGB_72dpi_300.jpg","width":300,"height":117,"caption":"Logo Familienpakt Bayern"},{"@type":"BreadcrumbList","@id":"https:\/\/www.mehrgenerationenhaus-hassfurt.de\/mgh\/betreuungsnetzwerk-generationen\/familienpakt-bayern\/#breadcrumb","itemListElement":[{"@type":"ListItem","position":1,"name":"Startseite","item":"https:\/\/www.mehrgenerationenhaus-hassfurt.de\/mgh\/"},{"@type":"ListItem","position":2,"name":"Betreuungsnetzwerk f\u00fcr alle Generationen","item":"https:\/\/www.mehrgenerationenhaus-hassfurt.de\/mgh\/betreuungsnetzwerk-generationen\/"},{"@type":"ListItem","position":3,"name":"Familienpakt Bayern"}]},{"@type":"WebSite","@id":"https:\/\/www.mehrgenerationenhaus-hassfurt.de\/mgh\/#website","url":"https:\/\/www.mehrgenerationenhaus-hassfurt.de\/mgh\/","name":"Mehrgenerationenhaus Ha\u00dffurt","description":"Mehrgenerationenhaus Ha\u00dffurt","publisher":{"@id":"https:\/\/www.mehrgenerationenhaus-hassfurt.de\/mgh\/#organization"},"potentialAction":[{"@type":"SearchAction","target":{"@type":"EntryPoint","urlTemplate":"https:\/\/www.mehrgenerationenhaus-hassfurt.de\/mgh\/?s={search_term_string}"},"query-input":{"@type":"PropertyValueSpecification","valueRequired":true,"valueName":"search_term_string"}}],"inLanguage":"de"},{"@type":"Organization","@id":"https:\/\/www.mehrgenerationenhaus-hassfurt.de\/mgh\/#organization","name":"Mehrgenerationenhaus Ha\u00dffurt","url":"https:\/\/www.mehrgenerationenhaus-hassfurt.de\/mgh\/","logo":{"@type":"ImageObject","inLanguage":"de","@id":"https:\/\/www.mehrgenerationenhaus-hassfurt.de\/mgh\/#\/schema\/logo\/image\/","url":"https:\/\/www.mehrgenerationenhaus-hassfurt.de\/mgh\/wp-cnt\/uploads\/MGH_Logo_2020_hassfurt-scaled.jpg","contentUrl":"https:\/\/www.mehrgenerationenhaus-hassfurt.de\/mgh\/wp-cnt\/uploads\/MGH_Logo_2020_hassfurt-scaled.jpg","width":2560,"height":1162,"caption":"Mehrgenerationenhaus Ha\u00dffurt"},"image":{"@id":"https:\/\/www.mehrgenerationenhaus-hassfurt.de\/mgh\/#\/schema\/logo\/image\/"},"sameAs":["https:\/\/de-de.facebook.com\/mehrgenerationenhausHAS\/"]}]}},"publishpress_future_workflow_manual_trigger":{"enabledWorkflows":[]},"_links":{"self":[{"href":"https:\/\/www.mehrgenerationenhaus-hassfurt.de\/mgh\/wp-json\/wp\/v2\/pages\/21696","targetHints":{"allow":["GET"]}}],"collection":[{"href":"https:\/\/www.mehrgenerationenhaus-hassfurt.de\/mgh\/wp-json\/wp\/v2\/pages"}],"about":[{"href":"https:\/\/www.mehrgenerationenhaus-hassfurt.de\/mgh\/wp-json\/wp\/v2\/types\/page"}],"author":[{"embeddable":true,"href":"https:\/\/www.mehrgenerationenhaus-hassfurt.de\/mgh\/wp-json\/wp\/v2\/users\/3"}],"replies":[{"embeddable":true,"href":"https:\/\/www.mehrgenerationenhaus-hassfurt.de\/mgh\/wp-json\/wp\/v2\/comments?post=21696"}],"version-history":[{"count":0,"href":"https:\/\/www.mehrgenerationenhaus-hassfurt.de\/mgh\/wp-json\/wp\/v2\/pages\/21696\/revisions"}],"up":[{"embeddable":true,"href":"https:\/\/www.mehrgenerationenhaus-hassfurt.de\/mgh\/wp-json\/wp\/v2\/pages\/21690"}],"wp:attachment":[{"href":"https:\/\/www.mehrgenerationenhaus-hassfurt.de\/mgh\/wp-json\/wp\/v2\/media?parent=21696"}],"curies":[{"name":"wp","href":"https:\/\/api.w.org\/{rel}","templated":true}]}}