{"id":2170,"date":"2012-08-09T15:41:16","date_gmt":"2012-08-09T13:41:16","guid":{"rendered":"https:\/\/www.mehrgenerationenhaus-hassfurt.de\/wp\/?page_id=2170"},"modified":"2024-09-02T16:05:15","modified_gmt":"2024-09-02T14:05:15","slug":"betreuungsgruppe","status":"publish","type":"page","link":"https:\/\/www.mehrgenerationenhaus-hassfurt.de\/mgh\/angebote\/betreuungsgruppe\/","title":{"rendered":"Betreuungsgruppe"},"content":{"rendered":"<p><img loading=\"lazy\" decoding=\"async\" src=\"https:\/\/www.mehrgenerationenhaus-hassfurt.de\/mgh\/wp-cnt\/uploads\/betreuungsgr2021_c580.jpg\" alt=\"Betreuungsgruppe (Fotos: Ren\u00e9 Ruprecht und MGH Ha\u00dffurt)\" width=\"580\" height=\"125\" class=\"alignnone size-full wp-image-50994\" srcset=\"https:\/\/www.mehrgenerationenhaus-hassfurt.de\/mgh\/wp-cnt\/uploads\/betreuungsgr2021_c580.jpg 580w, https:\/\/www.mehrgenerationenhaus-hassfurt.de\/mgh\/wp-cnt\/uploads\/betreuungsgr2021_c580-300x65.jpg 300w\" sizes=\"auto, (max-width: 580px) 100vw, 580px\"><\/p>\n<p>Zur Ent\u00adlas\u00adtung pfle\u00adgen\u00adder An\u00adge\u00adh\u00f6\u00adri\u00adger bie\u00adtet das Mehr\u00adge\u00adne\u00adra\u00adtio\u00adnen\u00adhaus Ha\u00df\u00adfurt ge\u00admein\u00adsam mit der BRK-So\u00adzi\u00adal\u00adsta\u00adti\u00adon eine Be\u00adtreu\u00adungs\u00adgrup\u00adpe f\u00fcr Men\u00adschen mit und ohne De\u00admenz an. Das An\u00adge\u00adbot ist nied\u00adrig\u00adschwel\u00adlig und an die Be\u00add\u00fcrf\u00adnis\u00adse der Teil\u00adneh\u00adme\u00adrin\u00adnen und Teil\u00adneh\u00admer angepasst.&nbsp;<\/p>\n<p>Un\u00adse\u00adre Be\u00adtreu\u00adungs\u00adgrup\u00adpe fin\u00addet in re\u00adgel\u00adm\u00e4\u00ad\u00dfi\u00adgen Ab\u00adst\u00e4n\u00adden je\u00adden letz\u00adten Diens\u00adtag von 16:00 bis 18:00 Uhr im Mehr\u00adge\u00adne\u00adra\u00adtio\u00adnen\u00adhaus Ha\u00df\u00adfurt statt.&nbsp;<\/p>\n<p>In die\u00adser Zeit wer\u00adden die Teil\u00adneh\u00adme\u00adrin\u00adnen und Teil\u00adneh\u00admer in ge\u00adm\u00fct\u00adli\u00adcher At\u00admo\u00adsph\u00e4\u00adre zu un\u00adter\u00adschied\u00adli\u00adchen The\u00admen von pro\u00adfes\u00adsio\u00adnel\u00adlem und ge\u00adschul\u00adtem Per\u00adso\u00adnal be\u00adtreut. Die Be\u00adtreu\u00adungs\u00adnach\u00admit\u00adta\u00adge sind sehr krea\u00adtiv und viel\u00adsei\u00adtig. Ge\u00admein\u00adsam wird vor dem Pro\u00adgramm mit den Teil\u00adneh\u00admern Ku\u00adchen ge\u00adges\u00adsen und Kaf\u00adfee ge\u00adtrun\u00adken. An\u00adschlie\u00ad\u00dfend ist ein ab\u00adwechs\u00adlungs\u00adrei\u00adches Pro\u00adgramm m\u00f6glich:&nbsp;<\/p>\n<ul>\n<li>Ge\u00add\u00e4cht\u00adnis\u00adtrai\u00adning<\/li>\n<li>Ge\u00admein\u00adsa\u00admes Basteln&nbsp;<\/li>\n<li>Ge\u00admein\u00adsa\u00admes Spielen&nbsp;<\/li>\n<li>Ge\u00admein\u00adsa\u00admes Backen&nbsp;<\/li>\n<li>Teil\u00adnah\u00adme am Of\u00adfe\u00adnen Sing\u00adkreis im Mehrgenerationenhaus<\/li>\n<\/ul>\n<p>Ein\u00admal im Jahr fin\u00addet auch ein LdE-Pro\u00adjekt in Ko\u00adope\u00adra\u00adtion mit der Hein\u00adrich-Thein-Schu\u00adle statt. Sch\u00fc\u00adle\u00adrin\u00adnen und Sch\u00fc\u00adler, die eine Aus\u00adbil\u00addung zur As\u00adsis\u00adten\u00adtin bzw. zum As\u00adsis\u00adten\u00adten f\u00fcr Er\u00adn\u00e4h\u00adrung und Ver\u00adsor\u00adgung ma\u00adchen, ge\u00adstal\u00adten ei\u00adnen ge\u00admein\u00adsa\u00admen Nach\u00admit\u00adtag im Ad\u00advent. Das Ler\u00adnen-durch-En\u00adga\u00adge\u00adment-Pro\u00adjekt be\u00addeu\u00adtet je\u00addes Mal f\u00fcr bei\u00adde Sei\u00adten sch\u00f6\u00adne Mo\u00admen\u00adte und Erfahrungen.&nbsp;<\/p>\n<p>Die pfle\u00adgen\u00adden An\u00adge\u00adh\u00f6\u00adri\u00adgen sol\u00adlen durch die Be\u00adtreu\u00adungs\u00adgrup\u00adpen Ent\u00adlas\u00adtung er\u00adfah\u00adren, so\u00addass sie ei\u00adnen zeit\u00adli\u00adchen Frei\u00adraum zur ei\u00adge\u00adnen Ver\u00adf\u00fc\u00adgung haben.<\/p>\n<p>Die Teil\u00adnah\u00adme an ei\u00adner Be\u00adtreu\u00adungs\u00adgrup\u00adpe kann mit den Mit\u00adteln aus ver\u00adschie\u00adde\u00adnen Leis\u00adtun\u00adgen der Pfle\u00adge\u00adver\u00adsi\u00adche\u00adrung, wie z.B. dem Ent\u00adlas\u00adtungs\u00adbei\u00adtrag fi\u00adnan\u00adziert werden.<\/p>\n<p>Die Be\u00adtrof\u00adfe\u00adnen wer\u00adden ger\u00adne auf Wunsch vom Fahr\u00addienst des Baye\u00adri\u00adschen Ro\u00adten Kreu\u00adzes zu Hau\u00adse ab\u00adge\u00adholt und nach dem ge\u00adm\u00fct\u00adli\u00adchen Nach\u00admit\u00adtag auch wie\u00adder nach Hau\u00adse gebracht.&nbsp;<\/p>\n<div>\n<table>\n<tbody>\n<tr>\n<th align=\"left\" valign=\"top\">Wo<\/th>\n<td class=\"cellgray\">Mehr\u00adge\u00adne\u00adra\u00adtio\u00adnen\u00adhaus Ha\u00dffurt<br>\nMarkt\u00adplatz 10<br>\n97437 Ha\u00dffurt<\/td>\n<\/tr>\n<tr>\n<th align=\"left\" valign=\"top\">Wann<\/th>\n<td class=\"cellgray\">Je\u00adden letz\u00adten Diens\u00adtag im Monat<br>\n16:00 bis 18:00 Uhr&nbsp;<\/td>\n<\/tr>\n<tr>\n<th align=\"left\" valign=\"top\">Ansprech\u00adpartnerin\n<\/th><td class=\"cellgray\" align=\"left\" valign=\"top\" width=\"430\">Chris\u00adti\u00adna Raithel<br>\nMehr\u00adge\u00adne\u00adra\u00adtio\u00adnen\u00adhaus Ha\u00dffurt<br>\nFach\u00adstel\u00adle f\u00fcr pfle\u00adgen\u00adde Angeh\u00f6rige<br>\n09521\/952825\u20130<br>\n&nbsp;<br>\nAnna-So\u00adphie Schuhmann<br>\nLei\u00adte\u00adrin der BRK-Sozialstation<br>\n09521\/9550\u2013285\n<\/td>\n<\/tr>\n<tr>\n<th align=\"left\" valign=\"top\">An\u00admel\u00addung\n<\/th><td class=\"cellgray\" align=\"left\" valign=\"top\" width=\"430\">An\u00admel\u00addung notwendig<\/td>\n<\/tr>\n<tr>\n<th align=\"left\" valign=\"top\">Kos\u00adten\n<\/th><td class=\"cellgray\" align=\"left\" valign=\"top\" width=\"430\">Kei\u00adne<\/td>\n<\/tr>\n<\/tbody>\n<\/table>\n<\/div>\n<p><img loading=\"lazy\" decoding=\"async\" style=\"margin-top: 0px;\" src=\"https:\/\/www.mehrgenerationenhaus-hassfurt.de\/mgh\/wp-cnt\/uploads\/bay_pflege_farbig.jpg\" alt=\"Logo Bayerisches Staatsministerium f\u00fcr Gesundheit und Pflege\" width=\"343\" height=\"56\" class=\"alignright size-full wp-image-47545\" srcset=\"https:\/\/www.mehrgenerationenhaus-hassfurt.de\/mgh\/wp-cnt\/uploads\/bay_pflege_farbig.jpg 343w, https:\/\/www.mehrgenerationenhaus-hassfurt.de\/mgh\/wp-cnt\/uploads\/bay_pflege_farbig-300x49.jpg 300w\" sizes=\"auto, (max-width: 343px) 100vw, 343px\"><\/p>\n","protected":false},"excerpt":{"rendered":"<p>Zur Ent\u00adlas\u00adtung pfle\u00adgen\u00adder An\u00adge\u00adh\u00f6\u00adri\u00adger bie\u00adtet das Mehr\u00adge\u00adne\u00adra\u00adtio\u00adnen\u00adhaus Ha\u00df\u00adfurt ge\u00admein\u00adsam mit der BRK-So\u00ad\u00adzi\u00adal\u00adsta\u00ad\u00adti\u00adon eine Be\u00adtreu\u00adungs\u00adgrup\u00adpe f\u00fcr Men\u00adschen mit und ohne De\u00admenz an. Das An\u00adge\u00adbot ist nied\u00adrig\u00adschwel\u00adlig und an die Be\u00add\u00fcrf\u00adnis\u00adse der Teil\u00adneh\u00adme\u00adrin\u00adnen und Teil\u00adneh\u00admer an\u00adge\u00adpasst.&nbsp; Un\u00adse\u00adre Be\u00adtreu\u00adungs\u00adgrup\u00adpe fin\u00addet in re\u00adgel\u00adm\u00e4\u00ad\u00dfi\u00adgen Ab\u00adst\u00e4n\u00adden je\u00adden letz\u00adten Diens\u00adtag von 16:00 bis 18:00 Uhr im Mehr\u00adge\u00adne\u00adra\u00adtio\u00adnen\u00adhaus Ha\u00df\u00adfurt statt.&nbsp; In die\u00adser&nbsp;Zeit&nbsp;<\/p>\n<p class=\"excerpt-link\"><a class=\"read-more\" href=\"https:\/\/www.mehrgenerationenhaus-hassfurt.de\/mgh\/angebote\/betreuungsgruppe\/\">Read More \u2192<\/a><\/p>\n","protected":false},"author":3,"featured_media":0,"parent":219,"menu_order":0,"comment_status":"closed","ping_status":"closed","template":"","meta":{"inline_featured_image":false,"wp_typography_post_enhancements_disabled":false,"_mc_calendar":[],"footnotes":""},"class_list":["post-2170","page","type-page","status-publish","hentry"],"yoast_head":"<!-- This site is optimized with the Yoast SEO plugin v27.3 - https:\/\/yoast.com\/product\/yoast-seo-wordpress\/ -->\n<title>Betreuungsgruppe | Mehrgenerationenhaus Ha\u00dffurt<\/title>\n<meta name=\"description\" content=\"Betreuungsgruppe: Niederschwellige Hilfsangebote zur Entlastung von pflegenden Angeh\u00f6rigen. Die Angeh\u00f6rigen werden stundenweise ...\" \/>\n<meta name=\"robots\" content=\"index, follow, max-snippet:-1, max-image-preview:large, max-video-preview:-1\" \/>\n<link rel=\"canonical\" href=\"https:\/\/www.mehrgenerationenhaus-hassfurt.de\/mgh\/angebote\/betreuungsgruppe\/\" \/>\n<meta property=\"og:locale\" content=\"de_DE\" \/>\n<meta property=\"og:type\" content=\"article\" \/>\n<meta property=\"og:title\" content=\"Betreuungsgruppe | Mehrgenerationenhaus Ha\u00dffurt\" \/>\n<meta property=\"og:description\" content=\"Betreuungsgruppe: Niederschwellige Hilfsangebote zur Entlastung von pflegenden Angeh\u00f6rigen. Die Angeh\u00f6rigen werden stundenweise ...\" \/>\n<meta property=\"og:url\" content=\"https:\/\/www.mehrgenerationenhaus-hassfurt.de\/mgh\/angebote\/betreuungsgruppe\/\" \/>\n<meta property=\"og:site_name\" content=\"Mehrgenerationenhaus Ha\u00dffurt\" \/>\n<meta property=\"article:publisher\" content=\"https:\/\/de-de.facebook.com\/mehrgenerationenhausHAS\/\" \/>\n<meta property=\"article:modified_time\" content=\"2024-09-02T14:05:15+00:00\" \/>\n<meta property=\"og:image\" content=\"https:\/\/www.mehrgenerationenhaus-hassfurt.de\/mgh\/wp-cnt\/uploads\/betreuungsgr2021_c580.jpg\" \/>\n<!-- \/ Yoast SEO plugin. -->","yoast_head_json":{"title":"Betreuungsgruppe | Mehrgenerationenhaus Ha\u00dffurt","description":"Betreuungsgruppe: Niederschwellige Hilfsangebote zur Entlastung von pflegenden Angeh\u00f6rigen. Die Angeh\u00f6rigen werden stundenweise ...","robots":{"index":"index","follow":"follow","max-snippet":"max-snippet:-1","max-image-preview":"max-image-preview:large","max-video-preview":"max-video-preview:-1"},"canonical":"https:\/\/www.mehrgenerationenhaus-hassfurt.de\/mgh\/angebote\/betreuungsgruppe\/","og_locale":"de_DE","og_type":"article","og_title":"Betreuungsgruppe | Mehrgenerationenhaus Ha\u00dffurt","og_description":"Betreuungsgruppe: Niederschwellige Hilfsangebote zur Entlastung von pflegenden Angeh\u00f6rigen. Die Angeh\u00f6rigen werden stundenweise ...","og_url":"https:\/\/www.mehrgenerationenhaus-hassfurt.de\/mgh\/angebote\/betreuungsgruppe\/","og_site_name":"Mehrgenerationenhaus Ha\u00dffurt","article_publisher":"https:\/\/de-de.facebook.com\/mehrgenerationenhausHAS\/","article_modified_time":"2024-09-02T14:05:15+00:00","og_image":[{"url":"https:\/\/www.mehrgenerationenhaus-hassfurt.de\/mgh\/wp-cnt\/uploads\/betreuungsgr2021_c580.jpg","type":"","width":"","height":""}],"schema":{"@context":"https:\/\/schema.org","@graph":[{"@type":"WebPage","@id":"https:\/\/www.mehrgenerationenhaus-hassfurt.de\/mgh\/angebote\/betreuungsgruppe\/","url":"https:\/\/www.mehrgenerationenhaus-hassfurt.de\/mgh\/angebote\/betreuungsgruppe\/","name":"Betreuungsgruppe | Mehrgenerationenhaus Ha\u00dffurt","isPartOf":{"@id":"https:\/\/www.mehrgenerationenhaus-hassfurt.de\/mgh\/#website"},"primaryImageOfPage":{"@id":"https:\/\/www.mehrgenerationenhaus-hassfurt.de\/mgh\/angebote\/betreuungsgruppe\/#primaryimage"},"image":{"@id":"https:\/\/www.mehrgenerationenhaus-hassfurt.de\/mgh\/angebote\/betreuungsgruppe\/#primaryimage"},"thumbnailUrl":"https:\/\/www.mehrgenerationenhaus-hassfurt.de\/mgh\/wp-cnt\/uploads\/betreuungsgr2021_c580.jpg","datePublished":"2012-08-09T13:41:16+00:00","dateModified":"2024-09-02T14:05:15+00:00","description":"Betreuungsgruppe: Niederschwellige Hilfsangebote zur Entlastung von pflegenden Angeh\u00f6rigen. Die Angeh\u00f6rigen werden stundenweise ...","breadcrumb":{"@id":"https:\/\/www.mehrgenerationenhaus-hassfurt.de\/mgh\/angebote\/betreuungsgruppe\/#breadcrumb"},"inLanguage":"de","potentialAction":[{"@type":"ReadAction","target":["https:\/\/www.mehrgenerationenhaus-hassfurt.de\/mgh\/angebote\/betreuungsgruppe\/"]}]},{"@type":"ImageObject","inLanguage":"de","@id":"https:\/\/www.mehrgenerationenhaus-hassfurt.de\/mgh\/angebote\/betreuungsgruppe\/#primaryimage","url":"https:\/\/www.mehrgenerationenhaus-hassfurt.de\/mgh\/wp-cnt\/uploads\/betreuungsgr2021_c580.jpg","contentUrl":"https:\/\/www.mehrgenerationenhaus-hassfurt.de\/mgh\/wp-cnt\/uploads\/betreuungsgr2021_c580.jpg","width":580,"height":125},{"@type":"BreadcrumbList","@id":"https:\/\/www.mehrgenerationenhaus-hassfurt.de\/mgh\/angebote\/betreuungsgruppe\/#breadcrumb","itemListElement":[{"@type":"ListItem","position":1,"name":"Startseite","item":"https:\/\/www.mehrgenerationenhaus-hassfurt.de\/mgh\/"},{"@type":"ListItem","position":2,"name":"Angebote und Dienstleistungen","item":"https:\/\/www.mehrgenerationenhaus-hassfurt.de\/mgh\/angebote\/"},{"@type":"ListItem","position":3,"name":"Betreuungsgruppe"}]},{"@type":"WebSite","@id":"https:\/\/www.mehrgenerationenhaus-hassfurt.de\/mgh\/#website","url":"https:\/\/www.mehrgenerationenhaus-hassfurt.de\/mgh\/","name":"Mehrgenerationenhaus Ha\u00dffurt","description":"Mehrgenerationenhaus Ha\u00dffurt","publisher":{"@id":"https:\/\/www.mehrgenerationenhaus-hassfurt.de\/mgh\/#organization"},"potentialAction":[{"@type":"SearchAction","target":{"@type":"EntryPoint","urlTemplate":"https:\/\/www.mehrgenerationenhaus-hassfurt.de\/mgh\/?s={search_term_string}"},"query-input":{"@type":"PropertyValueSpecification","valueRequired":true,"valueName":"search_term_string"}}],"inLanguage":"de"},{"@type":"Organization","@id":"https:\/\/www.mehrgenerationenhaus-hassfurt.de\/mgh\/#organization","name":"Mehrgenerationenhaus Ha\u00dffurt","url":"https:\/\/www.mehrgenerationenhaus-hassfurt.de\/mgh\/","logo":{"@type":"ImageObject","inLanguage":"de","@id":"https:\/\/www.mehrgenerationenhaus-hassfurt.de\/mgh\/#\/schema\/logo\/image\/","url":"https:\/\/www.mehrgenerationenhaus-hassfurt.de\/mgh\/wp-cnt\/uploads\/MGH_Logo_2020_hassfurt-scaled.jpg","contentUrl":"https:\/\/www.mehrgenerationenhaus-hassfurt.de\/mgh\/wp-cnt\/uploads\/MGH_Logo_2020_hassfurt-scaled.jpg","width":2560,"height":1162,"caption":"Mehrgenerationenhaus Ha\u00dffurt"},"image":{"@id":"https:\/\/www.mehrgenerationenhaus-hassfurt.de\/mgh\/#\/schema\/logo\/image\/"},"sameAs":["https:\/\/de-de.facebook.com\/mehrgenerationenhausHAS\/"]}]}},"publishpress_future_workflow_manual_trigger":{"enabledWorkflows":[]},"_links":{"self":[{"href":"https:\/\/www.mehrgenerationenhaus-hassfurt.de\/mgh\/wp-json\/wp\/v2\/pages\/2170","targetHints":{"allow":["GET"]}}],"collection":[{"href":"https:\/\/www.mehrgenerationenhaus-hassfurt.de\/mgh\/wp-json\/wp\/v2\/pages"}],"about":[{"href":"https:\/\/www.mehrgenerationenhaus-hassfurt.de\/mgh\/wp-json\/wp\/v2\/types\/page"}],"author":[{"embeddable":true,"href":"https:\/\/www.mehrgenerationenhaus-hassfurt.de\/mgh\/wp-json\/wp\/v2\/users\/3"}],"replies":[{"embeddable":true,"href":"https:\/\/www.mehrgenerationenhaus-hassfurt.de\/mgh\/wp-json\/wp\/v2\/comments?post=2170"}],"version-history":[{"count":0,"href":"https:\/\/www.mehrgenerationenhaus-hassfurt.de\/mgh\/wp-json\/wp\/v2\/pages\/2170\/revisions"}],"up":[{"embeddable":true,"href":"https:\/\/www.mehrgenerationenhaus-hassfurt.de\/mgh\/wp-json\/wp\/v2\/pages\/219"}],"wp:attachment":[{"href":"https:\/\/www.mehrgenerationenhaus-hassfurt.de\/mgh\/wp-json\/wp\/v2\/media?parent=2170"}],"curies":[{"name":"wp","href":"https:\/\/api.w.org\/{rel}","templated":true}]}}