{"id":22665,"date":"2016-04-07T09:08:47","date_gmt":"2016-04-07T07:08:47","guid":{"rendered":"https:\/\/www.mehrgenerationenhaus-hassfurt.de\/mgh\/?page_id=22665"},"modified":"2022-08-23T14:26:05","modified_gmt":"2022-08-23T12:26:05","slug":"zusammenhalt-foerdern-integration","status":"publish","type":"page","link":"https:\/\/www.mehrgenerationenhaus-hassfurt.de\/mgh\/zusammenhalt-foerdern-integration\/","title":{"rendered":"Zusammenhalt f\u00f6rdern, Integration st\u00e4rken"},"content":{"rendered":"<p>Das Baye\u00adri\u00adsche Staats\u00admi\u00adnis\u00adte\u00adri\u00adum f\u00fcr Fa\u00admi\u00adlie, Ar\u00adbeit und So\u00adzia\u00adles f\u00f6r\u00addert \u00fcber das Son\u00adder\u00adpro\u00adgramm <span class=\"push-double\"><\/span>\u200b<span class=\"pull-double\">\u201e<\/span>Zu\u00adsam\u00admen\u00adhalt f\u00f6r\u00addern, In\u00adte\u00adgra\u00adti\u00adon st\u00e4r\u00adken\u201c Ak\u00adtio\u00adnen und Pro\u00adjek\u00adte, um Men\u00adschen und Fa\u00admi\u00adli\u00aden mit und ohne Mi\u00adgra\u00adti\u00adons\u00adhin\u00adter\u00adgrund und Flucht\u00adge\u00adschich\u00adte die Teil\u00adha\u00adbe und In\u00adte\u00adgra\u00adti\u00adon in ein ge\u00adne\u00adra\u00adti\u00adons\u00ad\u00fcber\u00adgrei\u00adfen\u00addes Netz\u00adwerk zu erm\u00f6glichen.<\/p>\n<p><img loading=\"lazy\" decoding=\"async\" src=\"https:\/\/www.mehrgenerationenhaus-hassfurt.de\/mgh\/wp-cnt\/uploads\/zfis2022_c1_580.jpg\" alt=\"Zusammenhalt f\u00f6rdern, Integration st\u00e4rken\" width=\"580\" height=\"191\" class=\"alignnone size-full wp-image-52090\" srcset=\"https:\/\/www.mehrgenerationenhaus-hassfurt.de\/mgh\/wp-cnt\/uploads\/zfis2022_c1_580.jpg 580w, https:\/\/www.mehrgenerationenhaus-hassfurt.de\/mgh\/wp-cnt\/uploads\/zfis2022_c1_580-300x99.jpg 300w\" sizes=\"auto, (max-width: 580px) 100vw, 580px\"><\/p>\n<h2>Integration und Bildung<\/h2>\n<p>Das Mehr\u00adge\u00adne\u00adra\u00adtio\u00adnen\u00adhaus Ha\u00df\u00adfurt ist ein Ort der Be\u00adgeg\u00adnung, des Aus\u00adtauschs und der Be\u00adtei\u00adli\u00adgung von Men\u00adschen al\u00adler Ge\u00adne\u00adra\u00adtio\u00adnen mit und ohne Mi\u00adgra\u00adti\u00adons\u00adhin\u00adter\u00adgrund und Flucht\u00adge\u00adschich\u00adte. Der be\u00addarfs\u00adge\u00adrech\u00adte Aus\u00adbau un\u00adse\u00adrer be\u00adstehen\u00adden Struk\u00adtu\u00adren si\u00adchert in\u00addi\u00advi\u00addu\u00adel\u00adle, nach\u00adhal\u00adti\u00adge und nied\u00adrig\u00adschwel\u00adli\u00adge Bil\u00addungs- und Un\u00adter\u00adst\u00fct\u00adzungs\u00adan\u00adge\u00adbo\u00adte. Al\u00adlen wer\u00adden durch Bil\u00addung und Teil\u00adha\u00adbe glei\u00adche Chan\u00adcen ge\u00adbo\u00adten, um so zu per\u00ads\u00f6n\u00adli\u00adchem Er\u00adfolg und po\u00adsi\u00adti\u00adven Er\u00adleb\u00adnis\u00adsen beizutragen.<\/p>\n<p>Die of\u00adfe\u00adne An\u00adge\u00adbots\u00adstruk\u00adtur und ein be\u00adtei\u00adli\u00adgungs\u00adori\u00aden\u00adtier\u00adter An\u00adsatz ma\u00adchen es m\u00f6g\u00adlich, dass sich je\u00adder und jede mit den ei\u00adge\u00adnen in\u00addi\u00advi\u00addu\u00adel\u00adlen Res\u00adsour\u00adcen und Kom\u00adpe\u00adten\u00adzen ein\u00adbringt und ei\u00adnen Teil zu ei\u00adner funk\u00adtio\u00adnie\u00adren\u00adden Zi\u00advil\u00adge\u00adsell\u00adschaft bei\u00adtra\u00adgen kann und so die ei\u00adge\u00adne so\u00adzia\u00adle In\u00adte\u00adgra\u00adti\u00adon f\u00f6rdert.<\/p>\n<p>Die Zu\u00adsam\u00admen\u00adar\u00adbeit des pro\u00adfes\u00adsio\u00adnel\u00adlen Teams des Mehr\u00adge\u00adne\u00adra\u00adtio\u00adnen\u00adhau\u00adses mit den vie\u00adlen frei\u00adwil\u00adlig en\u00adga\u00adgier\u00adten B\u00fcr\u00adge\u00adrin\u00adnen und B\u00fcr\u00adgern al\u00adler Ge\u00adne\u00adra\u00adtio\u00adnen ist ein we\u00adsent\u00adli\u00adcher Er\u00adfolgs\u00adfak\u00adtor f\u00fcr das Ge\u00adlin\u00adgen so\u00adzia\u00adler Integration.<\/p>\n<p>Un\u00adser Ziel ist es, Men\u00adschen mit Mi\u00adgra\u00adti\u00adons\u00adhin\u00adter\u00adgrund und Flucht\u00adge\u00adschich\u00adte er\u00adfolg\u00adreich zu in\u00adte\u00adgrie\u00adren, um den Zu\u00adsam\u00admen\u00adhalt in der Ge\u00adsell\u00adschaft zu si\u00adchern und zu st\u00e4rken.<\/p>\n<p><img loading=\"lazy\" decoding=\"async\" class=\"alignnone size-full wp-image-50786\" src=\"https:\/\/www.mehrgenerationenhaus-hassfurt.de\/mgh\/wp-cnt\/uploads\/zfis2021_c2_580.jpg\" alt=\"Zusammenhalt f\u00f6rdern - Integration st\u00e4rken (Fotos: Ren\u00e9 Ruprecht und MGH-Team)\" width=\"580\" height=\"125\" srcset=\"https:\/\/www.mehrgenerationenhaus-hassfurt.de\/mgh\/wp-cnt\/uploads\/zfis2021_c2_580.jpg 580w, https:\/\/www.mehrgenerationenhaus-hassfurt.de\/mgh\/wp-cnt\/uploads\/zfis2021_c2_580-300x65.jpg 300w\" sizes=\"auto, (max-width: 580px) 100vw, 580px\"><\/p>\n<h3 style=\"margin-top: 10px;\">Angebote<\/h3>\n<p>Un\u00adse\u00adre An\u00adge\u00adbo\u00adte im Son\u00adder\u00adpro\u00adgramm <span class=\"push-double\"><\/span>\u200b<span class=\"pull-double\">\u201e<\/span>Zu\u00adsam\u00admen\u00adhalt f\u00f6r\u00addern, In\u00adte\u00adgra\u00adti\u00adon st\u00e4r\u00adken\u201c fin\u00adden Sie in un\u00adse\u00adrer <a href=\"https:\/\/www.mehrgenerationenhaus-hassfurt.de\/mgh\/angebote-integration\/\"><span style=\"text-decoration:none !important; color: #333;\">Pro\u00adgramm\u00ad\u00fcber\u00adsicht<\/span><\/a>.<\/p>\n<p>Ger\u00adne k\u00f6n\u00adnen Sie sich auch bei uns te\u00adle\u00adfo\u00adnisch, per Mail oder \u00fcber die so\u00adzia\u00adlen Me\u00addi\u00aden (In\u00adsta\u00adgram und Face\u00adbook) kon\u00adtak\u00adtie\u00adren. Das Team des Mehr\u00adge\u00adne\u00adra\u00adtio\u00adnen\u00adhau\u00adses steht Ih\u00adnen ger\u00adne f\u00fcr In\u00adfor\u00adma\u00adtio\u00adnen zur Verf\u00fcgung.<\/p>\n<div>\n<table>\n<tbody>\n<tr>\n<th align=\"left\" valign=\"top\">Kon\u00adtakt<\/th>\n<td class=\"cellgray\">Mehr\u00adge\u00adne\u00adra\u00adtio\u00adnen\u00adhaus Ha\u00dffurt<br>\nBRK Kreis\u00adver\u00adband Ha\u00dfberge<br>\nMarkt\u00adplatz 10<br>\n97437 Ha\u00dffurt<br>\nTe\u00adle\u00adfon: 09521\u2013952825\u20110<br>\n<a href=\"https:\/\/www.mehrgenerationenhaus-hassfurt.de\/mgh\/kontaktformular\/\">mghhassfurt.kv-has@brk.de <\/a><\/td>\n<\/tr>\n<tr>\n<th align=\"left\" valign=\"top\">An\u00adsprech\u00adpart\u00adne\u00adrin<\/th>\n<td class=\"cellgray\">Jen\u00adni\u00adfer N\u00fc\u00dflein<\/td>\n<\/tr>\n<\/tbody>\n<\/table>\n<\/div>\n<p>&nbsp;<\/p>\n<p><!--\n\n\n\n<hr style=\"width:150px;height:12px;text-align:left;margin-left:0;background-color:#0094D2;\">\n\n--><\/p>\n<p><strong>Links zum Thema:<\/strong><\/p>\n<ul style=\"list-style-type: '\u2192 &nbsp;';\">\n<li>Ko\u00adope\u00adra\u00adtion mit dem <a href=\"https:\/\/www.mehrgenerationenhaus-hassfurt.de\/mgh\/kooperation-zuwanderungszentrum\/\">Zu\u00adwan\u00adde\u00adrungs\u00adzen\u00adtrum zu den in\u00adter\u00adkul\u00adtu\u00adrel\u00adlen Wochen<\/a><\/li>\n<li>Ko\u00adope\u00adra\u00adtion mit der In\u00adte\u00adgra\u00adti\u00adons\u00adlot\u00adsin im Land\u00adkreis Ha\u00dfberge<\/li>\n<li>Kom\u00adpe\u00adtenz\u00adzen\u00adtrum <a href=\"https:\/\/www.mehrgenerationenhaus-hassfurt.de\/mgh\/angebote\/lernen-durch-engagement\/\"><span class=\"push-double\"><\/span>\u200b<span class=\"pull-double\">\u201e<\/span>Ler\u00adnen durch Engagement\u201c<\/a><\/li>\n<li>Pres\u00adse\u00adar\u00adti\u00adkel: <a href=\"https:\/\/www.mehrgenerationenhaus-hassfurt.de\/mgh\/engagement-macht-wirklich-stark\/\">En\u00adga\u00adge\u00adment macht wirk\u00adlich stark: Die Fa\u00admi\u00adli\u00aden- und Bil\u00addungs\u00adpa\u00adten\u00adschaf\u00adten des Mehr\u00adge\u00adne\u00adra\u00adtio\u00adnen\u00adhau\u00adses in Ha\u00dffurt<\/a><\/li>\n<li>Pres\u00adse\u00adar\u00adti\u00adkel: <a href=\"https:\/\/www.mehrgenerationenhaus-hassfurt.de\/mgh\/gemeinsam-digital-sozial\/\">Ge\u00admein\u00adsam di\u00adgi\u00adtal sozial<\/a><\/li>\n<li>Pres\u00adse\u00adar\u00adti\u00adkel: <a href=\"https:\/\/www.mehrgenerationenhaus-hassfurt.de\/mgh\/malerisch-aufs-papier\/\">Im Kunst\u00adhaus wird Mu\u00adsik ma\u00adle\u00adrisch aufs Pa\u00adpier gebracht<\/a><\/li>\n<li>Pres\u00adse\u00adar\u00adti\u00adkel: <a href=\"https:\/\/www.mehrgenerationenhaus-hassfurt.de\/mgh\/freude-am-lesen\/\">Frei\u00adwil\u00adlig en\u00adga\u00adgier\u00adte Le\u00adse\u00adpa\u00adten ge\u00adben die Freu\u00adde am Le\u00adsen weiter<\/a><\/li>\n<li>Pres\u00adse\u00adar\u00adti\u00adkel: <a href=\"https:\/\/www.mehrgenerationenhaus-hassfurt.de\/mgh\/staatsminister-lobt-integrationsleistung\/\">Staats\u00admi\u00adnis\u00adter Roth lobt In\u00adte\u00adgra\u00adti\u00adons\u00adleis\u00adtung des Mehrgenerationenhauses<\/a><\/li>\n<li>Pres\u00adse\u00adar\u00adti\u00adkel: <a href=\"https:\/\/www.mehrgenerationenhaus-hassfurt.de\/mgh\/vertrauen-und-zusammenhalt-in-unsicheren-zeiten\/\">Ver\u00adtrau\u00aden und Zu\u00adsam\u00admen\u00adhalt in un\u00adsi\u00adche\u00adren Zeiten<\/a><\/li>\n<\/ul>\n<hr>\n<p style=\"text-align: center;\"><span style=\"font-size: 14px;\">Die\u00adses Pro\u00adjekt wird aus Mit\u00adteln des Baye\u00adri\u00adschen Staatsministeriums<br>\nf\u00fcr Fa\u00admi\u00adlie, Ar\u00adbeit und So\u00adzia\u00adles gef\u00f6rdert:<\/span><\/p>\n<p><a href=\"https:\/\/www.mehrgenerationenhaus-hassfurt.de\/mgh\/wp-cnt\/uploads\/StMAS-WBM-2018_2zli_rgb_e-mail.png\" data-src=\"https:\/\/www.mehrgenerationenhaus-hassfurt.de\/mgh\/wp-cnt\/uploads\/StMAS-WBM-2018_2zli_rgb_e-mail.png\" data-thumb=\"https:\/\/www.mehrgenerationenhaus-hassfurt.de\/mgh\/wp-cnt\/uploads\/StMAS-WBM-2018_2zli_rgb_580.jpg\" class=\"ml-lightbox-enabled\"><img loading=\"lazy\" decoding=\"async\" class=\"alignnone size-full wp-image-45404\" src=\"https:\/\/www.mehrgenerationenhaus-hassfurt.de\/mgh\/wp-cnt\/uploads\/StMAS-WBM-2018_2zli_rgb_580.jpg\" alt=\"Das Projekt Zusammenhalt f\u00f6rdern, Integration st\u00e4rken wird aus Mitteln des StMAS gef\u00f6rdert\" width=\"580\" height=\"94\" srcset=\"https:\/\/www.mehrgenerationenhaus-hassfurt.de\/mgh\/wp-cnt\/uploads\/StMAS-WBM-2018_2zli_rgb_580.jpg 580w, https:\/\/www.mehrgenerationenhaus-hassfurt.de\/mgh\/wp-cnt\/uploads\/StMAS-WBM-2018_2zli_rgb_580-220x36.jpg 220w, https:\/\/www.mehrgenerationenhaus-hassfurt.de\/mgh\/wp-cnt\/uploads\/StMAS-WBM-2018_2zli_rgb_580-300x49.jpg 300w, https:\/\/www.mehrgenerationenhaus-hassfurt.de\/mgh\/wp-cnt\/uploads\/StMAS-WBM-2018_2zli_rgb_580-500x81.jpg 500w\" sizes=\"auto, (max-width: 580px) 100vw, 580px\"><\/a><\/p>\n","protected":false},"excerpt":{"rendered":"<p>Das Baye\u00adri\u00adsche Staats\u00admi\u00adnis\u00adte\u00adri\u00adum f\u00fcr Fa\u00admi\u00adlie, Ar\u00adbeit und So\u00adzia\u00adles f\u00f6r\u00addert \u00fcber das Son\u00adder\u00adpro\u00adgramm \u200b\u201eZu\u00adsam\u00admen\u00adhalt f\u00f6r\u00addern, In\u00adte\u00adgra\u00adti\u00adon st\u00e4r\u00adken\u201c Ak\u00adtio\u00adnen und Pro\u00adjek\u00adte, um Men\u00adschen und Fa\u00admi\u00adli\u00aden mit und ohne Mi\u00adgra\u00adti\u00adons\u00adhin\u00adter\u00adgrund und Flucht\u00adge\u00adschich\u00adte die Teil\u00adha\u00adbe und In\u00adte\u00adgra\u00adti\u00adon in ein ge\u00adne\u00adra\u00adti\u00adons\u00ad\u00fcber\u00adgrei\u00adfen\u00addes Netz\u00adwerk zu er\u00adm\u00f6g\u00adli\u00adchen. In\u00adte\u00adgra\u00adti\u00adon und Bil\u00addung Das Mehr\u00adge\u00adne\u00adra\u00adtio\u00adnen\u00adhaus Ha\u00df\u00adfurt ist ein Ort der Be\u00adgeg\u00adnung, des Aus\u00adtauschs und der Beteiligung&nbsp;<\/p>\n<p class=\"excerpt-link\"><a class=\"read-more\" href=\"https:\/\/www.mehrgenerationenhaus-hassfurt.de\/mgh\/zusammenhalt-foerdern-integration\/\">Read More \u2192<\/a><\/p>\n","protected":false},"author":3,"featured_media":0,"parent":0,"menu_order":0,"comment_status":"closed","ping_status":"closed","template":"","meta":{"inline_featured_image":false,"wp_typography_post_enhancements_disabled":false,"_mc_calendar":[],"footnotes":""},"class_list":["post-22665","page","type-page","status-publish","hentry"],"yoast_head":"<!-- This site is optimized with the Yoast SEO plugin v27.5 - https:\/\/yoast.com\/product\/yoast-seo-wordpress\/ -->\n<title>Zusammenhalt f\u00f6rdern, Integration st\u00e4rken | MGH Ha\u00dffurt<\/title>\n<meta name=\"description\" content=\"Das Bay. Staatsministerium f. Familie, Arbeit u. Soziales f\u00f6rdert Aktionen und Projekte zur Integration und Teilhabe von Menschen ...\" \/>\n<meta name=\"robots\" content=\"index, follow, max-snippet:-1, max-image-preview:large, max-video-preview:-1\" \/>\n<link rel=\"canonical\" href=\"https:\/\/www.mehrgenerationenhaus-hassfurt.de\/mgh\/zusammenhalt-foerdern-integration\/\" \/>\n<meta property=\"og:locale\" content=\"de_DE\" \/>\n<meta property=\"og:type\" content=\"article\" \/>\n<meta property=\"og:title\" content=\"Zusammenhalt f\u00f6rdern, Integration st\u00e4rken | MGH Ha\u00dffurt\" \/>\n<meta property=\"og:description\" content=\"Das Bay. Staatsministerium f. Familie, Arbeit u. Soziales f\u00f6rdert Aktionen und Projekte zur Integration und Teilhabe von Menschen ...\" \/>\n<meta property=\"og:url\" content=\"https:\/\/www.mehrgenerationenhaus-hassfurt.de\/mgh\/zusammenhalt-foerdern-integration\/\" \/>\n<meta property=\"og:site_name\" content=\"Mehrgenerationenhaus Ha\u00dffurt\" \/>\n<meta property=\"article:publisher\" content=\"https:\/\/de-de.facebook.com\/mehrgenerationenhausHAS\/\" \/>\n<meta property=\"article:modified_time\" content=\"2022-08-23T12:26:05+00:00\" \/>\n<meta property=\"og:image\" content=\"https:\/\/www.mehrgenerationenhaus-hassfurt.de\/mgh\/wp-cnt\/uploads\/zfis2022_c1_580.jpg\" \/>\n<!-- \/ Yoast SEO plugin. -->","yoast_head_json":{"title":"Zusammenhalt f\u00f6rdern, Integration st\u00e4rken | MGH Ha\u00dffurt","description":"Das Bay. Staatsministerium f. Familie, Arbeit u. Soziales f\u00f6rdert Aktionen und Projekte zur Integration und Teilhabe von Menschen ...","robots":{"index":"index","follow":"follow","max-snippet":"max-snippet:-1","max-image-preview":"max-image-preview:large","max-video-preview":"max-video-preview:-1"},"canonical":"https:\/\/www.mehrgenerationenhaus-hassfurt.de\/mgh\/zusammenhalt-foerdern-integration\/","og_locale":"de_DE","og_type":"article","og_title":"Zusammenhalt f\u00f6rdern, Integration st\u00e4rken | MGH Ha\u00dffurt","og_description":"Das Bay. Staatsministerium f. Familie, Arbeit u. Soziales f\u00f6rdert Aktionen und Projekte zur Integration und Teilhabe von Menschen ...","og_url":"https:\/\/www.mehrgenerationenhaus-hassfurt.de\/mgh\/zusammenhalt-foerdern-integration\/","og_site_name":"Mehrgenerationenhaus Ha\u00dffurt","article_publisher":"https:\/\/de-de.facebook.com\/mehrgenerationenhausHAS\/","article_modified_time":"2022-08-23T12:26:05+00:00","og_image":[{"url":"https:\/\/www.mehrgenerationenhaus-hassfurt.de\/mgh\/wp-cnt\/uploads\/zfis2022_c1_580.jpg","type":"","width":"","height":""}],"schema":{"@context":"https:\/\/schema.org","@graph":[{"@type":"WebPage","@id":"https:\/\/www.mehrgenerationenhaus-hassfurt.de\/mgh\/zusammenhalt-foerdern-integration\/","url":"https:\/\/www.mehrgenerationenhaus-hassfurt.de\/mgh\/zusammenhalt-foerdern-integration\/","name":"Zusammenhalt f\u00f6rdern, Integration st\u00e4rken | MGH Ha\u00dffurt","isPartOf":{"@id":"https:\/\/www.mehrgenerationenhaus-hassfurt.de\/mgh\/#website"},"primaryImageOfPage":{"@id":"https:\/\/www.mehrgenerationenhaus-hassfurt.de\/mgh\/zusammenhalt-foerdern-integration\/#primaryimage"},"image":{"@id":"https:\/\/www.mehrgenerationenhaus-hassfurt.de\/mgh\/zusammenhalt-foerdern-integration\/#primaryimage"},"thumbnailUrl":"https:\/\/www.mehrgenerationenhaus-hassfurt.de\/mgh\/wp-cnt\/uploads\/zfis2022_c1_580.jpg","datePublished":"2016-04-07T07:08:47+00:00","dateModified":"2022-08-23T12:26:05+00:00","description":"Das Bay. Staatsministerium f. Familie, Arbeit u. Soziales f\u00f6rdert Aktionen und Projekte zur Integration und Teilhabe von Menschen ...","breadcrumb":{"@id":"https:\/\/www.mehrgenerationenhaus-hassfurt.de\/mgh\/zusammenhalt-foerdern-integration\/#breadcrumb"},"inLanguage":"de","potentialAction":[{"@type":"ReadAction","target":["https:\/\/www.mehrgenerationenhaus-hassfurt.de\/mgh\/zusammenhalt-foerdern-integration\/"]}]},{"@type":"ImageObject","inLanguage":"de","@id":"https:\/\/www.mehrgenerationenhaus-hassfurt.de\/mgh\/zusammenhalt-foerdern-integration\/#primaryimage","url":"https:\/\/www.mehrgenerationenhaus-hassfurt.de\/mgh\/wp-cnt\/uploads\/zfis2022_c1_580.jpg","contentUrl":"https:\/\/www.mehrgenerationenhaus-hassfurt.de\/mgh\/wp-cnt\/uploads\/zfis2022_c1_580.jpg","width":580,"height":191,"caption":"Zusammenhalt f\u00f6rdern, Integration st\u00e4rken"},{"@type":"BreadcrumbList","@id":"https:\/\/www.mehrgenerationenhaus-hassfurt.de\/mgh\/zusammenhalt-foerdern-integration\/#breadcrumb","itemListElement":[{"@type":"ListItem","position":1,"name":"Startseite","item":"https:\/\/www.mehrgenerationenhaus-hassfurt.de\/mgh\/"},{"@type":"ListItem","position":2,"name":"Zusammenhalt f\u00f6rdern, Integration st\u00e4rken"}]},{"@type":"WebSite","@id":"https:\/\/www.mehrgenerationenhaus-hassfurt.de\/mgh\/#website","url":"https:\/\/www.mehrgenerationenhaus-hassfurt.de\/mgh\/","name":"Mehrgenerationenhaus Ha\u00dffurt","description":"Mehrgenerationenhaus Ha\u00dffurt","publisher":{"@id":"https:\/\/www.mehrgenerationenhaus-hassfurt.de\/mgh\/#organization"},"potentialAction":[{"@type":"SearchAction","target":{"@type":"EntryPoint","urlTemplate":"https:\/\/www.mehrgenerationenhaus-hassfurt.de\/mgh\/?s={search_term_string}"},"query-input":{"@type":"PropertyValueSpecification","valueRequired":true,"valueName":"search_term_string"}}],"inLanguage":"de"},{"@type":"Organization","@id":"https:\/\/www.mehrgenerationenhaus-hassfurt.de\/mgh\/#organization","name":"Mehrgenerationenhaus Ha\u00dffurt","url":"https:\/\/www.mehrgenerationenhaus-hassfurt.de\/mgh\/","logo":{"@type":"ImageObject","inLanguage":"de","@id":"https:\/\/www.mehrgenerationenhaus-hassfurt.de\/mgh\/#\/schema\/logo\/image\/","url":"https:\/\/www.mehrgenerationenhaus-hassfurt.de\/mgh\/wp-cnt\/uploads\/MGH_Logo_2020_hassfurt-scaled.jpg","contentUrl":"https:\/\/www.mehrgenerationenhaus-hassfurt.de\/mgh\/wp-cnt\/uploads\/MGH_Logo_2020_hassfurt-scaled.jpg","width":2560,"height":1162,"caption":"Mehrgenerationenhaus Ha\u00dffurt"},"image":{"@id":"https:\/\/www.mehrgenerationenhaus-hassfurt.de\/mgh\/#\/schema\/logo\/image\/"},"sameAs":["https:\/\/de-de.facebook.com\/mehrgenerationenhausHAS\/"]}]}},"publishpress_future_workflow_manual_trigger":{"enabledWorkflows":[]},"_links":{"self":[{"href":"https:\/\/www.mehrgenerationenhaus-hassfurt.de\/mgh\/wp-json\/wp\/v2\/pages\/22665","targetHints":{"allow":["GET"]}}],"collection":[{"href":"https:\/\/www.mehrgenerationenhaus-hassfurt.de\/mgh\/wp-json\/wp\/v2\/pages"}],"about":[{"href":"https:\/\/www.mehrgenerationenhaus-hassfurt.de\/mgh\/wp-json\/wp\/v2\/types\/page"}],"author":[{"embeddable":true,"href":"https:\/\/www.mehrgenerationenhaus-hassfurt.de\/mgh\/wp-json\/wp\/v2\/users\/3"}],"replies":[{"embeddable":true,"href":"https:\/\/www.mehrgenerationenhaus-hassfurt.de\/mgh\/wp-json\/wp\/v2\/comments?post=22665"}],"version-history":[{"count":0,"href":"https:\/\/www.mehrgenerationenhaus-hassfurt.de\/mgh\/wp-json\/wp\/v2\/pages\/22665\/revisions"}],"wp:attachment":[{"href":"https:\/\/www.mehrgenerationenhaus-hassfurt.de\/mgh\/wp-json\/wp\/v2\/media?parent=22665"}],"curies":[{"name":"wp","href":"https:\/\/api.w.org\/{rel}","templated":true}]}}