{"id":22992,"date":"2016-05-11T11:16:42","date_gmt":"2016-05-11T09:16:42","guid":{"rendered":"https:\/\/www.mehrgenerationenhaus-hassfurt.de\/mgh\/?page_id=22992"},"modified":"2025-11-25T10:06:05","modified_gmt":"2025-11-25T09:06:05","slug":"begleiteter-baby-kleinkindtreff","status":"publish","type":"page","link":"https:\/\/www.mehrgenerationenhaus-hassfurt.de\/mgh\/angebote\/begleiteter-baby-kleinkindtreff\/","title":{"rendered":"Begleiteter Baby- und Kleinkindtreff  <span class=\"push-double\"><\/span>\u200b<span class=\"pull-double\">\u201e<\/span>Spiel Mit\u201c"},"content":{"rendered":"<h1 style=\"margin-top: 58px; font-weight: normal;\">Begleiteter Baby- und Kleinkindtreff <br><span class=\"push-double\"><\/span>\u200b<span class=\"pull-double\">\u201e<\/span>Spiel Mit\u201c<\/h1>\n<p><img loading=\"lazy\" decoding=\"async\" src=\"https:\/\/www.mehrgenerationenhaus-hassfurt.de\/mgh\/wp-cnt\/uploads\/hdc_rr_betr-babyklein_580.jpg\" alt=\"Betreuter Baby- und Kleinkindtreff &quot;Spiel Mit&quot; (Foto\/s: Ren\u00e9 Ruprecht)\" width=\"580\" height=\"125\" class=\"alignnone size-full wp-image-50242\" srcset=\"https:\/\/www.mehrgenerationenhaus-hassfurt.de\/mgh\/wp-cnt\/uploads\/hdc_rr_betr-babyklein_580.jpg 580w, https:\/\/www.mehrgenerationenhaus-hassfurt.de\/mgh\/wp-cnt\/uploads\/hdc_rr_betr-babyklein_580-300x65.jpg 300w\" sizes=\"auto, (max-width: 580px) 100vw, 580px\"><\/p>\n<p style=\"margin-top: 12px;\"><strong>In un\u00adse\u00adren be\u00adglei\u00adte\u00adten Baby- und Klein\u00adkind\u00adtreffs steht ge\u00admein\u00adsa\u00admes Spie\u00adlen und Ler\u00adnen f\u00fcr Ba\u00adbys, Klein\u00adkin\u00adder, de\u00adren El\u00adtern und Gro\u00df\u00adel\u00adtern in sch\u00f6\u00adner At\u00admo\u00adsph\u00e4\u00adre im viel\u00adf\u00e4l\u00adti\u00adgen Kin\u00adder\u00adbe\u00adreich im Vordergrund.&nbsp;<\/strong><\/p>\n<p>Der Baby- und Klein\u00adkind\u00adtreff <span class=\"push-double\"><\/span>\u200b<span class=\"pull-double\">\u201e<\/span>Spiel Mit\u201c bringt die M\u00f6g\u00adlich\u00adkeit, in ge\u00adm\u00fct\u00adli\u00adcher At\u00admo\u00adsph\u00e4\u00adre Kon\u00adtak\u00adte zu kn\u00fcp\u00adfen und sich mit an\u00adde\u00adren El\u00adtern aus\u00adzu\u00adtau\u00adschen. Eine P\u00e4d\u00adago\u00adgin lei\u00adtet den ge\u00admein\u00adsa\u00admen Sing- und Spiel\u00adkreis, der auch schon die Kleins\u00adten lang\u00adsam auf den \u00dcber\u00adgang in die Kita vor\u00adbe\u00adrei\u00adtet. Fer\u00adner ste\u00adhen die P\u00e4d\u00adago\u00adgin\u00adnen den El\u00adtern auch bei Fra\u00adgen im Fa\u00admi\u00adli\u00aden\u00adall\u00adtag so\u00adwie bei Er\u00adzie\u00adhungs\u00adfra\u00adgen un\u00adter\u00adst\u00fct\u00adzend und be\u00adglei\u00adtend zur Sei\u00adte. Sie in\u00adfor\u00admie\u00adren auch \u00fcber die ver\u00adschie\u00addens\u00adten fa\u00admi\u00adli\u00aden\u00adun\u00adter\u00adst\u00fct\u00adzen\u00adden und fa\u00admi\u00adli\u00aden\u00adent\u00adlas\u00adte\u00adten An\u00adge\u00adbo\u00adte des Mehr\u00adge\u00adne\u00adra\u00adtio\u00adnen\u00adhau\u00adses und de\u00adren Ko\u00adope\u00adra\u00adti\u00adons\u00adpart\u00adnern in der Kom\u00admu\u00adne. Da\u00adbei ste\u00adhen die fr\u00fc\u00adhe Bil\u00addung und die Chan\u00adcen\u00adgleich\u00adheit der Kin\u00adder im\u00admer im Vordergrund.<\/p>\n<p>Die Kin\u00adder im Al\u00adter von 0 bis 3 Jah\u00adren er\u00adhal\u00adten in der Grup\u00adpe die Ge\u00adle\u00adgen\u00adheit, ers\u00adte au\u00ad\u00dfer\u00adh\u00e4us\u00adli\u00adche Kon\u00adtak\u00adte zu kn\u00fcp\u00adfen, so\u00adzia\u00adle Ver\u00adhal\u00adtens\u00adwei\u00adsen aus\u00adzu\u00adpro\u00adbie\u00adren, neue Er\u00adfah\u00adrun\u00adgen zu sam\u00admeln und Freu\u00adde am ge\u00admein\u00adsa\u00admen Sin\u00adgen, Bas\u00adteln und Spie\u00adlen zu entwickeln.&nbsp;<\/p>\n<p>Zu\u00addem gibt es in re\u00adgel\u00adm\u00e4\u00ad\u00dfi\u00adgen Ab\u00adst\u00e4n\u00adden zu spe\u00adzi\u00adfi\u00adschen The\u00admen In\u00adfor\u00adma\u00adti\u00adons\u00adver\u00adan\u00adstal\u00adtun\u00adgen mit Vor\u00adtr\u00e4\u00adgen rund um die Be\u00add\u00fcrf\u00adnis\u00adse und Be\u00addar\u00adfe der Fa\u00admi\u00adli\u00aden. Hier\u00adf\u00fcr steht dem Mehr\u00adge\u00adne\u00adra\u00adtio\u00adnen\u00adhaus ein orts\u00adan\u00ads\u00e4s\u00adsi\u00adges <strong><a href=\"https:\/\/www.mehrgenerationenhaus-hassfurt.de\/mgh\/expertennetzwerk\/\">Ex\u00adper\u00adten\u00adnetz\u00adwerk<\/a><\/strong> mit ver\u00adschie\u00adde\u00adnen Un\u00adter\u00adneh\u00admern und Un\u00adter\u00adneh\u00adme\u00adrin\u00adnen zur Sei\u00adte, die \u00fcber ihre je\u00adwei\u00adli\u00adgen Schwer\u00adpunk\u00adte informieren.<\/p>\n<div>\n<table>\n<tbody>\n<tr>\n<th align=\"left\" valign=\"top\">Wo<\/th>\n<td class=\"cellgray\">Mehr\u00adge\u00adne\u00adra\u00adtio\u00adnen\u00adhaus Ha\u00dffurt<br>\nBRK Kreis\u00adver\u00adband Ha\u00dfberge<br>\n1. OG \u2013 Kinderbereich<br>\nMarkt\u00adplatz 10<br>\n97437 Ha\u00dffurt<\/td>\n<\/tr>\n<tr>\n<th align=\"left\" valign=\"top\">Wann<\/th>\n<td class=\"cellgray\">Mon\u00adtags, ab 9:30&nbsp;Uhr<br>\nMitt\u00adwochs, ab 9:30&nbsp;Uhr<br>\nDon\u00adners\u00adtags, ab 9:30&nbsp;Uhr<\/td>\n<\/tr>\n<tr>\n<th align=\"left\" valign=\"top\">An\u00admel\u00addung\n<\/th><td class=\"cellgray\" align=\"left\" valign=\"top\" width=\"430\">nicht not\u00adwen\u00addig<\/td>\n<\/tr>\n<tr>\n<th align=\"left\" valign=\"top\">Kos\u00adten\n<\/th><td class=\"cellgray\" align=\"left\" valign=\"top\" width=\"430\">Kei\u00adne<\/td>\n<\/tr>\n<\/tbody>\n<\/table>\n<\/div>\n","protected":false},"excerpt":{"rendered":"<p>Be\u00adglei\u00adte\u00adter Baby- und Klein\u00adkind\u00adtreff \u200b\u201eSpiel Mit\u201c In un\u00adse\u00adren be\u00adglei\u00adte\u00adten Baby- und Klein\u00adkind\u00adtreffs steht ge\u00admein\u00adsa\u00admes Spie\u00adlen und Ler\u00adnen f\u00fcr Ba\u00adbys, Klein\u00adkin\u00adder, de\u00adren El\u00adtern und Gro\u00df\u00adel\u00adtern in sch\u00f6\u00adner At\u00admo\u00adsph\u00e4\u00adre im viel\u00adf\u00e4l\u00adti\u00adgen Kin\u00adder\u00adbe\u00adreich im Vor\u00adder\u00adgrund.&nbsp; Der Baby- und Klein\u00adkind\u00adtreff \u200b\u201eSpiel Mit\u201c bringt die M\u00f6g\u00adlich\u00adkeit, in ge\u00adm\u00fct\u00adli\u00adcher At\u00admo\u00adsph\u00e4\u00adre Kon\u00adtak\u00adte zu kn\u00fcp\u00adfen und sich mit an\u00adde\u00adren El\u00adtern aus\u00adzu\u00adtau\u00adschen. Eine P\u00e4dagogin&nbsp;<\/p>\n<p class=\"excerpt-link\"><a class=\"read-more\" href=\"https:\/\/www.mehrgenerationenhaus-hassfurt.de\/mgh\/angebote\/begleiteter-baby-kleinkindtreff\/\">Read More \u2192<\/a><\/p>\n","protected":false},"author":3,"featured_media":0,"parent":219,"menu_order":0,"comment_status":"closed","ping_status":"closed","template":"","meta":{"inline_featured_image":false,"wp_typography_post_enhancements_disabled":false,"_mc_calendar":[],"footnotes":""},"class_list":["post-22992","page","type-page","status-publish","hentry"],"yoast_head":"<!-- This site is optimized with the Yoast SEO plugin v27.3 - https:\/\/yoast.com\/product\/yoast-seo-wordpress\/ -->\n<title>Begleiteter Baby- und Kleinkindtreff \u201eSpiel Mit\u201c | MGH Ha\u00dffurt<\/title>\n<meta name=\"description\" content=\"In unseren begleiteten Baby- und Kleinkindtreffs steht gemeinsames Spielen und Lernen f\u00fcr Babys, Kleinkinder, deren Eltern, Gro\u00dfeltern...\" \/>\n<meta name=\"robots\" content=\"index, follow, max-snippet:-1, max-image-preview:large, max-video-preview:-1\" \/>\n<link rel=\"canonical\" href=\"https:\/\/www.mehrgenerationenhaus-hassfurt.de\/mgh\/angebote\/begleiteter-baby-kleinkindtreff\/\" \/>\n<meta property=\"og:locale\" content=\"de_DE\" \/>\n<meta property=\"og:type\" content=\"article\" \/>\n<meta property=\"og:title\" content=\"Begleiteter Baby- und Kleinkindtreff \u201eSpiel Mit\u201c | MGH Ha\u00dffurt\" \/>\n<meta property=\"og:description\" content=\"In unseren begleiteten Baby- und Kleinkindtreffs steht gemeinsames Spielen und Lernen f\u00fcr Babys, Kleinkinder, deren Eltern, Gro\u00dfeltern...\" \/>\n<meta property=\"og:url\" content=\"https:\/\/www.mehrgenerationenhaus-hassfurt.de\/mgh\/angebote\/begleiteter-baby-kleinkindtreff\/\" \/>\n<meta property=\"og:site_name\" content=\"Mehrgenerationenhaus Ha\u00dffurt\" \/>\n<meta property=\"article:publisher\" content=\"https:\/\/de-de.facebook.com\/mehrgenerationenhausHAS\/\" \/>\n<meta property=\"article:modified_time\" content=\"2025-11-25T09:06:05+00:00\" \/>\n<meta property=\"og:image\" content=\"https:\/\/www.mehrgenerationenhaus-hassfurt.de\/mgh\/wp-cnt\/uploads\/hdc_rr_betr-babyklein_580.jpg\" \/>\n\t<meta property=\"og:image:width\" content=\"580\" \/>\n\t<meta property=\"og:image:height\" content=\"125\" \/>\n\t<meta property=\"og:image:type\" content=\"image\/jpeg\" \/>\n<!-- \/ Yoast SEO plugin. -->","yoast_head_json":{"title":"Begleiteter Baby- und Kleinkindtreff \u201eSpiel Mit\u201c | MGH Ha\u00dffurt","description":"In unseren begleiteten Baby- und Kleinkindtreffs steht gemeinsames Spielen und Lernen f\u00fcr Babys, Kleinkinder, deren Eltern, Gro\u00dfeltern...","robots":{"index":"index","follow":"follow","max-snippet":"max-snippet:-1","max-image-preview":"max-image-preview:large","max-video-preview":"max-video-preview:-1"},"canonical":"https:\/\/www.mehrgenerationenhaus-hassfurt.de\/mgh\/angebote\/begleiteter-baby-kleinkindtreff\/","og_locale":"de_DE","og_type":"article","og_title":"Begleiteter Baby- und Kleinkindtreff \u201eSpiel Mit\u201c | MGH Ha\u00dffurt","og_description":"In unseren begleiteten Baby- und Kleinkindtreffs steht gemeinsames Spielen und Lernen f\u00fcr Babys, Kleinkinder, deren Eltern, Gro\u00dfeltern...","og_url":"https:\/\/www.mehrgenerationenhaus-hassfurt.de\/mgh\/angebote\/begleiteter-baby-kleinkindtreff\/","og_site_name":"Mehrgenerationenhaus Ha\u00dffurt","article_publisher":"https:\/\/de-de.facebook.com\/mehrgenerationenhausHAS\/","article_modified_time":"2025-11-25T09:06:05+00:00","og_image":[{"width":580,"height":125,"url":"https:\/\/www.mehrgenerationenhaus-hassfurt.de\/mgh\/wp-cnt\/uploads\/hdc_rr_betr-babyklein_580.jpg","type":"image\/jpeg"}],"schema":{"@context":"https:\/\/schema.org","@graph":[{"@type":"WebPage","@id":"https:\/\/www.mehrgenerationenhaus-hassfurt.de\/mgh\/angebote\/begleiteter-baby-kleinkindtreff\/","url":"https:\/\/www.mehrgenerationenhaus-hassfurt.de\/mgh\/angebote\/begleiteter-baby-kleinkindtreff\/","name":"Begleiteter Baby- und Kleinkindtreff \u201eSpiel Mit\u201c | MGH Ha\u00dffurt","isPartOf":{"@id":"https:\/\/www.mehrgenerationenhaus-hassfurt.de\/mgh\/#website"},"primaryImageOfPage":{"@id":"https:\/\/www.mehrgenerationenhaus-hassfurt.de\/mgh\/angebote\/begleiteter-baby-kleinkindtreff\/#primaryimage"},"image":{"@id":"https:\/\/www.mehrgenerationenhaus-hassfurt.de\/mgh\/angebote\/begleiteter-baby-kleinkindtreff\/#primaryimage"},"thumbnailUrl":"https:\/\/www.mehrgenerationenhaus-hassfurt.de\/mgh\/wp-cnt\/uploads\/hdc_rr_betr-babyklein_580.jpg","datePublished":"2016-05-11T09:16:42+00:00","dateModified":"2025-11-25T09:06:05+00:00","description":"In unseren begleiteten Baby- und Kleinkindtreffs steht gemeinsames Spielen und Lernen f\u00fcr Babys, Kleinkinder, deren Eltern, Gro\u00dfeltern...","breadcrumb":{"@id":"https:\/\/www.mehrgenerationenhaus-hassfurt.de\/mgh\/angebote\/begleiteter-baby-kleinkindtreff\/#breadcrumb"},"inLanguage":"de","potentialAction":[{"@type":"ReadAction","target":["https:\/\/www.mehrgenerationenhaus-hassfurt.de\/mgh\/angebote\/begleiteter-baby-kleinkindtreff\/"]}]},{"@type":"ImageObject","inLanguage":"de","@id":"https:\/\/www.mehrgenerationenhaus-hassfurt.de\/mgh\/angebote\/begleiteter-baby-kleinkindtreff\/#primaryimage","url":"https:\/\/www.mehrgenerationenhaus-hassfurt.de\/mgh\/wp-cnt\/uploads\/hdc_rr_betr-babyklein_580.jpg","contentUrl":"https:\/\/www.mehrgenerationenhaus-hassfurt.de\/mgh\/wp-cnt\/uploads\/hdc_rr_betr-babyklein_580.jpg","width":580,"height":125,"caption":"Betreuter Baby- und Kleinkindtreff \"Spiel Mit\" (Fotos: Ren\u00e9 Ruprecht)"},{"@type":"BreadcrumbList","@id":"https:\/\/www.mehrgenerationenhaus-hassfurt.de\/mgh\/angebote\/begleiteter-baby-kleinkindtreff\/#breadcrumb","itemListElement":[{"@type":"ListItem","position":1,"name":"Startseite","item":"https:\/\/www.mehrgenerationenhaus-hassfurt.de\/mgh\/"},{"@type":"ListItem","position":2,"name":"Angebote und Dienstleistungen","item":"https:\/\/www.mehrgenerationenhaus-hassfurt.de\/mgh\/angebote\/"},{"@type":"ListItem","position":3,"name":"Begleiteter Baby- und Kleinkindtreff \u201eSpiel Mit\u201c"}]},{"@type":"WebSite","@id":"https:\/\/www.mehrgenerationenhaus-hassfurt.de\/mgh\/#website","url":"https:\/\/www.mehrgenerationenhaus-hassfurt.de\/mgh\/","name":"Mehrgenerationenhaus Ha\u00dffurt","description":"Mehrgenerationenhaus Ha\u00dffurt","publisher":{"@id":"https:\/\/www.mehrgenerationenhaus-hassfurt.de\/mgh\/#organization"},"potentialAction":[{"@type":"SearchAction","target":{"@type":"EntryPoint","urlTemplate":"https:\/\/www.mehrgenerationenhaus-hassfurt.de\/mgh\/?s={search_term_string}"},"query-input":{"@type":"PropertyValueSpecification","valueRequired":true,"valueName":"search_term_string"}}],"inLanguage":"de"},{"@type":"Organization","@id":"https:\/\/www.mehrgenerationenhaus-hassfurt.de\/mgh\/#organization","name":"Mehrgenerationenhaus Ha\u00dffurt","url":"https:\/\/www.mehrgenerationenhaus-hassfurt.de\/mgh\/","logo":{"@type":"ImageObject","inLanguage":"de","@id":"https:\/\/www.mehrgenerationenhaus-hassfurt.de\/mgh\/#\/schema\/logo\/image\/","url":"https:\/\/www.mehrgenerationenhaus-hassfurt.de\/mgh\/wp-cnt\/uploads\/MGH_Logo_2020_hassfurt-scaled.jpg","contentUrl":"https:\/\/www.mehrgenerationenhaus-hassfurt.de\/mgh\/wp-cnt\/uploads\/MGH_Logo_2020_hassfurt-scaled.jpg","width":2560,"height":1162,"caption":"Mehrgenerationenhaus Ha\u00dffurt"},"image":{"@id":"https:\/\/www.mehrgenerationenhaus-hassfurt.de\/mgh\/#\/schema\/logo\/image\/"},"sameAs":["https:\/\/de-de.facebook.com\/mehrgenerationenhausHAS\/"]}]}},"publishpress_future_workflow_manual_trigger":{"enabledWorkflows":[]},"_links":{"self":[{"href":"https:\/\/www.mehrgenerationenhaus-hassfurt.de\/mgh\/wp-json\/wp\/v2\/pages\/22992","targetHints":{"allow":["GET"]}}],"collection":[{"href":"https:\/\/www.mehrgenerationenhaus-hassfurt.de\/mgh\/wp-json\/wp\/v2\/pages"}],"about":[{"href":"https:\/\/www.mehrgenerationenhaus-hassfurt.de\/mgh\/wp-json\/wp\/v2\/types\/page"}],"author":[{"embeddable":true,"href":"https:\/\/www.mehrgenerationenhaus-hassfurt.de\/mgh\/wp-json\/wp\/v2\/users\/3"}],"replies":[{"embeddable":true,"href":"https:\/\/www.mehrgenerationenhaus-hassfurt.de\/mgh\/wp-json\/wp\/v2\/comments?post=22992"}],"version-history":[{"count":0,"href":"https:\/\/www.mehrgenerationenhaus-hassfurt.de\/mgh\/wp-json\/wp\/v2\/pages\/22992\/revisions"}],"up":[{"embeddable":true,"href":"https:\/\/www.mehrgenerationenhaus-hassfurt.de\/mgh\/wp-json\/wp\/v2\/pages\/219"}],"wp:attachment":[{"href":"https:\/\/www.mehrgenerationenhaus-hassfurt.de\/mgh\/wp-json\/wp\/v2\/media?parent=22992"}],"curies":[{"name":"wp","href":"https:\/\/api.w.org\/{rel}","templated":true}]}}