{"id":23817,"date":"2016-06-10T12:38:48","date_gmt":"2016-06-10T10:38:48","guid":{"rendered":"https:\/\/www.mehrgenerationenhaus-hassfurt.de\/mgh\/?page_id=23817"},"modified":"2023-10-10T11:14:36","modified_gmt":"2023-10-10T09:14:36","slug":"sprachcafe","status":"publish","type":"page","link":"https:\/\/www.mehrgenerationenhaus-hassfurt.de\/mgh\/angebote\/sprachcafe\/","title":{"rendered":"Sprachcaf\u00e9"},"content":{"rendered":"<p><img loading=\"lazy\" decoding=\"async\" src=\"https:\/\/www.mehrgenerationenhaus-hassfurt.de\/mgh\/wp-cnt\/uploads\/sprachcafe2023_c580.jpg\" alt=\"Sprachcaf\u00e9\" width=\"580\" height=\"125\" class=\"alignnone size-full wp-image-53516\" srcset=\"https:\/\/www.mehrgenerationenhaus-hassfurt.de\/mgh\/wp-cnt\/uploads\/sprachcafe2023_c580.jpg 580w, https:\/\/www.mehrgenerationenhaus-hassfurt.de\/mgh\/wp-cnt\/uploads\/sprachcafe2023_c580-300x65.jpg 300w\" sizes=\"auto, (max-width: 580px) 100vw, 580px\"><\/p>\n<p>Men\u00adschen je\u00adden Al\u00adters und je\u00adder Her\u00adkunft wer\u00adden in un\u00adser Haus in\u00adte\u00adgriert und k\u00f6n\u00adnen sich mit ih\u00adren Ta\u00adlen\u00adten und Hob\u00adbys in Pro\u00adjek\u00adte und An\u00adge\u00adbo\u00adte ein\u00adbrin\u00adgen. Al\u00adlen wer\u00adden so glei\u00adche Bil\u00addungs- und Teil\u00adha\u00adbe\u00adchan\u00adcen ge\u00adbo\u00adten, um zu per\u00ads\u00f6n\u00adli\u00adchem Er\u00adfolg und po\u00adsi\u00adti\u00adven Er\u00adleb\u00adnis\u00adsen bei\u00adzu\u00adtra\u00adgen. Un\u00adser Weg be\u00adschreibt auch das Ziel: <span class=\"push-double\"><\/span>\u200b<span class=\"pull-double\">\u201e<\/span>Zu\u00adsam\u00admen\u00adhalt f\u00f6r\u00addern, In\u00adte\u00adgra\u00adti\u00adon st\u00e4rken.\u201c<\/p>\n<p>Un\u00adser Sprach\u00adca\u00adf\u00e9 l\u00e4dt Men\u00adschen mit und ohne Mi\u00adgra\u00adti\u00adons\u00adhin\u00adter\u00adgrund oder Flucht\u00adge\u00adschich\u00adte ein. Es ist ein gern ge\u00adnutz\u00adter Ort, um mit\u00adein\u00adan\u00adder Zeit zu ver\u00adbrin\u00adgen, sich ge\u00adgen\u00adsei\u00adtig zu un\u00adter\u00adst\u00fct\u00adzen und sich ge\u00adstal\u00adtungs\u00adori\u00aden\u00adtiert mit den ei\u00adge\u00adnen Ta\u00adlen\u00adten und Hob\u00adbys ein\u00adzu\u00adbrin\u00adgen. Ge\u00admein\u00adsa\u00admes Ko\u00adchen, Tan\u00adzen, Sin\u00adgen, Le\u00adsen, Trom\u00admeln u. vie\u00adles mehr be\u00adrei\u00adchert das viel\u00adf\u00e4l\u00adti\u00adge Miteinander.&nbsp;<\/p>\n<p>So\u00admit wird zum sprach\u00adli\u00adchen, so\u00adzia\u00adlen und kul\u00adtu\u00adrel\u00adlen Aus\u00adtausch ein\u00adge\u00adla\u00adden, Hem\u00admun\u00adgen k\u00f6n\u00adnen ab\u00adge\u00adbaut wer\u00adden. Die Men\u00adschen ler\u00adnen von\u00adein\u00adan\u00adder, pro\u00adbie\u00adren Neu\u00ades aus und kn\u00fcp\u00adfen Kon\u00adtak\u00adte, aus de\u00adnen Freund\u00adschaf\u00adten entstehen.&nbsp;<\/p>\n<p>Fa\u00admi\u00adli\u00aden mit Mi\u00adgra\u00adti\u00adons\u00adhin\u00adter\u00adgrund oder Flucht\u00adge\u00adschich\u00adte fin\u00adden hier ei\u00adnen nied\u00adrig\u00adschwel\u00adli\u00adgen Zu\u00adgang, bei ge\u00admein\u00adsa\u00admen Ak\u00adtio\u00adnen und Ge\u00adspr\u00e4\u00adchen ihre Ein\u00adglie\u00adde\u00adrung in die Ge\u00adsell\u00adschaft zu st\u00e4r\u00adken. Frei\u00adwil\u00adlig En\u00adga\u00adgier\u00adte be\u00adrei\u00adchern das Sprach\u00adca\u00adf\u00e9 durch ei\u00adge\u00adne Bei\u00adtr\u00e4\u00adge. <span class=\"push-double\"><\/span>\u200b<span class=\"pull-double\">\u201e<\/span>Je\u00adder Mensch hat ein Ta\u00adlent\u201c die\u00adses Mot\u00adto er\u00adwe\u00adcken wir im Sprach\u00adca\u00adf\u00e9 zum Le\u00adben \u2013 \u00fcber alle Gren\u00adzen hin\u00adweg. Denn un\u00adse\u00adre Ak\u00adtio\u00adnen im Sprach\u00adca\u00adf\u00e9 sind so viel\u00adsei\u00adtig wie un\u00adse\u00adre Teil\u00adneh\u00adme\u00adrin\u00adnen und Teilnehmer.<\/p>\n<p>Sie ha\u00adben ein be\u00adson\u00adde\u00adres Ta\u00adlent oder Hob\u00adby? Las\u00adsen Sie an\u00adde\u00adre dar\u00adan teilhaben!<\/p>\n<div>\n<table>\n<tbody>\n<tr>\n<th align=\"left\" valign=\"top\">Wo<\/th>\n<td class=\"cellgray\">Mehr\u00adge\u00adne\u00adra\u00adtio\u00adnen\u00adhaus Ha\u00dffurt<br>\nBRK Kreis\u00adver\u00adband Ha\u00dfberge<br>\nMarkt\u00adplatz 10<br>\n97437 Ha\u00dffurt<\/td>\n<\/tr>\n<tr>\n<th align=\"left\" valign=\"top\">Wann<\/th>\n<td class=\"cellgray\">Don\u00adners\u00adtag von 16:00 bis 18:00 Uhr&nbsp;<\/td>\n<\/tr>\n<tr>\n<th align=\"left\" valign=\"top\">An\u00admel\u00addung\n<\/th><td class=\"cellgray\" align=\"left\" valign=\"top\" width=\"430\">Nicht not\u00adwen\u00addig<\/td>\n<\/tr>\n<tr>\n<th align=\"left\" valign=\"top\">Kos\u00adten\n<\/th><td class=\"cellgray\" align=\"left\" valign=\"top\" width=\"430\">Kei\u00adne<\/td>\n<\/tr>\n<\/tbody>\n<\/table>\n<\/div>\n<p>&nbsp;<br>\n<strong>Links zum Thema:<\/strong><\/p>\n<ul style=\"list-style-type: '\u2192 &nbsp;';\">\n<li>Pro\u00adjekt\u00advor\u00adstel\u00adlung <a href=\"https:\/\/www.mehrgenerationenhaus-hassfurt.de\/mgh\/zusammenhalt-foerdern-integration\/\">Zu\u00adsam\u00admen\u00adhalt f\u00f6r\u00addern, In\u00adte\u00adgra\u00adti\u00adon st\u00e4rken<\/a><\/li>\n<li>\u00dcber\u00adsicht der <a href=\"https:\/\/www.mehrgenerationenhaus-hassfurt.de\/mgh\/angebote-zusammenhalt\/\">An\u00adge\u00adbo\u00adte im Pro\u00adjekt Zu\u00adsam\u00admen\u00adhalt f\u00f6r\u00addern, In\u00adte\u00adgra\u00adti\u00adon st\u00e4rken<\/a><\/li>\n<\/ul>\n","protected":false},"excerpt":{"rendered":"<p>Men\u00adschen je\u00adden Al\u00adters und je\u00adder Her\u00adkunft wer\u00adden in un\u00adser Haus in\u00adte\u00adgriert und k\u00f6n\u00adnen sich mit ih\u00adren Ta\u00adlen\u00adten und Hob\u00adbys in Pro\u00adjek\u00adte und An\u00adge\u00adbo\u00adte ein\u00adbrin\u00adgen. Al\u00adlen wer\u00adden so glei\u00adche Bil\u00ad\u00addungs- und Teil\u00adha\u00adbe\u00adchan\u00adcen ge\u00adbo\u00adten, um zu per\u00ads\u00f6n\u00adli\u00adchem Er\u00adfolg und po\u00adsi\u00adti\u00adven Er\u00adleb\u00adnis\u00adsen bei\u00adzu\u00adtra\u00adgen. Un\u00adser Weg be\u00adschreibt auch das Ziel: \u200b\u201eZu\u00adsam\u00admen\u00adhalt f\u00f6r\u00addern, In\u00adte\u00adgra\u00adti\u00adon st\u00e4r\u00adken.\u201c Un\u00adser Sprach\u00adca\u00adf\u00e9 l\u00e4dt Men\u00adschen mit&nbsp;<\/p>\n<p class=\"excerpt-link\"><a class=\"read-more\" href=\"https:\/\/www.mehrgenerationenhaus-hassfurt.de\/mgh\/angebote\/sprachcafe\/\">Read More \u2192<\/a><\/p>\n","protected":false},"author":3,"featured_media":0,"parent":219,"menu_order":0,"comment_status":"closed","ping_status":"closed","template":"","meta":{"inline_featured_image":false,"wp_typography_post_enhancements_disabled":false,"_mc_calendar":[],"footnotes":""},"class_list":["post-23817","page","type-page","status-publish","hentry"],"yoast_head":"<!-- This site is optimized with the Yoast SEO plugin v27.5 - https:\/\/yoast.com\/product\/yoast-seo-wordpress\/ -->\n<title>Sprachcaf\u00e9 | Mehrgenerationenhaus Ha\u00dffurt<\/title>\n<meta name=\"description\" content=\"Donnerstags, 16 - 18 Uhr \u00f6ffnet das Sprachcaf\u00e9 seine T\u00fcren f\u00fcr alle Alt- und Neu-Ha\u00dffurter mit Interesse an sprachlichem und kulturell...\" \/>\n<meta name=\"robots\" content=\"index, follow, max-snippet:-1, max-image-preview:large, max-video-preview:-1\" \/>\n<link rel=\"canonical\" href=\"https:\/\/www.mehrgenerationenhaus-hassfurt.de\/mgh\/angebote\/sprachcafe\/\" \/>\n<meta property=\"og:locale\" content=\"de_DE\" \/>\n<meta property=\"og:type\" content=\"article\" \/>\n<meta property=\"og:title\" content=\"Sprachcaf\u00e9 | Mehrgenerationenhaus Ha\u00dffurt\" \/>\n<meta property=\"og:description\" content=\"Donnerstags, 16 - 18 Uhr \u00f6ffnet das Sprachcaf\u00e9 seine T\u00fcren f\u00fcr alle Alt- und Neu-Ha\u00dffurter mit Interesse an sprachlichem und kulturell...\" \/>\n<meta property=\"og:url\" content=\"https:\/\/www.mehrgenerationenhaus-hassfurt.de\/mgh\/angebote\/sprachcafe\/\" \/>\n<meta property=\"og:site_name\" content=\"Mehrgenerationenhaus Ha\u00dffurt\" \/>\n<meta property=\"article:publisher\" content=\"https:\/\/de-de.facebook.com\/mehrgenerationenhausHAS\/\" \/>\n<meta property=\"article:modified_time\" content=\"2023-10-10T09:14:36+00:00\" \/>\n<meta property=\"og:image\" content=\"https:\/\/www.mehrgenerationenhaus-hassfurt.de\/mgh\/wp-cnt\/uploads\/sprachcafe2023_c580.jpg\" \/>\n<!-- \/ Yoast SEO plugin. -->","yoast_head_json":{"title":"Sprachcaf\u00e9 | Mehrgenerationenhaus Ha\u00dffurt","description":"Donnerstags, 16 - 18 Uhr \u00f6ffnet das Sprachcaf\u00e9 seine T\u00fcren f\u00fcr alle Alt- und Neu-Ha\u00dffurter mit Interesse an sprachlichem und kulturell...","robots":{"index":"index","follow":"follow","max-snippet":"max-snippet:-1","max-image-preview":"max-image-preview:large","max-video-preview":"max-video-preview:-1"},"canonical":"https:\/\/www.mehrgenerationenhaus-hassfurt.de\/mgh\/angebote\/sprachcafe\/","og_locale":"de_DE","og_type":"article","og_title":"Sprachcaf\u00e9 | Mehrgenerationenhaus Ha\u00dffurt","og_description":"Donnerstags, 16 - 18 Uhr \u00f6ffnet das Sprachcaf\u00e9 seine T\u00fcren f\u00fcr alle Alt- und Neu-Ha\u00dffurter mit Interesse an sprachlichem und kulturell...","og_url":"https:\/\/www.mehrgenerationenhaus-hassfurt.de\/mgh\/angebote\/sprachcafe\/","og_site_name":"Mehrgenerationenhaus Ha\u00dffurt","article_publisher":"https:\/\/de-de.facebook.com\/mehrgenerationenhausHAS\/","article_modified_time":"2023-10-10T09:14:36+00:00","og_image":[{"url":"https:\/\/www.mehrgenerationenhaus-hassfurt.de\/mgh\/wp-cnt\/uploads\/sprachcafe2023_c580.jpg","type":"","width":"","height":""}],"schema":{"@context":"https:\/\/schema.org","@graph":[{"@type":"WebPage","@id":"https:\/\/www.mehrgenerationenhaus-hassfurt.de\/mgh\/angebote\/sprachcafe\/","url":"https:\/\/www.mehrgenerationenhaus-hassfurt.de\/mgh\/angebote\/sprachcafe\/","name":"Sprachcaf\u00e9 | Mehrgenerationenhaus Ha\u00dffurt","isPartOf":{"@id":"https:\/\/www.mehrgenerationenhaus-hassfurt.de\/mgh\/#website"},"primaryImageOfPage":{"@id":"https:\/\/www.mehrgenerationenhaus-hassfurt.de\/mgh\/angebote\/sprachcafe\/#primaryimage"},"image":{"@id":"https:\/\/www.mehrgenerationenhaus-hassfurt.de\/mgh\/angebote\/sprachcafe\/#primaryimage"},"thumbnailUrl":"https:\/\/www.mehrgenerationenhaus-hassfurt.de\/mgh\/wp-cnt\/uploads\/sprachcafe2023_c580.jpg","datePublished":"2016-06-10T10:38:48+00:00","dateModified":"2023-10-10T09:14:36+00:00","description":"Donnerstags, 16 - 18 Uhr \u00f6ffnet das Sprachcaf\u00e9 seine T\u00fcren f\u00fcr alle Alt- und Neu-Ha\u00dffurter mit Interesse an sprachlichem und kulturell...","breadcrumb":{"@id":"https:\/\/www.mehrgenerationenhaus-hassfurt.de\/mgh\/angebote\/sprachcafe\/#breadcrumb"},"inLanguage":"de","potentialAction":[{"@type":"ReadAction","target":["https:\/\/www.mehrgenerationenhaus-hassfurt.de\/mgh\/angebote\/sprachcafe\/"]}]},{"@type":"ImageObject","inLanguage":"de","@id":"https:\/\/www.mehrgenerationenhaus-hassfurt.de\/mgh\/angebote\/sprachcafe\/#primaryimage","url":"https:\/\/www.mehrgenerationenhaus-hassfurt.de\/mgh\/wp-cnt\/uploads\/sprachcafe2023_c580.jpg","contentUrl":"https:\/\/www.mehrgenerationenhaus-hassfurt.de\/mgh\/wp-cnt\/uploads\/sprachcafe2023_c580.jpg","width":580,"height":125,"caption":"Sprachcaf\u00e9"},{"@type":"BreadcrumbList","@id":"https:\/\/www.mehrgenerationenhaus-hassfurt.de\/mgh\/angebote\/sprachcafe\/#breadcrumb","itemListElement":[{"@type":"ListItem","position":1,"name":"Startseite","item":"https:\/\/www.mehrgenerationenhaus-hassfurt.de\/mgh\/"},{"@type":"ListItem","position":2,"name":"Angebote und Dienstleistungen","item":"https:\/\/www.mehrgenerationenhaus-hassfurt.de\/mgh\/angebote\/"},{"@type":"ListItem","position":3,"name":"Sprachcaf\u00e9"}]},{"@type":"WebSite","@id":"https:\/\/www.mehrgenerationenhaus-hassfurt.de\/mgh\/#website","url":"https:\/\/www.mehrgenerationenhaus-hassfurt.de\/mgh\/","name":"Mehrgenerationenhaus Ha\u00dffurt","description":"Mehrgenerationenhaus Ha\u00dffurt","publisher":{"@id":"https:\/\/www.mehrgenerationenhaus-hassfurt.de\/mgh\/#organization"},"potentialAction":[{"@type":"SearchAction","target":{"@type":"EntryPoint","urlTemplate":"https:\/\/www.mehrgenerationenhaus-hassfurt.de\/mgh\/?s={search_term_string}"},"query-input":{"@type":"PropertyValueSpecification","valueRequired":true,"valueName":"search_term_string"}}],"inLanguage":"de"},{"@type":"Organization","@id":"https:\/\/www.mehrgenerationenhaus-hassfurt.de\/mgh\/#organization","name":"Mehrgenerationenhaus Ha\u00dffurt","url":"https:\/\/www.mehrgenerationenhaus-hassfurt.de\/mgh\/","logo":{"@type":"ImageObject","inLanguage":"de","@id":"https:\/\/www.mehrgenerationenhaus-hassfurt.de\/mgh\/#\/schema\/logo\/image\/","url":"https:\/\/www.mehrgenerationenhaus-hassfurt.de\/mgh\/wp-cnt\/uploads\/MGH_Logo_2020_hassfurt-scaled.jpg","contentUrl":"https:\/\/www.mehrgenerationenhaus-hassfurt.de\/mgh\/wp-cnt\/uploads\/MGH_Logo_2020_hassfurt-scaled.jpg","width":2560,"height":1162,"caption":"Mehrgenerationenhaus Ha\u00dffurt"},"image":{"@id":"https:\/\/www.mehrgenerationenhaus-hassfurt.de\/mgh\/#\/schema\/logo\/image\/"},"sameAs":["https:\/\/de-de.facebook.com\/mehrgenerationenhausHAS\/"]}]}},"publishpress_future_workflow_manual_trigger":{"enabledWorkflows":[]},"_links":{"self":[{"href":"https:\/\/www.mehrgenerationenhaus-hassfurt.de\/mgh\/wp-json\/wp\/v2\/pages\/23817","targetHints":{"allow":["GET"]}}],"collection":[{"href":"https:\/\/www.mehrgenerationenhaus-hassfurt.de\/mgh\/wp-json\/wp\/v2\/pages"}],"about":[{"href":"https:\/\/www.mehrgenerationenhaus-hassfurt.de\/mgh\/wp-json\/wp\/v2\/types\/page"}],"author":[{"embeddable":true,"href":"https:\/\/www.mehrgenerationenhaus-hassfurt.de\/mgh\/wp-json\/wp\/v2\/users\/3"}],"replies":[{"embeddable":true,"href":"https:\/\/www.mehrgenerationenhaus-hassfurt.de\/mgh\/wp-json\/wp\/v2\/comments?post=23817"}],"version-history":[{"count":0,"href":"https:\/\/www.mehrgenerationenhaus-hassfurt.de\/mgh\/wp-json\/wp\/v2\/pages\/23817\/revisions"}],"up":[{"embeddable":true,"href":"https:\/\/www.mehrgenerationenhaus-hassfurt.de\/mgh\/wp-json\/wp\/v2\/pages\/219"}],"wp:attachment":[{"href":"https:\/\/www.mehrgenerationenhaus-hassfurt.de\/mgh\/wp-json\/wp\/v2\/media?parent=23817"}],"curies":[{"name":"wp","href":"https:\/\/api.w.org\/{rel}","templated":true}]}}