{"id":242,"date":"2011-08-30T17:00:05","date_gmt":"2011-08-30T15:00:05","guid":{"rendered":"http:\/\/wp10664415.wp039.webpack.hosteurope.de\/wp\/?page_id=242"},"modified":"2019-02-26T12:33:17","modified_gmt":"2019-02-26T11:33:17","slug":"beratungsstelle-migration","status":"publish","type":"page","link":"https:\/\/www.mehrgenerationenhaus-hassfurt.de\/mgh\/angebote\/beratungsstelle-migration\/","title":{"rendered":"Beratungsstelle f\u00fcr Migration, Familie und Jugend"},"content":{"rendered":"<p style=\"text-align: left;\">Die Mi\u00adgra\u00adti\u00adons\u00adbe\u00adra\u00adtung steu\u00adert und in\u00aditi\u00adiert den In\u00adte\u00adgra\u00adti\u00adons\u00adpro\u00adzess von Zu\u00adwan\u00adde\u00adrern und Zu\u00adge\u00adwan\u00adder\u00adten, die be\u00adreits l\u00e4n\u00adge\u00adre Zeit im Land\u00adkreis Ha\u00df\u00adber\u00adge leben.<\/p>\n<p><img loading=\"lazy\" decoding=\"async\" src=\"https:\/\/www.mehrgenerationenhaus-hassfurt.de\/mgh\/wp-cnt\/uploads\/beratung_migration3.jpg\" alt=\"Beratungsstelle f\u00fcr Migration, Familie und Jugend\" width=\"576\" height=\"198\" class=\"aligncenter size-full wp-image-45769\" srcset=\"https:\/\/www.mehrgenerationenhaus-hassfurt.de\/mgh\/wp-cnt\/uploads\/beratung_migration3.jpg 576w, https:\/\/www.mehrgenerationenhaus-hassfurt.de\/mgh\/wp-cnt\/uploads\/beratung_migration3-220x76.jpg 220w, https:\/\/www.mehrgenerationenhaus-hassfurt.de\/mgh\/wp-cnt\/uploads\/beratung_migration3-300x103.jpg 300w, https:\/\/www.mehrgenerationenhaus-hassfurt.de\/mgh\/wp-cnt\/uploads\/beratung_migration3-500x172.jpg 500w\" sizes=\"auto, (max-width: 576px) 100vw, 576px\"><\/p>\n<h3><span style=\"color: #ffffff;\">.<\/span><\/h3>\n<h3>Unsere Angebote f\u00fcr&nbsp;Sie:<\/h3>\n<ul>\n<li>Be\u00adra\u00adtung und Be\u00adglei\u00adtung vor, w\u00e4h\u00adrend und nach dem Integrationskurs<\/li>\n<li>Un\u00adter\u00adst\u00fct\u00adzung bei der Arbeitsplatzsuche<\/li>\n<li>Un\u00adter\u00adst\u00fct\u00adzung bei der Kon\u00adtakt\u00adauf\u00adnah\u00adme zu \u00c4m\u00adtern und Beh\u00f6rden<\/li>\n<li>Orientierungshilfen\/\u200bBeratung bei fa\u00admi\u00adli\u00e4\u00adren, schu\u00adli\u00adschen und be\u00adruf\u00adli\u00adchen Fra\u00adgen und Problemen<\/li>\n<\/ul>\n<p>De\u00adtail\u00adli\u00adler\u00adte In\u00adfor\u00adma\u00adti\u00adon fin\u00adden Sie [ <a href=\"https:\/\/kvhassberge.brk.de\/was-wir-tun\/soziale-arbeit-familien-kinder-und-jugendhilfe\/migrationsberatungsstelle-mbe\" target=\"_blank\">HIER<\/a> ] <\/p>\n<div>\n<table>\n<tbody>\n<tr>\n<th style=\"background-color: #c3c3c3; width: 100px;\" align=\"left\" valign=\"top\" width=\"100\">Wo<\/th>\n<td style=\"border-color: #333333; background-color: #f0f0f0; width: 450px;\" align=\"left\" valign=\"top\" width=\"450\"><strong>Be\u00adra\u00adtungs\u00adstel\u00adle f\u00fcr Mi\u00adgra\u00adti\u00adon, Fa\u00admi\u00adlie und Jugend<\/strong><br>\nBaye\u00adri\u00adsches Ro\u00adtes Kreuz<br>\nKreis\u00adver\u00adband Ha\u00dfberge<br>\nIn\u00addus\u00adtrie\u00adstra\u00ad\u00dfe&nbsp;20<br>\n97437 Ha\u00dffurt<\/td>\n<\/tr>\n<tr>\n<th style=\"background-color: #c3c3c3; width: 100px;\" align=\"left\" valign=\"top\" width=\"100\">Wann<\/th>\n<td style=\"border-color: #333333; background-color: #f0f0f0; width: 480px;\" align=\"left\" valign=\"top\" width=\"480\">Mon\u00adtag, Diens\u00adtag u. Frei\u00adtag 09:00\u201312:00 Uhr<br>\nMitt\u00adwoch nur nach Vereinbarung<br>\nMon\u00adtag und Don\u00adners\u00adtag 14:00\u201317:00 Uhr<\/td>\n<\/tr>\n<tr>\n<th style=\"background-color: #c3c3c3; width: 100px;\" align=\"left\" valign=\"top\" width=\"100\">Kos\u00adten<\/th>\n<td style=\"border-color: #333333; background-color: #f0f0f0; width: 480px;\" align=\"left\" valign=\"top\" width=\"480\">Die Be\u00adra\u00adtung ist kostenlos<\/td>\n<\/tr>\n<tr>\n<th style=\"background-color: #c3c3c3; width: 100px;\" align=\"left\" valign=\"top\" width=\"100\">An\u00admel\u00addung<\/th>\n<td style=\"border-color: #333333; background-color: #f0f0f0; width: 480px;\" align=\"left\" valign=\"top\" width=\"480\"><strong>kei\u00adne An\u00admel\u00addung erforderlich<\/strong><br>\nBaye\u00adri\u00adsches Ro\u00adtes Kreuz<br>\nKreis\u00adver\u00adband Ha\u00dfberge<br>\nBe\u00adra\u00adtungs\u00adstel\u00adle f\u00fcr Mi\u00adgra\u00adti\u00adon, Fa\u00admi\u00adlie und Jugend<br>\nIn\u00addus\u00adtrie\u00adstra\u00ad\u00dfe&nbsp;20<br>\n97437 Ha\u00dffurt<br>\nTe\u00adle\u00adfon: 09521\/9550\u201317<\/td>\n<\/tr>\n<\/tbody>\n<\/table>\n<\/div>\n","protected":false},"excerpt":{"rendered":"<p>Die Mi\u00adgra\u00adti\u00adons\u00adbe\u00adra\u00adtung steu\u00adert und in\u00aditi\u00adiert den In\u00adte\u00adgra\u00adti\u00adons\u00adpro\u00adzess von Zu\u00adwan\u00adde\u00adrern und Zu\u00adge\u00adwan\u00adder\u00adten, die be\u00adreits l\u00e4n\u00adge\u00adre Zeit im Land\u00adkreis Ha\u00df\u00adber\u00adge le\u00adben. . Un\u00adse\u00adre An\u00adge\u00adbo\u00adte f\u00fcr&nbsp;Sie: Be\u00adra\u00adtung und Be\u00adglei\u00adtung vor, w\u00e4h\u00adrend und nach dem In\u00adte\u00adgra\u00adti\u00adons\u00adkurs Un\u00adter\u00adst\u00fct\u00adzung bei der Ar\u00adbeits\u00adplatz\u00adsu\u00adche Un\u00adter\u00adst\u00fct\u00adzung bei der Kon\u00adtakt\u00adauf\u00adnah\u00adme zu \u00c4m\u00adtern und Be\u00adh\u00f6r\u00adden Orientierungshilfen\/\u200b\u200bBeratung bei fa\u00admi\u00adli\u00e4\u00adren, schu\u00adli\u00adschen und be\u00adruf\u00adli\u00adchen Fra\u00adgen und Pro\u00adble\u00admen De\u00adtail\u00adli\u00adler\u00adte Information&nbsp;<\/p>\n<p class=\"excerpt-link\"><a class=\"read-more\" href=\"https:\/\/www.mehrgenerationenhaus-hassfurt.de\/mgh\/angebote\/beratungsstelle-migration\/\">Read More \u2192<\/a><\/p>\n","protected":false},"author":3,"featured_media":3553,"parent":219,"menu_order":0,"comment_status":"closed","ping_status":"closed","template":"","meta":{"inline_featured_image":false,"wp_typography_post_enhancements_disabled":false,"_mc_calendar":[],"footnotes":""},"class_list":["post-242","page","type-page","status-publish","has-post-thumbnail","hentry"],"yoast_head":"<!-- This site is optimized with the Yoast SEO plugin v27.3 - https:\/\/yoast.com\/product\/yoast-seo-wordpress\/ -->\n<title>Beratungsstelle f\u00fcr Migration, Familie und Jugend | MGH Ha\u00dffurt<\/title>\n<meta name=\"description\" content=\"Die Die Beratungsstelle f\u00fcr Migration steuert und initiiert den Integrationsprozess von Zuwanderern und Zugewanderten, die bereits l\u00e4ngere Zeit im Landkreis\" \/>\n<meta name=\"robots\" content=\"index, follow, max-snippet:-1, max-image-preview:large, max-video-preview:-1\" \/>\n<link rel=\"canonical\" href=\"https:\/\/www.mehrgenerationenhaus-hassfurt.de\/mgh\/angebote\/beratungsstelle-migration\/\" \/>\n<meta property=\"og:locale\" content=\"de_DE\" \/>\n<meta property=\"og:type\" content=\"article\" \/>\n<meta property=\"og:title\" content=\"Beratungsstelle f\u00fcr Migration, Familie und Jugend | MGH Ha\u00dffurt\" \/>\n<meta property=\"og:description\" content=\"Die Die Beratungsstelle f\u00fcr Migration steuert und initiiert den Integrationsprozess von Zuwanderern und Zugewanderten, die bereits l\u00e4ngere Zeit im Landkreis\" \/>\n<meta property=\"og:url\" content=\"https:\/\/www.mehrgenerationenhaus-hassfurt.de\/mgh\/angebote\/beratungsstelle-migration\/\" \/>\n<meta property=\"og:site_name\" content=\"Mehrgenerationenhaus Ha\u00dffurt\" \/>\n<meta property=\"article:publisher\" content=\"https:\/\/de-de.facebook.com\/mehrgenerationenhausHAS\/\" \/>\n<meta property=\"article:modified_time\" content=\"2019-02-26T11:33:17+00:00\" \/>\n<!-- \/ Yoast SEO plugin. -->","yoast_head_json":{"title":"Beratungsstelle f\u00fcr Migration, Familie und Jugend | MGH Ha\u00dffurt","description":"Die Die Beratungsstelle f\u00fcr Migration steuert und initiiert den Integrationsprozess von Zuwanderern und Zugewanderten, die bereits l\u00e4ngere Zeit im Landkreis","robots":{"index":"index","follow":"follow","max-snippet":"max-snippet:-1","max-image-preview":"max-image-preview:large","max-video-preview":"max-video-preview:-1"},"canonical":"https:\/\/www.mehrgenerationenhaus-hassfurt.de\/mgh\/angebote\/beratungsstelle-migration\/","og_locale":"de_DE","og_type":"article","og_title":"Beratungsstelle f\u00fcr Migration, Familie und Jugend | MGH Ha\u00dffurt","og_description":"Die Die Beratungsstelle f\u00fcr Migration steuert und initiiert den Integrationsprozess von Zuwanderern und Zugewanderten, die bereits l\u00e4ngere Zeit im Landkreis","og_url":"https:\/\/www.mehrgenerationenhaus-hassfurt.de\/mgh\/angebote\/beratungsstelle-migration\/","og_site_name":"Mehrgenerationenhaus Ha\u00dffurt","article_publisher":"https:\/\/de-de.facebook.com\/mehrgenerationenhausHAS\/","article_modified_time":"2019-02-26T11:33:17+00:00","schema":{"@context":"https:\/\/schema.org","@graph":[{"@type":"WebPage","@id":"https:\/\/www.mehrgenerationenhaus-hassfurt.de\/mgh\/angebote\/beratungsstelle-migration\/","url":"https:\/\/www.mehrgenerationenhaus-hassfurt.de\/mgh\/angebote\/beratungsstelle-migration\/","name":"Beratungsstelle f\u00fcr Migration, Familie und Jugend | MGH Ha\u00dffurt","isPartOf":{"@id":"https:\/\/www.mehrgenerationenhaus-hassfurt.de\/mgh\/#website"},"primaryImageOfPage":{"@id":"https:\/\/www.mehrgenerationenhaus-hassfurt.de\/mgh\/angebote\/beratungsstelle-migration\/#primaryimage"},"image":{"@id":"https:\/\/www.mehrgenerationenhaus-hassfurt.de\/mgh\/angebote\/beratungsstelle-migration\/#primaryimage"},"thumbnailUrl":"","datePublished":"2011-08-30T15:00:05+00:00","dateModified":"2019-02-26T11:33:17+00:00","description":"Die Die Beratungsstelle f\u00fcr Migration steuert und initiiert den Integrationsprozess von Zuwanderern und Zugewanderten, die bereits l\u00e4ngere Zeit im Landkreis","breadcrumb":{"@id":"https:\/\/www.mehrgenerationenhaus-hassfurt.de\/mgh\/angebote\/beratungsstelle-migration\/#breadcrumb"},"inLanguage":"de","potentialAction":[{"@type":"ReadAction","target":["https:\/\/www.mehrgenerationenhaus-hassfurt.de\/mgh\/angebote\/beratungsstelle-migration\/"]}]},{"@type":"ImageObject","inLanguage":"de","@id":"https:\/\/www.mehrgenerationenhaus-hassfurt.de\/mgh\/angebote\/beratungsstelle-migration\/#primaryimage","url":"","contentUrl":""},{"@type":"BreadcrumbList","@id":"https:\/\/www.mehrgenerationenhaus-hassfurt.de\/mgh\/angebote\/beratungsstelle-migration\/#breadcrumb","itemListElement":[{"@type":"ListItem","position":1,"name":"Startseite","item":"https:\/\/www.mehrgenerationenhaus-hassfurt.de\/mgh\/"},{"@type":"ListItem","position":2,"name":"Angebote und Dienstleistungen","item":"https:\/\/www.mehrgenerationenhaus-hassfurt.de\/mgh\/angebote\/"},{"@type":"ListItem","position":3,"name":"Beratungsstelle f\u00fcr Migration, Familie und Jugend"}]},{"@type":"WebSite","@id":"https:\/\/www.mehrgenerationenhaus-hassfurt.de\/mgh\/#website","url":"https:\/\/www.mehrgenerationenhaus-hassfurt.de\/mgh\/","name":"Mehrgenerationenhaus Ha\u00dffurt","description":"Mehrgenerationenhaus Ha\u00dffurt","publisher":{"@id":"https:\/\/www.mehrgenerationenhaus-hassfurt.de\/mgh\/#organization"},"potentialAction":[{"@type":"SearchAction","target":{"@type":"EntryPoint","urlTemplate":"https:\/\/www.mehrgenerationenhaus-hassfurt.de\/mgh\/?s={search_term_string}"},"query-input":{"@type":"PropertyValueSpecification","valueRequired":true,"valueName":"search_term_string"}}],"inLanguage":"de"},{"@type":"Organization","@id":"https:\/\/www.mehrgenerationenhaus-hassfurt.de\/mgh\/#organization","name":"Mehrgenerationenhaus Ha\u00dffurt","url":"https:\/\/www.mehrgenerationenhaus-hassfurt.de\/mgh\/","logo":{"@type":"ImageObject","inLanguage":"de","@id":"https:\/\/www.mehrgenerationenhaus-hassfurt.de\/mgh\/#\/schema\/logo\/image\/","url":"https:\/\/www.mehrgenerationenhaus-hassfurt.de\/mgh\/wp-cnt\/uploads\/MGH_Logo_2020_hassfurt-scaled.jpg","contentUrl":"https:\/\/www.mehrgenerationenhaus-hassfurt.de\/mgh\/wp-cnt\/uploads\/MGH_Logo_2020_hassfurt-scaled.jpg","width":2560,"height":1162,"caption":"Mehrgenerationenhaus Ha\u00dffurt"},"image":{"@id":"https:\/\/www.mehrgenerationenhaus-hassfurt.de\/mgh\/#\/schema\/logo\/image\/"},"sameAs":["https:\/\/de-de.facebook.com\/mehrgenerationenhausHAS\/"]}]}},"publishpress_future_workflow_manual_trigger":{"enabledWorkflows":[]},"_links":{"self":[{"href":"https:\/\/www.mehrgenerationenhaus-hassfurt.de\/mgh\/wp-json\/wp\/v2\/pages\/242","targetHints":{"allow":["GET"]}}],"collection":[{"href":"https:\/\/www.mehrgenerationenhaus-hassfurt.de\/mgh\/wp-json\/wp\/v2\/pages"}],"about":[{"href":"https:\/\/www.mehrgenerationenhaus-hassfurt.de\/mgh\/wp-json\/wp\/v2\/types\/page"}],"author":[{"embeddable":true,"href":"https:\/\/www.mehrgenerationenhaus-hassfurt.de\/mgh\/wp-json\/wp\/v2\/users\/3"}],"replies":[{"embeddable":true,"href":"https:\/\/www.mehrgenerationenhaus-hassfurt.de\/mgh\/wp-json\/wp\/v2\/comments?post=242"}],"version-history":[{"count":0,"href":"https:\/\/www.mehrgenerationenhaus-hassfurt.de\/mgh\/wp-json\/wp\/v2\/pages\/242\/revisions"}],"up":[{"embeddable":true,"href":"https:\/\/www.mehrgenerationenhaus-hassfurt.de\/mgh\/wp-json\/wp\/v2\/pages\/219"}],"wp:featuredmedia":[{"embeddable":true,"href":"https:\/\/www.mehrgenerationenhaus-hassfurt.de\/mgh\/wp-json\/"}],"wp:attachment":[{"href":"https:\/\/www.mehrgenerationenhaus-hassfurt.de\/mgh\/wp-json\/wp\/v2\/media?parent=242"}],"curies":[{"name":"wp","href":"https:\/\/api.w.org\/{rel}","templated":true}]}}