{"id":24273,"date":"2016-07-05T08:46:51","date_gmt":"2016-07-05T06:46:51","guid":{"rendered":"https:\/\/www.mehrgenerationenhaus-hassfurt.de\/mgh\/?page_id=24273"},"modified":"2026-01-29T17:44:22","modified_gmt":"2026-01-29T16:44:22","slug":"angebote-im-betreuungsnetzwerk","status":"publish","type":"page","link":"https:\/\/www.mehrgenerationenhaus-hassfurt.de\/mgh\/betreuungsnetzwerk-generationen\/angebote-im-betreuungsnetzwerk\/","title":{"rendered":"Angebote im Betreuungsnetzwerk"},"content":{"rendered":"<p><!--\n\n<h1><span style=\"font-weight: normal;\">Angebote im Betreuungsnetzwerk<\/span><\/h1>\n\n--><br>\nDie An\u00adge\u00adbo\u00adte im Be\u00adtreu\u00adungs\u00adnetz\u00adwerk f\u00fcr alle Ge\u00adne\u00adra\u00adtio\u00adnen f\u00f6r\u00addern die Ver\u00adein\u00adbar\u00adkeit von Fa\u00admi\u00adlie und Be\u00adruf so\u00adwie von Fa\u00admi\u00adlie und Pflege.<\/p>\n<h2>Vereinbarkeit von Familie und Beruf<\/h2>\n<p><strong>Fa\u00admi\u00adli\u00aden\u00adun\u00adter\u00adst\u00fct\u00adzen\u00adde und ent\u00adlas\u00adten\u00adde Dienstleistungen<\/strong><\/p>\n<ul>\n<ul>\n<li><a href=\"https:\/\/www.mehrgenerationenhaus-hassfurt.de\/mgh\/angebote\/baby-kleinkindtreffs\/\"><span style=\"color: #000000;\">Baby- und Kleinkindtreffs<\/span><\/a><\/li>\n<li><a href=\"https:\/\/www.mehrgenerationenhaus-hassfurt.de\/mgh\/elternbegleitung-und-beratung\/\"><span style=\"color: #000000;\">El\u00adtern\u00adbe\u00adglei\u00adtung und \u2011be\u00adra\u00adtung <\/span><\/a><\/li>\n<li><a href=\"https:\/\/www.mehrgenerationenhaus-hassfurt.de\/mgh\/angebote\/begleiteter-baby-kleinkindtreff\/\"><span style=\"color: #000000;\">Be\u00adglei\u00adte\u00adter Baby- und Klein\u00adkind\u00adtreff <span class=\"push-double\"><\/span>\u200b<span class=\"pull-double\">\u201e<\/span>Spiel Mit\u201c<\/span><\/a><\/li>\n<li><a href=\"https:\/\/www.mehrgenerationenhaus-hassfurt.de\/mgh\/angebote\/ferienprogramme-aktuell\/\"><span style=\"color: #000000;\">Fe\u00adri\u00aden\u00adpro\u00adgram\u00adme<\/span><\/a><\/li>\n<li><a href=\"https:\/\/www.mehrgenerationenhaus-hassfurt.de\/mgh\/angebote\/kinderhotel\/\"><span style=\"color: #000000;\">Kin\u00adder\u00adho\u00adtel<\/span><\/a><\/li>\n<li><a href=\"https:\/\/www.mehrgenerationenhaus-hassfurt.de\/mgh\/angebote\/kreativ-samstage\/\"><span style=\"color: #000000;\">KREA\u00adTIV-Sams\u00adta\u00adge<\/span><\/a><\/li>\n<li><a href=\"https:\/\/www.mehrgenerationenhaus-hassfurt.de\/mgh\/brk-mittagsbetreuung\/\"><span style=\"color: #000000;\">BRK Mit\u00adtags- und Ganz\u00adtags\u00adbe\u00adtreu\u00adung an Schulen<\/span><\/a><\/li>\n<li><a href=\"https:\/\/www.mehrgenerationenhaus-hassfurt.de\/mgh\/angebote\/beratungsstelle-kur-und-erholung\/\"><span style=\"color: #000000;\">BRK Be\u00adra\u00adtungs\u00adstel\u00adle Kur und Erholung<\/span><\/a><\/li>\n<li><a href=\"https:\/\/www.mehrgenerationenhaus-hassfurt.de\/mgh\/familienbuero-hassberge\/\"><span style=\"color: #000000;\">Kreis\u00adju\u00adgend\u00adamt Ha\u00df\u00adber\u00adge \u2013 Familienb\u00fcro<\/span><\/a><\/li>\n<li><a href=\"https:\/\/www.hassberge.de\/buergerservice\/jugend-u-familie\/familienzentrum\/familienbuero-inhalte\/kindertagesbetreuung.html#c7398\" target=\"_blank\" rel=\"noopener noreferrer\"><span style=\"color: #000000;\">Kin\u00adder\u00adta\u00adges\u00adst\u00e4t\u00adten im Land\u00adkreis Ha\u00dfberge<\/span><\/a><\/li>\n<\/ul>\n<\/ul>\n<p>\u2192 For\u00admu\u00adlar down\u00adloa\u00adden: <a href=\"https:\/\/www.mehrgenerationenhaus-hassfurt.de\/mgh\/wp-cnt\/uploads\/Betreuungsanfrage_Kinder.pdf\" target=\"_blank\" rel=\"noopener noreferrer\">Be\u00adtreu\u00adungs\u00adan\u00adfra\u00adge Kinder<\/a><br>\n&nbsp;<\/p>\n<h2>Vereinbarkeit von Familie und Pflege<\/h2>\n<p><strong>Ent\u00adlas\u00adtung und Be\u00adtreu\u00adung von pfle\u00adgen\u00adden An\u00adge\u00adh\u00f6\u00adri\u00adgen und Betroffenen<\/strong><\/p>\n<ul>\n<ul>\n<li><a href=\"https:\/\/www.mehrgenerationenhaus-hassfurt.de\/mgh\/angebote\/demenz\/\"><span style=\"color: #000000;\">Fach\u00adstel\u00adle f\u00fcr pfle\u00adgen\u00adde An\u00adge\u00adh\u00f6\u00adri\u00adge und Demenzsprechstunde<\/span><\/a><\/li>\n<li><a href=\"https:\/\/www.mehrgenerationenhaus-hassfurt.de\/mgh\/angebote\/betreuungsgruppe\/\"><span style=\"color: #000000;\">BRK Be\u00adtreu\u00adungs\u00adgrup\u00adpe<\/span><\/a><\/li>\n<li><a href=\"https:\/\/www.mehrgenerationenhaus-hassfurt.de\/mgh\/angebote\/hochbetagte\/\"><span style=\"color: #000000;\">Hel\u00adfer- und Hel\u00adfe\u00adrin\u00adnen\u00adkreis f\u00fcr \u00c4l\u00adte\u00adre und Hochbetagte<\/span><\/a><\/li>\n<li><a style=\"color: #000000;\" title=\"Schulungen und Vortr\u00e4ge\" href=\"https:\/\/www.mehrgenerationenhaus-hassfurt.de\/mgh\/angebote\/schulungen-fachstelle\/\">Schu\u00adlun\u00adgen und Vortr\u00e4ge<\/a><\/li>\n<li><a style=\"color: #000000;\" title=\"Demenzhelferinnen\" href=\"https:\/\/www.mehrgenerationenhaus-hassfurt.de\/mgh\/angebote\/demenzhelferinnen\/\">De\u00admenz\u00adhel\u00adfe\u00adrin\u00adnen im&nbsp;MGH<\/a><\/li>\n<li><a title=\"Wohlf\u00fchlnachmittage\" href=\"https:\/\/www.mehrgenerationenhaus-hassfurt.de\/mgh\/angebote\/wohlfuehlnachmittage\/\"><span style=\"color: #000000;\">Wohl\u00adf\u00fchl\u00adnach\u00admit\u00adta\u00adge<\/span><\/a><\/li>\n<li><a href=\"https:\/\/www.mehrgenerationenhaus-hassfurt.de\/mgh\/angebote\/musikkaffee\/\"><span style=\"color: #000000;\">Mu\u00adsik\u00adkaf\u00adfee<\/span><\/a><\/li>\n<li><a href=\"https:\/\/www.mehrgenerationenhaus-hassfurt.de\/mgh\/angebote\/malerei-und-musik\/\"><span style=\"color: #000000;\">MA\u00adLE\u00adREI und MUSIK<\/span><\/a><\/li>\n<li><a href=\"https:\/\/www.mehrgenerationenhaus-hassfurt.de\/mgh\/angebote\/singkreis\/\"><span style=\"color: #000000;\">Of\u00adfe\u00adner Singkreis<\/span><\/a><\/li>\n<li><a href=\"https:\/\/www.mehrgenerationenhaus-hassfurt.de\/mgh\/angebote\/tanz-mit-bleib-fit\/\"><span style=\"color: #000000;\">TANZ mit bleib FIT \u2013 Tanz der Generationen&nbsp;<\/span><\/a><\/li>\n<li><a href=\"https:\/\/www.mehrgenerationenhaus-hassfurt.de\/mgh\/angebote\/erlebnistanz\/\"><span style=\"color: #000000;\">Er\u00adleb\u00adniSTanz<\/span><\/a><\/li>\n<li><a href=\"https:\/\/www.mehrgenerationenhaus-hassfurt.de\/mgh\/angebote\/mit-und-fit-begegnung-durch-bewegung\/\"><span style=\"color: #000000;\">MIT und FIT \u2013 Be\u00adgeg\u00adnung durch Bewegung<\/span><\/a><\/li>\n<li><a href=\"https:\/\/www.mehrgenerationenhaus-hassfurt.de\/mgh\/angebote\/yoga-fit-fuer-alle-generationen\/\"><span style=\"color: #000000;\">Yoga FIT f\u00fcr alle Generationen<\/span><\/a><\/li>\n<li><a href=\"https:\/\/www.mehrgenerationenhaus-hassfurt.de\/mgh\/angebote\/lebensqualitaet-fuers-alter\/\"><span style=\"color: #000000;\">LeA Kurs \u2013 Le\u00adbens\u00adqua\u00adli\u00adt\u00e4t f\u00fcrs Alter<\/span><\/a><\/li>\n<li><a href=\"https:\/\/www.mehrgenerationenhaus-hassfurt.de\/mgh\/pflegestuetzpunkt-hassberge\/\"><span style=\"color: #000000;\">Ko\u00adope\u00adra\u00adtion mit dem Pfle\u00adge\u00adst\u00fctz\u00adpunkt Ha\u00dfberge<\/span><\/a><\/li>\n<li><a href=\"https:\/\/www.mehrgenerationenhaus-hassfurt.de\/mgh\/brk-sozialstation-hassberge\/\"><span style=\"color: #000000;\">BRK So\u00adzi\u00adal\u00adsta\u00adti\u00adon Ha\u00dffurt<\/span><\/a><\/li>\n<li><a href=\"https:\/\/www.mehrgenerationenhaus-hassfurt.de\/mgh\/brk-hausnotruf\/\"><span style=\"color: #000000;\">BRK Haus\u00adnot\u00adruf<\/span><\/a><\/li>\n<li><a href=\"https:\/\/www.mehrgenerationenhaus-hassfurt.de\/mgh\/brk-fahrdienst\/\"><span style=\"color: #000000;\">BRK Fahr\u00addienst<\/span><\/a><\/li>\n<li><a href=\"https:\/\/www.mehrgenerationenhaus-hassfurt.de\/mgh\/brk-essen-auf-raedern\/\"><span style=\"color: #000000;\">BRK <span class=\"push-double\"><\/span>\u200b<span class=\"pull-double\">\u201e<\/span>Es\u00adsen auf R\u00e4dern\u201c<\/span><\/a><\/li>\n<\/ul>\n<\/ul>\n<hr>\n<p style=\"text-align: center;\"><span style=\"font-size: 13px;\">Die\u00adses Pro\u00adjekt wird aus Mit\u00adteln des Baye\u00adri\u00adschen Staatsministeriums<br>\nf\u00fcr Fa\u00admi\u00adlie, Ar\u00adbeit und So\u00adzia\u00adles gef\u00f6rdert:<\/span><\/p>\n<p><a href=\"https:\/\/www.mehrgenerationenhaus-hassfurt.de\/mgh\/wp-cnt\/uploads\/StMAS-WBM-2018_2zli_rgb_e-mail.png\" data-src=\"https:\/\/www.mehrgenerationenhaus-hassfurt.de\/mgh\/wp-cnt\/uploads\/StMAS-WBM-2018_2zli_rgb_e-mail.png\" data-thumb=\"https:\/\/www.mehrgenerationenhaus-hassfurt.de\/mgh\/wp-cnt\/uploads\/StMAS-WBM-2018_2zli_rgb_580.jpg\" class=\"ml-lightbox-enabled\"><img loading=\"lazy\" decoding=\"async\" src=\"https:\/\/www.mehrgenerationenhaus-hassfurt.de\/mgh\/wp-cnt\/uploads\/StMAS-WBM-2018_2zli_rgb_580.jpg\" alt=\"Das Projekt Zusammenhalt f\u00f6rdern, Integration st\u00e4rken wird aus Mitteln des StMAS gef\u00f6rdert\" width=\"580\" height=\"94\" class=\"alignnone size-full wp-image-45404\" srcset=\"https:\/\/www.mehrgenerationenhaus-hassfurt.de\/mgh\/wp-cnt\/uploads\/StMAS-WBM-2018_2zli_rgb_580.jpg 580w, https:\/\/www.mehrgenerationenhaus-hassfurt.de\/mgh\/wp-cnt\/uploads\/StMAS-WBM-2018_2zli_rgb_580-220x36.jpg 220w, https:\/\/www.mehrgenerationenhaus-hassfurt.de\/mgh\/wp-cnt\/uploads\/StMAS-WBM-2018_2zli_rgb_580-300x49.jpg 300w, https:\/\/www.mehrgenerationenhaus-hassfurt.de\/mgh\/wp-cnt\/uploads\/StMAS-WBM-2018_2zli_rgb_580-500x81.jpg 500w\" sizes=\"auto, (max-width: 580px) 100vw, 580px\"><\/a><\/p>\n","protected":false},"excerpt":{"rendered":"<p>Die An\u00adge\u00adbo\u00adte im Be\u00adtreu\u00adungs\u00adnetz\u00adwerk f\u00fcr alle Ge\u00adne\u00adra\u00adtio\u00adnen f\u00f6r\u00addern die Ver\u00adein\u00adbar\u00adkeit von Fa\u00admi\u00adlie und Be\u00adruf so\u00adwie von Fa\u00admi\u00adlie und Pfle\u00adge. Ver\u00adein\u00adbar\u00adkeit von Fa\u00admi\u00adlie und Be\u00adruf Fa\u00admi\u00adli\u00aden\u00adun\u00adter\u00adst\u00fct\u00adzen\u00adde und ent\u00adlas\u00adten\u00adde Dienst\u00adleis\u00adtun\u00adgen Baby- und Klein\u00adkind\u00adtreffs El\u00adtern\u00adbe\u00adglei\u00adtung und \u2011be\u00adra\u00adtung Be\u00adglei\u00adte\u00adter Baby- und Klein\u00adkind\u00adtreff \u200b\u201eSpiel Mit\u201c Fe\u00adri\u00aden\u00adpro\u00adgram\u00adme Kin\u00adder\u00adho\u00adtel KRE\u00adA\u00ad\u00adTIV-Sams\u00ad\u00adta\u00ad\u00adge BRK Mit\u00ad\u00adtags- und Ganz\u00adtags\u00adbe\u00adtreu\u00adung an Schu\u00adlen BRK Be\u00adra\u00adtungs\u00adstel\u00adle Kur und Er\u00adho\u00adlung Kreisjugendamt&nbsp;<\/p>\n<p class=\"excerpt-link\"><a class=\"read-more\" href=\"https:\/\/www.mehrgenerationenhaus-hassfurt.de\/mgh\/betreuungsnetzwerk-generationen\/angebote-im-betreuungsnetzwerk\/\">Read More \u2192<\/a><\/p>\n","protected":false},"author":3,"featured_media":0,"parent":21690,"menu_order":3,"comment_status":"closed","ping_status":"closed","template":"","meta":{"inline_featured_image":false,"wp_typography_post_enhancements_disabled":false,"_mc_calendar":[],"footnotes":""},"class_list":["post-24273","page","type-page","status-publish","hentry"],"yoast_head":"<!-- This site is optimized with the Yoast SEO plugin v27.3 - https:\/\/yoast.com\/product\/yoast-seo-wordpress\/ -->\n<title>Angebote im Betreuungsnetzwerk | Mehrgenerationenhaus Ha\u00dff...<\/title>\n<meta name=\"description\" content=\"Unsere Angebote im Betreuungsnetzwerk f\u00fcr alle Generationen zur F\u00f6rderung der Vereinbarkeit von Familie u. Beruf \/ Familie u. Pflege.\" \/>\n<meta name=\"robots\" content=\"index, follow, max-snippet:-1, max-image-preview:large, max-video-preview:-1\" \/>\n<link rel=\"canonical\" href=\"https:\/\/www.mehrgenerationenhaus-hassfurt.de\/mgh\/betreuungsnetzwerk-generationen\/angebote-im-betreuungsnetzwerk\/\" \/>\n<meta property=\"og:locale\" content=\"de_DE\" \/>\n<meta property=\"og:type\" content=\"article\" \/>\n<meta property=\"og:title\" content=\"Angebote im Betreuungsnetzwerk | Mehrgenerationenhaus Ha\u00dff...\" \/>\n<meta property=\"og:description\" content=\"Unsere Angebote im Betreuungsnetzwerk f\u00fcr alle Generationen zur F\u00f6rderung der Vereinbarkeit von Familie u. Beruf \/ Familie u. Pflege.\" \/>\n<meta property=\"og:url\" content=\"https:\/\/www.mehrgenerationenhaus-hassfurt.de\/mgh\/betreuungsnetzwerk-generationen\/angebote-im-betreuungsnetzwerk\/\" \/>\n<meta property=\"og:site_name\" content=\"Mehrgenerationenhaus Ha\u00dffurt\" \/>\n<meta property=\"article:publisher\" content=\"https:\/\/de-de.facebook.com\/mehrgenerationenhausHAS\/\" \/>\n<meta property=\"article:modified_time\" content=\"2026-01-29T16:44:22+00:00\" \/>\n<meta property=\"og:image\" content=\"https:\/\/www.mehrgenerationenhaus-hassfurt.de\/mgh\/wp-cnt\/uploads\/StMAS-WBM-2018_2zli_rgb_580.jpg\" \/>\n\t<meta property=\"og:image:width\" content=\"580\" \/>\n\t<meta property=\"og:image:height\" content=\"94\" \/>\n\t<meta property=\"og:image:type\" content=\"image\/jpeg\" \/>\n<!-- \/ Yoast SEO plugin. -->","yoast_head_json":{"title":"Angebote im Betreuungsnetzwerk | Mehrgenerationenhaus Ha\u00dff...","description":"Unsere Angebote im Betreuungsnetzwerk f\u00fcr alle Generationen zur F\u00f6rderung der Vereinbarkeit von Familie u. Beruf \/ Familie u. Pflege.","robots":{"index":"index","follow":"follow","max-snippet":"max-snippet:-1","max-image-preview":"max-image-preview:large","max-video-preview":"max-video-preview:-1"},"canonical":"https:\/\/www.mehrgenerationenhaus-hassfurt.de\/mgh\/betreuungsnetzwerk-generationen\/angebote-im-betreuungsnetzwerk\/","og_locale":"de_DE","og_type":"article","og_title":"Angebote im Betreuungsnetzwerk | Mehrgenerationenhaus Ha\u00dff...","og_description":"Unsere Angebote im Betreuungsnetzwerk f\u00fcr alle Generationen zur F\u00f6rderung der Vereinbarkeit von Familie u. Beruf \/ Familie u. Pflege.","og_url":"https:\/\/www.mehrgenerationenhaus-hassfurt.de\/mgh\/betreuungsnetzwerk-generationen\/angebote-im-betreuungsnetzwerk\/","og_site_name":"Mehrgenerationenhaus Ha\u00dffurt","article_publisher":"https:\/\/de-de.facebook.com\/mehrgenerationenhausHAS\/","article_modified_time":"2026-01-29T16:44:22+00:00","og_image":[{"width":580,"height":94,"url":"https:\/\/www.mehrgenerationenhaus-hassfurt.de\/mgh\/wp-cnt\/uploads\/StMAS-WBM-2018_2zli_rgb_580.jpg","type":"image\/jpeg"}],"schema":{"@context":"https:\/\/schema.org","@graph":[{"@type":"WebPage","@id":"https:\/\/www.mehrgenerationenhaus-hassfurt.de\/mgh\/betreuungsnetzwerk-generationen\/angebote-im-betreuungsnetzwerk\/","url":"https:\/\/www.mehrgenerationenhaus-hassfurt.de\/mgh\/betreuungsnetzwerk-generationen\/angebote-im-betreuungsnetzwerk\/","name":"Angebote im Betreuungsnetzwerk | Mehrgenerationenhaus Ha\u00dff...","isPartOf":{"@id":"https:\/\/www.mehrgenerationenhaus-hassfurt.de\/mgh\/#website"},"primaryImageOfPage":{"@id":"https:\/\/www.mehrgenerationenhaus-hassfurt.de\/mgh\/betreuungsnetzwerk-generationen\/angebote-im-betreuungsnetzwerk\/#primaryimage"},"image":{"@id":"https:\/\/www.mehrgenerationenhaus-hassfurt.de\/mgh\/betreuungsnetzwerk-generationen\/angebote-im-betreuungsnetzwerk\/#primaryimage"},"thumbnailUrl":"https:\/\/www.mehrgenerationenhaus-hassfurt.de\/mgh\/wp-cnt\/uploads\/StMAS-WBM-2018_2zli_rgb_580.jpg","datePublished":"2016-07-05T06:46:51+00:00","dateModified":"2026-01-29T16:44:22+00:00","description":"Unsere Angebote im Betreuungsnetzwerk f\u00fcr alle Generationen zur F\u00f6rderung der Vereinbarkeit von Familie u. Beruf \/ Familie u. Pflege.","breadcrumb":{"@id":"https:\/\/www.mehrgenerationenhaus-hassfurt.de\/mgh\/betreuungsnetzwerk-generationen\/angebote-im-betreuungsnetzwerk\/#breadcrumb"},"inLanguage":"de","potentialAction":[{"@type":"ReadAction","target":["https:\/\/www.mehrgenerationenhaus-hassfurt.de\/mgh\/betreuungsnetzwerk-generationen\/angebote-im-betreuungsnetzwerk\/"]}]},{"@type":"ImageObject","inLanguage":"de","@id":"https:\/\/www.mehrgenerationenhaus-hassfurt.de\/mgh\/betreuungsnetzwerk-generationen\/angebote-im-betreuungsnetzwerk\/#primaryimage","url":"https:\/\/www.mehrgenerationenhaus-hassfurt.de\/mgh\/wp-cnt\/uploads\/StMAS-WBM-2018_2zli_rgb_580.jpg","contentUrl":"https:\/\/www.mehrgenerationenhaus-hassfurt.de\/mgh\/wp-cnt\/uploads\/StMAS-WBM-2018_2zli_rgb_580.jpg","width":580,"height":94,"caption":"Das Projekt Zusammenhalt f\u00f6rdern, Integration st\u00e4rken wird aus Mitteln des StMAS gef\u00f6rdert"},{"@type":"BreadcrumbList","@id":"https:\/\/www.mehrgenerationenhaus-hassfurt.de\/mgh\/betreuungsnetzwerk-generationen\/angebote-im-betreuungsnetzwerk\/#breadcrumb","itemListElement":[{"@type":"ListItem","position":1,"name":"Startseite","item":"https:\/\/www.mehrgenerationenhaus-hassfurt.de\/mgh\/"},{"@type":"ListItem","position":2,"name":"Betreuungsnetzwerk f\u00fcr alle Generationen","item":"https:\/\/www.mehrgenerationenhaus-hassfurt.de\/mgh\/betreuungsnetzwerk-generationen\/"},{"@type":"ListItem","position":3,"name":"Angebote im Betreuungsnetzwerk"}]},{"@type":"WebSite","@id":"https:\/\/www.mehrgenerationenhaus-hassfurt.de\/mgh\/#website","url":"https:\/\/www.mehrgenerationenhaus-hassfurt.de\/mgh\/","name":"Mehrgenerationenhaus Ha\u00dffurt","description":"Mehrgenerationenhaus Ha\u00dffurt","publisher":{"@id":"https:\/\/www.mehrgenerationenhaus-hassfurt.de\/mgh\/#organization"},"potentialAction":[{"@type":"SearchAction","target":{"@type":"EntryPoint","urlTemplate":"https:\/\/www.mehrgenerationenhaus-hassfurt.de\/mgh\/?s={search_term_string}"},"query-input":{"@type":"PropertyValueSpecification","valueRequired":true,"valueName":"search_term_string"}}],"inLanguage":"de"},{"@type":"Organization","@id":"https:\/\/www.mehrgenerationenhaus-hassfurt.de\/mgh\/#organization","name":"Mehrgenerationenhaus Ha\u00dffurt","url":"https:\/\/www.mehrgenerationenhaus-hassfurt.de\/mgh\/","logo":{"@type":"ImageObject","inLanguage":"de","@id":"https:\/\/www.mehrgenerationenhaus-hassfurt.de\/mgh\/#\/schema\/logo\/image\/","url":"https:\/\/www.mehrgenerationenhaus-hassfurt.de\/mgh\/wp-cnt\/uploads\/MGH_Logo_2020_hassfurt-scaled.jpg","contentUrl":"https:\/\/www.mehrgenerationenhaus-hassfurt.de\/mgh\/wp-cnt\/uploads\/MGH_Logo_2020_hassfurt-scaled.jpg","width":2560,"height":1162,"caption":"Mehrgenerationenhaus Ha\u00dffurt"},"image":{"@id":"https:\/\/www.mehrgenerationenhaus-hassfurt.de\/mgh\/#\/schema\/logo\/image\/"},"sameAs":["https:\/\/de-de.facebook.com\/mehrgenerationenhausHAS\/"]}]}},"publishpress_future_workflow_manual_trigger":{"enabledWorkflows":[]},"_links":{"self":[{"href":"https:\/\/www.mehrgenerationenhaus-hassfurt.de\/mgh\/wp-json\/wp\/v2\/pages\/24273","targetHints":{"allow":["GET"]}}],"collection":[{"href":"https:\/\/www.mehrgenerationenhaus-hassfurt.de\/mgh\/wp-json\/wp\/v2\/pages"}],"about":[{"href":"https:\/\/www.mehrgenerationenhaus-hassfurt.de\/mgh\/wp-json\/wp\/v2\/types\/page"}],"author":[{"embeddable":true,"href":"https:\/\/www.mehrgenerationenhaus-hassfurt.de\/mgh\/wp-json\/wp\/v2\/users\/3"}],"replies":[{"embeddable":true,"href":"https:\/\/www.mehrgenerationenhaus-hassfurt.de\/mgh\/wp-json\/wp\/v2\/comments?post=24273"}],"version-history":[{"count":0,"href":"https:\/\/www.mehrgenerationenhaus-hassfurt.de\/mgh\/wp-json\/wp\/v2\/pages\/24273\/revisions"}],"up":[{"embeddable":true,"href":"https:\/\/www.mehrgenerationenhaus-hassfurt.de\/mgh\/wp-json\/wp\/v2\/pages\/21690"}],"wp:attachment":[{"href":"https:\/\/www.mehrgenerationenhaus-hassfurt.de\/mgh\/wp-json\/wp\/v2\/media?parent=24273"}],"curies":[{"name":"wp","href":"https:\/\/api.w.org\/{rel}","templated":true}]}}