{"id":26335,"date":"2018-05-23T14:56:37","date_gmt":"2018-05-23T12:56:37","guid":{"rendered":"https:\/\/www.mehrgenerationenhaus-hassfurt.de\/mgh\/?page_id=26335"},"modified":"2022-03-11T11:50:57","modified_gmt":"2022-03-11T10:50:57","slug":"kontaktformular","status":"publish","type":"page","link":"https:\/\/www.mehrgenerationenhaus-hassfurt.de\/mgh\/kontaktformular\/","title":{"rendered":"Kontaktformular"},"content":{"rendered":"<h3>M\u00f6chten Sie uns eine Nachricht zukommen lassen?<\/h3>\n<p>Bit\u00adte be\u00adnut\u00adzen Sie zur Kon\u00adtakt\u00adauf\u00adnah\u00adme un\u00adser nach\u00adste\u00adhen\u00addes For\u00admu\u00adlar, es er\u00adm\u00f6g\u00adlicht die  ver\u00adschl\u00fcs\u00adsel\u00adte  Kommunikation.<\/p>\n<p><span style=\"color: #e00005; font-size: 10pt;\">Nach dem Ab\u00adsen\u00adden ver\u00adsen\u00addet un\u00adser Ser\u00adver ei\u00adnen <strong>Be\u00adst\u00e4\u00adti\u00adgungs-Link an die von Ih\u00adnen an\u00adge\u00adge\u00adbe\u00adne Mail\u00adadres\u00adse<\/strong>. Die\u00adser Link ist 60 Mi\u00adnu\u00adten g\u00fcl\u00adtig. Erst nach\u00addem Sie den Link (recht\u00adzei\u00adtig) an\u00adge\u00adklickt ha\u00adben, wird die For\u00admu\u00adlar\u00ad\u00fcber\u00adtra\u00adgung an uns ausgef\u00fchrt.<br>\n&nbsp;<br>\n<strong>Falls Sie in\u00adner\u00adhalb von 5 Mi\u00adnu\u00adten kei\u00adne Be\u00adst\u00e4\u00adti\u00adgungs\u00admail er\u00adhal\u00adten, se\u00adhen Sie bit\u00adte in Ih\u00adren Spam-Ord\u00adner<\/strong>!<\/span><\/p>\n<hr>\n<style>.formstudio-form-2 .formstudio-element, .formstudio-progress-2 {padding:10px;}.formstudio-form-2, .formstudio-form-2 *, .formstudio-progress-2, .formstudio-tooltipster-content-2 {font-size:15px;color:#444444;font-weight:normal;font-style:normal;text-decoration:none;text-align:left;}.formstudio-inline .formstudio-form-2{background-color:transparent;background-image:none;border-width:0px;border-style:solid;border-radius:0px;border-top:none !important;border-left:none !important;border-right:none !important;border-bottom:none !important;box-shadow:none;padding-top:10px;padding-right:10px;padding-bottom:10px;padding-left:10px;}#formstudio-popup-2 .formstudio-form-2{background-color:#ffffff;background-image:none;border-width:0px;border-style:solid;border-radius:5px;border-top:none !important;border-left:none !important;border-right:none !important;border-bottom:none !important;box-shadow: 1px 1px 15px -5px #000000;padding-top:10px;padding-right:10px;padding-bottom:10px;padding-left:10px;}#formstudio-popup-2 .formstudio-popup-close {color:#ff9800} #formstudio-popup-2 .formstudio-popup-close:hover {color:#ffc107}.formstudio-form-2 .formstudio-element label.formstudio-label,.formstudio-form-2 .formstudio-element label.formstudio-label span.formstudio-required-symbol{font-size:16px;color:#444444;font-weight:bold;font-style:normal;text-decoration:none;text-align:left;}.formstudio-form-2 .formstudio-element label.formstudio-description,.formstudio-form-2 .formstudio-element label.formstudio-description span.formstudio-required-symbol{font-size:14px;color:#888888;font-weight:normal;font-style:italic;text-decoration:none;text-align:left;}.formstudio-form-2 .formstudio-element label.formstudio-label span.formstudio-required-symbol,.formstudio-form-2 .formstudio-element label.formstudio-description span.formstudio-required-symbol{color:#d9534f;font-weight:normal;font-style:normal;text-decoration:none;text-align:left;}.formstudio-form-2 .formstudio-element div.formstudio-input div.formstudio-signature-box span i{font-size:15px;color:#444444;font-weight:normal;font-style:normal;text-decoration:none;text-align:left;}.formstudio-form-2 .formstudio-element div.formstudio-input div.formstudio-signature-box,.formstudio-form-2 .formstudio-element div.formstudio-input div.formstudio-multiselect,.formstudio-form-2 .formstudio-element div.formstudio-input input[type='text'],.formstudio-form-2 .formstudio-element div.formstudio-input input[type='email'],.formstudio-form-2 .formstudio-element div.formstudio-input input[type='password'],.formstudio-form-2 .formstudio-element div.formstudio-input select,.formstudio-form-2 .formstudio-element div.formstudio-input select option,.formstudio-form-2 .formstudio-element div.formstudio-input textarea{font-size:15px;color:#444444;font-weight:normal;font-style:normal;text-decoration:none;text-align:left;background-color:#ffffff;background-image:none;border-width:1px;border-style:solid;border-color:#cccccc;border-radius:0px;box-shadow:none;}.formstudio-form-2 .formstudio-element div.formstudio-input ::placeholder{color:#444444; opacity: 0.9;} .formstudio-form-2 .formstudio-element div.formstudio-input ::-ms-input-placeholder{color:#444444; opacity: 0.9;}.formstudio-form-2 .formstudio-element div.formstudio-input div.formstudio-multiselect::-webkit-scrollbar-thumb{background-color:#cccccc;}.formstudio-form-2 .formstudio-element div.formstudio-input>i.formstudio-icon-left, .formstudio-form-2 .formstudio-element div.formstudio-input>i.formstudio-icon-right{font-size:20px;color:#444444;border-radius:0px;}.formstudio-form-2 .formstudio-element .formstudio-button,.formstudio-form-2 .formstudio-element .formstudio-button:visited{font-size:15px;color:#ffffff;font-weight:normal;font-style:normal;text-decoration:none;text-align:center;background-color:#26b99a;background-image:none;border-width:1px;border-style:solid;border-color:#169f85;border-radius:0px;box-shadow:none;}.formstudio-form-2 .formstudio-element div.formstudio-input .formstudio-imageselect+label{border-width:1px;border-style:solid;border-color:#cccccc;border-radius:0px;box-shadow:none;}.formstudio-form-2 .formstudio-element div.formstudio-input .formstudio-imageselect+label span.formstudio-imageselect-label{font-size:15px;color:#444444;font-weight:normal;font-style:normal;text-decoration:none;text-align:left;}.formstudio-form-2 .formstudio-element div.formstudio-input input[type='checkbox'].formstudio-checkbox-tgl:checked+label:after{background-color:#ffffff;}.formstudio-form-2 .formstudio-element div.formstudio-input input[type='checkbox'].formstudio-checkbox-classic+label,.formstudio-form-2 .formstudio-element div.formstudio-input input[type='checkbox'].formstudio-checkbox-fa-check+label,.formstudio-form-2 .formstudio-element div.formstudio-input input[type='checkbox'].formstudio-checkbox-square+label,.formstudio-form-2 .formstudio-element div.formstudio-input input[type='checkbox'].formstudio-checkbox-tgl+label{background-color:#ffffff;border-color:#cccccc;color:#444444;}.formstudio-form-2 .formstudio-element div.formstudio-input input[type='checkbox'].formstudio-checkbox-square:checked+label:after{background-color:#444444;}.formstudio-form-2 .formstudio-element div.formstudio-input input[type='checkbox'].formstudio-checkbox-tgl:checked+label,.formstudio-form-2 .formstudio-element div.formstudio-input input[type='checkbox'].formstudio-checkbox-tgl+label:after{background-color:#444444;}.formstudio-form-2 .formstudio-element div.formstudio-input input[type='radio'].formstudio-radio-classic+label,.formstudio-form-2 .formstudio-element div.formstudio-input input[type='radio'].formstudio-radio-fa-check+label,.formstudio-form-2 .formstudio-element div.formstudio-input input[type='radio'].formstudio-radio-dot+label{background-color:#ffffff;border-color:#cccccc;color:#444444;}.formstudio-form-2 .formstudio-element div.formstudio-input input[type='radio'].formstudio-radio-dot:checked+label:after{background-color:#444444;}.formstudio-form-2 .formstudio-element div.formstudio-input div.formstudio-multiselect>input[type='checkbox']+label:hover{background-color:#26b99a;color:#ffffff;}.formstudio-form-2 .formstudio-element div.formstudio-input div.formstudio-multiselect>input[type='checkbox']:checked+label{background-color:#169f85;color:#ffffff;}.formstudio-form-2 .formstudio-element div.formstudio-input div.formstudio-multiselect{height:120px;}.formstudio-form-2 .formstudio-element input[type='checkbox'].formstudio-tile+label, .formstudio-form-2 .formstudio-element input[type='radio'].formstudio-tile+label {font-size:15px;color:#444444;font-weight:normal;font-style:normal;text-decoration:none;text-align:center;background-color:#ffffff;background-image:none;border-width:1px;border-style:solid;border-color:#cccccc;border-radius:0px;box-shadow:none;}.formstudio-form-2 .formstudio-element .formstudio-input .formstudio-element-error,.formstudio-uploader-error{font-size:15px;color:#ffffff;font-weight:normal;font-style:normal;text-decoration:none;text-align:left;background-color:#d9534f;background-image:none;}.formstudio-form-2 .formstudio-element-4 div.formstudio-input {height:160px; line-height:2.5;} .formstudio-form-2 .formstudio-element-4 div.formstudio-input textarea{line-height:1.4;}.formstudio-form-2 .formstudio-element-6 div.formstudio-input{height:auto;line-height:1;}.formstudio-form-2 .formstudio-element-9 .formstudio-button, .formstudio-form-2 .formstudio-element-9 .formstudio-button:visited{background-color:rgba(230, 0, 2, 1);border-color:rgba(51, 51, 51, 1);color:rgba(255, 255, 255, 1);}.formstudio-form-2 .formstudio-element-9 .formstudio-button:hover, .formstudio-form-2 .formstudio-element-9 .formstudio-button:focus{background-color:rgba(240, 92, 88, 1);border-color:rgba(51, 51, 51, 1);color:rgba(255, 255, 255, 1);}.formstudio-form-2 .formstudio-element-9 .formstudio-button:active{background-color:rgba(240, 92, 88, 1);border-color:rgba(51, 51, 51, 1);color:rgba(255, 255, 255, 1);}.formstudio-form-2 .formstudio-element-10 a.formstudio-button{\/\/ border-radius: 10px;}.formstudio-form-2 .formstudio-element-10 .formstudio-button, .formstudio-form-2 .formstudio-element-10 .formstudio-button:visited{background-color:rgba(230, 0, 2, 1);border-color:rgba(187, 23, 58, 1);color:rgba(255, 255, 255, 1);}.formstudio-form-2 .formstudio-element-10 .formstudio-button:hover, .formstudio-form-2 .formstudio-element-10 .formstudio-button:focus{background-color:rgba(240, 92, 88, 1);border-color:rgba(240, 92, 88, 1);color:rgba(255, 255, 255, 1);}<\/style><div class=\"formstudio-inline formstudio-container\" style=\"max-width:720px;margin: 0 auto 0 auto;\"><div class=\"formstudio-form formstudio-form-2 formstudio-form-NAmG5jNNV77t1xM9s formstudio-form-input-medium formstudio-form-icon-inside formstudio-form-description-bottom\" data-session=\"48\" data-collapse=\"480\" data-id=\"NAmG5jNNV77t1xM9s\" data-form-id=\"2\" data-title=\"Kontaktformular\" data-page=\"1\" data-xd=\"off\" data-tooltip-theme=\"dark\" style=\"display:none;\"><div class=\"formstudio-form-inner\"><div class=\"formstudio-element formstudio-element-2 formstudio-element-label-top\" data-type=\"text\" data-deps=\"9\" data-id=\"2\"><div class=\"formstudio-column-label\"><label class=\"formstudio-label\">Ihr Name<\/label><\/div><div class=\"formstudio-column-input\"><div class=\"formstudio-input\"><input type=\"text\" name=\"formstudio-2\" class placeholder autocomplete=\"off\" data-default value aria-label=\"Ihr Name\" oninput=\"formstudio_input_changed(this);\" onfocus=\"jQuery(this).closest(&quot;.formstudio-input&quot;).find(&quot;.formstudio-element-error&quot;).fadeOut(300, function(){jQuery(this).remove();});\"><\/div><label class=\"formstudio-description\">Ihr Name<\/label><\/div><\/div><div class=\"formstudio-element formstudio-element-5 formstudio-element-label-top\" data-type=\"email\" data-deps=\"9\" data-id=\"5\"><div class=\"formstudio-column-label\"><label class=\"formstudio-label\">Ihre E\u2011\u00adMail-Adres\u00adse<\/label><\/div><div class=\"formstudio-column-input\"><div class=\"formstudio-input formstudio-icon-left\"><i class=\"formstudio-icon-left formstudio-fa formstudio-fa-envelope-o\"><\/i><input type=\"email\" name=\"formstudio-5\" class placeholder autocomplete=\"email\" data-default value aria-label=\"Ihre E-Mail-Adresse\" oninput=\"formstudio_input_changed(this);\" onfocus=\"jQuery(this).closest(&quot;.formstudio-input&quot;).find(&quot;.formstudio-element-error&quot;).fadeOut(300, function(){jQuery(this).remove();});\"><\/div><label class=\"formstudio-description\"><\/label><\/div><\/div><div class=\"formstudio-element formstudio-element-4 formstudio-element-label-top\" data-type=\"textarea\" data-deps=\"9\" data-id=\"4\"><div class=\"formstudio-column-label\"><label class=\"formstudio-label\">Ihre Nach\u00adricht:<\/label><\/div><div class=\"formstudio-column-input\"><div class=\"formstudio-input\"><textarea name=\"formstudio-4\" class placeholder=\"...\" aria-label=\"Ihre Nachricht:\" data-default oninput=\"formstudio_input_changed(this);\" onfocus=\"jQuery(this).closest(&quot;.formstudio-input&quot;).find(&quot;.formstudio-element-error&quot;).fadeOut(300, function(){jQuery(this).remove();});\"><\/textarea><\/div><label class=\"formstudio-description\"><\/label><\/div><\/div><div class=\"formstudio-element formstudio-element-6 formstudio-element-label-top\" data-type=\"checkbox\" data-deps=\"9\" data-id=\"6\"><div class=\"formstudio-column-label\"><label class=\"formstudio-label\">Ein\u00adver\u00adst\u00e4nd\u00adnis\u00ader\u00adkl\u00e4\u00adrung<\/label><\/div><div class=\"formstudio-column-input\"><div class=\"formstudio-input formstudio-cr-layout-1 formstudio-cr-layout-left\"><div class=\"formstudio-cr-container formstudio-cr-container-medium formstudio-cr-container-left\"><div class=\"formstudio-cr-box\"><input class=\"formstudio-checkbox formstudio-checkbox-classic formstudio-checkbox-medium\" type=\"checkbox\" name=\"formstudio-6[]\" id=\"formstudio-checkbox-Yic9bNSxWzjekFrc5-4-0\" value=\"Datennutzung gem. DSGVO akzeptiert.\" data-default=\"off\" onchange=\"formstudio_input_changed(this);\"><label class=\"noSwipe\" for=\"formstudio-checkbox-Yic9bNSxWzjekFrc5-4-0\" onclick=\"jQuery(this).closest(&quot;.formstudio-input&quot;).find(&quot;.formstudio-element-error&quot;).fadeOut(300, function(){jQuery(this).remove();});\"><\/label><\/div><div class=\"formstudio-cr-label formstudio-ta-left\"><label class=\"noSwipe\" for=\"formstudio-checkbox-Yic9bNSxWzjekFrc5-4-0\" onclick=\"jQuery(this).closest(&quot;.formstudio-input&quot;).find(&quot;.formstudio-element-error&quot;).fadeOut(300, function(){jQuery(this).remove();});\">Mit der Nut\u00adzung die\u00adses For\u00admu\u00adlars er\u00adkl\u00e4\u00adren Sie sich mit der Nut\u00adzung Ih\u00adrer Da\u00adten ein\u00adver\u00adstan\u00adden. Sie k\u00f6n\u00adnen die\u00adse Ein\u00adwil\u00adli\u00adgung je\u00adder\u00adzeit im Rah\u00admen der ge\u00adsetz\u00adli\u00adchen Be\u00adstim\u00admun\u00adgen wi\u00adder\u00adru\u00adfen. Le\u00adsen Sie dazu un\u00adse\u00adre <a href=\"https:\/\/www.mehrgenerationenhaus-hassfurt.de\/mgh\/datenschutz\/\">Da\u00adten\u00adschutz\u00ader\u00adkl\u00e4\u00adrung<\/a><\/label><\/div><\/div><\/div><label class=\"formstudio-description\">Ohne die Ein\u00adver\u00adst\u00e4nd\u00adnis\u00ader\u00adkl\u00e4\u00adrung k\u00f6n\u00adnen Sie die\u00adses For\u00admu\u00adlar nicht absenden.<\/label><\/div><\/div><div class=\"formstudio-element formstudio-element-7 formstudio-element-html\" data-type=\"html\"><p>Die mit (*) ge\u00adkenn\u00adzeich\u00adne\u00adten Fel\u00adder sind Pflichtfelder.&nbsp;<\/p><div class=\"formstudio-element-cover\"><\/div><\/div><div class=\"formstudio-element formstudio-element-9 formstudio-ta-center\" data-type=\"button\"><a class=\"formstudio-button formstudio-button-zoom-out formstudio-button-default formstudio-button-medium \" href=\"#\" onclick=\"return formstudio_submit(this);\" data-label=\"Absenden\" data-loading=\"Ihre Mitteilung wird verschickt ...\"><i class=\"formstudio-icon-left formstudio-fa formstudio-fa-angle-double-right\"><\/i><span>Ab\u00adsen\u00adden<\/span><i class=\"formstudio-icon-right formstudio-fa formstudio-fa-angle-double-left\"><\/i><\/a><\/div><\/div><\/div><div class=\"formstudio-form formstudio-form-2 formstudio-form-NAmG5jNNV77t1xM9s formstudio-form-input-medium formstudio-form-icon-inside formstudio-form-description-bottom\" data-session=\"48\" data-collapse=\"480\" data-id=\"NAmG5jNNV77t1xM9s\" data-form-id=\"2\" data-title=\"Kontaktformular\" data-page=\"confirmation\" data-xd=\"off\" data-tooltip-theme=\"dark\" style=\"display:none;\"><div class=\"formstudio-form-inner\"><div class=\"formstudio-element formstudio-element-0 formstudio-element-html\" data-type=\"html\"><h4 style=\"text-align: center;\">Vielen Dank!<\/h4>\n<p style=\"text-align: center;\">Sie er\u00adhal\u00adten in K\u00fcr\u00adze eine Mail <br>mit ei\u00adnem Link zur Be\u00adst\u00e4\u00adti\u00adgung der For\u00admu\u00adlar\u00adbe\u00adnut\u00adzung. <br>Sie ha\u00adben 60 Mi\u00adnu\u00adten Zeit, die\u00adsen Link an\u00adzu\u00adkli\u00adcken. <br>Da\u00adnach wird er un\u00adg\u00fcl\u00adtig, und Ihre vor\u00adbe\u00adrei\u00adte\u00adte Mit\u00adtei\u00adlung an uns <br>wird \u2013 ohne uns zu er\u00adrei\u00adchen \u2013 vom Ser\u00adver gel\u00f6scht.<\/p>\n<p>&nbsp;<\/p><div class=\"formstudio-element-cover\"><\/div><\/div><div class=\"formstudio-element formstudio-element-10 formstudio-ta-center\" data-type=\"link-button\"><a class=\"formstudio-button formstudio-button-zoom-out formstudio-button-default formstudio-button-medium \" href=\"https:\/\/www.mehrgenerationenhaus-hassfurt.de\/mgh\/\"><i class=\"formstudio-icon-left formstudio-fa formstudio-fa-angle-double-right\"><\/i><span>zu\u00adr\u00fcck zur Website<\/span><i class=\"formstudio-icon-right formstudio-fa formstudio-fa-angle-double-left\"><\/i><\/a><\/div><\/div><\/div><input type=\"hidden\" id=\"formstudio-logic-NAmG5jNNV77t1xM9s\" value=\"{&quot;9&quot;:{&quot;action&quot;:&quot;show&quot;,&quot;operator&quot;:&quot;and&quot;,&quot;rules&quot;:[{&quot;field&quot;:2,&quot;rule&quot;:&quot;is-not-empty&quot;,&quot;token&quot;:&quot;&quot;},{&quot;field&quot;:5,&quot;rule&quot;:&quot;is-not-empty&quot;,&quot;token&quot;:&quot;&quot;},{&quot;field&quot;:4,&quot;rule&quot;:&quot;is-not-empty&quot;,&quot;token&quot;:&quot;&quot;},{&quot;field&quot;:6,&quot;rule&quot;:&quot;contains&quot;,&quot;token&quot;:&quot;akzeptiert&quot;}]}}\">\n<script>\nformstudio_customjs_handlers[\"NAmG5jNNV77t1xM9s\"] = {\n\tdom_id:\t\t\t\t\"NAmG5jNNV77t1xM9s\",\n\tform_id:\t\t\t\"2\",\n\terrors:\t\t\t\t{},\n\tuser_data:\t\t\t{},\n\tget_field_value:\tfunction(_element_id) {return formstudio_get_field_value(this.dom_id, _element_id);},\n\tset_field_value:\tfunction(_element_id, _value) {return formstudio_set_field_value(this.dom_id, _element_id, _value);}\n};\n<\/script><\/div>\n<!--[caldera_form id=\"CF5c38d1218740c\"]-->\n<p><!-- <strong>M\u00f6chten Sie uns eine Nachricht zukommen lassen?<\/strong>\n\nBitte benutzen Sie zur Kontaktaufnahme unser nachstehendes Formular, denn nur das Kontaktformular erlaubt die verschl\u00fcsselte Kommunikation.\n\n[contact-form-7 id=\"41751\" title=\"Kontaktformular MGH\"]\n<span style=\"font-size: 10pt;\"><strong>(*)\u00a0ohne die Einverst\u00e4ndniserkl\u00e4rung k\u00f6nnen Sie das Formular nicht absenden.<\/strong><\/span>\n\n<strong style=\"font-size: 10pt;\">Sie k\u00f6nnen dieser Einwilligung jederzeit widersprechen sowie die L\u00f6schung Ihrer Daten veranlassen, soweit diese nicht von gesetzlich geregelten Auf\u00adbewah\u00adrungs\u00adfristen im Sinne einer ordnungsgem\u00e4\u00dfen Buchf\u00fchrung betroffen sind. Detaillierte Information entnehmen Sie bitte unserer [<\/strong> <a style=\"font-size: 10pt;\" href=\"https:\/\/www.mehrgenerationenhaus-hassfurt.de\/mgh\/datenschutz\/\">Datenschutzerkl\u00e4rung<\/a><span style=\"font-size: 10pt;\"> ]<\/span> --><\/p>\n","protected":false},"excerpt":{"rendered":"<p>M\u00f6ch\u00adten Sie uns eine Nach\u00adricht zu\u00adkom\u00admen las\u00adsen? Bit\u00adte be\u00adnut\u00adzen Sie zur Kon\u00adtakt\u00adauf\u00adnah\u00adme un\u00adser nach\u00adste\u00adhen\u00addes For\u00admu\u00adlar, es er\u00adm\u00f6g\u00adlicht die ver\u00adschl\u00fcs\u00adsel\u00adte Kom\u00admu\u00adni\u00adka\u00adti\u00adon. Nach dem Ab\u00adsen\u00adden ver\u00adsen\u00addet un\u00adser Ser\u00adver ei\u00adnen Be\u00ad\u00adst\u00e4\u00ad\u00adti\u00ad\u00adgungs-Link an die von Ih\u00adnen an\u00adge\u00adge\u00adbe\u00adne Mail\u00adadres\u00adse. Die\u00adser Link ist 60 Mi\u00adnu\u00adten g\u00fcl\u00adtig. Erst nach\u00addem Sie den Link (recht\u00adzei\u00adtig) an\u00adge\u00adklickt ha\u00adben, wird die For\u00admu\u00adlar\u00ad\u00fcber\u00adtra\u00adgung an uns ausgef\u00fchrt.&nbsp;<\/p>\n<p class=\"excerpt-link\"><a class=\"read-more\" href=\"https:\/\/www.mehrgenerationenhaus-hassfurt.de\/mgh\/kontaktformular\/\">Read More \u2192<\/a><\/p>\n","protected":false},"author":3,"featured_media":0,"parent":0,"menu_order":0,"comment_status":"closed","ping_status":"closed","template":"","meta":{"inline_featured_image":false,"wp_typography_post_enhancements_disabled":false,"_mc_calendar":[],"footnotes":""},"class_list":["post-26335","page","type-page","status-publish","hentry"],"yoast_head":"<!-- This site is optimized with the Yoast SEO plugin v27.3 - https:\/\/yoast.com\/product\/yoast-seo-wordpress\/ -->\n<title>Kontaktformular | Mehrgenerationenhaus Ha\u00dffurt<\/title>\n<meta name=\"description\" content=\"Kontaktformular - zur sicheren und DSGVO-konformen Kontaktaufnahme mit dem Mehrgenerationenhaus Ha\u00dffurt. -- BITTE KEIN SPAM !!!\" \/>\n<meta name=\"robots\" content=\"index, follow, max-snippet:-1, max-image-preview:large, max-video-preview:-1\" \/>\n<link rel=\"canonical\" href=\"https:\/\/www.mehrgenerationenhaus-hassfurt.de\/mgh\/kontaktformular\/\" \/>\n<meta property=\"og:locale\" content=\"de_DE\" \/>\n<meta property=\"og:type\" content=\"article\" \/>\n<meta property=\"og:title\" content=\"Kontaktformular | Mehrgenerationenhaus Ha\u00dffurt\" \/>\n<meta property=\"og:description\" content=\"Kontaktformular - zur sicheren und DSGVO-konformen Kontaktaufnahme mit dem Mehrgenerationenhaus Ha\u00dffurt. -- BITTE KEIN SPAM !!!\" \/>\n<meta property=\"og:url\" content=\"https:\/\/www.mehrgenerationenhaus-hassfurt.de\/mgh\/kontaktformular\/\" \/>\n<meta property=\"og:site_name\" content=\"Mehrgenerationenhaus Ha\u00dffurt\" \/>\n<meta property=\"article:publisher\" content=\"https:\/\/de-de.facebook.com\/mehrgenerationenhausHAS\/\" \/>\n<meta property=\"article:modified_time\" content=\"2022-03-11T10:50:57+00:00\" \/>\n<!-- \/ Yoast SEO plugin. -->","yoast_head_json":{"title":"Kontaktformular | Mehrgenerationenhaus Ha\u00dffurt","description":"Kontaktformular - zur sicheren und DSGVO-konformen Kontaktaufnahme mit dem Mehrgenerationenhaus Ha\u00dffurt. -- BITTE KEIN SPAM !!!","robots":{"index":"index","follow":"follow","max-snippet":"max-snippet:-1","max-image-preview":"max-image-preview:large","max-video-preview":"max-video-preview:-1"},"canonical":"https:\/\/www.mehrgenerationenhaus-hassfurt.de\/mgh\/kontaktformular\/","og_locale":"de_DE","og_type":"article","og_title":"Kontaktformular | Mehrgenerationenhaus Ha\u00dffurt","og_description":"Kontaktformular - zur sicheren und DSGVO-konformen Kontaktaufnahme mit dem Mehrgenerationenhaus Ha\u00dffurt. -- BITTE KEIN SPAM !!!","og_url":"https:\/\/www.mehrgenerationenhaus-hassfurt.de\/mgh\/kontaktformular\/","og_site_name":"Mehrgenerationenhaus Ha\u00dffurt","article_publisher":"https:\/\/de-de.facebook.com\/mehrgenerationenhausHAS\/","article_modified_time":"2022-03-11T10:50:57+00:00","schema":{"@context":"https:\/\/schema.org","@graph":[{"@type":"WebPage","@id":"https:\/\/www.mehrgenerationenhaus-hassfurt.de\/mgh\/kontaktformular\/","url":"https:\/\/www.mehrgenerationenhaus-hassfurt.de\/mgh\/kontaktformular\/","name":"Kontaktformular | Mehrgenerationenhaus Ha\u00dffurt","isPartOf":{"@id":"https:\/\/www.mehrgenerationenhaus-hassfurt.de\/mgh\/#website"},"datePublished":"2018-05-23T12:56:37+00:00","dateModified":"2022-03-11T10:50:57+00:00","description":"Kontaktformular - zur sicheren und DSGVO-konformen Kontaktaufnahme mit dem Mehrgenerationenhaus Ha\u00dffurt. -- BITTE KEIN SPAM !!!","breadcrumb":{"@id":"https:\/\/www.mehrgenerationenhaus-hassfurt.de\/mgh\/kontaktformular\/#breadcrumb"},"inLanguage":"de","potentialAction":[{"@type":"ReadAction","target":["https:\/\/www.mehrgenerationenhaus-hassfurt.de\/mgh\/kontaktformular\/"]}]},{"@type":"BreadcrumbList","@id":"https:\/\/www.mehrgenerationenhaus-hassfurt.de\/mgh\/kontaktformular\/#breadcrumb","itemListElement":[{"@type":"ListItem","position":1,"name":"Startseite","item":"https:\/\/www.mehrgenerationenhaus-hassfurt.de\/mgh\/"},{"@type":"ListItem","position":2,"name":"Kontaktformular"}]},{"@type":"WebSite","@id":"https:\/\/www.mehrgenerationenhaus-hassfurt.de\/mgh\/#website","url":"https:\/\/www.mehrgenerationenhaus-hassfurt.de\/mgh\/","name":"Mehrgenerationenhaus Ha\u00dffurt","description":"Mehrgenerationenhaus Ha\u00dffurt","publisher":{"@id":"https:\/\/www.mehrgenerationenhaus-hassfurt.de\/mgh\/#organization"},"potentialAction":[{"@type":"SearchAction","target":{"@type":"EntryPoint","urlTemplate":"https:\/\/www.mehrgenerationenhaus-hassfurt.de\/mgh\/?s={search_term_string}"},"query-input":{"@type":"PropertyValueSpecification","valueRequired":true,"valueName":"search_term_string"}}],"inLanguage":"de"},{"@type":"Organization","@id":"https:\/\/www.mehrgenerationenhaus-hassfurt.de\/mgh\/#organization","name":"Mehrgenerationenhaus Ha\u00dffurt","url":"https:\/\/www.mehrgenerationenhaus-hassfurt.de\/mgh\/","logo":{"@type":"ImageObject","inLanguage":"de","@id":"https:\/\/www.mehrgenerationenhaus-hassfurt.de\/mgh\/#\/schema\/logo\/image\/","url":"https:\/\/www.mehrgenerationenhaus-hassfurt.de\/mgh\/wp-cnt\/uploads\/MGH_Logo_2020_hassfurt-scaled.jpg","contentUrl":"https:\/\/www.mehrgenerationenhaus-hassfurt.de\/mgh\/wp-cnt\/uploads\/MGH_Logo_2020_hassfurt-scaled.jpg","width":2560,"height":1162,"caption":"Mehrgenerationenhaus Ha\u00dffurt"},"image":{"@id":"https:\/\/www.mehrgenerationenhaus-hassfurt.de\/mgh\/#\/schema\/logo\/image\/"},"sameAs":["https:\/\/de-de.facebook.com\/mehrgenerationenhausHAS\/"]}]}},"publishpress_future_workflow_manual_trigger":{"enabledWorkflows":[]},"_links":{"self":[{"href":"https:\/\/www.mehrgenerationenhaus-hassfurt.de\/mgh\/wp-json\/wp\/v2\/pages\/26335","targetHints":{"allow":["GET"]}}],"collection":[{"href":"https:\/\/www.mehrgenerationenhaus-hassfurt.de\/mgh\/wp-json\/wp\/v2\/pages"}],"about":[{"href":"https:\/\/www.mehrgenerationenhaus-hassfurt.de\/mgh\/wp-json\/wp\/v2\/types\/page"}],"author":[{"embeddable":true,"href":"https:\/\/www.mehrgenerationenhaus-hassfurt.de\/mgh\/wp-json\/wp\/v2\/users\/3"}],"replies":[{"embeddable":true,"href":"https:\/\/www.mehrgenerationenhaus-hassfurt.de\/mgh\/wp-json\/wp\/v2\/comments?post=26335"}],"version-history":[{"count":0,"href":"https:\/\/www.mehrgenerationenhaus-hassfurt.de\/mgh\/wp-json\/wp\/v2\/pages\/26335\/revisions"}],"wp:attachment":[{"href":"https:\/\/www.mehrgenerationenhaus-hassfurt.de\/mgh\/wp-json\/wp\/v2\/media?parent=26335"}],"curies":[{"name":"wp","href":"https:\/\/api.w.org\/{rel}","templated":true}]}}