{"id":26799,"date":"2017-06-06T17:58:00","date_gmt":"2017-06-06T15:58:00","guid":{"rendered":"https:\/\/www.mehrgenerationenhaus-hassfurt.de\/mgh\/?page_id=26799"},"modified":"2021-02-16T18:01:17","modified_gmt":"2021-02-16T17:01:17","slug":"demenzhelferinnen","status":"publish","type":"page","link":"https:\/\/www.mehrgenerationenhaus-hassfurt.de\/mgh\/angebote\/demenzhelferinnen\/","title":{"rendered":"Demenzhelferinnen im Mehrgenerationenhaus"},"content":{"rendered":"<p><img loading=\"lazy\" decoding=\"async\" src=\"https:\/\/www.mehrgenerationenhaus-hassfurt.de\/mgh\/wp-cnt\/uploads\/demenzhelfer2021_c580.jpg\" alt=\"Demenzhelfer (Fotos: Ren\u00e9 Ruprecht u. MGH-Team. Foto rechts: Frank Nesslage DRK)\" width=\"580\" height=\"125\" class=\"alignnone size-full wp-image-51002\" srcset=\"https:\/\/www.mehrgenerationenhaus-hassfurt.de\/mgh\/wp-cnt\/uploads\/demenzhelfer2021_c580.jpg 580w, https:\/\/www.mehrgenerationenhaus-hassfurt.de\/mgh\/wp-cnt\/uploads\/demenzhelfer2021_c580-300x65.jpg 300w\" sizes=\"auto, (max-width: 580px) 100vw, 580px\"><\/p>\n<p>Zur Un\u00adter\u00adst\u00fct\u00adzung und Ent\u00adlas\u00adtung im All\u00adtag von Fa\u00admi\u00adli\u00aden im Land\u00adkreis und zur bes\u00adse\u00adren Ver\u00adein\u00adbar\u00adkeit von Fa\u00admi\u00adlie und Pfle\u00adge ver\u00admit\u00adtelt das Mehr\u00adge\u00adne\u00adra\u00adtio\u00adnen\u00adhaus Ha\u00df\u00adfurt in der Fach\u00adstel\u00adle f\u00fcr pfle\u00adgen\u00adde An\u00adge\u00adh\u00f6\u00adri\u00adge aus\u00adge\u00adbil\u00adde\u00adte und zu\u00adver\u00adl\u00e4s\u00adsi\u00adge Demenzhelferinnen.&nbsp;<\/p>\n<p><strong>De\u00admenz\u00adhel\u00adfe\u00adrin\u00adnen<\/strong> sind Be\u00adtreu\u00adungs\u00adper\u00adso\u00adnen, die in ei\u00adner 40-st\u00fcn\u00addi\u00adgen Schu\u00adlung auf die Be\u00adson\u00adder\u00adhei\u00adten der Be\u00adglei\u00adtung von Men\u00adschen mit De\u00admenz vor\u00adbe\u00adrei\u00adtet wurden.&nbsp;<\/p>\n<h2>Was k\u00f6nnen Sie von unseren Demenzhelferinnen erwarten?<\/h2>\n<ul>\n<li style=\"font-size: 16px;\">Ba\u00adsis\u00adwis\u00adsen \u00fcber das ge\u00adron\u00adto\u00adpsych\u00adia\u00adtri\u00adsche Krankheitsbild<\/li>\n<li style=\"font-size: 16px;\">For\u00admen der Pfle\u00adge und recht\u00adli\u00adche Rahmenbedingungen<\/li>\n<li style=\"font-size: 16px;\">Si\u00adtua\u00adti\u00adon der pfle\u00adgen\u00adden Angeh\u00f6rigen<\/li>\n<li style=\"font-size: 16px;\">Um\u00adgang mit den Er\u00adkrank\u00adten, the\u00adra\u00adpeu\u00adti\u00adsche An\u00ads\u00e4t\u00adze und de\u00adren Zielsetzung<\/li>\n<li style=\"font-size: 16px;\">Me\u00adtho\u00adden und M\u00f6g\u00adlich\u00adkei\u00adten der Be\u00adtreu\u00adung und Be\u00adsch\u00e4f\u00adti\u00adgung, Er\u00adwerb von Hand\u00adlungs\u00adkom\u00adpe\u00adtenz, Um\u00adgang mit schwie\u00adri\u00adgen Situationen<\/li>\n<li style=\"font-size: 16px;\">Kom\u00admu\u00adni\u00adka\u00adti\u00adon, Be\u00adtreu\u00adung, Besch\u00e4ftigung<\/li>\n<\/ul>\n<p>Wenn Sie In\u00adter\u00ades\u00adse an der Un\u00adter\u00adst\u00fct\u00adzung durch eine De\u00admenz\u00adhel\u00adfe\u00adrin ha\u00adben, dann mel\u00adden Sie sich in der Fach\u00adstel\u00adle f\u00fcr pfle\u00adgen\u00adde An\u00adge\u00adh\u00f6\u00adri\u00adge im Mehr\u00adge\u00adne\u00adra\u00adtio\u00adnen\u00adhaus Ha\u00df\u00adfurt un\u00adter 09521\/952825\u20130. Bei ei\u00adnem per\u00ads\u00f6n\u00adli\u00adchen Ge\u00adspr\u00e4ch wer\u00adden dann die Zeit und der Um\u00adfang des Ein\u00adsat\u00adzes be\u00adspro\u00adchen. Wir su\u00adchen f\u00fcr Sie wohn\u00adort\u00adna\u00adhe und ge\u00adeig\u00adne\u00adte De\u00admenz\u00adhel\u00adfe\u00adrin\u00adnen. An\u00adschlie\u00ad\u00dfend neh\u00admen Sie Kon\u00adtakt mit der De\u00admenz\u00adhel\u00adfe\u00adrin auf und ver\u00adein\u00adba\u00adren das ers\u00adte Zu\u00adsam\u00admen\u00adtref\u00adfen. Das Mehr\u00adge\u00adne\u00adra\u00adtio\u00adnen\u00adhaus Ha\u00df\u00adfurt steht den Ein\u00ads\u00e4t\u00adzen be\u00adglei\u00adtend zur Sei\u00adte und f\u00fcr Fra\u00adgen je\u00adder\u00adzeit zur Verf\u00fcgung.&nbsp;<\/p>\n<p>Das An\u00adge\u00adbot der De\u00admenz\u00adhel\u00adfe\u00adrin\u00adnen ge\u00adh\u00f6rt zu den An\u00adge\u00adbo\u00adten zur Un\u00adter\u00adst\u00fct\u00adzung im All\u00adtag nach \u00a745a SGB XI (nied\u00adrig\u00adschwel\u00adli\u00adge Ent\u00adlas\u00adtungs\u00adleis\u00adtun\u00adgen) und kann des\u00adhalb vom Ent\u00adlas\u00adtungs\u00adbei\u00adtrag (125 \u20ac) ab\u00adge\u00adrech\u00adnet werden.&nbsp;<\/p>\n<div>\n<table>\n<tbody>\n<tr>\n<th align=\"left\" valign=\"top\">An\u00admel\u00addung\n<\/th><td class=\"cellgray\" align=\"left\" valign=\"top\" width=\"430\">An\u00admel\u00addung erforderlich:<br>\nMehr\u00adge\u00adne\u00adra\u00adtio\u00adnen\u00adhaus Ha\u00dffurt<br>\nFach\u00adstel\u00adle f\u00fcr pfle\u00adgen\u00adde Angeh\u00f6rige<br>\nMarkt\u00adplatz 10<br>\n97437 Ha\u00dffurt<br>\nTel.: 09521\/952825\u20130<br>\nMail: <a href=\"https:\/\/www.mehrgenerationenhaus-hassfurt.de\/mgh\/kontaktformular\/\">mghhassfurt.kv-has@brk.de <\/a><\/td>\n<\/tr>\n<tr>\n<th align=\"left\" valign=\"top\">Kos\u00adten\n<\/th><td class=\"cellgray\" align=\"left\" valign=\"top\" width=\"430\">Vor\u00adaus\u00adset\u00adzung f\u00fcr die Hil\u00adfe ist ein be\u00adstehen\u00adder Pflegegrad<\/td>\n<\/tr>\n<\/tbody>\n<\/table>\n<\/div>\n<p><!--\n\n\n<h3>Kurz-Info zum Entlastungsbetrag<\/h3>\n\n\nAb dem 01.01.2017 kommen mit dem neuen PSG II (Pflegest\u00e4rkungsgesetz) einige finanzielle \u00c4nderungen.\n\nUnter anderem \u00e4ndert sich auch die H\u00f6he des Entlastungsbetrages. Der Entlastungsbetrag von 125 Euro ist f\u00fcr jeden Pflegebed\u00fcrftigen gleich hoch, unabh\u00e4ngig davon, in welchem Pflegegrad er eingestuft ist.\n\n<span style=\"font-size: 10pt;\"><strong>Wer hat Anspruch auf den Betreuungsbetrag?<\/strong><\/span><\/span>\n\n<span style=\"font-size: 10pt;\">Alle Personen mit einem Pflegegrad 1 bis 5, die im h\u00e4uslichen Umfeld gepflegt werden. Zum h\u00e4uslichen Umfeld z\u00e4hlen:<\/span>\n\n\n<ul>\n \t\n\n<li><span style=\"font-size: 10pt;\">Die eigene Wohnung des pflegebed\u00fcrftigen Menschen<\/span><\/li>\n\n\n \t\n\n<li><span style=\"font-size: 10pt;\">Die Wohnung der Pflegeperson<\/span><\/li>\n\n\n \t\n\n<li><span style=\"font-size: 10pt;\">Altenwohnung, Betreutes Wohnen<\/span><\/li>\n\n\n<\/ul>\n\n\n<span style=\"font-size: 10pt;\"><strong>Was bringt der Entlastungsbetrag?<\/strong><\/span>\n\n<span style=\"font-size: 10pt;\">Mit dem Entlastungsbetrag sollen<\/span>\n\n\n<ul>\n \t\n\n<li><span style=\"font-size: 10pt;\">pflegende Angeh\u00f6rigen entlastet und\/oder beraten werden<\/span><\/li>\n\n\n \t\n\n<li><span style=\"font-size: 10pt;\">Pflegebed\u00fcrftige gef\u00f6rdert werden, so dass sie so lange wie m\u00f6glich im h\u00e4uslichen Umfeld ihren Alltag selbstst\u00e4ndig bew\u00e4ltigen und soziale Kontakte pflegen k\u00f6nnen.<\/span><\/li>\n\n\n<\/ul>\n\n\n<span style=\"font-size: 10pt;\"><strong>Welche Leistungen k\u00f6nnen mit dem Entlastungsbetrag abgerechnet werden?<\/strong><\/span>\n\n<span style=\"font-size: 10pt;\">Mit dem Entlastungsbetrag k\u00f6nnen<\/span>\n\n\n<ul>\n \t\n\n<li><span style=\"font-size: 10pt;\">teilstation\u00e4re Tagespflege oder Nachtpflege,<\/span><\/li>\n\n\n \t\n\n<li><span style=\"font-size: 10pt;\">Kurzzeitpflege<\/span><\/li>\n\n\n \t\n\n<li><span style=\"font-size: 10pt;\">Leistungen f\u00fcr den ambulanten Pflegedienst im Bereich der Selbstversorgung f\u00fcr Personen in den Pflegegraden 2 \u2013 5<\/span><\/li>\n\n\n \t\n\n<li><span style=\"font-size: 10pt;\">Leistungen f\u00fcr Pflegedienste im Bereich der K\u00f6rperpflege f\u00fcr Personen mit dem Pflegegrad 1<\/span><\/li>\n\n\n \t\n\n<li><span style=\"font-size: 10pt;\">sowie Angebote zur Unterst\u00fctzung im Alltag nach \u00a7 45a SGB XI (niedrigschwellige Entlastungsleistungen) abgerechnet werden.<\/span><\/li>\n\n\n<\/ul>\n\n\n&nbsp;--><\/p>\n","protected":false},"excerpt":{"rendered":"<p>Zur Un\u00adter\u00adst\u00fct\u00adzung und Ent\u00adlas\u00adtung im All\u00adtag von Fa\u00admi\u00adli\u00aden im Land\u00adkreis und zur bes\u00adse\u00adren Ver\u00adein\u00adbar\u00adkeit von Fa\u00admi\u00adlie und Pfle\u00adge ver\u00admit\u00adtelt das Mehr\u00adge\u00adne\u00adra\u00adtio\u00adnen\u00adhaus Ha\u00df\u00adfurt in der Fach\u00adstel\u00adle f\u00fcr pfle\u00adgen\u00adde An\u00adge\u00adh\u00f6\u00adri\u00adge aus\u00adge\u00adbil\u00adde\u00adte und zu\u00adver\u00adl\u00e4s\u00adsi\u00adge De\u00admenz\u00adhel\u00adfe\u00adrin\u00adnen.&nbsp; De\u00admenz\u00adhel\u00adfe\u00adrin\u00adnen sind Be\u00adtreu\u00adungs\u00adper\u00adso\u00adnen, die in ei\u00adner 40-st\u00fcn\u00ad\u00addi\u00ad\u00adgen Schu\u00adlung auf die Be\u00adson\u00adder\u00adhei\u00adten der Be\u00adglei\u00adtung von Men\u00adschen mit De\u00admenz vor\u00adbe\u00adrei\u00adtet wur\u00adden.&nbsp; Was k\u00f6n\u00adnen Sie&nbsp;von&nbsp;<\/p>\n<p class=\"excerpt-link\"><a class=\"read-more\" href=\"https:\/\/www.mehrgenerationenhaus-hassfurt.de\/mgh\/angebote\/demenzhelferinnen\/\">Read More \u2192<\/a><\/p>\n","protected":false},"author":3,"featured_media":8849,"parent":219,"menu_order":0,"comment_status":"closed","ping_status":"closed","template":"","meta":{"inline_featured_image":false,"wp_typography_post_enhancements_disabled":false,"_mc_calendar":[],"footnotes":""},"class_list":["post-26799","page","type-page","status-publish","has-post-thumbnail","hentry"],"yoast_head":"<!-- This site is optimized with the Yoast SEO plugin v27.3 - https:\/\/yoast.com\/product\/yoast-seo-wordpress\/ -->\n<title>Demenzhelferinnen im Mehrgenerationenhaus | MGH Ha\u00dffurt<\/title>\n<meta name=\"description\" content=\"Zur Unterst\u00fctzung der Familien im Landkreis vermittelt das Mehrgenerationenhaus Ha\u00dffurt ausgebildete Demenzhelferinnen.\" \/>\n<meta name=\"robots\" content=\"index, follow, max-snippet:-1, max-image-preview:large, max-video-preview:-1\" \/>\n<link rel=\"canonical\" href=\"https:\/\/www.mehrgenerationenhaus-hassfurt.de\/mgh\/angebote\/demenzhelferinnen\/\" \/>\n<meta property=\"og:locale\" content=\"de_DE\" \/>\n<meta property=\"og:type\" content=\"article\" \/>\n<meta property=\"og:title\" content=\"Demenzhelferinnen im Mehrgenerationenhaus | MGH Ha\u00dffurt\" \/>\n<meta property=\"og:description\" content=\"Zur Unterst\u00fctzung der Familien im Landkreis vermittelt das Mehrgenerationenhaus Ha\u00dffurt ausgebildete Demenzhelferinnen.\" \/>\n<meta property=\"og:url\" content=\"https:\/\/www.mehrgenerationenhaus-hassfurt.de\/mgh\/angebote\/demenzhelferinnen\/\" \/>\n<meta property=\"og:site_name\" content=\"Mehrgenerationenhaus Ha\u00dffurt\" \/>\n<meta property=\"article:publisher\" content=\"https:\/\/de-de.facebook.com\/mehrgenerationenhausHAS\/\" \/>\n<meta property=\"article:modified_time\" content=\"2021-02-16T17:01:17+00:00\" \/>\n<!-- \/ Yoast SEO plugin. -->","yoast_head_json":{"title":"Demenzhelferinnen im Mehrgenerationenhaus | MGH Ha\u00dffurt","description":"Zur Unterst\u00fctzung der Familien im Landkreis vermittelt das Mehrgenerationenhaus Ha\u00dffurt ausgebildete Demenzhelferinnen.","robots":{"index":"index","follow":"follow","max-snippet":"max-snippet:-1","max-image-preview":"max-image-preview:large","max-video-preview":"max-video-preview:-1"},"canonical":"https:\/\/www.mehrgenerationenhaus-hassfurt.de\/mgh\/angebote\/demenzhelferinnen\/","og_locale":"de_DE","og_type":"article","og_title":"Demenzhelferinnen im Mehrgenerationenhaus | MGH Ha\u00dffurt","og_description":"Zur Unterst\u00fctzung der Familien im Landkreis vermittelt das Mehrgenerationenhaus Ha\u00dffurt ausgebildete Demenzhelferinnen.","og_url":"https:\/\/www.mehrgenerationenhaus-hassfurt.de\/mgh\/angebote\/demenzhelferinnen\/","og_site_name":"Mehrgenerationenhaus Ha\u00dffurt","article_publisher":"https:\/\/de-de.facebook.com\/mehrgenerationenhausHAS\/","article_modified_time":"2021-02-16T17:01:17+00:00","schema":{"@context":"https:\/\/schema.org","@graph":[{"@type":"WebPage","@id":"https:\/\/www.mehrgenerationenhaus-hassfurt.de\/mgh\/angebote\/demenzhelferinnen\/","url":"https:\/\/www.mehrgenerationenhaus-hassfurt.de\/mgh\/angebote\/demenzhelferinnen\/","name":"Demenzhelferinnen im Mehrgenerationenhaus | MGH Ha\u00dffurt","isPartOf":{"@id":"https:\/\/www.mehrgenerationenhaus-hassfurt.de\/mgh\/#website"},"primaryImageOfPage":{"@id":"https:\/\/www.mehrgenerationenhaus-hassfurt.de\/mgh\/angebote\/demenzhelferinnen\/#primaryimage"},"image":{"@id":"https:\/\/www.mehrgenerationenhaus-hassfurt.de\/mgh\/angebote\/demenzhelferinnen\/#primaryimage"},"thumbnailUrl":"","datePublished":"2017-06-06T15:58:00+00:00","dateModified":"2021-02-16T17:01:17+00:00","description":"Zur Unterst\u00fctzung der Familien im Landkreis vermittelt das Mehrgenerationenhaus Ha\u00dffurt ausgebildete Demenzhelferinnen.","breadcrumb":{"@id":"https:\/\/www.mehrgenerationenhaus-hassfurt.de\/mgh\/angebote\/demenzhelferinnen\/#breadcrumb"},"inLanguage":"de","potentialAction":[{"@type":"ReadAction","target":["https:\/\/www.mehrgenerationenhaus-hassfurt.de\/mgh\/angebote\/demenzhelferinnen\/"]}]},{"@type":"ImageObject","inLanguage":"de","@id":"https:\/\/www.mehrgenerationenhaus-hassfurt.de\/mgh\/angebote\/demenzhelferinnen\/#primaryimage","url":"","contentUrl":""},{"@type":"BreadcrumbList","@id":"https:\/\/www.mehrgenerationenhaus-hassfurt.de\/mgh\/angebote\/demenzhelferinnen\/#breadcrumb","itemListElement":[{"@type":"ListItem","position":1,"name":"Startseite","item":"https:\/\/www.mehrgenerationenhaus-hassfurt.de\/mgh\/"},{"@type":"ListItem","position":2,"name":"Angebote und Dienstleistungen","item":"https:\/\/www.mehrgenerationenhaus-hassfurt.de\/mgh\/angebote\/"},{"@type":"ListItem","position":3,"name":"Demenzhelferinnen im Mehrgenerationenhaus"}]},{"@type":"WebSite","@id":"https:\/\/www.mehrgenerationenhaus-hassfurt.de\/mgh\/#website","url":"https:\/\/www.mehrgenerationenhaus-hassfurt.de\/mgh\/","name":"Mehrgenerationenhaus Ha\u00dffurt","description":"Mehrgenerationenhaus Ha\u00dffurt","publisher":{"@id":"https:\/\/www.mehrgenerationenhaus-hassfurt.de\/mgh\/#organization"},"potentialAction":[{"@type":"SearchAction","target":{"@type":"EntryPoint","urlTemplate":"https:\/\/www.mehrgenerationenhaus-hassfurt.de\/mgh\/?s={search_term_string}"},"query-input":{"@type":"PropertyValueSpecification","valueRequired":true,"valueName":"search_term_string"}}],"inLanguage":"de"},{"@type":"Organization","@id":"https:\/\/www.mehrgenerationenhaus-hassfurt.de\/mgh\/#organization","name":"Mehrgenerationenhaus Ha\u00dffurt","url":"https:\/\/www.mehrgenerationenhaus-hassfurt.de\/mgh\/","logo":{"@type":"ImageObject","inLanguage":"de","@id":"https:\/\/www.mehrgenerationenhaus-hassfurt.de\/mgh\/#\/schema\/logo\/image\/","url":"https:\/\/www.mehrgenerationenhaus-hassfurt.de\/mgh\/wp-cnt\/uploads\/MGH_Logo_2020_hassfurt-scaled.jpg","contentUrl":"https:\/\/www.mehrgenerationenhaus-hassfurt.de\/mgh\/wp-cnt\/uploads\/MGH_Logo_2020_hassfurt-scaled.jpg","width":2560,"height":1162,"caption":"Mehrgenerationenhaus Ha\u00dffurt"},"image":{"@id":"https:\/\/www.mehrgenerationenhaus-hassfurt.de\/mgh\/#\/schema\/logo\/image\/"},"sameAs":["https:\/\/de-de.facebook.com\/mehrgenerationenhausHAS\/"]}]}},"publishpress_future_workflow_manual_trigger":{"enabledWorkflows":[]},"_links":{"self":[{"href":"https:\/\/www.mehrgenerationenhaus-hassfurt.de\/mgh\/wp-json\/wp\/v2\/pages\/26799","targetHints":{"allow":["GET"]}}],"collection":[{"href":"https:\/\/www.mehrgenerationenhaus-hassfurt.de\/mgh\/wp-json\/wp\/v2\/pages"}],"about":[{"href":"https:\/\/www.mehrgenerationenhaus-hassfurt.de\/mgh\/wp-json\/wp\/v2\/types\/page"}],"author":[{"embeddable":true,"href":"https:\/\/www.mehrgenerationenhaus-hassfurt.de\/mgh\/wp-json\/wp\/v2\/users\/3"}],"replies":[{"embeddable":true,"href":"https:\/\/www.mehrgenerationenhaus-hassfurt.de\/mgh\/wp-json\/wp\/v2\/comments?post=26799"}],"version-history":[{"count":0,"href":"https:\/\/www.mehrgenerationenhaus-hassfurt.de\/mgh\/wp-json\/wp\/v2\/pages\/26799\/revisions"}],"up":[{"embeddable":true,"href":"https:\/\/www.mehrgenerationenhaus-hassfurt.de\/mgh\/wp-json\/wp\/v2\/pages\/219"}],"wp:featuredmedia":[{"embeddable":true,"href":"https:\/\/www.mehrgenerationenhaus-hassfurt.de\/mgh\/wp-json\/"}],"wp:attachment":[{"href":"https:\/\/www.mehrgenerationenhaus-hassfurt.de\/mgh\/wp-json\/wp\/v2\/media?parent=26799"}],"curies":[{"name":"wp","href":"https:\/\/api.w.org\/{rel}","templated":true}]}}