{"id":271,"date":"2011-08-30T17:30:03","date_gmt":"2011-08-30T15:30:03","guid":{"rendered":"http:\/\/wp10664415.wp039.webpack.hosteurope.de\/wp\/?page_id=271"},"modified":"2024-09-02T16:58:53","modified_gmt":"2024-09-02T14:58:53","slug":"demenz","status":"publish","type":"page","link":"https:\/\/www.mehrgenerationenhaus-hassfurt.de\/mgh\/angebote\/demenz\/","title":{"rendered":"Fachstelle \u2013 Demenz-Sprechstunde"},"content":{"rendered":"<h1 style=\"margin-top: 58px; font-weight: normal;\">Fachstelle f\u00fcr pflegende Angeh\u00f6rige<br>\nund Demenz-Sprechstunde<\/h1>\n<h2 style=\"color: #333; font-size: 20px;\"><strong>Seniorenberatung der Fachstelle f\u00fcr pflegende Angeh\u00f6rige<\/strong><\/h2>\n<p><img loading=\"lazy\" decoding=\"async\" style=\"margin-top: 0px;\" src=\"https:\/\/www.mehrgenerationenhaus-hassfurt.de\/mgh\/wp-cnt\/uploads\/hdc_rr_fachstelle_580.jpg\" alt=\"Fachstelle f\u00fcr pflegende Angeh\u00f6rige und Demenz-Sprechstunde\" width=\"580\" height=\"125\" class=\"alignnone size-full wp-image-50219\" srcset=\"https:\/\/www.mehrgenerationenhaus-hassfurt.de\/mgh\/wp-cnt\/uploads\/hdc_rr_fachstelle_580.jpg 580w, https:\/\/www.mehrgenerationenhaus-hassfurt.de\/mgh\/wp-cnt\/uploads\/hdc_rr_fachstelle_580-300x65.jpg 300w\" sizes=\"auto, (max-width: 580px) 100vw, 580px\"><\/p>\n<p>Die Be\u00adtreu\u00adung und Pfle\u00adge hilfs\u00adbe\u00add\u00fcrf\u00adti\u00adger Men\u00adschen wird \u00fcber\u00adwie\u00adgend von Fa\u00admi\u00adli\u00aden\u00adan\u00adge\u00adh\u00f6\u00adri\u00adgen ge\u00adleis\u00adtet, was oft gro\u00ad\u00dfer An\u00adstren\u00adgung be\u00addarf. Doch Pfle\u00adge\u00adbe\u00add\u00fcrf\u00adti\u00adge und pfle\u00adgen\u00adde An\u00adge\u00adh\u00f6\u00adri\u00adge sind mit ih\u00adrer Si\u00adtua\u00adti\u00adon nicht al\u00adlein. Es gibt eine Viel\u00adzahl von Leis\u00adtun\u00adgen und Unterst\u00fctzungsangeboten.&nbsp;<\/p>\n<p>In der Fach\u00adstel\u00adle k\u00f6n\u00adnen sich Fa\u00admi\u00adli\u00aden\u00adan\u00adge\u00adh\u00f6\u00adri\u00adge, Nach\u00adbarn und Freun\u00adde aus\u00adspre\u00adchen, so\u00adwie Rat und Un\u00adter\u00adst\u00fct\u00adzung holen.&nbsp;<\/p>\n<h3>Wir bieten Ihnen konkrete Hilfestellung im Pflege- und Betreuungsalltag:<\/h3>\n<p>Z.B. In\u00adfor\u00adma\u00adtio\u00adnen \u00fcber die Leis\u00adtun\u00adgen der Pfle\u00adge\u00adver\u00adsi\u00adche\u00adrung, \u00fcber Krank\u00adheits\u00adbil\u00adder, Hilfs\u00admit\u00adtel\u00adbe\u00adschaf\u00adfung oder Wohnraumanpassung.&nbsp;<\/p>\n<p>Ne\u00adben der Be\u00adra\u00adtung und Schu\u00adlung von pfle\u00adgen\u00adden An\u00adge\u00adh\u00f6\u00adri\u00adgen bie\u00adten wir im Mehr\u00adge\u00adne\u00adra\u00adtio\u00adnen\u00adhaus Ha\u00df\u00adfurt auch ver\u00adschie\u00adde\u00adne <a href=\"https:\/\/www.mehrgenerationenhaus-hassfurt.de\/mgh\/angebote-familien#familiepflege\">ent\u00adlas\u00adten\u00adde An\u00adge\u00adbo\u00adte<\/a> an und bin\u00adden die Pfle\u00adge\u00adbe\u00add\u00fcrf\u00adti\u00adgen in die ge\u00adne\u00adra\u00adti\u00adons\u00ad\u00fcber\u00adgrei\u00adfen\u00adden An\u00adge\u00adbo\u00adte&nbsp;ein.&nbsp;<\/p>\n<h3>Dar\u00fcber hinaus vermitteln wir allt\u00e4gliche Hilfen, wie zum Beispiel:&nbsp;<\/h3>\n<ul>\n<ul>\n<li><a href=\"https:\/\/kvhassberge.brk.de\/was-wir-tun\/soziale-dienstleistungen\/menue-service\" target=\"_blank\" rel=\"noopener noreferrer\"><span style=\"color: #444444;\">Es\u00adsen auf R\u00e4dern<\/span><\/a><\/li>\n<li><a href=\"https:\/\/kvhassberge.brk.de\/was-wir-tun\/soziale-dienstleistungen\/hausnotruf\" target=\"_blank\" rel=\"noopener noreferrer\"><span style=\"color: #444444;\">Haus\u00adnot\u00adruf\u00adsys\u00adtem<\/span><\/a> oder <a href=\"https:\/\/kvhassberge.brk.de\/was-wir-tun\/soziale-dienstleistungen\/fahrdienst\" target=\"_blank\" rel=\"noopener noreferrer\"><span style=\"color: #444444;\">Fahr\u00addiens\u00adte<\/span><\/a><\/li>\n<li>haus\u00adwirt\u00adschaft\u00adli\u00adche Versorgung<\/li>\n<li>Be\u00adtreu\u00adung und Be\u00adglei\u00adtung bei Aktivit\u00e4ten<\/li>\n<li>Be\u00adtreu\u00adungs\u00adgrup\u00adpe<\/li>\n<li>An\u00adge\u00adh\u00f6\u00adri\u00adgen\u00adgrup\u00adpe<\/li>\n<li>De\u00admenz\u00adhel\u00adfe\u00adrin\u00adnen<\/li>\n<li>Schu\u00adlun\u00adgen zu h\u00e4us\u00adli\u00adcher Kran\u00adken\u00adpfle\u00adge nach SGB&nbsp;XI<\/li>\n<li>Schu\u00adlun\u00adgen in der ei\u00adge\u00adnen Wohnung<\/li>\n<li>am\u00adbu\u00adlan\u00adte Pflegedienste<\/li>\n<li>Pfle\u00adge\u00adein\u00adrich\u00adtun\u00adgen<\/li>\n<li>Ta\u00adges- und Nachtpflegen<\/li>\n<\/ul>\n<\/ul>\n<p>Die Be\u00adra\u00adtung ist selbst\u00adver\u00adst\u00e4nd\u00adlich kostenlos.&nbsp;<\/p>\n<p>Ein Gro\u00df\u00adteil der Hil\u00adfe- und Pfle\u00adge\u00adbe\u00add\u00fcrf\u00adti\u00adgen wird ganz oder teil\u00adwei\u00adse von ih\u00adren An\u00adge\u00adh\u00f6\u00adri\u00adgen, ih\u00adrer Fa\u00admi\u00adlie ver\u00adsorgt und ge\u00adpflegt. Man\u00adche Hil\u00adfe\u00adbe\u00add\u00fcrf\u00adtig\u00adkeit be\u00adginnt mit der \u00dcber\u00adnah\u00adme des Ein\u00adkaufs, dem Fr\u00fch\u00adjahrs\u00adputz etc. und nimmt dann schlei\u00adchend zu. In an\u00adde\u00adren F\u00e4l\u00adlen kommt die Hil\u00adfe\u00adbe\u00add\u00fcrf\u00adtig\u00adkeit \u00fcber\u00adra\u00adschend auf die An\u00adge\u00adh\u00f6\u00adri\u00adgen zu. Bei\u00adspiels\u00adwei\u00adse nach ei\u00adnem Schlag\u00adan\u00adfall muss die Fra\u00adge, wie die Ver\u00adsor\u00adgung und die Pfle\u00adge zu\u00adk\u00fcnf\u00adtig si\u00adcher\u00adge\u00adstellt wer\u00adden kann, be\u00adant\u00adwor\u00adtet werden.<\/p>\n<h3>Wir zeigen Ihnen, worauf es ankommt:&nbsp;<\/h3>\n<p>Am wich\u00adtigs\u00adten ist es in sol\u00adchen Situationen:<\/p>\n<ul>\n<ul>\n<li>ei\u00adnen \u00dcber\u00adblick \u00fcber die re\u00adgio\u00adnal vor\u00adhan\u00adde\u00adnen <strong>Ent\u00adlas\u00adtungs- und Un\u00adter\u00adst\u00fct\u00adzungs\u00adan\u00adge\u00adbo\u00adte<\/strong> zu bekommen<\/li>\n<li>zu kl\u00e4\u00adren, ob zu de\u00adren Be\u00adzah\u00adlung <strong>Leis\u00adtun\u00adgen der Kran\u00adken\u00adver\u00adsi\u00adche\u00adrung oder der Pfle\u00adge\u00adver\u00adsi\u00adche\u00adrung<\/strong> be\u00adan\u00adtragt wer\u00adden k\u00f6nnen<\/li>\n<li>zu planen\/\u200babzustimmen, wann die An\u00adge\u00adbo\u00adte zeit\u00adlich ge\u00adnutzt und wann die Fa\u00admi\u00adlie un\u00adter\u00adst\u00fctzt wer\u00adden&nbsp;soll<\/li>\n<\/ul>\n<\/ul>\n<p>Zu\u00ads\u00e4tz\u00adlich bie\u00adten wir kla\u00adre Hil\u00adfe\u00adstel\u00adlung zum The\u00adma Demenz.<\/p>\n<h3>Demenz ist eine Krankheit mitten im Leben,<br>\ndie jede und jeden von uns treffen kann.<\/h3>\n<p><strong>Wir hel\u00adfen Ih\u00adnen und un\u00adter\u00adst\u00fct\u00adzen&nbsp;Sie.<\/strong><\/p>\n<div>\n<table>\n<tbody>\n<tr>\n<th align=\"left\" valign=\"top\">Wo<\/th>\n<td class=\"cellgray\">Mehr\u00adge\u00adne\u00adra\u00adtio\u00adnen\u00adhaus Ha\u00dffurt<br>\n1. OG Beratung<br>\nMarkt\u00adplatz 10<br>\n97437 Ha\u00dffurt<\/td>\n<\/tr>\n<tr>\n<th align=\"left\" valign=\"top\">Wann<\/th>\n<td class=\"cellgray\">Je\u00adder\u00adzeit mit Anmeldung<\/td>\n<\/tr>\n<tr>\n<th align=\"left\" valign=\"top\">An\u00admel\u00addung\n<\/th><td class=\"cellgray\" align=\"left\" valign=\"top\" width=\"430\">An\u00admel\u00addung erbeten:<br>\nMehr\u00adge\u00adne\u00adra\u00adtio\u00adnen\u00adhaus Ha\u00dffurt<br>\nMarkt\u00adplatz 10<br>\n97437 Ha\u00dffurt<br>\nTel. 09521\u2013952825\u20110<\/td>\n<\/tr>\n<tr>\n<th align=\"left\" valign=\"top\">Kos\u00adten\n<\/th><td class=\"cellgray\" align=\"left\" valign=\"top\" width=\"430\">Die Be\u00adra\u00adtung ist kostenlos<\/td>\n<\/tr>\n<\/tbody>\n<\/table>\n<\/div>\n<p>\u2192 Down\u00adload: <a href=\"https:\/\/www.mehrgenerationenhaus-hassfurt.de\/mgh\/wp-cnt\/uploads\/2024-MGH_Fachstelle_f_pflegende-Angehoerige\" target=\"_blank\" rel=\"noopener\">Fly\u00ader <strong><span class=\"push-double\"><\/span>\u200b<span class=\"pull-double\">\u201e<\/span>Fach\u00adstel\u00adle f\u00fcr pfle\u00adgen\u00adde An\u00adge\u00adh\u00f6\u00adri\u00adge\u201c<\/strong> (PDF)<\/a><\/p>\n<div class=\"content-column full_width\"><div><img loading=\"lazy\" decoding=\"async\" width=\"1676\" height=\"354\" src=\"https:\/\/www.mehrgenerationenhaus-hassfurt.de\/mgh\/wp-cnt\/uploads\/StMGP_logo_4c_rechts_v-schraffur_rgb.jpg\" alt=\"Logo des Bayerischen Staatsministeriums f\u00fcr Gesundheit, Pflege und Pr\u00e4vention\" class=\"aligncenter swp-image-53687\" srcset=\"https:\/\/www.mehrgenerationenhaus-hassfurt.de\/mgh\/wp-cnt\/uploads\/StMGP_logo_4c_rechts_v-schraffur_rgb.jpg 1676w, https:\/\/www.mehrgenerationenhaus-hassfurt.de\/mgh\/wp-cnt\/uploads\/StMGP_logo_4c_rechts_v-schraffur_rgb-300x63.jpg 300w, https:\/\/www.mehrgenerationenhaus-hassfurt.de\/mgh\/wp-cnt\/uploads\/StMGP_logo_4c_rechts_v-schraffur_rgb-1024x216.jpg 1024w, https:\/\/www.mehrgenerationenhaus-hassfurt.de\/mgh\/wp-cnt\/uploads\/StMGP_logo_4c_rechts_v-schraffur_rgb-768x162.jpg 768w, https:\/\/www.mehrgenerationenhaus-hassfurt.de\/mgh\/wp-cnt\/uploads\/StMGP_logo_4c_rechts_v-schraffur_rgb-1536x324.jpg 1536w\" sizes=\"auto, (max-width: 1676px) 100vw, 1676px\"><\/div><\/div>\n<p><span style=\"font-size: small;\">Die\u00adses Pro\u00adjekt wird gef\u00f6rdert<br>\nmit Mit\u00adteln des Baye\u00adri\u00adschen Staats\u00admi\u00adnis\u00adte\u00adri\u00adums f\u00fcr Ge\u00adsund\u00adheit, Pfle\u00adge und Pr\u00e4vention.<\/span><\/p>\n","protected":false},"excerpt":{"rendered":"<p>Fach\u00adstel\u00adle f\u00fcr pfle\u00adgen\u00adde An\u00adge\u00adh\u00f6\u00adri\u00adge und De\u00admenz-Sprech\u00adstun\u00adde Se\u00adnio\u00adren\u00adbe\u00adra\u00adtung der Fach\u00adstel\u00adle f\u00fcr pfle\u00adgen\u00adde An\u00adge\u00adh\u00f6\u00adri\u00adge Die Be\u00adtreu\u00adung und Pfle\u00adge hilfs\u00adbe\u00add\u00fcrf\u00adti\u00adger Men\u00adschen wird \u00fcber\u00adwie\u00adgend von Fa\u00admi\u00adli\u00aden\u00adan\u00adge\u00adh\u00f6\u00adri\u00adgen ge\u00adleis\u00adtet, was oft gro\u00ad\u00dfer An\u00adstren\u00adgung be\u00addarf. Doch Pfle\u00adge\u00adbe\u00add\u00fcrf\u00adti\u00adge und pfle\u00adgen\u00adde An\u00adge\u00adh\u00f6\u00adri\u00adge sind mit ih\u00adrer Si\u00adtua\u00adti\u00adon nicht al\u00adlein. Es gibt eine Viel\u00adzahl von Leis\u00adtun\u00adgen und Un\u00adter\u00adst\u00fct\u00adzungs\u00adan\u00adge\u00adbo\u00adten.&nbsp; In der Fach\u00adstel\u00adle k\u00f6n\u00adnen sich Fa\u00admi\u00adli\u00aden\u00adan\u00adge\u00adh\u00f6\u00adri\u00adge, Nach\u00adbarn&nbsp;und&nbsp;<\/p>\n<p class=\"excerpt-link\"><a class=\"read-more\" href=\"https:\/\/www.mehrgenerationenhaus-hassfurt.de\/mgh\/angebote\/demenz\/\">Read More \u2192<\/a><\/p>\n","protected":false},"author":3,"featured_media":8849,"parent":219,"menu_order":0,"comment_status":"closed","ping_status":"closed","template":"","meta":{"inline_featured_image":false,"wp_typography_post_enhancements_disabled":false,"_mc_calendar":[],"footnotes":""},"class_list":["post-271","page","type-page","status-publish","has-post-thumbnail","hentry"],"yoast_head":"<!-- This site is optimized with the Yoast SEO plugin v27.3 - https:\/\/yoast.com\/product\/yoast-seo-wordpress\/ -->\n<title>Fachstelle - Demenz-Sprechstunde | Mehrgenerationenhaus H...<\/title>\n<meta name=\"description\" content=\"Die Fachstelle f\u00fcr pflegende Angeh\u00f6rige und Demenz-Sprechstunde bietet qualifizierte Unterst\u00fctzung im Pflege- und Betreuungsalltag\" \/>\n<meta name=\"robots\" content=\"index, follow, max-snippet:-1, max-image-preview:large, max-video-preview:-1\" \/>\n<link rel=\"canonical\" href=\"https:\/\/www.mehrgenerationenhaus-hassfurt.de\/mgh\/angebote\/demenz\/\" \/>\n<meta property=\"og:locale\" content=\"de_DE\" \/>\n<meta property=\"og:type\" content=\"article\" \/>\n<meta property=\"og:title\" content=\"Fachstelle - Demenz-Sprechstunde | Mehrgenerationenhaus H...\" \/>\n<meta property=\"og:description\" content=\"Die Fachstelle f\u00fcr pflegende Angeh\u00f6rige und Demenz-Sprechstunde bietet qualifizierte Unterst\u00fctzung im Pflege- und Betreuungsalltag\" \/>\n<meta property=\"og:url\" content=\"https:\/\/www.mehrgenerationenhaus-hassfurt.de\/mgh\/angebote\/demenz\/\" \/>\n<meta property=\"og:site_name\" content=\"Mehrgenerationenhaus Ha\u00dffurt\" \/>\n<meta property=\"article:publisher\" content=\"https:\/\/de-de.facebook.com\/mehrgenerationenhausHAS\/\" \/>\n<meta property=\"article:modified_time\" content=\"2024-09-02T14:58:53+00:00\" \/>\n<!-- \/ Yoast SEO plugin. -->","yoast_head_json":{"title":"Fachstelle - Demenz-Sprechstunde | Mehrgenerationenhaus H...","description":"Die Fachstelle f\u00fcr pflegende Angeh\u00f6rige und Demenz-Sprechstunde bietet qualifizierte Unterst\u00fctzung im Pflege- und Betreuungsalltag","robots":{"index":"index","follow":"follow","max-snippet":"max-snippet:-1","max-image-preview":"max-image-preview:large","max-video-preview":"max-video-preview:-1"},"canonical":"https:\/\/www.mehrgenerationenhaus-hassfurt.de\/mgh\/angebote\/demenz\/","og_locale":"de_DE","og_type":"article","og_title":"Fachstelle - Demenz-Sprechstunde | Mehrgenerationenhaus H...","og_description":"Die Fachstelle f\u00fcr pflegende Angeh\u00f6rige und Demenz-Sprechstunde bietet qualifizierte Unterst\u00fctzung im Pflege- und Betreuungsalltag","og_url":"https:\/\/www.mehrgenerationenhaus-hassfurt.de\/mgh\/angebote\/demenz\/","og_site_name":"Mehrgenerationenhaus Ha\u00dffurt","article_publisher":"https:\/\/de-de.facebook.com\/mehrgenerationenhausHAS\/","article_modified_time":"2024-09-02T14:58:53+00:00","schema":{"@context":"https:\/\/schema.org","@graph":[{"@type":"WebPage","@id":"https:\/\/www.mehrgenerationenhaus-hassfurt.de\/mgh\/angebote\/demenz\/","url":"https:\/\/www.mehrgenerationenhaus-hassfurt.de\/mgh\/angebote\/demenz\/","name":"Fachstelle - Demenz-Sprechstunde | Mehrgenerationenhaus H...","isPartOf":{"@id":"https:\/\/www.mehrgenerationenhaus-hassfurt.de\/mgh\/#website"},"primaryImageOfPage":{"@id":"https:\/\/www.mehrgenerationenhaus-hassfurt.de\/mgh\/angebote\/demenz\/#primaryimage"},"image":{"@id":"https:\/\/www.mehrgenerationenhaus-hassfurt.de\/mgh\/angebote\/demenz\/#primaryimage"},"thumbnailUrl":"","datePublished":"2011-08-30T15:30:03+00:00","dateModified":"2024-09-02T14:58:53+00:00","description":"Die Fachstelle f\u00fcr pflegende Angeh\u00f6rige und Demenz-Sprechstunde bietet qualifizierte Unterst\u00fctzung im Pflege- und Betreuungsalltag","breadcrumb":{"@id":"https:\/\/www.mehrgenerationenhaus-hassfurt.de\/mgh\/angebote\/demenz\/#breadcrumb"},"inLanguage":"de","potentialAction":[{"@type":"ReadAction","target":["https:\/\/www.mehrgenerationenhaus-hassfurt.de\/mgh\/angebote\/demenz\/"]}]},{"@type":"ImageObject","inLanguage":"de","@id":"https:\/\/www.mehrgenerationenhaus-hassfurt.de\/mgh\/angebote\/demenz\/#primaryimage","url":"","contentUrl":""},{"@type":"BreadcrumbList","@id":"https:\/\/www.mehrgenerationenhaus-hassfurt.de\/mgh\/angebote\/demenz\/#breadcrumb","itemListElement":[{"@type":"ListItem","position":1,"name":"Startseite","item":"https:\/\/www.mehrgenerationenhaus-hassfurt.de\/mgh\/"},{"@type":"ListItem","position":2,"name":"Angebote und Dienstleistungen","item":"https:\/\/www.mehrgenerationenhaus-hassfurt.de\/mgh\/angebote\/"},{"@type":"ListItem","position":3,"name":"Fachstelle \u2013 Demenz-Sprechstunde"}]},{"@type":"WebSite","@id":"https:\/\/www.mehrgenerationenhaus-hassfurt.de\/mgh\/#website","url":"https:\/\/www.mehrgenerationenhaus-hassfurt.de\/mgh\/","name":"Mehrgenerationenhaus Ha\u00dffurt","description":"Mehrgenerationenhaus Ha\u00dffurt","publisher":{"@id":"https:\/\/www.mehrgenerationenhaus-hassfurt.de\/mgh\/#organization"},"potentialAction":[{"@type":"SearchAction","target":{"@type":"EntryPoint","urlTemplate":"https:\/\/www.mehrgenerationenhaus-hassfurt.de\/mgh\/?s={search_term_string}"},"query-input":{"@type":"PropertyValueSpecification","valueRequired":true,"valueName":"search_term_string"}}],"inLanguage":"de"},{"@type":"Organization","@id":"https:\/\/www.mehrgenerationenhaus-hassfurt.de\/mgh\/#organization","name":"Mehrgenerationenhaus Ha\u00dffurt","url":"https:\/\/www.mehrgenerationenhaus-hassfurt.de\/mgh\/","logo":{"@type":"ImageObject","inLanguage":"de","@id":"https:\/\/www.mehrgenerationenhaus-hassfurt.de\/mgh\/#\/schema\/logo\/image\/","url":"https:\/\/www.mehrgenerationenhaus-hassfurt.de\/mgh\/wp-cnt\/uploads\/MGH_Logo_2020_hassfurt-scaled.jpg","contentUrl":"https:\/\/www.mehrgenerationenhaus-hassfurt.de\/mgh\/wp-cnt\/uploads\/MGH_Logo_2020_hassfurt-scaled.jpg","width":2560,"height":1162,"caption":"Mehrgenerationenhaus Ha\u00dffurt"},"image":{"@id":"https:\/\/www.mehrgenerationenhaus-hassfurt.de\/mgh\/#\/schema\/logo\/image\/"},"sameAs":["https:\/\/de-de.facebook.com\/mehrgenerationenhausHAS\/"]}]}},"publishpress_future_workflow_manual_trigger":{"enabledWorkflows":[]},"_links":{"self":[{"href":"https:\/\/www.mehrgenerationenhaus-hassfurt.de\/mgh\/wp-json\/wp\/v2\/pages\/271","targetHints":{"allow":["GET"]}}],"collection":[{"href":"https:\/\/www.mehrgenerationenhaus-hassfurt.de\/mgh\/wp-json\/wp\/v2\/pages"}],"about":[{"href":"https:\/\/www.mehrgenerationenhaus-hassfurt.de\/mgh\/wp-json\/wp\/v2\/types\/page"}],"author":[{"embeddable":true,"href":"https:\/\/www.mehrgenerationenhaus-hassfurt.de\/mgh\/wp-json\/wp\/v2\/users\/3"}],"replies":[{"embeddable":true,"href":"https:\/\/www.mehrgenerationenhaus-hassfurt.de\/mgh\/wp-json\/wp\/v2\/comments?post=271"}],"version-history":[{"count":0,"href":"https:\/\/www.mehrgenerationenhaus-hassfurt.de\/mgh\/wp-json\/wp\/v2\/pages\/271\/revisions"}],"up":[{"embeddable":true,"href":"https:\/\/www.mehrgenerationenhaus-hassfurt.de\/mgh\/wp-json\/wp\/v2\/pages\/219"}],"wp:featuredmedia":[{"embeddable":true,"href":"https:\/\/www.mehrgenerationenhaus-hassfurt.de\/mgh\/wp-json\/"}],"wp:attachment":[{"href":"https:\/\/www.mehrgenerationenhaus-hassfurt.de\/mgh\/wp-json\/wp\/v2\/media?parent=271"}],"curies":[{"name":"wp","href":"https:\/\/api.w.org\/{rel}","templated":true}]}}