{"id":27947,"date":"2017-10-19T16:45:30","date_gmt":"2017-10-19T14:45:30","guid":{"rendered":"https:\/\/www.mehrgenerationenhaus-hassfurt.de\/mgh\/?page_id=27947"},"modified":"2021-05-31T12:22:34","modified_gmt":"2021-05-31T10:22:34","slug":"gutschein-des-mehrgenerationenhauses","status":"publish","type":"page","link":"https:\/\/www.mehrgenerationenhaus-hassfurt.de\/mgh\/gutschein-des-mehrgenerationenhauses\/","title":{"rendered":"Gutschein des Mehrgenerationenhauses"},"content":{"rendered":"<p style=\"text-align: center;\"><img loading=\"lazy\" decoding=\"async\" class=\"alignnone size-full wp-image-27953\" src=\"https:\/\/www.mehrgenerationenhaus-hassfurt.de\/mgh\/wp-cnt\/uploads\/mgh_gutschein_kompl_580.jpg\" alt=\"Verschenken Sie einen MGH-Gutschein!\" width=\"580\" height=\"147\" srcset=\"https:\/\/www.mehrgenerationenhaus-hassfurt.de\/mgh\/wp-cnt\/uploads\/mgh_gutschein_kompl_580.jpg 580w, https:\/\/www.mehrgenerationenhaus-hassfurt.de\/mgh\/wp-cnt\/uploads\/mgh_gutschein_kompl_580-150x38.jpg 150w, https:\/\/www.mehrgenerationenhaus-hassfurt.de\/mgh\/wp-cnt\/uploads\/mgh_gutschein_kompl_580-300x76.jpg 300w, https:\/\/www.mehrgenerationenhaus-hassfurt.de\/mgh\/wp-cnt\/uploads\/mgh_gutschein_kompl_580-500x127.jpg 500w\" sizes=\"auto, (max-width: 580px) 100vw, 580px\"><br>\n<span style=\"color: #cc0000;\"><strong>Ver\u00adschen\u00adken Sie ei\u00adnen Gut\u00adschein des Mehrgenerationenhauses!<\/strong><\/span><br>\n(ab so\u00adfort im MGH Ha\u00df\u00adfurt erh\u00e4ltlich)<\/p>\n<hr>\n<h2>M\u00f6chten Sie Ihrer Familie, Freunden oder Bekannten eine Freude machen?<\/h2>\n<p><strong>Sind Sie ge\u00adra\u00adde auf der Su\u00adche nach ei\u00adnem au\u00ad\u00dfer\u00adge\u00adw\u00f6hn\u00adli\u00adchen Ge\u00adburts\u00adtags- oder Weih\u00adnachts\u00adge\u00adschenk? Mit dem <em>Gut\u00adschein des Mehr\u00adge\u00adne\u00adra\u00adtio\u00adnen\u00adhau\u00adses <\/em> f\u00fcr die Kin\u00adder\u00adan\u00adge\u00adbo\u00adte wie Fe\u00adri\u00aden\u00adpro\u00adgram\u00adme, Kin\u00adder\u00adho\u00adtels, KREA\u00adTIV-Sams\u00adta\u00adge und Son\u00adder\u00adver\u00adan\u00adstal\u00adtun\u00adgen brin\u00adgen Sie Kin\u00adder\u00adau\u00adgen zum Strahlen!<\/strong><\/p>\n<h3>So erhalten Sie den Gutschein:<\/h3>\n<ol>\n<li>Kom\u00admen Sie ins Mehr\u00adge\u00adne\u00adra\u00adtio\u00adnen\u00adhaus Ha\u00df\u00adfurt (Markt\u00adplatz 10, 97437 Ha\u00dffurt)<\/li>\n<li>Fra\u00adgen Sie beim MGH-Team im 1. OG. nach den Gut\u00adschei\u00adnen f\u00fcr Kinderangebote<\/li>\n<li>Ver\u00adschen\u00adken Sie ei\u00adnen Wert\u00adgut\u00adschein oder<\/li>\n<li>ver\u00adschen\u00adken Sie ei\u00adnen Gut\u00adschein f\u00fcr ei\u00adnes der fol\u00adgen\u00adden Kinderangebote:<br>\n<strong><a href=\"https:\/\/www.mehrgenerationenhaus-hassfurt.de\/mgh\/angebote\/ferienprogramme-aktuell\/\">Fe\u00adri\u00aden\u00adpro\u00adgramm<\/a><\/strong> (Ter\u00admi\u00adne in\u00adner\u00adhalb der <a href=\"https:\/\/www.schulferien.org\/Kalender_mit_Ferien\/Bayern.html\" target=\"_blank\" rel=\"noopener noreferrer\"><span style=\"color: #333333;\">Schul\u00adfe\u00adri\u00aden in Bay\u00adern<\/span><\/a>) \u2013 <strong><a href=\"https:\/\/www.mehrgenerationenhaus-hassfurt.de\/mgh\/angebote\/kinderhotel\/\">Kin\u00adder\u00adho\u00adtel<\/a><\/strong> \u2013 <a href=\"https:\/\/www.mehrgenerationenhaus-hassfurt.de\/mgh\/angebote\/kreativ-samstage\/\">\u00ad<strong>KREA\u00adTIV-Sams\u00adtag<\/strong><\/a> oder Son\u00adder\u00adver\u00adan\u00adstal\u00adtun\u00adgen wie z.B. der Bu\u00df- und Bettag<\/li>\n<li>Die Gut\u00adschei\u00adne k\u00f6n\u00adnen dann di\u00adrekt vor Ort nach vor\u00adan\u00adge\u00adgan\u00adge\u00adner An\u00admel\u00addung bei den Kin\u00adder\u00adan\u00adge\u00adbo\u00adten im Mehr\u00adge\u00adne\u00adra\u00adtio\u00adnen\u00adhaus Ha\u00df\u00adfurt oder in der BRK Mit\u00adtags- und Ganz\u00adtags\u00adbe\u00adtreu\u00adung Ha\u00df\u00adfurt (Dr. Neu\u00adkam-Str. 1, 97437 Ha\u00df\u00adfurt) ein\u00adge\u00adl\u00f6st werden.<\/li>\n<\/ol>\n<h3>Erforderliches Alter f\u00fcr die Kinderangebote:<\/h3>\n<p>Kin\u00adder im Al\u00adter zwi\u00adschen 6 bis 12 Jahren<\/p>\n<h3>Inhalte und Ziele der Kinderangebote:<\/h3>\n<ul>\n<li>Uns liegt es be\u00adson\u00adders am Her\u00adzen, mit den Kin\u00addern An\u00adge\u00adbo\u00adte ent\u00adspre\u00adchend dem Grund\u00adsatz <span class=\"push-double\"><\/span>\u200b<span class=\"pull-double\">\u201e<\/span>Ler\u00adnen, Bil\u00addung und F\u00f6r\u00adde\u00adrung\u201c durchzuf\u00fchren.<\/li>\n<li>Bei der Aus\u00adwahl der Kin\u00adder\u00adan\u00adge\u00adbo\u00adte wer\u00adden die Be\u00add\u00fcrf\u00adnis\u00adse und In\u00adter\u00ades\u00adsen von Kin\u00addern im Al\u00adter zwi\u00adschen 6 bis 12 Jah\u00adren in den Mit\u00adtel\u00adpunkt gestellt.<\/li>\n<li>Die Kin\u00adder\u00adan\u00adge\u00adbo\u00adte wer\u00adden&nbsp; von den p\u00e4d\u00adago\u00adgi\u00adschen Fach\u00adkr\u00e4f\u00adten der BRK-Mit\u00adtags- und Ganz\u00adtags\u00adbe\u00adtreu\u00adung Ha\u00df\u00adfurt betreut.<\/li>\n<li>Ein\u00adbin\u00addung von Kunst- und Ge\u00adstalt\u00adthe\u00adra\u00adpeu\u00adten, Ko\u00adope\u00adra\u00adti\u00adons\u00adpart\u00adnern so\u00adwie Ex\u00adper\u00adten aus dem ge\u00adsam\u00adten Land\u00adkreis und dar\u00ad\u00fcber hinaus.<\/li>\n<\/ul>\n<h3>Kompetenzerwerb der Kinder:<\/h3>\n<ul>\n<li>Ent\u00adwick\u00adlung von Gruppengef\u00fchl<\/li>\n<li>R\u00fcck\u00adsicht\u00adnah\u00adme aufeinander<\/li>\n<li>Ken\u00adnen\u00adler\u00adnen von an\u00adde\u00adren Kindern<\/li>\n<li>Re\u00adspekt\u00advol\u00adler Umgang<\/li>\n<li>Zu\u00adsam\u00admen\u00adhalt st\u00e4rken<\/li>\n<li>Ei\u00adge\u00adne Gren\u00adzen erfahren<\/li>\n<li>Ei\u00adge\u00adne St\u00e4r\u00adken entdecken<\/li>\n<li>Selbst\u00adwert\u00adge\u00adf\u00fchl aufbauen<\/li>\n<li>Selbst\u00adbe\u00adwusst\u00adsein st\u00e4rken<\/li>\n<li>\u2026 und vie\u00adles&nbsp;mehr&nbsp;!!!<\/li>\n<\/ul>\n<p>Falls Sie mehr In\u00adfor\u00adma\u00adtio\u00adnen \u00fcber das Gut\u00adschein\u00adver\u00adfah\u00adren des Mehr\u00adge\u00adne\u00adra\u00adtio\u00adnen\u00adhau\u00adses be\u00adn\u00f6\u00adti\u00adgen, wen\u00adden Sie sich bit\u00adte an das Team des Mehr\u00adge\u00adne\u00adra\u00adtio\u00adnen\u00adhau\u00adses Ha\u00df\u00adfurt un\u00adter der Te\u00adle\u00adfon\u00adnum\u00admer 09521 \/ 952825 \u2013 0. Oder kom\u00admen Sie am bes\u00adten gleich di\u00adrekt bei uns vorbei!<\/p>\n<p><strong>\u2026 und sa\u00adgen Sie es bit\u00adte weiter!<\/strong><\/p>\n","protected":false},"excerpt":{"rendered":"<p>Ver\u00adschen\u00adken Sie ei\u00adnen Gut\u00adschein des Mehr\u00adge\u00adne\u00adra\u00adtio\u00adnen\u00adhau\u00adses! (ab so\u00adfort im MGH Ha\u00df\u00adfurt er\u00adh\u00e4lt\u00adlich) M\u00f6ch\u00adten Sie Ih\u00adrer Fa\u00admi\u00adlie, Freun\u00adden oder Be\u00adkann\u00adten eine Freu\u00adde ma\u00adchen? Sind Sie ge\u00adra\u00adde auf der Su\u00adche nach ei\u00adnem au\u00ad\u00dfer\u00adge\u00adw\u00f6hn\u00adli\u00adchen Ge\u00ad\u00adburts\u00ad\u00adtags- oder Weih\u00adnachts\u00adge\u00adschenk? Mit dem Gut\u00adschein des Mehr\u00adge\u00adne\u00adra\u00adtio\u00adnen\u00adhau\u00adses f\u00fcr die Kin\u00adder\u00adan\u00adge\u00adbo\u00adte wie Fe\u00adri\u00aden\u00adpro\u00adgram\u00adme, Kin\u00adder\u00adho\u00adtels, KRE\u00adA\u00ad\u00adTIV-Sams\u00ad\u00adta\u00ad\u00adge und Son\u00adder\u00adver\u00adan\u00adstal\u00adtun\u00adgen brin\u00adgen Sie Kin\u00adder\u00adau\u00adgen zum Strah\u00adlen! So erhalten&nbsp;<\/p>\n<p class=\"excerpt-link\"><a class=\"read-more\" href=\"https:\/\/www.mehrgenerationenhaus-hassfurt.de\/mgh\/gutschein-des-mehrgenerationenhauses\/\">Read More \u2192<\/a><\/p>\n","protected":false},"author":3,"featured_media":0,"parent":0,"menu_order":0,"comment_status":"closed","ping_status":"closed","template":"","meta":{"inline_featured_image":false,"wp_typography_post_enhancements_disabled":false,"_mc_calendar":[],"footnotes":""},"class_list":["post-27947","page","type-page","status-publish","hentry"],"yoast_head":"<!-- This site is optimized with the Yoast SEO plugin v27.3 - https:\/\/yoast.com\/product\/yoast-seo-wordpress\/ -->\n<title>Gutschein des Mehrgenerationenhauses | MGH Ha\u00dffurt<\/title>\n<meta name=\"description\" content=\"Ab sofort im MGH Ha\u00dffurt erh\u00e4ltlich: Gutschein des Mehrgenerationenhauses. Verschenken Sie die Teilnahme an den vielf\u00e4ltigen Programmen ...\" \/>\n<meta name=\"robots\" content=\"index, follow, max-snippet:-1, max-image-preview:large, max-video-preview:-1\" \/>\n<link rel=\"canonical\" href=\"https:\/\/www.mehrgenerationenhaus-hassfurt.de\/mgh\/gutschein-des-mehrgenerationenhauses\/\" \/>\n<meta property=\"og:locale\" content=\"de_DE\" \/>\n<meta property=\"og:type\" content=\"article\" \/>\n<meta property=\"og:title\" content=\"Gutschein des Mehrgenerationenhauses | MGH Ha\u00dffurt\" \/>\n<meta property=\"og:description\" content=\"Ab sofort im MGH Ha\u00dffurt erh\u00e4ltlich: Gutschein des Mehrgenerationenhauses. Verschenken Sie die Teilnahme an den vielf\u00e4ltigen Programmen ...\" \/>\n<meta property=\"og:url\" content=\"https:\/\/www.mehrgenerationenhaus-hassfurt.de\/mgh\/gutschein-des-mehrgenerationenhauses\/\" \/>\n<meta property=\"og:site_name\" content=\"Mehrgenerationenhaus Ha\u00dffurt\" \/>\n<meta property=\"article:publisher\" content=\"https:\/\/de-de.facebook.com\/mehrgenerationenhausHAS\/\" \/>\n<meta property=\"article:modified_time\" content=\"2021-05-31T10:22:34+00:00\" \/>\n<meta property=\"og:image\" content=\"https:\/\/www.mehrgenerationenhaus-hassfurt.de\/mgh\/wp-cnt\/uploads\/mgh_gutschein_kompl_580.jpg\" \/>\n<!-- \/ Yoast SEO plugin. -->","yoast_head_json":{"title":"Gutschein des Mehrgenerationenhauses | MGH Ha\u00dffurt","description":"Ab sofort im MGH Ha\u00dffurt erh\u00e4ltlich: Gutschein des Mehrgenerationenhauses. Verschenken Sie die Teilnahme an den vielf\u00e4ltigen Programmen ...","robots":{"index":"index","follow":"follow","max-snippet":"max-snippet:-1","max-image-preview":"max-image-preview:large","max-video-preview":"max-video-preview:-1"},"canonical":"https:\/\/www.mehrgenerationenhaus-hassfurt.de\/mgh\/gutschein-des-mehrgenerationenhauses\/","og_locale":"de_DE","og_type":"article","og_title":"Gutschein des Mehrgenerationenhauses | MGH Ha\u00dffurt","og_description":"Ab sofort im MGH Ha\u00dffurt erh\u00e4ltlich: Gutschein des Mehrgenerationenhauses. Verschenken Sie die Teilnahme an den vielf\u00e4ltigen Programmen ...","og_url":"https:\/\/www.mehrgenerationenhaus-hassfurt.de\/mgh\/gutschein-des-mehrgenerationenhauses\/","og_site_name":"Mehrgenerationenhaus Ha\u00dffurt","article_publisher":"https:\/\/de-de.facebook.com\/mehrgenerationenhausHAS\/","article_modified_time":"2021-05-31T10:22:34+00:00","og_image":[{"url":"https:\/\/www.mehrgenerationenhaus-hassfurt.de\/mgh\/wp-cnt\/uploads\/mgh_gutschein_kompl_580.jpg","type":"","width":"","height":""}],"schema":{"@context":"https:\/\/schema.org","@graph":[{"@type":"WebPage","@id":"https:\/\/www.mehrgenerationenhaus-hassfurt.de\/mgh\/gutschein-des-mehrgenerationenhauses\/","url":"https:\/\/www.mehrgenerationenhaus-hassfurt.de\/mgh\/gutschein-des-mehrgenerationenhauses\/","name":"Gutschein des Mehrgenerationenhauses | MGH Ha\u00dffurt","isPartOf":{"@id":"https:\/\/www.mehrgenerationenhaus-hassfurt.de\/mgh\/#website"},"primaryImageOfPage":{"@id":"https:\/\/www.mehrgenerationenhaus-hassfurt.de\/mgh\/gutschein-des-mehrgenerationenhauses\/#primaryimage"},"image":{"@id":"https:\/\/www.mehrgenerationenhaus-hassfurt.de\/mgh\/gutschein-des-mehrgenerationenhauses\/#primaryimage"},"thumbnailUrl":"https:\/\/www.mehrgenerationenhaus-hassfurt.de\/mgh\/wp-cnt\/uploads\/mgh_gutschein_kompl_580.jpg","datePublished":"2017-10-19T14:45:30+00:00","dateModified":"2021-05-31T10:22:34+00:00","description":"Ab sofort im MGH Ha\u00dffurt erh\u00e4ltlich: Gutschein des Mehrgenerationenhauses. Verschenken Sie die Teilnahme an den vielf\u00e4ltigen Programmen ...","breadcrumb":{"@id":"https:\/\/www.mehrgenerationenhaus-hassfurt.de\/mgh\/gutschein-des-mehrgenerationenhauses\/#breadcrumb"},"inLanguage":"de","potentialAction":[{"@type":"ReadAction","target":["https:\/\/www.mehrgenerationenhaus-hassfurt.de\/mgh\/gutschein-des-mehrgenerationenhauses\/"]}]},{"@type":"ImageObject","inLanguage":"de","@id":"https:\/\/www.mehrgenerationenhaus-hassfurt.de\/mgh\/gutschein-des-mehrgenerationenhauses\/#primaryimage","url":"https:\/\/www.mehrgenerationenhaus-hassfurt.de\/mgh\/wp-cnt\/uploads\/mgh_gutschein_kompl_580.jpg","contentUrl":"https:\/\/www.mehrgenerationenhaus-hassfurt.de\/mgh\/wp-cnt\/uploads\/mgh_gutschein_kompl_580.jpg","width":580,"height":147,"caption":"Verschenken Sie einen MGH-Gutschein!"},{"@type":"BreadcrumbList","@id":"https:\/\/www.mehrgenerationenhaus-hassfurt.de\/mgh\/gutschein-des-mehrgenerationenhauses\/#breadcrumb","itemListElement":[{"@type":"ListItem","position":1,"name":"Startseite","item":"https:\/\/www.mehrgenerationenhaus-hassfurt.de\/mgh\/"},{"@type":"ListItem","position":2,"name":"Gutschein des Mehrgenerationenhauses"}]},{"@type":"WebSite","@id":"https:\/\/www.mehrgenerationenhaus-hassfurt.de\/mgh\/#website","url":"https:\/\/www.mehrgenerationenhaus-hassfurt.de\/mgh\/","name":"Mehrgenerationenhaus Ha\u00dffurt","description":"Mehrgenerationenhaus Ha\u00dffurt","publisher":{"@id":"https:\/\/www.mehrgenerationenhaus-hassfurt.de\/mgh\/#organization"},"potentialAction":[{"@type":"SearchAction","target":{"@type":"EntryPoint","urlTemplate":"https:\/\/www.mehrgenerationenhaus-hassfurt.de\/mgh\/?s={search_term_string}"},"query-input":{"@type":"PropertyValueSpecification","valueRequired":true,"valueName":"search_term_string"}}],"inLanguage":"de"},{"@type":"Organization","@id":"https:\/\/www.mehrgenerationenhaus-hassfurt.de\/mgh\/#organization","name":"Mehrgenerationenhaus Ha\u00dffurt","url":"https:\/\/www.mehrgenerationenhaus-hassfurt.de\/mgh\/","logo":{"@type":"ImageObject","inLanguage":"de","@id":"https:\/\/www.mehrgenerationenhaus-hassfurt.de\/mgh\/#\/schema\/logo\/image\/","url":"https:\/\/www.mehrgenerationenhaus-hassfurt.de\/mgh\/wp-cnt\/uploads\/MGH_Logo_2020_hassfurt-scaled.jpg","contentUrl":"https:\/\/www.mehrgenerationenhaus-hassfurt.de\/mgh\/wp-cnt\/uploads\/MGH_Logo_2020_hassfurt-scaled.jpg","width":2560,"height":1162,"caption":"Mehrgenerationenhaus Ha\u00dffurt"},"image":{"@id":"https:\/\/www.mehrgenerationenhaus-hassfurt.de\/mgh\/#\/schema\/logo\/image\/"},"sameAs":["https:\/\/de-de.facebook.com\/mehrgenerationenhausHAS\/"]}]}},"publishpress_future_workflow_manual_trigger":{"enabledWorkflows":[]},"_links":{"self":[{"href":"https:\/\/www.mehrgenerationenhaus-hassfurt.de\/mgh\/wp-json\/wp\/v2\/pages\/27947","targetHints":{"allow":["GET"]}}],"collection":[{"href":"https:\/\/www.mehrgenerationenhaus-hassfurt.de\/mgh\/wp-json\/wp\/v2\/pages"}],"about":[{"href":"https:\/\/www.mehrgenerationenhaus-hassfurt.de\/mgh\/wp-json\/wp\/v2\/types\/page"}],"author":[{"embeddable":true,"href":"https:\/\/www.mehrgenerationenhaus-hassfurt.de\/mgh\/wp-json\/wp\/v2\/users\/3"}],"replies":[{"embeddable":true,"href":"https:\/\/www.mehrgenerationenhaus-hassfurt.de\/mgh\/wp-json\/wp\/v2\/comments?post=27947"}],"version-history":[{"count":0,"href":"https:\/\/www.mehrgenerationenhaus-hassfurt.de\/mgh\/wp-json\/wp\/v2\/pages\/27947\/revisions"}],"wp:attachment":[{"href":"https:\/\/www.mehrgenerationenhaus-hassfurt.de\/mgh\/wp-json\/wp\/v2\/media?parent=27947"}],"curies":[{"name":"wp","href":"https:\/\/api.w.org\/{rel}","templated":true}]}}