{"id":28496,"date":"2018-02-01T02:12:37","date_gmt":"2018-02-01T01:12:37","guid":{"rendered":"https:\/\/www.mehrgenerationenhaus-hassfurt.de\/mgh\/?page_id=28496"},"modified":"2024-09-26T21:58:26","modified_gmt":"2024-09-26T19:58:26","slug":"yoga-fit-fuer-alle-generationen","status":"publish","type":"page","link":"https:\/\/www.mehrgenerationenhaus-hassfurt.de\/mgh\/angebote\/yoga-fit-fuer-alle-generationen\/","title":{"rendered":"Yoga FIT f\u00fcr alle Generationen"},"content":{"rendered":"<p><img loading=\"lazy\" decoding=\"async\" src=\"https:\/\/www.mehrgenerationenhaus-hassfurt.de\/mgh\/wp-cnt\/uploads\/yogafit_c580.jpg\" alt=\"Yoga FIT f\u00fcr alle Generationen\" width=\"580\" height=\"125\" class=\"alignnone size-full wp-image-50343\" srcset=\"https:\/\/www.mehrgenerationenhaus-hassfurt.de\/mgh\/wp-cnt\/uploads\/yogafit_c580.jpg 580w, https:\/\/www.mehrgenerationenhaus-hassfurt.de\/mgh\/wp-cnt\/uploads\/yogafit_c580-300x65.jpg 300w\" sizes=\"auto, (max-width: 580px) 100vw, 580px\"><\/p>\n<p>Frei\u00adwil\u00adlig En\u00adga\u00adgier\u00adte und In\u00adter\u00ades\u00adsier\u00adte, die Spa\u00df an Be\u00adwe\u00adgung und Ent\u00adspan\u00adnung ha\u00adben, tref\u00adfen sich, um ge\u00admein\u00adschaft\u00adlich bei ei\u00adner Run\u00adde <a href=\"https:\/\/de.wikipedia.org\/wiki\/Yoga\" target=\"_blank\" rel=\"noopener noreferrer\"><span style=\"color: #333333;\">Yoga<\/span><\/a> K\u00f6r\u00adper und Geist in Ein\u00adklang zu bringen.<\/p>\n<p>Zu Yoga FIT f\u00fcr alle Ge\u00adne\u00adra\u00adtio\u00adnen ist je\u00adder ein\u00adge\u00adla\u00adden, so\u00adwohl Fort\u00adge\u00adschrit\u00adte\u00adne als auch An\u00adf\u00e4n\u00adger, um nach in\u00addi\u00adscher Phi\u00adlo\u00adso\u00adphie zur Kon\u00adzen\u00adtra\u00adti\u00adon und zur Ruhe zu kom\u00admen. Die \u00dcbun\u00adgen wer\u00adden auf ei\u00adnem Bild\u00adschirm ge\u00adzeigt und die Teil\u00adneh\u00admer imi\u00adtie\u00adren die\u00adse nach ei\u00adge\u00adnem Er\u00admes\u00adsen. Vie\u00adle der \u00dcbun\u00adgen fin\u00adden im Sit\u00adzen statt, so\u00addass man bis ins hohe Al\u00adter teil\u00adneh\u00admen und nach ei\u00adge\u00adnem Wohl\u00adbe\u00adfin\u00adden und Aus\u00addau\u00ader mit\u00adma\u00adchen&nbsp;kann.<\/p>\n<p>Beim ge\u00admein\u00adsa\u00admen Yoga un\u00adter\u00adst\u00fct\u00adzen sich die Teil\u00adneh\u00admer ge\u00adgen\u00adsei\u00adtig, und es ent\u00adsteht ein Ge\u00admein\u00adschafts\u00adge\u00adf\u00fchl. Schnup\u00adpern ist je\u00adder\u00adzeit m\u00f6glich.<\/p>\n<div>\n<table>\n<tbody>\n<tr>\n<th align=\"left\" valign=\"top\">Wo<\/th>\n<td class=\"cellgray\">Mehr\u00adge\u00adne\u00adra\u00adtio\u00adnen\u00adhaus Ha\u00dffurt<br>\nBRK Kreis\u00adver\u00adband Ha\u00dfberge<br>\nim UG \u2013 N\u00e4hstube<br>\nMarkt\u00adplatz 10<br>\n97437 Ha\u00dffurt<\/td>\n<\/tr>\n<tr>\n<th align=\"left\" valign=\"top\">Wann<\/th>\n<td class=\"cellgray\">Diens\u00adtag, 11:00 \u2013 12:00 Uhr<\/td>\n<\/tr>\n<tr>\n<th align=\"left\" valign=\"top\">An\u00admel\u00addung\n<\/th><td class=\"cellgray\" align=\"left\" valign=\"top\" width=\"430\">Eine An\u00admel\u00addung ist nicht erforderlich<\/td>\n<\/tr>\n<tr>\n<th align=\"left\" valign=\"top\">Kos\u00adten\n<\/th><td class=\"cellgray\" align=\"left\" valign=\"top\" width=\"430\">Kei\u00adne<\/td>\n<\/tr>\n<\/tbody>\n<\/table>\n<\/div>\n","protected":false},"excerpt":{"rendered":"<p>Frei\u00adwil\u00adlig En\u00adga\u00adgier\u00adte und In\u00adter\u00ades\u00adsier\u00adte, die Spa\u00df an Be\u00adwe\u00adgung und Ent\u00adspan\u00adnung ha\u00adben, tref\u00adfen sich, um ge\u00admein\u00adschaft\u00adlich bei ei\u00adner Run\u00adde Yoga K\u00f6r\u00adper und Geist in Ein\u00adklang zu brin\u00adgen. Zu Yoga FIT f\u00fcr alle Ge\u00adne\u00adra\u00adtio\u00adnen ist je\u00adder ein\u00adge\u00adla\u00adden, so\u00adwohl Fort\u00adge\u00adschrit\u00adte\u00adne als auch An\u00adf\u00e4n\u00adger, um nach in\u00addi\u00adscher Phi\u00adlo\u00adso\u00adphie zur Kon\u00adzen\u00adtra\u00adti\u00adon und zur Ruhe zu kom\u00admen. Die \u00dcbun\u00adgen wer\u00adden&nbsp;auf&nbsp;<\/p>\n<p class=\"excerpt-link\"><a class=\"read-more\" href=\"https:\/\/www.mehrgenerationenhaus-hassfurt.de\/mgh\/angebote\/yoga-fit-fuer-alle-generationen\/\">Read More \u2192<\/a><\/p>\n","protected":false},"author":3,"featured_media":16355,"parent":219,"menu_order":0,"comment_status":"closed","ping_status":"closed","template":"","meta":{"inline_featured_image":false,"wp_typography_post_enhancements_disabled":false,"_mc_calendar":[],"footnotes":""},"class_list":["post-28496","page","type-page","status-publish","has-post-thumbnail","hentry"],"yoast_head":"<!-- This site is optimized with the Yoast SEO plugin v27.3 - https:\/\/yoast.com\/product\/yoast-seo-wordpress\/ -->\n<title>Yoga FIT f\u00fcr alle Generationen | Mehrgenerationenhaus Ha\u00dffurt<\/title>\n<meta name=\"description\" content=\"Yoga FIT f\u00fcr alle Generationen: Jeden Dienstag von 11:00 bis 12:00 Uhr treffen sich Freiwillig Engagierte und Interessierte, die Spa\u00df an Bewegung ...\" \/>\n<meta name=\"robots\" content=\"index, follow, max-snippet:-1, max-image-preview:large, max-video-preview:-1\" \/>\n<link rel=\"canonical\" href=\"https:\/\/www.mehrgenerationenhaus-hassfurt.de\/mgh\/angebote\/yoga-fit-fuer-alle-generationen\/\" \/>\n<meta property=\"og:locale\" content=\"de_DE\" \/>\n<meta property=\"og:type\" content=\"article\" \/>\n<meta property=\"og:title\" content=\"Yoga FIT f\u00fcr alle Generationen | Mehrgenerationenhaus Ha\u00dffurt\" \/>\n<meta property=\"og:description\" content=\"Yoga FIT f\u00fcr alle Generationen: Jeden Dienstag von 11:00 bis 12:00 Uhr treffen sich Freiwillig Engagierte und Interessierte, die Spa\u00df an Bewegung ...\" \/>\n<meta property=\"og:url\" content=\"https:\/\/www.mehrgenerationenhaus-hassfurt.de\/mgh\/angebote\/yoga-fit-fuer-alle-generationen\/\" \/>\n<meta property=\"og:site_name\" content=\"Mehrgenerationenhaus Ha\u00dffurt\" \/>\n<meta property=\"article:publisher\" content=\"https:\/\/de-de.facebook.com\/mehrgenerationenhausHAS\/\" \/>\n<meta property=\"article:modified_time\" content=\"2024-09-26T19:58:26+00:00\" \/>\n<!-- \/ Yoast SEO plugin. -->","yoast_head_json":{"title":"Yoga FIT f\u00fcr alle Generationen | Mehrgenerationenhaus Ha\u00dffurt","description":"Yoga FIT f\u00fcr alle Generationen: Jeden Dienstag von 11:00 bis 12:00 Uhr treffen sich Freiwillig Engagierte und Interessierte, die Spa\u00df an Bewegung ...","robots":{"index":"index","follow":"follow","max-snippet":"max-snippet:-1","max-image-preview":"max-image-preview:large","max-video-preview":"max-video-preview:-1"},"canonical":"https:\/\/www.mehrgenerationenhaus-hassfurt.de\/mgh\/angebote\/yoga-fit-fuer-alle-generationen\/","og_locale":"de_DE","og_type":"article","og_title":"Yoga FIT f\u00fcr alle Generationen | Mehrgenerationenhaus Ha\u00dffurt","og_description":"Yoga FIT f\u00fcr alle Generationen: Jeden Dienstag von 11:00 bis 12:00 Uhr treffen sich Freiwillig Engagierte und Interessierte, die Spa\u00df an Bewegung ...","og_url":"https:\/\/www.mehrgenerationenhaus-hassfurt.de\/mgh\/angebote\/yoga-fit-fuer-alle-generationen\/","og_site_name":"Mehrgenerationenhaus Ha\u00dffurt","article_publisher":"https:\/\/de-de.facebook.com\/mehrgenerationenhausHAS\/","article_modified_time":"2024-09-26T19:58:26+00:00","schema":{"@context":"https:\/\/schema.org","@graph":[{"@type":"WebPage","@id":"https:\/\/www.mehrgenerationenhaus-hassfurt.de\/mgh\/angebote\/yoga-fit-fuer-alle-generationen\/","url":"https:\/\/www.mehrgenerationenhaus-hassfurt.de\/mgh\/angebote\/yoga-fit-fuer-alle-generationen\/","name":"Yoga FIT f\u00fcr alle Generationen | Mehrgenerationenhaus Ha\u00dffurt","isPartOf":{"@id":"https:\/\/www.mehrgenerationenhaus-hassfurt.de\/mgh\/#website"},"primaryImageOfPage":{"@id":"https:\/\/www.mehrgenerationenhaus-hassfurt.de\/mgh\/angebote\/yoga-fit-fuer-alle-generationen\/#primaryimage"},"image":{"@id":"https:\/\/www.mehrgenerationenhaus-hassfurt.de\/mgh\/angebote\/yoga-fit-fuer-alle-generationen\/#primaryimage"},"thumbnailUrl":"","datePublished":"2018-02-01T01:12:37+00:00","dateModified":"2024-09-26T19:58:26+00:00","description":"Yoga FIT f\u00fcr alle Generationen: Jeden Dienstag von 11:00 bis 12:00 Uhr treffen sich Freiwillig Engagierte und Interessierte, die Spa\u00df an Bewegung ...","breadcrumb":{"@id":"https:\/\/www.mehrgenerationenhaus-hassfurt.de\/mgh\/angebote\/yoga-fit-fuer-alle-generationen\/#breadcrumb"},"inLanguage":"de","potentialAction":[{"@type":"ReadAction","target":["https:\/\/www.mehrgenerationenhaus-hassfurt.de\/mgh\/angebote\/yoga-fit-fuer-alle-generationen\/"]}]},{"@type":"ImageObject","inLanguage":"de","@id":"https:\/\/www.mehrgenerationenhaus-hassfurt.de\/mgh\/angebote\/yoga-fit-fuer-alle-generationen\/#primaryimage","url":"","contentUrl":""},{"@type":"BreadcrumbList","@id":"https:\/\/www.mehrgenerationenhaus-hassfurt.de\/mgh\/angebote\/yoga-fit-fuer-alle-generationen\/#breadcrumb","itemListElement":[{"@type":"ListItem","position":1,"name":"Startseite","item":"https:\/\/www.mehrgenerationenhaus-hassfurt.de\/mgh\/"},{"@type":"ListItem","position":2,"name":"Angebote und Dienstleistungen","item":"https:\/\/www.mehrgenerationenhaus-hassfurt.de\/mgh\/angebote\/"},{"@type":"ListItem","position":3,"name":"Yoga FIT f\u00fcr alle Generationen"}]},{"@type":"WebSite","@id":"https:\/\/www.mehrgenerationenhaus-hassfurt.de\/mgh\/#website","url":"https:\/\/www.mehrgenerationenhaus-hassfurt.de\/mgh\/","name":"Mehrgenerationenhaus Ha\u00dffurt","description":"Mehrgenerationenhaus Ha\u00dffurt","publisher":{"@id":"https:\/\/www.mehrgenerationenhaus-hassfurt.de\/mgh\/#organization"},"potentialAction":[{"@type":"SearchAction","target":{"@type":"EntryPoint","urlTemplate":"https:\/\/www.mehrgenerationenhaus-hassfurt.de\/mgh\/?s={search_term_string}"},"query-input":{"@type":"PropertyValueSpecification","valueRequired":true,"valueName":"search_term_string"}}],"inLanguage":"de"},{"@type":"Organization","@id":"https:\/\/www.mehrgenerationenhaus-hassfurt.de\/mgh\/#organization","name":"Mehrgenerationenhaus Ha\u00dffurt","url":"https:\/\/www.mehrgenerationenhaus-hassfurt.de\/mgh\/","logo":{"@type":"ImageObject","inLanguage":"de","@id":"https:\/\/www.mehrgenerationenhaus-hassfurt.de\/mgh\/#\/schema\/logo\/image\/","url":"https:\/\/www.mehrgenerationenhaus-hassfurt.de\/mgh\/wp-cnt\/uploads\/MGH_Logo_2020_hassfurt-scaled.jpg","contentUrl":"https:\/\/www.mehrgenerationenhaus-hassfurt.de\/mgh\/wp-cnt\/uploads\/MGH_Logo_2020_hassfurt-scaled.jpg","width":2560,"height":1162,"caption":"Mehrgenerationenhaus Ha\u00dffurt"},"image":{"@id":"https:\/\/www.mehrgenerationenhaus-hassfurt.de\/mgh\/#\/schema\/logo\/image\/"},"sameAs":["https:\/\/de-de.facebook.com\/mehrgenerationenhausHAS\/"]}]}},"publishpress_future_workflow_manual_trigger":{"enabledWorkflows":[]},"_links":{"self":[{"href":"https:\/\/www.mehrgenerationenhaus-hassfurt.de\/mgh\/wp-json\/wp\/v2\/pages\/28496","targetHints":{"allow":["GET"]}}],"collection":[{"href":"https:\/\/www.mehrgenerationenhaus-hassfurt.de\/mgh\/wp-json\/wp\/v2\/pages"}],"about":[{"href":"https:\/\/www.mehrgenerationenhaus-hassfurt.de\/mgh\/wp-json\/wp\/v2\/types\/page"}],"author":[{"embeddable":true,"href":"https:\/\/www.mehrgenerationenhaus-hassfurt.de\/mgh\/wp-json\/wp\/v2\/users\/3"}],"replies":[{"embeddable":true,"href":"https:\/\/www.mehrgenerationenhaus-hassfurt.de\/mgh\/wp-json\/wp\/v2\/comments?post=28496"}],"version-history":[{"count":0,"href":"https:\/\/www.mehrgenerationenhaus-hassfurt.de\/mgh\/wp-json\/wp\/v2\/pages\/28496\/revisions"}],"up":[{"embeddable":true,"href":"https:\/\/www.mehrgenerationenhaus-hassfurt.de\/mgh\/wp-json\/wp\/v2\/pages\/219"}],"wp:featuredmedia":[{"embeddable":true,"href":"https:\/\/www.mehrgenerationenhaus-hassfurt.de\/mgh\/wp-json\/"}],"wp:attachment":[{"href":"https:\/\/www.mehrgenerationenhaus-hassfurt.de\/mgh\/wp-json\/wp\/v2\/media?parent=28496"}],"curies":[{"name":"wp","href":"https:\/\/api.w.org\/{rel}","templated":true}]}}