{"id":3648,"date":"2012-12-03T13:53:23","date_gmt":"2012-12-03T12:53:23","guid":{"rendered":"https:\/\/www.mehrgenerationenhaus-hassfurt.de\/wp\/?page_id=3648"},"modified":"2025-07-16T12:47:56","modified_gmt":"2025-07-16T10:47:56","slug":"demenz-mittendrin","status":"publish","type":"page","link":"https:\/\/www.mehrgenerationenhaus-hassfurt.de\/mgh\/unser-mgh\/demenz-mittendrin\/","title":{"rendered":"Lokale Allianzen <br>f\u00fcr Menschen mit Demenz"},"content":{"rendered":"<p><img loading=\"lazy\" decoding=\"async\" class=\"alignright size-full\" style=\"margin-top: -62px;\" alt=\"Lokale Allianzen f\u00fcr Menschen mit Demenz\" title=\"Lokale Allianzen f\u00fcr Menschen mit Demenz\" src=\"https:\/\/www.mehrgenerationenhaus-hassfurt.de\/img\/fwp\/logo_lokale_allianzen_170.jpg\" width=\"170\" height=\"29\"><\/p>\n<p>Als lo\u00adka\u00adle Al\u00adli\u00adanz f\u00fcr Men\u00adschen mit De\u00admenz, aus\u00adge\u00adzeich\u00adnet durch das Bun\u00addes\u00admi\u00adnis\u00adte\u00adri\u00adum f\u00fcr Bil\u00addung, Fa\u00admi\u00adlie, Se\u00adnio\u00adren, Frau\u00aden und Ju\u00adgend, tra\u00adgen wir dazu bei, dass der Land\u00adkreis ein <span class=\"push-double\"><\/span>\u200b<span class=\"pull-double\">\u201e<\/span>de\u00admenz\u00adfreund\u00adli\u00adcher Land\u00adkreis\u201c ist. Wir be\u00adgeg\u00adnen den Fol\u00adgen des de\u00admo\u00adgra\u00adfi\u00adschen Wan\u00addels ak\u00adtiv und zu\u00adkunfts\u00adori\u00aden\u00adtiert, mit Part\u00adnern im Netz\u00adwerk und eng ver\u00adbun\u00adden mit un\u00adse\u00adrer Kommune.&nbsp;<\/p>\n<p>Wir sind An\u00adsprech\u00adpart\u00adner f\u00fcr den Be\u00adtreu\u00adungs- und Pfle\u00adge\u00adall\u00adtag und ma\u00adchen es uns zur Auf\u00adga\u00adbe, in Zu\u00adsam\u00admen\u00adar\u00adbeit mit den Part\u00adnern im Netz\u00adwerk, pass\u00adge\u00adnaue L\u00f6\u00adsun\u00adgen zu fin\u00adden und ggf. zu initiieren.&nbsp;<\/p>\n<p><img loading=\"lazy\" decoding=\"async\" src=\"https:\/\/www.mehrgenerationenhaus-hassfurt.de\/mgh\/wp-cnt\/uploads\/RR-0014_allianzdemenz_260.jpg\" alt width=\"260\" height=\"173\" class=\"alignleft size-full wp-image-51097\">De\u00admen\u00adti\u00adel\u00adle Er\u00adkran\u00adkun\u00adgen be\u00adtref\u00adfen nicht nur den Er\u00adkrank\u00adten, son\u00addern auch sein Umfeld.&nbsp;<\/p>\n<p>Wir ver\u00adbes\u00adsern f\u00fcr die Be\u00adtrof\u00adfe\u00adnen die Teil\u00adha\u00adbe am Le\u00adben, schaf\u00adfen eine ge\u00adsell\u00adschaft\u00adli\u00adchen Rah\u00admen f\u00fcr ei\u00adnen all\u00adt\u00e4g\u00adli\u00adchen Um\u00adgang mit Men\u00adschen mit De\u00admenz und st\u00e4r\u00adken den Zu\u00adsam\u00admen\u00adhalt in der Gemeinschaft.&nbsp;<\/p>\n<p><strong><span style=\"color: #0094D1;\">Le\u00adbens\u00adqua\u00adli\u00adt\u00e4t&nbsp; Ent\u00adlas\u00adtung&nbsp; Selbst\u00adbe\u00adstim\u00admung&nbsp; Teil\u00adha\u00adbe&nbsp; Enttabuisierung<\/span><\/strong><\/p>\n<p>Da\u00adbei rich\u00adten wir den Fo\u00adkus auf die Ver\u00adbin\u00addung von pro\u00adfes\u00adsio\u00adnel\u00adlen Hilfs- und Un\u00adter\u00adst\u00fct\u00adzungs\u00adan\u00adge\u00adbo\u00adten und Ver\u00adbes\u00adse\u00adrung der Le\u00adbens\u00adqua\u00adli\u00adt\u00e4t, Ent\u00adlas\u00adtung, F\u00f6r\u00adde\u00adrung der Selbst\u00adbe\u00adstim\u00admung und ge\u00adsell\u00adschaft\u00adli\u00adchen Teil\u00adha\u00adbe durch Ent\u00adta\u00adbui\u00adsie\u00adrung so\u00adwie der Auf\u00adbau von Hil\u00adfe- und Wis\u00adsens\u00adnetz\u00adwer\u00adken f\u00fcr De\u00admenz\u00adkran\u00adke und pfle\u00adgen\u00adden An\u00adge\u00adh\u00f6\u00adri\u00adgen un\u00adter Be\u00adtei\u00adli\u00adgung des b\u00fcr\u00adger\u00adschaft\u00adli\u00adchen En\u00adga\u00adge\u00adments und al\u00adler re\u00adle\u00advan\u00adten Akteure.&nbsp;<\/p>\n<p>Durch re\u00adgel\u00adm\u00e4\u00ad\u00dfi\u00adge und nied\u00adrig\u00adschwel\u00adli\u00adge Ge\u00adsel\u00adlig\u00adkeits\u00adan\u00adge\u00adbo\u00adte wie zum Bei\u00adspiel das Mu\u00adsik\u00adKaf\u00adfee, der Of\u00adfe\u00adne Sing\u00adkreis, MIT und FIT-Be\u00adgeg\u00adnung durch Be\u00adwe\u00adgung, die Be\u00adtreu\u00adungs\u00adgrup\u00adpe oder der Er\u00adleb\u00adniSTanz, bis in die Abend\u00adstun\u00adden neh\u00admen Se\u00adnio\u00adrin\u00adnen und Se\u00adnio\u00adren mit und ohne ein\u00adge\u00adschr\u00e4nk\u00adter All\u00adtags\u00adkom\u00adpe\u00adtenz ak\u00adtiv am ge\u00adsell\u00adschaft\u00adli\u00adchen Le\u00adben teil. Gleich\u00adzei\u00adtig kann ein ers\u00adter zwang\u00adlo\u00adser Kon\u00adtakt zur Be\u00adra\u00adtungs\u00adstel\u00adle <span class=\"push-double\"><\/span>\u200b<span class=\"pull-double\">\u201e<\/span>Fach\u00adstel\u00adle f\u00fcr pfle\u00adgen\u00adde An\u00adge\u00adh\u00f6\u00adri\u00adge\u201c im Mehr\u00adge\u00adne\u00adra\u00adtio\u00adnen\u00adhaus geschehen<\/p>\n<h3>Demenzfreundliche Kommune <\/h3>\n<p>Durch die M\u00f6g\u00adlich\u00adkeit der Be\u00adgeg\u00adnung und Teil\u00adha\u00adbe im <a href=\"https:\/\/www.mehrgenerationenhaus-hassfurt.de\/mgh\/angebote\/cafe-bistro-offener-treff\/\">Caf\u00e9 Bis\u00adtro <span class=\"push-double\"><\/span>\u200b<span class=\"pull-double\">\u201e<\/span>Of\u00adfe\u00adner Treff\u201c<\/a> und durch Ver\u00adan\u00adstal\u00adtun\u00adgen z.B. The\u00admen\u00advor\u00adtr\u00e4\u00adge, Be\u00adtreu\u00adungs\u00adgrup\u00adpen f\u00fcr Men\u00adschen mit De\u00admenz, Schu\u00adlun\u00adgen etc. in\u00adte\u00adgrie\u00adren wir Men\u00adschen mit und ohne ko\u00adgni\u00adti\u00adven Ein\u00adschr\u00e4n\u00adkun\u00adgen und de\u00adren An\u00adge\u00adh\u00f6\u00adri\u00adge und sor\u00adgen f\u00fcr eine Ent\u00adta\u00adbui\u00adsie\u00adrung und sen\u00adsi\u00adbi\u00adli\u00adsie\u00adren die Be\u00adv\u00f6l\u00adke\u00adrung f\u00fcr das The\u00adma Demenz.&nbsp;<\/p>\n<p>Das The\u00adma De\u00admenz und die da\u00admit ver\u00adbun\u00adde\u00adnen Her\u00adaus\u00adfor\u00adde\u00adrun\u00adgen sind uns wich\u00adtig und wir ar\u00adbei\u00adten mit vie\u00adlen Netz\u00adwerk\u00adpart\u00adnern, da\u00admit Ha\u00df\u00adfurt eine le\u00adben\u00addi\u00adge und de\u00admenz\u00adfreund\u00adli\u00adche Kom\u00admu\u00adne&nbsp;wird.&nbsp;<\/p>\n<p><!-- [xyz-ihs snippet=\"galleryDemenzMittendrin\"] --><\/p><div id=\"metaslider-id-27445\" style=\"width: 100%; margin: 0 auto;\" class=\"ml-slider-3-107-0 metaslider metaslider-nivo metaslider-27445 ml-slider has-dots-nav ml-slider-lightbox-2-22-0 lightbox-disabled ms-theme-nivo-light\" role=\"region\" aria-label=\"Demenz mittendrin\" data-height=\"380\" data-width=\"580\">\n    <div id=\"metaslider_container_27445\">\n        <div class=\"slider-wrapper theme-default\"><div class=\"ribbon\"><\/div><div id=\"metaslider_27445\" class=\"nivoSlider\"><img loading=\"lazy\" decoding=\"async\" src=\"https:\/\/www.mehrgenerationenhaus-hassfurt.de\/mgh\/wp-cnt\/uploads\/bs9385_576-580x380.jpg\" height=\"380\" width=\"580\" title=\"Demenz mittendrin \" alt=\"Demenz mittendrin - Lokale Allianzen f\u00fcr Menschen mit Demenz\" class=\"slider-27445 slide-27479 msDefaultImage\"><img loading=\"lazy\" decoding=\"async\" src=\"https:\/\/www.mehrgenerationenhaus-hassfurt.de\/mgh\/wp-cnt\/uploads\/bs0467_576-580x380.jpg\" height=\"380\" width=\"580\" title=\"Demenz mittendrin \" alt=\"Demenz mittendrin - Lokale Allianzen f\u00fcr Menschen mit Demenz\" class=\"slider-27445 slide-27471 msDefaultImage\"><img loading=\"lazy\" decoding=\"async\" src=\"https:\/\/www.mehrgenerationenhaus-hassfurt.de\/mgh\/wp-cnt\/uploads\/bs4367_576-580x380.jpg\" height=\"380\" width=\"580\" title=\"Demenz mittendrin \" alt=\"Demenz mittendrin\" class=\"slider-27445 slide-27476 msDefaultImage\"><img loading=\"lazy\" decoding=\"async\" src=\"https:\/\/www.mehrgenerationenhaus-hassfurt.de\/mgh\/wp-cnt\/uploads\/bs0395_576-580x380.jpg\" height=\"380\" width=\"580\" title=\"Demenz mittendrin \" alt=\"Demenz mittendrin - Lokale Allianzen f\u00fcr Menschen mit Demenz\" class=\"slider-27445 slide-27467 msDefaultImage\"><img loading=\"lazy\" decoding=\"async\" src=\"https:\/\/www.mehrgenerationenhaus-hassfurt.de\/mgh\/wp-cnt\/uploads\/bs0450_576-580x380.jpg\" height=\"380\" width=\"580\" title=\"Demenz mittendrin \" alt=\"Demenz mittendrin\" class=\"slider-27445 slide-27468 msDefaultImage\"><img loading=\"lazy\" decoding=\"async\" src=\"https:\/\/www.mehrgenerationenhaus-hassfurt.de\/mgh\/wp-cnt\/uploads\/bs0457_576-580x380.jpg\" height=\"380\" width=\"580\" title=\"Demenz mittendrin \" alt=\"Demenz mittendrin - Lokale Allianzen f\u00fcr Menschen mit Demenz\" class=\"slider-27445 slide-27469 msDefaultImage\"><img loading=\"lazy\" decoding=\"async\" src=\"https:\/\/www.mehrgenerationenhaus-hassfurt.de\/mgh\/wp-cnt\/uploads\/bs9369_576-580x380.jpg\" height=\"380\" width=\"580\" title=\"Demenz mittendrin \" alt=\"Demenz mittendrin\" class=\"slider-27445 slide-27478 msDefaultImage\"><img loading=\"lazy\" decoding=\"async\" src=\"https:\/\/www.mehrgenerationenhaus-hassfurt.de\/mgh\/wp-cnt\/uploads\/bs4270_576-580x380.jpg\" height=\"380\" width=\"580\" title=\"Demenz mittendrin \" alt=\"Demenz mittendrin - Lokale Allianzen f\u00fcr Menschen mit Demenz\" class=\"slider-27445 slide-27474 msDefaultImage\"><img loading=\"lazy\" decoding=\"async\" src=\"https:\/\/www.mehrgenerationenhaus-hassfurt.de\/mgh\/wp-cnt\/uploads\/bs0550_576-580x380.jpg\" height=\"380\" width=\"580\" title=\"Demenz mittendrin \" alt=\"Demenz mittendrin\" class=\"slider-27445 slide-27472 msDefaultImage\"><img loading=\"lazy\" decoding=\"async\" src=\"https:\/\/www.mehrgenerationenhaus-hassfurt.de\/mgh\/wp-cnt\/uploads\/bs4348_576-580x380.jpg\" height=\"380\" width=\"580\" title=\"Demenz mittendrin \" alt=\"Demenz mittendrin - Lokale Allianzen f\u00fcr Menschen mit Demenz\" class=\"slider-27445 slide-27475 msDefaultImage\"><img loading=\"lazy\" decoding=\"async\" src=\"https:\/\/www.mehrgenerationenhaus-hassfurt.de\/mgh\/wp-cnt\/uploads\/bs9387_576-580x380.jpg\" height=\"380\" width=\"580\" title=\"Demenz mittendrin \" alt=\"Demenz mittendrin - Lokale Allianzen f\u00fcr Menschen mit Demenz\" class=\"slider-27445 slide-27480 msDefaultImage\"><img loading=\"lazy\" decoding=\"async\" src=\"https:\/\/www.mehrgenerationenhaus-hassfurt.de\/mgh\/wp-cnt\/uploads\/bs9393_576-580x380.jpg\" height=\"380\" width=\"580\" title=\"Demenz mittendrin \" alt=\"Demenz mittendrin - Lokale Allianzen f\u00fcr Menschen mit Demenz\" class=\"slider-27445 slide-27481 msDefaultImage\"><img loading=\"lazy\" decoding=\"async\" src=\"https:\/\/www.mehrgenerationenhaus-hassfurt.de\/mgh\/wp-cnt\/uploads\/bs9402_576-580x380.jpg\" height=\"380\" width=\"580\" title=\"Demenz mittendrin \" alt=\"Demenz mittendrin - Lokale Allianzen f\u00fcr Menschen mit Demenz\" class=\"slider-27445 slide-27482 msDefaultImage\"><\/div><\/div>\n        \n    <\/div>\n<\/div>\n<p>&nbsp;<\/p>\n<p>\u2192 <span style=\"font-family: Arial; font-size: small;\">Wei\u00adte\u00adre In\u00adfor\u00adma\u00adti\u00adon: <a title=\"Fachstelle f\u00fcr pflegende Angeh\u00f6rige und Demenz-Sprechstunde\" href=\"https:\/\/www.mehrgenerationenhaus-hassfurt.de\/mgh\/angebote\/demenz\/\"> Fach\u00adstel\u00adle f\u00fcr pfle\u00adgen\u00adde An\u00adge\u00adh\u00f6\u00adri\u00adge und Demenzsprechstunde<\/a><\/span><\/p>\n<p><strong>Links:<\/strong><br>\n\u2192 <span style=\"font-family: Arial; font-size: small;\"><a title=\"Presseartikel: Auftaktveranstaltung \" href=\"https:\/\/www.mehrgenerationenhaus-hassfurt.de\/mgh\/auftaktveranstaltung-mgh-hasfurt-demenz-mittendrin\/\">Pres\u00adse\u00adar\u00adti\u00adkel: Auf\u00adtakt\u00adver\u00adan\u00adstal\u00adtung <span class=\"push-double\"><\/span>\u200b<span class=\"pull-double\">\u201e<\/span>De\u00admenz mittendrin\u201c<\/a><\/span><br>\n\u2192 <span style=\"font-family: Arial; font-size: small;\"><a title=\"Auftaktveranstaltung im MGH: Begr\u00fc\u00dfungsrede des BRK Kreisgesch\u00e4ftsf\u00fchrers Dieter Greger\" href=\"https:\/\/www.mehrgenerationenhaus-hassfurt.de\/mgh\/auftaktveranstaltung-allianz-fur-menschen-mit-demenz\/\">Auf\u00adtakt\u00adver\u00adan\u00adstal\u00adtung im MGH Ha\u00df\u00adfurt: Be\u00adgr\u00fc\u00ad\u00dfungs\u00adre\u00adde des BRK Kreisgesch\u00e4ftsf\u00fchrers<\/a><\/span><\/p>\n","protected":false},"excerpt":{"rendered":"<p>Als lo\u00adka\u00adle Al\u00adli\u00adanz f\u00fcr Men\u00adschen mit De\u00admenz, aus\u00adge\u00adzeich\u00adnet durch das Bun\u00addes\u00admi\u00adnis\u00adte\u00adri\u00adum f\u00fcr Bil\u00addung, Fa\u00admi\u00adlie, Se\u00adnio\u00adren, Frau\u00aden und Ju\u00adgend, tra\u00adgen wir dazu bei, dass der Land\u00adkreis ein \u200b\u201ede\u00admenz\u00adfreund\u00adli\u00adcher Land\u00adkreis\u201c ist. Wir be\u00adgeg\u00adnen den Fol\u00adgen des de\u00admo\u00adgra\u00adfi\u00adschen Wan\u00addels ak\u00adtiv und zu\u00adkunfts\u00adori\u00aden\u00adtiert, mit Part\u00adnern im Netz\u00adwerk und eng ver\u00adbun\u00adden mit un\u00adse\u00adrer Kom\u00admu\u00adne.&nbsp; Wir sind An\u00adsprech\u00adpart\u00adner f\u00fcr den Betreuungs-&nbsp;<\/p>\n<p class=\"excerpt-link\"><a class=\"read-more\" href=\"https:\/\/www.mehrgenerationenhaus-hassfurt.de\/mgh\/unser-mgh\/demenz-mittendrin\/\">Read More \u2192<\/a><\/p>\n","protected":false},"author":3,"featured_media":6438,"parent":12,"menu_order":3,"comment_status":"closed","ping_status":"closed","template":"","meta":{"inline_featured_image":false,"wp_typography_post_enhancements_disabled":false,"_mc_calendar":[],"footnotes":""},"class_list":["post-3648","page","type-page","status-publish","has-post-thumbnail","hentry"],"yoast_head":"<!-- This site is optimized with the Yoast SEO plugin v27.3 - https:\/\/yoast.com\/product\/yoast-seo-wordpress\/ -->\n<title>Lokale Allianzen f\u00fcr Menschen mit Demenz | MGH Ha\u00dffurt<\/title>\n<meta name=\"description\" content=\"Lokale Allianzen f\u00fcr Menschen mit Demenz. Ausgezeichnet vom Bundesministerium f\u00fcr Familie, Senioren, Frauen und Jugend am 21. September 2012.\" \/>\n<meta name=\"robots\" content=\"index, follow, max-snippet:-1, max-image-preview:large, max-video-preview:-1\" \/>\n<link rel=\"canonical\" href=\"https:\/\/www.mehrgenerationenhaus-hassfurt.de\/mgh\/unser-mgh\/demenz-mittendrin\/\" \/>\n<meta property=\"og:locale\" content=\"de_DE\" \/>\n<meta property=\"og:type\" content=\"article\" \/>\n<meta property=\"og:title\" content=\"Lokale Allianzen f\u00fcr Menschen mit Demenz | MGH Ha\u00dffurt\" \/>\n<meta property=\"og:description\" content=\"Lokale Allianzen f\u00fcr Menschen mit Demenz. Ausgezeichnet vom Bundesministerium f\u00fcr Familie, Senioren, Frauen und Jugend am 21. September 2012.\" \/>\n<meta property=\"og:url\" content=\"https:\/\/www.mehrgenerationenhaus-hassfurt.de\/mgh\/unser-mgh\/demenz-mittendrin\/\" \/>\n<meta property=\"og:site_name\" content=\"Mehrgenerationenhaus Ha\u00dffurt\" \/>\n<meta property=\"article:publisher\" content=\"https:\/\/de-de.facebook.com\/mehrgenerationenhausHAS\/\" \/>\n<meta property=\"article:modified_time\" content=\"2025-07-16T10:47:56+00:00\" \/>\n<!-- \/ Yoast SEO plugin. -->","yoast_head_json":{"title":"Lokale Allianzen f\u00fcr Menschen mit Demenz | MGH Ha\u00dffurt","description":"Lokale Allianzen f\u00fcr Menschen mit Demenz. Ausgezeichnet vom Bundesministerium f\u00fcr Familie, Senioren, Frauen und Jugend am 21. September 2012.","robots":{"index":"index","follow":"follow","max-snippet":"max-snippet:-1","max-image-preview":"max-image-preview:large","max-video-preview":"max-video-preview:-1"},"canonical":"https:\/\/www.mehrgenerationenhaus-hassfurt.de\/mgh\/unser-mgh\/demenz-mittendrin\/","og_locale":"de_DE","og_type":"article","og_title":"Lokale Allianzen f\u00fcr Menschen mit Demenz | MGH Ha\u00dffurt","og_description":"Lokale Allianzen f\u00fcr Menschen mit Demenz. Ausgezeichnet vom Bundesministerium f\u00fcr Familie, Senioren, Frauen und Jugend am 21. September 2012.","og_url":"https:\/\/www.mehrgenerationenhaus-hassfurt.de\/mgh\/unser-mgh\/demenz-mittendrin\/","og_site_name":"Mehrgenerationenhaus Ha\u00dffurt","article_publisher":"https:\/\/de-de.facebook.com\/mehrgenerationenhausHAS\/","article_modified_time":"2025-07-16T10:47:56+00:00","schema":{"@context":"https:\/\/schema.org","@graph":[{"@type":"WebPage","@id":"https:\/\/www.mehrgenerationenhaus-hassfurt.de\/mgh\/unser-mgh\/demenz-mittendrin\/","url":"https:\/\/www.mehrgenerationenhaus-hassfurt.de\/mgh\/unser-mgh\/demenz-mittendrin\/","name":"Lokale Allianzen f\u00fcr Menschen mit Demenz | MGH Ha\u00dffurt","isPartOf":{"@id":"https:\/\/www.mehrgenerationenhaus-hassfurt.de\/mgh\/#website"},"primaryImageOfPage":{"@id":"https:\/\/www.mehrgenerationenhaus-hassfurt.de\/mgh\/unser-mgh\/demenz-mittendrin\/#primaryimage"},"image":{"@id":"https:\/\/www.mehrgenerationenhaus-hassfurt.de\/mgh\/unser-mgh\/demenz-mittendrin\/#primaryimage"},"thumbnailUrl":"","datePublished":"2012-12-03T12:53:23+00:00","dateModified":"2025-07-16T10:47:56+00:00","description":"Lokale Allianzen f\u00fcr Menschen mit Demenz. Ausgezeichnet vom Bundesministerium f\u00fcr Familie, Senioren, Frauen und Jugend am 21. September 2012.","breadcrumb":{"@id":"https:\/\/www.mehrgenerationenhaus-hassfurt.de\/mgh\/unser-mgh\/demenz-mittendrin\/#breadcrumb"},"inLanguage":"de","potentialAction":[{"@type":"ReadAction","target":["https:\/\/www.mehrgenerationenhaus-hassfurt.de\/mgh\/unser-mgh\/demenz-mittendrin\/"]}]},{"@type":"ImageObject","inLanguage":"de","@id":"https:\/\/www.mehrgenerationenhaus-hassfurt.de\/mgh\/unser-mgh\/demenz-mittendrin\/#primaryimage","url":"","contentUrl":""},{"@type":"BreadcrumbList","@id":"https:\/\/www.mehrgenerationenhaus-hassfurt.de\/mgh\/unser-mgh\/demenz-mittendrin\/#breadcrumb","itemListElement":[{"@type":"ListItem","position":1,"name":"Startseite","item":"https:\/\/www.mehrgenerationenhaus-hassfurt.de\/mgh\/"},{"@type":"ListItem","position":2,"name":"Unser MGH: Mehrgenerationenhaus Ha\u00dffurt","item":"https:\/\/www.mehrgenerationenhaus-hassfurt.de\/mgh\/unser-mgh\/"},{"@type":"ListItem","position":3,"name":"Lokale Allianzen f\u00fcr Menschen mit Demenz"}]},{"@type":"WebSite","@id":"https:\/\/www.mehrgenerationenhaus-hassfurt.de\/mgh\/#website","url":"https:\/\/www.mehrgenerationenhaus-hassfurt.de\/mgh\/","name":"Mehrgenerationenhaus Ha\u00dffurt","description":"Mehrgenerationenhaus Ha\u00dffurt","publisher":{"@id":"https:\/\/www.mehrgenerationenhaus-hassfurt.de\/mgh\/#organization"},"potentialAction":[{"@type":"SearchAction","target":{"@type":"EntryPoint","urlTemplate":"https:\/\/www.mehrgenerationenhaus-hassfurt.de\/mgh\/?s={search_term_string}"},"query-input":{"@type":"PropertyValueSpecification","valueRequired":true,"valueName":"search_term_string"}}],"inLanguage":"de"},{"@type":"Organization","@id":"https:\/\/www.mehrgenerationenhaus-hassfurt.de\/mgh\/#organization","name":"Mehrgenerationenhaus Ha\u00dffurt","url":"https:\/\/www.mehrgenerationenhaus-hassfurt.de\/mgh\/","logo":{"@type":"ImageObject","inLanguage":"de","@id":"https:\/\/www.mehrgenerationenhaus-hassfurt.de\/mgh\/#\/schema\/logo\/image\/","url":"https:\/\/www.mehrgenerationenhaus-hassfurt.de\/mgh\/wp-cnt\/uploads\/MGH_Logo_2020_hassfurt-scaled.jpg","contentUrl":"https:\/\/www.mehrgenerationenhaus-hassfurt.de\/mgh\/wp-cnt\/uploads\/MGH_Logo_2020_hassfurt-scaled.jpg","width":2560,"height":1162,"caption":"Mehrgenerationenhaus Ha\u00dffurt"},"image":{"@id":"https:\/\/www.mehrgenerationenhaus-hassfurt.de\/mgh\/#\/schema\/logo\/image\/"},"sameAs":["https:\/\/de-de.facebook.com\/mehrgenerationenhausHAS\/"]}]}},"publishpress_future_workflow_manual_trigger":{"enabledWorkflows":[]},"_links":{"self":[{"href":"https:\/\/www.mehrgenerationenhaus-hassfurt.de\/mgh\/wp-json\/wp\/v2\/pages\/3648","targetHints":{"allow":["GET"]}}],"collection":[{"href":"https:\/\/www.mehrgenerationenhaus-hassfurt.de\/mgh\/wp-json\/wp\/v2\/pages"}],"about":[{"href":"https:\/\/www.mehrgenerationenhaus-hassfurt.de\/mgh\/wp-json\/wp\/v2\/types\/page"}],"author":[{"embeddable":true,"href":"https:\/\/www.mehrgenerationenhaus-hassfurt.de\/mgh\/wp-json\/wp\/v2\/users\/3"}],"replies":[{"embeddable":true,"href":"https:\/\/www.mehrgenerationenhaus-hassfurt.de\/mgh\/wp-json\/wp\/v2\/comments?post=3648"}],"version-history":[{"count":0,"href":"https:\/\/www.mehrgenerationenhaus-hassfurt.de\/mgh\/wp-json\/wp\/v2\/pages\/3648\/revisions"}],"up":[{"embeddable":true,"href":"https:\/\/www.mehrgenerationenhaus-hassfurt.de\/mgh\/wp-json\/wp\/v2\/pages\/12"}],"wp:featuredmedia":[{"embeddable":true,"href":"https:\/\/www.mehrgenerationenhaus-hassfurt.de\/mgh\/wp-json\/"}],"wp:attachment":[{"href":"https:\/\/www.mehrgenerationenhaus-hassfurt.de\/mgh\/wp-json\/wp\/v2\/media?parent=3648"}],"curies":[{"name":"wp","href":"https:\/\/api.w.org\/{rel}","templated":true}]}}