{"id":422,"date":"2012-01-02T20:49:21","date_gmt":"2012-01-02T19:49:21","guid":{"rendered":"http:\/\/wp10664415.wp039.webpack.hosteurope.de\/wp\/?page_id=422"},"modified":"2021-02-01T16:14:30","modified_gmt":"2021-02-01T15:14:30","slug":"cafe-bistro-offener-treff","status":"publish","type":"page","link":"https:\/\/www.mehrgenerationenhaus-hassfurt.de\/mgh\/angebote\/cafe-bistro-offener-treff\/","title":{"rendered":"Caf\u00e9 Bistro <span class=\"push-double\"><\/span>\u200b<span class=\"pull-double\">\u201e<\/span>Offener Treff\u201c"},"content":{"rendered":"<p><img loading=\"lazy\" decoding=\"async\" src=\"https:\/\/www.mehrgenerationenhaus-hassfurt.de\/mgh\/wp-cnt\/uploads\/cafe-bistro_c1_580.jpg\" alt=\"Caf\u00e9 Bistro \u201eOffener Treff\u201c (Fotos: Ren\u00e9 Ruprecht und MGH-Team)\" width=\"580\" height=\"125\" class=\"alignnone size-full wp-image-50854\" srcset=\"https:\/\/www.mehrgenerationenhaus-hassfurt.de\/mgh\/wp-cnt\/uploads\/cafe-bistro_c1_580.jpg 580w, https:\/\/www.mehrgenerationenhaus-hassfurt.de\/mgh\/wp-cnt\/uploads\/cafe-bistro_c1_580-300x65.jpg 300w\" sizes=\"auto, (max-width: 580px) 100vw, 580px\"><br>\n<img loading=\"lazy\" decoding=\"async\" style=\"margin-top: 3px;\" src=\"https:\/\/www.mehrgenerationenhaus-hassfurt.de\/mgh\/wp-cnt\/uploads\/cafe-bistro_c2_580.jpg\" alt=\"Caf\u00e9 Bistro \u201eOffener Treff\u201c (Fotos: Ren\u00e9 Ruprecht und MGH-Team)\" width=\"580\" height=\"125\" class=\"alignnone size-full wp-image-50855\" srcset=\"https:\/\/www.mehrgenerationenhaus-hassfurt.de\/mgh\/wp-cnt\/uploads\/cafe-bistro_c2_580.jpg 580w, https:\/\/www.mehrgenerationenhaus-hassfurt.de\/mgh\/wp-cnt\/uploads\/cafe-bistro_c2_580-300x65.jpg 300w\" sizes=\"auto, (max-width: 580px) 100vw, 580px\"><\/p>\n<p>Hell, ge\u00adm\u00fct\u00adlich und ein\u00adla\u00addend \u2013 das Herz des Mehr\u00adge\u00adne\u00adra\u00adtio\u00adnen\u00adhau\u00adses Ha\u00df\u00adfurt schl\u00e4gt im Caf\u00e9 Bis\u00adtro <span class=\"push-double\"><\/span>\u200b<span class=\"pull-double\">\u201e<\/span>Of\u00adfe\u00adner Treff\u201c. In ge\u00adm\u00fct\u00adli\u00adcher und freund\u00adli\u00adcher At\u00admo\u00adsph\u00e4\u00adre be\u00adgeg\u00adnen sich hier Men\u00adschen al\u00adler Altersgruppen.&nbsp;<\/p>\n<h2>Treffpunkt der Generationen<\/h2>\n<p>Un\u00adser Caf\u00e9 Bis\u00adtro liegt zen\u00adtral am Markt\u00adplatz und ist Dreh- und Angel\u00adpunkt f\u00fcr alle Ge\u00adne\u00adra\u00adtio\u00adnen. Durch den of\u00adfe\u00adnen, bar\u00adrie\u00adre\u00adfrei\u00aden und nied\u00adri\u00adge\u00adschwel\u00adli\u00adgen Zu\u00adgang tref\u00adfen sich B\u00fcr\u00adge\u00adrin\u00adnen und B\u00fcr\u00adger al\u00adler Al\u00adters\u00adgrup\u00adpen zum Aus\u00adtausch und Ver\u00adwei\u00adlen. Hier wer\u00adden neue Ideen ent\u00adwi\u00adckelt und die Be\u00add\u00fcrf\u00adnis\u00adse und Be\u00addar\u00adfe der Men\u00adschen vor Ort er\u00adkannt. Das Mit\u00adein\u00adan\u00adder als Teil ei\u00adner so\u00adzi\u00adal ak\u00adti\u00adven B\u00fcr\u00adger\u00adge\u00adsell\u00adschaft wird hier gelebt.&nbsp;<\/p>\n<p>Die Be\u00adsu\u00adche\u00adrin\u00adnen und Be\u00adsu\u00adcher \u2013 egal wel\u00adchen Al\u00adters oder wel\u00adcher Her\u00adkunft \u2013 wer\u00adden herz\u00adlich emp\u00adfan\u00adgen und ler\u00adnen das Mehr\u00adge\u00adne\u00adra\u00adtio\u00adnen\u00adhaus mit sei\u00adnen An\u00adge\u00adbo\u00adten und Ak\u00adti\u00advi\u00adt\u00e4\u00adten ken\u00adnen. Wer dann An\u00adge\u00adbo\u00adte des Hau\u00adses an\u00adnimmt, bringt sich h\u00e4u\u00adfig selbst ak\u00adtiv und dau\u00ader\u00adhaft in die Ge\u00admein\u00adschaft ein.<\/p>\n<h2>Ideenschmiede und Informationsb\u00f6rse&nbsp;<\/h2>\n<p>Der Of\u00adfe\u00adne Treff ist ein Ort, der es al\u00adlen In\u00adter\u00ades\u00adsier\u00adten er\u00adlaubt, sich mit ih\u00adren Er\u00adfah\u00adrun\u00adgen und F\u00e4\u00adhig\u00adkei\u00adten ein\u00adzu\u00adbrin\u00adgen und zu\u00adgleich vom Wis\u00adsen und K\u00f6n\u00adnen der an\u00adde\u00adren zu pro\u00adfi\u00adtie\u00adren. Men\u00adschen un\u00adter\u00adschied\u00adli\u00adcher Ge\u00adne\u00adra\u00adtio\u00adnen k\u00f6n\u00adnen zwang\u00adlos ins Ge\u00adspr\u00e4ch mit an\u00adde\u00adren kom\u00admen und sich aus\u00adtau\u00adschen. Sie k\u00f6n\u00adnen ihre All\u00adtags\u00adsor\u00adgen zur Spra\u00adche brin\u00adgen oder mit ih\u00adren Er\u00adfah\u00adrun\u00adgen an\u00adde\u00adre unterst\u00fctzen.<\/p>\n<p><img decoding=\"async\" src=\"https:\/\/www.mehrgenerationenhaus-hassfurt.de\/mgh\/wp-cnt\/uploads\/angebote_cbot_580.jpg\" alt=\"Vielseitiges Angebot im Caf\u00e9 Bistro OFFENER TREFF\" width=\"580\" class=\"alignnone wp-image-50853\" srcset=\"https:\/\/www.mehrgenerationenhaus-hassfurt.de\/mgh\/wp-cnt\/uploads\/angebote_cbot_580.jpg 580w, https:\/\/www.mehrgenerationenhaus-hassfurt.de\/mgh\/wp-cnt\/uploads\/angebote_cbot_580-300x300.jpg 300w, https:\/\/www.mehrgenerationenhaus-hassfurt.de\/mgh\/wp-cnt\/uploads\/angebote_cbot_580-500x500.jpg 500w\" sizes=\"(max-width: 580px) 100vw, 580px\"><\/p>\n<p>Der Gast\u00adraum ver\u00adf\u00fcgt \u00fcber 50 Sitz\u00adpl\u00e4t\u00adze. Durch eine Fens\u00adter\u00adfront zur Markt\u00adplatz\u00adsei\u00adte hat man eine sch\u00f6\u00adne Ein- und Aus\u00adsicht. Bei sch\u00f6\u00adnem Wet\u00adter wird der Au\u00ad\u00dfen\u00adbe\u00adreich bestuhlt.<\/p>\n<p>Durch in\u00adte\u00adgrier\u00adte Spiel- und Krab\u00adbel\u00adm\u00f6g\u00adlich\u00adkei\u00adten neh\u00admen ger\u00adne Fa\u00admi\u00adli\u00aden in un\u00adse\u00adrem Caf\u00e9 Bis\u00adtro Platz.&nbsp;<\/p>\n<p>Es be\u00adsteht die M\u00f6g\u00adlich\u00adkeit, sich ei\u00adnen le\u00adcke\u00adren Fair\u00adtrade-Kaf\u00adfee in zu ei\u00adnem g\u00fcns\u00adti\u00adgen Preis in Selbst\u00adbe\u00addie\u00adnung zu ho\u00adlen oder ei\u00adnen In\u00adter\u00adnet\u00adar\u00adbeits\u00adplatz zu nutzen.&nbsp;<\/p>\n<p>Auch steht bei uns ein <span class=\"push-double\"><\/span>\u200b<span class=\"pull-double\">\u201e<\/span>Of\u00adfe\u00adner B\u00fc\u00adcher\u00adschrank\u201c, wo B\u00fc\u00adcher ge\u00adbracht, ge\u00adtauscht und ge\u00adle\u00adsen wer\u00adden k\u00f6nnen.&nbsp;<\/p>\n<p>Das Mit\u00adein\u00adan\u00adder der Ge\u00adne\u00adra\u00adtio\u00adnen wird im Caf\u00e9 Bis\u00adtro <span class=\"push-double\"><\/span>\u200b<span class=\"pull-double\">\u201e<\/span>Of\u00adfe\u00adner Treff\u201c auf un\u00adter\u00adschied\u00adli\u00adche Wei\u00adse ge\u00adlebt. Es bie\u00adtet Men\u00adschen Raum zum Ge\u00addan\u00adken\u00adaus\u00adtausch \u2013 vie\u00adle Pro\u00adjek\u00adte wer\u00adden hier ge\u00adbo\u00adren und fin\u00adden statt. Bei ei\u00adner Tas\u00adse Kaf\u00adfee, beim Zei\u00adtung\u00adle\u00adsen oder beim ge\u00admein\u00adsa\u00admen  <a style=\"color: #444444;\" href=\"https:\/\/www.mehrgenerationenhaus-hassfurt.de\/mgh\/angebote\/fruehstueck-und-brunch\/\">Brunch<\/a> ent\u00adste\u00adhen Ideen f\u00fcr neue An\u00adge\u00adbo\u00adte und Dienst\u00adleis\u00adtun\u00adgen \u2013 vom <a style=\"color: #444444;\" href=\"https:\/\/www.mehrgenerationenhaus-hassfurt.de\/mgh\/angebote\/singkreis\/\">Sing\u00adkreis<\/a> f\u00fcr alle Ge\u00adne\u00adra\u00adtio\u00adnen, der <a style=\"color: #444444;\" href=\"https:\/\/www.mehrgenerationenhaus-hassfurt.de\/mgh\/angebote\/lichtstube\/\">Licht\u00adstu\u00adbe Ge\u00admein\u00adsam HAND\u00adar\u00adbei\u00adten<\/a> bis hin zu Be\u00adtreu\u00adungs\u00adan\u00adge\u00adbo\u00adten f\u00fcr de\u00admen\u00adzi\u00adell Er\u00adkrank\u00adte. So bleibt das <a style=\"color: #444444;\" href=\"https:\/\/www.mehrgenerationenhaus-hassfurt.de\/mgh\/angebote\/\">An\u00adge\u00adbot<\/a> des Caf\u00e9 Bis\u00adtro <span class=\"push-double\"><\/span>\u200b<span class=\"pull-double\">\u201e<\/span>Of\u00adfe\u00adner Treff\u201c ab\u00adwechs\u00adlungs\u00adreich und vielf\u00e4ltig.<\/p>\n","protected":false},"excerpt":{"rendered":"<p>Hell, ge\u00adm\u00fct\u00adlich und ein\u00adla\u00addend \u2013 das Herz des Mehr\u00adge\u00adne\u00adra\u00adtio\u00adnen\u00adhau\u00adses Ha\u00df\u00adfurt schl\u00e4gt im Caf\u00e9 Bis\u00adtro \u200b\u201eOf\u00adfe\u00adner Treff\u201c. In ge\u00adm\u00fct\u00adli\u00adcher und freund\u00adli\u00adcher At\u00admo\u00adsph\u00e4\u00adre be\u00adgeg\u00adnen sich hier Men\u00adschen al\u00adler Al\u00adters\u00adgrup\u00adpen.&nbsp; Treff\u00adpunkt der Ge\u00adne\u00adra\u00adtio\u00adnen Un\u00adser Caf\u00e9 Bis\u00adtro liegt zen\u00adtral am Markt\u00adplatz und ist Dreh- und Angel\u00adpunkt f\u00fcr alle Ge\u00adne\u00adra\u00adtio\u00adnen. Durch den of\u00adfe\u00adnen, bar\u00adrie\u00adre\u00adfrei\u00aden und nied\u00adri\u00adge\u00adschwel\u00adli\u00adgen Zu\u00adgang tref\u00adfen sich B\u00fcrgerinnen&nbsp;<\/p>\n<p class=\"excerpt-link\"><a class=\"read-more\" href=\"https:\/\/www.mehrgenerationenhaus-hassfurt.de\/mgh\/angebote\/cafe-bistro-offener-treff\/\">Read More \u2192<\/a><\/p>\n","protected":false},"author":3,"featured_media":0,"parent":219,"menu_order":0,"comment_status":"closed","ping_status":"closed","template":"","meta":{"inline_featured_image":false,"wp_typography_post_enhancements_disabled":false,"_mc_calendar":[],"footnotes":""},"class_list":["post-422","page","type-page","status-publish","hentry"],"yoast_head":"<!-- This site is optimized with the Yoast SEO plugin v26.9 - https:\/\/yoast.com\/product\/yoast-seo-wordpress\/ -->\n<title>Caf\u00e9 Bistro \u201eOffener Treff\u201c | Mehrgenerationenhaus Ha\u00dffurt<\/title>\n<meta name=\"description\" content=\"Einladend, freundlich und gem\u00fctlich ist das Caf\u00e9 Bistro &quot;OFFENER TREFF&quot; - das Herzst\u00fcck des Mehrgenerationenhauses Ha\u00dffurt.\" \/>\n<meta name=\"robots\" content=\"index, follow, max-snippet:-1, max-image-preview:large, max-video-preview:-1\" \/>\n<link rel=\"canonical\" href=\"https:\/\/www.mehrgenerationenhaus-hassfurt.de\/mgh\/angebote\/cafe-bistro-offener-treff\/\" \/>\n<meta property=\"og:locale\" content=\"de_DE\" \/>\n<meta property=\"og:type\" content=\"article\" \/>\n<meta property=\"og:title\" content=\"Caf\u00e9 Bistro \u201eOffener Treff\u201c | Mehrgenerationenhaus Ha\u00dffurt\" \/>\n<meta property=\"og:description\" content=\"Einladend, freundlich und gem\u00fctlich ist das Caf\u00e9 Bistro &quot;OFFENER TREFF&quot; - das Herzst\u00fcck des Mehrgenerationenhauses Ha\u00dffurt.\" \/>\n<meta property=\"og:url\" content=\"https:\/\/www.mehrgenerationenhaus-hassfurt.de\/mgh\/angebote\/cafe-bistro-offener-treff\/\" \/>\n<meta property=\"og:site_name\" content=\"Mehrgenerationenhaus Ha\u00dffurt\" \/>\n<meta property=\"article:publisher\" content=\"https:\/\/de-de.facebook.com\/mehrgenerationenhausHAS\/\" \/>\n<meta property=\"article:modified_time\" content=\"2021-02-01T15:14:30+00:00\" \/>\n<meta property=\"og:image\" content=\"https:\/\/www.mehrgenerationenhaus-hassfurt.de\/mgh\/wp-cnt\/uploads\/cafe-bistro_c1_580.jpg\" \/>\n<!-- \/ Yoast SEO plugin. -->","yoast_head_json":{"title":"Caf\u00e9 Bistro \u201eOffener Treff\u201c | Mehrgenerationenhaus Ha\u00dffurt","description":"Einladend, freundlich und gem\u00fctlich ist das Caf\u00e9 Bistro \"OFFENER TREFF\" - das Herzst\u00fcck des Mehrgenerationenhauses Ha\u00dffurt.","robots":{"index":"index","follow":"follow","max-snippet":"max-snippet:-1","max-image-preview":"max-image-preview:large","max-video-preview":"max-video-preview:-1"},"canonical":"https:\/\/www.mehrgenerationenhaus-hassfurt.de\/mgh\/angebote\/cafe-bistro-offener-treff\/","og_locale":"de_DE","og_type":"article","og_title":"Caf\u00e9 Bistro \u201eOffener Treff\u201c | Mehrgenerationenhaus Ha\u00dffurt","og_description":"Einladend, freundlich und gem\u00fctlich ist das Caf\u00e9 Bistro \"OFFENER TREFF\" - das Herzst\u00fcck des Mehrgenerationenhauses Ha\u00dffurt.","og_url":"https:\/\/www.mehrgenerationenhaus-hassfurt.de\/mgh\/angebote\/cafe-bistro-offener-treff\/","og_site_name":"Mehrgenerationenhaus Ha\u00dffurt","article_publisher":"https:\/\/de-de.facebook.com\/mehrgenerationenhausHAS\/","article_modified_time":"2021-02-01T15:14:30+00:00","og_image":[{"url":"https:\/\/www.mehrgenerationenhaus-hassfurt.de\/mgh\/wp-cnt\/uploads\/cafe-bistro_c1_580.jpg","type":"","width":"","height":""}],"schema":{"@context":"https:\/\/schema.org","@graph":[{"@type":"WebPage","@id":"https:\/\/www.mehrgenerationenhaus-hassfurt.de\/mgh\/angebote\/cafe-bistro-offener-treff\/","url":"https:\/\/www.mehrgenerationenhaus-hassfurt.de\/mgh\/angebote\/cafe-bistro-offener-treff\/","name":"Caf\u00e9 Bistro \u201eOffener Treff\u201c | Mehrgenerationenhaus Ha\u00dffurt","isPartOf":{"@id":"https:\/\/www.mehrgenerationenhaus-hassfurt.de\/mgh\/#website"},"primaryImageOfPage":{"@id":"https:\/\/www.mehrgenerationenhaus-hassfurt.de\/mgh\/angebote\/cafe-bistro-offener-treff\/#primaryimage"},"image":{"@id":"https:\/\/www.mehrgenerationenhaus-hassfurt.de\/mgh\/angebote\/cafe-bistro-offener-treff\/#primaryimage"},"thumbnailUrl":"https:\/\/www.mehrgenerationenhaus-hassfurt.de\/mgh\/wp-cnt\/uploads\/cafe-bistro_c1_580.jpg","datePublished":"2012-01-02T19:49:21+00:00","dateModified":"2021-02-01T15:14:30+00:00","description":"Einladend, freundlich und gem\u00fctlich ist das Caf\u00e9 Bistro \"OFFENER TREFF\" - das Herzst\u00fcck des Mehrgenerationenhauses Ha\u00dffurt.","breadcrumb":{"@id":"https:\/\/www.mehrgenerationenhaus-hassfurt.de\/mgh\/angebote\/cafe-bistro-offener-treff\/#breadcrumb"},"inLanguage":"de","potentialAction":[{"@type":"ReadAction","target":["https:\/\/www.mehrgenerationenhaus-hassfurt.de\/mgh\/angebote\/cafe-bistro-offener-treff\/"]}]},{"@type":"ImageObject","inLanguage":"de","@id":"https:\/\/www.mehrgenerationenhaus-hassfurt.de\/mgh\/angebote\/cafe-bistro-offener-treff\/#primaryimage","url":"https:\/\/www.mehrgenerationenhaus-hassfurt.de\/mgh\/wp-cnt\/uploads\/cafe-bistro_c1_580.jpg","contentUrl":"https:\/\/www.mehrgenerationenhaus-hassfurt.de\/mgh\/wp-cnt\/uploads\/cafe-bistro_c1_580.jpg","width":580,"height":125,"caption":"Caf\u00e9 Bistro \u201eOffener Treff\u201c (Fotos: Ren\u00e9 Ruprecht und MGH-Team)"},{"@type":"BreadcrumbList","@id":"https:\/\/www.mehrgenerationenhaus-hassfurt.de\/mgh\/angebote\/cafe-bistro-offener-treff\/#breadcrumb","itemListElement":[{"@type":"ListItem","position":1,"name":"Startseite","item":"https:\/\/www.mehrgenerationenhaus-hassfurt.de\/mgh\/"},{"@type":"ListItem","position":2,"name":"Angebote und Dienstleistungen","item":"https:\/\/www.mehrgenerationenhaus-hassfurt.de\/mgh\/angebote\/"},{"@type":"ListItem","position":3,"name":"Caf\u00e9 Bistro \u200b\u201eOffener Treff\u201c"}]},{"@type":"WebSite","@id":"https:\/\/www.mehrgenerationenhaus-hassfurt.de\/mgh\/#website","url":"https:\/\/www.mehrgenerationenhaus-hassfurt.de\/mgh\/","name":"Mehrgenerationenhaus Ha\u00dffurt","description":"Mehrgenerationenhaus Ha\u00dffurt","publisher":{"@id":"https:\/\/www.mehrgenerationenhaus-hassfurt.de\/mgh\/#organization"},"potentialAction":[{"@type":"SearchAction","target":{"@type":"EntryPoint","urlTemplate":"https:\/\/www.mehrgenerationenhaus-hassfurt.de\/mgh\/?s={search_term_string}"},"query-input":{"@type":"PropertyValueSpecification","valueRequired":true,"valueName":"search_term_string"}}],"inLanguage":"de"},{"@type":"Organization","@id":"https:\/\/www.mehrgenerationenhaus-hassfurt.de\/mgh\/#organization","name":"Mehrgenerationenhaus Ha\u00dffurt","url":"https:\/\/www.mehrgenerationenhaus-hassfurt.de\/mgh\/","logo":{"@type":"ImageObject","inLanguage":"de","@id":"https:\/\/www.mehrgenerationenhaus-hassfurt.de\/mgh\/#\/schema\/logo\/image\/","url":"https:\/\/www.mehrgenerationenhaus-hassfurt.de\/mgh\/wp-cnt\/uploads\/MGH_Logo_2020_hassfurt-scaled.jpg","contentUrl":"https:\/\/www.mehrgenerationenhaus-hassfurt.de\/mgh\/wp-cnt\/uploads\/MGH_Logo_2020_hassfurt-scaled.jpg","width":2560,"height":1162,"caption":"Mehrgenerationenhaus Ha\u00dffurt"},"image":{"@id":"https:\/\/www.mehrgenerationenhaus-hassfurt.de\/mgh\/#\/schema\/logo\/image\/"},"sameAs":["https:\/\/de-de.facebook.com\/mehrgenerationenhausHAS\/"]}]}},"publishpress_future_workflow_manual_trigger":{"enabledWorkflows":[]},"_links":{"self":[{"href":"https:\/\/www.mehrgenerationenhaus-hassfurt.de\/mgh\/wp-json\/wp\/v2\/pages\/422","targetHints":{"allow":["GET"]}}],"collection":[{"href":"https:\/\/www.mehrgenerationenhaus-hassfurt.de\/mgh\/wp-json\/wp\/v2\/pages"}],"about":[{"href":"https:\/\/www.mehrgenerationenhaus-hassfurt.de\/mgh\/wp-json\/wp\/v2\/types\/page"}],"author":[{"embeddable":true,"href":"https:\/\/www.mehrgenerationenhaus-hassfurt.de\/mgh\/wp-json\/wp\/v2\/users\/3"}],"replies":[{"embeddable":true,"href":"https:\/\/www.mehrgenerationenhaus-hassfurt.de\/mgh\/wp-json\/wp\/v2\/comments?post=422"}],"version-history":[{"count":0,"href":"https:\/\/www.mehrgenerationenhaus-hassfurt.de\/mgh\/wp-json\/wp\/v2\/pages\/422\/revisions"}],"up":[{"embeddable":true,"href":"https:\/\/www.mehrgenerationenhaus-hassfurt.de\/mgh\/wp-json\/wp\/v2\/pages\/219"}],"wp:attachment":[{"href":"https:\/\/www.mehrgenerationenhaus-hassfurt.de\/mgh\/wp-json\/wp\/v2\/media?parent=422"}],"curies":[{"name":"wp","href":"https:\/\/api.w.org\/{rel}","templated":true}]}}