{"id":44594,"date":"2018-09-05T11:04:51","date_gmt":"2018-09-05T09:04:51","guid":{"rendered":"https:\/\/www.mehrgenerationenhaus-hassfurt.de\/mgh\/?p=44594"},"modified":"2021-04-12T15:52:33","modified_gmt":"2021-04-12T13:52:33","slug":"die-zahl","status":"publish","type":"page","link":"https:\/\/www.mehrgenerationenhaus-hassfurt.de\/mgh\/die-zahl\/","title":{"rendered":"Die Zahl \u2026"},"content":{"rendered":"<p style=\"text-align: center;\"><span style=\"font-size: 60pt; color: #0094d1;\">184.405<\/span><\/p>\n<p style=\"text-align: center;\">auf der Vor\u00adder\u00adsei\u00adte der Post\u00adkar\u00adte zum MGH-Jubil\u00e4um<br>\nsind die ge\u00adleis\u00adte\u00adten Ge\u00adsamt\u00adstun\u00adden der frei\u00adwil\u00adlig En\u00adga\u00adgier\u00adten des Mehr\u00adge\u00adne\u00adra\u00adtio\u00adnen\u00adhau\u00adses Ha\u00df\u00adfurt in zehn Jahren.<\/p>\n<p style=\"text-align: center;\">Mul\u00adti\u00adpli\u00adziert man die\u00adse do\u00adku\u00admen\u00adtier\u00adten Stun\u00adden mit dem der\u00adzei\u00adti\u00adgen Min\u00addest\u00adlohn von 8,84 Euro, er\u00adgibt sich die Zahl auf der R\u00fcckseite:<\/p>\n<p style=\"text-align: center;\"><span style=\"font-size: 60pt; color: #e60022;\">1.630.140<\/span><\/p>\n<p style=\"text-align: center;\"><strong>Dies ist der Be\u00adtrag, den die frei\u00adwil\u00adlig En\u00adga\u00adgier\u00adten des Mehr\u00adge\u00adne\u00adra\u00adtio\u00adnen\u00adhau\u00adses Ha\u00df\u00adfurt in zehn Jah\u00adren f\u00fcr das Ge\u00admein\u00adwohl er\u00adbracht haben.<\/strong><\/p>\n<p>&nbsp;<\/p>\n<hr>\n<p style=\"text-align: center;\"><strong><span style=\"font-size: 28pt; text-shadow: 2px 2px 2px white, 5px 5px 10px #0094d1, -2px -2px 2px yellow;\"><em><span style=\"color: #e60022; font-family: 'book antiqua', palatino, serif;\">Herz\u00adli\u00adchen&nbsp;Dank!<\/span><\/em><\/span><\/strong><\/p>\n<p><!-- [\/weaver_hide_if_mobile][weaver_show_if_mobile]\n\n<p><span style=\"font-size: 40pt; margin-top: 10px; color: #0094d1;\">184.405<\/span><\/p>\n\n\nauf der Vorderseite der Postkarte zum MGH-Jubil\u00e4um sind die geleisteten Gesamtstunden der freiwillig Engagierten des Mehrgenerationenhauses Ha\u00dffurt in zehn Jahren.<\/p>\n\n\nMultipliziert man diese dokumentierten Stunden mit dem derzeitigen Mindestlohn von 8,84 Euro, ergibt sich die Zahl auf der R\u00fcckseite:<\/p>\n\n\n\n\n<p><span style=\"font-size: 40pt; margin-top: 10px; color: #e60022;\">1.630.140<\/span><\/p>\n\n\n<strong>Dies ist der Betrag, den die freiwillig Engagierten des Mehrgenerationenhauses Ha\u00dffurt in zehn Jahren f\u00fcr das Gemeinwohl erbracht haben.<\/strong><\/p>\n\n\n\n&nbsp;\n\n\n<hr \/>\n\n\n\n\n\n<p><strong><span style=\"font-size: 20pt; text-shadow: 2px 2px 2px white, 5px 5px 10px #0094d1, -2px -2px 2px yellow;\"><em><span style=\"color: #e60022; font-family: 'book antiqua', palatino, serif;\">Herzlichen Dank!<\/span><\/em><\/span><\/strong><\/p>\n\n\n[\/weaver_show_if_mobile] --><\/p>\n<hr>\n<p>&nbsp;<\/p>\n<p><strong>Links zum Ju\u00adbi\u00adl\u00e4\u00adum <span class=\"push-double\"><\/span>\u200b<span class=\"pull-double\">\u201e<\/span>10 Jah\u00adre Mehr\u00adge\u00adne\u00adra\u00adtio\u00adnen\u00adhaus Ha\u00dffurt\u201c:<\/strong><\/p>\n<ul style=\"list-style-type: '\u2192 &nbsp;';\">\n<li>Pres\u00adse\u00adar\u00adti\u00adkel: <a href=\"https:\/\/www.mehrgenerationenhaus-hassfurt.de\/mgh\/markt-der-moeglichkeiten\/\">Ein Markt der M\u00f6g\u00adlich\u00adkei\u00adten mit\u00adten in der Stadt<\/a> (Ul\u00adri\u00adke Langer)<\/li>\n<li><a href=\"https:\/\/www.mehrgenerationenhaus-hassfurt.de\/mgh\/stimmen-zum-mgh\/ein-haus-voller-leben-laudatio-von-prof-dr-detlef-krueger\/\">Lau\u00adda\u00adtio von Prof. Dr. Det\u00adlef Kr\u00fcger<\/a><\/li>\n<li><a href=\"https:\/\/www.mehrgenerationenhaus-hassfurt.de\/mgh\/stimmen-zum-mgh\/jubilaeumsgrusswort-des-buergermeisters-guenther-werner\/\">Ju\u00adbi\u00adl\u00e4\u00adums-Gru\u00df\u00adwort des B\u00fcr\u00adger\u00admeis\u00adters G\u00fcn\u00adther Werner<\/a><\/li>\n<li><a href=\"https:\/\/www.mehrgenerationenhaus-hassfurt.de\/mgh\/grusswort-brk-praesident-theo-zellner\">Gru\u00df\u00adwort: BRK-Pr\u00e4\u00adsi\u00addent Theo Zellner&nbsp;<\/a><\/li>\n<li>Vi\u00addeo zum Ju\u00adbi\u00adl\u00e4\u00adum: <a href=\"https:\/\/www.mehrgenerationenhaus-hassfurt.de\/mgh\/unser-mgh-film\/\"><span class=\"push-double\"><\/span>\u200b<span class=\"pull-double\">\u201e<\/span>Un\u00adser MGH-Film\u201c<\/a> (Ren\u00e9 Ruprecht)<\/li>\n<li>Vi\u00addeo-Gr\u00fc\u00ad\u00dfe der En\u00adga\u00adgier\u00adten: <a href=\" https:\/\/www.mehrgenerationenhaus-hassfurt.de\/mgh\/danke-fuer-10-jahre-mgh\/\"><span class=\"push-double\"><\/span>\u200b<span class=\"pull-double\">\u201e<\/span>Dan\u00adke f\u00fcr 10 Jah\u00adre MGH\u201c<\/a> (Ren\u00e9 Ruprecht)<\/li>\n<li><a href=\"https:\/\/www.mehrgenerationenhaus-hassfurt.de\/mgh\/wp-cnt\/uploads\/MGH_10Jahre_Brosch_ly09.pdf\" target=\"_blank\" rel=\"noopener noreferrer\">Bro\u00adsch\u00fc\u00adre zum Ju\u00adbi\u00adl\u00e4\u00adum<\/a> (PDF)<\/li>\n<li>Mit\u00adschnitt Ra\u00addio\u00adbei\u00adtrag <span class=\"push-double\"><\/span>\u200b<span class=\"pull-double\">\u201e<\/span><a href=\"https:\/\/www.mehrgenerationenhaus-hassfurt.de\/anim\/primaton_mgh_jubi.mp3\" rel=\"noopener noreferrer\" target=\"_blank\">Ra\u00addio Pri\u00adma\u00adton gra\u00adtu\u00adliert zum MGH-Ju\u00adbi\u00adl\u00e4\u00adum<\/a>\u201c<\/li>\n<p><!-- \n\n<li><a href=\"https:\/\/www.mehrgenerationenhaus-hassfurt.de\/mgh\/bundesinnenminister-horst-seehofer-gratuliert\">Jubil\u00e4ums-Gru\u00dfwort von Bundesinnenminister Horst Seehofer<\/a><\/li>\n\n\n\n\n<li><a href=\"https:\/\/www.mehrgenerationenhaus-hassfurt.de\/mgh\/markus-soeder-gratuliert-per-video\/\">Video zum Jubil\u00e4um-Gru\u00df des Bayerischen Ministerpr\u00e4sidenten Markus S\u00f6der zum MGH-Jubil\u00e4um<\/a><\/li>\n\n -->\n<\/p><\/ul>\n","protected":false},"excerpt":{"rendered":"<p>184.405 auf der Vor\u00adder\u00adsei\u00adte der Post\u00adkar\u00adte zum MGH-Ju\u00adbi\u00adl\u00e4\u00adum sind die ge\u00adleis\u00adte\u00adten Ge\u00adsamt\u00adstun\u00adden der frei\u00adwil\u00adlig En\u00adga\u00adgier\u00adten des Mehr\u00adge\u00adne\u00adra\u00adtio\u00adnen\u00adhau\u00adses Ha\u00df\u00adfurt in zehn Jah\u00adren. Mul\u00adti\u00adpli\u00adziert man die\u00adse do\u00adku\u00admen\u00adtier\u00adten Stun\u00adden mit dem der\u00adzei\u00adti\u00adgen Min\u00addest\u00adlohn von 8,84 Euro, er\u00adgibt sich die Zahl auf der R\u00fcck\u00adsei\u00adte: 1.630.140 Dies ist der Be\u00adtrag, den die frei\u00adwil\u00adlig En\u00adga\u00adgier\u00adten des Mehr\u00adge\u00adne\u00adra\u00adtio\u00adnen\u00adhau\u00adses Ha\u00df\u00adfurt in zehn Jahren&nbsp;<\/p>\n<p class=\"excerpt-link\"><a class=\"read-more\" href=\"https:\/\/www.mehrgenerationenhaus-hassfurt.de\/mgh\/die-zahl\/\">Read More \u2192<\/a><\/p>\n","protected":false},"author":3,"featured_media":0,"parent":0,"menu_order":0,"comment_status":"closed","ping_status":"closed","template":"","meta":{"inline_featured_image":false,"wp_typography_post_enhancements_disabled":false,"_mc_calendar":[],"footnotes":""},"class_list":["post-44594","page","type-page","status-publish","hentry"],"yoast_head":"<!-- This site is optimized with the Yoast SEO plugin v27.3 - https:\/\/yoast.com\/product\/yoast-seo-wordpress\/ -->\n<title>Die Zahl ... zum Jubi\u00e4um | Mehrgenerationenhaus Ha\u00dffurt<\/title>\n<meta name=\"description\" content=\"Die Zahl - die Postkarte zum 10j\u00e4hrigen Jubil\u00e4um. Darauf zu lesen: Die Zahl 184405 und die Zahl 1630140. Was hat es damit auf sich?\" \/>\n<meta name=\"robots\" content=\"index, follow, max-snippet:-1, max-image-preview:large, max-video-preview:-1\" \/>\n<link rel=\"canonical\" href=\"https:\/\/www.mehrgenerationenhaus-hassfurt.de\/mgh\/die-zahl\/\" \/>\n<meta property=\"og:locale\" content=\"de_DE\" \/>\n<meta property=\"og:type\" content=\"article\" \/>\n<meta property=\"og:title\" content=\"Die Zahl ... zum Jubi\u00e4um | Mehrgenerationenhaus Ha\u00dffurt\" \/>\n<meta property=\"og:description\" content=\"Die Zahl - die Postkarte zum 10j\u00e4hrigen Jubil\u00e4um. Darauf zu lesen: Die Zahl 184405 und die Zahl 1630140. Was hat es damit auf sich?\" \/>\n<meta property=\"og:url\" content=\"https:\/\/www.mehrgenerationenhaus-hassfurt.de\/mgh\/die-zahl\/\" \/>\n<meta property=\"og:site_name\" content=\"Mehrgenerationenhaus Ha\u00dffurt\" \/>\n<meta property=\"article:publisher\" content=\"https:\/\/de-de.facebook.com\/mehrgenerationenhausHAS\/\" \/>\n<meta property=\"article:modified_time\" content=\"2021-04-12T13:52:33+00:00\" \/>\n<!-- \/ Yoast SEO plugin. -->","yoast_head_json":{"title":"Die Zahl ... zum Jubi\u00e4um | Mehrgenerationenhaus Ha\u00dffurt","description":"Die Zahl - die Postkarte zum 10j\u00e4hrigen Jubil\u00e4um. Darauf zu lesen: Die Zahl 184405 und die Zahl 1630140. Was hat es damit auf sich?","robots":{"index":"index","follow":"follow","max-snippet":"max-snippet:-1","max-image-preview":"max-image-preview:large","max-video-preview":"max-video-preview:-1"},"canonical":"https:\/\/www.mehrgenerationenhaus-hassfurt.de\/mgh\/die-zahl\/","og_locale":"de_DE","og_type":"article","og_title":"Die Zahl ... zum Jubi\u00e4um | Mehrgenerationenhaus Ha\u00dffurt","og_description":"Die Zahl - die Postkarte zum 10j\u00e4hrigen Jubil\u00e4um. Darauf zu lesen: Die Zahl 184405 und die Zahl 1630140. Was hat es damit auf sich?","og_url":"https:\/\/www.mehrgenerationenhaus-hassfurt.de\/mgh\/die-zahl\/","og_site_name":"Mehrgenerationenhaus Ha\u00dffurt","article_publisher":"https:\/\/de-de.facebook.com\/mehrgenerationenhausHAS\/","article_modified_time":"2021-04-12T13:52:33+00:00","schema":{"@context":"https:\/\/schema.org","@graph":[{"@type":"WebPage","@id":"https:\/\/www.mehrgenerationenhaus-hassfurt.de\/mgh\/die-zahl\/","url":"https:\/\/www.mehrgenerationenhaus-hassfurt.de\/mgh\/die-zahl\/","name":"Die Zahl ... zum Jubi\u00e4um | Mehrgenerationenhaus Ha\u00dffurt","isPartOf":{"@id":"https:\/\/www.mehrgenerationenhaus-hassfurt.de\/mgh\/#website"},"datePublished":"2018-09-05T09:04:51+00:00","dateModified":"2021-04-12T13:52:33+00:00","description":"Die Zahl - die Postkarte zum 10j\u00e4hrigen Jubil\u00e4um. Darauf zu lesen: Die Zahl 184405 und die Zahl 1630140. Was hat es damit auf sich?","breadcrumb":{"@id":"https:\/\/www.mehrgenerationenhaus-hassfurt.de\/mgh\/die-zahl\/#breadcrumb"},"inLanguage":"de","potentialAction":[{"@type":"ReadAction","target":["https:\/\/www.mehrgenerationenhaus-hassfurt.de\/mgh\/die-zahl\/"]}]},{"@type":"BreadcrumbList","@id":"https:\/\/www.mehrgenerationenhaus-hassfurt.de\/mgh\/die-zahl\/#breadcrumb","itemListElement":[{"@type":"ListItem","position":1,"name":"Startseite","item":"https:\/\/www.mehrgenerationenhaus-hassfurt.de\/mgh\/"},{"@type":"ListItem","position":2,"name":"Die Zahl \u2026"}]},{"@type":"WebSite","@id":"https:\/\/www.mehrgenerationenhaus-hassfurt.de\/mgh\/#website","url":"https:\/\/www.mehrgenerationenhaus-hassfurt.de\/mgh\/","name":"Mehrgenerationenhaus Ha\u00dffurt","description":"Mehrgenerationenhaus Ha\u00dffurt","publisher":{"@id":"https:\/\/www.mehrgenerationenhaus-hassfurt.de\/mgh\/#organization"},"potentialAction":[{"@type":"SearchAction","target":{"@type":"EntryPoint","urlTemplate":"https:\/\/www.mehrgenerationenhaus-hassfurt.de\/mgh\/?s={search_term_string}"},"query-input":{"@type":"PropertyValueSpecification","valueRequired":true,"valueName":"search_term_string"}}],"inLanguage":"de"},{"@type":"Organization","@id":"https:\/\/www.mehrgenerationenhaus-hassfurt.de\/mgh\/#organization","name":"Mehrgenerationenhaus Ha\u00dffurt","url":"https:\/\/www.mehrgenerationenhaus-hassfurt.de\/mgh\/","logo":{"@type":"ImageObject","inLanguage":"de","@id":"https:\/\/www.mehrgenerationenhaus-hassfurt.de\/mgh\/#\/schema\/logo\/image\/","url":"https:\/\/www.mehrgenerationenhaus-hassfurt.de\/mgh\/wp-cnt\/uploads\/MGH_Logo_2020_hassfurt-scaled.jpg","contentUrl":"https:\/\/www.mehrgenerationenhaus-hassfurt.de\/mgh\/wp-cnt\/uploads\/MGH_Logo_2020_hassfurt-scaled.jpg","width":2560,"height":1162,"caption":"Mehrgenerationenhaus Ha\u00dffurt"},"image":{"@id":"https:\/\/www.mehrgenerationenhaus-hassfurt.de\/mgh\/#\/schema\/logo\/image\/"},"sameAs":["https:\/\/de-de.facebook.com\/mehrgenerationenhausHAS\/"]}]}},"publishpress_future_workflow_manual_trigger":{"enabledWorkflows":[]},"_links":{"self":[{"href":"https:\/\/www.mehrgenerationenhaus-hassfurt.de\/mgh\/wp-json\/wp\/v2\/pages\/44594","targetHints":{"allow":["GET"]}}],"collection":[{"href":"https:\/\/www.mehrgenerationenhaus-hassfurt.de\/mgh\/wp-json\/wp\/v2\/pages"}],"about":[{"href":"https:\/\/www.mehrgenerationenhaus-hassfurt.de\/mgh\/wp-json\/wp\/v2\/types\/page"}],"author":[{"embeddable":true,"href":"https:\/\/www.mehrgenerationenhaus-hassfurt.de\/mgh\/wp-json\/wp\/v2\/users\/3"}],"replies":[{"embeddable":true,"href":"https:\/\/www.mehrgenerationenhaus-hassfurt.de\/mgh\/wp-json\/wp\/v2\/comments?post=44594"}],"version-history":[{"count":0,"href":"https:\/\/www.mehrgenerationenhaus-hassfurt.de\/mgh\/wp-json\/wp\/v2\/pages\/44594\/revisions"}],"wp:attachment":[{"href":"https:\/\/www.mehrgenerationenhaus-hassfurt.de\/mgh\/wp-json\/wp\/v2\/media?parent=44594"}],"curies":[{"name":"wp","href":"https:\/\/api.w.org\/{rel}","templated":true}]}}