{"id":45573,"date":"2019-01-24T16:42:40","date_gmt":"2019-01-24T15:42:40","guid":{"rendered":"https:\/\/www.mehrgenerationenhaus-hassfurt.de\/mgh\/?page_id=45573"},"modified":"2021-11-25T14:39:00","modified_gmt":"2021-11-25T13:39:00","slug":"druckwerkstatt","status":"publish","type":"page","link":"https:\/\/www.mehrgenerationenhaus-hassfurt.de\/mgh\/angebote\/druckwerkstatt\/","title":{"rendered":"DruckWERKstatt"},"content":{"rendered":"<p><img loading=\"lazy\" decoding=\"async\" src=\"https:\/\/www.mehrgenerationenhaus-hassfurt.de\/mgh\/wp-cnt\/uploads\/druckwerkstatt_c580.jpg\" alt=\"DruckWERKstatt\" width=\"580\" height=\"125\" class=\"alignnone size-full wp-image-51057\" srcset=\"https:\/\/www.mehrgenerationenhaus-hassfurt.de\/mgh\/wp-cnt\/uploads\/druckwerkstatt_c580.jpg 580w, https:\/\/www.mehrgenerationenhaus-hassfurt.de\/mgh\/wp-cnt\/uploads\/druckwerkstatt_c580-300x65.jpg 300w\" sizes=\"auto, (max-width: 580px) 100vw, 580px\"><\/p>\n<p>In un\u00adse\u00adrer Druck\u00adWERK\u00adstatt er\u00adm\u00f6g\u00adli\u00adchen wir B\u00fcr\u00adge\u00adrin\u00adnen und B\u00fcr\u00adgern al\u00adler Ge\u00adne\u00adra\u00adtio\u00adnen, in die Ar\u00adbeit mit dem 3D-Dru\u00adcker hin\u00adein\u00adzu\u00adschnup\u00adpern und Neu\u00ades zu lernen.&nbsp;<\/p>\n<p>Beim 3D-Druck wer\u00adden mit Hil\u00adfe ei\u00adner so\u00adge\u00adnann\u00adten CAD-An\u00adwen\u00addung, ei\u00adnem Pro\u00adgramm zur Er\u00adstel\u00adlung von Ent\u00adw\u00fcr\u00adfen, Kon\u00adstruk\u00adtio\u00adnen und tech\u00adni\u00adsche Zeich\u00adnun\u00adgen am Com\u00adpu\u00adter 3D-Ob\u00adjek\u00adte er\u00adstellt, wel\u00adche an\u00adschlie\u00ad\u00dfend mit dem Dru\u00adcker vor Ort pro\u00addu\u00adziert werden.<\/p>\n<p>Nach vor\u00adhe\u00adri\u00adger Ter\u00admin\u00adver\u00adein\u00adba\u00adrung steht un\u00adse\u00adre Druck\u00adWERK\u00adstatt In\u00adter\u00ades\u00adsier\u00adten zur selbst\u00adst\u00e4n\u00addi\u00adgen Nut\u00adzung zur Ver\u00adf\u00fc\u00adgung, so\u00addass ei\u00adge\u00adne Ob\u00adjek\u00adte her\u00adge\u00adstellt wer\u00adden k\u00f6n\u00adnen. Der Krea\u00adti\u00advi\u00adt\u00e4t sind hier\u00adbei kei\u00adne Gren\u00adzen gesetzt.&nbsp;<\/p>\n<p>Wird zur Ver\u00adwen\u00addung des Dru\u00adckers eine pro\u00adfes\u00adsio\u00adnel\u00adle An\u00adlei\u00adtung be\u00adn\u00f6\u00adtigt, so steht nach Ab\u00adspra\u00adche ein frei\u00adwil\u00adlig en\u00adga\u00adgier\u00adter Tech\u00adnik\u00adlot\u00adse, der den 3D-Druck ein\u00adfach und kom\u00adpe\u00adtent er\u00adkl\u00e4\u00adren kann, be\u00adra\u00adtend und un\u00adter\u00adst\u00fct\u00adzend zur Seite.<\/p>\n<p><!-- In unregelm\u00e4\u00dfigen Abst\u00e4nden finden im Rahmen unserer DruckWERKstatt auch Projekte statt, die weitaus mehr zu bieten haben, als sich vielleicht auf den ersten Blick vermuten l\u00e4sst. So drehte sich der Workshop \u201eBoys&Girls@Work3D\u201c nicht nur um die kreative Ideenfindung und den spielerischen Entwurf von Objekten, sondern auch um die Vermittlung der Anwendung von CAD-Software zur Objektmodellierung, die Entwicklung eigener Probleml\u00f6sungsstrategien, die F\u00f6rderung autodidaktischer F\u00e4higkeiten sowie die Erzeugung von Objekten mit dem 3D-Drucker. --><\/p>\n<h2>Lust auf Engagement?<br>\nDann geben Sie Ihr Technikwissen weiter:<\/h2>\n<p><img loading=\"lazy\" decoding=\"async\" src=\"https:\/\/www.mehrgenerationenhaus-hassfurt.de\/mgh\/wp-cnt\/uploads\/MuT-Logo-200.jpg\" alt=\"\u201eMuT\u201c ist ein Akronym f\u00fcr \u201eMedien und Technik\u201c und soll gleichzeitig die Offenheit ausdr\u00fccken, auch im h\u00f6heren Alter noch neue Kompetenzen zum Umgang mit digitalen Medien zu erlernen . \u201eMuT-Punkte\u201c sollen als gemeinsame Dachmarke f\u00fcr Anlaufstellen mit entsprechenden Angeboten etabliert werden.\" width=\"200\" height=\"157\" class=\"alignright size-full wp-image-48955\"><\/p>\n<ul>\n<li style=\"font-size: 16px;\">Wir sind auf der Su\u00adche nach en\u00adga\u00adgier\u00adten Men\u00adschen, die ihr Wis\u00adsen rund um den 3D-Druck an in\u00adter\u00ades\u00adsier\u00adte B\u00fcr\u00adge\u00adrin\u00adnen und B\u00fcr\u00adger al\u00adler Ge\u00adne\u00adra\u00adtio\u00adnen wei\u00adter\u00adge\u00adben m\u00f6chten<\/li>\n<li style=\"font-size: 16px;\">Mel\u00adden Sie sich beim MGH-Team f\u00fcr ein ge\u00adgen\u00adsei\u00adti\u00adges Kennenlernen<\/li>\n<li style=\"font-size: 16px;\">Ge\u00adstal\u00adten Sie die Druck\u00adWERK\u00adstatt mit und tra\u00adgen Sie zum frei\u00adwil\u00adli\u00adgen En\u00adga\u00adge\u00adment&nbsp;bei<\/li>\n<\/ul>\n<div>\n<table>\n<tbody>\n<tr>\n<th align=\"left\" valign=\"top\">Wo<\/th>\n<td class=\"cellgray\">Mehr\u00adge\u00adne\u00adra\u00adtio\u00adnen\u00adhaus Ha\u00dffurt<br>\nDach\u00adge\u00adschoss \u2013 Computerinsel<br>\nMarkt\u00adplatz 10<br>\n97437 Ha\u00dffurt<\/td>\n<\/tr>\n<tr>\n<th align=\"left\" valign=\"top\">Wann<\/th>\n<td class=\"cellgray\">Ter\u00admi\u00adne k\u00f6n\u00adnen im Mehr\u00adge\u00adne\u00adra\u00adtio\u00adnen\u00adhaus an\u00adge\u00adfragt werden.&nbsp;<!-- <strong>genaue Termine siehe <span style=\"color: #000000;\"><a title=\"Veranstaltungskalender\" href=\"https:\/\/www.mehrgenerationenhaus-hassfurt.de\/mgh\/kalender\/\"><span style=\"color: #000000;\">Veranstaltungskalender<\/span><\/a><\/span><\/strong>--><\/td>\n<\/tr>\n<tr>\n<th align=\"left\" valign=\"top\">An\u00admel\u00addung\n<\/th><td class=\"cellgray\" align=\"left\" valign=\"top\" width=\"430\">An\u00admel\u00addung zur Ter\u00admin\u00adver\u00adein\u00adba\u00adrung er\u00adfor\u00adder\u00adlich: Tel. 09521\u2013952825\u20110<\/td>\n<\/tr>\n<tr>\n<th align=\"left\" valign=\"top\">Kos\u00adten\n<\/th><td class=\"cellgray\" align=\"left\" valign=\"top\" width=\"430\">Kei\u00adne<\/td>\n<\/tr>\n<\/tbody>\n<\/table>\n<\/div>\n","protected":false},"excerpt":{"rendered":"<p>In un\u00adse\u00adrer Druck\u00adWERK\u00adstatt er\u00adm\u00f6g\u00adli\u00adchen wir B\u00fcr\u00adge\u00adrin\u00adnen und B\u00fcr\u00adgern al\u00adler Ge\u00adne\u00adra\u00adtio\u00adnen, in die Ar\u00adbeit mit dem 3D-Dru\u00ad\u00adcker hin\u00adein\u00adzu\u00adschnup\u00adpern und Neu\u00ades zu ler\u00adnen.&nbsp; Beim 3D-Druck wer\u00adden mit Hil\u00adfe ei\u00adner so\u00adge\u00adnann\u00adten CAD-An\u00ad\u00adwen\u00ad\u00addung, ei\u00adnem Pro\u00adgramm zur Er\u00adstel\u00adlung von Ent\u00adw\u00fcr\u00adfen, Kon\u00adstruk\u00adtio\u00adnen und tech\u00adni\u00adsche Zeich\u00adnun\u00adgen am Com\u00adpu\u00adter 3D-Ob\u00ad\u00adjek\u00ad\u00adte er\u00adstellt, wel\u00adche an\u00adschlie\u00ad\u00dfend mit dem Dru\u00adcker vor Ort pro\u00addu\u00adziert wer\u00adden. Nach vor\u00adhe\u00adri\u00adger Terminvereinbarung&nbsp;<\/p>\n<p class=\"excerpt-link\"><a class=\"read-more\" href=\"https:\/\/www.mehrgenerationenhaus-hassfurt.de\/mgh\/angebote\/druckwerkstatt\/\">Read More \u2192<\/a><\/p>\n","protected":false},"author":3,"featured_media":6609,"parent":219,"menu_order":0,"comment_status":"closed","ping_status":"closed","template":"","meta":{"inline_featured_image":false,"wp_typography_post_enhancements_disabled":false,"_mc_calendar":[],"footnotes":""},"class_list":["post-45573","page","type-page","status-publish","has-post-thumbnail","hentry"],"yoast_head":"<!-- This site is optimized with the Yoast SEO plugin v27.3 - https:\/\/yoast.com\/product\/yoast-seo-wordpress\/ -->\n<title>DruckWERKstatt | Mehrgenerationenhaus Ha\u00dffurt<\/title>\n<meta name=\"description\" content=\"DruckWERKstatt: Interessierten aller Generationen stehen bei der Arbeit mit dem 3D-Drucker kompetente freiwillig Engagierte als Medien- und Techniklotsen ...\" \/>\n<meta name=\"robots\" content=\"index, follow, max-snippet:-1, max-image-preview:large, max-video-preview:-1\" \/>\n<link rel=\"canonical\" href=\"https:\/\/www.mehrgenerationenhaus-hassfurt.de\/mgh\/angebote\/druckwerkstatt\/\" \/>\n<meta property=\"og:locale\" content=\"de_DE\" \/>\n<meta property=\"og:type\" content=\"article\" \/>\n<meta property=\"og:title\" content=\"DruckWERKstatt | Mehrgenerationenhaus Ha\u00dffurt\" \/>\n<meta property=\"og:description\" content=\"DruckWERKstatt: Interessierten aller Generationen stehen bei der Arbeit mit dem 3D-Drucker kompetente freiwillig Engagierte als Medien- und Techniklotsen ...\" \/>\n<meta property=\"og:url\" content=\"https:\/\/www.mehrgenerationenhaus-hassfurt.de\/mgh\/angebote\/druckwerkstatt\/\" \/>\n<meta property=\"og:site_name\" content=\"Mehrgenerationenhaus Ha\u00dffurt\" \/>\n<meta property=\"article:publisher\" content=\"https:\/\/de-de.facebook.com\/mehrgenerationenhausHAS\/\" \/>\n<meta property=\"article:modified_time\" content=\"2021-11-25T13:39:00+00:00\" \/>\n<!-- \/ Yoast SEO plugin. -->","yoast_head_json":{"title":"DruckWERKstatt | Mehrgenerationenhaus Ha\u00dffurt","description":"DruckWERKstatt: Interessierten aller Generationen stehen bei der Arbeit mit dem 3D-Drucker kompetente freiwillig Engagierte als Medien- und Techniklotsen ...","robots":{"index":"index","follow":"follow","max-snippet":"max-snippet:-1","max-image-preview":"max-image-preview:large","max-video-preview":"max-video-preview:-1"},"canonical":"https:\/\/www.mehrgenerationenhaus-hassfurt.de\/mgh\/angebote\/druckwerkstatt\/","og_locale":"de_DE","og_type":"article","og_title":"DruckWERKstatt | Mehrgenerationenhaus Ha\u00dffurt","og_description":"DruckWERKstatt: Interessierten aller Generationen stehen bei der Arbeit mit dem 3D-Drucker kompetente freiwillig Engagierte als Medien- und Techniklotsen ...","og_url":"https:\/\/www.mehrgenerationenhaus-hassfurt.de\/mgh\/angebote\/druckwerkstatt\/","og_site_name":"Mehrgenerationenhaus Ha\u00dffurt","article_publisher":"https:\/\/de-de.facebook.com\/mehrgenerationenhausHAS\/","article_modified_time":"2021-11-25T13:39:00+00:00","schema":{"@context":"https:\/\/schema.org","@graph":[{"@type":"WebPage","@id":"https:\/\/www.mehrgenerationenhaus-hassfurt.de\/mgh\/angebote\/druckwerkstatt\/","url":"https:\/\/www.mehrgenerationenhaus-hassfurt.de\/mgh\/angebote\/druckwerkstatt\/","name":"DruckWERKstatt | Mehrgenerationenhaus Ha\u00dffurt","isPartOf":{"@id":"https:\/\/www.mehrgenerationenhaus-hassfurt.de\/mgh\/#website"},"primaryImageOfPage":{"@id":"https:\/\/www.mehrgenerationenhaus-hassfurt.de\/mgh\/angebote\/druckwerkstatt\/#primaryimage"},"image":{"@id":"https:\/\/www.mehrgenerationenhaus-hassfurt.de\/mgh\/angebote\/druckwerkstatt\/#primaryimage"},"thumbnailUrl":"","datePublished":"2019-01-24T15:42:40+00:00","dateModified":"2021-11-25T13:39:00+00:00","description":"DruckWERKstatt: Interessierten aller Generationen stehen bei der Arbeit mit dem 3D-Drucker kompetente freiwillig Engagierte als Medien- und Techniklotsen ...","breadcrumb":{"@id":"https:\/\/www.mehrgenerationenhaus-hassfurt.de\/mgh\/angebote\/druckwerkstatt\/#breadcrumb"},"inLanguage":"de","potentialAction":[{"@type":"ReadAction","target":["https:\/\/www.mehrgenerationenhaus-hassfurt.de\/mgh\/angebote\/druckwerkstatt\/"]}]},{"@type":"ImageObject","inLanguage":"de","@id":"https:\/\/www.mehrgenerationenhaus-hassfurt.de\/mgh\/angebote\/druckwerkstatt\/#primaryimage","url":"","contentUrl":""},{"@type":"BreadcrumbList","@id":"https:\/\/www.mehrgenerationenhaus-hassfurt.de\/mgh\/angebote\/druckwerkstatt\/#breadcrumb","itemListElement":[{"@type":"ListItem","position":1,"name":"Startseite","item":"https:\/\/www.mehrgenerationenhaus-hassfurt.de\/mgh\/"},{"@type":"ListItem","position":2,"name":"Angebote und Dienstleistungen","item":"https:\/\/www.mehrgenerationenhaus-hassfurt.de\/mgh\/angebote\/"},{"@type":"ListItem","position":3,"name":"DruckWERKstatt"}]},{"@type":"WebSite","@id":"https:\/\/www.mehrgenerationenhaus-hassfurt.de\/mgh\/#website","url":"https:\/\/www.mehrgenerationenhaus-hassfurt.de\/mgh\/","name":"Mehrgenerationenhaus Ha\u00dffurt","description":"Mehrgenerationenhaus Ha\u00dffurt","publisher":{"@id":"https:\/\/www.mehrgenerationenhaus-hassfurt.de\/mgh\/#organization"},"potentialAction":[{"@type":"SearchAction","target":{"@type":"EntryPoint","urlTemplate":"https:\/\/www.mehrgenerationenhaus-hassfurt.de\/mgh\/?s={search_term_string}"},"query-input":{"@type":"PropertyValueSpecification","valueRequired":true,"valueName":"search_term_string"}}],"inLanguage":"de"},{"@type":"Organization","@id":"https:\/\/www.mehrgenerationenhaus-hassfurt.de\/mgh\/#organization","name":"Mehrgenerationenhaus Ha\u00dffurt","url":"https:\/\/www.mehrgenerationenhaus-hassfurt.de\/mgh\/","logo":{"@type":"ImageObject","inLanguage":"de","@id":"https:\/\/www.mehrgenerationenhaus-hassfurt.de\/mgh\/#\/schema\/logo\/image\/","url":"https:\/\/www.mehrgenerationenhaus-hassfurt.de\/mgh\/wp-cnt\/uploads\/MGH_Logo_2020_hassfurt-scaled.jpg","contentUrl":"https:\/\/www.mehrgenerationenhaus-hassfurt.de\/mgh\/wp-cnt\/uploads\/MGH_Logo_2020_hassfurt-scaled.jpg","width":2560,"height":1162,"caption":"Mehrgenerationenhaus Ha\u00dffurt"},"image":{"@id":"https:\/\/www.mehrgenerationenhaus-hassfurt.de\/mgh\/#\/schema\/logo\/image\/"},"sameAs":["https:\/\/de-de.facebook.com\/mehrgenerationenhausHAS\/"]}]}},"publishpress_future_workflow_manual_trigger":{"enabledWorkflows":[]},"_links":{"self":[{"href":"https:\/\/www.mehrgenerationenhaus-hassfurt.de\/mgh\/wp-json\/wp\/v2\/pages\/45573","targetHints":{"allow":["GET"]}}],"collection":[{"href":"https:\/\/www.mehrgenerationenhaus-hassfurt.de\/mgh\/wp-json\/wp\/v2\/pages"}],"about":[{"href":"https:\/\/www.mehrgenerationenhaus-hassfurt.de\/mgh\/wp-json\/wp\/v2\/types\/page"}],"author":[{"embeddable":true,"href":"https:\/\/www.mehrgenerationenhaus-hassfurt.de\/mgh\/wp-json\/wp\/v2\/users\/3"}],"replies":[{"embeddable":true,"href":"https:\/\/www.mehrgenerationenhaus-hassfurt.de\/mgh\/wp-json\/wp\/v2\/comments?post=45573"}],"version-history":[{"count":0,"href":"https:\/\/www.mehrgenerationenhaus-hassfurt.de\/mgh\/wp-json\/wp\/v2\/pages\/45573\/revisions"}],"up":[{"embeddable":true,"href":"https:\/\/www.mehrgenerationenhaus-hassfurt.de\/mgh\/wp-json\/wp\/v2\/pages\/219"}],"wp:featuredmedia":[{"embeddable":true,"href":"https:\/\/www.mehrgenerationenhaus-hassfurt.de\/mgh\/wp-json\/"}],"wp:attachment":[{"href":"https:\/\/www.mehrgenerationenhaus-hassfurt.de\/mgh\/wp-json\/wp\/v2\/media?parent=45573"}],"curies":[{"name":"wp","href":"https:\/\/api.w.org\/{rel}","templated":true}]}}