{"id":46916,"date":"2019-05-13T01:25:42","date_gmt":"2019-05-12T23:25:42","guid":{"rendered":"https:\/\/www.mehrgenerationenhaus-hassfurt.de\/mgh\/?page_id=46916"},"modified":"2021-01-26T22:24:20","modified_gmt":"2021-01-26T21:24:20","slug":"doula-geburtsbegleiterin","status":"publish","type":"page","link":"https:\/\/www.mehrgenerationenhaus-hassfurt.de\/mgh\/angebote\/doula-geburtsbegleiterin\/","title":{"rendered":"Vermittlung einer Doula\/\u200bGeburtsbegleiterin &amp; Eltern-Kind-Coach"},"content":{"rendered":"<h4>Steffi Wohlleben aus Ha\u00dffurt verst\u00e4rkt das ehrenamtliche Expertennetzwerk des Mehrgenerationenhauses Ha\u00dffurt als Doula\/\u200bGeburtsbegleiterin und Eltern-Kind-Coach.<\/h4>\n<p><strong>Stef\u00adfi Wohl\u00adle\u00adben ist Kin\u00adder\u00adkran\u00adken\u00adschwes\u00adter, aus\u00adge\u00adbil\u00adde\u00adte Dou\u00adla und El\u00adtern-Kind-Coach im Raum Ha\u00dffurt.<\/strong><\/p>\n<p>Dou\u00adlas, auch Ge\u00adburts\u00adbe\u00adglei\u00adte\u00adrin ge\u00adnannt, be\u00adglei\u00adten schwan\u00adge\u00adre Frau\u00aden und ihre Fa\u00admi\u00adli\u00aden durch die Schwan\u00adger\u00adschaft, Ge\u00adburt und im Wo\u00adchen\u00adbett. W\u00e4h\u00adrend die\u00adser be\u00adson\u00adde\u00adren Le\u00adbens\u00adpha\u00adse steht eine Dou\u00adla den El\u00adtern in\u00addi\u00advi\u00addu\u00adell, acht\u00adsam und wert\u00adfrei zur Sei\u00adte. Sie in\u00adfor\u00admiert, st\u00e4rkt die Ei\u00adgen\u00adkom\u00adpe\u00adtenz, ver\u00admit\u00adtelt Ver\u00adtrau\u00aden und er\u00adin\u00adnert an die na\u00adtur\u00adge\u00adge\u00adbe\u00adne Intuition.&nbsp;<\/p>\n<p>Eine Dou\u00adla er\u00adsetzt nie\u00admals eine Heb\u00adam\u00adme, son\u00addern bie\u00adtet eine wert\u00advol\u00adle Er\u00adg\u00e4n\u00adzung f\u00fcr de\u00adren Arbeit.<\/p>\n<p>Ge\u00adbur\u00adten mit Dou\u00adlas ver\u00adlau\u00adfen oft schnel\u00adler, es gibt we\u00adni\u00adger Kom\u00adpli\u00adka\u00adtio\u00adnen, we\u00adni\u00adger Kai\u00adser\u00adschnit\u00adte und eine bes\u00adse\u00adre El\u00adtern-Kind-Bin\u00addung. Stef\u00adfi Wohl\u00adle\u00adben be\u00adglei\u00adtet auch Ge\u00adbur\u00adten ohne Part\u00adner oder bei be\u00adson\u00adde\u00adren Kin\u00addern wie zum Bei\u00adspiel Kin\u00addern mit Han\u00addi\u00adcap, viel zu fr\u00fch ge\u00adbo\u00adre\u00adne Kin\u00adder oder bei Sternenkindern.<\/p>\n<p>In den ers\u00adten Le\u00adbens\u00adjah\u00adren steht die 3\u2011fache Mama Fa\u00admi\u00adli\u00aden bin\u00addungs- und be\u00add\u00fcrf\u00adnis\u00adori\u00aden\u00adtiert als El\u00adtern-Kind-Coach zur Seite.&nbsp;<\/p>\n<p>Sie be\u00adr\u00e4t und h\u00e4lt Vor\u00adtr\u00e4\u00adge rund um die The\u00admen ge\u00adsun\u00adder Ba\u00adby\u00adschlaf (Schlaf\u00adbe\u00adra\u00adtung), Bei\u00adkost (mit und ohne Brei), <span class=\"push-double\"><\/span>\u200b<span class=\"pull-double\">\u201e<\/span>Schreiba\u00adbys\u201c mit Re\u00adgu\u00adla\u00adti\u00adons\u00adst\u00f6\u00adrun\u00adgen und Ab\u00adschied von der Win\u00addel. Als Pen\u00addant zur Still\u00adbe\u00adra\u00adte\u00adrin steht sie als un\u00adab\u00adh\u00e4n\u00adgi\u00adge Ex\u00adper\u00adtin f\u00fcr Fra\u00adgen bei Fla\u00adschen\u00adnah\u00adrung, spe\u00adzi\u00adel\u00adle Fla\u00adschen\u00adnah\u00adrung, Pro\u00adble\u00adme beim Fla\u00adsche f\u00fct\u00adtern oder Un\u00adver\u00adtr\u00e4g\u00adlich\u00adkei\u00adten von Fla\u00adschen\u00admilch zur Verf\u00fcgung.<\/p>\n<p>F\u00fcr Fra\u00adgen oder wei\u00adte\u00adre In\u00adfor\u00adma\u00adtio\u00adnen \u00fcber die Ar\u00adbeit ei\u00adner Dou\u00adla bzw. Ge\u00adburts\u00adbe\u00adglei\u00adte\u00adrin er\u00adhal\u00adten Sie im Mehr\u00adge\u00adne\u00adra\u00adtio\u00adnen\u00adhaus te\u00adle\u00adfo\u00adnisch un\u00adter 09521\/952825\u20130 oder be\u00adnut\u00adzen Sie f\u00fcr Ihre An\u00adfra\u00adge un\u00adser <a href=\"https:\/\/www.mehrgenerationenhaus-hassfurt.de\/mgh\/kontaktformular\/\">Kon\u00adtakt\u00adfor\u00admu\u00adlar<\/a><\/p>\n<p>Ger\u00adne k\u00f6n\u00adnen Sie auch bei Doula<br>\nStef\u00adfi Wohl\u00adle\u00adben auf der Homepage<br>\nvor\u00adbei schau\u00aden: www.doula-steffi.de<br>\n<img loading=\"lazy\" decoding=\"async\" style=\"margin-top: -70px; margin-bottom: -80px;\" src=\"https:\/\/www.mehrgenerationenhaus-hassfurt.de\/mgh\/wp-cnt\/uploads\/steffi-wohlleben_175.png\" alt width=\"175\" height=\"175\" class=\"alignright size-full wp-image-50333\"><\/p>\n<div>\n<table>\n<tbody>\n<tr>\n<th style=\"background-color: #c3c3c3; width: 100px;\" align=\"left\" valign=\"top\" width=\"100\">Wo<\/th>\n<td style=\"border-color: #333333; background-color: #f0f0f0; width: 450px;\" align=\"left\" valign=\"top\" width=\"450\"><strong>Mehr\u00adge\u00adne\u00adra\u00adtio\u00adnen\u00adhaus Ha\u00dffurt<\/strong><br>\nMarkt\u00adplatz 10<br>\n97437 Ha\u00dffurt<\/td>\n<\/tr>\n<tr>\n<th style=\"background-color: #c3c3c3; width: 100px;\" align=\"left\" valign=\"top\" width=\"100\">Wann<\/th>\n<td style=\"border-color: #333333; background-color: #f0f0f0; width: 480px;\" align=\"left\" valign=\"top\" width=\"480\">je\u00adder\u00adzeit auf Anfrage&nbsp;<\/td>\n<\/tr>\n<tr>\n<th style=\"background-color: #c3c3c3; width: 100px;\" align=\"left\" valign=\"top\" width=\"100\">Kos\u00adten<\/th>\n<td style=\"border-color: #333333; background-color: #f0f0f0; width: 480px;\" align=\"left\" valign=\"top\" width=\"480\">kos\u00adten\u00adlo\u00adse Ver\u00admitt\u00adlung, Kos\u00adten der Dou\u00adla \/ Ge\u00adburts\u00adbe\u00adglei\u00adte\u00adrin je nach Um\u00adfang des Einsatzes<\/td>\n<\/tr>\n<tr>\n<th style=\"background-color: #c3c3c3; width: 100px;\" align=\"left\" valign=\"top\" width=\"100\">Ver\u00admitt\u00adlung<\/th>\n<td style=\"border-color: #333333; background-color: #f0f0f0; width: 480px;\" align=\"left\" valign=\"top\" width=\"480\">Ver\u00admitt\u00adlung \u00fcber das Mehrgenerationenhaus<\/td>\n<\/tr>\n<\/tbody>\n<\/table>\n<\/div>\n","protected":false},"excerpt":{"rendered":"<p>Stef\u00adfi Wohl\u00adle\u00adben aus Ha\u00df\u00adfurt ver\u00adst\u00e4rkt das eh\u00adren\u00adamt\u00adli\u00adche Ex\u00adper\u00adten\u00adnetz\u00adwerk des Mehr\u00adge\u00adne\u00adra\u00adtio\u00adnen\u00adhau\u00adses Ha\u00df\u00adfurt als Doula\/\u200b\u200bGeburtsbegleiterin und El\u00adtern-Kind-Coach. Stef\u00adfi Wohl\u00adle\u00adben ist Kin\u00adder\u00adkran\u00adken\u00adschwes\u00adter, aus\u00adge\u00adbil\u00adde\u00adte Dou\u00adla und El\u00ad\u00adtern-Kind-Coach im Raum Ha\u00df\u00adfurt. Dou\u00adlas, auch Ge\u00adburts\u00adbe\u00adglei\u00adte\u00adrin ge\u00adnannt, be\u00adglei\u00adten schwan\u00adge\u00adre Frau\u00aden und ihre Fa\u00admi\u00adli\u00aden durch die Schwan\u00adger\u00adschaft, Ge\u00adburt und im Wo\u00adchen\u00adbett. W\u00e4h\u00adrend die\u00adser be\u00adson\u00adde\u00adren Le\u00adbens\u00adpha\u00adse steht eine Dou\u00adla den El\u00adtern in\u00addi\u00advi\u00addu\u00adell, acht\u00adsam&nbsp;und&nbsp;<\/p>\n<p class=\"excerpt-link\"><a class=\"read-more\" href=\"https:\/\/www.mehrgenerationenhaus-hassfurt.de\/mgh\/angebote\/doula-geburtsbegleiterin\/\">Read More \u2192<\/a><\/p>\n","protected":false},"author":3,"featured_media":498,"parent":219,"menu_order":0,"comment_status":"closed","ping_status":"closed","template":"","meta":{"inline_featured_image":false,"wp_typography_post_enhancements_disabled":false,"_mc_calendar":[],"footnotes":""},"class_list":["post-46916","page","type-page","status-publish","has-post-thumbnail","hentry"],"yoast_head":"<!-- This site is optimized with the Yoast SEO plugin v27.3 - https:\/\/yoast.com\/product\/yoast-seo-wordpress\/ -->\n<title>Doula\/Geburtsbegleiterin &amp; Eltern-Kind-Coach | MGH Ha\u00dffurt<\/title>\n<meta name=\"description\" content=\"Steffi Wohlleben aus Ha\u00dffurt verst\u00e4rkt das ehrenamtliche Expertennetzwerk des Mehrgenerationenhauses Ha\u00dffurt als Doula\/Geburtsbegleiterin.\" \/>\n<meta name=\"robots\" content=\"index, follow, max-snippet:-1, max-image-preview:large, max-video-preview:-1\" \/>\n<link rel=\"canonical\" href=\"https:\/\/www.mehrgenerationenhaus-hassfurt.de\/mgh\/angebote\/doula-geburtsbegleiterin\/\" \/>\n<meta property=\"og:locale\" content=\"de_DE\" \/>\n<meta property=\"og:type\" content=\"article\" \/>\n<meta property=\"og:title\" content=\"Doula\/Geburtsbegleiterin &amp; Eltern-Kind-Coach | MGH Ha\u00dffurt\" \/>\n<meta property=\"og:description\" content=\"Steffi Wohlleben aus Ha\u00dffurt verst\u00e4rkt das ehrenamtliche Expertennetzwerk des Mehrgenerationenhauses Ha\u00dffurt als Doula\/Geburtsbegleiterin.\" \/>\n<meta property=\"og:url\" content=\"https:\/\/www.mehrgenerationenhaus-hassfurt.de\/mgh\/angebote\/doula-geburtsbegleiterin\/\" \/>\n<meta property=\"og:site_name\" content=\"Mehrgenerationenhaus Ha\u00dffurt\" \/>\n<meta property=\"article:publisher\" content=\"https:\/\/de-de.facebook.com\/mehrgenerationenhausHAS\/\" \/>\n<meta property=\"article:modified_time\" content=\"2021-01-26T21:24:20+00:00\" \/>\n<!-- \/ Yoast SEO plugin. -->","yoast_head_json":{"title":"Doula\/Geburtsbegleiterin & Eltern-Kind-Coach | MGH Ha\u00dffurt","description":"Steffi Wohlleben aus Ha\u00dffurt verst\u00e4rkt das ehrenamtliche Expertennetzwerk des Mehrgenerationenhauses Ha\u00dffurt als Doula\/Geburtsbegleiterin.","robots":{"index":"index","follow":"follow","max-snippet":"max-snippet:-1","max-image-preview":"max-image-preview:large","max-video-preview":"max-video-preview:-1"},"canonical":"https:\/\/www.mehrgenerationenhaus-hassfurt.de\/mgh\/angebote\/doula-geburtsbegleiterin\/","og_locale":"de_DE","og_type":"article","og_title":"Doula\/Geburtsbegleiterin & Eltern-Kind-Coach | MGH Ha\u00dffurt","og_description":"Steffi Wohlleben aus Ha\u00dffurt verst\u00e4rkt das ehrenamtliche Expertennetzwerk des Mehrgenerationenhauses Ha\u00dffurt als Doula\/Geburtsbegleiterin.","og_url":"https:\/\/www.mehrgenerationenhaus-hassfurt.de\/mgh\/angebote\/doula-geburtsbegleiterin\/","og_site_name":"Mehrgenerationenhaus Ha\u00dffurt","article_publisher":"https:\/\/de-de.facebook.com\/mehrgenerationenhausHAS\/","article_modified_time":"2021-01-26T21:24:20+00:00","schema":{"@context":"https:\/\/schema.org","@graph":[{"@type":"WebPage","@id":"https:\/\/www.mehrgenerationenhaus-hassfurt.de\/mgh\/angebote\/doula-geburtsbegleiterin\/","url":"https:\/\/www.mehrgenerationenhaus-hassfurt.de\/mgh\/angebote\/doula-geburtsbegleiterin\/","name":"Doula\/Geburtsbegleiterin & Eltern-Kind-Coach | MGH Ha\u00dffurt","isPartOf":{"@id":"https:\/\/www.mehrgenerationenhaus-hassfurt.de\/mgh\/#website"},"primaryImageOfPage":{"@id":"https:\/\/www.mehrgenerationenhaus-hassfurt.de\/mgh\/angebote\/doula-geburtsbegleiterin\/#primaryimage"},"image":{"@id":"https:\/\/www.mehrgenerationenhaus-hassfurt.de\/mgh\/angebote\/doula-geburtsbegleiterin\/#primaryimage"},"thumbnailUrl":"","datePublished":"2019-05-12T23:25:42+00:00","dateModified":"2021-01-26T21:24:20+00:00","description":"Steffi Wohlleben aus Ha\u00dffurt verst\u00e4rkt das ehrenamtliche Expertennetzwerk des Mehrgenerationenhauses Ha\u00dffurt als Doula\/Geburtsbegleiterin.","breadcrumb":{"@id":"https:\/\/www.mehrgenerationenhaus-hassfurt.de\/mgh\/angebote\/doula-geburtsbegleiterin\/#breadcrumb"},"inLanguage":"de","potentialAction":[{"@type":"ReadAction","target":["https:\/\/www.mehrgenerationenhaus-hassfurt.de\/mgh\/angebote\/doula-geburtsbegleiterin\/"]}]},{"@type":"ImageObject","inLanguage":"de","@id":"https:\/\/www.mehrgenerationenhaus-hassfurt.de\/mgh\/angebote\/doula-geburtsbegleiterin\/#primaryimage","url":"","contentUrl":""},{"@type":"BreadcrumbList","@id":"https:\/\/www.mehrgenerationenhaus-hassfurt.de\/mgh\/angebote\/doula-geburtsbegleiterin\/#breadcrumb","itemListElement":[{"@type":"ListItem","position":1,"name":"Startseite","item":"https:\/\/www.mehrgenerationenhaus-hassfurt.de\/mgh\/"},{"@type":"ListItem","position":2,"name":"Angebote und Dienstleistungen","item":"https:\/\/www.mehrgenerationenhaus-hassfurt.de\/mgh\/angebote\/"},{"@type":"ListItem","position":3,"name":"Vermittlung einer Doula\/\u200bGeburtsbegleiterin &amp; Eltern-Kind-Coach"}]},{"@type":"WebSite","@id":"https:\/\/www.mehrgenerationenhaus-hassfurt.de\/mgh\/#website","url":"https:\/\/www.mehrgenerationenhaus-hassfurt.de\/mgh\/","name":"Mehrgenerationenhaus Ha\u00dffurt","description":"Mehrgenerationenhaus Ha\u00dffurt","publisher":{"@id":"https:\/\/www.mehrgenerationenhaus-hassfurt.de\/mgh\/#organization"},"potentialAction":[{"@type":"SearchAction","target":{"@type":"EntryPoint","urlTemplate":"https:\/\/www.mehrgenerationenhaus-hassfurt.de\/mgh\/?s={search_term_string}"},"query-input":{"@type":"PropertyValueSpecification","valueRequired":true,"valueName":"search_term_string"}}],"inLanguage":"de"},{"@type":"Organization","@id":"https:\/\/www.mehrgenerationenhaus-hassfurt.de\/mgh\/#organization","name":"Mehrgenerationenhaus Ha\u00dffurt","url":"https:\/\/www.mehrgenerationenhaus-hassfurt.de\/mgh\/","logo":{"@type":"ImageObject","inLanguage":"de","@id":"https:\/\/www.mehrgenerationenhaus-hassfurt.de\/mgh\/#\/schema\/logo\/image\/","url":"https:\/\/www.mehrgenerationenhaus-hassfurt.de\/mgh\/wp-cnt\/uploads\/MGH_Logo_2020_hassfurt-scaled.jpg","contentUrl":"https:\/\/www.mehrgenerationenhaus-hassfurt.de\/mgh\/wp-cnt\/uploads\/MGH_Logo_2020_hassfurt-scaled.jpg","width":2560,"height":1162,"caption":"Mehrgenerationenhaus Ha\u00dffurt"},"image":{"@id":"https:\/\/www.mehrgenerationenhaus-hassfurt.de\/mgh\/#\/schema\/logo\/image\/"},"sameAs":["https:\/\/de-de.facebook.com\/mehrgenerationenhausHAS\/"]}]}},"publishpress_future_workflow_manual_trigger":{"enabledWorkflows":[]},"_links":{"self":[{"href":"https:\/\/www.mehrgenerationenhaus-hassfurt.de\/mgh\/wp-json\/wp\/v2\/pages\/46916","targetHints":{"allow":["GET"]}}],"collection":[{"href":"https:\/\/www.mehrgenerationenhaus-hassfurt.de\/mgh\/wp-json\/wp\/v2\/pages"}],"about":[{"href":"https:\/\/www.mehrgenerationenhaus-hassfurt.de\/mgh\/wp-json\/wp\/v2\/types\/page"}],"author":[{"embeddable":true,"href":"https:\/\/www.mehrgenerationenhaus-hassfurt.de\/mgh\/wp-json\/wp\/v2\/users\/3"}],"replies":[{"embeddable":true,"href":"https:\/\/www.mehrgenerationenhaus-hassfurt.de\/mgh\/wp-json\/wp\/v2\/comments?post=46916"}],"version-history":[{"count":0,"href":"https:\/\/www.mehrgenerationenhaus-hassfurt.de\/mgh\/wp-json\/wp\/v2\/pages\/46916\/revisions"}],"up":[{"embeddable":true,"href":"https:\/\/www.mehrgenerationenhaus-hassfurt.de\/mgh\/wp-json\/wp\/v2\/pages\/219"}],"wp:featuredmedia":[{"embeddable":true,"href":"https:\/\/www.mehrgenerationenhaus-hassfurt.de\/mgh\/wp-json\/"}],"wp:attachment":[{"href":"https:\/\/www.mehrgenerationenhaus-hassfurt.de\/mgh\/wp-json\/wp\/v2\/media?parent=46916"}],"curies":[{"name":"wp","href":"https:\/\/api.w.org\/{rel}","templated":true}]}}