{"id":48171,"date":"2020-02-02T02:33:12","date_gmt":"2020-02-02T01:33:12","guid":{"rendered":"https:\/\/www.mehrgenerationenhaus-hassfurt.de\/mgh\/?page_id=48171"},"modified":"2025-10-24T11:07:59","modified_gmt":"2025-10-24T09:07:59","slug":"angebote-senioren-und-angehoerige","status":"publish","type":"page","link":"https:\/\/www.mehrgenerationenhaus-hassfurt.de\/mgh\/angebote-senioren-und-angehoerige\/","title":{"rendered":"F\u00fcr Seniorinnen und Senioren <br>und deren Angeh\u00f6rige"},"content":{"rendered":"<h2>Generations\u00fcbergreifende Arbeit<\/h2>\n<p>Durch die F\u00f6r\u00adde\u00adrung des Zu\u00adsam\u00admen\u00adhalts zwi\u00adschen den Ge\u00adne\u00adra\u00adtio\u00adnen in\u00adner\u00adhalb der Kom\u00admu\u00adne wird es Jung und Alt er\u00adm\u00f6g\u00adlicht, sich ge\u00adgen\u00adsei\u00adtig zu un\u00adter\u00adst\u00fct\u00adzen. Durch ge\u00adne\u00adra\u00adtions\u00ad\u00fcber\u00adgrei\u00adfen\u00adde und pro\u00adfes\u00adsio\u00adnell be\u00adglei\u00adte\u00adte An\u00adge\u00adbo\u00adte des Mehr\u00adgene\u00adra\u00adtio\u00adnen\u00adhauses kann die \u00e4l\u00adte\u00adre Ge\u00adne\u00adra\u00adti\u00adon ihre Po\u00adten\u00adtia\u00adle f\u00fcr das Ge\u00admein\u00adwohl ein\u00adbrin\u00adgen und die j\u00fcn\u00adge\u00adre Ge\u00adne\u00adra\u00adtio\u00adnen dies in Form von Un\u00adter\u00adst\u00fct\u00adzung an die \u00c4l\u00adte\u00adren zu\u00adr\u00fcck\u00adge\u00adben, ein so\u00adli\u00adda\u00adri\u00adsches Ge\u00adben und Neh\u00admen, das wir mit un\u00adse\u00adren Part\u00adnern im Netz\u00adwerk steu\u00adern und umsetzen.<\/p>\n<h3>Angebote f\u00fcr Seniorinnen und Senioren und deren Angeh\u00f6rige<\/h3>\n<ul>\n<ul>\n<li><a href=\"https:\/\/www.mehrgenerationenhaus-hassfurt.de\/mgh\/angebote\/dabei-digital\/\"><span style=\"color: #000000;\">DABEI@DIGITAL 4.0<\/span><\/a><\/li>\n<li><a href=\"https:\/\/www.mehrgenerationenhaus-hassfurt.de\/mgh\/angebote\/digital-cafe\/\"><span style=\"color: #000000;\">Di\u00adgi\u00adtal-Caf\u00e9 \u2013 MIT\u00adein\u00adan\u00adder digital<\/span><\/a><\/li>\n<li><a href=\"https:\/\/www.mehrgenerationenhaus-hassfurt.de\/mgh\/angebote\/digitale-stammtische\"><span style=\"color: #000000;\">Di\u00adgi\u00adta\u00adle Stammtische<\/span><\/a><\/li>\n<li><a href=\"https:\/\/www.mehrgenerationenhaus-hassfurt.de\/mgh\/angebote\/erlebnistanz\/\"><span style=\"color: #000000;\">Er\u00adleb\u00adniSTanz<\/span><\/a><\/li>\n<li><a title=\"FamilienKUNSTbande\" href=\"https:\/\/www.mehrgenerationenhaus-hassfurt.de\/mgh\/angebote\/familienkunstbande\/\"><span style=\"color: #000000;\">Fa\u00admi\u00adli\u00aden\u00adKUNST\u00adban\u00adde<\/span><\/a><\/li>\n<li><a href=\"https:\/\/www.mehrgenerationenhaus-hassfurt.de\/mgh\/angebote\/fruehstueck-und-brunch\/\"><span style=\"color: #000000;\">Fr\u00fch\u00adst\u00fcck f\u00fcr alle Generationen<\/span><\/a><\/li>\n<li><a href=\"https:\/\/www.mehrgenerationenhaus-hassfurt.de\/mgh\/gemeinsam-analog-und-digital-vernetzt\/\"><span style=\"color: #000000;\">GE\u00adMEIN\u00adSAM ana\u00adlog und di\u00adgi\u00adtal VERNETZT<\/span><\/a><\/li>\n<li><a href=\"https:\/\/www.mehrgenerationenhaus-hassfurt.de\/mgh\/angebote\/gemeinsam-statt-einsam-patenschaften\/\"><span style=\"color: #000000;\">GE\u00adMEIN\u00adSAM statt EIN\u00adSAM \u2013 Pa\u00adten\u00adschaf\u00adten f\u00fcr und von \u00c4l\u00adte\u00adren und Hochbetagten<\/span><\/a><\/li>\n<li><a href=\"https:\/\/www.mehrgenerationenhaus-hassfurt.de\/mgh\/angebote\/lichtstube\/\"><span style=\"color: #000000;\">Licht\u00adstu\u00adbe \u2013 GemeinsamHANDarbeiten<\/span><\/a><\/li>\n<li><a href=\"https:\/\/www.mehrgenerationenhaus-hassfurt.de\/mgh\/angebote\/lebensqualitaet-fuers-alter\/\"><span style=\"color: #000000;\">LeA Kurs \u2013 Le\u00adbens\u00adqua\u00adli\u00adt\u00e4t f\u00fcrs Alter<\/span><\/a><\/li>\n<li><a href=\"https:\/\/www.mehrgenerationenhaus-hassfurt.de\/mgh\/angebote\/mediensprechstunde\" class=\"_ps2id\"><span style=\"color: #000000;\">Me\u00addi\u00aden\u00adsprech\u00adstun\u00adde<\/span><\/a><\/li>\n<li><a href=\"https:\/\/www.mehrgenerationenhaus-hassfurt.de\/mgh\/angebote\/mit-und-fit-begegnung-durch-bewegung\/\"><span style=\"color: #000000;\">MIT und FIT \u2013 Be\u00adgeg\u00adnung durch Bewegung<\/span><\/a><\/li>\n<li><a href=\"https:\/\/www.mehrgenerationenhaus-hassfurt.de\/mgh\/angebote\/musikkaffee\/\"><span style=\"color: #000000;\">Mu\u00adsik\u00adkaf\u00adfee<\/span><\/a><\/li>\n<li><a href=\"https:\/\/www.mehrgenerationenhaus-hassfurt.de\/mgh\/angebote\/musizieren-mit-der-veeh-harfe\/\"><span style=\"color: #000000;\">Mu\u00adsi\u00adzie\u00adren mit der Veeh-Harfe<\/span><\/a><\/li>\n<li><a href=\"https:\/\/www.mehrgenerationenhaus-hassfurt.de\/mgh\/angebote\/singkreis\/\"><span style=\"color: #000000;\">Of\u00adfe\u00adner Singkreis<\/span><\/a><\/li>\n<li><a href=\"https:\/\/www.mehrgenerationenhaus-hassfurt.de\/mgh\/angebote\/rentenberatung\/\"><span style=\"color: #000000;\">Ren\u00adten\u00adbe\u00adra\u00adtung<\/span><\/a><\/li>\n<li><a href=\"https:\/\/www.mehrgenerationenhaus-hassfurt.de\/mgh\/angebote\/rentenschmiede\/\"><span style=\"color: #000000;\">Ren\u00adten\u00adSCHMIE\u00adDE<\/span><\/a><\/li>\n<li><a href=\"https:\/\/www.mehrgenerationenhaus-hassfurt.de\/mgh\/angebote\/spielenachmittage-fuer-alle-generationen\/\"><span style=\"color: #000000;\">Spie\u00adle\u00adnach\u00admit\u00adta\u00adge f\u00fcr alle Ge\u00adne\u00adra\u00adtio\u00adnen<\/span>&nbsp;<\/a><\/li>\n<li><a href=\"https:\/\/www.mehrgenerationenhaus-hassfurt.de\/mgh\/angebote\/vintage-stuebchen\/\"><span style=\"color: #000000;\">Vin\u00adta\u00adge-St\u00fcb\u00adchen<\/span> <\/a> <\/li>\n<li><a href=\"https:\/\/www.mehrgenerationenhaus-hassfurt.de\/mgh\/angebote\/wohlfuehlnachmittage\/\"><span style=\"color: #000000;\">Wohl\u00adf\u00fchl\u00adnach\u00admit\u00adta\u00adge<\/span><\/a><\/li>\n<li><a href=\"https:\/\/www.mehrgenerationenhaus-hassfurt.de\/mgh\/angebote\/yoga-fit-fuer-alle-generationen\/\"><span style=\"color: #000000;\">Yoga FIT f\u00fcr alle Generationen<\/span><\/a><\/li>\n<li><a href=\"https:\/\/www.mehrgenerationenhaus-hassfurt.de\/mgh\/angebote\/Zeitreise ins Gestern\/\"><span style=\"color: #000000;\">Zeit\u00adrei\u00adse ins Gestern<\/span><\/a><\/li>\n<\/ul>\n<\/ul>\n","protected":false},"excerpt":{"rendered":"<p>Ge\u00adne\u00adra\u00adtions\u00ad\u00fcber\u00adgrei\u00adfen\u00adde Ar\u00adbeit Durch die F\u00f6r\u00adde\u00adrung des Zu\u00adsam\u00admen\u00adhalts zwi\u00adschen den Ge\u00adne\u00adra\u00adtio\u00adnen in\u00adner\u00adhalb der Kom\u00admu\u00adne wird es Jung und Alt er\u00adm\u00f6g\u00adlicht, sich ge\u00adgen\u00adsei\u00adtig zu un\u00adter\u00adst\u00fct\u00adzen. Durch ge\u00adne\u00adra\u00adtions\u00ad\u00fcber\u00adgrei\u00adfen\u00adde und pro\u00adfes\u00adsio\u00adnell be\u00adglei\u00adte\u00adte An\u00adge\u00adbo\u00adte des es kann die \u00e4l\u00adte\u00adre Ge\u00adne\u00adra\u00adti\u00adon ihre Po\u00adten\u00adtia\u00adle f\u00fcr das Ge\u00admein\u00adwohl ein\u00adbrin\u00adgen und die j\u00fcn\u00adge\u00adre Ge\u00adne\u00adra\u00adtio\u00adnen dies in Form von Un\u00adter\u00adst\u00fct\u00adzung an die \u00c4l\u00adte\u00adren zu\u00adr\u00fcck\u00adge\u00adben,&nbsp;ein&nbsp;<\/p>\n<p class=\"excerpt-link\"><a class=\"read-more\" href=\"https:\/\/www.mehrgenerationenhaus-hassfurt.de\/mgh\/angebote-senioren-und-angehoerige\/\">Read More \u2192<\/a><\/p>\n","protected":false},"author":3,"featured_media":0,"parent":0,"menu_order":0,"comment_status":"closed","ping_status":"closed","template":"","meta":{"inline_featured_image":false,"wp_typography_post_enhancements_disabled":false,"_mc_calendar":[],"footnotes":""},"class_list":["post-48171","page","type-page","status-publish","hentry"],"yoast_head":"<!-- This site is optimized with the Yoast SEO plugin v27.3 - https:\/\/yoast.com\/product\/yoast-seo-wordpress\/ -->\n<title>Angebote f\u00fcr Senioren und deren Angeh\u00f6rige | MGH Ha\u00dffurt<\/title>\n<meta name=\"description\" content=\"Angebote Senioren: Durch die F\u00f6rderung des Zusammenhaltes zwischen den Generationen innerhalb der Kommune ...\" \/>\n<meta name=\"robots\" content=\"index, follow, max-snippet:-1, max-image-preview:large, max-video-preview:-1\" \/>\n<link rel=\"canonical\" href=\"https:\/\/www.mehrgenerationenhaus-hassfurt.de\/mgh\/angebote-senioren-und-angehoerige\/\" \/>\n<meta property=\"og:locale\" content=\"de_DE\" \/>\n<meta property=\"og:type\" content=\"article\" \/>\n<meta property=\"og:title\" content=\"Angebote f\u00fcr Senioren und deren Angeh\u00f6rige | MGH Ha\u00dffurt\" \/>\n<meta property=\"og:description\" content=\"Angebote Senioren: Durch die F\u00f6rderung des Zusammenhaltes zwischen den Generationen innerhalb der Kommune ...\" \/>\n<meta property=\"og:url\" content=\"https:\/\/www.mehrgenerationenhaus-hassfurt.de\/mgh\/angebote-senioren-und-angehoerige\/\" \/>\n<meta property=\"og:site_name\" content=\"Mehrgenerationenhaus Ha\u00dffurt\" \/>\n<meta property=\"article:publisher\" content=\"https:\/\/de-de.facebook.com\/mehrgenerationenhausHAS\/\" \/>\n<meta property=\"article:modified_time\" content=\"2025-10-24T09:07:59+00:00\" \/>\n<!-- \/ Yoast SEO plugin. -->","yoast_head_json":{"title":"Angebote f\u00fcr Senioren und deren Angeh\u00f6rige | MGH Ha\u00dffurt","description":"Angebote Senioren: Durch die F\u00f6rderung des Zusammenhaltes zwischen den Generationen innerhalb der Kommune ...","robots":{"index":"index","follow":"follow","max-snippet":"max-snippet:-1","max-image-preview":"max-image-preview:large","max-video-preview":"max-video-preview:-1"},"canonical":"https:\/\/www.mehrgenerationenhaus-hassfurt.de\/mgh\/angebote-senioren-und-angehoerige\/","og_locale":"de_DE","og_type":"article","og_title":"Angebote f\u00fcr Senioren und deren Angeh\u00f6rige | MGH Ha\u00dffurt","og_description":"Angebote Senioren: Durch die F\u00f6rderung des Zusammenhaltes zwischen den Generationen innerhalb der Kommune ...","og_url":"https:\/\/www.mehrgenerationenhaus-hassfurt.de\/mgh\/angebote-senioren-und-angehoerige\/","og_site_name":"Mehrgenerationenhaus Ha\u00dffurt","article_publisher":"https:\/\/de-de.facebook.com\/mehrgenerationenhausHAS\/","article_modified_time":"2025-10-24T09:07:59+00:00","schema":{"@context":"https:\/\/schema.org","@graph":[{"@type":"WebPage","@id":"https:\/\/www.mehrgenerationenhaus-hassfurt.de\/mgh\/angebote-senioren-und-angehoerige\/","url":"https:\/\/www.mehrgenerationenhaus-hassfurt.de\/mgh\/angebote-senioren-und-angehoerige\/","name":"Angebote f\u00fcr Senioren und deren Angeh\u00f6rige | MGH Ha\u00dffurt","isPartOf":{"@id":"https:\/\/www.mehrgenerationenhaus-hassfurt.de\/mgh\/#website"},"datePublished":"2020-02-02T01:33:12+00:00","dateModified":"2025-10-24T09:07:59+00:00","description":"Angebote Senioren: Durch die F\u00f6rderung des Zusammenhaltes zwischen den Generationen innerhalb der Kommune ...","breadcrumb":{"@id":"https:\/\/www.mehrgenerationenhaus-hassfurt.de\/mgh\/angebote-senioren-und-angehoerige\/#breadcrumb"},"inLanguage":"de","potentialAction":[{"@type":"ReadAction","target":["https:\/\/www.mehrgenerationenhaus-hassfurt.de\/mgh\/angebote-senioren-und-angehoerige\/"]}]},{"@type":"BreadcrumbList","@id":"https:\/\/www.mehrgenerationenhaus-hassfurt.de\/mgh\/angebote-senioren-und-angehoerige\/#breadcrumb","itemListElement":[{"@type":"ListItem","position":1,"name":"Startseite","item":"https:\/\/www.mehrgenerationenhaus-hassfurt.de\/mgh\/"},{"@type":"ListItem","position":2,"name":"F\u00fcr Seniorinnen und Senioren und deren Angeh\u00f6rige"}]},{"@type":"WebSite","@id":"https:\/\/www.mehrgenerationenhaus-hassfurt.de\/mgh\/#website","url":"https:\/\/www.mehrgenerationenhaus-hassfurt.de\/mgh\/","name":"Mehrgenerationenhaus Ha\u00dffurt","description":"Mehrgenerationenhaus Ha\u00dffurt","publisher":{"@id":"https:\/\/www.mehrgenerationenhaus-hassfurt.de\/mgh\/#organization"},"potentialAction":[{"@type":"SearchAction","target":{"@type":"EntryPoint","urlTemplate":"https:\/\/www.mehrgenerationenhaus-hassfurt.de\/mgh\/?s={search_term_string}"},"query-input":{"@type":"PropertyValueSpecification","valueRequired":true,"valueName":"search_term_string"}}],"inLanguage":"de"},{"@type":"Organization","@id":"https:\/\/www.mehrgenerationenhaus-hassfurt.de\/mgh\/#organization","name":"Mehrgenerationenhaus Ha\u00dffurt","url":"https:\/\/www.mehrgenerationenhaus-hassfurt.de\/mgh\/","logo":{"@type":"ImageObject","inLanguage":"de","@id":"https:\/\/www.mehrgenerationenhaus-hassfurt.de\/mgh\/#\/schema\/logo\/image\/","url":"https:\/\/www.mehrgenerationenhaus-hassfurt.de\/mgh\/wp-cnt\/uploads\/MGH_Logo_2020_hassfurt-scaled.jpg","contentUrl":"https:\/\/www.mehrgenerationenhaus-hassfurt.de\/mgh\/wp-cnt\/uploads\/MGH_Logo_2020_hassfurt-scaled.jpg","width":2560,"height":1162,"caption":"Mehrgenerationenhaus Ha\u00dffurt"},"image":{"@id":"https:\/\/www.mehrgenerationenhaus-hassfurt.de\/mgh\/#\/schema\/logo\/image\/"},"sameAs":["https:\/\/de-de.facebook.com\/mehrgenerationenhausHAS\/"]}]}},"publishpress_future_workflow_manual_trigger":{"enabledWorkflows":[]},"_links":{"self":[{"href":"https:\/\/www.mehrgenerationenhaus-hassfurt.de\/mgh\/wp-json\/wp\/v2\/pages\/48171","targetHints":{"allow":["GET"]}}],"collection":[{"href":"https:\/\/www.mehrgenerationenhaus-hassfurt.de\/mgh\/wp-json\/wp\/v2\/pages"}],"about":[{"href":"https:\/\/www.mehrgenerationenhaus-hassfurt.de\/mgh\/wp-json\/wp\/v2\/types\/page"}],"author":[{"embeddable":true,"href":"https:\/\/www.mehrgenerationenhaus-hassfurt.de\/mgh\/wp-json\/wp\/v2\/users\/3"}],"replies":[{"embeddable":true,"href":"https:\/\/www.mehrgenerationenhaus-hassfurt.de\/mgh\/wp-json\/wp\/v2\/comments?post=48171"}],"version-history":[{"count":0,"href":"https:\/\/www.mehrgenerationenhaus-hassfurt.de\/mgh\/wp-json\/wp\/v2\/pages\/48171\/revisions"}],"wp:attachment":[{"href":"https:\/\/www.mehrgenerationenhaus-hassfurt.de\/mgh\/wp-json\/wp\/v2\/media?parent=48171"}],"curies":[{"name":"wp","href":"https:\/\/api.w.org\/{rel}","templated":true}]}}