{"id":50051,"date":"2020-10-09T15:45:11","date_gmt":"2020-10-09T13:45:11","guid":{"rendered":"https:\/\/www.mehrgenerationenhaus-hassfurt.de\/mgh\/?page_id=50051"},"modified":"2024-10-22T21:51:39","modified_gmt":"2024-10-22T19:51:39","slug":"digital-kompass-standort","status":"publish","type":"page","link":"https:\/\/www.mehrgenerationenhaus-hassfurt.de\/mgh\/digital-kompass-standort\/","title":{"rendered":"Digital-Kompass-Standort"},"content":{"rendered":"<p><img loading=\"lazy\" decoding=\"async\" src=\"https:\/\/www.mehrgenerationenhaus-hassfurt.de\/mgh\/wp-cnt\/uploads\/digikomp_coll_rr02_580-1.jpg\" alt=\"Digital-Kompass-Standort (Fotos: Ren\u00e9 Ruprecht)\" width=\"580\" height=\"125\" class=\"alignnone size-full wp-image-54559\" srcset=\"https:\/\/www.mehrgenerationenhaus-hassfurt.de\/mgh\/wp-cnt\/uploads\/digikomp_coll_rr02_580-1.jpg 580w, https:\/\/www.mehrgenerationenhaus-hassfurt.de\/mgh\/wp-cnt\/uploads\/digikomp_coll_rr02_580-1-300x65.jpg 300w\" sizes=\"auto, (max-width: 580px) 100vw, 580px\"><\/p>\n<h2 style=\"margin-top: 10px; font-size: 22px; font-weight: normal; line-height: 22px;\">Der Treffpunkt f\u00fcr alle Fragen rund ums Internet und&nbsp;Co.<\/h2>\n<p><strong>Di\u00adgi\u00adtal-Kom\u00adpass-Stand\u00ador\u00adte sind lo\u00adka\u00adle In\u00adsti\u00adtu\u00adtio\u00adnen f\u00fcr Men\u00adschen, die Un\u00adter\u00adst\u00fct\u00adzung im Um\u00adgang mit di\u00adgi\u00adta\u00adlen Me\u00addi\u00aden und Ge\u00adr\u00e4\u00adten suchen.<\/strong><\/p>\n<p>Un\u00adser Stand\u00adort in Ha\u00df\u00adfurt ist seit Juni 2019 ei\u00adner von deutsch\u00adland\u00adweit 100 Stand\u00ador\u00adten, an de\u00adnen In\u00adter\u00adnet\u00adlot\u00adsen vor\u00adwie\u00adgend \u00e4l\u00adte\u00adre Men\u00adschen da\u00adbei un\u00adter\u00adst\u00fct\u00adzen, di\u00adgi\u00adta\u00adle An\u00adge\u00adbo\u00adte selbst aus\u00adzu\u00adpro\u00adbie\u00adren. Denn wir sind uns si\u00adcher \u2013 Di\u00adgi\u00adta\u00adle An\u00adge\u00adbo\u00adte be\u00adrei\u00adchern den All\u00adtag \u00e4l\u00adte\u00adrer Men\u00adschen auf viel\u00adf\u00e4l\u00adti\u00adge Wei\u00adse: Kon\u00adtakt hal\u00adten, on\u00adline eine Rei\u00adse pla\u00adnen oder die Bank\u00adge\u00adsch\u00e4f\u00adte von zu Hau\u00adse aus er\u00adle\u00addi\u00adgen. Den\u00adnoch sind \u00fcber\u00adwie\u00adgend \u00e4l\u00adte\u00adre Men\u00adschen noch off\u00adline und nut\u00adzen nicht die Chan\u00adcen, die das In\u00adter\u00adnet ih\u00adnen bie\u00adten&nbsp;kann.<\/p>\n<p><img loading=\"lazy\" decoding=\"async\" src=\"https:\/\/www.mehrgenerationenhaus-hassfurt.de\/mgh\/wp-cnt\/uploads\/LGeyer_9a845309-4596-4d46-9.jpg\" alt=\"Lisa Geyer zum Weltfrauentag 2022\" width=\"300\" height=\"300\" class=\"alignright size-full wp-image-52273\">Das Pro\u00adjekt <span class=\"push-double\"><\/span>\u200b<span class=\"pull-double\">\u201e<\/span>Di\u00adgi\u00adtal-Kom\u00adpass\u201c hat es sich zum Ziel ge\u00adsetzt, \u00e4l\u00adte\u00adre Men\u00adschen im t\u00e4g\u00adli\u00adchen Um\u00adgang mit dem In\u00adter\u00adnet und di\u00adgi\u00adta\u00adlen Diens\u00adten zu be\u00adf\u00e4\u00adhi\u00adgen. Wir bie\u00adten viel\u00adf\u00e4l\u00adti\u00adge In\u00adfor\u00adma\u00adti\u00adons- und Dia\u00adlog\u00adan\u00adge\u00adbo\u00adte rund um die The\u00admen In\u00adter\u00adnet, IT-Si\u00adcher\u00adheit und di\u00adgi\u00adta\u00adle Diens\u00adte und sind so\u00admit An\u00adlauf\u00adstel\u00adle f\u00fcr Men\u00adschen, die Un\u00adter\u00adst\u00fct\u00adzung im Um\u00adgang mit di\u00adgi\u00adta\u00adlen Me\u00addi\u00aden und Ge\u00adr\u00e4\u00adten su\u00adchen. Zeit\u00adgleich sind wir aber auch An\u00adlauf\u00adstel\u00adle f\u00fcr an\u00adde\u00adre Trai\u00adne\u00adrin\u00adnen und Trai\u00adner, Hel\u00adfer, Mul\u00adti\u00adpli\u00adka\u00adto\u00adren, die sich wei\u00adter\u00adbil\u00adden oder in das Pro\u00adjekt ein\u00adbrin\u00adgen m\u00f6ch\u00adten und ihr Wis\u00adsen be\u00adson\u00adders an \u00c4l\u00adte\u00adre wei\u00adter\u00adge\u00adben m\u00f6chten.<\/p>\n<p>Der Di\u00adgi\u00adtal-Kom\u00adpass ist ein ge\u00admein\u00adsa\u00admes Pro\u00adjekt der BAGSO \u2013 Bun\u00addes\u00adar\u00adbeits\u00adge\u00admein\u00adschaft der Se\u00adnio\u00adren-Or\u00adga\u00adni\u00adsa\u00adtio\u00adnen, Deutsch\u00adland si\u00adcher im Netz e.V. so\u00adwie der Ver\u00adbrau\u00adcher In\u00aditia\u00adti\u00adve und wird durch das Bun\u00addes\u00admi\u00adnis\u00adte\u00adri\u00adum der Jus\u00adtiz und f\u00fcr Ver\u00adbrau\u00adcher\u00adschutz ge\u00adf\u00f6r\u00addert. (Wei\u00adte\u00adre In\u00adfor\u00adma\u00adtio\u00adnen fin\u00adden Sie auch un\u00adter <a href=\"http:\/\/www.digital-kompass.de\" target=\"_blank\" rel=\"noopener noreferrer\">www.digital-kompass.de<\/a>)<\/p>\n<p>Alle An\u00adge\u00adbo\u00adte un\u00adse\u00adrer <a href=\"https:\/\/www.mehrgenerationenhaus-hassfurt.de\/mgh\/angebote-zukunftswerkstatt-digitalisierung\/\">Zu\u00adkunfts\u00adwerk\u00adstatt Di\u00adgi\u00adta\u00adli\u00adsie\u00adrung<\/a>, die wir im Rah\u00admen des Pro\u00adjekts <span class=\"push-double\"><\/span>\u200b<span class=\"pull-double\">\u201e<\/span>Schu\u00adlungs\u00adan\u00adge\u00adbo\u00adte f\u00fcr \u00e4l\u00adte\u00adre Men\u00adschen im Um\u00adgang mit di\u00adgi\u00adta\u00adlen Me\u00addi\u00aden\u201c an un\u00adse\u00adrem Di\u00adgi\u00adtal-Kom\u00adpass-Stand\u00adort in Ha\u00df\u00adfurt durch\u00adf\u00fch\u00adren, fin\u00adden Sie <a href=\"https:\/\/www.mehrgenerationenhaus-hassfurt.de\/mgh\/angebote-zukunftswerkstatt-digitalisierung\/\">hier<\/a>.<\/p>\n<p><iframe loading=\"lazy\" title=\"Wir machen \u00c4ltere fit f\u00fcrs Netz\" src=\"https:\/\/www.youtube-nocookie.com\/embed\/e2tXKBbT4-o\" width=\"580\" height=\"325\" frameborder=\"0\" allowfullscreen=\"allowfullscreen\"><\/iframe><\/p>\n<p style=\"margin-top: -12px; font-size: 12px;\"><strong>Vi\u00addeo zum In\u00adter\u00adna\u00adtio\u00adna\u00adlen Tag der \u00c4l\u00adte\u00adren: <span class=\"push-double\"><\/span>\u200b<span class=\"pull-double\">\u201e<\/span>Wir ma\u00adchen \u00c4l\u00adte\u00adre fit f\u00fcrs&nbsp;Netz\u201c&nbsp;<\/strong><br>\nAls ei\u00adner von 100 Di\u00adgi\u00adtal-Kom\u00adpass-Stand\u00ador\u00adten in ganz Deutsch\u00adland bie\u00adten wir mit un\u00adse\u00adren An\u00adge\u00adbo\u00adten den \u00e4l\u00adte\u00adren Men\u00adschen die M\u00f6g\u00adlich\u00adkeit, die Vor\u00adtei\u00adle der di\u00adgi\u00adta\u00adlen Welt kennenzulernen.<\/p>\n<hr>\n<p><strong>Links zum Thema:<\/strong><\/p>\n<ul style=\"list-style-type: '\u2192 &nbsp;';\">\n<li>Pro\u00adjekt\u00advor\u00adstel\u00adlung: <a href=\"https:\/\/www.mehrgenerationenhaus-hassfurt.de\/mgh\/angebote-zukunftswerkstatt-digitalisierung\/\">Zu\u00adkunfts\u00adwerk\u00adstatt Digitalisierung<\/a><\/li>\n<li>Pres\u00adse\u00admel\u00addung: <a href=\"https:\/\/www.mehrgenerationenhaus-hassfurt.de\/mgh\/als-digital-kompass-standort-ausgezeichnet\/\" target=\"_blank\" rel=\"noopener noreferrer\">MGH Ha\u00df\u00adfurt als Di\u00adgi\u00adtal-Kom\u00adpass-Stand\u00adort ausgezeichnet<\/a><\/li>\n<li>Un\u00adser <a href=\"https:\/\/www.digital-kompass.de\/standorte\/standort-hassfurt\" target=\"_blank\" rel=\"noopener noreferrer\">Kurz\u00adpor\u00adtrait auf www.digital-kompass.de<\/a><\/li>\n<li><a href=\"https:\/\/www.digital-kompass.de\/aktuelles\/video-digital-kompass-wir-machen-aeltere-fit-fuers-netz\" target=\"_blank\" rel=\"noopener noreferrer\">Vi\u00addeo zum In\u00adter\u00adna\u00adtio\u00adna\u00adlen Tag der \u00e4l\u00adte\u00adren Men\u00adschen<\/a> (Sa\u00adbi\u00adne Wolf, Digital-Kompass)<\/li>\n<\/ul>\n<p><!--\n \t\n\n<li>Meldung: <a href=\"https:\/\/www.mehrgenerationenhaus-hassfurt.de\/mgh\/aeltere-fit-fuers-netz\/\">Video zum Internationalen Tag der \u00c4lteren: \u00bbWir machen \u00c4ltere fit f\u00fcrs Netz\u00ab<\/a><\/li>\n\n\n--><\/p>\n","protected":false},"excerpt":{"rendered":"<p>Der Treff\u00adpunkt f\u00fcr alle Fra\u00adgen rund ums In\u00adter\u00adnet und&nbsp;Co. Di\u00ad\u00adgi\u00ad\u00adtal-Kom\u00ad\u00adpass-Stan\u00add\u00ador\u00ad\u00adte sind lo\u00adka\u00adle In\u00adsti\u00adtu\u00adtio\u00adnen f\u00fcr Men\u00adschen, die Un\u00adter\u00adst\u00fct\u00adzung im Um\u00adgang mit di\u00adgi\u00adta\u00adlen Me\u00addi\u00aden und Ge\u00adr\u00e4\u00adten su\u00adchen. Un\u00adser Stand\u00adort in Ha\u00df\u00adfurt ist seit Juni 2019 ei\u00adner von deutsch\u00adland\u00adweit 100 Stand\u00ador\u00adten, an de\u00adnen In\u00adter\u00adnet\u00adlot\u00adsen vor\u00adwie\u00adgend \u00e4l\u00adte\u00adre Men\u00adschen da\u00adbei un\u00adter\u00adst\u00fct\u00adzen, di\u00adgi\u00adta\u00adle An\u00adge\u00adbo\u00adte selbst aus\u00adzu\u00adpro\u00adbie\u00adren. Denn wir sind uns sicher&nbsp;<\/p>\n<p class=\"excerpt-link\"><a class=\"read-more\" href=\"https:\/\/www.mehrgenerationenhaus-hassfurt.de\/mgh\/digital-kompass-standort\/\">Read More \u2192<\/a><\/p>\n","protected":false},"author":5,"featured_media":0,"parent":0,"menu_order":0,"comment_status":"closed","ping_status":"closed","template":"","meta":{"inline_featured_image":false,"wp_typography_post_enhancements_disabled":false,"_mc_calendar":[],"footnotes":""},"class_list":["post-50051","page","type-page","status-publish","hentry"],"yoast_head":"<!-- This site is optimized with the Yoast SEO plugin v27.3 - https:\/\/yoast.com\/product\/yoast-seo-wordpress\/ -->\n<title>Digital-Kompass-Standort | Mehrgenerationenhaus Ha\u00dffurt<\/title>\n<meta name=\"description\" content=\"Das MGH Ha\u00dffurt ist Digital-Kompass-Standort und unterst\u00fctzt als solcher \u00e4ltere Menschen im Umgang mit digitalen Medien und Ger\u00e4ten.\" \/>\n<meta name=\"robots\" content=\"index, follow, max-snippet:-1, max-image-preview:large, max-video-preview:-1\" \/>\n<link rel=\"canonical\" href=\"https:\/\/www.mehrgenerationenhaus-hassfurt.de\/mgh\/digital-kompass-standort\/\" \/>\n<meta property=\"og:locale\" content=\"de_DE\" \/>\n<meta property=\"og:type\" content=\"article\" \/>\n<meta property=\"og:title\" content=\"Digital-Kompass-Standort | Mehrgenerationenhaus Ha\u00dffurt\" \/>\n<meta property=\"og:description\" content=\"Das MGH Ha\u00dffurt ist Digital-Kompass-Standort und unterst\u00fctzt als solcher \u00e4ltere Menschen im Umgang mit digitalen Medien und Ger\u00e4ten.\" \/>\n<meta property=\"og:url\" content=\"https:\/\/www.mehrgenerationenhaus-hassfurt.de\/mgh\/digital-kompass-standort\/\" \/>\n<meta property=\"og:site_name\" content=\"Mehrgenerationenhaus Ha\u00dffurt\" \/>\n<meta property=\"article:publisher\" content=\"https:\/\/de-de.facebook.com\/mehrgenerationenhausHAS\/\" \/>\n<meta property=\"article:modified_time\" content=\"2024-10-22T19:51:39+00:00\" \/>\n<meta property=\"og:image\" content=\"https:\/\/www.mehrgenerationenhaus-hassfurt.de\/mgh\/wp-cnt\/uploads\/digikomp_coll_rr02_580-1.jpg\" \/>\n<!-- \/ Yoast SEO plugin. -->","yoast_head_json":{"title":"Digital-Kompass-Standort | Mehrgenerationenhaus Ha\u00dffurt","description":"Das MGH Ha\u00dffurt ist Digital-Kompass-Standort und unterst\u00fctzt als solcher \u00e4ltere Menschen im Umgang mit digitalen Medien und Ger\u00e4ten.","robots":{"index":"index","follow":"follow","max-snippet":"max-snippet:-1","max-image-preview":"max-image-preview:large","max-video-preview":"max-video-preview:-1"},"canonical":"https:\/\/www.mehrgenerationenhaus-hassfurt.de\/mgh\/digital-kompass-standort\/","og_locale":"de_DE","og_type":"article","og_title":"Digital-Kompass-Standort | Mehrgenerationenhaus Ha\u00dffurt","og_description":"Das MGH Ha\u00dffurt ist Digital-Kompass-Standort und unterst\u00fctzt als solcher \u00e4ltere Menschen im Umgang mit digitalen Medien und Ger\u00e4ten.","og_url":"https:\/\/www.mehrgenerationenhaus-hassfurt.de\/mgh\/digital-kompass-standort\/","og_site_name":"Mehrgenerationenhaus Ha\u00dffurt","article_publisher":"https:\/\/de-de.facebook.com\/mehrgenerationenhausHAS\/","article_modified_time":"2024-10-22T19:51:39+00:00","og_image":[{"url":"https:\/\/www.mehrgenerationenhaus-hassfurt.de\/mgh\/wp-cnt\/uploads\/digikomp_coll_rr02_580-1.jpg","type":"","width":"","height":""}],"schema":{"@context":"https:\/\/schema.org","@graph":[{"@type":"WebPage","@id":"https:\/\/www.mehrgenerationenhaus-hassfurt.de\/mgh\/digital-kompass-standort\/","url":"https:\/\/www.mehrgenerationenhaus-hassfurt.de\/mgh\/digital-kompass-standort\/","name":"Digital-Kompass-Standort | Mehrgenerationenhaus Ha\u00dffurt","isPartOf":{"@id":"https:\/\/www.mehrgenerationenhaus-hassfurt.de\/mgh\/#website"},"primaryImageOfPage":{"@id":"https:\/\/www.mehrgenerationenhaus-hassfurt.de\/mgh\/digital-kompass-standort\/#primaryimage"},"image":{"@id":"https:\/\/www.mehrgenerationenhaus-hassfurt.de\/mgh\/digital-kompass-standort\/#primaryimage"},"thumbnailUrl":"https:\/\/www.mehrgenerationenhaus-hassfurt.de\/mgh\/wp-cnt\/uploads\/digikomp_coll_rr02_580-1.jpg","datePublished":"2020-10-09T13:45:11+00:00","dateModified":"2024-10-22T19:51:39+00:00","description":"Das MGH Ha\u00dffurt ist Digital-Kompass-Standort und unterst\u00fctzt als solcher \u00e4ltere Menschen im Umgang mit digitalen Medien und Ger\u00e4ten.","breadcrumb":{"@id":"https:\/\/www.mehrgenerationenhaus-hassfurt.de\/mgh\/digital-kompass-standort\/#breadcrumb"},"inLanguage":"de","potentialAction":[{"@type":"ReadAction","target":["https:\/\/www.mehrgenerationenhaus-hassfurt.de\/mgh\/digital-kompass-standort\/"]}]},{"@type":"ImageObject","inLanguage":"de","@id":"https:\/\/www.mehrgenerationenhaus-hassfurt.de\/mgh\/digital-kompass-standort\/#primaryimage","url":"https:\/\/www.mehrgenerationenhaus-hassfurt.de\/mgh\/wp-cnt\/uploads\/digikomp_coll_rr02_580-1.jpg","contentUrl":"https:\/\/www.mehrgenerationenhaus-hassfurt.de\/mgh\/wp-cnt\/uploads\/digikomp_coll_rr02_580-1.jpg","width":580,"height":125,"caption":"Digital-Kompass-Standort (Fotos: Ren\u00e9 Ruprecht)"},{"@type":"BreadcrumbList","@id":"https:\/\/www.mehrgenerationenhaus-hassfurt.de\/mgh\/digital-kompass-standort\/#breadcrumb","itemListElement":[{"@type":"ListItem","position":1,"name":"Startseite","item":"https:\/\/www.mehrgenerationenhaus-hassfurt.de\/mgh\/"},{"@type":"ListItem","position":2,"name":"Digital-Kompass-Standort"}]},{"@type":"WebSite","@id":"https:\/\/www.mehrgenerationenhaus-hassfurt.de\/mgh\/#website","url":"https:\/\/www.mehrgenerationenhaus-hassfurt.de\/mgh\/","name":"Mehrgenerationenhaus Ha\u00dffurt","description":"Mehrgenerationenhaus Ha\u00dffurt","publisher":{"@id":"https:\/\/www.mehrgenerationenhaus-hassfurt.de\/mgh\/#organization"},"potentialAction":[{"@type":"SearchAction","target":{"@type":"EntryPoint","urlTemplate":"https:\/\/www.mehrgenerationenhaus-hassfurt.de\/mgh\/?s={search_term_string}"},"query-input":{"@type":"PropertyValueSpecification","valueRequired":true,"valueName":"search_term_string"}}],"inLanguage":"de"},{"@type":"Organization","@id":"https:\/\/www.mehrgenerationenhaus-hassfurt.de\/mgh\/#organization","name":"Mehrgenerationenhaus Ha\u00dffurt","url":"https:\/\/www.mehrgenerationenhaus-hassfurt.de\/mgh\/","logo":{"@type":"ImageObject","inLanguage":"de","@id":"https:\/\/www.mehrgenerationenhaus-hassfurt.de\/mgh\/#\/schema\/logo\/image\/","url":"https:\/\/www.mehrgenerationenhaus-hassfurt.de\/mgh\/wp-cnt\/uploads\/MGH_Logo_2020_hassfurt-scaled.jpg","contentUrl":"https:\/\/www.mehrgenerationenhaus-hassfurt.de\/mgh\/wp-cnt\/uploads\/MGH_Logo_2020_hassfurt-scaled.jpg","width":2560,"height":1162,"caption":"Mehrgenerationenhaus Ha\u00dffurt"},"image":{"@id":"https:\/\/www.mehrgenerationenhaus-hassfurt.de\/mgh\/#\/schema\/logo\/image\/"},"sameAs":["https:\/\/de-de.facebook.com\/mehrgenerationenhausHAS\/"]}]}},"publishpress_future_workflow_manual_trigger":{"enabledWorkflows":[]},"_links":{"self":[{"href":"https:\/\/www.mehrgenerationenhaus-hassfurt.de\/mgh\/wp-json\/wp\/v2\/pages\/50051","targetHints":{"allow":["GET"]}}],"collection":[{"href":"https:\/\/www.mehrgenerationenhaus-hassfurt.de\/mgh\/wp-json\/wp\/v2\/pages"}],"about":[{"href":"https:\/\/www.mehrgenerationenhaus-hassfurt.de\/mgh\/wp-json\/wp\/v2\/types\/page"}],"author":[{"embeddable":true,"href":"https:\/\/www.mehrgenerationenhaus-hassfurt.de\/mgh\/wp-json\/wp\/v2\/users\/5"}],"replies":[{"embeddable":true,"href":"https:\/\/www.mehrgenerationenhaus-hassfurt.de\/mgh\/wp-json\/wp\/v2\/comments?post=50051"}],"version-history":[{"count":0,"href":"https:\/\/www.mehrgenerationenhaus-hassfurt.de\/mgh\/wp-json\/wp\/v2\/pages\/50051\/revisions"}],"wp:attachment":[{"href":"https:\/\/www.mehrgenerationenhaus-hassfurt.de\/mgh\/wp-json\/wp\/v2\/media?parent=50051"}],"curies":[{"name":"wp","href":"https:\/\/api.w.org\/{rel}","templated":true}]}}