{"id":50345,"date":"2020-11-16T15:06:31","date_gmt":"2020-11-16T14:06:31","guid":{"rendered":"https:\/\/www.mehrgenerationenhaus-hassfurt.de\/mgh\/?page_id=50345"},"modified":"2020-11-20T14:09:52","modified_gmt":"2020-11-20T13:09:52","slug":"freiwilligenagentur","status":"publish","type":"page","link":"https:\/\/www.mehrgenerationenhaus-hassfurt.de\/mgh\/freiwilligenagentur\/","title":{"rendered":"MGH-Freiwilligenagentur"},"content":{"rendered":"<h1 style=\"margin-top: 52px; margin-bottom: 60px;\">MGH-Freiwilligenagentur<img loading=\"lazy\" decoding=\"async\" style=\"margin-top: -63px; margin-right: -20px; margin-bottom: 0px;\" class=\"alignright wp-image-50374\" src=\"https:\/\/www.mehrgenerationenhaus-hassfurt.de\/mgh\/wp-cnt\/uploads\/lagfa-Logo_2019_mit-Text_weiss_rgb-300x119.jpg\" alt=\"Logo der lagfa Bayern e.V.\" width=\"250\" height=\"99\" srcset=\"https:\/\/www.mehrgenerationenhaus-hassfurt.de\/mgh\/wp-cnt\/uploads\/lagfa-Logo_2019_mit-Text_weiss_rgb-300x119.jpg 300w, https:\/\/www.mehrgenerationenhaus-hassfurt.de\/mgh\/wp-cnt\/uploads\/lagfa-Logo_2019_mit-Text_weiss_rgb-768x303.jpg 768w, https:\/\/www.mehrgenerationenhaus-hassfurt.de\/mgh\/wp-cnt\/uploads\/lagfa-Logo_2019_mit-Text_weiss_rgb.jpg 1000w\" sizes=\"auto, (max-width: 250px) 100vw, 250px\"><\/h1>\n<p>Ob ju\u00adgend\u00adlich, mit\u00adten im Be\u00adrufs\u00adle\u00adben oder be\u00adreits im Ren\u00adten\u00adal\u00adter: je\u00adder hat das rich\u00adti\u00adge Al\u00adter f\u00fcr ein <strong>frei\u00adwil\u00adli\u00adges En\u00adga\u00adge\u00adment<\/strong>. Ge\u00adra\u00adde die Co\u00adro\u00adna\u00adkri\u00adse hat uns ge\u00adzeigt, wie wich\u00adtig es ist, zu\u00adsam\u00admen\u00adzu\u00adhal\u00adten und sich so\u00adli\u00adda\u00adrisch zu zei\u00adgen. Doch wo wen\u00addet man sich hin, wenn man ger\u00adne mit\u00adan\u00adpa\u00adcken oder je\u00adman\u00adden un\u00adter\u00adst\u00fct\u00adzen m\u00f6ch\u00adte, je\u00addoch kei\u00adnen kennt, der Hil\u00adfe braucht\u2026<\/p>\n<p>Die <span style=\"color: #0094d1;\"><strong>Frei\u00adwil\u00adli\u00adgen\u00adagen\u00adtur Mehr\u00adge\u00adne\u00adra\u00adtio\u00adnen\u00adhaus<\/strong><\/span> Ha\u00df\u00adfurt ist zen\u00adtra\u00adle, nied\u00adrig\u00adschwel\u00adli\u00adge und ge\u00adne\u00adra\u00adtions\u00ad\u00fcber\u00adgrei\u00adfen\u00adde Anlaufstelle.<\/p>\n<p>Als Mit\u00adglied der lag\u00adfa Bay\u00adern e.V. in\u00adfor\u00admie\u00adren und be\u00adgeis\u00adtern wir Men\u00adschen al\u00adler Ge\u00adne\u00adra\u00adtio\u00adnen und Kul\u00adtu\u00adren, sich f\u00fcr eine so\u00adli\u00adda\u00adri\u00adsche Ge\u00adsell\u00adschaft zu engagieren.<\/p>\n<ul>\n<li>Un\u00adter dem Mot\u00adto <strong><span class=\"push-double\"><\/span>\u200b<span class=\"pull-double\">\u201e<\/span>Mit\u00adein\u00adan\u00adder \u2013 F\u00fcr\u00adein\u00adan\u00adder\u201c<\/strong> <strong>in\u00adfor\u00admie\u00adren<\/strong> und <strong>be\u00adra\u00adten<\/strong> wir B\u00fcr\u00adge\u00adrin\u00adnen und B\u00fcr\u00adger al\u00adler Al\u00adters\u00adklas\u00adsen, Or\u00adga\u00adni\u00adsa\u00adtio\u00adnen und Ver\u00adei\u00adne \u00fcber viel\u00adf\u00e4l\u00adti\u00adge En\u00adga\u00adge\u00adment\u00adm\u00f6g\u00adlich\u00adkei\u00adten im So\u00adzi\u00adal\u00adraum und ver\u00admit\u00adteln sie in pass\u00adge\u00adnaue Engagementfelder.<\/li>\n<li>Wir bin\u00adden B\u00fcr\u00adge\u00adrin\u00adnen und B\u00fcr\u00adger <strong>ak\u00adtiv<\/strong> in die Ge\u00adstal\u00adtung des So\u00adzi\u00adal\u00adrau\u00admes ein, nut\u00adzen ihr <strong>Er\u00adfah\u00adrungs\u00adwis\u00adsen<\/strong> und er\u00adm\u00f6g\u00adli\u00adchen ih\u00adnen, ein <strong>sinn\u00adstif\u00adten\u00addes En\u00adga\u00adge\u00adment<\/strong> auszu\u00fcben.<\/li>\n<li>Wir <strong>un\u00adter\u00adst\u00fct\u00adzen<\/strong> und <strong>be\u00adra\u00adten<\/strong> ge\u00admein\u00adwohl\u00adori\u00aden\u00adtier\u00adte Or\u00adga\u00adni\u00adsa\u00adtio\u00adnen, Ver\u00adei\u00adne, In\u00aditia\u00adti\u00adven und Ein\u00adrich\u00adtun\u00adgen, die mit Frei\u00adwil\u00adli\u00adgen zu\u00adsam\u00admen\u00adar\u00adbei\u00adten m\u00f6ch\u00adten und sich Sor\u00adgen um den Nach\u00adwuchs machen.<\/li>\n<li>Wir <strong>be\u00adglei\u00adten<\/strong> und <strong>be\u00adtreu\u00aden<\/strong> frei\u00adwil\u00adlig En\u00adga\u00adgier\u00adte pro\u00adfes\u00adsio\u00adnell und ar\u00adbei\u00adten ge\u00admein\u00adsam mit ih\u00adnen an neu\u00aden Her\u00adaus\u00adfor\u00adde\u00adrun\u00adgen zu den The\u00admen des Gemeinwohls.<\/li>\n<\/ul>\n<h3 style=\"text-align: center;\"><span style=\"color: #0094d1;\">Mach mit!<\/span><br>\n<span style=\"color: #0094d1;\">Engagiere dich!<\/span><br>\n<span style=\"color: #0094d1;\">Analog und digital!<\/span><br>\n<span style=\"color: #333;\">\u2026denn ENGAGEMENT MACHT STARK!<\/span><\/h3>\n<h4><strong>B\u00fcrgerinnen und B\u00fcrger, Vereine und Initiativen, Organisationen und Unternehmen k\u00f6nnen sich zu jeder Zeit im Mehr\u00adgenera\u00adtionen\u00adhaus Ha\u00dffurt melden:<\/strong><\/h4>\n<p><a href=\"https:\/\/www.mehrgenerationenhaus-hassfurt.de\/mgh\/wp-cnt\/uploads\/engagement_1000.jpg\" data-src=\"https:\/\/www.mehrgenerationenhaus-hassfurt.de\/mgh\/wp-cnt\/uploads\/engagement_1000.jpg\" data-thumb=\"https:\/\/www.mehrgenerationenhaus-hassfurt.de\/mgh\/wp-cnt\/uploads\/engagement_580.jpg\" class=\"ml-lightbox-enabled\"><img loading=\"lazy\" decoding=\"async\" class=\"alignnone wp-image-50350 size-full\" src=\"https:\/\/www.mehrgenerationenhaus-hassfurt.de\/mgh\/wp-cnt\/uploads\/engagement_580.jpg\" alt=\"Freiwilligenagentur MGH Ha\u00dffurt\" width=\"580\" height=\"260\" srcset=\"https:\/\/www.mehrgenerationenhaus-hassfurt.de\/mgh\/wp-cnt\/uploads\/engagement_580.jpg 580w, https:\/\/www.mehrgenerationenhaus-hassfurt.de\/mgh\/wp-cnt\/uploads\/engagement_580-300x134.jpg 300w\" sizes=\"auto, (max-width: 580px) 100vw, 580px\"><\/a><\/p>\n<p><strong>Mehr\u00adge\u00adne\u00adra\u00adtio\u00adnen\u00adhaus Ha\u00dffurt<\/strong><br>\nBaye\u00adri\u00adsches Ro\u00adtes Kreuz<br>\nKreis\u00adver\u00adband Ha\u00dfberge<br>\nMarkt\u00adplatz 10<br>\n97437 Ha\u00dffurt<br>\nTe\u00adle\u00adfon: 09521 952825\u20130<br>\nTe\u00adle\u00adfax: 09521 952825\u201320<br>\nE Mail: <a href=\"https:\/\/www.mehrgenerationenhaus-hassfurt.de\/mgh\/kontaktformular\/\">mghhassfurt.kv-has@brk.de <\/a><\/p>\n<p>Zur Sei\u00adte der Lan\u00addes\u00adar\u00adbeits\u00adge\u00admein\u00adschaft der Frei\u00adwil\u00adli\u00adgen\u00adagen\u00adtu\u00adren \/ Frei\u00adwil\u00adli\u00adgen-Zen\u00adtren \/ Ko\u00ador\u00addi\u00adnie\u00adrungs\u00adzen\u00adtren B\u00fcr\u00adger\u00adschaft\u00adli\u00adches En\u00adga\u00adge\u00adment in Bay\u00adern ge\u00adlangt man \u00fcber die of\u00adfi\u00adzi\u00adel\u00adle Home\u00adpage der lag\u00adfa Bay\u00adern e.V. \u00fcber fol\u00adgen\u00adden Link: <a href=\"http:\/\/www.lagfa-bayern.de\" target=\"_blank\" rel=\"noopener noreferrer\">www.lagfa-bayern.de<\/a><\/p>\n<hr>\n<p><strong>Links zum Thema:<\/strong><\/p>\n<ul style=\"list-style-type: '\u2192 &nbsp;';\">\n<li>Pres\u00adse\u00adar\u00adti\u00adkel: <a href=\"https:\/\/www.mehrgenerationenhaus-hassfurt.de\/mgh\/freiwilligenmanagement-auf-augenhoehe\/\">Frei\u00adwil\u00adli\u00adgen\u00adma\u00adnage\u00adment auf Augenh\u00f6he<\/a><\/li>\n<\/ul>\n","protected":false},"excerpt":{"rendered":"<p>MGH-Frei\u00adwil\u00adli\u00adgen\u00adagen\u00adtur Ob ju\u00adgend\u00adlich, mit\u00adten im Be\u00adrufs\u00adle\u00adben oder be\u00adreits im Ren\u00adten\u00adal\u00adter: je\u00adder hat das rich\u00adti\u00adge Al\u00adter f\u00fcr ein frei\u00adwil\u00adli\u00adges En\u00adga\u00adge\u00adment. Ge\u00adra\u00adde die Co\u00adro\u00adna\u00adkri\u00adse hat uns ge\u00adzeigt, wie wich\u00adtig es ist, zu\u00adsam\u00admen\u00adzu\u00adhal\u00adten und sich so\u00adli\u00adda\u00adrisch zu zei\u00adgen. Doch wo wen\u00addet man sich hin, wenn man ger\u00adne mit\u00adan\u00adpa\u00adcken oder je\u00adman\u00adden un\u00adter\u00adst\u00fct\u00adzen m\u00f6ch\u00adte, je\u00addoch kei\u00adnen kennt, der Hil\u00adfe braucht\u2026&nbsp;<\/p>\n<p class=\"excerpt-link\"><a class=\"read-more\" href=\"https:\/\/www.mehrgenerationenhaus-hassfurt.de\/mgh\/freiwilligenagentur\/\">Read More \u2192<\/a><\/p>\n","protected":false},"author":3,"featured_media":0,"parent":0,"menu_order":0,"comment_status":"closed","ping_status":"closed","template":"","meta":{"inline_featured_image":false,"wp_typography_post_enhancements_disabled":false,"_mc_calendar":[],"footnotes":""},"class_list":["post-50345","page","type-page","status-publish","hentry"],"yoast_head":"<!-- This site is optimized with the Yoast SEO plugin v27.3 - https:\/\/yoast.com\/product\/yoast-seo-wordpress\/ -->\n<title>MGH-Freiwilligenagentur | Mehrgenerationenhaus Ha\u00dffurt<\/title>\n<meta name=\"description\" content=\"Die Freiwilligenagentur Mehrgenerationenhaus Ha\u00dffurt ist zentrale, niedrigschwellige und generations\u00fcbergreifende Anlaufstelle.\" \/>\n<meta name=\"robots\" content=\"index, follow, max-snippet:-1, max-image-preview:large, max-video-preview:-1\" \/>\n<link rel=\"canonical\" href=\"https:\/\/www.mehrgenerationenhaus-hassfurt.de\/mgh\/freiwilligenagentur\/\" \/>\n<meta property=\"og:locale\" content=\"de_DE\" \/>\n<meta property=\"og:type\" content=\"article\" \/>\n<meta property=\"og:title\" content=\"MGH-Freiwilligenagentur | Mehrgenerationenhaus Ha\u00dffurt\" \/>\n<meta property=\"og:description\" content=\"Die Freiwilligenagentur Mehrgenerationenhaus Ha\u00dffurt ist zentrale, niedrigschwellige und generations\u00fcbergreifende Anlaufstelle.\" \/>\n<meta property=\"og:url\" content=\"https:\/\/www.mehrgenerationenhaus-hassfurt.de\/mgh\/freiwilligenagentur\/\" \/>\n<meta property=\"og:site_name\" content=\"Mehrgenerationenhaus Ha\u00dffurt\" \/>\n<meta property=\"article:publisher\" content=\"https:\/\/de-de.facebook.com\/mehrgenerationenhausHAS\/\" \/>\n<meta property=\"article:modified_time\" content=\"2020-11-20T13:09:52+00:00\" \/>\n<meta property=\"og:image\" content=\"https:\/\/www.mehrgenerationenhaus-hassfurt.de\/mgh\/wp-cnt\/uploads\/lagfa-Logo_2019_mit-Text_weiss_rgb-300x119.jpg\" \/>\n<!-- \/ Yoast SEO plugin. -->","yoast_head_json":{"title":"MGH-Freiwilligenagentur | Mehrgenerationenhaus Ha\u00dffurt","description":"Die Freiwilligenagentur Mehrgenerationenhaus Ha\u00dffurt ist zentrale, niedrigschwellige und generations\u00fcbergreifende Anlaufstelle.","robots":{"index":"index","follow":"follow","max-snippet":"max-snippet:-1","max-image-preview":"max-image-preview:large","max-video-preview":"max-video-preview:-1"},"canonical":"https:\/\/www.mehrgenerationenhaus-hassfurt.de\/mgh\/freiwilligenagentur\/","og_locale":"de_DE","og_type":"article","og_title":"MGH-Freiwilligenagentur | Mehrgenerationenhaus Ha\u00dffurt","og_description":"Die Freiwilligenagentur Mehrgenerationenhaus Ha\u00dffurt ist zentrale, niedrigschwellige und generations\u00fcbergreifende Anlaufstelle.","og_url":"https:\/\/www.mehrgenerationenhaus-hassfurt.de\/mgh\/freiwilligenagentur\/","og_site_name":"Mehrgenerationenhaus Ha\u00dffurt","article_publisher":"https:\/\/de-de.facebook.com\/mehrgenerationenhausHAS\/","article_modified_time":"2020-11-20T13:09:52+00:00","og_image":[{"url":"https:\/\/www.mehrgenerationenhaus-hassfurt.de\/mgh\/wp-cnt\/uploads\/lagfa-Logo_2019_mit-Text_weiss_rgb-300x119.jpg","type":"","width":"","height":""}],"schema":{"@context":"https:\/\/schema.org","@graph":[{"@type":"WebPage","@id":"https:\/\/www.mehrgenerationenhaus-hassfurt.de\/mgh\/freiwilligenagentur\/","url":"https:\/\/www.mehrgenerationenhaus-hassfurt.de\/mgh\/freiwilligenagentur\/","name":"MGH-Freiwilligenagentur | Mehrgenerationenhaus Ha\u00dffurt","isPartOf":{"@id":"https:\/\/www.mehrgenerationenhaus-hassfurt.de\/mgh\/#website"},"primaryImageOfPage":{"@id":"https:\/\/www.mehrgenerationenhaus-hassfurt.de\/mgh\/freiwilligenagentur\/#primaryimage"},"image":{"@id":"https:\/\/www.mehrgenerationenhaus-hassfurt.de\/mgh\/freiwilligenagentur\/#primaryimage"},"thumbnailUrl":"https:\/\/www.mehrgenerationenhaus-hassfurt.de\/mgh\/wp-cnt\/uploads\/lagfa-Logo_2019_mit-Text_weiss_rgb-300x119.jpg","datePublished":"2020-11-16T14:06:31+00:00","dateModified":"2020-11-20T13:09:52+00:00","description":"Die Freiwilligenagentur Mehrgenerationenhaus Ha\u00dffurt ist zentrale, niedrigschwellige und generations\u00fcbergreifende Anlaufstelle.","breadcrumb":{"@id":"https:\/\/www.mehrgenerationenhaus-hassfurt.de\/mgh\/freiwilligenagentur\/#breadcrumb"},"inLanguage":"de","potentialAction":[{"@type":"ReadAction","target":["https:\/\/www.mehrgenerationenhaus-hassfurt.de\/mgh\/freiwilligenagentur\/"]}]},{"@type":"ImageObject","inLanguage":"de","@id":"https:\/\/www.mehrgenerationenhaus-hassfurt.de\/mgh\/freiwilligenagentur\/#primaryimage","url":"https:\/\/www.mehrgenerationenhaus-hassfurt.de\/mgh\/wp-cnt\/uploads\/lagfa-Logo_2019_mit-Text_weiss_rgb.jpg","contentUrl":"https:\/\/www.mehrgenerationenhaus-hassfurt.de\/mgh\/wp-cnt\/uploads\/lagfa-Logo_2019_mit-Text_weiss_rgb.jpg","width":1000,"height":395,"caption":"Logo der lagfa Bayern e.V."},{"@type":"BreadcrumbList","@id":"https:\/\/www.mehrgenerationenhaus-hassfurt.de\/mgh\/freiwilligenagentur\/#breadcrumb","itemListElement":[{"@type":"ListItem","position":1,"name":"Startseite","item":"https:\/\/www.mehrgenerationenhaus-hassfurt.de\/mgh\/"},{"@type":"ListItem","position":2,"name":"MGH-Freiwilligenagentur"}]},{"@type":"WebSite","@id":"https:\/\/www.mehrgenerationenhaus-hassfurt.de\/mgh\/#website","url":"https:\/\/www.mehrgenerationenhaus-hassfurt.de\/mgh\/","name":"Mehrgenerationenhaus Ha\u00dffurt","description":"Mehrgenerationenhaus Ha\u00dffurt","publisher":{"@id":"https:\/\/www.mehrgenerationenhaus-hassfurt.de\/mgh\/#organization"},"potentialAction":[{"@type":"SearchAction","target":{"@type":"EntryPoint","urlTemplate":"https:\/\/www.mehrgenerationenhaus-hassfurt.de\/mgh\/?s={search_term_string}"},"query-input":{"@type":"PropertyValueSpecification","valueRequired":true,"valueName":"search_term_string"}}],"inLanguage":"de"},{"@type":"Organization","@id":"https:\/\/www.mehrgenerationenhaus-hassfurt.de\/mgh\/#organization","name":"Mehrgenerationenhaus Ha\u00dffurt","url":"https:\/\/www.mehrgenerationenhaus-hassfurt.de\/mgh\/","logo":{"@type":"ImageObject","inLanguage":"de","@id":"https:\/\/www.mehrgenerationenhaus-hassfurt.de\/mgh\/#\/schema\/logo\/image\/","url":"https:\/\/www.mehrgenerationenhaus-hassfurt.de\/mgh\/wp-cnt\/uploads\/MGH_Logo_2020_hassfurt-scaled.jpg","contentUrl":"https:\/\/www.mehrgenerationenhaus-hassfurt.de\/mgh\/wp-cnt\/uploads\/MGH_Logo_2020_hassfurt-scaled.jpg","width":2560,"height":1162,"caption":"Mehrgenerationenhaus Ha\u00dffurt"},"image":{"@id":"https:\/\/www.mehrgenerationenhaus-hassfurt.de\/mgh\/#\/schema\/logo\/image\/"},"sameAs":["https:\/\/de-de.facebook.com\/mehrgenerationenhausHAS\/"]}]}},"publishpress_future_workflow_manual_trigger":{"enabledWorkflows":[]},"_links":{"self":[{"href":"https:\/\/www.mehrgenerationenhaus-hassfurt.de\/mgh\/wp-json\/wp\/v2\/pages\/50345","targetHints":{"allow":["GET"]}}],"collection":[{"href":"https:\/\/www.mehrgenerationenhaus-hassfurt.de\/mgh\/wp-json\/wp\/v2\/pages"}],"about":[{"href":"https:\/\/www.mehrgenerationenhaus-hassfurt.de\/mgh\/wp-json\/wp\/v2\/types\/page"}],"author":[{"embeddable":true,"href":"https:\/\/www.mehrgenerationenhaus-hassfurt.de\/mgh\/wp-json\/wp\/v2\/users\/3"}],"replies":[{"embeddable":true,"href":"https:\/\/www.mehrgenerationenhaus-hassfurt.de\/mgh\/wp-json\/wp\/v2\/comments?post=50345"}],"version-history":[{"count":0,"href":"https:\/\/www.mehrgenerationenhaus-hassfurt.de\/mgh\/wp-json\/wp\/v2\/pages\/50345\/revisions"}],"wp:attachment":[{"href":"https:\/\/www.mehrgenerationenhaus-hassfurt.de\/mgh\/wp-json\/wp\/v2\/media?parent=50345"}],"curies":[{"name":"wp","href":"https:\/\/api.w.org\/{rel}","templated":true}]}}