{"id":50644,"date":"2021-01-11T22:54:10","date_gmt":"2021-01-11T21:54:10","guid":{"rendered":"https:\/\/www.mehrgenerationenhaus-hassfurt.de\/mgh\/?p=50644"},"modified":"2025-04-22T09:19:04","modified_gmt":"2025-04-22T07:19:04","slug":"gemeinsam-statt-einsam-patenschaften","status":"publish","type":"page","link":"https:\/\/www.mehrgenerationenhaus-hassfurt.de\/mgh\/angebote\/gemeinsam-statt-einsam-patenschaften\/","title":{"rendered":"GEMEINSAM statt EINSAM \u2013 Patenschaften"},"content":{"rendered":"<h2 style=\"margin-top: -20px;\">f\u00fcr und von \u00c4lteren und Hochbetagten<\/h2>\n<p><img loading=\"lazy\" decoding=\"async\" src=\"https:\/\/www.mehrgenerationenhaus-hassfurt.de\/mgh\/wp-cnt\/uploads\/gemeinsam-statt-einsam2025_c580.jpg\" alt=\"GEMEINSAM statt EINSAM - Patenschaften f\u00fcr und von \u00c4lteren und Hochbetagten\" width=\"580\" height=\"125\" class=\"alignnone size-full wp-image-55052\" srcset=\"https:\/\/www.mehrgenerationenhaus-hassfurt.de\/mgh\/wp-cnt\/uploads\/gemeinsam-statt-einsam2025_c580.jpg 580w, https:\/\/www.mehrgenerationenhaus-hassfurt.de\/mgh\/wp-cnt\/uploads\/gemeinsam-statt-einsam2025_c580-300x65.jpg 300w\" sizes=\"auto, (max-width: 580px) 100vw, 580px\"><\/p>\n<p>Im Mehr\u00adge\u00adne\u00adra\u00adtio\u00adnen\u00adhaus Ha\u00df\u00adfurt wer\u00adden die Prin\u00adzi\u00adpi\u00aden der Gro\u00df\u00adfa\u00admi\u00adlie in mo\u00adder\u00adne For\u00admen \u00fcber\u00adtra\u00adgen. Alle Al\u00adters\u00adgrup\u00adpen ha\u00adben in den of\u00adfe\u00adnen Ta\u00adges\u00adtreff\u00adpunk\u00adten ih\u00adren Platz. Alt und Jung ver\u00adbrin\u00adgen ge\u00admein\u00adsa\u00adme Stun\u00adden, es\u00adsen und spie\u00adlen ge\u00admein\u00adsam, ler\u00adnen mit- und von\u00adein\u00adan\u00adder, un\u00adter\u00adst\u00fct\u00adzen sich ge\u00adgen\u00adsei\u00adtig oder neh\u00admen an\u00adge\u00adbo\u00adte\u00adne Dienst\u00adleis\u00adtun\u00adgen wahr. <span class=\"push-double\"><\/span>\u200b<span class=\"pull-double\">\u201e<\/span>Mit\u00adein\u00adan\u00adder \u2013 F\u00fcr\u00adein\u00adan\u00adder\u201c \u2013 die\u00adses Mot\u00adto er\u00adwe\u00adcken wir zum Leben.&nbsp;<\/p>\n<h2>GEMEINSAM statt EINSAM<\/h2>\n<p>Mit dem Pro\u00adjekt <span class=\"push-double\"><\/span>\u200b<span class=\"pull-double\">\u201e<\/span>GE\u00adMEIN\u00adSAM statt EIN\u00adSAM \u2013 Pa\u00adten\u00adschaf\u00adten f\u00fcr und von \u00c4l\u00adte\u00adren und Hoch\u00adbe\u00adtag\u00adten\u201c wird eine An\u00adge\u00adbots\u00adstruk\u00adtur ge\u00adschaf\u00adfen, die auf den Be\u00addarf und das In\u00adter\u00ades\u00adse der \u00e4l\u00adte\u00adren Mit\u00adb\u00fcr\u00adger ab\u00adge\u00adstimmt ist. Zu\u00ads\u00e4tz\u00adlich schaf\u00adfen wir eine At\u00admo\u00adsph\u00e4\u00adre, in der sich alle Ge\u00adne\u00adra\u00adtio\u00adnen wohl\u00adf\u00fch\u00adlen, die Kom\u00admu\u00adni\u00adka\u00adti\u00adon zwi\u00adschen Alt und Jung f\u00f6r\u00addert und ein wirk\u00adli\u00adches In\u00adter\u00ades\u00adse f\u00fcr\u00adein\u00adan\u00adder ent\u00adwi\u00adckelt wird. Durch ge\u00adne\u00adra\u00adtio\u00adnen\u00ad\u00fcber\u00adgrei\u00adfen\u00adde und pro\u00adfes\u00adsio\u00adnell be\u00adglei\u00adte\u00adte An\u00adge\u00adbo\u00adte kann die \u00e4l\u00adte\u00adre Ge\u00adne\u00adra\u00adti\u00adon ihre Po\u00adten\u00adzia\u00adle f\u00fcr das Ge\u00admein\u00adwohl ein\u00adbrin\u00adgen und die j\u00fcn\u00adge\u00adre Ge\u00adne\u00adra\u00adti\u00adon dies in Form von Un\u00adter\u00adst\u00fct\u00adzung an die \u00c4l\u00adte\u00adren zu\u00adr\u00fcck\u00adge\u00adben. Ein so\u00adli\u00adda\u00adri\u00adsches Ge\u00adben und Neh\u00admen, das wir mit un\u00adse\u00adren Part\u00adnern im Netz\u00adwerk steu\u00adern und um\u00adset\u00adzen. In\u00addem wir das b\u00fcr\u00adger\u00adschaft\u00adli\u00adche En\u00adga\u00adge\u00adment der \u00c4l\u00adte\u00adren im Pro\u00adjekt <span class=\"push-double\"><\/span>\u200b<span class=\"pull-double\">\u201e<\/span>GE\u00adMEIN\u00adSAM statt EIN\u00adSAM\u201c in Form von vie\u00adlen Pa\u00adten\u00adschaf\u00adten nut\u00adzen, f\u00f6r\u00addern wir die Selbst\u00adst\u00e4n\u00addig\u00adkeit und Selbst\u00adver\u00adant\u00adwor\u00adtung der \u00e4l\u00adte\u00adren Ge\u00adne\u00adra\u00adti\u00adon und tra\u00adgen dazu bei, dass die\u00adse nicht ein\u00adsam&nbsp;sind.&nbsp;<\/p>\n<h2>Intergenerative Beziehungen<\/h2>\n<p>Als Be\u00adgeg\u00adnungs\u00adst\u00e4t\u00adte f\u00f6r\u00addern wir die ge\u00adsell\u00adschaft\u00adli\u00adche Teil\u00adha\u00adbe. Das Pro\u00adjekt \u00fcbt po\u00adsi\u00adti\u00adven Ein\u00adfluss auf den Zu\u00adsam\u00admen\u00adhalt der Ge\u00adne\u00adra\u00adtio\u00adnen aus. Un\u00adter dem Mot\u00adto: <span class=\"push-double\"><\/span>\u200b<span class=\"pull-double\">\u201e<\/span>mit\u00adma\u00adchen, mit\u00adge\u00adstal\u00adten und mit\u00adent\u00adschei\u00adden\u201c sind zahl\u00adrei\u00adche Un\u00adter\u00adst\u00fct\u00adzungs\u00adan\u00adge\u00adbo\u00adte entstanden.&nbsp;<\/p>\n<p>Die in\u00adter\u00adge\u00adne\u00adra\u00adti\u00adven Be\u00adzie\u00adhun\u00adgen be\u00adwir\u00adken den Ab\u00adbau von Vor\u00adur\u00adtei\u00adlen und bie\u00adten die Grund\u00adla\u00adge, Er\u00adfah\u00adrungs\u00adwis\u00adsen aus\u00adzu\u00adtau\u00adschen und von den je\u00adwei\u00adli\u00adgen Kom\u00adpe\u00adten\u00adzen der an\u00adde\u00adren Ge\u00adne\u00adra\u00adti\u00adon zu pro\u00adfi\u00adtie\u00adren. Da\u00addurch wird die Le\u00adbens\u00adqua\u00adli\u00adt\u00e4t der vor\u00adwie\u00adgend \u00e4l\u00adte\u00adren Ge\u00adne\u00adra\u00adti\u00adon er\u00adhal\u00adten, ge\u00adstei\u00adgert und der Ein\u00adsam\u00adkeit entgegengewirkt.&nbsp;<\/p>\n<p>Die Pa\u00adten\u00adschaf\u00adten fin\u00adden in un\u00adter\u00adschied\u00adli\u00adcher Wei\u00adse statt: So tref\u00adfen sich Jung und Alt w\u00f6\u00adchent\u00adlich zum ge\u00admein\u00adsa\u00admen Spa\u00adzie\u00adren und Re\u00adden, zum Kar\u00adten\u00adspie\u00adlen, zum krea\u00adti\u00adven Ge\u00adstal\u00adten, zum Ein\u00adkau\u00adfen, zum Le\u00adsen, um sich in der di\u00adgi\u00adta\u00adlen Welt zu\u00adrecht zu fin\u00adden oder um ge\u00admein\u00adsa\u00adme Un\u00adter\u00adneh\u00admun\u00adgen zu ma\u00adchen. Die in\u00adter\u00adge\u00adne\u00adra\u00adti\u00adven Be\u00adgeg\u00adnun\u00adgen f\u00f6r\u00addern den ge\u00adsell\u00adschaft\u00adli\u00adchen Zu\u00adsam\u00admen\u00adhalt und das Wohl\u00adbe\u00adfin\u00adden al\u00adler Beteiligten.<\/p>\n<div>\n<table>\n<tbody>\n<tr>\n<th align=\"left\" valign=\"top\">Wo<\/th>\n<td class=\"cellgray\">Mehr\u00adge\u00adne\u00adra\u00adtio\u00adnen\u00adhaus Ha\u00dffurt<br>\nBRK Kreis\u00adver\u00adband Ha\u00dfberge<br>\nMarkt\u00adplatz 10<br>\n97437 Ha\u00dffurt<\/td>\n<\/tr>\n<tr>\n<th align=\"left\" valign=\"top\">Wann<\/th>\n<td class=\"cellgray\">je\u00adder\u00adzeit<\/td>\n<\/tr>\n<tr>\n<th align=\"left\" valign=\"top\">Kon\u00adtakt\n<\/th><td class=\"cellgray\" align=\"left\" valign=\"top\" width=\"430\">Tel.: 09521 \u2013 952825\u20130<br>\nE\u2011Mail: <a href=\"https:\/\/www.mehrgenerationenhaus-hassfurt.de\/mgh\/kontaktformular\/\">mghhassfurt.kv-has@brk.de <\/a>\n<\/td>\n<\/tr>\n<\/tbody>\n<\/table>\n<\/div>\n","protected":false},"excerpt":{"rendered":"<p>f\u00fcr und von \u00c4l\u00adte\u00adren und Hoch\u00adbe\u00adtag\u00adten Im Mehr\u00adge\u00adne\u00adra\u00adtio\u00adnen\u00adhaus Ha\u00df\u00adfurt wer\u00adden die Prin\u00adzi\u00adpi\u00aden der Gro\u00df\u00adfa\u00admi\u00adlie in mo\u00adder\u00adne For\u00admen \u00fcber\u00adtra\u00adgen. Alle Al\u00adters\u00adgrup\u00adpen ha\u00adben in den of\u00adfe\u00adnen Ta\u00adges\u00adtreff\u00adpunk\u00adten ih\u00adren Platz. Alt und Jung ver\u00adbrin\u00adgen ge\u00admein\u00adsa\u00adme Stun\u00adden, es\u00adsen und spie\u00adlen ge\u00admein\u00adsam, ler\u00adnen mit- und von\u00adein\u00adan\u00adder, un\u00adter\u00adst\u00fct\u00adzen sich ge\u00adgen\u00adsei\u00adtig oder neh\u00admen an\u00adge\u00adbo\u00adte\u00adne Dienst\u00adleis\u00adtun\u00adgen wahr. \u200b\u201eMit\u00adein\u00adan\u00adder \u2013 F\u00fcr\u00adein\u00adan\u00adder\u201c \u2013 die\u00adses Motto&nbsp;<\/p>\n<p class=\"excerpt-link\"><a class=\"read-more\" href=\"https:\/\/www.mehrgenerationenhaus-hassfurt.de\/mgh\/angebote\/gemeinsam-statt-einsam-patenschaften\/\">Read More \u2192<\/a><\/p>\n","protected":false},"author":3,"featured_media":0,"parent":219,"menu_order":0,"comment_status":"closed","ping_status":"closed","template":"","meta":{"inline_featured_image":false,"wp_typography_post_enhancements_disabled":false,"_mc_calendar":[],"footnotes":""},"class_list":["post-50644","page","type-page","status-publish","hentry"],"yoast_head":"<!-- This site is optimized with the Yoast SEO plugin v27.3 - https:\/\/yoast.com\/product\/yoast-seo-wordpress\/ -->\n<title>GEMEINSAM statt EINSAM - Patenschaften | MGH Ha\u00dffurt<\/title>\n<meta name=\"description\" content=\"GEMEINSAM statt EINSAM - Patenschaften f\u00fcr und von \u00c4lteren und Hochbetagten \u00fcbertr\u00e4gt die Prinzipien der Gro\u00dffamilie in moderne...\" \/>\n<meta name=\"robots\" content=\"index, follow, max-snippet:-1, max-image-preview:large, max-video-preview:-1\" \/>\n<link rel=\"canonical\" href=\"https:\/\/www.mehrgenerationenhaus-hassfurt.de\/mgh\/angebote\/gemeinsam-statt-einsam-patenschaften\/\" \/>\n<meta property=\"og:locale\" content=\"de_DE\" \/>\n<meta property=\"og:type\" content=\"article\" \/>\n<meta property=\"og:title\" content=\"GEMEINSAM statt EINSAM - Patenschaften | MGH Ha\u00dffurt\" \/>\n<meta property=\"og:description\" content=\"GEMEINSAM statt EINSAM - Patenschaften f\u00fcr und von \u00c4lteren und Hochbetagten \u00fcbertr\u00e4gt die Prinzipien der Gro\u00dffamilie in moderne...\" \/>\n<meta property=\"og:url\" content=\"https:\/\/www.mehrgenerationenhaus-hassfurt.de\/mgh\/angebote\/gemeinsam-statt-einsam-patenschaften\/\" \/>\n<meta property=\"og:site_name\" content=\"Mehrgenerationenhaus Ha\u00dffurt\" \/>\n<meta property=\"article:publisher\" content=\"https:\/\/de-de.facebook.com\/mehrgenerationenhausHAS\/\" \/>\n<meta property=\"article:modified_time\" content=\"2025-04-22T07:19:04+00:00\" \/>\n<meta property=\"og:image\" content=\"https:\/\/www.mehrgenerationenhaus-hassfurt.de\/mgh\/wp-cnt\/uploads\/gemeinsam-statt-einsam2025_c580.jpg\" \/>\n\t<meta property=\"og:image:width\" content=\"580\" \/>\n\t<meta property=\"og:image:height\" content=\"125\" \/>\n\t<meta property=\"og:image:type\" content=\"image\/jpeg\" \/>\n<!-- \/ Yoast SEO plugin. -->","yoast_head_json":{"title":"GEMEINSAM statt EINSAM - Patenschaften | MGH Ha\u00dffurt","description":"GEMEINSAM statt EINSAM - Patenschaften f\u00fcr und von \u00c4lteren und Hochbetagten \u00fcbertr\u00e4gt die Prinzipien der Gro\u00dffamilie in moderne...","robots":{"index":"index","follow":"follow","max-snippet":"max-snippet:-1","max-image-preview":"max-image-preview:large","max-video-preview":"max-video-preview:-1"},"canonical":"https:\/\/www.mehrgenerationenhaus-hassfurt.de\/mgh\/angebote\/gemeinsam-statt-einsam-patenschaften\/","og_locale":"de_DE","og_type":"article","og_title":"GEMEINSAM statt EINSAM - Patenschaften | MGH Ha\u00dffurt","og_description":"GEMEINSAM statt EINSAM - Patenschaften f\u00fcr und von \u00c4lteren und Hochbetagten \u00fcbertr\u00e4gt die Prinzipien der Gro\u00dffamilie in moderne...","og_url":"https:\/\/www.mehrgenerationenhaus-hassfurt.de\/mgh\/angebote\/gemeinsam-statt-einsam-patenschaften\/","og_site_name":"Mehrgenerationenhaus Ha\u00dffurt","article_publisher":"https:\/\/de-de.facebook.com\/mehrgenerationenhausHAS\/","article_modified_time":"2025-04-22T07:19:04+00:00","og_image":[{"width":580,"height":125,"url":"https:\/\/www.mehrgenerationenhaus-hassfurt.de\/mgh\/wp-cnt\/uploads\/gemeinsam-statt-einsam2025_c580.jpg","type":"image\/jpeg"}],"schema":{"@context":"https:\/\/schema.org","@graph":[{"@type":"WebPage","@id":"https:\/\/www.mehrgenerationenhaus-hassfurt.de\/mgh\/angebote\/gemeinsam-statt-einsam-patenschaften\/","url":"https:\/\/www.mehrgenerationenhaus-hassfurt.de\/mgh\/angebote\/gemeinsam-statt-einsam-patenschaften\/","name":"GEMEINSAM statt EINSAM - Patenschaften | MGH Ha\u00dffurt","isPartOf":{"@id":"https:\/\/www.mehrgenerationenhaus-hassfurt.de\/mgh\/#website"},"primaryImageOfPage":{"@id":"https:\/\/www.mehrgenerationenhaus-hassfurt.de\/mgh\/angebote\/gemeinsam-statt-einsam-patenschaften\/#primaryimage"},"image":{"@id":"https:\/\/www.mehrgenerationenhaus-hassfurt.de\/mgh\/angebote\/gemeinsam-statt-einsam-patenschaften\/#primaryimage"},"thumbnailUrl":"https:\/\/www.mehrgenerationenhaus-hassfurt.de\/mgh\/wp-cnt\/uploads\/gemeinsam-statt-einsam2025_c580.jpg","datePublished":"2021-01-11T21:54:10+00:00","dateModified":"2025-04-22T07:19:04+00:00","description":"GEMEINSAM statt EINSAM - Patenschaften f\u00fcr und von \u00c4lteren und Hochbetagten \u00fcbertr\u00e4gt die Prinzipien der Gro\u00dffamilie in moderne...","breadcrumb":{"@id":"https:\/\/www.mehrgenerationenhaus-hassfurt.de\/mgh\/angebote\/gemeinsam-statt-einsam-patenschaften\/#breadcrumb"},"inLanguage":"de","potentialAction":[{"@type":"ReadAction","target":["https:\/\/www.mehrgenerationenhaus-hassfurt.de\/mgh\/angebote\/gemeinsam-statt-einsam-patenschaften\/"]}]},{"@type":"ImageObject","inLanguage":"de","@id":"https:\/\/www.mehrgenerationenhaus-hassfurt.de\/mgh\/angebote\/gemeinsam-statt-einsam-patenschaften\/#primaryimage","url":"https:\/\/www.mehrgenerationenhaus-hassfurt.de\/mgh\/wp-cnt\/uploads\/gemeinsam-statt-einsam2025_c580.jpg","contentUrl":"https:\/\/www.mehrgenerationenhaus-hassfurt.de\/mgh\/wp-cnt\/uploads\/gemeinsam-statt-einsam2025_c580.jpg","width":580,"height":125,"caption":"GEMEINSAM statt EINSAM"},{"@type":"BreadcrumbList","@id":"https:\/\/www.mehrgenerationenhaus-hassfurt.de\/mgh\/angebote\/gemeinsam-statt-einsam-patenschaften\/#breadcrumb","itemListElement":[{"@type":"ListItem","position":1,"name":"Startseite","item":"https:\/\/www.mehrgenerationenhaus-hassfurt.de\/mgh\/"},{"@type":"ListItem","position":2,"name":"Angebote und Dienstleistungen","item":"https:\/\/www.mehrgenerationenhaus-hassfurt.de\/mgh\/angebote\/"},{"@type":"ListItem","position":3,"name":"GEMEINSAM statt EINSAM &#8211; Patenschaften"}]},{"@type":"WebSite","@id":"https:\/\/www.mehrgenerationenhaus-hassfurt.de\/mgh\/#website","url":"https:\/\/www.mehrgenerationenhaus-hassfurt.de\/mgh\/","name":"Mehrgenerationenhaus Ha\u00dffurt","description":"Mehrgenerationenhaus Ha\u00dffurt","publisher":{"@id":"https:\/\/www.mehrgenerationenhaus-hassfurt.de\/mgh\/#organization"},"potentialAction":[{"@type":"SearchAction","target":{"@type":"EntryPoint","urlTemplate":"https:\/\/www.mehrgenerationenhaus-hassfurt.de\/mgh\/?s={search_term_string}"},"query-input":{"@type":"PropertyValueSpecification","valueRequired":true,"valueName":"search_term_string"}}],"inLanguage":"de"},{"@type":"Organization","@id":"https:\/\/www.mehrgenerationenhaus-hassfurt.de\/mgh\/#organization","name":"Mehrgenerationenhaus Ha\u00dffurt","url":"https:\/\/www.mehrgenerationenhaus-hassfurt.de\/mgh\/","logo":{"@type":"ImageObject","inLanguage":"de","@id":"https:\/\/www.mehrgenerationenhaus-hassfurt.de\/mgh\/#\/schema\/logo\/image\/","url":"https:\/\/www.mehrgenerationenhaus-hassfurt.de\/mgh\/wp-cnt\/uploads\/MGH_Logo_2020_hassfurt-scaled.jpg","contentUrl":"https:\/\/www.mehrgenerationenhaus-hassfurt.de\/mgh\/wp-cnt\/uploads\/MGH_Logo_2020_hassfurt-scaled.jpg","width":2560,"height":1162,"caption":"Mehrgenerationenhaus Ha\u00dffurt"},"image":{"@id":"https:\/\/www.mehrgenerationenhaus-hassfurt.de\/mgh\/#\/schema\/logo\/image\/"},"sameAs":["https:\/\/de-de.facebook.com\/mehrgenerationenhausHAS\/"]}]}},"publishpress_future_workflow_manual_trigger":{"enabledWorkflows":[]},"_links":{"self":[{"href":"https:\/\/www.mehrgenerationenhaus-hassfurt.de\/mgh\/wp-json\/wp\/v2\/pages\/50644","targetHints":{"allow":["GET"]}}],"collection":[{"href":"https:\/\/www.mehrgenerationenhaus-hassfurt.de\/mgh\/wp-json\/wp\/v2\/pages"}],"about":[{"href":"https:\/\/www.mehrgenerationenhaus-hassfurt.de\/mgh\/wp-json\/wp\/v2\/types\/page"}],"author":[{"embeddable":true,"href":"https:\/\/www.mehrgenerationenhaus-hassfurt.de\/mgh\/wp-json\/wp\/v2\/users\/3"}],"replies":[{"embeddable":true,"href":"https:\/\/www.mehrgenerationenhaus-hassfurt.de\/mgh\/wp-json\/wp\/v2\/comments?post=50644"}],"version-history":[{"count":0,"href":"https:\/\/www.mehrgenerationenhaus-hassfurt.de\/mgh\/wp-json\/wp\/v2\/pages\/50644\/revisions"}],"up":[{"embeddable":true,"href":"https:\/\/www.mehrgenerationenhaus-hassfurt.de\/mgh\/wp-json\/wp\/v2\/pages\/219"}],"wp:attachment":[{"href":"https:\/\/www.mehrgenerationenhaus-hassfurt.de\/mgh\/wp-json\/wp\/v2\/media?parent=50644"}],"curies":[{"name":"wp","href":"https:\/\/api.w.org\/{rel}","templated":true}]}}