{"id":50811,"date":"2021-01-27T16:58:11","date_gmt":"2021-01-27T15:58:11","guid":{"rendered":"https:\/\/www.mehrgenerationenhaus-hassfurt.de\/mgh\/?page_id=50811"},"modified":"2021-01-27T18:47:19","modified_gmt":"2021-01-27T17:47:19","slug":"lde-projekte-grundschule-ebern","status":"publish","type":"page","link":"https:\/\/www.mehrgenerationenhaus-hassfurt.de\/mgh\/angebote\/lernen-durch-engagement\/lde-projekte-grundschule-ebern\/","title":{"rendered":"LdE-Projekte in Kooperation mit der Grundschule Ebern"},"content":{"rendered":"<p>Die Sch\u00fc\u00adle\u00adrin\u00adnen und Sch\u00fc\u00adler der Grund\u00adschu\u00adle Ebern be\u00adsch\u00e4f\u00adti\u00adgen sich schon fr\u00fch mit der Krank\u00adheit De\u00admenz. Das Krank\u00adheits\u00adbild und sei\u00adne Fol\u00adgen kind\u00adge\u00adrecht zu ver\u00admit\u00adteln und in die\u00adsem Be\u00adreich et\u00adwas Gu\u00adtes f\u00fcr das Ge\u00admein\u00adwohl tun: Hier set\u00adzen zwei LdE-Pro\u00adjek\u00adte in Ko\u00adope\u00adra\u00adtion mit uns als Mehr\u00adge\u00adne\u00adra\u00adtio\u00adnen\u00adhaus&nbsp;an.&nbsp;<\/p>\n<h2><a id=\"AltwerdenVergessen\"><\/a><span class=\"dquo\">\u201e<\/span>Alt werden \u2013 vergessen \u2013 Demenz\u201c<\/h2>\n<p><img loading=\"lazy\" decoding=\"async\" src=\"https:\/\/www.mehrgenerationenhaus-hassfurt.de\/mgh\/wp-cnt\/uploads\/LdE-Ebern_c1_580.jpg\" alt=\"LdE Grundschule Ebern, 2. Klasse: \u201eAlt werden \u2013 vergessen \u2013 Demenz\u201c (Fotos: Ren\u00e9 Ruprecht und MGH-Team)\" width=\"580\" height=\"125\" class=\"alignnone size-full wp-image-50816\" srcset=\"https:\/\/www.mehrgenerationenhaus-hassfurt.de\/mgh\/wp-cnt\/uploads\/LdE-Ebern_c1_580.jpg 580w, https:\/\/www.mehrgenerationenhaus-hassfurt.de\/mgh\/wp-cnt\/uploads\/LdE-Ebern_c1_580-300x65.jpg 300w\" sizes=\"auto, (max-width: 580px) 100vw, 580px\"><\/p>\n<p>Bei den Grund\u00adsch\u00fc\u00adlern der 2. Klas\u00adse ge\u00adlingt die\u00adse An\u00adn\u00e4\u00adhe\u00adrung am bes\u00adten mit\u00adhil\u00adfe von Ge\u00adschich\u00adten, wie etwa der <span class=\"push-double\"><\/span>\u200b<span class=\"pull-double\">\u201e<\/span>Vom Fuchs, der den Ver\u00adstand verlor\u201c:<\/p>\n<p>Der jun\u00adge Fuchs ist ganz nor\u00admal, das Wald\u00adtier spielt mit sei\u00adnen Art\u00adge\u00adnos\u00adsen, sie ha\u00adben Spa\u00df, er kann ja\u00adgen und ein ganz nor\u00adma\u00adles Fuchs\u00adle\u00adben f\u00fch\u00adren. Mit dem Al\u00adter aber kommt das Ver\u00adges\u00adsen \u2013 ganz un\u00adbe\u00admerkt. Ei\u00adnes Ta\u00adges hat der Fuchs ver\u00adges\u00adsen, dass er ein Fuchs ist. Er ver\u00adgisst W\u00f6r\u00adter, wei\u00df nicht mehr wie man jagt und fin\u00addet den Weg nach Hau\u00adse nicht mehr. Und er will statt sonn\u00adtags am Mitt\u00adwoch in die Wald\u00adkir\u00adche. Er wird zum Fuchs ohne Ver\u00adstand. Der Fuchs ist den\u00adnoch nicht al\u00adlei\u00adne. Sei\u00adne Fa\u00admi\u00adlie und die jun\u00adgen F\u00fcch\u00adse im Wald neh\u00admen ihn so an wie er ist und hel\u00adfen&nbsp;ihm.<\/p>\n<p>Das l\u00e4sst sich auf den All\u00adtag in Fa\u00admi\u00adli\u00aden \u00fcber\u00adtra\u00adgen, in de\u00adnen ein Alz\u00adhei\u00admer-Pa\u00adti\u00adent oder ein an De\u00admenz\u00ader\u00adkrank\u00adter lebt. Er ist auf die Hil\u00adfe der Fa\u00admi\u00adlie an\u00adge\u00adwie\u00adsen, auf Ge\u00adduld und F\u00fcr\u00adsor\u00adge. Be\u00adson\u00adders wich\u00adtig: Auch Men\u00adschen mit De\u00admenz ha\u00adben Ge\u00adf\u00fch\u00adle und sp\u00fc\u00adren N\u00e4he, Zu\u00adwen\u00addung und Geborgenheit.<\/p>\n<p>Am Ende der Ge\u00adschich\u00adte d\u00fcr\u00adfen die Kin\u00adder dann selbst ei\u00adnen Fuchs ma\u00adlen, egal ob jung oder alt. Un\u00adter\u00adst\u00fct\u00adzung er\u00adhal\u00adten sie da\u00adbei von der ehe\u00adma\u00adli\u00adgen Kunst\u00adleh\u00adre\u00adrin Gi\u00adse\u00adla R\u00f6\u00adder aus Ebern, die sich eh\u00adren\u00adamt\u00adlich beim MGH engagiert.<\/p>\n<p>Au\u00ad\u00dfer\u00addem or\u00adga\u00adni\u00adsier\u00adten die Sch\u00fc\u00adle\u00adrin\u00adnen und Sch\u00fc\u00adler ei\u00adnen <span class=\"push-double\"><\/span>\u200b<span class=\"pull-double\">\u201e<\/span>Sing\u00adnach\u00admit\u00adtag\u201c in ei\u00adnem Al\u00adten\u00adheim, um sich auch au\u00ad\u00dfer\u00adhalb der Schu\u00adle zu engagagieren.<\/p>\n<h2><span class=\"dquo\">\u201e<\/span>MAL-alt-werden\u201c<\/h2>\n<p><img loading=\"lazy\" decoding=\"async\" src=\"https:\/\/www.mehrgenerationenhaus-hassfurt.de\/mgh\/wp-cnt\/uploads\/LdE-Ebern_c2_580.jpg\" alt=\"LdE Grundschule Ebern, 4. Klasse: \u201eMAL alt werden\u201c (Fotos: Ren\u00e9 Ruprecht und MGH-Team)\" width=\"580\" height=\"125\" class=\"alignnone size-full wp-image-50819\" srcset=\"https:\/\/www.mehrgenerationenhaus-hassfurt.de\/mgh\/wp-cnt\/uploads\/LdE-Ebern_c2_580.jpg 580w, https:\/\/www.mehrgenerationenhaus-hassfurt.de\/mgh\/wp-cnt\/uploads\/LdE-Ebern_c2_580-300x65.jpg 300w\" sizes=\"auto, (max-width: 580px) 100vw, 580px\"><\/p>\n<p>An\u00adfangs wur\u00adde die Ge\u00adschich\u00adte <span class=\"push-double\"><\/span>\u200b<span class=\"pull-double\">\u201e<\/span>Vom Fuchs, der den Ver\u00adstand ver\u00adlor\u201c vor\u00adge\u00adle\u00adsen. Die Pa\u00adra\u00adbel be\u00adginnt mit dem Fuchs, als er noch jung und klug war. Er wird alt, und mit dem Al\u00adter kommt das Ver\u00adges\u00adsen. Mar\u00adtin Balt\u00adscheit be\u00adschreibt in sch\u00fc\u00adler\u00adge\u00adm\u00e4\u00ad\u00dfer Form die Ent\u00adwick\u00adlung der Krank\u00adheit De\u00admenz. Par\u00adal\u00adlel zur Er\u00adar\u00adbei\u00adtung des Krank\u00adheits\u00adbil\u00addes wer\u00adden Bil\u00adder ge\u00adzeigt, die den Fuchs in sei\u00adnen un\u00adter\u00adschied\u00adli\u00adchen Ent\u00adwick\u00adlungs- und Ge\u00adf\u00fchls\u00adpha\u00adsen zeigen.<\/p>\n<p>Die\u00adse Pha\u00adsen wur\u00adden dann mit den Kin\u00addern auf ei\u00adge\u00adne Er\u00adfah\u00adrun\u00adgen und Fa\u00admi\u00adli\u00aden\u00adge\u00adschich\u00adten pro\u00adji\u00adziert und <span class=\"push-double\"><\/span>\u200b<span class=\"pull-double\">\u201e<\/span>Le\u00adbens\u00adsta\u00adtio\u00adnen\u201c er\u00adar\u00adbei\u00adtet, wie z.B. eine von Kraft strot\u00adzen\u00adde Fi\u00adgur, le\u00adbens\u00adbe\u00addroh\u00adli\u00adche Si\u00adtua\u00adtio\u00adnen oder Fa\u00admi\u00adli\u00aden\u00admit\u00adglie\u00adder k\u00fcm\u00admern sich um den Demenzerkrankten.<\/p>\n<p>An\u00adschlie\u00ad\u00dfend durf\u00adte je\u00adder Sch\u00fc\u00adler eine <span class=\"push-double\"><\/span>\u200b<span class=\"pull-double\">\u201e<\/span>Le\u00adbens\u00adsta\u00adti\u00adon\u201c ma\u00adlen, die dann am Ende ge\u00admein\u00adsam mit dem Kunst\u00adthe\u00adra\u00adpeu\u00adten und bil\u00adden\u00adden K\u00fcnst\u00adler An\u00addre\u00adas Neun\u00adhoef\u00adfer als Le\u00adpo\u00adrel\u00adlo bio\u00adgra\u00adfisch zu\u00adsam\u00admen\u00adge\u00adf\u00fchrt und vor\u00adge\u00adstellt wurden.<\/p>\n<p>Au\u00ad\u00dfer\u00adhalb der Schu\u00adle en\u00adga\u00adgie\u00adren sich die Sch\u00fc\u00adle\u00adrin\u00adnen und Sch\u00fc\u00adler der 4. Klas\u00adse in der <a href=\"https:\/\/www.mehrgenerationenhaus-hassfurt.de\/mgh\/angebote\/demenzhelferinnen\/\">Be\u00adtreu\u00adungs\u00adgrup\u00adpe f\u00fcr Men\u00adschen mit De\u00admenz<\/a> im Mehrgenerationenhaus.<\/p>\n","protected":false},"excerpt":{"rendered":"<p>Die Sch\u00fc\u00adle\u00adrin\u00adnen und Sch\u00fc\u00adler der Grund\u00adschu\u00adle Ebern be\u00adsch\u00e4f\u00adti\u00adgen sich schon fr\u00fch mit der Krank\u00adheit De\u00admenz. Das Krank\u00adheits\u00adbild und sei\u00adne Fol\u00adgen kind\u00adge\u00adrecht zu ver\u00admit\u00adteln und in die\u00adsem Be\u00adreich et\u00adwas Gu\u00adtes f\u00fcr das Ge\u00admein\u00adwohl tun: Hier set\u00adzen zwei LdE-Pro\u00ad\u00adjek\u00ad\u00adte in Ko\u00adope\u00adra\u00adtion mit uns als Mehr\u00adge\u00adne\u00adra\u00adtio\u00adnen\u00adhaus&nbsp;an.&nbsp; <span class=\"push-double\"><\/span>\u200b<span class=\"pull-double\">\u201e<\/span>Alt wer\u00adden \u2013 ver\u00adges\u00adsen \u2013 De\u00admenz\u201c Bei den Grund\u00adsch\u00fc\u00adlern der 2. Klasse&nbsp;<\/p>\n<p class=\"excerpt-link\"><a class=\"read-more\" href=\"https:\/\/www.mehrgenerationenhaus-hassfurt.de\/mgh\/angebote\/lernen-durch-engagement\/lde-projekte-grundschule-ebern\/\">Read More \u2192<\/a><\/p>\n","protected":false},"author":5,"featured_media":0,"parent":23577,"menu_order":0,"comment_status":"closed","ping_status":"closed","template":"","meta":{"inline_featured_image":false,"wp_typography_post_enhancements_disabled":false,"_mc_calendar":[],"footnotes":""},"class_list":["post-50811","page","type-page","status-publish","hentry"],"yoast_head":"<!-- This site is optimized with the Yoast SEO plugin v27.3 - https:\/\/yoast.com\/product\/yoast-seo-wordpress\/ -->\n<title>LdE-Projekte in Kooperation mit der Grundschule Ebern | MGH Ha\u00dffurt<\/title>\n<meta name=\"description\" content=\"LdE Grundschule Ebern - Die Kinder besch\u00e4ftigen sich schon fr\u00fch mit der Krankheit Demenz. Aktuell gibt es 2 Projekte ...\" \/>\n<meta name=\"robots\" content=\"index, follow, max-snippet:-1, max-image-preview:large, max-video-preview:-1\" \/>\n<link rel=\"canonical\" href=\"https:\/\/www.mehrgenerationenhaus-hassfurt.de\/mgh\/angebote\/lernen-durch-engagement\/lde-projekte-grundschule-ebern\/\" \/>\n<meta property=\"og:locale\" content=\"de_DE\" \/>\n<meta property=\"og:type\" content=\"article\" \/>\n<meta property=\"og:title\" content=\"LdE-Projekte in Kooperation mit der Grundschule Ebern | MGH Ha\u00dffurt\" \/>\n<meta property=\"og:description\" content=\"LdE Grundschule Ebern - Die Kinder besch\u00e4ftigen sich schon fr\u00fch mit der Krankheit Demenz. Aktuell gibt es 2 Projekte ...\" \/>\n<meta property=\"og:url\" content=\"https:\/\/www.mehrgenerationenhaus-hassfurt.de\/mgh\/angebote\/lernen-durch-engagement\/lde-projekte-grundschule-ebern\/\" \/>\n<meta property=\"og:site_name\" content=\"Mehrgenerationenhaus Ha\u00dffurt\" \/>\n<meta property=\"article:publisher\" content=\"https:\/\/de-de.facebook.com\/mehrgenerationenhausHAS\/\" \/>\n<meta property=\"article:modified_time\" content=\"2021-01-27T17:47:19+00:00\" \/>\n<meta property=\"og:image\" content=\"https:\/\/www.mehrgenerationenhaus-hassfurt.de\/mgh\/wp-cnt\/uploads\/LdE-Ebern_c1_580.jpg\" \/>\n<!-- \/ Yoast SEO plugin. -->","yoast_head_json":{"title":"LdE-Projekte in Kooperation mit der Grundschule Ebern | MGH Ha\u00dffurt","description":"LdE Grundschule Ebern - Die Kinder besch\u00e4ftigen sich schon fr\u00fch mit der Krankheit Demenz. Aktuell gibt es 2 Projekte ...","robots":{"index":"index","follow":"follow","max-snippet":"max-snippet:-1","max-image-preview":"max-image-preview:large","max-video-preview":"max-video-preview:-1"},"canonical":"https:\/\/www.mehrgenerationenhaus-hassfurt.de\/mgh\/angebote\/lernen-durch-engagement\/lde-projekte-grundschule-ebern\/","og_locale":"de_DE","og_type":"article","og_title":"LdE-Projekte in Kooperation mit der Grundschule Ebern | MGH Ha\u00dffurt","og_description":"LdE Grundschule Ebern - Die Kinder besch\u00e4ftigen sich schon fr\u00fch mit der Krankheit Demenz. Aktuell gibt es 2 Projekte ...","og_url":"https:\/\/www.mehrgenerationenhaus-hassfurt.de\/mgh\/angebote\/lernen-durch-engagement\/lde-projekte-grundschule-ebern\/","og_site_name":"Mehrgenerationenhaus Ha\u00dffurt","article_publisher":"https:\/\/de-de.facebook.com\/mehrgenerationenhausHAS\/","article_modified_time":"2021-01-27T17:47:19+00:00","og_image":[{"url":"https:\/\/www.mehrgenerationenhaus-hassfurt.de\/mgh\/wp-cnt\/uploads\/LdE-Ebern_c1_580.jpg","type":"","width":"","height":""}],"schema":{"@context":"https:\/\/schema.org","@graph":[{"@type":"WebPage","@id":"https:\/\/www.mehrgenerationenhaus-hassfurt.de\/mgh\/angebote\/lernen-durch-engagement\/lde-projekte-grundschule-ebern\/","url":"https:\/\/www.mehrgenerationenhaus-hassfurt.de\/mgh\/angebote\/lernen-durch-engagement\/lde-projekte-grundschule-ebern\/","name":"LdE-Projekte in Kooperation mit der Grundschule Ebern | MGH Ha\u00dffurt","isPartOf":{"@id":"https:\/\/www.mehrgenerationenhaus-hassfurt.de\/mgh\/#website"},"primaryImageOfPage":{"@id":"https:\/\/www.mehrgenerationenhaus-hassfurt.de\/mgh\/angebote\/lernen-durch-engagement\/lde-projekte-grundschule-ebern\/#primaryimage"},"image":{"@id":"https:\/\/www.mehrgenerationenhaus-hassfurt.de\/mgh\/angebote\/lernen-durch-engagement\/lde-projekte-grundschule-ebern\/#primaryimage"},"thumbnailUrl":"https:\/\/www.mehrgenerationenhaus-hassfurt.de\/mgh\/wp-cnt\/uploads\/LdE-Ebern_c1_580.jpg","datePublished":"2021-01-27T15:58:11+00:00","dateModified":"2021-01-27T17:47:19+00:00","description":"LdE Grundschule Ebern - Die Kinder besch\u00e4ftigen sich schon fr\u00fch mit der Krankheit Demenz. Aktuell gibt es 2 Projekte ...","breadcrumb":{"@id":"https:\/\/www.mehrgenerationenhaus-hassfurt.de\/mgh\/angebote\/lernen-durch-engagement\/lde-projekte-grundschule-ebern\/#breadcrumb"},"inLanguage":"de","potentialAction":[{"@type":"ReadAction","target":["https:\/\/www.mehrgenerationenhaus-hassfurt.de\/mgh\/angebote\/lernen-durch-engagement\/lde-projekte-grundschule-ebern\/"]}]},{"@type":"ImageObject","inLanguage":"de","@id":"https:\/\/www.mehrgenerationenhaus-hassfurt.de\/mgh\/angebote\/lernen-durch-engagement\/lde-projekte-grundschule-ebern\/#primaryimage","url":"https:\/\/www.mehrgenerationenhaus-hassfurt.de\/mgh\/wp-cnt\/uploads\/LdE-Ebern_c1_580.jpg","contentUrl":"https:\/\/www.mehrgenerationenhaus-hassfurt.de\/mgh\/wp-cnt\/uploads\/LdE-Ebern_c1_580.jpg","width":580,"height":125,"caption":"LDE-Projekt Grundschule Ebern, 2. Klasse: \u201eAlt werden \u2013 vergessen \u2013 Demenz\u201c (Fotos: Ren\u00e9 Ruprecht und MGH-Team)"},{"@type":"BreadcrumbList","@id":"https:\/\/www.mehrgenerationenhaus-hassfurt.de\/mgh\/angebote\/lernen-durch-engagement\/lde-projekte-grundschule-ebern\/#breadcrumb","itemListElement":[{"@type":"ListItem","position":1,"name":"Startseite","item":"https:\/\/www.mehrgenerationenhaus-hassfurt.de\/mgh\/"},{"@type":"ListItem","position":2,"name":"Angebote und Dienstleistungen","item":"https:\/\/www.mehrgenerationenhaus-hassfurt.de\/mgh\/angebote\/"},{"@type":"ListItem","position":3,"name":"Lernen durch Engagement","item":"https:\/\/www.mehrgenerationenhaus-hassfurt.de\/mgh\/angebote\/lernen-durch-engagement\/"},{"@type":"ListItem","position":4,"name":"LdE-Projekte in Kooperation mit der Grundschule Ebern"}]},{"@type":"WebSite","@id":"https:\/\/www.mehrgenerationenhaus-hassfurt.de\/mgh\/#website","url":"https:\/\/www.mehrgenerationenhaus-hassfurt.de\/mgh\/","name":"Mehrgenerationenhaus Ha\u00dffurt","description":"Mehrgenerationenhaus Ha\u00dffurt","publisher":{"@id":"https:\/\/www.mehrgenerationenhaus-hassfurt.de\/mgh\/#organization"},"potentialAction":[{"@type":"SearchAction","target":{"@type":"EntryPoint","urlTemplate":"https:\/\/www.mehrgenerationenhaus-hassfurt.de\/mgh\/?s={search_term_string}"},"query-input":{"@type":"PropertyValueSpecification","valueRequired":true,"valueName":"search_term_string"}}],"inLanguage":"de"},{"@type":"Organization","@id":"https:\/\/www.mehrgenerationenhaus-hassfurt.de\/mgh\/#organization","name":"Mehrgenerationenhaus Ha\u00dffurt","url":"https:\/\/www.mehrgenerationenhaus-hassfurt.de\/mgh\/","logo":{"@type":"ImageObject","inLanguage":"de","@id":"https:\/\/www.mehrgenerationenhaus-hassfurt.de\/mgh\/#\/schema\/logo\/image\/","url":"https:\/\/www.mehrgenerationenhaus-hassfurt.de\/mgh\/wp-cnt\/uploads\/MGH_Logo_2020_hassfurt-scaled.jpg","contentUrl":"https:\/\/www.mehrgenerationenhaus-hassfurt.de\/mgh\/wp-cnt\/uploads\/MGH_Logo_2020_hassfurt-scaled.jpg","width":2560,"height":1162,"caption":"Mehrgenerationenhaus Ha\u00dffurt"},"image":{"@id":"https:\/\/www.mehrgenerationenhaus-hassfurt.de\/mgh\/#\/schema\/logo\/image\/"},"sameAs":["https:\/\/de-de.facebook.com\/mehrgenerationenhausHAS\/"]}]}},"publishpress_future_workflow_manual_trigger":{"enabledWorkflows":[]},"_links":{"self":[{"href":"https:\/\/www.mehrgenerationenhaus-hassfurt.de\/mgh\/wp-json\/wp\/v2\/pages\/50811","targetHints":{"allow":["GET"]}}],"collection":[{"href":"https:\/\/www.mehrgenerationenhaus-hassfurt.de\/mgh\/wp-json\/wp\/v2\/pages"}],"about":[{"href":"https:\/\/www.mehrgenerationenhaus-hassfurt.de\/mgh\/wp-json\/wp\/v2\/types\/page"}],"author":[{"embeddable":true,"href":"https:\/\/www.mehrgenerationenhaus-hassfurt.de\/mgh\/wp-json\/wp\/v2\/users\/5"}],"replies":[{"embeddable":true,"href":"https:\/\/www.mehrgenerationenhaus-hassfurt.de\/mgh\/wp-json\/wp\/v2\/comments?post=50811"}],"version-history":[{"count":0,"href":"https:\/\/www.mehrgenerationenhaus-hassfurt.de\/mgh\/wp-json\/wp\/v2\/pages\/50811\/revisions"}],"up":[{"embeddable":true,"href":"https:\/\/www.mehrgenerationenhaus-hassfurt.de\/mgh\/wp-json\/wp\/v2\/pages\/23577"}],"wp:attachment":[{"href":"https:\/\/www.mehrgenerationenhaus-hassfurt.de\/mgh\/wp-json\/wp\/v2\/media?parent=50811"}],"curies":[{"name":"wp","href":"https:\/\/api.w.org\/{rel}","templated":true}]}}