{"id":50824,"date":"2021-01-27T20:09:52","date_gmt":"2021-01-27T19:09:52","guid":{"rendered":"https:\/\/www.mehrgenerationenhaus-hassfurt.de\/mgh\/?page_id=50824"},"modified":"2023-11-02T08:34:40","modified_gmt":"2023-11-02T07:34:40","slug":"lde-projekte-heinrich-thein-berufsschule","status":"publish","type":"page","link":"https:\/\/www.mehrgenerationenhaus-hassfurt.de\/mgh\/angebote\/lernen-durch-engagement\/lde-projekte-heinrich-thein-berufsschule\/","title":{"rendered":"LdE-Projekte in Kooperation <br>mit der Heinrich-Thein-Berufsschule"},"content":{"rendered":"<p>Sch\u00fc\u00adle\u00adrin\u00adnen und Sch\u00fc\u00adler ver\u00adschie\u00adde\u00adner Aus\u00adbil\u00addungs\u00adzwei\u00adge der Be\u00adrufs\u00adschu\u00adle en\u00adga\u00adgie\u00adren sich in ver\u00adschie\u00adde\u00adnen LdE-Pro\u00adjek\u00adten im Mehr\u00adge\u00adne\u00adra\u00adtio\u00adnen\u00adhaus Ha\u00dffurt.&nbsp;<\/p>\n<p>Die Aus\u00adzu\u00adbil\u00adden\u00adden zur As\u00adsis\u00adten\u00adtin bzw. zum As\u00adsis\u00adten\u00adten f\u00fcr Er\u00adn\u00e4h\u00adrung und Ver\u00adsor\u00adgung ha\u00adben ge\u00admein\u00adsam mit uns zu ver\u00adschie\u00adde\u00adnen The\u00admen ih\u00adres Aus\u00adbil\u00addungs\u00adplans LdE-Pro\u00adjek\u00adte initiiert:&nbsp;<\/p>\n<h2><a id=\"Alzheimeryou\"><\/a><span class=\"dquo\">\u201e<\/span>Alzheimer &amp; You \u2013 Zeig dein Engagement: Generationenwerkstatt und&nbsp;mehr\u201c<\/h2>\n<p><img loading=\"lazy\" decoding=\"async\" src=\"https:\/\/www.mehrgenerationenhaus-hassfurt.de\/mgh\/wp-cnt\/uploads\/LdE-HThein_c1_580.jpg\" alt=\"LdE Heinrich-Thein-Berufsschule Projekt \u201eAlzheimer &amp; You \u2013 Zeig dein Engagement: Generationenwerkstatt und mehr\u201c (Fotos: Ren\u00e9 Ruprecht und MGH-Team)\" width=\"580\" height=\"125\" class=\"alignnone size-full wp-image-50826\" srcset=\"https:\/\/www.mehrgenerationenhaus-hassfurt.de\/mgh\/wp-cnt\/uploads\/LdE-HThein_c1_580.jpg 580w, https:\/\/www.mehrgenerationenhaus-hassfurt.de\/mgh\/wp-cnt\/uploads\/LdE-HThein_c1_580-300x65.jpg 300w\" sizes=\"auto, (max-width: 580px) 100vw, 580px\"><\/p>\n<p>Sie ba\u00adcken und ge\u00adstal\u00adten mit \u00e4l\u00adte\u00adren Men\u00adschen, Alz\u00adhei\u00admer- und De\u00admenz\u00ader\u00adkrank\u00adten. Beim Um\u00adgang mit den Be\u00adtrof\u00adfe\u00adnen pro\u00adfi\u00adtie\u00adren die Sch\u00fc\u00adle\u00adrin\u00adnen und Sch\u00fc\u00adler von ih\u00adrem Wis\u00adsen \u00fcber Ur\u00adsa\u00adchen, Sym\u00adpto\u00adme und Ver\u00adlauf der Krank\u00adheit aus dem Un\u00adter\u00adricht im Fach Er\u00adzie\u00adhung und Be\u00adtreu\u00adung der 12. Jahrgangsstufe<\/p>\n<h2><span class=\"dquo\">\u201e<\/span>F\u00dcR Familien MIT Familien: <br>Gute-Laune-Fr\u00fchst\u00fcck\u201c<\/h2>\n<p><img loading=\"lazy\" decoding=\"async\" src=\"https:\/\/www.mehrgenerationenhaus-hassfurt.de\/mgh\/wp-cnt\/uploads\/LdE-HThein2023_c2_580.jpg\" alt=\"LdE Heinrich-Thein-Berufsschule Projekt \u201eF\u00dcR Familien MIT Familien: Gute-Laune-Fr\u00fchst\u00fcck\u201c (Fotos: Ren\u00e9 Ruprecht und MGH-Team)\" width=\"580\" height=\"125\" class=\"alignnone size-full wp-image-53556\" srcset=\"https:\/\/www.mehrgenerationenhaus-hassfurt.de\/mgh\/wp-cnt\/uploads\/LdE-HThein2023_c2_580.jpg 580w, https:\/\/www.mehrgenerationenhaus-hassfurt.de\/mgh\/wp-cnt\/uploads\/LdE-HThein2023_c2_580-300x65.jpg 300w\" sizes=\"auto, (max-width: 580px) 100vw, 580px\"><\/p>\n<p>Sie pla\u00adnen, er\u00adstel\u00adlen und pr\u00e4\u00adsen\u00adtie\u00adren an\u00adlass\u00adbe\u00adzo\u00adgen Spei\u00adsen und Ge\u00adtr\u00e4n\u00adke f\u00fcr das Fr\u00fch\u00adst\u00fccks\u00adbuf\u00adfet. Sie be\u00adach\u00adten da\u00adbei die Hy\u00adgie\u00adne\u00advor\u00adschrif\u00adten und das ent\u00adspre\u00adchen\u00adde All\u00ader\u00adgen-Ma\u00adnage\u00adment und \u00fcber\u00adneh\u00admen die Ser\u00advice\u00adar\u00adbeit. Dies ge\u00adschieht in Ko\u00adope\u00adra\u00adtion der F\u00e4\u00adcher Er\u00adn\u00e4h\u00adrung so\u00adwie Spei\u00adsen\u00adzu\u00adbe\u00adrei\u00adtung und Ser\u00advice der 11. Jahrgangstufe.<\/p>\n<p>Im Caf\u00e9 Bis\u00adtro <span class=\"push-double\"><\/span>\u200b<span class=\"pull-double\">\u201e<\/span>Of\u00adfe\u00adner Treff\u201c kom\u00admen sie beim Gute-Lau\u00adne-Fr\u00fch\u00adst\u00fcck mit Fa\u00admi\u00adli\u00aden al\u00adler Ge\u00adne\u00adra\u00adtio\u00adnen in Kon\u00adtakt und \u00fcben sich im in\u00adter\u00adge\u00adne\u00adra\u00adti\u00adven Aus\u00adtausch. So ler\u00adnen sie die Be\u00addar\u00adfe und Be\u00add\u00fcrf\u00adnis\u00adse von Men\u00adschen mit und ohne Mi\u00adgra\u00adti\u00adons\u00adhin\u00adter\u00adgrund und je\u00adder Al\u00adters\u00adgrup\u00adpe kennen.<\/p>\n<h2><span class=\"dquo\">\u201e<\/span>MACH MIT \u2013 Interkulturelles F\u00fcreinander\u201c<\/h2>\n<p><img loading=\"lazy\" decoding=\"async\" src=\"https:\/\/www.mehrgenerationenhaus-hassfurt.de\/mgh\/wp-cnt\/uploads\/LdE-HThein2023_c3_580.jpg\" alt=\"LdE Heinrich-Thein-Berufsschule Projekt \u201eMACH MIT \u2013 Interkulturelles F\u00fcreinander\u201c (Fotos: Ren\u00e9 Ruprecht und MGH-Team)\" width=\"580\" height=\"125\" class=\"alignnone size-full wp-image-53559\" srcset=\"https:\/\/www.mehrgenerationenhaus-hassfurt.de\/mgh\/wp-cnt\/uploads\/LdE-HThein2023_c3_580.jpg 580w, https:\/\/www.mehrgenerationenhaus-hassfurt.de\/mgh\/wp-cnt\/uploads\/LdE-HThein2023_c3_580-300x65.jpg 300w\" sizes=\"auto, (max-width: 580px) 100vw, 580px\"><\/p>\n<p>Die Sch\u00fc\u00adle\u00adrin\u00adnen und Sch\u00fc\u00adler der 11. Klas\u00adse der Be\u00adrufs\u00adfach\u00adschu\u00adle f\u00fcr Er\u00adn\u00e4h\u00adrung und Ver\u00adsor\u00adgung pla\u00adnen im Un\u00adter\u00adricht ein Krea\u00adtiv\u00adan\u00adge\u00adbot so\u00adwie the\u00admen\u00adbe\u00adzo\u00adge\u00adne Spei\u00adsen, zum Bei\u00adspiel pas\u00adsend zur Os\u00adter\u00adzeit. Die\u00adse wer\u00adden im MGH-Sprach\u00adca\u00adf\u00e9 ge\u00admein\u00adsam mit den Be\u00adsu\u00adchern her\u00adge\u00adstellt. Da\u00adbei sto\u00ad\u00dfen die Sch\u00fc\u00adle\u00adrIn\u00adnen auf un\u00adter\u00adschied\u00adli\u00adche Kul\u00adtu\u00adren und Ge\u00adne\u00adra\u00adtio\u00adnen und m\u00fcs\u00adsen da\u00addurch im\u00admer un\u00adter\u00adschied\u00adli\u00adche Er\u00adkl\u00e4\u00adrungs\u00adstra\u00adte\u00adgien anwenden.<\/p>\n<p>Auch die Sch\u00fc\u00adlerin\u00adnern und Sch\u00fc\u00adler der 12. Klas\u00adse der Be\u00adrufs\u00adfach\u00adschu\u00adle f\u00fcr tech\u00adni\u00adsche As\u00adsis\u00adten\u00adten f\u00fcr In\u00adfor\u00adma\u00adtik en\u00adga\u00adgie\u00adren sich f\u00fcr Ge\u00adsell\u00adschaft im Rah\u00admen ei\u00adnes LdE-Projektes:&nbsp;<\/p>\n<h2><span class=\"dquo\">\u201e<\/span>m\u2011IT-einander digital\u201c<\/h2>\n<p><img loading=\"lazy\" decoding=\"async\" src=\"https:\/\/www.mehrgenerationenhaus-hassfurt.de\/mgh\/wp-cnt\/uploads\/LdE-HThein_c4_580.jpg\" alt=\"LdE Heinrich-Thein-Berufsschule Projekt \u201em-IT-einander digital\u201c (Fotos: Ren\u00e9 Ruprecht und MGH-Team)\" width=\"580\" height=\"125\" class=\"alignnone size-full wp-image-50830\" srcset=\"https:\/\/www.mehrgenerationenhaus-hassfurt.de\/mgh\/wp-cnt\/uploads\/LdE-HThein_c4_580.jpg 580w, https:\/\/www.mehrgenerationenhaus-hassfurt.de\/mgh\/wp-cnt\/uploads\/LdE-HThein_c4_580-300x65.jpg 300w\" sizes=\"auto, (max-width: 580px) 100vw, 580px\"><\/p>\n<p>Un\u00adter dem Mot\u00adto <span class=\"push-double\"><\/span>\u200b<span class=\"pull-double\">\u201e<\/span>Alt hilft Jung und Jung hilft Alt\u201c schl\u00fcp\u00adfen die Be\u00adrufs\u00adsch\u00fc\u00adler von der ler\u00adnen\u00adden in die leh\u00adren\u00adde Rol\u00adle und ge\u00adben ihr an\u00adge\u00adeig\u00adne\u00adtes Wis\u00adsen aus der Schu\u00adle an die rat\u00adsu\u00adchen\u00adden Teil\u00adneh\u00admer des Com\u00adpu\u00adter-Mitt\u00adwochs wei\u00adter. Da\u00adbei ler\u00adnen die Sch\u00fc\u00adle\u00adrin\u00adnen und Sch\u00fc\u00adler u.a. ver\u00adschie\u00adde\u00adne Er\u00adkl\u00e4\u00adrungs\u00adwei\u00adsen bei un\u00adter\u00adschied\u00adli\u00adchen di\u00adgi\u00adta\u00adlen Ge\u00adr\u00e4\u00adten anzuwenden.&nbsp;<\/p>\n<p>Die Sch\u00fc\u00adle\u00adrin\u00adnen und Sch\u00fc\u00adler hel\u00adfen \u00e4l\u00adte\u00adren Men\u00adschen ihre Be\u00adr\u00fch\u00adrungs\u00ad\u00e4ngs\u00adte mit di\u00adgi\u00adta\u00adlen Me\u00addi\u00aden ab\u00adzu\u00adbau\u00aden. Da\u00addurch ler\u00adnen die Se\u00adnio\u00adrin\u00adnen und Se\u00adnio\u00adren die di\u00adgi\u00adta\u00adle Welt im\u00admer mehr f\u00fcr sich zu er\u00adken\u00adnen und so selbst\u00adbe\u00adstimmt am ge\u00adsell\u00adschaft\u00adli\u00adchen Le\u00adben teilzuhaben.<\/p>\n","protected":false},"excerpt":{"rendered":"<p>Sch\u00fc\u00adle\u00adrin\u00adnen und Sch\u00fc\u00adler ver\u00adschie\u00adde\u00adner Aus\u00adbil\u00addungs\u00adzwei\u00adge der Be\u00adrufs\u00adschu\u00adle en\u00adga\u00adgie\u00adren sich in ver\u00adschie\u00adde\u00adnen LdE-Pro\u00ad\u00adjek\u00ad\u00adten im Mehr\u00adge\u00adne\u00adra\u00adtio\u00adnen\u00adhaus Ha\u00df\u00adfurt.&nbsp; Die Aus\u00adzu\u00adbil\u00adden\u00adden zur As\u00adsis\u00adten\u00adtin bzw. zum As\u00adsis\u00adten\u00adten f\u00fcr Er\u00adn\u00e4h\u00adrung und Ver\u00adsor\u00adgung ha\u00adben ge\u00admein\u00adsam mit uns zu ver\u00adschie\u00adde\u00adnen The\u00admen ih\u00adres Aus\u00adbil\u00addungs\u00adplans LdE-Pro\u00ad\u00adjek\u00ad\u00adte in\u00aditi\u00adiert:&nbsp; <span class=\"push-double\"><\/span>\u200b<span class=\"pull-double\">\u201e<\/span>Alz\u00adhei\u00admer &amp; You \u2013 Zeig dein En\u00adga\u00adge\u00adment: Ge\u00adne\u00adra\u00adtio\u00adnen\u00adwerk\u00adstatt und&nbsp;mehr\u201c Sie ba\u00adcken und ge\u00adstal\u00adten mit \u00e4l\u00adte\u00adren Men\u00adschen, Al\u00adz\u00adhei\u00ad\u00admer-&nbsp;und&nbsp;<\/p>\n<p class=\"excerpt-link\"><a class=\"read-more\" href=\"https:\/\/www.mehrgenerationenhaus-hassfurt.de\/mgh\/angebote\/lernen-durch-engagement\/lde-projekte-heinrich-thein-berufsschule\/\">Read More \u2192<\/a><\/p>\n","protected":false},"author":5,"featured_media":0,"parent":23577,"menu_order":0,"comment_status":"closed","ping_status":"closed","template":"","meta":{"inline_featured_image":false,"wp_typography_post_enhancements_disabled":false,"_mc_calendar":[],"footnotes":""},"class_list":["post-50824","page","type-page","status-publish","hentry"],"yoast_head":"<!-- This site is optimized with the Yoast SEO plugin v27.3 - https:\/\/yoast.com\/product\/yoast-seo-wordpress\/ -->\n<title>LdE-Projekte in Kooperation mit der Heinrich-Thein-Berufsschule | MGH H.<\/title>\n<meta name=\"description\" content=\"LdE Heinrich-Thein-Berufsschule - Azubis engagieren sich in vier verschiedenen LdE-Projekten im Mehrgenerationenhaus Ha\u00dffurt.\" \/>\n<meta name=\"robots\" content=\"index, follow, max-snippet:-1, max-image-preview:large, max-video-preview:-1\" \/>\n<link rel=\"canonical\" href=\"https:\/\/www.mehrgenerationenhaus-hassfurt.de\/mgh\/angebote\/lernen-durch-engagement\/lde-projekte-heinrich-thein-berufsschule\/\" \/>\n<meta property=\"og:locale\" content=\"de_DE\" \/>\n<meta property=\"og:type\" content=\"article\" \/>\n<meta property=\"og:title\" content=\"LdE-Projekte in Kooperation mit der Heinrich-Thein-Berufsschule | MGH H.\" \/>\n<meta property=\"og:description\" content=\"LdE Heinrich-Thein-Berufsschule - Azubis engagieren sich in vier verschiedenen LdE-Projekten im Mehrgenerationenhaus Ha\u00dffurt.\" \/>\n<meta property=\"og:url\" content=\"https:\/\/www.mehrgenerationenhaus-hassfurt.de\/mgh\/angebote\/lernen-durch-engagement\/lde-projekte-heinrich-thein-berufsschule\/\" \/>\n<meta property=\"og:site_name\" content=\"Mehrgenerationenhaus Ha\u00dffurt\" \/>\n<meta property=\"article:publisher\" content=\"https:\/\/de-de.facebook.com\/mehrgenerationenhausHAS\/\" \/>\n<meta property=\"article:modified_time\" content=\"2023-11-02T07:34:40+00:00\" \/>\n<meta property=\"og:image\" content=\"https:\/\/www.mehrgenerationenhaus-hassfurt.de\/mgh\/wp-cnt\/uploads\/LdE-HThein_c1_580.jpg\" \/>\n<!-- \/ Yoast SEO plugin. -->","yoast_head_json":{"title":"LdE-Projekte in Kooperation mit der Heinrich-Thein-Berufsschule | MGH H.","description":"LdE Heinrich-Thein-Berufsschule - Azubis engagieren sich in vier verschiedenen LdE-Projekten im Mehrgenerationenhaus Ha\u00dffurt.","robots":{"index":"index","follow":"follow","max-snippet":"max-snippet:-1","max-image-preview":"max-image-preview:large","max-video-preview":"max-video-preview:-1"},"canonical":"https:\/\/www.mehrgenerationenhaus-hassfurt.de\/mgh\/angebote\/lernen-durch-engagement\/lde-projekte-heinrich-thein-berufsschule\/","og_locale":"de_DE","og_type":"article","og_title":"LdE-Projekte in Kooperation mit der Heinrich-Thein-Berufsschule | MGH H.","og_description":"LdE Heinrich-Thein-Berufsschule - Azubis engagieren sich in vier verschiedenen LdE-Projekten im Mehrgenerationenhaus Ha\u00dffurt.","og_url":"https:\/\/www.mehrgenerationenhaus-hassfurt.de\/mgh\/angebote\/lernen-durch-engagement\/lde-projekte-heinrich-thein-berufsschule\/","og_site_name":"Mehrgenerationenhaus Ha\u00dffurt","article_publisher":"https:\/\/de-de.facebook.com\/mehrgenerationenhausHAS\/","article_modified_time":"2023-11-02T07:34:40+00:00","og_image":[{"url":"https:\/\/www.mehrgenerationenhaus-hassfurt.de\/mgh\/wp-cnt\/uploads\/LdE-HThein_c1_580.jpg","type":"","width":"","height":""}],"schema":{"@context":"https:\/\/schema.org","@graph":[{"@type":"WebPage","@id":"https:\/\/www.mehrgenerationenhaus-hassfurt.de\/mgh\/angebote\/lernen-durch-engagement\/lde-projekte-heinrich-thein-berufsschule\/","url":"https:\/\/www.mehrgenerationenhaus-hassfurt.de\/mgh\/angebote\/lernen-durch-engagement\/lde-projekte-heinrich-thein-berufsschule\/","name":"LdE-Projekte in Kooperation mit der Heinrich-Thein-Berufsschule | MGH H.","isPartOf":{"@id":"https:\/\/www.mehrgenerationenhaus-hassfurt.de\/mgh\/#website"},"primaryImageOfPage":{"@id":"https:\/\/www.mehrgenerationenhaus-hassfurt.de\/mgh\/angebote\/lernen-durch-engagement\/lde-projekte-heinrich-thein-berufsschule\/#primaryimage"},"image":{"@id":"https:\/\/www.mehrgenerationenhaus-hassfurt.de\/mgh\/angebote\/lernen-durch-engagement\/lde-projekte-heinrich-thein-berufsschule\/#primaryimage"},"thumbnailUrl":"https:\/\/www.mehrgenerationenhaus-hassfurt.de\/mgh\/wp-cnt\/uploads\/LdE-HThein_c1_580.jpg","datePublished":"2021-01-27T19:09:52+00:00","dateModified":"2023-11-02T07:34:40+00:00","description":"LdE Heinrich-Thein-Berufsschule - Azubis engagieren sich in vier verschiedenen LdE-Projekten im Mehrgenerationenhaus Ha\u00dffurt.","breadcrumb":{"@id":"https:\/\/www.mehrgenerationenhaus-hassfurt.de\/mgh\/angebote\/lernen-durch-engagement\/lde-projekte-heinrich-thein-berufsschule\/#breadcrumb"},"inLanguage":"de","potentialAction":[{"@type":"ReadAction","target":["https:\/\/www.mehrgenerationenhaus-hassfurt.de\/mgh\/angebote\/lernen-durch-engagement\/lde-projekte-heinrich-thein-berufsschule\/"]}]},{"@type":"ImageObject","inLanguage":"de","@id":"https:\/\/www.mehrgenerationenhaus-hassfurt.de\/mgh\/angebote\/lernen-durch-engagement\/lde-projekte-heinrich-thein-berufsschule\/#primaryimage","url":"https:\/\/www.mehrgenerationenhaus-hassfurt.de\/mgh\/wp-cnt\/uploads\/LdE-HThein_c1_580.jpg","contentUrl":"https:\/\/www.mehrgenerationenhaus-hassfurt.de\/mgh\/wp-cnt\/uploads\/LdE-HThein_c1_580.jpg","width":580,"height":125,"caption":"LdE Heinrich-Thein-Berufsschule (Fotos: Ren\u00e9 Ruprecht und MGH-Team)"},{"@type":"BreadcrumbList","@id":"https:\/\/www.mehrgenerationenhaus-hassfurt.de\/mgh\/angebote\/lernen-durch-engagement\/lde-projekte-heinrich-thein-berufsschule\/#breadcrumb","itemListElement":[{"@type":"ListItem","position":1,"name":"Startseite","item":"https:\/\/www.mehrgenerationenhaus-hassfurt.de\/mgh\/"},{"@type":"ListItem","position":2,"name":"Angebote und Dienstleistungen","item":"https:\/\/www.mehrgenerationenhaus-hassfurt.de\/mgh\/angebote\/"},{"@type":"ListItem","position":3,"name":"Lernen durch Engagement","item":"https:\/\/www.mehrgenerationenhaus-hassfurt.de\/mgh\/angebote\/lernen-durch-engagement\/"},{"@type":"ListItem","position":4,"name":"LdE-Projekte in Kooperation mit der Heinrich-Thein-Berufsschule"}]},{"@type":"WebSite","@id":"https:\/\/www.mehrgenerationenhaus-hassfurt.de\/mgh\/#website","url":"https:\/\/www.mehrgenerationenhaus-hassfurt.de\/mgh\/","name":"Mehrgenerationenhaus Ha\u00dffurt","description":"Mehrgenerationenhaus Ha\u00dffurt","publisher":{"@id":"https:\/\/www.mehrgenerationenhaus-hassfurt.de\/mgh\/#organization"},"potentialAction":[{"@type":"SearchAction","target":{"@type":"EntryPoint","urlTemplate":"https:\/\/www.mehrgenerationenhaus-hassfurt.de\/mgh\/?s={search_term_string}"},"query-input":{"@type":"PropertyValueSpecification","valueRequired":true,"valueName":"search_term_string"}}],"inLanguage":"de"},{"@type":"Organization","@id":"https:\/\/www.mehrgenerationenhaus-hassfurt.de\/mgh\/#organization","name":"Mehrgenerationenhaus Ha\u00dffurt","url":"https:\/\/www.mehrgenerationenhaus-hassfurt.de\/mgh\/","logo":{"@type":"ImageObject","inLanguage":"de","@id":"https:\/\/www.mehrgenerationenhaus-hassfurt.de\/mgh\/#\/schema\/logo\/image\/","url":"https:\/\/www.mehrgenerationenhaus-hassfurt.de\/mgh\/wp-cnt\/uploads\/MGH_Logo_2020_hassfurt-scaled.jpg","contentUrl":"https:\/\/www.mehrgenerationenhaus-hassfurt.de\/mgh\/wp-cnt\/uploads\/MGH_Logo_2020_hassfurt-scaled.jpg","width":2560,"height":1162,"caption":"Mehrgenerationenhaus Ha\u00dffurt"},"image":{"@id":"https:\/\/www.mehrgenerationenhaus-hassfurt.de\/mgh\/#\/schema\/logo\/image\/"},"sameAs":["https:\/\/de-de.facebook.com\/mehrgenerationenhausHAS\/"]}]}},"publishpress_future_workflow_manual_trigger":{"enabledWorkflows":[]},"_links":{"self":[{"href":"https:\/\/www.mehrgenerationenhaus-hassfurt.de\/mgh\/wp-json\/wp\/v2\/pages\/50824","targetHints":{"allow":["GET"]}}],"collection":[{"href":"https:\/\/www.mehrgenerationenhaus-hassfurt.de\/mgh\/wp-json\/wp\/v2\/pages"}],"about":[{"href":"https:\/\/www.mehrgenerationenhaus-hassfurt.de\/mgh\/wp-json\/wp\/v2\/types\/page"}],"author":[{"embeddable":true,"href":"https:\/\/www.mehrgenerationenhaus-hassfurt.de\/mgh\/wp-json\/wp\/v2\/users\/5"}],"replies":[{"embeddable":true,"href":"https:\/\/www.mehrgenerationenhaus-hassfurt.de\/mgh\/wp-json\/wp\/v2\/comments?post=50824"}],"version-history":[{"count":0,"href":"https:\/\/www.mehrgenerationenhaus-hassfurt.de\/mgh\/wp-json\/wp\/v2\/pages\/50824\/revisions"}],"up":[{"embeddable":true,"href":"https:\/\/www.mehrgenerationenhaus-hassfurt.de\/mgh\/wp-json\/wp\/v2\/pages\/23577"}],"wp:attachment":[{"href":"https:\/\/www.mehrgenerationenhaus-hassfurt.de\/mgh\/wp-json\/wp\/v2\/media?parent=50824"}],"curies":[{"name":"wp","href":"https:\/\/api.w.org\/{rel}","templated":true}]}}