{"id":51103,"date":"2021-03-19T11:16:09","date_gmt":"2021-03-19T10:16:09","guid":{"rendered":"https:\/\/www.mehrgenerationenhaus-hassfurt.de\/mgh\/?page_id=51103"},"modified":"2025-07-16T12:46:09","modified_gmt":"2025-07-16T10:46:09","slug":"bundesprogramm","status":"publish","type":"page","link":"https:\/\/www.mehrgenerationenhaus-hassfurt.de\/mgh\/bundesprogramm\/","title":{"rendered":"Bundesprogramm Mehrgenerationenhaus."},"content":{"rendered":"<h2 style=\"margin-top: -20px; font-size: 28px;\">Miteinander \u2013 F\u00fcreinander<\/h2>\n<p><!--[one_half]\n\n<p style=\"font-size: 16px; line-height: 21px;\">Das Bundesministerium f\u00fcr Familie, \nSenioren, Frauen und Jugend f\u00f6rdert mit dem <strong>Bundesprogramm Mehrgenerationenhaus. Miteinander - F\u00fcreinander<\/strong> bundesweit rund 530 Mehrgenerationenh\u00e4user. <\/p>\n\n\n\n\n\n<p>Das Mehrgenerationenhaus Ha\u00dffurt, unter der Tr\u00e4gerschaft des Bayerischen Roten Kreuzes Kreisverband Ha\u00dfberge, ist seit 2008 Teil des Bundesprogramms und als Leuchtturmhaus fest verankert in der Stadt Ha\u00dffurt und im Landkreis Ha\u00dfberge.<\/p>\n\n[\/one_half][one_half_last]\n\n<div><img loading=\"lazy\" decoding=\"async\" style=\"margin-bottom: 0px; margin-left: 10px;\" src=\"https:\/\/www.mehrgenerationenhaus-hassfurt.de\/mgh\/wp-cnt\/uploads\/Logo_MGH-MitFuer_290.jpg\" alt=\"Bundesprogramm Mehrgenerationenhaus. Miteinander - F\u00fcreinander \" width=\"290\" height=\"205\" class=\"alignnone size-full wp-image-51117\" \/><\/div>\n\n[\/one_half_last] \n--><img loading=\"lazy\" decoding=\"async\" style=\"margin-top: -10px; margin-right: -40px; margin-bottom: 20px; margin-left: 0px;\" src=\"https:\/\/www.mehrgenerationenhaus-hassfurt.de\/mgh\/wp-cnt\/uploads\/Logo_MGH-MitFuer_290.jpg\" alt=\"Bundesprogramm Mehrgenerationenhaus. Miteinander - F\u00fcreinander \" width=\"290\" height=\"205\" class=\"alignright size-full wp-image-51117\">Das Bun\u00addes\u00admi\u00adnis\u00adte\u00adri\u00adum f\u00fcr Fa\u00admi\u00adlie, Se\u00adnio\u00adren, Frau\u00aden und Ju\u00adgend f\u00f6r\u00addert mit dem <strong>Bun\u00addes\u00adpro\u00adgramm Mehr\u00adge\u00adne\u00adra\u00adtio\u00adnen\u00adhaus. Mit\u00adein\u00adan\u00adder \u2013 F\u00fcr\u00adein\u00adan\u00adder <\/strong>bun\u00addes\u00adweit rund 530 Mehrgenerationenh\u00e4user.<\/p>\n<p>Das Mehr\u00adge\u00adne\u00adra\u00adtio\u00adnen\u00adhaus Ha\u00df\u00adfurt, un\u00adter der Tr\u00e4\u00adger\u00adschaft des Baye\u00adri\u00adschen Ro\u00adten Kreu\u00adzes Kreis\u00adver\u00adband Ha\u00df\u00adber\u00adge, ist seit 2008 Teil des Bun\u00addes\u00adpro\u00adgramms und als Leucht\u00adturm\u00adhaus fest ver\u00adan\u00adkert in der Stadt Ha\u00df\u00adfurt und im Land\u00adkreis Ha\u00dfberge.<\/p>\n<h2>Definition Mehrgenerationenh\u00e4user<\/h2>\n<p>Mehr\u00adge\u00adne\u00adra\u00adtio\u00adnen\u00adh\u00e4u\u00adser (MGH) sind Orte der Be\u00adgeg\u00adnung und des En\u00adga\u00adge\u00adments. Als Zen\u00adtren der ge\u00adsell\u00adschaft\u00adli\u00adchen Teil\u00adha\u00adbe f\u00f6r\u00addern sie ge\u00adne\u00adra\u00adtions\u00ad\u00fcber\u00adgrei\u00adfend den Zu\u00adsam\u00admen\u00adhalt im So\u00adzi\u00adal\u00adraum. Sie sind of\u00adfen f\u00fcr alle Men\u00adschen, un\u00adab\u00adh\u00e4n\u00adgig von Al\u00adter, Ge\u00adschlecht, se\u00adxu\u00adel\u00adler Ori\u00aden\u00adtie\u00adrung, Le\u00adbens\u00adsi\u00adtua\u00adti\u00adon, kul\u00adtu\u00adrel\u00adlem Hin\u00adter\u00adgrund oder Herkunft.&nbsp;<\/p>\n<p>In en\u00adger Ab\u00adstim\u00admung mit der Kom\u00admu\u00adne und vie\u00adlen Ak\u00adteu\u00adren im So\u00adzi\u00adal\u00adraum rich\u00adten Mehr\u00adge\u00adne\u00adra\u00adtio\u00adnen\u00adh\u00e4u\u00adser ihr An\u00adge\u00adbot an den Be\u00addar\u00adfen und Be\u00add\u00fcrf\u00adnis\u00adsen im Wir\u00adkungs\u00adge\u00adbiet aus. Auf die\u00adse Art und Wei\u00adse tra\u00adgen Mehr\u00adge\u00adne\u00adra\u00adtio\u00adnen\u00adh\u00e4u\u00adser zur Ge\u00adstal\u00adtung des de\u00admo\u00adgra\u00adfi\u00adschen Wan\u00addels und dem Zu\u00adsam\u00admen\u00adhalt der Ge\u00adne\u00adra\u00adtio\u00adnen&nbsp;bei.&nbsp;<\/p>\n<p>Mehr\u00adge\u00adne\u00adra\u00adtio\u00adnen\u00adh\u00e4u\u00adser er\u00adm\u00f6g\u00adli\u00adchen Men\u00adschen al\u00adler Ge\u00adne\u00adra\u00adtio\u00adnen <strong>so\u00adzia\u00adle Teil\u00adha\u00adbe<\/strong>, die sie bei der <strong>ak\u00adti\u00adven Mit\u00adge\u00adstal\u00adtung des So\u00adzi\u00adal\u00adraums<\/strong> st\u00e4rken.<\/p>\n<div><img loading=\"lazy\" decoding=\"async\" src=\"https:\/\/www.mehrgenerationenhaus-hassfurt.de\/mgh\/wp-cnt\/uploads\/bprmgh_c1_580.jpg\" alt=\"Bundesprogramm Mehrgenerationenhaus. Miteinander - F\u00fcreinander\" width=\"580\" height=\"190\" class=\"alignleft size-full wp-image-51115\" srcset=\"https:\/\/www.mehrgenerationenhaus-hassfurt.de\/mgh\/wp-cnt\/uploads\/bprmgh_c1_580.jpg 580w, https:\/\/www.mehrgenerationenhaus-hassfurt.de\/mgh\/wp-cnt\/uploads\/bprmgh_c1_580-300x98.jpg 300w\" sizes=\"auto, (max-width: 580px) 100vw, 580px\"><\/div>\n<h2>Aufgaben im Bundesprogramm&nbsp;<br>\nMehrgenerationenhaus. Miteinander \u2013 F\u00fcreinander<\/h2>\n<h3>Generations\u00fcbergreifende Arbeit<\/h3>\n<p>Das Mehr\u00adge\u00adne\u00adra\u00adtio\u00adnen\u00adhaus Ha\u00df\u00adfurt ist ein of\u00adfe\u00adner Be\u00adgeg\u00adnungs\u00adort f\u00fcr alle Ge\u00adne\u00adra\u00adtio\u00adnen. Hier wer\u00adden die Prin\u00adzi\u00adpi\u00aden ei\u00adner Gro\u00df\u00adfa\u00admi\u00adlie in mo\u00adder\u00adne For\u00admen \u00fcber\u00adtra\u00adgen. Alle Al\u00adters\u00adgrup\u00adpen ha\u00adben in den of\u00adfe\u00adnen Ta\u00adges\u00adtreff\u00adpunk\u00adten ih\u00adren Platz. Alt und Jung ver\u00adbrin\u00adgen ge\u00admein\u00adsa\u00adme Stun\u00adden, es\u00adsen und spie\u00adlen ge\u00admein\u00adsam, ler\u00adnen mit- und von\u00adein\u00adan\u00adder, un\u00adter\u00adst\u00fct\u00adzen sich ge\u00adgen\u00adsei\u00adtig oder neh\u00admen an\u00adge\u00adbo\u00adte\u00adne Dienst\u00adleis\u00adtun\u00adgen wahr. Die \u00e4l\u00adte\u00adre Ge\u00adne\u00adra\u00adti\u00adon kann ihre Po\u00adten\u00adzia\u00adle f\u00fcr das Ge\u00admein\u00adwohl ein\u00adbrin\u00adgen und die j\u00fcn\u00adge\u00adre Ge\u00adne\u00adra\u00adti\u00adon dies in Form von Un\u00adter\u00adst\u00fct\u00adzung an die \u00c4l\u00adte\u00adren zu\u00adr\u00fcck\u00adge\u00adben. Ein so\u00adli\u00adda\u00adri\u00adsches Ge\u00adben und Neh\u00admen, das wir mit vie\u00adlen Part\u00adnern im Netz\u00adwerk steu\u00adern und umsetzen.&nbsp;<\/p>\n<p>Je\u00adder Mensch hat Ta\u00adlen\u00adte, mit de\u00adnen er sich f\u00fcr an\u00adde\u00adre ein\u00adset\u00adzen&nbsp;kann.<br>\n <span class=\"push-double\"><\/span>\u200b<span class=\"pull-double\">\u201e<\/span>Mit\u00adein\u00adan\u00adder \u2013 F\u00fcr\u00adein\u00adan\u00adder\u201c die\u00adses Mot\u00adto er\u00adwe\u00adcken wir zum Leben.&nbsp;<\/p>\n<h3>Teilhabe<\/h3>\n<p>Mit un\u00adse\u00adren so\u00adzi\u00adal\u00adraum\u00adori\u00aden\u00adtier\u00adten und nied\u00adrig\u00adschwel\u00adli\u00adgen An\u00adge\u00adbo\u00adten st\u00e4r\u00adken wir die Teil\u00adha\u00adbe von Ge\u00adne\u00adra\u00adtio\u00adnen im So\u00adzi\u00adal\u00adraum. Men\u00adschen je\u00adden Al\u00adters und je\u00adder Her\u00adkunft wer\u00adden in un\u00adser Haus in\u00adte\u00adgriert und in Pro\u00adjek\u00adte und An\u00adge\u00adbo\u00adte ein\u00adge\u00adbun\u00adden. Al\u00adlen wer\u00adden durch Bil\u00addung und Teil\u00adha\u00adbe glei\u00adche Chan\u00adcen ge\u00adbo\u00adten, um so zu per\u00ads\u00f6n\u00adli\u00adchem Er\u00adfolg und po\u00adsi\u00adti\u00adven Er\u00adleb\u00adnis\u00adsen bei\u00adzu\u00adtra\u00adgen. Un\u00adse\u00adre of\u00adfe\u00adne An\u00adge\u00adbots\u00adstruk\u00adtur und die in\u00adter\u00adkul\u00adtu\u00adrel\u00adle \u00d6ff\u00adnung der An\u00adge\u00adbo\u00adte er\u00adm\u00f6g\u00adli\u00adchen die Be\u00adgeg\u00adnung und Be\u00adtei\u00adli\u00adgung von Men\u00adschen al\u00adler Ge\u00adne\u00adra\u00adtio\u00adnen mit und ohne Mi\u00adgra\u00adti\u00adons\u00adhin\u00adter\u00adgrund und Flucht\u00adge\u00adschich\u00adte. So wer\u00adden die Men\u00adschen da\u00adf\u00fcr be\u00adgeis\u00adtert, sich mit ih\u00adren Ta\u00adlen\u00adten und Ideen ein\u00adzu\u00adbrin\u00adgen und da\u00addurch ihre ei\u00adge\u00adne kul\u00adtu\u00adrel\u00adle und so\u00adzia\u00adle In\u00adte\u00adgra\u00adti\u00adon zu f\u00f6r\u00addern.  Dies um\u00adfasst so\u00adwohl die Teil\u00adha\u00adbe am ge\u00adsell\u00adschaft\u00adli\u00adchen Le\u00adben be\u00adzie\u00adhungs\u00adwei\u00adse an der Ge\u00admein\u00adschaft als auch die Mit\u00adwir\u00adkung an (po\u00adli\u00adti\u00adschen) Wil\u00adlens\u00adbil\u00addungs- und Ent\u00adschei\u00addungs\u00adpro\u00adzes\u00adsen in der Kom\u00admu\u00adne und im Landkreis.<\/p>\n<h3>Freiwilliges Engagement<\/h3>\n<p>Das Mehr\u00adge\u00adne\u00adra\u00adtio\u00adnen\u00adhaus ist ein Ort, an dem sich Men\u00adschen al\u00adler Ge\u00adne\u00adra\u00adtio\u00adnen ent\u00adspre\u00adchend ih\u00adren In\u00adter\u00ades\u00adsen und F\u00e4\u00adhig\u00adkei\u00adten ein\u00adbrin\u00adgen k\u00f6n\u00adnen. Wir er\u00adm\u00f6g\u00adli\u00adchen, un\u00adter\u00adst\u00fct\u00adzen und st\u00e4r\u00adken frei\u00adwil\u00adli\u00adges En\u00adga\u00adge\u00adment in der Kom\u00admu\u00adne und im Land\u00adkreis und tra\u00adgen als Frei\u00adwil\u00adli\u00adgen\u00adagen\u00adtur dazu bei, bes\u00adse\u00adre und nach\u00adhal\u00adti\u00adge Struk\u00adtu\u00adren des frei\u00adwil\u00adli\u00adgen und b\u00fcr\u00adger\u00adschaft\u00adli\u00adchen En\u00adga\u00adge\u00adments zu schaf\u00adfen und zu si\u00adchern. Gleich\u00adzei\u00adtig be\u00adra\u00adten wir ge\u00admein\u00adwohl\u00adori\u00aden\u00adtier\u00adte Or\u00adga\u00adni\u00adsa\u00adtio\u00adnen, Ver\u00adei\u00adne, In\u00aditia\u00adti\u00adven und Ein\u00adrich\u00adtun\u00adgen, die mit Frei\u00adwil\u00adli\u00adgen zusammenarbeiten.<\/p>\n<h3>Sozialraumorientierung<\/h3>\n<p>Als Mehr\u00adge\u00adne\u00adra\u00adtio\u00adnen\u00adhaus rich\u00adten wir un\u00adse\u00adre An\u00adge\u00adbo\u00adte in en\u00adger Ab\u00adstim\u00admung mit der Stadt Ha\u00df\u00adfurt und dem Land\u00adkreis Ha\u00df\u00adber\u00adge an den je\u00adwei\u00adli\u00adgen Be\u00addar\u00adfen und Be\u00add\u00fcrf\u00adnis\u00adsen der Men\u00adschen aus. Wir ko\u00adope\u00adrie\u00adren mit re\u00adle\u00advan\u00adten Ak\u00adteu\u00adren aus Ver\u00adwal\u00adtung, Wirt\u00adschaft und Zi\u00advil\u00adge\u00adsell\u00adschaft und er\u00adar\u00adbei\u00adten so pass\u00adge\u00adnaue L\u00f6\u00adsun\u00adgen f\u00fcr die je\u00adwei\u00adli\u00adgen Her\u00adaus\u00adfor\u00adde\u00adrun\u00adgen im Wir\u00adkungs\u00adge\u00adbiet. Durch die Ver\u00adnet\u00adzung be\u00adstehen\u00adder An\u00adge\u00adbo\u00adte wer\u00adden Par\u00adal\u00adlel- und Dop\u00adpel\u00adstruk\u00adtu\u00adren ver\u00admie\u00adden. Das Mehr\u00adge\u00adne\u00adra\u00adtio\u00adnen\u00adhaus fun\u00adgiert als Bin\u00adde\u00adglied zwi\u00adschen B\u00fcr\u00adge\u00adrin\u00adnen und B\u00fcr\u00adgern al\u00adler Ge\u00adne\u00adra\u00adtio\u00adnen, Ver\u00adwal\u00adtung und Wirt\u00adschaft und f\u00fchrt Be\u00addar\u00adfe und Po\u00adten\u00adtia\u00adle zusammen.<\/p>\n<div><img loading=\"lazy\" decoding=\"async\" style=\"margin-bottom: 30px;\" src=\"https:\/\/www.mehrgenerationenhaus-hassfurt.de\/mgh\/wp-cnt\/uploads\/bprmgh_c2_580.jpg\" alt=\"Bundesprogramm Mehrgenerationenhaus. Miteinander - F\u00fcreinander\" width=\"580\" height=\"125\" class=\"alignnone size-full wp-image-51116\" srcset=\"https:\/\/www.mehrgenerationenhaus-hassfurt.de\/mgh\/wp-cnt\/uploads\/bprmgh_c2_580.jpg 580w, https:\/\/www.mehrgenerationenhaus-hassfurt.de\/mgh\/wp-cnt\/uploads\/bprmgh_c2_580-300x65.jpg 300w\" sizes=\"auto, (max-width: 580px) 100vw, 580px\"><\/div>\n<h2>Handlungsfelder <br>im Mehrgenerationenhaus Ha\u00dffurt<\/h2>\n<ul>\n<li>Ge\u00adne\u00adra\u00adtio\u00adnen\u00adma\u00adnage\u00adment<\/li>\n<li>Frei\u00adwil\u00adli\u00adgen\u00adma\u00adnage\u00adment<\/li>\n<li>Fa\u00admi\u00adli\u00aden\u00adbil\u00addung<\/li>\n<li>Lo\u00adka\u00adles B\u00fcnd\u00adnis f\u00fcr fr\u00fc\u00adhe Bildung<\/li>\n<li>Ver\u00adein\u00adbar\u00adkeit von Fa\u00admi\u00adlie und Beruf<\/li>\n<li>Ver\u00adein\u00adbar\u00adkeit von Fa\u00admi\u00adlie und Pflege<\/li>\n<li>Selbst\u00adbe\u00adstimm\u00adtes Le\u00adben im Alter&nbsp;<\/li>\n<li>Ju\u00adgend\u00adge\u00adrech\u00adte Gesellschaft<\/li>\n<li>Er\u00adh\u00f6\u00adhung der Ar\u00adbeits\u00admarkt\u00adn\u00e4\u00adhe und In\u00adte\u00adgra\u00adti\u00adon in Aus\u00adbil\u00addung und Besch\u00e4ftigung<\/li>\n<li>In\u00adte\u00adgra\u00adti\u00adon von Men\u00adschen mit Mi\u00adgra\u00adti\u00adons- und Fluchtgeschichte&nbsp;<\/li>\n<li>Par\u00adti\u00adzi\u00adpa\u00adti\u00adons- und Demokratief\u00f6rderung<\/li>\n<li>Di\u00adgi\u00adta\u00adle Bildung<\/li>\n<li>Ko\u00adope\u00adra\u00adtion zwi\u00adschen Zi\u00advil\u00adge\u00adsell\u00adschaft, Po\u00adli\u00adtik und Wirtschaft<\/li>\n<li>\u00d6ko\u00adlo\u00adgi\u00adsche Nachhaltigkeit<\/li>\n<\/ul>\n<div>\n<table>\n<tbody>\n<tr>\n<th align=\"left\" valign=\"top\">Wo<\/th>\n<td class=\"cellgray\">Mehr\u00adge\u00adne\u00adra\u00adtio\u00adnen\u00adhaus Ha\u00dffurt<br>\nMarkt\u00adplatz 10<br>\n97437 Ha\u00dffurt<\/td>\n<\/tr>\n<tr>\n<th align=\"left\" valign=\"top\">Ko\u00ador\u00addi\u00adna\u00adto\u00adrin<\/th>\n<td class=\"cellgray\">Gud\u00adrun Greger<\/td>\n<\/tr>\n<tr>\n<th align=\"left\" valign=\"top\">Kon\u00adtakt\n<\/th><td class=\"cellgray\">Tel.: 09521\/952825\u20130<br>\nE\u2011Mail: <a href=\"https:\/\/www.mehrgenerationenhaus-hassfurt.de\/mgh\/kontaktformular\/\">mghhassfurt.kv-has@brk.de <\/a><\/td>\n<\/tr>\n<\/tbody>\n<\/table>\n<\/div>\n<hr>\n<p><strong>Links zum Thema:<\/strong><\/p>\n<ul style=\"list-style-type: '\u2192 ';\">\n<li> <a href=\"https:\/\/www.mehrgenerationenhaeuser.de\/programm\/was-ist-das-bundesprogramm\/\" target=\"_blank\" rel=\"noopener\">Pro\u00adgramm\u00advor\u00adstel\u00adlung des BMBFSFJ<\/a><\/li>\n<li> Pres\u00adse\u00adar\u00adti\u00adkel <span class=\"push-double\"><\/span>\u200b<span class=\"pull-double\">\u201e<\/span><a href=\"https:\/\/www.mehrgenerationenhaus-hassfurt.de\/mgh\/foerderung-fuer-mgh-hassfurt-steht\/\">F\u00f6r\u00adde\u00adrung f\u00fcr Mehr\u00adge\u00adne\u00adra\u00adtio\u00adnen\u00adhaus Ha\u00df\u00adfurt steht<\/a>\u201c <\/li>\n<\/ul>\n","protected":false},"excerpt":{"rendered":"<p>Mit\u00adein\u00adan\u00adder \u2013 F\u00fcr\u00adein\u00adan\u00adder Das Bun\u00addes\u00admi\u00adnis\u00adte\u00adri\u00adum f\u00fcr Fa\u00admi\u00adlie, Se\u00adnio\u00adren, Frau\u00aden und Ju\u00adgend f\u00f6r\u00addert mit dem Bun\u00addes\u00adpro\u00adgramm Mehr\u00adge\u00adne\u00adra\u00adtio\u00adnen\u00adhaus. Mit\u00adein\u00adan\u00adder \u2013 F\u00fcr\u00adein\u00adan\u00adder bun\u00addes\u00adweit rund 530 Mehr\u00adge\u00adne\u00adra\u00adtio\u00adnen\u00adh\u00e4u\u00adser. Das Mehr\u00adge\u00adne\u00adra\u00adtio\u00adnen\u00adhaus Ha\u00df\u00adfurt, un\u00adter der Tr\u00e4\u00adger\u00adschaft des Baye\u00adri\u00adschen Ro\u00adten Kreu\u00adzes Kreis\u00adver\u00adband Ha\u00df\u00adber\u00adge, ist seit 2008 Teil des Bun\u00addes\u00adpro\u00adgramms und als Leucht\u00adturm\u00adhaus fest ver\u00adan\u00adkert in der Stadt Ha\u00df\u00adfurt und im Land\u00adkreis Ha\u00df\u00adber\u00adge. Definition&nbsp;<\/p>\n<p class=\"excerpt-link\"><a class=\"read-more\" href=\"https:\/\/www.mehrgenerationenhaus-hassfurt.de\/mgh\/bundesprogramm\/\">Read More \u2192<\/a><\/p>\n","protected":false},"author":5,"featured_media":0,"parent":0,"menu_order":0,"comment_status":"closed","ping_status":"closed","template":"","meta":{"inline_featured_image":false,"wp_typography_post_enhancements_disabled":false,"_mc_calendar":[],"footnotes":""},"class_list":["post-51103","page","type-page","status-publish","hentry"],"yoast_head":"<!-- This site is optimized with the Yoast SEO plugin v27.3 - https:\/\/yoast.com\/product\/yoast-seo-wordpress\/ -->\n<title>Bundesprogramm Mehrgenerationenhaus. | MGH Ha\u00dffurt<\/title>\n<meta name=\"description\" content=\"Das Bundesprogramm Mehrgenerationenhaus. Miteinander - F\u00fcreinander f\u00f6rdert bundesweit rund 530 Mehrgenerationenh\u00e4user.\" \/>\n<meta name=\"robots\" content=\"index, follow, max-snippet:-1, max-image-preview:large, max-video-preview:-1\" \/>\n<link rel=\"canonical\" href=\"https:\/\/www.mehrgenerationenhaus-hassfurt.de\/mgh\/bundesprogramm\/\" \/>\n<meta property=\"og:locale\" content=\"de_DE\" \/>\n<meta property=\"og:type\" content=\"article\" \/>\n<meta property=\"og:title\" content=\"Bundesprogramm Mehrgenerationenhaus. | MGH Ha\u00dffurt\" \/>\n<meta property=\"og:description\" content=\"Das Bundesprogramm Mehrgenerationenhaus. Miteinander - F\u00fcreinander f\u00f6rdert bundesweit rund 530 Mehrgenerationenh\u00e4user.\" \/>\n<meta property=\"og:url\" content=\"https:\/\/www.mehrgenerationenhaus-hassfurt.de\/mgh\/bundesprogramm\/\" \/>\n<meta property=\"og:site_name\" content=\"Mehrgenerationenhaus Ha\u00dffurt\" \/>\n<meta property=\"article:publisher\" content=\"https:\/\/de-de.facebook.com\/mehrgenerationenhausHAS\/\" \/>\n<meta property=\"article:modified_time\" content=\"2025-07-16T10:46:09+00:00\" \/>\n<meta property=\"og:image\" content=\"https:\/\/www.mehrgenerationenhaus-hassfurt.de\/mgh\/wp-cnt\/uploads\/Logo_MGH-MitFuer_290.jpg\" \/>\n\t<meta property=\"og:image:width\" content=\"290\" \/>\n\t<meta property=\"og:image:height\" content=\"205\" \/>\n\t<meta property=\"og:image:type\" content=\"image\/jpeg\" \/>\n<!-- \/ Yoast SEO plugin. -->","yoast_head_json":{"title":"Bundesprogramm Mehrgenerationenhaus. | MGH Ha\u00dffurt","description":"Das Bundesprogramm Mehrgenerationenhaus. Miteinander - F\u00fcreinander f\u00f6rdert bundesweit rund 530 Mehrgenerationenh\u00e4user.","robots":{"index":"index","follow":"follow","max-snippet":"max-snippet:-1","max-image-preview":"max-image-preview:large","max-video-preview":"max-video-preview:-1"},"canonical":"https:\/\/www.mehrgenerationenhaus-hassfurt.de\/mgh\/bundesprogramm\/","og_locale":"de_DE","og_type":"article","og_title":"Bundesprogramm Mehrgenerationenhaus. | MGH Ha\u00dffurt","og_description":"Das Bundesprogramm Mehrgenerationenhaus. Miteinander - F\u00fcreinander f\u00f6rdert bundesweit rund 530 Mehrgenerationenh\u00e4user.","og_url":"https:\/\/www.mehrgenerationenhaus-hassfurt.de\/mgh\/bundesprogramm\/","og_site_name":"Mehrgenerationenhaus Ha\u00dffurt","article_publisher":"https:\/\/de-de.facebook.com\/mehrgenerationenhausHAS\/","article_modified_time":"2025-07-16T10:46:09+00:00","og_image":[{"width":290,"height":205,"url":"https:\/\/www.mehrgenerationenhaus-hassfurt.de\/mgh\/wp-cnt\/uploads\/Logo_MGH-MitFuer_290.jpg","type":"image\/jpeg"}],"schema":{"@context":"https:\/\/schema.org","@graph":[{"@type":"WebPage","@id":"https:\/\/www.mehrgenerationenhaus-hassfurt.de\/mgh\/bundesprogramm\/","url":"https:\/\/www.mehrgenerationenhaus-hassfurt.de\/mgh\/bundesprogramm\/","name":"Bundesprogramm Mehrgenerationenhaus. | MGH Ha\u00dffurt","isPartOf":{"@id":"https:\/\/www.mehrgenerationenhaus-hassfurt.de\/mgh\/#website"},"primaryImageOfPage":{"@id":"https:\/\/www.mehrgenerationenhaus-hassfurt.de\/mgh\/bundesprogramm\/#primaryimage"},"image":{"@id":"https:\/\/www.mehrgenerationenhaus-hassfurt.de\/mgh\/bundesprogramm\/#primaryimage"},"thumbnailUrl":"https:\/\/www.mehrgenerationenhaus-hassfurt.de\/mgh\/wp-cnt\/uploads\/Logo_MGH-MitFuer_290.jpg","datePublished":"2021-03-19T10:16:09+00:00","dateModified":"2025-07-16T10:46:09+00:00","description":"Das Bundesprogramm Mehrgenerationenhaus. Miteinander - F\u00fcreinander f\u00f6rdert bundesweit rund 530 Mehrgenerationenh\u00e4user.","breadcrumb":{"@id":"https:\/\/www.mehrgenerationenhaus-hassfurt.de\/mgh\/bundesprogramm\/#breadcrumb"},"inLanguage":"de","potentialAction":[{"@type":"ReadAction","target":["https:\/\/www.mehrgenerationenhaus-hassfurt.de\/mgh\/bundesprogramm\/"]}]},{"@type":"ImageObject","inLanguage":"de","@id":"https:\/\/www.mehrgenerationenhaus-hassfurt.de\/mgh\/bundesprogramm\/#primaryimage","url":"https:\/\/www.mehrgenerationenhaus-hassfurt.de\/mgh\/wp-cnt\/uploads\/Logo_MGH-MitFuer_290.jpg","contentUrl":"https:\/\/www.mehrgenerationenhaus-hassfurt.de\/mgh\/wp-cnt\/uploads\/Logo_MGH-MitFuer_290.jpg","width":290,"height":205,"caption":"undesprogramm Mehrgenerationenhaus. Miteinander - F\u00fcreinander"},{"@type":"BreadcrumbList","@id":"https:\/\/www.mehrgenerationenhaus-hassfurt.de\/mgh\/bundesprogramm\/#breadcrumb","itemListElement":[{"@type":"ListItem","position":1,"name":"Startseite","item":"https:\/\/www.mehrgenerationenhaus-hassfurt.de\/mgh\/"},{"@type":"ListItem","position":2,"name":"Bundesprogramm Mehrgenerationenhaus."}]},{"@type":"WebSite","@id":"https:\/\/www.mehrgenerationenhaus-hassfurt.de\/mgh\/#website","url":"https:\/\/www.mehrgenerationenhaus-hassfurt.de\/mgh\/","name":"Mehrgenerationenhaus Ha\u00dffurt","description":"Mehrgenerationenhaus Ha\u00dffurt","publisher":{"@id":"https:\/\/www.mehrgenerationenhaus-hassfurt.de\/mgh\/#organization"},"potentialAction":[{"@type":"SearchAction","target":{"@type":"EntryPoint","urlTemplate":"https:\/\/www.mehrgenerationenhaus-hassfurt.de\/mgh\/?s={search_term_string}"},"query-input":{"@type":"PropertyValueSpecification","valueRequired":true,"valueName":"search_term_string"}}],"inLanguage":"de"},{"@type":"Organization","@id":"https:\/\/www.mehrgenerationenhaus-hassfurt.de\/mgh\/#organization","name":"Mehrgenerationenhaus Ha\u00dffurt","url":"https:\/\/www.mehrgenerationenhaus-hassfurt.de\/mgh\/","logo":{"@type":"ImageObject","inLanguage":"de","@id":"https:\/\/www.mehrgenerationenhaus-hassfurt.de\/mgh\/#\/schema\/logo\/image\/","url":"https:\/\/www.mehrgenerationenhaus-hassfurt.de\/mgh\/wp-cnt\/uploads\/MGH_Logo_2020_hassfurt-scaled.jpg","contentUrl":"https:\/\/www.mehrgenerationenhaus-hassfurt.de\/mgh\/wp-cnt\/uploads\/MGH_Logo_2020_hassfurt-scaled.jpg","width":2560,"height":1162,"caption":"Mehrgenerationenhaus Ha\u00dffurt"},"image":{"@id":"https:\/\/www.mehrgenerationenhaus-hassfurt.de\/mgh\/#\/schema\/logo\/image\/"},"sameAs":["https:\/\/de-de.facebook.com\/mehrgenerationenhausHAS\/"]}]}},"publishpress_future_workflow_manual_trigger":{"enabledWorkflows":[]},"_links":{"self":[{"href":"https:\/\/www.mehrgenerationenhaus-hassfurt.de\/mgh\/wp-json\/wp\/v2\/pages\/51103","targetHints":{"allow":["GET"]}}],"collection":[{"href":"https:\/\/www.mehrgenerationenhaus-hassfurt.de\/mgh\/wp-json\/wp\/v2\/pages"}],"about":[{"href":"https:\/\/www.mehrgenerationenhaus-hassfurt.de\/mgh\/wp-json\/wp\/v2\/types\/page"}],"author":[{"embeddable":true,"href":"https:\/\/www.mehrgenerationenhaus-hassfurt.de\/mgh\/wp-json\/wp\/v2\/users\/5"}],"replies":[{"embeddable":true,"href":"https:\/\/www.mehrgenerationenhaus-hassfurt.de\/mgh\/wp-json\/wp\/v2\/comments?post=51103"}],"version-history":[{"count":0,"href":"https:\/\/www.mehrgenerationenhaus-hassfurt.de\/mgh\/wp-json\/wp\/v2\/pages\/51103\/revisions"}],"wp:attachment":[{"href":"https:\/\/www.mehrgenerationenhaus-hassfurt.de\/mgh\/wp-json\/wp\/v2\/media?parent=51103"}],"curies":[{"name":"wp","href":"https:\/\/api.w.org\/{rel}","templated":true}]}}