{"id":51448,"date":"2021-05-03T17:35:31","date_gmt":"2021-05-03T15:35:31","guid":{"rendered":"https:\/\/www.mehrgenerationenhaus-hassfurt.de\/mgh\/?page_id=51448"},"modified":"2025-04-22T08:44:58","modified_gmt":"2025-04-22T06:44:58","slug":"gemeinsam-analog-und-digital-vernetzt","status":"publish","type":"page","link":"https:\/\/www.mehrgenerationenhaus-hassfurt.de\/mgh\/gemeinsam-analog-und-digital-vernetzt\/","title":{"rendered":"GEMEINSAM analog und digital VERNETZT"},"content":{"rendered":"<p><img loading=\"lazy\" decoding=\"async\" src=\"https:\/\/www.mehrgenerationenhaus-hassfurt.de\/mgh\/wp-cnt\/uploads\/digital_vernetzt2025_c580.jpg\" alt=\"GEMEINSAM analog und digital VERNETZT\" width=\"580\" height=\"125\" class=\"alignnone size-full wp-image-55046\" srcset=\"https:\/\/www.mehrgenerationenhaus-hassfurt.de\/mgh\/wp-cnt\/uploads\/digital_vernetzt2025_c580.jpg 580w, https:\/\/www.mehrgenerationenhaus-hassfurt.de\/mgh\/wp-cnt\/uploads\/digital_vernetzt2025_c580-300x65.jpg 300w\" sizes=\"auto, (max-width: 580px) 100vw, 580px\"><\/p>\n<p>Das Pro\u00adjekt <span class=\"push-double\"><\/span>\u200b<span class=\"pull-double\">\u201e<\/span>GE\u00adMEIN\u00adSAM ana\u00adlog und di\u00adgi\u00adtal VER\u00adNETZT\u201c be\u00adschreibt das viel\u00adf\u00e4l\u00adti\u00adge frei\u00adwil\u00adli\u00adge En\u00adga\u00adge\u00adment von B\u00fcr\u00adge\u00adrin\u00adnen und B\u00fcr\u00adgern ge\u00adra\u00adde in schwie\u00adri\u00adgen und her\u00adaus\u00adfor\u00addern\u00adden Zei\u00adten wie der Co\u00adro\u00adna-Pan\u00adde\u00admie, das von Kon\u00adtakt\u00adbe\u00adschr\u00e4n\u00adkun\u00adgen und Hy\u00adgie\u00adne\u00adre\u00adgeln be\u00adstimmt ist und uns alle vor ex\u00adtre\u00admen Her\u00adaus\u00adfor\u00adde\u00adrun\u00adgen ge\u00adstellt hat.&nbsp;<\/p>\n<p>Zu\u00adhau\u00adse blei\u00adben, ar\u00adbei\u00adten im Ho\u00adme\u00adof\u00adfice, di\u00adgi\u00adta\u00adles Ler\u00adnen und vie\u00adles mehr. Ge\u00adra\u00adde Fa\u00admi\u00adli\u00aden mit Kin\u00addern und \u00c4l\u00adte\u00adre so\u00adwie Al\u00adlein\u00adste\u00adhen\u00adde wa\u00adren und sind von der Kri\u00adse hart be\u00adtrof\u00adfen. Ge\u00adra\u00adde hier be\u00adn\u00f6\u00adti\u00adgen Fa\u00admi\u00adli\u00aden und Men\u00adschen al\u00adler Ge\u00adne\u00adra\u00adtio\u00adnen Un\u00adter\u00adst\u00fct\u00adzung. Das Mehr\u00adge\u00adne\u00adra\u00adtio\u00adnen\u00adhaus Ha\u00df\u00adfurt un\u00adter der Tr\u00e4\u00adger\u00adschaft des Baye\u00adri\u00adschen Ro\u00adten Kreu\u00adzes mit sei\u00adnen frei\u00adwil\u00adlig En\u00adga\u00adgier\u00adten im gan\u00adzen Land\u00adkreis, war und ist auch in die\u00adser her\u00adaus\u00adfor\u00addern\u00adden Zeit mit viel En\u00adga\u00adge\u00adment f\u00fcr die B\u00fcr\u00adge\u00adrin\u00adnen und B\u00fcr\u00adgern al\u00adler Ge\u00adne\u00adra\u00adtio\u00adnen und Kul\u00adtu\u00adren da und ist so\u00admit GE\u00adMEIN\u00adSAM ana\u00adlog und di\u00adgi\u00adtal VERNETZT.&nbsp;<\/p>\n<p>Durch B\u00fcr\u00adger\u00addiens\u00adte und di\u00adgi\u00adta\u00adlen so\u00adwie ana\u00adlo\u00adgen Ak\u00adtio\u00adnen un\u00adter\u00adst\u00fctz\u00adten das Team des Mehr\u00adge\u00adne\u00adra\u00adtio\u00adnen\u00adhau\u00adses und die frei\u00adwil\u00adlig En\u00adga\u00adgier\u00adten. Da\u00addurch blei\u00adben wir in en\u00adgem Kon\u00adtakt mit B\u00fcr\u00adge\u00adrin\u00adnen und B\u00fcr\u00adgern, ver\u00adnetz\u00adten uns mit\u00adein\u00adan\u00adder und bie\u00adten in den un\u00adter\u00adschied\u00adlichs\u00adten Be\u00adrei\u00adchen des all\u00adt\u00e4g\u00adli\u00adchen Le\u00adbens un\u00adse\u00adre Hil\u00adfe&nbsp;an.&nbsp;<\/p>\n<p>So kann auch ohne per\u00ads\u00f6n\u00adli\u00adche Be\u00adgeg\u00adnung der Ein\u00adsam\u00adkeit ent\u00adge\u00adgen\u00adge\u00adwirkt wer\u00adden. Sei es durch Te\u00adle\u00adfo\u00adna\u00adte, \u00fcber Sky\u00adpe, \u00fcber Zoom und \u00fcber Whats\u00adApp \u2013 frei\u00adwil\u00adlig En\u00adga\u00adgier\u00adte neh\u00admen Kon\u00adtakt zu Fa\u00admi\u00adli\u00aden auf, un\u00adter\u00adhal\u00adten sich und neh\u00admen Be\u00addar\u00adfe wahr um sich ge\u00adgen\u00adsei\u00adtig zu un\u00adter\u00adst\u00fctz\u00adten. Es wer\u00adden Ein\u00adkaufs\u00addiens\u00adte und Bo\u00adten\u00adg\u00e4n\u00adge or\u00adga\u00adni\u00adsiert, T\u00fcr- und Fens\u00adter\u00adge\u00adspr\u00e4\u00adche ge\u00adf\u00fchrt, um so auf die Be\u00add\u00fcrf\u00adnis\u00adse der Men\u00adschen zu re\u00adagie\u00adren. Mit per\u00ads\u00f6n\u00adli\u00adchen Brief\u00adbot\u00adschaf\u00adten wer\u00adden auf\u00admun\u00adtern\u00adde und wert\u00adsch\u00e4t\u00adzen\u00adde Wor\u00adte, Kreuz\u00adwort\u00adr\u00e4t\u00adsel, Re\u00adzep\u00adte, Strick- und Bas\u00adtel\u00adan\u00adlei\u00adtun\u00adgen und krea\u00adti\u00adve Be\u00adsch\u00e4f\u00adti\u00adgungs\u00adideen verschickt.&nbsp;<\/p>\n<p><img loading=\"lazy\" decoding=\"async\" style=\"margin-bottom: 10px;\" src=\"https:\/\/www.mehrgenerationenhaus-hassfurt.de\/mgh\/wp-cnt\/uploads\/analog-digital-04_188.jpg\" alt=\"GEMEINSAM analog und digital VERNETZT\" width=\"188\" height=\"235\" class=\"alignright size-full wp-image-55048\">Auch die so\u00adzia\u00adlen Me\u00addi\u00aden spie\u00adlen eine wich\u00adti\u00adge Rol\u00adle. \u00dcber In\u00adsta\u00adgram und Face\u00adbook bringt das Team und die frei\u00adwil\u00adlig En\u00adga\u00adgier\u00adten ihr En\u00adga\u00adge\u00adment, z.B. in Form von selbst\u00adge\u00addreh\u00adten Vi\u00adde\u00ados, den Men\u00adschen in Stadt und Land\u00adkreis und dar\u00ad\u00fcber hin\u00adaus nach Hau\u00adse und pr\u00e4\u00adsen\u00adtiert un\u00adter\u00adschied\u00adli\u00adche Aus\u00adschnit\u00adte aus den An\u00adge\u00adbo\u00adten des Mehr\u00adge\u00adne\u00adra\u00adtio\u00adnen\u00adhau\u00adses. Die vie\u00adlen Bil\u00addungs\u00adpa\u00adten\u00adschaf\u00adten fin\u00adden auch di\u00adgi\u00adtal statt, so\u00addass die Bil\u00addungs\u00adpa\u00adten ihre Pa\u00adten\u00adkin\u00adder auch nach wie vor bei den Haus- und Schul\u00adauf\u00adga\u00adben un\u00adter\u00adst\u00fct\u00adzen k\u00f6nnen.&nbsp;<\/p>\n<p>Mit dem Pro\u00adjekt <span class=\"push-double\"><\/span>\u200b<span class=\"pull-double\">\u201e<\/span>GE\u00adMEIN\u00adSAM ana\u00adlog und di\u00adgi\u00adtal VER\u00adNEZT\u201c ge\u00adwann das Mehr\u00adge\u00adne\u00adra\u00adtio\u00adnen\u00adhaus Ha\u00df\u00adfurt den 2. Preis des Baye\u00adri\u00adsche B\u00fcr\u00adger\u00adprei\u00adses 2020, der un\u00adter dem Mot\u00adto <span class=\"push-double\"><\/span>\u200b<span class=\"pull-double\">\u201e<\/span>Neue Net\u00adze. Neue Nach\u00adbarn. Ge\u00admein\u00adsam di\u00adgi\u00adtal so\u00adzi\u00adal\u201c stand. Die Jury zeig\u00adte sich vom un\u00adge\u00adbro\u00adche\u00adnen Zu\u00adsam\u00admen\u00adhalt der B\u00fcr\u00adge\u00adrin\u00adnen und B\u00fcr\u00adger und dem un\u00ader\u00adm\u00fcd\u00adli\u00adchen En\u00adga\u00adge\u00adment \u00e4u\u00ad\u00dfert angetan.&nbsp;<\/p>\n<hr>\n<p><strong>Links zum Thema:<\/strong><\/p>\n<ul style=\"list-style-type: '\u2192 &nbsp;';\">\n<li>B\u00fcr\u00adger\u00adpreis-Film: <a href=\"https:\/\/www.mehrgenerationenhaus-hassfurt.de\/mgh\/digitale-auszeichnung-vorstellung-preistraeger\/\">Di\u00adgi\u00adta\u00adle Aus\u00adzeich\u00adnung und Vor\u00adstel\u00adlung der Preistr\u00e4ger<\/a><\/li>\n<li>Pres\u00adse\u00admit\u00adtei\u00adlung: <a href=\"https:\/\/www.mehrgenerationenhaus-hassfurt.de\/mgh\/buergerpreis-2020\/\">B\u00fcr\u00adger\u00adpreis 2020 des Baye\u00adri\u00adschen Landtags<\/a><\/li>\n<li><a href=\"https:\/\/www.mehrgenerationenhaus-hassfurt.de\/mgh\/buergerpreis-ilse-aigner\/\">Land\u00adtags\u00adpr\u00e4\u00adsi\u00adden\u00adtin Ilse Ai\u00adgner \u00fcber\u00adsen\u00addet Gl\u00fcck\u00adw\u00fcn\u00adsche zum B\u00fcr\u00adger\u00adpreis 2020<\/a><\/li>\n<li><a href=\"\u2192 <a href=\">Gl\u00fcck\u00adw\u00fcn\u00adsche der MGH-Pa\u00adtin Do\u00adro\u00adthee B\u00e4r (MdB) zum B\u00fcr\u00adger\u00adpreis 2020<\/a><\/li>\n<li><a href=\"https:\/\/www.mehrgenerationenhaus-hassfurt.de\/mgh\/buergerpreis-thorsten-glauber\/\">MdL Thors\u00adten Glau\u00adber gra\u00adtu\u00adliert zum B\u00fcr\u00adger\u00adpreis 2020<\/a><\/li>\n<li><a href=\"https:\/\/www.mehrgenerationenhaus-hassfurt.de\/mgh\/buergerpreis-ortrun-pleier\/\">Mi\u00adnis\u00adte\u00adri\u00adal\u00adr\u00e4\u00adtin Or\u00adtrun Plei\u00ader: Gl\u00fcck\u00adw\u00fcn\u00adsche zum 2. Platz des B\u00fcr\u00adger\u00adprei\u00adses&nbsp;2020<\/a><\/li>\n<li><a href=\"https:\/\/www.mehrgenerationenhaus-hassfurt.de\/mgh\/buergerpreis-wilhelm-schneider\/\" target=\"_blank\" rel=\"noopener noreferrer\">Gl\u00fcck\u00adwunsch\u00adschrei\u00adben des Land\u00adrats Wil\u00adhelm Schneider<\/a><\/li>\n<\/ul>\n<p><!--\n[su_row][su_column size=\"3\/4\" class=\"padding-right: 10px;\"]\n\n<p style=\"margin-top: 0px; font-size: 14px; color: #777; text-align: right;\"<strong>Name des Paten<\/strong><\/p>\n\n\n\n\n<h3 style=\"margin-top: -20px; margin-bottom: -15px; font-size: 14px; font-weight: normal; color: #777; text-align: right;\">Pate\/Patin des Angebots \"xxxxxxxxxxxxxxxxxxxxx\"<\/h3>\n\n[\/su_column]\n[su_column size=\"1\/4\"]<img loading=\"lazy\" decoding=\"async\" class=\"alignright size-full wp-image-50685\" style=\"margin-top: -70px; margin-bottom: -90px;\" src=\"https:\/\/www.mehrgenerationenhaus-hassfurt.de\/mgh\/wp-cnt\/uploads\/portrait-ph_175.jpg\" alt=\"XXXXXXXXXXXXXXXXX Name des Paten: Pate des MGH-Angebots XXXXXXXXXXXXXXXXXXXXXx\" width=\"145\" height=\"145\" \/>[\/su_column][\/su_row]\n\n\n<div>\n\n\n<div>\n\n\n<table>\n\n\n<tbody>\n\n\n<tr>\n\n\n<th align=\"left\" valign=\"top\">Wo<\/th>\n\n\n\n\n<td class=\"cellgray\">Mehrgenerationenhaus Ha\u00dffurt \nBRK Kreisverband Ha\u00dfberge\n1.OG \u2013 Kinderbereich \nDG \u2013 Kinderbereich \nMarktplatz 10\n97437 Ha\u00dffurt<\/td>\n\n\n<\/tr>\n\n\n\n\n<tr>\n\n\n<th align=\"left\" valign=\"top\">Wann<\/th>\n\n\n\n\n<td class=\"cellgray\">Montag \u2013 Freitag von 09:00 bis 18:00 Uhr<\/td>\n\n\n<\/tr>\n\n\n\n\n<tr>\n\n\n<th align=\"left\" valign=\"top\">Anmeldung<\/td>\n\n\n\n\n<td class=\"cellgray\" align=\"left\" valign=\"top\" width=\"430\">Sollten Sie eine gr\u00f6\u00dfere Gruppe sein bzw. regelm\u00e4\u00dfige Treffen \nvereinbaren, bitten wir Sie um eine vorherige Anmeldung, um \n\u00dcberschneidungen zu vermeiden<\/td>\n\n\n<\/tr>\n\n\n\n\n<tr>\n\n\n<th align=\"left\" valign=\"top\">Kosten<\/td>\n\n\n\n\n<td class=\"cellgray\" align=\"left\" valign=\"top\" width=\"430\">Keine<\/td>\n\n\n<\/tr>\n\n\n<\/tbody>\n\n\n<\/table>\n\n\n<\/div>\n\n\n--><\/p>\n","protected":false},"excerpt":{"rendered":"<p>Das Pro\u00adjekt \u200b\u201eGE\u00adMEIN\u00adSAM ana\u00adlog und di\u00adgi\u00adtal VER\u00adNETZT\u201c be\u00adschreibt das viel\u00adf\u00e4l\u00adti\u00adge frei\u00adwil\u00adli\u00adge En\u00adga\u00adge\u00adment von B\u00fcr\u00adge\u00adrin\u00adnen und B\u00fcr\u00adgern ge\u00adra\u00adde in schwie\u00adri\u00adgen und her\u00adaus\u00adfor\u00addern\u00adden Zei\u00adten wie der Co\u00adro\u00ad\u00adna-Pan\u00ad\u00adde\u00ad\u00admie, das von Kon\u00adtakt\u00adbe\u00adschr\u00e4n\u00adkun\u00adgen und Hy\u00adgie\u00adne\u00adre\u00adgeln be\u00adstimmt ist und uns alle vor ex\u00adtre\u00admen Her\u00adaus\u00adfor\u00adde\u00adrun\u00adgen ge\u00adstellt hat.&nbsp; Zu\u00adhau\u00adse blei\u00adben, ar\u00adbei\u00adten im Ho\u00adme\u00adof\u00adfice, di\u00adgi\u00adta\u00adles Ler\u00adnen und vie\u00adles mehr. Ge\u00adra\u00adde Fa\u00admi\u00adli\u00aden mit Kin\u00addern&nbsp;und&nbsp;<\/p>\n<p class=\"excerpt-link\"><a class=\"read-more\" href=\"https:\/\/www.mehrgenerationenhaus-hassfurt.de\/mgh\/gemeinsam-analog-und-digital-vernetzt\/\">Read More \u2192<\/a><\/p>\n","protected":false},"author":5,"featured_media":0,"parent":0,"menu_order":0,"comment_status":"closed","ping_status":"closed","template":"","meta":{"inline_featured_image":false,"wp_typography_post_enhancements_disabled":false,"_mc_calendar":[],"footnotes":""},"class_list":["post-51448","page","type-page","status-publish","hentry"],"yoast_head":"<!-- This site is optimized with the Yoast SEO plugin v26.9 - https:\/\/yoast.com\/product\/yoast-seo-wordpress\/ -->\n<title>GEMEINSAM analog und digital VERNETZT | MGH Ha\u00dffurt<\/title>\n<meta name=\"description\" content=\"GEMEINSAM analog und digital VERNETZT - Das neue Angebot im Mehrgenerationenhaus Ha\u00dffurt, das w\u00e4hrend der Corona-Pandemie ins Leben ...\" \/>\n<meta name=\"robots\" content=\"index, follow, max-snippet:-1, max-image-preview:large, max-video-preview:-1\" \/>\n<link rel=\"canonical\" href=\"https:\/\/www.mehrgenerationenhaus-hassfurt.de\/mgh\/gemeinsam-analog-und-digital-vernetzt\/\" \/>\n<meta property=\"og:locale\" content=\"de_DE\" \/>\n<meta property=\"og:type\" content=\"article\" \/>\n<meta property=\"og:title\" content=\"GEMEINSAM analog und digital VERNETZT | MGH Ha\u00dffurt\" \/>\n<meta property=\"og:description\" content=\"GEMEINSAM analog und digital VERNETZT - Das neue Angebot im Mehrgenerationenhaus Ha\u00dffurt, das w\u00e4hrend der Corona-Pandemie ins Leben ...\" \/>\n<meta property=\"og:url\" content=\"https:\/\/www.mehrgenerationenhaus-hassfurt.de\/mgh\/gemeinsam-analog-und-digital-vernetzt\/\" \/>\n<meta property=\"og:site_name\" content=\"Mehrgenerationenhaus Ha\u00dffurt\" \/>\n<meta property=\"article:publisher\" content=\"https:\/\/de-de.facebook.com\/mehrgenerationenhausHAS\/\" \/>\n<meta property=\"article:modified_time\" content=\"2025-04-22T06:44:58+00:00\" \/>\n<meta property=\"og:image\" content=\"https:\/\/www.mehrgenerationenhaus-hassfurt.de\/mgh\/wp-cnt\/uploads\/digital_vernetzt2025_c580.jpg\" \/>\n\t<meta property=\"og:image:width\" content=\"580\" \/>\n\t<meta property=\"og:image:height\" content=\"125\" \/>\n\t<meta property=\"og:image:type\" content=\"image\/jpeg\" \/>\n<!-- \/ Yoast SEO plugin. -->","yoast_head_json":{"title":"GEMEINSAM analog und digital VERNETZT | MGH Ha\u00dffurt","description":"GEMEINSAM analog und digital VERNETZT - Das neue Angebot im Mehrgenerationenhaus Ha\u00dffurt, das w\u00e4hrend der Corona-Pandemie ins Leben ...","robots":{"index":"index","follow":"follow","max-snippet":"max-snippet:-1","max-image-preview":"max-image-preview:large","max-video-preview":"max-video-preview:-1"},"canonical":"https:\/\/www.mehrgenerationenhaus-hassfurt.de\/mgh\/gemeinsam-analog-und-digital-vernetzt\/","og_locale":"de_DE","og_type":"article","og_title":"GEMEINSAM analog und digital VERNETZT | MGH Ha\u00dffurt","og_description":"GEMEINSAM analog und digital VERNETZT - Das neue Angebot im Mehrgenerationenhaus Ha\u00dffurt, das w\u00e4hrend der Corona-Pandemie ins Leben ...","og_url":"https:\/\/www.mehrgenerationenhaus-hassfurt.de\/mgh\/gemeinsam-analog-und-digital-vernetzt\/","og_site_name":"Mehrgenerationenhaus Ha\u00dffurt","article_publisher":"https:\/\/de-de.facebook.com\/mehrgenerationenhausHAS\/","article_modified_time":"2025-04-22T06:44:58+00:00","og_image":[{"width":580,"height":125,"url":"https:\/\/www.mehrgenerationenhaus-hassfurt.de\/mgh\/wp-cnt\/uploads\/digital_vernetzt2025_c580.jpg","type":"image\/jpeg"}],"schema":{"@context":"https:\/\/schema.org","@graph":[{"@type":"WebPage","@id":"https:\/\/www.mehrgenerationenhaus-hassfurt.de\/mgh\/gemeinsam-analog-und-digital-vernetzt\/","url":"https:\/\/www.mehrgenerationenhaus-hassfurt.de\/mgh\/gemeinsam-analog-und-digital-vernetzt\/","name":"GEMEINSAM analog und digital VERNETZT | MGH Ha\u00dffurt","isPartOf":{"@id":"https:\/\/www.mehrgenerationenhaus-hassfurt.de\/mgh\/#website"},"primaryImageOfPage":{"@id":"https:\/\/www.mehrgenerationenhaus-hassfurt.de\/mgh\/gemeinsam-analog-und-digital-vernetzt\/#primaryimage"},"image":{"@id":"https:\/\/www.mehrgenerationenhaus-hassfurt.de\/mgh\/gemeinsam-analog-und-digital-vernetzt\/#primaryimage"},"thumbnailUrl":"https:\/\/www.mehrgenerationenhaus-hassfurt.de\/mgh\/wp-cnt\/uploads\/digital_vernetzt2025_c580.jpg","datePublished":"2021-05-03T15:35:31+00:00","dateModified":"2025-04-22T06:44:58+00:00","description":"GEMEINSAM analog und digital VERNETZT - Das neue Angebot im Mehrgenerationenhaus Ha\u00dffurt, das w\u00e4hrend der Corona-Pandemie ins Leben ...","breadcrumb":{"@id":"https:\/\/www.mehrgenerationenhaus-hassfurt.de\/mgh\/gemeinsam-analog-und-digital-vernetzt\/#breadcrumb"},"inLanguage":"de","potentialAction":[{"@type":"ReadAction","target":["https:\/\/www.mehrgenerationenhaus-hassfurt.de\/mgh\/gemeinsam-analog-und-digital-vernetzt\/"]}]},{"@type":"ImageObject","inLanguage":"de","@id":"https:\/\/www.mehrgenerationenhaus-hassfurt.de\/mgh\/gemeinsam-analog-und-digital-vernetzt\/#primaryimage","url":"https:\/\/www.mehrgenerationenhaus-hassfurt.de\/mgh\/wp-cnt\/uploads\/digital_vernetzt2025_c580.jpg","contentUrl":"https:\/\/www.mehrgenerationenhaus-hassfurt.de\/mgh\/wp-cnt\/uploads\/digital_vernetzt2025_c580.jpg","width":580,"height":125,"caption":"Digital vernetzt"},{"@type":"BreadcrumbList","@id":"https:\/\/www.mehrgenerationenhaus-hassfurt.de\/mgh\/gemeinsam-analog-und-digital-vernetzt\/#breadcrumb","itemListElement":[{"@type":"ListItem","position":1,"name":"Startseite","item":"https:\/\/www.mehrgenerationenhaus-hassfurt.de\/mgh\/"},{"@type":"ListItem","position":2,"name":"GEMEINSAM analog und digital VERNETZT"}]},{"@type":"WebSite","@id":"https:\/\/www.mehrgenerationenhaus-hassfurt.de\/mgh\/#website","url":"https:\/\/www.mehrgenerationenhaus-hassfurt.de\/mgh\/","name":"Mehrgenerationenhaus Ha\u00dffurt","description":"Mehrgenerationenhaus Ha\u00dffurt","publisher":{"@id":"https:\/\/www.mehrgenerationenhaus-hassfurt.de\/mgh\/#organization"},"potentialAction":[{"@type":"SearchAction","target":{"@type":"EntryPoint","urlTemplate":"https:\/\/www.mehrgenerationenhaus-hassfurt.de\/mgh\/?s={search_term_string}"},"query-input":{"@type":"PropertyValueSpecification","valueRequired":true,"valueName":"search_term_string"}}],"inLanguage":"de"},{"@type":"Organization","@id":"https:\/\/www.mehrgenerationenhaus-hassfurt.de\/mgh\/#organization","name":"Mehrgenerationenhaus Ha\u00dffurt","url":"https:\/\/www.mehrgenerationenhaus-hassfurt.de\/mgh\/","logo":{"@type":"ImageObject","inLanguage":"de","@id":"https:\/\/www.mehrgenerationenhaus-hassfurt.de\/mgh\/#\/schema\/logo\/image\/","url":"https:\/\/www.mehrgenerationenhaus-hassfurt.de\/mgh\/wp-cnt\/uploads\/MGH_Logo_2020_hassfurt-scaled.jpg","contentUrl":"https:\/\/www.mehrgenerationenhaus-hassfurt.de\/mgh\/wp-cnt\/uploads\/MGH_Logo_2020_hassfurt-scaled.jpg","width":2560,"height":1162,"caption":"Mehrgenerationenhaus Ha\u00dffurt"},"image":{"@id":"https:\/\/www.mehrgenerationenhaus-hassfurt.de\/mgh\/#\/schema\/logo\/image\/"},"sameAs":["https:\/\/de-de.facebook.com\/mehrgenerationenhausHAS\/"]}]}},"publishpress_future_workflow_manual_trigger":{"enabledWorkflows":[]},"_links":{"self":[{"href":"https:\/\/www.mehrgenerationenhaus-hassfurt.de\/mgh\/wp-json\/wp\/v2\/pages\/51448","targetHints":{"allow":["GET"]}}],"collection":[{"href":"https:\/\/www.mehrgenerationenhaus-hassfurt.de\/mgh\/wp-json\/wp\/v2\/pages"}],"about":[{"href":"https:\/\/www.mehrgenerationenhaus-hassfurt.de\/mgh\/wp-json\/wp\/v2\/types\/page"}],"author":[{"embeddable":true,"href":"https:\/\/www.mehrgenerationenhaus-hassfurt.de\/mgh\/wp-json\/wp\/v2\/users\/5"}],"replies":[{"embeddable":true,"href":"https:\/\/www.mehrgenerationenhaus-hassfurt.de\/mgh\/wp-json\/wp\/v2\/comments?post=51448"}],"version-history":[{"count":0,"href":"https:\/\/www.mehrgenerationenhaus-hassfurt.de\/mgh\/wp-json\/wp\/v2\/pages\/51448\/revisions"}],"wp:attachment":[{"href":"https:\/\/www.mehrgenerationenhaus-hassfurt.de\/mgh\/wp-json\/wp\/v2\/media?parent=51448"}],"curies":[{"name":"wp","href":"https:\/\/api.w.org\/{rel}","templated":true}]}}