{"id":51842,"date":"2021-09-20T18:37:07","date_gmt":"2021-09-20T16:37:07","guid":{"rendered":"https:\/\/www.mehrgenerationenhaus-hassfurt.de\/mgh\/?page_id=51842"},"modified":"2026-03-27T14:32:54","modified_gmt":"2026-03-27T13:32:54","slug":"digital-vereint","status":"publish","type":"page","link":"https:\/\/www.mehrgenerationenhaus-hassfurt.de\/mgh\/digital-vereint\/","title":{"rendered":"digital vereint"},"content":{"rendered":"<h1 style=\"margin-top: 58px;\">digital verein(t)<\/h1>\n<p><a href=\"https:\/\/digital-vereint.de\/\" target=\"_blank\" rel=\"noopener noreferrer\"><img loading=\"lazy\" decoding=\"async\" style=\"margin-top: -62px; margin-bottom: 0px;\" src=\"https:\/\/www.mehrgenerationenhaus-hassfurt.de\/mgh\/wp-cnt\/uploads\/digital-vereint-logo_250.jpg\" alt=\"digital verein(t)\" width=\"250\" height=\"107\" class=\"alignright size-full wp-image-51844\"><\/a>Die baye\u00adri\u00adsche Lan\u00addes\u00adin\u00aditia\u00adti\u00adve di\u00adgi\u00adtal verein(t) hilft Ver\u00adei\u00adnen, die Chan\u00adcen der Di\u00adgi\u00adta\u00adli\u00adsie\u00adrung zu nut\u00adzen: Mit Hand\u00adb\u00fcchern, Work\u00adshops, On\u00adline-Se\u00admi\u00adna\u00adren so\u00adwie ei\u00adnem mo\u00adbi\u00adlen Ratgeberteam.<br>\nDas Pro\u00adjekt star\u00adte\u00adte im Som\u00admer 2021 an bay\u00adern\u00adweit 21 Kom\u00adpe\u00adtenz\u00adstand\u00ador\u00adten. Als Frei\u00adwil\u00adli\u00adgen\u00adagen\u00adtur Mehr\u00adge\u00adne\u00adra\u00adtio\u00adnen\u00adhaus Ha\u00df\u00adfurt sind wir ei\u00adner da\u00advon und er\u00adwei\u00adtern so un\u00adser Re\u00adper\u00adtoire und un\u00adse\u00adre Ex\u00adper\u00adti\u00adse im Be\u00adreich der di\u00adgi\u00adta\u00adlen Bildung.<\/p>\n<h2 style=\"margin-top: 10px; font-size: 24px; font-weight: normal; line-height: 22px;\">Gemeinsam den digitalen Wandel in Bayern gestalten<\/h2>\n<p><img loading=\"lazy\" decoding=\"async\" style=\"margin-bottom: 20px;\" src=\"https:\/\/www.mehrgenerationenhaus-hassfurt.de\/mgh\/wp-cnt\/uploads\/rr_8448_250.jpg\" alt width=\"250\" height=\"167\" class=\"alignleft size-full wp-image-51851\"><img loading=\"lazy\" decoding=\"async\" style=\"margin-top: 13px; margin-right: 0px; margin-bottom: 25px; margin-left: 0px;\" src=\"https:\/\/www.mehrgenerationenhaus-hassfurt.de\/mgh\/wp-cnt\/uploads\/StDM_Digitales_L4_300.png\" alt=\"(Logo des Digitalministeriums mit F\u00f6rdermarke)\" width=\"300\" height=\"49\" class=\"alignleft wp-image-51991\">Wir sind lo\u00adka\u00adle An\u00adlauf\u00adstel\u00adle und ver\u00admit\u00adteln di\u00adgi\u00adta\u00adle Kom\u00adpe\u00adten\u00adzen f\u00fcr den t\u00e4g\u00adli\u00adchen Be\u00addarf in Ver\u00adei\u00adnen, Ver\u00adb\u00e4n\u00adden und Or\u00adga\u00adni\u00adsa\u00adtio\u00adnen. Be\u00adson\u00adders wich\u00adtig ist uns da\u00adbei die F\u00f6r\u00adde\u00adrung des ak\u00adti\u00adven Aus\u00adtauschs zu den The\u00admen der di\u00adgi\u00adta\u00adlen Si\u00adcher\u00adheit in\u00adner\u00adhalb der En\u00adga\u00adge\u00adm\u00adent\u00adland\u00adschaft: Von der Nut\u00adzung so\u00adzia\u00adler Netz\u00adwer\u00adke, \u00fcber den Um\u00adgang mit Mit\u00adglie\u00adder\u00adda\u00adten bis hin zur Or\u00adga\u00adni\u00adsa\u00adti\u00adons\u00adent\u00adwick\u00adlung im di\u00adgi\u00adta\u00adlen Zeit\u00adal\u00adter. di\u00adgi\u00adtal verein(t) bie\u00adtet die gro\u00ad\u00dfe Chan\u00adce, mit span\u00adnen\u00adden, leicht zu\u00adg\u00e4ng\u00adli\u00adchen An\u00adge\u00adbo\u00adten den En\u00adga\u00adgier\u00adten in Bay\u00adern den Weg in ih\u00adren Di\u00adgi\u00adta\u00adli\u00adsie\u00adrungs\u00adpro\u00adzess zu ebnen.<\/p>\n<p><!-- \n\n<h2 style=\"margin-top: 10px; font-size: 24px; font-weight: normal; line-height: 22px;\">Workshops<\/h2>\n\n\n\nIn regelm\u00e4\u00dfigen Abst\u00e4nden veranstalten wir als Kompetenzstandort Workshops zu Themen der Digitalisierung. In Kooperation mit der Smart Green City Ha\u00dffurt stellen wir hierf\u00fcr ein abwechslungsreiches und interaktives Programm mit renommierten Referenten zusammen. \n\n<strong>Der n\u00e4chste Workshop zum Thema \u201eFotos verwenden: Bildbearbeitung, Stockfotos und Lizenzen\u201c findet am Donnerstag, 19. M\u00e4rz 2026 von 17:30 bis 20:30 Uhr im Stadtlabor Ha\u00dffurt statt.<\/strong>\n\n<a href=\"https:\/\/www.mehrgenerationenhaus-hassfurt.de\/mgh\/wp-cnt\/uploads\/Icon-OeffArbeit_150.jpg\" data-src=\"https:\/\/www.mehrgenerationenhaus-hassfurt.de\/mgh\/wp-cnt\/uploads\/Icon-OeffArbeit_150.jpg\" data-thumb=\"https:\/\/www.mehrgenerationenhaus-hassfurt.de\/mgh\/wp-cnt\/uploads\/Icon-OeffArbeit_150.jpg\" class=\"ml-lightbox-enabled\"><img loading=\"lazy\" decoding=\"async\" src=\"https:\/\/www.mehrgenerationenhaus-hassfurt.de\/mgh\/wp-cnt\/uploads\/Icon-OeffArbeit_150.jpg\" alt=\"Digital verein(t): \u00d6ffentlichkeitsarbeit\" width=\"150\" height=\"111\" class=\"alignright size-full wp-image-55820\" \/><\/a>Im Workshop \u201eFotos verwenden\u201c besch\u00e4ftigen wir uns mit den Themen Bildbearbeitung und freien Lizenzen. Sie m\u00f6chten wissen, was Sie bei der Nutzung von Stockfotos im Vereinskontext beachten m\u00fcssen? Dann sind Sie in diesem Workshop genau richtig! In diesem interaktiven Seminar zeigen wir, unter welchen Bedingungen Bildmaterialien mithilfe freier Lizenzen kostenlos genutzt werden k\u00f6nnen. Au\u00dferdem geben wir ein paar allgemeine Hinweise zur Bearbeitung von Bildern, um die Onlinepr\u00e4senz(en) des Vereins zu st\u00e4rken und gehen auch darauf ein, wie man Bilder im Vereinskontext sicher mit den Mitgliedern teilen kann. \n\n<strong>Konkret gibt der Workshop \u201eFotos verwenden\u201c Antworten auf folgende Fragen: <\/strong>\n\n\n<div>\n\n\n<ul>\n\n\n<li>Was sind freie Lizenzen und CC-Lizenzen? <\/li>\n\n\n\n\n<li>Was muss bei der Nutzung freier Lizenzen und Stockfotos beachtet werden? <\/li>\n\n\n\n\n<li>Wo sind Bildmaterialien mit freien Lizenzen zu finden?<\/li>\n\n\n\n\n<li>Was sind g\u00e4ngige Bildbearbeitungsprogramme? <\/li>\n\n\n\n\n<li>Welche gestalterischen Aspekte sollte man bei der Bildbearbeitung beachten?<\/li>\n\n\n\n\n<li>Wie teile ich Bilder sicher mit meinen Mitgliedern<\/li>\n\n\n<\/ul>\n\n\n<\/div>\n\n\n\n\n\n<p style=\"text-align: center; font-size: 10pt;\"><strong>Flyer downloaden: [ <a href=\"https:\/\/www.mehrgenerationenhaus-hassfurt.de\/mgh\/wp-cnt\/uploads\/20260319_DiVe_Fotos-verwenden.png\" title=\"Flyer: WS Fotos verwenden\">PNG<\/a> ] &nbsp; &ndash; &nbsp; Jahresprogramm downloaden: [ <a href=\"https:\/\/www.mehrgenerationenhaus-hassfurt.de\/mgh\/wp-cnt\/uploads\/20260319_DiVe_Fotos-verwenden.png\" title=\"Flyer (folgt)\">(folgt)<\/a> ] <\/strong><\/p>\n\n\n\nSie haben Lust auf den Workshop bekommen? Anmeldung und weitere Informationen im Mehrgenerationenhaus Ha\u00dffurt unter 09521\/952825-0 oder <a href=\"https:\/\/www.mehrgenerationenhaus-hassfurt.de\/mgh\/kontaktformular\/\">mghhassfurt.kv-has@brk.de <\/a> --><\/p>\n<h3>Wir digitalisieren mit&nbsp;Euch!<\/h3>\n<p><!-- \n\n<h2 style=\"margin-top: 10px; font-size: 24px; font-weight: normal; line-height: 22px;\">Die Standorte von digital verein(t) im \u00dcberblick:<\/h2>\n\n\n[embed]https:\/\/www.dailymotion.com\/video\/x82hjqy[\/embed]\n\n\n<div style=\"position:relative;padding-bottom:56.25%;height:0;overflow:hidden;\"> <iframe loading=\"lazy\" style=\"width:100%;height:100%;position:absolute;left:0px;top:0px;overflow:hidden\" frameborder=\"0\" type=\"text\/html\" src=\"https:\/\/www.dailymotion.com\/embed\/video\/x82hjqy?autoplay=0\" autoplay=no width=\"100%\" height=\"100%\" allowfullscreen> <\/iframe> <\/div>\n\n\n\n\n<p style=\"margin-top: 8px; padding-left: 40px; text-align: right; font-size: 13px;\"><em>&copy; lagfa bayern e.V.<\/em><\/p>\n\n--><\/p>\n<p>Un\u00adser frei\u00adwil\u00adlig En\u00adga\u00adgier\u00adter Guil\u00adler\u00admo San\u00adchez Cor\u00adde\u00adro be\u00adschreibt in drei Fra\u00adgen die Be\u00addeu\u00adtung und den Mehr\u00adwert der In\u00aditia\u00adti\u00adve <span class=\"push-double\"><\/span>\u200b<span class=\"pull-double\">\u201e<\/span>di\u00adgi\u00adtal verein(t)\u201c:<br>\n<span style=\"margin-top: -36x; padding-left: 40px; text-align: right; font-size: 13px;\"><em>(Falls Sie Strei\u00adfen se\u00adhen, er\u00adh\u00f6\u00adhen Sie bit\u00adte die Wie\u00adder\u00adga\u00adbe-Qua\u00adli\u00adt\u00e4t des Vi\u00adde\u00ados auf 1080p)<\/em><\/span><\/p>\n<p><!--[embedpress]https:\/\/www.dailymotion.com\/video\/x8c95qf?autoplay=0[\/embedpress]--><\/p>\n<div style=\"position:relative;padding-bottom:56.25%;height:0;overflow:hidden;autoplay:firstTimeViewable;\">\n  <iframe src=\"https:\/\/geo.dailymotion.com\/player.html?video=x8c95qf\" style=\"width:100%; height:100%; position:absolute; left:0px; top:0px; overflow:hidden; border:none; autoplay:firstTimeViewable;\" allowfullscreen title=\"Dailymotion Video Player: Interview von \" ditigal mit giulliermo allow=\"web-share\"><br \/>\n  <\/iframe>\n<\/div>\n<p style=\"margin-top: 8px; padding-left: 40px; text-align: right; font-size: 13px;\"><em>\u00a9 lag\u00adfa bay\u00adern e.V.<\/em><\/p>\n<p>Als lo\u00adka\u00adle Bot\u00adschaf\u00adte\u00adrin des Pro\u00adjekts in der Stadt Ha\u00df\u00adfurt und im Land\u00adkreis Ha\u00df\u00adber\u00adge konn\u00adte MdB Do\u00adro\u00adthee B\u00e4r ge\u00adwon\u00adnen wer\u00adden. Die CSU-Po\u00adli\u00adti\u00adke\u00adrin freut sich ne\u00adben bun\u00addes\u00adwei\u00adten Di\u00adgi\u00adta\u00adli\u00adsie\u00adrungs\u00adpro\u00adjek\u00adten auch klei\u00adne\u00adre In\u00aditia\u00adti\u00adven in Ih\u00adrem Hei\u00admat\u00adkreis zu unterst\u00fctzen.<\/p>\n<div style=\"position:relative;padding-bottom:56.25%;height:0;overflow:hidden;\"> <iframe loading=\"lazy\" style=\"width:100%;height:100%;position:absolute;left:0px;top:0px;overflow:hidden\" frameborder=\"0\" type=\"text\/html\" sandbox src=\"https:\/\/www.mehrgenerationenhaus-hassfurt.de\/videos\/2021-11-24_Gru\u00dfwort_D._Baer.mp4?autoplay=0\" width=\"100%\" height=\"100%\" allowfullscreen> <\/iframe> <\/div>\n<p style=\"margin-top: 8px; padding-left: 40px; text-align: right; font-size: 13px;\"><em>\u00a9 Gru\u00df\u00adwort Do\u00adro\u00adthee&nbsp;B\u00e4r<\/em><\/p>\n<p>di\u00adgi\u00adtal verein(t) wird ge\u00adf\u00f6r\u00addert vom Baye\u00adri\u00adschen Staats\u00admi\u00adnis\u00adte\u00adri\u00adum f\u00fcr Di\u00adgi\u00adta\u00adles. Durch\u00adge\u00adf\u00fchrt wird di\u00adgi\u00adtal verein(t) von der Lan\u00addes\u00adar\u00adbeits\u00adge\u00admein\u00adschaft der Frei\u00adwil\u00adli\u00adgen\u00adagen\u00adtu\u00adren und \u2011zen\u00adtren (lag\u00adfa bay\u00adern e.V.) in Ko\u00adope\u00adra\u00adtion mit Deutsch\u00adland si\u00adcher im Netz e.V.<\/p>\n<p><img loading=\"lazy\" decoding=\"async\" src=\"https:\/\/www.mehrgenerationenhaus-hassfurt.de\/mgh\/wp-cnt\/uploads\/dv_logozeile3_2023.jpg\" alt=\"Logo Digital verein(t) 2023\" width=\"580\" height=\"32\" class=\"alignnone size-full wp-image-53592\" srcset=\"https:\/\/www.mehrgenerationenhaus-hassfurt.de\/mgh\/wp-cnt\/uploads\/dv_logozeile3_2023.jpg 580w, https:\/\/www.mehrgenerationenhaus-hassfurt.de\/mgh\/wp-cnt\/uploads\/dv_logozeile3_2023-300x17.jpg 300w\" sizes=\"auto, (max-width: 580px) 100vw, 580px\"><br>\n<!--\n<img loading=\"lazy\" decoding=\"async\" src=\"https:\/\/www.mehrgenerationenhaus-hassfurt.de\/mgh\/wp-cnt\/uploads\/logozeile3_580.jpg\" alt=\"Logozeile: Beteiligte Institutionen\" width=\"580\" height=\"32\" class=\"alignnone size-full wp-image-51995\" srcset=\"https:\/\/www.mehrgenerationenhaus-hassfurt.de\/mgh\/wp-cnt\/uploads\/logozeile3_580.jpg 580w, https:\/\/www.mehrgenerationenhaus-hassfurt.de\/mgh\/wp-cnt\/uploads\/logozeile3_580-300x17.jpg 300w\" sizes=\"auto, (max-width: 580px) 100vw, 580px\" \/><img loading=\"lazy\" decoding=\"async\" src=\"https:\/\/www.mehrgenerationenhaus-hassfurt.de\/mgh\/wp-cnt\/uploads\/logozeile_580.jpg\" alt=\"Logozeile: Beteiligte Institutionen\" width=\"580\" height=\"32\" class=\"alignnone size-full wp-image-51866\" srcset=\"https:\/\/www.mehrgenerationenhaus-hassfurt.de\/mgh\/wp-cnt\/uploads\/logozeile_580.jpg 580w, https:\/\/www.mehrgenerationenhaus-hassfurt.de\/mgh\/wp-cnt\/uploads\/logozeile_580-300x17.jpg 300w\" sizes=\"auto, (max-width: 580px) 100vw, 580px\" \/>--><\/p>\n","protected":false},"excerpt":{"rendered":"<p>di\u00adgi\u00adtal verein(t) Die baye\u00adri\u00adsche Lan\u00addes\u00adin\u00aditia\u00adti\u00adve di\u00adgi\u00adtal verein(t) hilft Ver\u00adei\u00adnen, die Chan\u00adcen der Di\u00adgi\u00adta\u00adli\u00adsie\u00adrung zu nut\u00adzen: Mit Hand\u00adb\u00fcchern, Work\u00adshops, On\u00ad\u00adli\u00adne-Se\u00ad\u00admi\u00adna\u00ad\u00adren so\u00adwie ei\u00adnem mo\u00adbi\u00adlen Rat\u00adge\u00adber\u00adteam. Das Pro\u00adjekt star\u00adte\u00adte im Som\u00admer 2021 an bay\u00adern\u00adweit 21 Kom\u00adpe\u00adtenz\u00adstand\u00ador\u00adten. Als Frei\u00adwil\u00adli\u00adgen\u00adagen\u00adtur Mehr\u00adge\u00adne\u00adra\u00adtio\u00adnen\u00adhaus Ha\u00df\u00adfurt sind wir ei\u00adner da\u00advon und er\u00adwei\u00adtern so un\u00adser Re\u00adper\u00adtoire und un\u00adse\u00adre Ex\u00adper\u00adti\u00adse im Be\u00adreich der di\u00adgi\u00adta\u00adlen Bil\u00addung. Gemeinsam&nbsp;<\/p>\n<p class=\"excerpt-link\"><a class=\"read-more\" href=\"https:\/\/www.mehrgenerationenhaus-hassfurt.de\/mgh\/digital-vereint\/\">Read More \u2192<\/a><\/p>\n","protected":false},"author":3,"featured_media":0,"parent":0,"menu_order":0,"comment_status":"closed","ping_status":"closed","template":"","meta":{"inline_featured_image":false,"wp_typography_post_enhancements_disabled":false,"_mc_calendar":[],"footnotes":""},"class_list":["post-51842","page","type-page","status-publish","hentry"],"yoast_head":"<!-- This site is optimized with the Yoast SEO plugin v27.3 - https:\/\/yoast.com\/product\/yoast-seo-wordpress\/ -->\n<title>digital vereint: Projekt &quot;digital verein(t)&quot; | MGH Ha\u00dffurt<\/title>\n<meta name=\"description\" content=\"digital vereint: Die bayerische Landesinitiative &quot;digital verein(t)&quot; hilft Vereinen, die Chancen der Digitalisierung zu nutzen\" \/>\n<meta name=\"robots\" content=\"index, follow, max-snippet:-1, max-image-preview:large, max-video-preview:-1\" \/>\n<link rel=\"canonical\" href=\"https:\/\/www.mehrgenerationenhaus-hassfurt.de\/mgh\/digital-vereint\/\" \/>\n<meta property=\"og:locale\" content=\"de_DE\" \/>\n<meta property=\"og:type\" content=\"article\" \/>\n<meta property=\"og:title\" content=\"digital vereint: Projekt &quot;digital verein(t)&quot; | MGH Ha\u00dffurt\" \/>\n<meta property=\"og:description\" content=\"digital vereint: Die bayerische Landesinitiative &quot;digital verein(t)&quot; hilft Vereinen, die Chancen der Digitalisierung zu nutzen\" \/>\n<meta property=\"og:url\" content=\"https:\/\/www.mehrgenerationenhaus-hassfurt.de\/mgh\/digital-vereint\/\" \/>\n<meta property=\"og:site_name\" content=\"Mehrgenerationenhaus Ha\u00dffurt\" \/>\n<meta property=\"article:publisher\" content=\"https:\/\/de-de.facebook.com\/mehrgenerationenhausHAS\/\" \/>\n<meta property=\"article:modified_time\" content=\"2026-03-27T13:32:54+00:00\" \/>\n<meta property=\"og:image\" content=\"https:\/\/www.mehrgenerationenhaus-hassfurt.de\/mgh\/wp-cnt\/uploads\/digital-vereint-logo_250.jpg\" \/>\n\t<meta property=\"og:image:width\" content=\"250\" \/>\n\t<meta property=\"og:image:height\" content=\"107\" \/>\n\t<meta property=\"og:image:type\" content=\"image\/jpeg\" \/>\n<!-- \/ Yoast SEO plugin. -->","yoast_head_json":{"title":"digital vereint: Projekt \"digital verein(t)\" | MGH Ha\u00dffurt","description":"digital vereint: Die bayerische Landesinitiative \"digital verein(t)\" hilft Vereinen, die Chancen der Digitalisierung zu nutzen","robots":{"index":"index","follow":"follow","max-snippet":"max-snippet:-1","max-image-preview":"max-image-preview:large","max-video-preview":"max-video-preview:-1"},"canonical":"https:\/\/www.mehrgenerationenhaus-hassfurt.de\/mgh\/digital-vereint\/","og_locale":"de_DE","og_type":"article","og_title":"digital vereint: Projekt \"digital verein(t)\" | MGH Ha\u00dffurt","og_description":"digital vereint: Die bayerische Landesinitiative \"digital verein(t)\" hilft Vereinen, die Chancen der Digitalisierung zu nutzen","og_url":"https:\/\/www.mehrgenerationenhaus-hassfurt.de\/mgh\/digital-vereint\/","og_site_name":"Mehrgenerationenhaus Ha\u00dffurt","article_publisher":"https:\/\/de-de.facebook.com\/mehrgenerationenhausHAS\/","article_modified_time":"2026-03-27T13:32:54+00:00","og_image":[{"width":250,"height":107,"url":"https:\/\/www.mehrgenerationenhaus-hassfurt.de\/mgh\/wp-cnt\/uploads\/digital-vereint-logo_250.jpg","type":"image\/jpeg"}],"schema":{"@context":"https:\/\/schema.org","@graph":[{"@type":"WebPage","@id":"https:\/\/www.mehrgenerationenhaus-hassfurt.de\/mgh\/digital-vereint\/","url":"https:\/\/www.mehrgenerationenhaus-hassfurt.de\/mgh\/digital-vereint\/","name":"digital vereint: Projekt \"digital verein(t)\" | MGH Ha\u00dffurt","isPartOf":{"@id":"https:\/\/www.mehrgenerationenhaus-hassfurt.de\/mgh\/#website"},"primaryImageOfPage":{"@id":"https:\/\/www.mehrgenerationenhaus-hassfurt.de\/mgh\/digital-vereint\/#primaryimage"},"image":{"@id":"https:\/\/www.mehrgenerationenhaus-hassfurt.de\/mgh\/digital-vereint\/#primaryimage"},"thumbnailUrl":"https:\/\/www.mehrgenerationenhaus-hassfurt.de\/mgh\/wp-cnt\/uploads\/digital-vereint-logo_250.jpg","datePublished":"2021-09-20T16:37:07+00:00","dateModified":"2026-03-27T13:32:54+00:00","description":"digital vereint: Die bayerische Landesinitiative \"digital verein(t)\" hilft Vereinen, die Chancen der Digitalisierung zu nutzen","breadcrumb":{"@id":"https:\/\/www.mehrgenerationenhaus-hassfurt.de\/mgh\/digital-vereint\/#breadcrumb"},"inLanguage":"de","potentialAction":[{"@type":"ReadAction","target":["https:\/\/www.mehrgenerationenhaus-hassfurt.de\/mgh\/digital-vereint\/"]}]},{"@type":"ImageObject","inLanguage":"de","@id":"https:\/\/www.mehrgenerationenhaus-hassfurt.de\/mgh\/digital-vereint\/#primaryimage","url":"https:\/\/www.mehrgenerationenhaus-hassfurt.de\/mgh\/wp-cnt\/uploads\/digital-vereint-logo_250.jpg","contentUrl":"https:\/\/www.mehrgenerationenhaus-hassfurt.de\/mgh\/wp-cnt\/uploads\/digital-vereint-logo_250.jpg","width":250,"height":107,"caption":"digital verein(t)"},{"@type":"BreadcrumbList","@id":"https:\/\/www.mehrgenerationenhaus-hassfurt.de\/mgh\/digital-vereint\/#breadcrumb","itemListElement":[{"@type":"ListItem","position":1,"name":"Startseite","item":"https:\/\/www.mehrgenerationenhaus-hassfurt.de\/mgh\/"},{"@type":"ListItem","position":2,"name":"digital vereint"}]},{"@type":"WebSite","@id":"https:\/\/www.mehrgenerationenhaus-hassfurt.de\/mgh\/#website","url":"https:\/\/www.mehrgenerationenhaus-hassfurt.de\/mgh\/","name":"Mehrgenerationenhaus Ha\u00dffurt","description":"Mehrgenerationenhaus Ha\u00dffurt","publisher":{"@id":"https:\/\/www.mehrgenerationenhaus-hassfurt.de\/mgh\/#organization"},"potentialAction":[{"@type":"SearchAction","target":{"@type":"EntryPoint","urlTemplate":"https:\/\/www.mehrgenerationenhaus-hassfurt.de\/mgh\/?s={search_term_string}"},"query-input":{"@type":"PropertyValueSpecification","valueRequired":true,"valueName":"search_term_string"}}],"inLanguage":"de"},{"@type":"Organization","@id":"https:\/\/www.mehrgenerationenhaus-hassfurt.de\/mgh\/#organization","name":"Mehrgenerationenhaus Ha\u00dffurt","url":"https:\/\/www.mehrgenerationenhaus-hassfurt.de\/mgh\/","logo":{"@type":"ImageObject","inLanguage":"de","@id":"https:\/\/www.mehrgenerationenhaus-hassfurt.de\/mgh\/#\/schema\/logo\/image\/","url":"https:\/\/www.mehrgenerationenhaus-hassfurt.de\/mgh\/wp-cnt\/uploads\/MGH_Logo_2020_hassfurt-scaled.jpg","contentUrl":"https:\/\/www.mehrgenerationenhaus-hassfurt.de\/mgh\/wp-cnt\/uploads\/MGH_Logo_2020_hassfurt-scaled.jpg","width":2560,"height":1162,"caption":"Mehrgenerationenhaus Ha\u00dffurt"},"image":{"@id":"https:\/\/www.mehrgenerationenhaus-hassfurt.de\/mgh\/#\/schema\/logo\/image\/"},"sameAs":["https:\/\/de-de.facebook.com\/mehrgenerationenhausHAS\/"]}]}},"publishpress_future_workflow_manual_trigger":{"enabledWorkflows":[]},"_links":{"self":[{"href":"https:\/\/www.mehrgenerationenhaus-hassfurt.de\/mgh\/wp-json\/wp\/v2\/pages\/51842","targetHints":{"allow":["GET"]}}],"collection":[{"href":"https:\/\/www.mehrgenerationenhaus-hassfurt.de\/mgh\/wp-json\/wp\/v2\/pages"}],"about":[{"href":"https:\/\/www.mehrgenerationenhaus-hassfurt.de\/mgh\/wp-json\/wp\/v2\/types\/page"}],"author":[{"embeddable":true,"href":"https:\/\/www.mehrgenerationenhaus-hassfurt.de\/mgh\/wp-json\/wp\/v2\/users\/3"}],"replies":[{"embeddable":true,"href":"https:\/\/www.mehrgenerationenhaus-hassfurt.de\/mgh\/wp-json\/wp\/v2\/comments?post=51842"}],"version-history":[{"count":0,"href":"https:\/\/www.mehrgenerationenhaus-hassfurt.de\/mgh\/wp-json\/wp\/v2\/pages\/51842\/revisions"}],"wp:attachment":[{"href":"https:\/\/www.mehrgenerationenhaus-hassfurt.de\/mgh\/wp-json\/wp\/v2\/media?parent=51842"}],"curies":[{"name":"wp","href":"https:\/\/api.w.org\/{rel}","templated":true}]}}