{"id":52329,"date":"2022-03-29T22:05:07","date_gmt":"2022-03-29T20:05:07","guid":{"rendered":"https:\/\/www.mehrgenerationenhaus-hassfurt.de\/mgh\/?page_id=52329"},"modified":"2023-08-05T08:35:10","modified_gmt":"2023-08-05T06:35:10","slug":"anlaufstelle-fuer-schulen-bildung-und-engagement","status":"publish","type":"page","link":"https:\/\/www.mehrgenerationenhaus-hassfurt.de\/mgh\/anlaufstelle-fuer-schulen-bildung-und-engagement\/","title":{"rendered":"Anlaufstelle f\u00fcr Schulen, Bildung und Engagement"},"content":{"rendered":"<h2 style=\"margin-top: 30px; font-size: 22px; line-height: 29px; font-weight: bold;\">Mehrgenerationenhaus Ha\u00dffurt ist&nbsp;neue<br>\n<span class=\"push-double\"><\/span>\u200b<span class=\"pull-double\">\u201e<\/span>Anlaufstelle f\u00fcr Schulen, Bildung und Engagement\u201c<\/h2>\n<p>Seit vie\u00adlen Jah\u00adren or\u00adga\u00adni\u00adsiert das Mehr\u00adge\u00adne\u00adra\u00adtio\u00adnen\u00adhaus eh\u00adren\u00adamt\u00adli\u00adche Lern\u00adhil\u00adfen f\u00fcr Kin\u00adder und Ju\u00adgend\u00adli\u00adche ge\u00adnau\u00adso wie frei\u00adzeit\u00adp\u00e4d\u00adago\u00adgi\u00adsche Pro\u00adgram\u00adme, bei de\u00adnen so\u00adzia\u00adles Ler\u00adnen bei Spiel und Spa\u00df ge\u00adschieht. Der Ort ist \u00fcber die Stadt\u00adgren\u00adzen hin\u00adaus be\u00adkannt als of\u00adfe\u00adner Treff\u00adpunkt f\u00fcr Men\u00adschen je\u00adden Al\u00adters und je\u00adder Kul\u00adtur und lebt von kom\u00adpe\u00adten\u00adten Pro\u00adjekt\u00adma\u00adna\u00adge\u00adrin\u00adnen und Projektmanagern.<\/p>\n<p>Auch als LdE Kom\u00adpe\u00adtenz\u00adzen\u00adtrum, bei der schu\u00adli\u00adsches Ler\u00adnen mit ge\u00adsell\u00adschaft\u00adli\u00adchem En\u00adga\u00adge\u00adment ver\u00adbun\u00adden wird, zeigt sich das Mehr\u00adge\u00adne\u00adra\u00adtio\u00adnen\u00adhaus als er\u00adfolg\u00adrei\u00adcher und en\u00adga\u00adgier\u00adter Part\u00adner f\u00fcr Schu\u00adlen und Leh\u00adre\u00adrin\u00adnen und Lehrer.<\/p>\n<p><strong>Leh\u00adre\u00adrin\u00adnen und Leh\u00adrer, die Un\u00adter\u00adst\u00fct\u00adzung f\u00fcr ihre Sch\u00fc\u00adle\u00adrin\u00adnen und Sch\u00fc\u00adler su\u00adchen, so\u00adwie El\u00adtern von Kin\u00addern und Ju\u00adgend\u00adli\u00adchen<\/strong> sind herz\u00adlich ein\u00adge\u00adla\u00adden, te\u00adle\u00adfo\u00adnisch oder per Mail Kon\u00adtakt zum Mehr\u00adge\u00adne\u00adra\u00adtio\u00adnen\u00adhaus aufzunehmen.<\/p>\n<p><strong>Men\u00adschen, die eh\u00adren\u00adamt\u00adlich Kin\u00addern und Ju\u00adgend\u00adli\u00adchen hel\u00adfen m\u00f6ch\u00adten<\/strong>, sind eben\u00adfalls herz\u00adlich ein\u00adge\u00adla\u00adden, das Mehr\u00adge\u00adne\u00adra\u00adtio\u00adnen\u00adhaus an\u00adzu\u00adru\u00adfen, zu schrei\u00adben oder im Mehr\u00adge\u00adne\u00adra\u00adtio\u00adnen\u00adhaus vorbeizukommen.<\/p>\n<h3>Alltagslernen im Mittelpunkt<\/h3>\n<p>Ne\u00adben Lern\u00adhil\u00adfen f\u00fcr den Schul\u00adall\u00adtag or\u00adga\u00adni\u00adsiert das Mehr\u00adge\u00adne\u00adra\u00adtio\u00adnen\u00adhaus auch Schul\u00adpro\u00adjek\u00adte mit dem Schwer\u00adpunkt <a href=\"https:\/\/www.mehrgenerationenhaus-hassfurt.de\/mgh\/angebote\/lernen-durch-engagement\/\"><span class=\"push-double\"><\/span>\u200b<span class=\"pull-double\">\u201e<\/span>Ler\u00adnen durch En\u00adga\u00adge\u00adment\u201c<\/a> (<a href=\"https:\/\/www.servicelearning.de\" target=\"_blank\" rel=\"noopener\">www.servicelearning.de<\/a>), bei dem So\u00adzia\u00adles Ler\u00adnen und Er\u00adfah\u00adrun\u00adgen au\u00ad\u00dfer\u00adhalb des Un\u00adter\u00adrichts ge\u00adst\u00e4rkt wer\u00adden. Wir freu\u00aden uns \u00fcber Leh\u00adre\u00adrin\u00adnen und Leh\u00adrer, die in the\u00adma\u00adti\u00adscher An\u00adbin\u00addung an den Lehr\u00adplan mit ih\u00adren Klas\u00adsen in der Kom\u00admu\u00adne ak\u00adtiv wer\u00adden wollen.<\/p>\n<p><strong>Kon\u00adtakt:<br>\nMehr\u00adge\u00adne\u00adra\u00adtio\u00adnen\u00adhaus Ha\u00dffurt<\/strong><br>\nMarkt\u00adplatz 10, 97437 Ha\u00dffurt<br>\nTe\u00adle\u00adfon: 09521\u20139528250<br>\nE\u2011Mail: mghhassfurt.kv-has@brk.de <\/p>\n<p><img loading=\"lazy\" decoding=\"async\" src=\"https:\/\/www.mehrgenerationenhaus-hassfurt.de\/mgh\/wp-cnt\/uploads\/Logo-LBE-300x139.jpg\" alt=\"Logo Landesnetzwerk f\u00fcr B\u00fcrgerschaftliches Engagement in Bayern \" width=\"200\" height=\"80\" class=\"alignright size-medium wp-image-53363\">Ko\u00ador\u00addi\u00adniert wer\u00adden die re\u00adgio\u00adna\u00adlen <strong><span class=\"push-double\"><\/span>\u200b<span class=\"pull-double\">\u201e<\/span>An\u00adlauf\u00adstel\u00adlen f\u00fcr Bil\u00addung und B\u00fcr\u00adger\u00adschaft\u00adli\u00adches En\u00adga\u00adge\u00adment\u201c<\/strong> vom Lan\u00addes\u00adnetz\u00adwerk B\u00fcr\u00adger\u00adschaft\u00adli\u00adches En\u00adga\u00adge\u00adment (LBE) in Bay\u00adern. <a href=\"https:\/\/www.lbe.bayern.de\/\" target=\"_blank\" rel=\"noopener\">www.lbe.bayern.de<\/a><\/p>\n<div class=\"content-column two_third\"><div style=\"padding-right:20px;padding-bottom:20px;\"><img loading=\"lazy\" decoding=\"async\" class=\"alignnone size-full wp-image-52334\" src=\"https:\/\/www.mehrgenerationenhaus-hassfurt.de\/mgh\/wp-cnt\/uploads\/ABE_Bild1_580.jpg\" alt=\"Anlaufstelle f\u00fcr Schulen, Bildung und Engagement, Bild 1\" width=\"580\" height=\"435\" srcset=\"https:\/\/www.mehrgenerationenhaus-hassfurt.de\/mgh\/wp-cnt\/uploads\/ABE_Bild1_580.jpg 580w, https:\/\/www.mehrgenerationenhaus-hassfurt.de\/mgh\/wp-cnt\/uploads\/ABE_Bild1_580-300x225.jpg 300w\" sizes=\"auto, (max-width: 580px) 100vw, 580px\"><\/div><\/div><div class=\"content-column one_third last_column\">Bil\u00addungs\u00adpa\u00adten\u00adschaf\u00adten<br><\/div><div class=\"clear_column\"><\/div>\n<div class=\"content-column two_third\"><div style=\"padding-right:20px;padding-bottom:20px;\"><img loading=\"lazy\" decoding=\"async\" src=\"https:\/\/www.mehrgenerationenhaus-hassfurt.de\/mgh\/wp-cnt\/uploads\/Bildungspatenschaften01_580.jpg\" alt=\"Anlaufstelle f\u00fcr Schulen, Bildung und Engagement, Bild 2\" width=\"580\" height=\"435\" class=\"alignleft size-full wp-image-53367\" srcset=\"https:\/\/www.mehrgenerationenhaus-hassfurt.de\/mgh\/wp-cnt\/uploads\/Bildungspatenschaften01_580.jpg 580w, https:\/\/www.mehrgenerationenhaus-hassfurt.de\/mgh\/wp-cnt\/uploads\/Bildungspatenschaften01_580-300x225.jpg 300w\" sizes=\"auto, (max-width: 580px) 100vw, 580px\"><\/div><\/div><div class=\"content-column one_third last_column\">Bil\u00addungs\u00adpa\u00adten\u00adschaf\u00adten<\/div><div class=\"clear_column\"><\/div>\n<div class=\"content-column two_third\"><div style=\"padding-right:20px;padding-bottom:20px;\"><img loading=\"lazy\" decoding=\"async\" src=\"https:\/\/www.mehrgenerationenhaus-hassfurt.de\/mgh\/wp-cnt\/uploads\/Bildungspatenschaften02_580.jpg\" alt=\"Anlaufstelle f\u00fcr Schulen, Bildung und Engagement, Bild 3\" width=\"580\" height=\"435\" class=\"alignnone size-full wp-image-53369\" srcset=\"https:\/\/www.mehrgenerationenhaus-hassfurt.de\/mgh\/wp-cnt\/uploads\/Bildungspatenschaften02_580.jpg 580w, https:\/\/www.mehrgenerationenhaus-hassfurt.de\/mgh\/wp-cnt\/uploads\/Bildungspatenschaften02_580-300x225.jpg 300w\" sizes=\"auto, (max-width: 580px) 100vw, 580px\"><\/div><\/div><div class=\"content-column one_third last_column\">Bil\u00addungs\u00adpa\u00adten\u00adschaf\u00adten<\/div><div class=\"clear_column\"><\/div>\n<div class=\"content-column two_third\"><div style=\"padding-right:20px;padding-bottom:20px;\"><img loading=\"lazy\" decoding=\"async\" src=\"https:\/\/www.mehrgenerationenhaus-hassfurt.de\/mgh\/wp-cnt\/uploads\/LdE_Projekte-mit-Schulen_580.jpg\" alt=\"Anlaufstelle f\u00fcr Schulen, Bildung und Engagement, Bild 4\" width=\"580\" height=\"340\" class=\"alignnone size-full wp-image-53370\" srcset=\"https:\/\/www.mehrgenerationenhaus-hassfurt.de\/mgh\/wp-cnt\/uploads\/LdE_Projekte-mit-Schulen_580.jpg 580w, https:\/\/www.mehrgenerationenhaus-hassfurt.de\/mgh\/wp-cnt\/uploads\/LdE_Projekte-mit-Schulen_580-300x176.jpg 300w\" sizes=\"auto, (max-width: 580px) 100vw, 580px\"><\/div><\/div><div class=\"content-column one_third last_column\">Ler\u00adnen durch En\u00adga\u00adge\u00adment (LdE) Pro\u00adjek\u00adte mit Schulen<br><\/div><div class=\"clear_column\"><\/div>\n<div class=\"content-column two_third\"><div style=\"padding-right:20px;padding-bottom:20px;\"><img loading=\"lazy\" decoding=\"async\" src=\"https:\/\/www.mehrgenerationenhaus-hassfurt.de\/mgh\/wp-cnt\/uploads\/Lesepatenschaftsprojekte_580.jpg\" alt=\"Anlaufstelle f\u00fcr Schulen, Bildung und Engagement, Bild 4\" width=\"580\" height=\"387\" class=\"alignnone size-full wp-image-53373\" srcset=\"https:\/\/www.mehrgenerationenhaus-hassfurt.de\/mgh\/wp-cnt\/uploads\/Lesepatenschaftsprojekte_580.jpg 580w, https:\/\/www.mehrgenerationenhaus-hassfurt.de\/mgh\/wp-cnt\/uploads\/Lesepatenschaftsprojekte_580-300x200.jpg 300w\" sizes=\"auto, (max-width: 580px) 100vw, 580px\"><\/div><\/div><div class=\"content-column one_third last_column\">Le\u00adse\u00adpa\u00adten\u00adschafts\u00adpro\u00adjek\u00adte<br><\/div><div class=\"clear_column\"><\/div>\n<div class=\"content-column two_third\"><div style=\"padding-right:20px;padding-bottom:20px;\"><img loading=\"lazy\" decoding=\"async\" src=\"https:\/\/www.mehrgenerationenhaus-hassfurt.de\/mgh\/wp-cnt\/uploads\/Tag-der-offenen-Schule_580.jpg\" alt=\"Tag der offenen Schule\" width=\"580\" height=\"580\" class=\"alignnone size-full wp-image-53374\" srcset=\"https:\/\/www.mehrgenerationenhaus-hassfurt.de\/mgh\/wp-cnt\/uploads\/Tag-der-offenen-Schule_580.jpg 580w, https:\/\/www.mehrgenerationenhaus-hassfurt.de\/mgh\/wp-cnt\/uploads\/Tag-der-offenen-Schule_580-300x300.jpg 300w\" sizes=\"auto, (max-width: 580px) 100vw, 580px\"><\/div><\/div><div class=\"content-column one_third last_column\">Tag der Of\u00adfe\u00adnen Schule<\/div><div class=\"clear_column\"><\/div>\n<p>&nbsp;<\/p>\n<h3>Was die Kinder dazu sagen:<\/h3>\n<div class=\"content-column one_half\"><div style=\"padding-right:10px;\"><div style=\"width: 1280px;\" class=\"wp-video\"><video class=\"wp-video-shortcode\" id=\"video-52329-1\" width=\"1280\" height=\"720\" preload=\"metadata\" controls=\"controls\"><source type=\"video\/mp4\" src=\"https:\/\/www.mehrgenerationenhaus-hassfurt.de\/mgh\/wp-cnt\/uploads\/Video-1_Anlaufstelle_Olivia.mp4?_=1\"><a href=\"https:\/\/www.mehrgenerationenhaus-hassfurt.de\/mgh\/wp-cnt\/uploads\/Video-1_Anlaufstelle_Olivia.mp4\">https:\/\/www.mehrgenerationenhaus-hassfurt.de\/mgh\/wp-cnt\/uploads\/Video-1_Anlaufstelle_Olivia.mp4<\/a><\/video><\/div><\/div><\/div><div class=\"content-column one_half last_column\"><div style=\"padding-left:10px;\"><div style=\"width: 1280px;\" class=\"wp-video\"><video class=\"wp-video-shortcode\" id=\"video-52329-2\" width=\"1280\" height=\"720\" preload=\"metadata\" controls=\"controls\"><source type=\"video\/mp4\" src=\"https:\/\/www.mehrgenerationenhaus-hassfurt.de\/mgh\/wp-cnt\/uploads\/Video-2_Anlaufstelle_Salawat.mp4?_=2\"><a href=\"https:\/\/www.mehrgenerationenhaus-hassfurt.de\/mgh\/wp-cnt\/uploads\/Video-2_Anlaufstelle_Salawat.mp4\">https:\/\/www.mehrgenerationenhaus-hassfurt.de\/mgh\/wp-cnt\/uploads\/Video-2_Anlaufstelle_Salawat.mp4<\/a><\/video><\/div><\/div><\/div><div class=\"clear_column\"><\/div>\n<p>&nbsp;<br>\n<\/p><div style=\"width: 1280px;\" class=\"wp-video\"><video class=\"wp-video-shortcode\" id=\"video-52329-3\" width=\"1280\" height=\"720\" preload=\"metadata\" controls=\"controls\"><source type=\"video\/mp4\" src=\"https:\/\/www.mehrgenerationenhaus-hassfurt.de\/mgh\/wp-cnt\/uploads\/Video-3_Anlaufstelle_Sabrina.mp4?_=3\"><a href=\"https:\/\/www.mehrgenerationenhaus-hassfurt.de\/mgh\/wp-cnt\/uploads\/Video-3_Anlaufstelle_Sabrina.mp4\">https:\/\/www.mehrgenerationenhaus-hassfurt.de\/mgh\/wp-cnt\/uploads\/Video-3_Anlaufstelle_Sabrina.mp4<\/a><\/video><\/div>\n","protected":false},"excerpt":{"rendered":"<p>Mehr\u00adge\u00adne\u00adra\u00adtio\u00adnen\u00adhaus Ha\u00df\u00adfurt ist&nbsp;neue \u200b\u201eAn\u00adlauf\u00adstel\u00adle f\u00fcr Schu\u00adlen, Bil\u00addung und En\u00adga\u00adge\u00adment\u201c Seit vie\u00adlen Jah\u00adren or\u00adga\u00adni\u00adsiert das Mehr\u00adge\u00adne\u00adra\u00adtio\u00adnen\u00adhaus eh\u00adren\u00adamt\u00adli\u00adche Lern\u00adhil\u00adfen f\u00fcr Kin\u00adder und Ju\u00adgend\u00adli\u00adche ge\u00adnau\u00adso wie frei\u00adzeit\u00adp\u00e4d\u00adago\u00adgi\u00adsche Pro\u00adgram\u00adme, bei de\u00adnen so\u00adzia\u00adles Ler\u00adnen bei Spiel und Spa\u00df ge\u00adschieht. Der Ort ist \u00fcber die Stadt\u00adgren\u00adzen hin\u00adaus be\u00adkannt als of\u00adfe\u00adner Treff\u00adpunkt f\u00fcr Men\u00adschen je\u00adden Al\u00adters und je\u00adder Kul\u00adtur und lebt&nbsp;von&nbsp;<\/p>\n<p class=\"excerpt-link\"><a class=\"read-more\" href=\"https:\/\/www.mehrgenerationenhaus-hassfurt.de\/mgh\/anlaufstelle-fuer-schulen-bildung-und-engagement\/\">Read More \u2192<\/a><\/p>\n","protected":false},"author":3,"featured_media":0,"parent":0,"menu_order":0,"comment_status":"closed","ping_status":"closed","template":"","meta":{"inline_featured_image":false,"wp_typography_post_enhancements_disabled":false,"_mc_calendar":[],"footnotes":""},"class_list":["post-52329","page","type-page","status-publish","hentry"],"yoast_head":"<!-- This site is optimized with the Yoast SEO plugin v26.9 - https:\/\/yoast.com\/product\/yoast-seo-wordpress\/ -->\n<title>Anlaufstelle f\u00fcr Schulen, Bildung und Engagement | MGH Ha\u00dffurt<\/title>\n<meta name=\"description\" content=\"Anlaufstelle f\u00fcr Schulen, Bildung und Engagement - Seit vielen Jahren organisiert das MGHs ehrenamtliche Lernhilfen f\u00fcr Kinder und Ju...\" \/>\n<meta name=\"robots\" content=\"index, follow, max-snippet:-1, max-image-preview:large, max-video-preview:-1\" \/>\n<link rel=\"canonical\" href=\"https:\/\/www.mehrgenerationenhaus-hassfurt.de\/mgh\/anlaufstelle-fuer-schulen-bildung-und-engagement\/\" \/>\n<meta property=\"og:locale\" content=\"de_DE\" \/>\n<meta property=\"og:type\" content=\"article\" \/>\n<meta property=\"og:title\" content=\"Anlaufstelle f\u00fcr Schulen, Bildung und Engagement | MGH Ha\u00dffurt\" \/>\n<meta property=\"og:description\" content=\"Anlaufstelle f\u00fcr Schulen, Bildung und Engagement - Seit vielen Jahren organisiert das MGHs ehrenamtliche Lernhilfen f\u00fcr Kinder und Ju...\" \/>\n<meta property=\"og:url\" content=\"https:\/\/www.mehrgenerationenhaus-hassfurt.de\/mgh\/anlaufstelle-fuer-schulen-bildung-und-engagement\/\" \/>\n<meta property=\"og:site_name\" content=\"Mehrgenerationenhaus Ha\u00dffurt\" \/>\n<meta property=\"article:publisher\" content=\"https:\/\/de-de.facebook.com\/mehrgenerationenhausHAS\/\" \/>\n<meta property=\"article:modified_time\" content=\"2023-08-05T06:35:10+00:00\" \/>\n<meta property=\"og:image\" content=\"https:\/\/www.mehrgenerationenhaus-hassfurt.de\/mgh\/wp-cnt\/uploads\/Logo-LBE-300x139.jpg\" \/>\n<!-- \/ Yoast SEO plugin. -->","yoast_head_json":{"title":"Anlaufstelle f\u00fcr Schulen, Bildung und Engagement | MGH Ha\u00dffurt","description":"Anlaufstelle f\u00fcr Schulen, Bildung und Engagement - Seit vielen Jahren organisiert das MGHs ehrenamtliche Lernhilfen f\u00fcr Kinder und Ju...","robots":{"index":"index","follow":"follow","max-snippet":"max-snippet:-1","max-image-preview":"max-image-preview:large","max-video-preview":"max-video-preview:-1"},"canonical":"https:\/\/www.mehrgenerationenhaus-hassfurt.de\/mgh\/anlaufstelle-fuer-schulen-bildung-und-engagement\/","og_locale":"de_DE","og_type":"article","og_title":"Anlaufstelle f\u00fcr Schulen, Bildung und Engagement | MGH Ha\u00dffurt","og_description":"Anlaufstelle f\u00fcr Schulen, Bildung und Engagement - Seit vielen Jahren organisiert das MGHs ehrenamtliche Lernhilfen f\u00fcr Kinder und Ju...","og_url":"https:\/\/www.mehrgenerationenhaus-hassfurt.de\/mgh\/anlaufstelle-fuer-schulen-bildung-und-engagement\/","og_site_name":"Mehrgenerationenhaus Ha\u00dffurt","article_publisher":"https:\/\/de-de.facebook.com\/mehrgenerationenhausHAS\/","article_modified_time":"2023-08-05T06:35:10+00:00","og_image":[{"url":"https:\/\/www.mehrgenerationenhaus-hassfurt.de\/mgh\/wp-cnt\/uploads\/Logo-LBE-300x139.jpg","type":"","width":"","height":""}],"schema":{"@context":"https:\/\/schema.org","@graph":[{"@type":"WebPage","@id":"https:\/\/www.mehrgenerationenhaus-hassfurt.de\/mgh\/anlaufstelle-fuer-schulen-bildung-und-engagement\/","url":"https:\/\/www.mehrgenerationenhaus-hassfurt.de\/mgh\/anlaufstelle-fuer-schulen-bildung-und-engagement\/","name":"Anlaufstelle f\u00fcr Schulen, Bildung und Engagement | MGH Ha\u00dffurt","isPartOf":{"@id":"https:\/\/www.mehrgenerationenhaus-hassfurt.de\/mgh\/#website"},"primaryImageOfPage":{"@id":"https:\/\/www.mehrgenerationenhaus-hassfurt.de\/mgh\/anlaufstelle-fuer-schulen-bildung-und-engagement\/#primaryimage"},"image":{"@id":"https:\/\/www.mehrgenerationenhaus-hassfurt.de\/mgh\/anlaufstelle-fuer-schulen-bildung-und-engagement\/#primaryimage"},"thumbnailUrl":"https:\/\/www.mehrgenerationenhaus-hassfurt.de\/mgh\/wp-cnt\/uploads\/Logo-LBE-300x139.jpg","datePublished":"2022-03-29T20:05:07+00:00","dateModified":"2023-08-05T06:35:10+00:00","description":"Anlaufstelle f\u00fcr Schulen, Bildung und Engagement - Seit vielen Jahren organisiert das MGHs ehrenamtliche Lernhilfen f\u00fcr Kinder und Ju...","breadcrumb":{"@id":"https:\/\/www.mehrgenerationenhaus-hassfurt.de\/mgh\/anlaufstelle-fuer-schulen-bildung-und-engagement\/#breadcrumb"},"inLanguage":"de","potentialAction":[{"@type":"ReadAction","target":["https:\/\/www.mehrgenerationenhaus-hassfurt.de\/mgh\/anlaufstelle-fuer-schulen-bildung-und-engagement\/"]}]},{"@type":"ImageObject","inLanguage":"de","@id":"https:\/\/www.mehrgenerationenhaus-hassfurt.de\/mgh\/anlaufstelle-fuer-schulen-bildung-und-engagement\/#primaryimage","url":"https:\/\/www.mehrgenerationenhaus-hassfurt.de\/mgh\/wp-cnt\/uploads\/Logo-LBE.jpg","contentUrl":"https:\/\/www.mehrgenerationenhaus-hassfurt.de\/mgh\/wp-cnt\/uploads\/Logo-LBE.jpg","width":504,"height":234,"caption":"Logo Landesnetzwerk f\u00fcr B\u00fcrgerschaftliches Engagement in Bayern"},{"@type":"BreadcrumbList","@id":"https:\/\/www.mehrgenerationenhaus-hassfurt.de\/mgh\/anlaufstelle-fuer-schulen-bildung-und-engagement\/#breadcrumb","itemListElement":[{"@type":"ListItem","position":1,"name":"Startseite","item":"https:\/\/www.mehrgenerationenhaus-hassfurt.de\/mgh\/"},{"@type":"ListItem","position":2,"name":"Anlaufstelle f\u00fcr Schulen, Bildung und Engagement"}]},{"@type":"WebSite","@id":"https:\/\/www.mehrgenerationenhaus-hassfurt.de\/mgh\/#website","url":"https:\/\/www.mehrgenerationenhaus-hassfurt.de\/mgh\/","name":"Mehrgenerationenhaus Ha\u00dffurt","description":"Mehrgenerationenhaus Ha\u00dffurt","publisher":{"@id":"https:\/\/www.mehrgenerationenhaus-hassfurt.de\/mgh\/#organization"},"potentialAction":[{"@type":"SearchAction","target":{"@type":"EntryPoint","urlTemplate":"https:\/\/www.mehrgenerationenhaus-hassfurt.de\/mgh\/?s={search_term_string}"},"query-input":{"@type":"PropertyValueSpecification","valueRequired":true,"valueName":"search_term_string"}}],"inLanguage":"de"},{"@type":"Organization","@id":"https:\/\/www.mehrgenerationenhaus-hassfurt.de\/mgh\/#organization","name":"Mehrgenerationenhaus Ha\u00dffurt","url":"https:\/\/www.mehrgenerationenhaus-hassfurt.de\/mgh\/","logo":{"@type":"ImageObject","inLanguage":"de","@id":"https:\/\/www.mehrgenerationenhaus-hassfurt.de\/mgh\/#\/schema\/logo\/image\/","url":"https:\/\/www.mehrgenerationenhaus-hassfurt.de\/mgh\/wp-cnt\/uploads\/MGH_Logo_2020_hassfurt-scaled.jpg","contentUrl":"https:\/\/www.mehrgenerationenhaus-hassfurt.de\/mgh\/wp-cnt\/uploads\/MGH_Logo_2020_hassfurt-scaled.jpg","width":2560,"height":1162,"caption":"Mehrgenerationenhaus Ha\u00dffurt"},"image":{"@id":"https:\/\/www.mehrgenerationenhaus-hassfurt.de\/mgh\/#\/schema\/logo\/image\/"},"sameAs":["https:\/\/de-de.facebook.com\/mehrgenerationenhausHAS\/"]}]}},"publishpress_future_workflow_manual_trigger":{"enabledWorkflows":[]},"_links":{"self":[{"href":"https:\/\/www.mehrgenerationenhaus-hassfurt.de\/mgh\/wp-json\/wp\/v2\/pages\/52329","targetHints":{"allow":["GET"]}}],"collection":[{"href":"https:\/\/www.mehrgenerationenhaus-hassfurt.de\/mgh\/wp-json\/wp\/v2\/pages"}],"about":[{"href":"https:\/\/www.mehrgenerationenhaus-hassfurt.de\/mgh\/wp-json\/wp\/v2\/types\/page"}],"author":[{"embeddable":true,"href":"https:\/\/www.mehrgenerationenhaus-hassfurt.de\/mgh\/wp-json\/wp\/v2\/users\/3"}],"replies":[{"embeddable":true,"href":"https:\/\/www.mehrgenerationenhaus-hassfurt.de\/mgh\/wp-json\/wp\/v2\/comments?post=52329"}],"version-history":[{"count":0,"href":"https:\/\/www.mehrgenerationenhaus-hassfurt.de\/mgh\/wp-json\/wp\/v2\/pages\/52329\/revisions"}],"wp:attachment":[{"href":"https:\/\/www.mehrgenerationenhaus-hassfurt.de\/mgh\/wp-json\/wp\/v2\/media?parent=52329"}],"curies":[{"name":"wp","href":"https:\/\/api.w.org\/{rel}","templated":true}]}}