{"id":52542,"date":"2022-09-16T22:52:43","date_gmt":"2022-09-16T20:52:43","guid":{"rendered":"https:\/\/www.mehrgenerationenhaus-hassfurt.de\/mgh\/?page_id=52542"},"modified":"2025-12-10T17:27:09","modified_gmt":"2025-12-10T16:27:09","slug":"digital-cafe","status":"publish","type":"page","link":"https:\/\/www.mehrgenerationenhaus-hassfurt.de\/mgh\/angebote\/digital-cafe\/","title":{"rendered":"Digital-Caf\u00e9 \u2013 MITeinander digital"},"content":{"rendered":"<div style=\"margin-bottom: 20px;\"><img loading=\"lazy\" decoding=\"async\" src=\"https:\/\/www.mehrgenerationenhaus-hassfurt.de\/mgh\/wp-cnt\/uploads\/digicafe2023_c580.jpg\" alt=\"Digital-Caf\u00e9\" width=\"580\" height=\"125\" class=\"alignnone size-full wp-image-53546\" srcset=\"https:\/\/www.mehrgenerationenhaus-hassfurt.de\/mgh\/wp-cnt\/uploads\/digicafe2023_c580.jpg 580w, https:\/\/www.mehrgenerationenhaus-hassfurt.de\/mgh\/wp-cnt\/uploads\/digicafe2023_c580-300x65.jpg 300w\" sizes=\"auto, (max-width: 580px) 100vw, 580px\"><\/div>\n<p>Wer zeigt mir, wie man ein Smart\u00adphone be\u00adnutzt? Ein Bahn\u00adti\u00adcket bucht oder per Vi\u00addeo mit der Fa\u00admi\u00adlie te\u00adle\u00adfo\u00adniert? Fra\u00adgen, die vor al\u00adlem die \u00e4l\u00adte\u00adre Ge\u00adne\u00adra\u00adti\u00adon vor eine gro\u00ad\u00dfe Her\u00adaus\u00adfor\u00adde\u00adrung stellt.&nbsp;<\/p>\n<p>Un\u00adser mo\u00adnat\u00adlich statt\u00adfin\u00adden\u00addes Di\u00adgi\u00adtal-Caf\u00e9 setzt ge\u00adnau hier an und rich\u00adtet sich an alle, die sich mit mo\u00adder\u00adnen elek\u00adtro\u00adni\u00adschen Kom\u00admu\u00adni\u00adka\u00adti\u00adons\u00admit\u00adteln ver\u00adtraut ma\u00adchen wol\u00adlen. Es wer\u00adden Vor\u00adtr\u00e4\u00adge zu un\u00adter\u00adschied\u00adli\u00adchen di\u00adgi\u00adta\u00adlen The\u00admen or\u00adga\u00adni\u00adsiert, die von frei\u00adwil\u00adlig en\u00adga\u00adgier\u00adten Tech\u00adnik\u00adlot\u00adsen oder Ko\u00adope\u00adra\u00adti\u00adons\u00adpart\u00adnern durch\u00adge\u00adf\u00fchrt wer\u00adden. Zu\u00ads\u00e4tz\u00adlich ste\u00adhen vie\u00adle \u00dcbungs\u00adm\u00f6g\u00adlich\u00adkei\u00adten be\u00adreit, z.B. Smart\u00adphones, Ta\u00adblets, Lap\u00adtops oder ein Touch\u00adbild\u00adschirm. Frei\u00adwil\u00adlig en\u00adga\u00adgier\u00adte Tech\u00adnik\u00adlot\u00adsen und Ex\u00adper\u00adten ste\u00adhen bei Fra\u00adgen mit Rat und Tat zur Seite.&nbsp;<\/p>\n<p>Ge\u00adra\u00adde die \u00e4l\u00adte\u00adre Ge\u00adne\u00adra\u00adti\u00adon pro\u00adfi\u00adtiert hier von ein\u00adfa\u00adchen und auf sie ab\u00adge\u00adstimm\u00adten Er\u00adkl\u00e4\u00adrungs\u00adwei\u00adsen. Hier\u00adbei spielt es kei\u00adne Rol\u00adle, ob man be\u00adreits Vor\u00adkennt\u00adnis\u00adse hat oder noch ganz am An\u00adfang steht, man wird da ab\u00adge\u00adholt, wo man steht. Doch auch der Aus\u00adtausch un\u00adter\u00adein\u00adan\u00adder und das ge\u00admein\u00adsa\u00adme Ler\u00adnen und Aus\u00adpro\u00adbie\u00adren spie\u00adlen eine zen\u00adtra\u00adle Rol\u00adle im Digital-Caf\u00e9.<\/p>\n<p>Ziel ist es durch die re\u00adgel\u00adm\u00e4\u00ad\u00dfi\u00adgen Ter\u00admi\u00adne die Tech\u00adnik- und Me\u00addi\u00aden\u00adkom\u00adpe\u00adten\u00adzen der \u00e4l\u00adte\u00adren Men\u00adschen zu st\u00e4r\u00adken, denn sie sind ein wich\u00adti\u00adger Schl\u00fcs\u00adsel zur so\u00adzia\u00adlen Teil\u00adha\u00adbe und Vor\u00adaus\u00adset\u00adzung, um die wach\u00adsen\u00adde Zahl an di\u00adgi\u00adta\u00adlen An\u00adge\u00adbo\u00adten im All\u00adtag wahrzunehmen.<\/p>\n<p>Kom\u00admen Sie vor\u00adbei und di\u00adgi\u00adta\u00adli\u00adsie\u00adren Sie mit! Das MGH-Team, Ex\u00adper\u00adten und frei\u00adwil\u00adlig En\u00adga\u00adgier\u00adte freu\u00aden sich auf ei\u00adnen ge\u00admein\u00adsa\u00admen Aus\u00adtausch in ge\u00adm\u00fct\u00adli\u00adcher Atmosph\u00e4re.<\/p>\n<p>Die\u00adses Pro\u00adjekt wird aus Mit\u00adteln des Baye\u00adri\u00adschen Staats\u00admi\u00adnis\u00adte\u00adri\u00adums f\u00fcr Fa\u00admi\u00adlie, Ar\u00adbeit und So\u00adzia\u00adles gef\u00f6rdert.<\/p>\n<p><a href=\"https:\/\/www.stmas.bayern.de\/senioren\/aktives-altern\/digitalisierung-im-alter.php\" target=\"_blank\" rel=\"noopener noreferrer\"><img loading=\"lazy\" decoding=\"async\" style=\"margin-top: 0px; padding-left: 0px;\" src=\"https:\/\/www.mehrgenerationenhaus-hassfurt.de\/mgh\/wp-cnt\/uploads\/MuT-Logo-200.jpg\" alt=\"MuT\u201c ist ein Akronym f\u00fcr \u201eMedien und Technik\u201c und soll gleichzeitig die Offenheit ausdr\u00fccken, auch im h\u00f6heren Alter noch neue Kompetenzen zum Umgang mit digitalen Medien zu erlernen . \u201eMuT-Punkte\u201c sollen als gemeinsame Dachmarke f\u00fcr Anlaufstellen mit entsprechenden Angeboten etabliert werden. \" width=\"135\" height=\"108\" class=\"alignleft size-full wp-image-48955\"><\/a><img loading=\"lazy\" decoding=\"async\" style=\"padding-top: 44px; padding-right: 0px;\" src=\"https:\/\/www.mehrgenerationenhaus-hassfurt.de\/mgh\/wp-cnt\/uploads\/StMAS-WBM-2018_2zre_rgb_580-300x49.jpg\" alt=\"Bayerisches Staatsministerium f\u00fcr Familie, Arbeit und Soziales\" width=\"390\" height=\"64\" class=\"alignright size-medium wp-image-54743\" srcset=\"https:\/\/www.mehrgenerationenhaus-hassfurt.de\/mgh\/wp-cnt\/uploads\/StMAS-WBM-2018_2zre_rgb_580-300x49.jpg 300w, https:\/\/www.mehrgenerationenhaus-hassfurt.de\/mgh\/wp-cnt\/uploads\/StMAS-WBM-2018_2zre_rgb_580.jpg 580w\" sizes=\"auto, (max-width: 390px) 100vw, 390px\">\n<\/p>\n<div>\n<table>\n<tbody>\n<tr>\n<th align=\"left\" valign=\"top\">Wo<\/th>\n<td class=\"cellgray\">Mehr\u00adge\u00adne\u00adra\u00adtio\u00adnen\u00adhaus Ha\u00dffurt<br>\nCaf\u00e9 Bis\u00adtro <span class=\"push-double\"><\/span>\u200b<span class=\"pull-double\">\u201e<\/span>Of\u00adfe\u00adner Treff\u201c<br>\nMarkt\u00adplatz 10<br>\n97437 Ha\u00dffurt<\/td>\n<\/tr>\n<tr>\n<th align=\"left\" valign=\"top\">Wann<\/th>\n<td class=\"cellgray\">\n<p style=\"margin-bottom: 12px;\">Ter\u00admi\u00adne mo\u00adnat\u00adlich am Frei\u00adtag von 10:00 \u2013 12:00 Uhr<\/p>\n\n\n\n\n\n\n\n\n\n\n\n\n\n\n\n\n\n\n\n\n\n\n\n\n 17. April 2026&nbsp;<br>\n\n 08. Mai&nbsp;2026&nbsp;<br>\n\n 12. Juni&nbsp;2026&nbsp;<br>\n\n 10. Juli&nbsp;2026&nbsp;<br>\n\n 18. Sep\u00adtem\u00adber&nbsp;2026&nbsp;<br>\n\n 09. Ok\u00adto\u00adber&nbsp;2026&nbsp;<br>\n\n 13. No\u00advem\u00adber&nbsp;2026&nbsp;<br>\n\n 11. De\u00adzem\u00adber&nbsp;2026&nbsp;<br>\n\n<p><!--Termine k\u00f6nnen jederzeit im MGH erfragt werden: <br \/>Tel: 09521\/952825-0--><!-- <strong>genaue Termine siehe <span style=\"color: #000000;\"><a title=\"Veranstaltungskalender\" href=\"https:\/\/www.mehrgenerationenhaus-hassfurt.de\/mgh\/kalender\/\"><span style=\"color: #000000;\">Veranstaltungskalender<\/span><\/a><\/span>--><\/p><\/td>\n<\/tr>\n<tr>\n<th align=\"left\" valign=\"top\">An\u00admel\u00addung\n<\/th><td class=\"cellgray\" align=\"left\" valign=\"top\" width=\"430\">Kei\u00adne An\u00admel\u00addung erforderlich<\/td>\n<\/tr>\n<tr>\n<th align=\"left\" valign=\"top\">Kos\u00adten\n<\/th><td class=\"cellgray\" align=\"left\" valign=\"top\" width=\"430\">Kos\u00adten\u00adlos<\/td>\n<\/tr>\n<tr>\n<th align=\"left\" valign=\"top\">Sons\u00adti\u00adges\n<\/th><td class=\"cellgray\" align=\"left\" valign=\"top\" width=\"430\">Brin\u00adgen Sie ger\u00adne Ihr ei\u00adge\u00adnes Ge\u00adr\u00e4t mit, denn da\u00admit \u00fcbt es sich am bes\u00adten. An\u00addern\u00adfalls ste\u00adhen auch Ta\u00adblets und Lap\u00adtops zur Verf\u00fcgung.&nbsp;<\/td>\n<\/tr>\n<\/tbody>\n<\/table>\n<\/div>\n<p><!-- &rarr; Download: <a href=\"https:\/\/www.mehrgenerationenhaus-hassfurt.de\/mgh\/wp-cnt\/uploads\/2024_Flyer-Digital-Cafe.pdf\" target=\"_blank\" rel=\"noopener\"><strong>Digital-Caf\u00e9 - MITeinander digital<\/strong> (PDF)<\/a> --><\/p>\n<p>\u2192 Das Pro\u00adjekt <span class=\"push-double\"><\/span>\u200b<span class=\"pull-double\">\u201e<\/span>Di\u00adgi\u00adtal-Caf\u00e9\u201c ist Teil der <a href=\"https:\/\/www.mehrgenerationenhaus-hassfurt.de\/mgh\/angebote-zukunftswerkstatt-digitalisierung\/\">Zu\u00adkunfts\u00adwerk\u00adstatt Digitalisierung<\/a><\/p>\n","protected":false},"excerpt":{"rendered":"<p>Wer zeigt mir, wie man ein Smart\u00adphone be\u00adnutzt? Ein Bahn\u00adti\u00adcket bucht oder per Vi\u00addeo mit der Fa\u00admi\u00adlie te\u00adle\u00adfo\u00adniert? Fra\u00adgen, die vor al\u00adlem die \u00e4l\u00adte\u00adre Ge\u00adne\u00adra\u00adti\u00adon vor eine gro\u00ad\u00dfe Her\u00adaus\u00adfor\u00adde\u00adrung stellt.&nbsp; Un\u00adser mo\u00adnat\u00adlich statt\u00adfin\u00adden\u00addes Di\u00ad\u00adgi\u00ad\u00adtal-Caf\u00e9 setzt ge\u00adnau hier an und rich\u00adtet sich an alle, die sich mit mo\u00adder\u00adnen elek\u00adtro\u00adni\u00adschen Kom\u00admu\u00adni\u00adka\u00adti\u00adons\u00admit\u00adteln ver\u00adtraut ma\u00adchen wol\u00adlen. Es wer\u00adden Vortr\u00e4ge&nbsp;<\/p>\n<p class=\"excerpt-link\"><a class=\"read-more\" href=\"https:\/\/www.mehrgenerationenhaus-hassfurt.de\/mgh\/angebote\/digital-cafe\/\">Read More \u2192<\/a><\/p>\n","protected":false},"author":3,"featured_media":6609,"parent":219,"menu_order":0,"comment_status":"closed","ping_status":"closed","template":"","meta":{"inline_featured_image":false,"wp_typography_post_enhancements_disabled":false,"_mc_calendar":[],"footnotes":""},"class_list":["post-52542","page","type-page","status-publish","has-post-thumbnail","hentry"],"yoast_head":"<!-- This site is optimized with the Yoast SEO plugin v27.3 - https:\/\/yoast.com\/product\/yoast-seo-wordpress\/ -->\n<title>Digital-Caf\u00e9 - MITeinander digital | Mehrgenerationenhaus Ha\u00dffurt<\/title>\n<meta name=\"description\" content=\"Unser Digital-Caf\u00e9 richtet sich an alle, die sich mit modernen elektronischen Kommunikationsmitteln vertraut machen wollen.\" \/>\n<meta name=\"robots\" content=\"index, follow, max-snippet:-1, max-image-preview:large, max-video-preview:-1\" \/>\n<link rel=\"canonical\" href=\"https:\/\/www.mehrgenerationenhaus-hassfurt.de\/mgh\/angebote\/digital-cafe\/\" \/>\n<meta property=\"og:locale\" content=\"de_DE\" \/>\n<meta property=\"og:type\" content=\"article\" \/>\n<meta property=\"og:title\" content=\"Digital-Caf\u00e9 - MITeinander digital | Mehrgenerationenhaus Ha\u00dffurt\" \/>\n<meta property=\"og:description\" content=\"Unser Digital-Caf\u00e9 richtet sich an alle, die sich mit modernen elektronischen Kommunikationsmitteln vertraut machen wollen.\" \/>\n<meta property=\"og:url\" content=\"https:\/\/www.mehrgenerationenhaus-hassfurt.de\/mgh\/angebote\/digital-cafe\/\" \/>\n<meta property=\"og:site_name\" content=\"Mehrgenerationenhaus Ha\u00dffurt\" \/>\n<meta property=\"article:publisher\" content=\"https:\/\/de-de.facebook.com\/mehrgenerationenhausHAS\/\" \/>\n<meta property=\"article:modified_time\" content=\"2025-12-10T16:27:09+00:00\" \/>\n<!-- \/ Yoast SEO plugin. -->","yoast_head_json":{"title":"Digital-Caf\u00e9 - MITeinander digital | Mehrgenerationenhaus Ha\u00dffurt","description":"Unser Digital-Caf\u00e9 richtet sich an alle, die sich mit modernen elektronischen Kommunikationsmitteln vertraut machen wollen.","robots":{"index":"index","follow":"follow","max-snippet":"max-snippet:-1","max-image-preview":"max-image-preview:large","max-video-preview":"max-video-preview:-1"},"canonical":"https:\/\/www.mehrgenerationenhaus-hassfurt.de\/mgh\/angebote\/digital-cafe\/","og_locale":"de_DE","og_type":"article","og_title":"Digital-Caf\u00e9 - MITeinander digital | Mehrgenerationenhaus Ha\u00dffurt","og_description":"Unser Digital-Caf\u00e9 richtet sich an alle, die sich mit modernen elektronischen Kommunikationsmitteln vertraut machen wollen.","og_url":"https:\/\/www.mehrgenerationenhaus-hassfurt.de\/mgh\/angebote\/digital-cafe\/","og_site_name":"Mehrgenerationenhaus Ha\u00dffurt","article_publisher":"https:\/\/de-de.facebook.com\/mehrgenerationenhausHAS\/","article_modified_time":"2025-12-10T16:27:09+00:00","schema":{"@context":"https:\/\/schema.org","@graph":[{"@type":"WebPage","@id":"https:\/\/www.mehrgenerationenhaus-hassfurt.de\/mgh\/angebote\/digital-cafe\/","url":"https:\/\/www.mehrgenerationenhaus-hassfurt.de\/mgh\/angebote\/digital-cafe\/","name":"Digital-Caf\u00e9 - MITeinander digital | Mehrgenerationenhaus Ha\u00dffurt","isPartOf":{"@id":"https:\/\/www.mehrgenerationenhaus-hassfurt.de\/mgh\/#website"},"primaryImageOfPage":{"@id":"https:\/\/www.mehrgenerationenhaus-hassfurt.de\/mgh\/angebote\/digital-cafe\/#primaryimage"},"image":{"@id":"https:\/\/www.mehrgenerationenhaus-hassfurt.de\/mgh\/angebote\/digital-cafe\/#primaryimage"},"thumbnailUrl":"","datePublished":"2022-09-16T20:52:43+00:00","dateModified":"2025-12-10T16:27:09+00:00","description":"Unser Digital-Caf\u00e9 richtet sich an alle, die sich mit modernen elektronischen Kommunikationsmitteln vertraut machen wollen.","breadcrumb":{"@id":"https:\/\/www.mehrgenerationenhaus-hassfurt.de\/mgh\/angebote\/digital-cafe\/#breadcrumb"},"inLanguage":"de","potentialAction":[{"@type":"ReadAction","target":["https:\/\/www.mehrgenerationenhaus-hassfurt.de\/mgh\/angebote\/digital-cafe\/"]}]},{"@type":"ImageObject","inLanguage":"de","@id":"https:\/\/www.mehrgenerationenhaus-hassfurt.de\/mgh\/angebote\/digital-cafe\/#primaryimage","url":"","contentUrl":""},{"@type":"BreadcrumbList","@id":"https:\/\/www.mehrgenerationenhaus-hassfurt.de\/mgh\/angebote\/digital-cafe\/#breadcrumb","itemListElement":[{"@type":"ListItem","position":1,"name":"Startseite","item":"https:\/\/www.mehrgenerationenhaus-hassfurt.de\/mgh\/"},{"@type":"ListItem","position":2,"name":"Angebote und Dienstleistungen","item":"https:\/\/www.mehrgenerationenhaus-hassfurt.de\/mgh\/angebote\/"},{"@type":"ListItem","position":3,"name":"Digital-Caf\u00e9 &#8211; MITeinander digital"}]},{"@type":"WebSite","@id":"https:\/\/www.mehrgenerationenhaus-hassfurt.de\/mgh\/#website","url":"https:\/\/www.mehrgenerationenhaus-hassfurt.de\/mgh\/","name":"Mehrgenerationenhaus Ha\u00dffurt","description":"Mehrgenerationenhaus Ha\u00dffurt","publisher":{"@id":"https:\/\/www.mehrgenerationenhaus-hassfurt.de\/mgh\/#organization"},"potentialAction":[{"@type":"SearchAction","target":{"@type":"EntryPoint","urlTemplate":"https:\/\/www.mehrgenerationenhaus-hassfurt.de\/mgh\/?s={search_term_string}"},"query-input":{"@type":"PropertyValueSpecification","valueRequired":true,"valueName":"search_term_string"}}],"inLanguage":"de"},{"@type":"Organization","@id":"https:\/\/www.mehrgenerationenhaus-hassfurt.de\/mgh\/#organization","name":"Mehrgenerationenhaus Ha\u00dffurt","url":"https:\/\/www.mehrgenerationenhaus-hassfurt.de\/mgh\/","logo":{"@type":"ImageObject","inLanguage":"de","@id":"https:\/\/www.mehrgenerationenhaus-hassfurt.de\/mgh\/#\/schema\/logo\/image\/","url":"https:\/\/www.mehrgenerationenhaus-hassfurt.de\/mgh\/wp-cnt\/uploads\/MGH_Logo_2020_hassfurt-scaled.jpg","contentUrl":"https:\/\/www.mehrgenerationenhaus-hassfurt.de\/mgh\/wp-cnt\/uploads\/MGH_Logo_2020_hassfurt-scaled.jpg","width":2560,"height":1162,"caption":"Mehrgenerationenhaus Ha\u00dffurt"},"image":{"@id":"https:\/\/www.mehrgenerationenhaus-hassfurt.de\/mgh\/#\/schema\/logo\/image\/"},"sameAs":["https:\/\/de-de.facebook.com\/mehrgenerationenhausHAS\/"]}]}},"publishpress_future_workflow_manual_trigger":{"enabledWorkflows":[]},"_links":{"self":[{"href":"https:\/\/www.mehrgenerationenhaus-hassfurt.de\/mgh\/wp-json\/wp\/v2\/pages\/52542","targetHints":{"allow":["GET"]}}],"collection":[{"href":"https:\/\/www.mehrgenerationenhaus-hassfurt.de\/mgh\/wp-json\/wp\/v2\/pages"}],"about":[{"href":"https:\/\/www.mehrgenerationenhaus-hassfurt.de\/mgh\/wp-json\/wp\/v2\/types\/page"}],"author":[{"embeddable":true,"href":"https:\/\/www.mehrgenerationenhaus-hassfurt.de\/mgh\/wp-json\/wp\/v2\/users\/3"}],"replies":[{"embeddable":true,"href":"https:\/\/www.mehrgenerationenhaus-hassfurt.de\/mgh\/wp-json\/wp\/v2\/comments?post=52542"}],"version-history":[{"count":0,"href":"https:\/\/www.mehrgenerationenhaus-hassfurt.de\/mgh\/wp-json\/wp\/v2\/pages\/52542\/revisions"}],"up":[{"embeddable":true,"href":"https:\/\/www.mehrgenerationenhaus-hassfurt.de\/mgh\/wp-json\/wp\/v2\/pages\/219"}],"wp:featuredmedia":[{"embeddable":true,"href":"https:\/\/www.mehrgenerationenhaus-hassfurt.de\/mgh\/wp-json\/"}],"wp:attachment":[{"href":"https:\/\/www.mehrgenerationenhaus-hassfurt.de\/mgh\/wp-json\/wp\/v2\/media?parent=52542"}],"curies":[{"name":"wp","href":"https:\/\/api.w.org\/{rel}","templated":true}]}}