{"id":53069,"date":"2023-05-18T17:58:35","date_gmt":"2023-05-18T15:58:35","guid":{"rendered":"https:\/\/www.mehrgenerationenhaus-hassfurt.de\/mgh\/?page_id=53069"},"modified":"2025-07-16T12:49:41","modified_gmt":"2025-07-16T10:49:41","slug":"kuenstliche-intelligenz-gutes-altern","status":"publish","type":"page","link":"https:\/\/www.mehrgenerationenhaus-hassfurt.de\/mgh\/kuenstliche-intelligenz-gutes-altern\/","title":{"rendered":"K\u00fcnstliche Intelligenz f\u00fcr ein gutes Altern"},"content":{"rendered":"<h3 style=\"font-weight: 400;\">Das Mehrgenerationenhaus Ha\u00dffurt<br>\nals lokaler Lern- und Erfahrungsort<br>\nrund um das Thema <span class=\"push-double\"><\/span>\u200b<span class=\"pull-double\">\u201e<\/span>k\u00fcnstliche Intelligenz\u201c (KI)<\/h3>\n<p><img loading=\"lazy\" decoding=\"async\" style=\"margin-top: -20px; margin-bottom: 20px;\" src=\"https:\/\/www.mehrgenerationenhaus-hassfurt.de\/mgh\/wp-cnt\/uploads\/KI-Lernort_300.jpg\" alt=\"K\u00fcnstliche Intelligenz f\u00fcr ein gutes Altern\" width=\"300\" height=\"138\" class=\"alignright size-full wp-image-53077\">Un\u00adser Stand\u00adort in Ha\u00df\u00adfurt ist seit Mai 2023 ei\u00adner von zehn lo\u00adka\u00adlen Lern- und Er\u00adfah\u00adrungs\u00ador\u00adten rund um das The\u00adma <span class=\"push-double\"><\/span>\u200b<span class=\"pull-double\">\u201e<\/span>k\u00fcnst\u00adli\u00adche In\u00adtel\u00adli\u00adgenz\u201c (KI), aus\u00adge\u00adw\u00e4hlt von der BAGSO (Bun\u00addes\u00adar\u00adbeits\u00adge\u00admein\u00adschaft der Se\u00adnio\u00adren\u00ador\u00adga\u00adni\u00adsa\u00adtio\u00adnen e.V.) und ge\u00adf\u00f6r\u00addert vom Bun\u00addes\u00adfa\u00admi\u00adli\u00aden\u00admi\u00adnis\u00adte\u00adri\u00adum f\u00fcr Bil\u00addung, Fa\u00admi\u00adlie, Se\u00adnio\u00adren, Frau\u00aden und Jugend.&nbsp;<\/p>\n<p>Das Mehr\u00adge\u00adne\u00adra\u00adtio\u00adnen\u00adhaus hat sich von Be\u00adginn an zum Ziel ge\u00adsetzt, \u00e4l\u00adte\u00adre Men\u00adschen im t\u00e4g\u00adli\u00adchen Um\u00adgang mit dem In\u00adter\u00adnet und di\u00adgi\u00adta\u00adlen Diens\u00adten zu be\u00adf\u00e4\u00adhi\u00adgen. Mit dem Pro\u00adjekt <span class=\"push-double\"><\/span>\u200b<span class=\"pull-double\">\u201e<\/span>KI f\u00fcr ein gu\u00adtes Al\u00adtern\u201c m\u00f6ch\u00adten wir den Be\u00adreich Di\u00adgi\u00adta\u00adli\u00adsie\u00adrung um ein wich\u00adti\u00adges The\u00admen\u00adfeld aus\u00adbau\u00aden, den Se\u00adnio\u00adrin\u00adnen und Se\u00adnio\u00adren al\u00adters\u00adge\u00adrech\u00adte Un\u00adter\u00adst\u00fct\u00adzungs\u00adan\u00adge\u00adbo\u00adte an\u00adbie\u00adten und da\u00addurch ei\u00adnen wich\u00adti\u00adgen Bei\u00adtrag zur Le\u00adbens\u00adqua\u00adli\u00adt\u00e4t im Al\u00adter leisten.&nbsp;<\/p>\n<p>Frei\u00adwil\u00adlig en\u00adga\u00adgier\u00adte Tech\u00adnik\u00adlot\u00adsen je\u00adden Al\u00adters ste\u00adhen der \u00e4l\u00adte\u00adren Ge\u00adne\u00adra\u00adti\u00adon mit Rat und Tat zur Sei\u00adte und ge\u00adben ihr di\u00adgi\u00adta\u00adles Wis\u00adsen wei\u00adter. Da\u00adbei gibt es die M\u00f6g\u00adlich\u00adkeit die Tech\u00adnik\u00adge\u00adr\u00e4\u00adte wie z.B. Sprach\u00adas\u00adsis\u00adten\u00adten, Haus\u00adhalts- oder Fens\u00adter\u00adputz\u00adro\u00adbo\u00adter, Smart Wat\u00adches oder Blut\u00addruck\u00admess\u00adge\u00adr\u00e4\u00adte etc. aus\u00adzu\u00adpro\u00adbie\u00adren. Ge\u00adra\u00adde \u00e4l\u00adte\u00adre Men\u00adschen k\u00f6n\u00adnen von k\u00fcnst\u00adli\u00adcher In\u00adtel\u00adli\u00adgenz pro\u00adfi\u00adtie\u00adren: Sprach\u00adas\u00adsis\u00adten\u00adten er\u00adleich\u00adtern den All\u00adtag, smar\u00adte Haus\u00adhalts\u00adge\u00adr\u00e4\u00adte neh\u00admen k\u00f6r\u00adper\u00adlich an\u00adstren\u00adgen\u00adde Ar\u00adbeit ab und Apps hel\u00adfen, bei Seh\u00adbe\u00adein\u00adtr\u00e4ch\u00adti\u00adgung die Um\u00adge\u00adbung bes\u00adser wahrzunehmen.&nbsp;<\/p>\n<p><img loading=\"lazy\" decoding=\"async\" src=\"https:\/\/www.mehrgenerationenhaus-hassfurt.de\/mgh\/wp-cnt\/uploads\/ki-lernort_580.jpg\" alt width=\"580\" height=\"334\" class=\"alignnone size-full wp-image-53082\" srcset=\"https:\/\/www.mehrgenerationenhaus-hassfurt.de\/mgh\/wp-cnt\/uploads\/ki-lernort_580.jpg 580w, https:\/\/www.mehrgenerationenhaus-hassfurt.de\/mgh\/wp-cnt\/uploads\/ki-lernort_580-300x173.jpg 300w\" sizes=\"auto, (max-width: 580px) 100vw, 580px\"><\/p>\n<p><!--\n\n<hr \/>\n\n--><\/p>\n<p><strong>Links zum Thema:<\/strong><\/p>\n<ul style=\"list-style-type: '\u2192 &nbsp;';\">\n<li>Web\u00adsite der BAGSO: <a href=\"https:\/\/ki-und-alter.de\" rel=\"noopener\" target=\"_blank\">Start\u00adsei\u00adte: KI f\u00fcr ein gu\u00adtes Al\u00adtern<\/a> (ki-und-alter.de)<\/li>\n<li>KI Lern\u00adort Ha\u00df\u00adfurt: <a href=\"https:\/\/ki-und-alter.de\/ki-lernort\/hassfurt-miteinander-der-generationen-mitten-in-der-stadt\/\" rel=\"noopener\" target=\"_blank\">Ha\u00df\u00adfurt: Mit\u00adein\u00adan\u00adder der Ge\u00adne\u00adra\u00adtio\u00adnen mit\u00adten in der Stadt<\/a><br>\n(ki-und-alter.de)<\/li>\n<li>\u00dcber\u00adsicht al\u00adler <strong>An\u00adge\u00adbo\u00adte un\u00adse\u00adrer <a href=\"https:\/\/www.mehrgenerationenhaus-hassfurt.de\/mgh\/angebote-zukunftswerkstatt-digitalisierung\/\">Zu\u00adkunfts\u00adwerk\u00adstatt Di\u00adgi\u00adta\u00adli\u00adsie\u00adrung<\/a><\/strong>.<\/li>\n<li>Pres\u00adse\u00adar\u00adti\u00adkel: <a href=\"https:\/\/www.mehrgenerationenhaus-hassfurt.de\/mgh\/wie-werden-oma-und-opa-digitale-profis\/\">Wie wer\u00adden Oma und Opa di\u00adgi\u00adta\u00adle Profis?<\/a><\/li>\n<li>Pres\u00adse\u00adar\u00adti\u00adkel: <a href=\"https:\/\/www.mehrgenerationenhaus-hassfurt.de\/mgh\/mgh-fuehrt-aeltere-menschen-an-kuenstliche-intelligenz-heran\/\">MGH Ha\u00df\u00adfurt f\u00fchrt \u00e4l\u00adte\u00adre Men\u00adschen an KI heran<\/a><\/li>\n<li>Pres\u00adse\u00adar\u00adti\u00adkel: <a href=\"https:\/\/www.mehrgenerationenhaus-hassfurt.de\/mgh\/kuenstliche-intelligenz-fuer-oma-und-opa\/\">K\u00fcnst\u00adli\u00adche In\u00adtel\u00adli\u00adgenz f\u00fcr \u00bbOma\u00ab und \u00bbOpa\u00ab<\/a><\/li>\n<\/ul>\n","protected":false},"excerpt":{"rendered":"<p>Das Mehr\u00adge\u00adne\u00adra\u00adtio\u00adnen\u00adhaus Ha\u00df\u00adfurt als lo\u00adka\u00adler Lern- und Er\u00adfah\u00adrungs\u00adort rund um das The\u00adma \u200b\u201ek\u00fcnst\u00adli\u00adche In\u00adtel\u00adli\u00adgenz\u201c (KI) Un\u00adser Stand\u00adort in Ha\u00df\u00adfurt ist seit Mai 2023 ei\u00adner von zehn lo\u00adka\u00adlen Lern- und Er\u00adfah\u00adrungs\u00ador\u00adten rund um das The\u00adma \u200b\u201ek\u00fcnst\u00adli\u00adche In\u00adtel\u00adli\u00adgenz\u201c (KI), aus\u00adge\u00adw\u00e4hlt von der BAGSO (Bun\u00addes\u00adar\u00adbeits\u00adge\u00admein\u00adschaft der Se\u00adnio\u00adren\u00ador\u00adga\u00adni\u00adsa\u00adtio\u00adnen e.V.) und ge\u00adf\u00f6r\u00addert vom Bun\u00addes\u00adfa\u00admi\u00adli\u00aden\u00admi\u00adnis\u00adte\u00adri\u00adum f\u00fcr Bil\u00addung, Fa\u00admi\u00adlie, Se\u00adnio\u00adren, Frau\u00aden&nbsp;und&nbsp;<\/p>\n<p class=\"excerpt-link\"><a class=\"read-more\" href=\"https:\/\/www.mehrgenerationenhaus-hassfurt.de\/mgh\/kuenstliche-intelligenz-gutes-altern\/\">Read More \u2192<\/a><\/p>\n","protected":false},"author":3,"featured_media":53082,"parent":0,"menu_order":0,"comment_status":"closed","ping_status":"closed","template":"","meta":{"inline_featured_image":false,"wp_typography_post_enhancements_disabled":false,"_mc_calendar":[],"footnotes":""},"class_list":["post-53069","page","type-page","status-publish","has-post-thumbnail","hentry"],"yoast_head":"<!-- This site is optimized with the Yoast SEO plugin v27.3 - https:\/\/yoast.com\/product\/yoast-seo-wordpress\/ -->\n<title>K\u00fcnstliche Intelligenz f\u00fcr ein gutes Altern | MGH Ha\u00dffurt<\/title>\n<meta name=\"description\" content=\"K\u00fcnstliche Intelligenz f\u00fcr ein gutes Altern leistet durch altersgerechte Angebote einen wichtigen Beitrag zur Lebensqualit\u00e4t im Alter.\" \/>\n<meta name=\"robots\" content=\"index, follow, max-snippet:-1, max-image-preview:large, max-video-preview:-1\" \/>\n<link rel=\"canonical\" href=\"https:\/\/www.mehrgenerationenhaus-hassfurt.de\/mgh\/kuenstliche-intelligenz-gutes-altern\/\" \/>\n<meta property=\"og:locale\" content=\"de_DE\" \/>\n<meta property=\"og:type\" content=\"article\" \/>\n<meta property=\"og:title\" content=\"K\u00fcnstliche Intelligenz f\u00fcr ein gutes Altern | MGH Ha\u00dffurt\" \/>\n<meta property=\"og:description\" content=\"K\u00fcnstliche Intelligenz f\u00fcr ein gutes Altern leistet durch altersgerechte Angebote einen wichtigen Beitrag zur Lebensqualit\u00e4t im Alter.\" \/>\n<meta property=\"og:url\" content=\"https:\/\/www.mehrgenerationenhaus-hassfurt.de\/mgh\/kuenstliche-intelligenz-gutes-altern\/\" \/>\n<meta property=\"og:site_name\" content=\"Mehrgenerationenhaus Ha\u00dffurt\" \/>\n<meta property=\"article:publisher\" content=\"https:\/\/de-de.facebook.com\/mehrgenerationenhausHAS\/\" \/>\n<meta property=\"article:modified_time\" content=\"2025-07-16T10:49:41+00:00\" \/>\n<meta property=\"og:image\" content=\"https:\/\/www.mehrgenerationenhaus-hassfurt.de\/mgh\/wp-cnt\/uploads\/ki-lernort_580.jpg\" \/>\n\t<meta property=\"og:image:width\" content=\"580\" \/>\n\t<meta property=\"og:image:height\" content=\"334\" \/>\n\t<meta property=\"og:image:type\" content=\"image\/jpeg\" \/>\n<!-- \/ Yoast SEO plugin. -->","yoast_head_json":{"title":"K\u00fcnstliche Intelligenz f\u00fcr ein gutes Altern | MGH Ha\u00dffurt","description":"K\u00fcnstliche Intelligenz f\u00fcr ein gutes Altern leistet durch altersgerechte Angebote einen wichtigen Beitrag zur Lebensqualit\u00e4t im Alter.","robots":{"index":"index","follow":"follow","max-snippet":"max-snippet:-1","max-image-preview":"max-image-preview:large","max-video-preview":"max-video-preview:-1"},"canonical":"https:\/\/www.mehrgenerationenhaus-hassfurt.de\/mgh\/kuenstliche-intelligenz-gutes-altern\/","og_locale":"de_DE","og_type":"article","og_title":"K\u00fcnstliche Intelligenz f\u00fcr ein gutes Altern | MGH Ha\u00dffurt","og_description":"K\u00fcnstliche Intelligenz f\u00fcr ein gutes Altern leistet durch altersgerechte Angebote einen wichtigen Beitrag zur Lebensqualit\u00e4t im Alter.","og_url":"https:\/\/www.mehrgenerationenhaus-hassfurt.de\/mgh\/kuenstliche-intelligenz-gutes-altern\/","og_site_name":"Mehrgenerationenhaus Ha\u00dffurt","article_publisher":"https:\/\/de-de.facebook.com\/mehrgenerationenhausHAS\/","article_modified_time":"2025-07-16T10:49:41+00:00","og_image":[{"width":580,"height":334,"url":"https:\/\/www.mehrgenerationenhaus-hassfurt.de\/mgh\/wp-cnt\/uploads\/ki-lernort_580.jpg","type":"image\/jpeg"}],"schema":{"@context":"https:\/\/schema.org","@graph":[{"@type":"WebPage","@id":"https:\/\/www.mehrgenerationenhaus-hassfurt.de\/mgh\/kuenstliche-intelligenz-gutes-altern\/","url":"https:\/\/www.mehrgenerationenhaus-hassfurt.de\/mgh\/kuenstliche-intelligenz-gutes-altern\/","name":"K\u00fcnstliche Intelligenz f\u00fcr ein gutes Altern | MGH Ha\u00dffurt","isPartOf":{"@id":"https:\/\/www.mehrgenerationenhaus-hassfurt.de\/mgh\/#website"},"primaryImageOfPage":{"@id":"https:\/\/www.mehrgenerationenhaus-hassfurt.de\/mgh\/kuenstliche-intelligenz-gutes-altern\/#primaryimage"},"image":{"@id":"https:\/\/www.mehrgenerationenhaus-hassfurt.de\/mgh\/kuenstliche-intelligenz-gutes-altern\/#primaryimage"},"thumbnailUrl":"https:\/\/www.mehrgenerationenhaus-hassfurt.de\/mgh\/wp-cnt\/uploads\/ki-lernort_580.jpg","datePublished":"2023-05-18T15:58:35+00:00","dateModified":"2025-07-16T10:49:41+00:00","description":"K\u00fcnstliche Intelligenz f\u00fcr ein gutes Altern leistet durch altersgerechte Angebote einen wichtigen Beitrag zur Lebensqualit\u00e4t im Alter.","breadcrumb":{"@id":"https:\/\/www.mehrgenerationenhaus-hassfurt.de\/mgh\/kuenstliche-intelligenz-gutes-altern\/#breadcrumb"},"inLanguage":"de","potentialAction":[{"@type":"ReadAction","target":["https:\/\/www.mehrgenerationenhaus-hassfurt.de\/mgh\/kuenstliche-intelligenz-gutes-altern\/"]}]},{"@type":"ImageObject","inLanguage":"de","@id":"https:\/\/www.mehrgenerationenhaus-hassfurt.de\/mgh\/kuenstliche-intelligenz-gutes-altern\/#primaryimage","url":"https:\/\/www.mehrgenerationenhaus-hassfurt.de\/mgh\/wp-cnt\/uploads\/ki-lernort_580.jpg","contentUrl":"https:\/\/www.mehrgenerationenhaus-hassfurt.de\/mgh\/wp-cnt\/uploads\/ki-lernort_580.jpg","width":580,"height":334},{"@type":"BreadcrumbList","@id":"https:\/\/www.mehrgenerationenhaus-hassfurt.de\/mgh\/kuenstliche-intelligenz-gutes-altern\/#breadcrumb","itemListElement":[{"@type":"ListItem","position":1,"name":"Startseite","item":"https:\/\/www.mehrgenerationenhaus-hassfurt.de\/mgh\/"},{"@type":"ListItem","position":2,"name":"K\u00fcnstliche Intelligenz f\u00fcr ein gutes Altern"}]},{"@type":"WebSite","@id":"https:\/\/www.mehrgenerationenhaus-hassfurt.de\/mgh\/#website","url":"https:\/\/www.mehrgenerationenhaus-hassfurt.de\/mgh\/","name":"Mehrgenerationenhaus Ha\u00dffurt","description":"Mehrgenerationenhaus Ha\u00dffurt","publisher":{"@id":"https:\/\/www.mehrgenerationenhaus-hassfurt.de\/mgh\/#organization"},"potentialAction":[{"@type":"SearchAction","target":{"@type":"EntryPoint","urlTemplate":"https:\/\/www.mehrgenerationenhaus-hassfurt.de\/mgh\/?s={search_term_string}"},"query-input":{"@type":"PropertyValueSpecification","valueRequired":true,"valueName":"search_term_string"}}],"inLanguage":"de"},{"@type":"Organization","@id":"https:\/\/www.mehrgenerationenhaus-hassfurt.de\/mgh\/#organization","name":"Mehrgenerationenhaus Ha\u00dffurt","url":"https:\/\/www.mehrgenerationenhaus-hassfurt.de\/mgh\/","logo":{"@type":"ImageObject","inLanguage":"de","@id":"https:\/\/www.mehrgenerationenhaus-hassfurt.de\/mgh\/#\/schema\/logo\/image\/","url":"https:\/\/www.mehrgenerationenhaus-hassfurt.de\/mgh\/wp-cnt\/uploads\/MGH_Logo_2020_hassfurt-scaled.jpg","contentUrl":"https:\/\/www.mehrgenerationenhaus-hassfurt.de\/mgh\/wp-cnt\/uploads\/MGH_Logo_2020_hassfurt-scaled.jpg","width":2560,"height":1162,"caption":"Mehrgenerationenhaus Ha\u00dffurt"},"image":{"@id":"https:\/\/www.mehrgenerationenhaus-hassfurt.de\/mgh\/#\/schema\/logo\/image\/"},"sameAs":["https:\/\/de-de.facebook.com\/mehrgenerationenhausHAS\/"]}]}},"publishpress_future_workflow_manual_trigger":{"enabledWorkflows":[]},"_links":{"self":[{"href":"https:\/\/www.mehrgenerationenhaus-hassfurt.de\/mgh\/wp-json\/wp\/v2\/pages\/53069","targetHints":{"allow":["GET"]}}],"collection":[{"href":"https:\/\/www.mehrgenerationenhaus-hassfurt.de\/mgh\/wp-json\/wp\/v2\/pages"}],"about":[{"href":"https:\/\/www.mehrgenerationenhaus-hassfurt.de\/mgh\/wp-json\/wp\/v2\/types\/page"}],"author":[{"embeddable":true,"href":"https:\/\/www.mehrgenerationenhaus-hassfurt.de\/mgh\/wp-json\/wp\/v2\/users\/3"}],"replies":[{"embeddable":true,"href":"https:\/\/www.mehrgenerationenhaus-hassfurt.de\/mgh\/wp-json\/wp\/v2\/comments?post=53069"}],"version-history":[{"count":0,"href":"https:\/\/www.mehrgenerationenhaus-hassfurt.de\/mgh\/wp-json\/wp\/v2\/pages\/53069\/revisions"}],"wp:featuredmedia":[{"embeddable":true,"href":"https:\/\/www.mehrgenerationenhaus-hassfurt.de\/mgh\/wp-json\/wp\/v2\/media\/53082"}],"wp:attachment":[{"href":"https:\/\/www.mehrgenerationenhaus-hassfurt.de\/mgh\/wp-json\/wp\/v2\/media?parent=53069"}],"curies":[{"name":"wp","href":"https:\/\/api.w.org\/{rel}","templated":true}]}}