{"id":53925,"date":"2024-05-13T12:26:43","date_gmt":"2024-05-13T10:26:43","guid":{"rendered":"https:\/\/www.mehrgenerationenhaus-hassfurt.de\/mgh\/?page_id=53925"},"modified":"2024-07-05T20:59:22","modified_gmt":"2024-07-05T18:59:22","slug":"wir-bunt-gemeinsam","status":"publish","type":"page","link":"https:\/\/www.mehrgenerationenhaus-hassfurt.de\/mgh\/angebote\/wir-bunt-gemeinsam\/","title":{"rendered":"WIR BUNT GEMEINSAM"},"content":{"rendered":"<p><img loading=\"lazy\" decoding=\"async\" src=\"https:\/\/www.mehrgenerationenhaus-hassfurt.de\/mgh\/wp-cnt\/uploads\/wir-bunt-gemeinsam_c580.jpg\" alt=\"WIR BUNT GEMEINSAM\" width=\"580\" height=\"125\" class=\"alignnone size-full wp-image-53931\" srcset=\"https:\/\/www.mehrgenerationenhaus-hassfurt.de\/mgh\/wp-cnt\/uploads\/wir-bunt-gemeinsam_c580.jpg 580w, https:\/\/www.mehrgenerationenhaus-hassfurt.de\/mgh\/wp-cnt\/uploads\/wir-bunt-gemeinsam_c580-300x65.jpg 300w\" sizes=\"auto, (max-width: 580px) 100vw, 580px\"><\/p>\n<p>Mit dem Krea\u00adtiv\u00adpro\u00adjekt <span class=\"push-double\"><\/span>\u200b<span class=\"pull-double\">\u201e<\/span>WIR \u2013 BUNT \u2013 GE\u00adMEIN\u00adSAM\u201c wer\u00adden Men\u00adschen al\u00adler Ge\u00adne\u00adra\u00adtio\u00adnen mit und ohne Be\u00adhin\u00adde\u00adrung dazu ein\u00adge\u00adla\u00adden, ge\u00admein\u00adsam krea\u00adtiv zu sein. Im Mit\u00adtel\u00adpunkt ste\u00adhen k\u00fcnst\u00adle\u00adri\u00adsche Ak\u00adtio\u00adnen: Es wird ge\u00admalt, mit ver\u00adschie\u00adde\u00adnen Ma\u00adte\u00adria\u00adli\u00aden ex\u00adpe\u00adri\u00admen\u00adtiert und neue Tech\u00adni\u00adken wer\u00adden aus\u00adpro\u00adbiert. Beim ge\u00admein\u00adsa\u00admen krea\u00adti\u00adven Schaf\u00adfen wer\u00adden Hemm\u00adschwel\u00adlen und Vor\u00adur\u00adtei\u00adle ab\u00adge\u00adbaut und neue, po\u00adsi\u00adti\u00adve Er\u00adfah\u00adrun\u00adgen ge\u00adsam\u00admelt. Dar\u00ad\u00fcber hin\u00adaus ent\u00adste\u00adhen neue Kon\u00adtak\u00adte und Freund\u00adschaf\u00adten, die das so\u00adzia\u00adle Mit\u00adein\u00adan\u00adder st\u00e4r\u00adken. Die Teil\u00adneh\u00admen\u00adden er\u00adle\u00adben un\u00adver\u00adgess\u00adli\u00adche Mo\u00admen\u00adte und sinn\u00adstif\u00adten\u00adde Er\u00adleb\u00adnis\u00adse vol\u00adler Spa\u00df und Kreativit\u00e4t.<\/p>\n<p><!--[two_third]\n\n<p>Die Offenen Hilfen der Lebenshilfe Ha\u00dfberge e.V. und das Mehrgenerationenhaus Ha\u00dffurt setzen sich gemeinsam daf\u00fcr ein, dass ein Miteinander von Menschen mit und ohne Behinderung aktiv gelebt wird. Bei verschiedenen Projekten und Aktionen bekommen Menschen die M\u00f6glichkeit, sich zu begegnen und neue Erfahrungen zu sammeln. Denn: Verschiedenheit und Vielfalt sind eine Bereicherung f\u00fcr alle.<\/p>\n\n[\/two_third][one_third_last padding=\"0 0 0 20px\"]<img loading=\"lazy\" decoding=\"async\" src=\"https:\/\/www.mehrgenerationenhaus-hassfurt.de\/mgh\/wp-cnt\/uploads\/logo-offene-hilfen_260.jpg\" alt=\"Offene Hilfen der Lebenshilfe Ha\u00dfberge e.V.\" width=\"260\" height=\"160\" class=\"alignnone size-full wp-image-52162\" \/><\/div>\n\n[\/one_third_last]\n\nDas Angebot \u201e<strong>WIR BUNT GEMEINSAM<\/strong>\u201c ist ein Kreativangebot, zu dem Menschen aller Generationen mit und ohne Behinderung eingeladen sind, gemeinsam kreativ zu sein. Einfache k\u00fcnstlerische Aktionen stehen auf dem Programm: Es wird ausprobiert, mit verschiedenen Materialien experimentiert und geschaut, was passiert. K\u00fcnstlerinnen und K\u00fcnstler sowie kreative Menschen stehen den Teilnehmenden mit ihrer Fachkompetenz zur Seite und geben neue Impulse. In gem\u00fctlicher und herzlicher Atmosph\u00e4re im Caf\u00e9 Bistro \u201eOffener Treff\u201c werden beim gemeinsamen Malen und Interagieren mit viel Kreativit\u00e4t und Spa\u00df, Ber\u00fchrungs\u00e4ngste und Barrieren abgebaut.\n\nMit dem Angebot \u201e<strong>WIR BUNT GEMEINSAM<\/strong>\u201c wollen wir auf das Thema Inklusion aufmerksam machen und Menschen aller Generationen f\u00fcr das Thema sensibilisieren. F\u00fcr Menschen mit und ohne Behinderungen entstehen R\u00e4ume und positive Orte der Begegnung, wo alle als Teil der Gesellschaft zwanglos interagieren und am \u00f6ffentlichen Leben teilnehmen k\u00f6nnen, so wird soziale Teilhabe erlebt. Menschen aller Generationen mit und ohne Handicap erleben unvergessliche Momente und sinnstiftende Erlebnisse mit viel Spa\u00df und Kreativit\u00e4t. --><\/p>\n<div>\n<table>\n<tbody>\n<tr>\n<th align=\"left\" valign=\"top\">Wo<\/th>\n<td class=\"cellgray\">Mehr\u00adge\u00adne\u00adra\u00adtio\u00adnen\u00adhaus Ha\u00dffurt<br>\nBRK Kreis\u00adver\u00adband Ha\u00dfberge<br>\nMarkt\u00adplatz 10<br>\n97437 Ha\u00dffurt<\/td>\n<\/tr>\n<tr>\n<th align=\"left\" valign=\"top\">Wann<\/th>\n<td class=\"cellgray\">Ter\u00admi\u00adne auf Anfrage<\/td>\n<\/tr>\n<tr>\n<th align=\"left\" valign=\"top\">An\u00admel\u00addung\n<\/th><td class=\"cellgray\" align=\"left\" valign=\"top\" width=\"430\">Kei\u00adne An\u00admel\u00addung notwendig<\/td>\n<\/tr>\n<tr>\n<th align=\"left\" valign=\"top\">Kos\u00adten\n<\/th><td class=\"cellgray\" align=\"left\" valign=\"top\" width=\"430\">Kos\u00adten\u00adlos<\/td>\n<\/tr>\n<\/tbody>\n<\/table>\n<\/div>\n<p>&nbsp;<br>\n<strong>Links zum Thema:<\/strong><\/p>\n<ul style=\"list-style-type: '\u2192 &nbsp;';\">\n<li>Ver\u00adan\u00adstal\u00adtungs\u00adhin\u00adweis: <a href=\"https:\/\/www.mehrgenerationenhaus-hassfurt.de\/mgh\/wir-bunt-gemeinsam-im-mgh\/\">WIR \u2013 BUNT \u2013 GE\u00adMEIN\u00adSAM im Mehrgenerationenhaus<\/a><\/li>\n<li>Ver\u00adan\u00adstal\u00adtungs\u00adhin\u00adweis: <a href=\"https:\/\/www.mehrgenerationenhaus-hassfurt.de\/mgh\/kunterbunter-aktionstag-wir-bunt-gemeinsam\/\">Kun\u00adter\u00adbun\u00adter Ak\u00adti\u00adons\u00adtag: <span class=\"push-double\"><\/span>\u200b<span class=\"pull-double\">\u201e<\/span>WIR BUNT GEMEINSAM\u201c<\/a><\/li>\n<li>Pres\u00adse\u00adar\u00adti\u00adkel: <a href=\"https:\/\/www.mehrgenerationenhaus-hassfurt.de\/mgh\/aktionstag-gemeinsam-fuer-inklusion\/\">Ak\u00adti\u00adons\u00adtag WIR \u2013 BUNT \u2013 GE\u00adMEIN\u00adSAM f\u00fcr Inklusion<\/a><\/li>\n<li>Pres\u00adse\u00adar\u00adti\u00adkel: <a href=\"https:\/\/www.mehrgenerationenhaus-hassfurt.de\/mgh\/aktionstag-wir-bunt-gemeinsam-2013\/\">Ak\u00adti\u00adons\u00adtag WIR \u2013 BUNT \u2013 GE\u00adMEIN\u00adSAM&nbsp;2013<\/a><\/li>\n<li>Fo\u00adto\u00adstre\u00adcke: <a href=\"https:\/\/www.mehrgenerationenhaus-hassfurt.de\/mgh\/wir-bunt-gemeinsam\/\">WIR \u2013 BUNT \u2013 GEMEINSAM<\/a><\/li>\n<\/ul>\n","protected":false},"excerpt":{"rendered":"<p>Mit dem Krea\u00adtiv\u00adpro\u00adjekt \u200b\u201eWIR \u2013 BUNT \u2013 GE\u00adMEIN\u00adSAM\u201c wer\u00adden Men\u00adschen al\u00adler Ge\u00adne\u00adra\u00adtio\u00adnen mit und ohne Be\u00adhin\u00adde\u00adrung dazu ein\u00adge\u00adla\u00adden, ge\u00admein\u00adsam krea\u00adtiv zu sein. Im Mit\u00adtel\u00adpunkt ste\u00adhen k\u00fcnst\u00adle\u00adri\u00adsche Ak\u00adtio\u00adnen: Es wird ge\u00admalt, mit ver\u00adschie\u00adde\u00adnen Ma\u00adte\u00adria\u00adli\u00aden ex\u00adpe\u00adri\u00admen\u00adtiert und neue Tech\u00adni\u00adken wer\u00adden aus\u00adpro\u00adbiert. Beim ge\u00admein\u00adsa\u00admen krea\u00adti\u00adven Schaf\u00adfen wer\u00adden Hemm\u00adschwel\u00adlen und Vor\u00adur\u00adtei\u00adle ab\u00adge\u00adbaut und neue, po\u00adsi\u00adti\u00adve Er\u00adfah\u00adrun\u00adgen ge\u00adsam\u00admelt. Dar\u00ad\u00fcber hinaus&nbsp;<\/p>\n<p class=\"excerpt-link\"><a class=\"read-more\" href=\"https:\/\/www.mehrgenerationenhaus-hassfurt.de\/mgh\/angebote\/wir-bunt-gemeinsam\/\">Read More \u2192<\/a><\/p>\n","protected":false},"author":3,"featured_media":53931,"parent":219,"menu_order":0,"comment_status":"closed","ping_status":"closed","template":"","meta":{"inline_featured_image":false,"wp_typography_post_enhancements_disabled":false,"_mc_calendar":[],"footnotes":""},"class_list":["post-53925","page","type-page","status-publish","has-post-thumbnail","hentry"],"yoast_head":"<!-- This site is optimized with the Yoast SEO plugin v26.9 - https:\/\/yoast.com\/product\/yoast-seo-wordpress\/ -->\n<title>WIR BUNT GEMEINSAM | Mehrgenerationenhaus Ha\u00dffurt<\/title>\n<meta name=\"description\" content=\"WIR BUNT GEMEINSAM ist ein Kreativangebot, zu dem Menschen aller Generationen mit und ohne Behinderung eingeladen sind, gemeinsam kreativ...\" \/>\n<meta name=\"robots\" content=\"index, follow, max-snippet:-1, max-image-preview:large, max-video-preview:-1\" \/>\n<link rel=\"canonical\" href=\"https:\/\/www.mehrgenerationenhaus-hassfurt.de\/mgh\/angebote\/wir-bunt-gemeinsam\/\" \/>\n<meta property=\"og:locale\" content=\"de_DE\" \/>\n<meta property=\"og:type\" content=\"article\" \/>\n<meta property=\"og:title\" content=\"WIR BUNT GEMEINSAM | Mehrgenerationenhaus Ha\u00dffurt\" \/>\n<meta property=\"og:description\" content=\"WIR BUNT GEMEINSAM ist ein Kreativangebot, zu dem Menschen aller Generationen mit und ohne Behinderung eingeladen sind, gemeinsam kreativ...\" \/>\n<meta property=\"og:url\" content=\"https:\/\/www.mehrgenerationenhaus-hassfurt.de\/mgh\/angebote\/wir-bunt-gemeinsam\/\" \/>\n<meta property=\"og:site_name\" content=\"Mehrgenerationenhaus Ha\u00dffurt\" \/>\n<meta property=\"article:publisher\" content=\"https:\/\/de-de.facebook.com\/mehrgenerationenhausHAS\/\" \/>\n<meta property=\"article:modified_time\" content=\"2024-07-05T18:59:22+00:00\" \/>\n<meta property=\"og:image\" content=\"https:\/\/www.mehrgenerationenhaus-hassfurt.de\/mgh\/wp-cnt\/uploads\/wir-bunt-gemeinsam_c580.jpg\" \/>\n\t<meta property=\"og:image:width\" content=\"580\" \/>\n\t<meta property=\"og:image:height\" content=\"125\" \/>\n\t<meta property=\"og:image:type\" content=\"image\/jpeg\" \/>\n<!-- \/ Yoast SEO plugin. -->","yoast_head_json":{"title":"WIR BUNT GEMEINSAM | Mehrgenerationenhaus Ha\u00dffurt","description":"WIR BUNT GEMEINSAM ist ein Kreativangebot, zu dem Menschen aller Generationen mit und ohne Behinderung eingeladen sind, gemeinsam kreativ...","robots":{"index":"index","follow":"follow","max-snippet":"max-snippet:-1","max-image-preview":"max-image-preview:large","max-video-preview":"max-video-preview:-1"},"canonical":"https:\/\/www.mehrgenerationenhaus-hassfurt.de\/mgh\/angebote\/wir-bunt-gemeinsam\/","og_locale":"de_DE","og_type":"article","og_title":"WIR BUNT GEMEINSAM | Mehrgenerationenhaus Ha\u00dffurt","og_description":"WIR BUNT GEMEINSAM ist ein Kreativangebot, zu dem Menschen aller Generationen mit und ohne Behinderung eingeladen sind, gemeinsam kreativ...","og_url":"https:\/\/www.mehrgenerationenhaus-hassfurt.de\/mgh\/angebote\/wir-bunt-gemeinsam\/","og_site_name":"Mehrgenerationenhaus Ha\u00dffurt","article_publisher":"https:\/\/de-de.facebook.com\/mehrgenerationenhausHAS\/","article_modified_time":"2024-07-05T18:59:22+00:00","og_image":[{"width":580,"height":125,"url":"https:\/\/www.mehrgenerationenhaus-hassfurt.de\/mgh\/wp-cnt\/uploads\/wir-bunt-gemeinsam_c580.jpg","type":"image\/jpeg"}],"schema":{"@context":"https:\/\/schema.org","@graph":[{"@type":"WebPage","@id":"https:\/\/www.mehrgenerationenhaus-hassfurt.de\/mgh\/angebote\/wir-bunt-gemeinsam\/","url":"https:\/\/www.mehrgenerationenhaus-hassfurt.de\/mgh\/angebote\/wir-bunt-gemeinsam\/","name":"WIR BUNT GEMEINSAM | Mehrgenerationenhaus Ha\u00dffurt","isPartOf":{"@id":"https:\/\/www.mehrgenerationenhaus-hassfurt.de\/mgh\/#website"},"primaryImageOfPage":{"@id":"https:\/\/www.mehrgenerationenhaus-hassfurt.de\/mgh\/angebote\/wir-bunt-gemeinsam\/#primaryimage"},"image":{"@id":"https:\/\/www.mehrgenerationenhaus-hassfurt.de\/mgh\/angebote\/wir-bunt-gemeinsam\/#primaryimage"},"thumbnailUrl":"https:\/\/www.mehrgenerationenhaus-hassfurt.de\/mgh\/wp-cnt\/uploads\/wir-bunt-gemeinsam_c580.jpg","datePublished":"2024-05-13T10:26:43+00:00","dateModified":"2024-07-05T18:59:22+00:00","description":"WIR BUNT GEMEINSAM ist ein Kreativangebot, zu dem Menschen aller Generationen mit und ohne Behinderung eingeladen sind, gemeinsam kreativ...","breadcrumb":{"@id":"https:\/\/www.mehrgenerationenhaus-hassfurt.de\/mgh\/angebote\/wir-bunt-gemeinsam\/#breadcrumb"},"inLanguage":"de","potentialAction":[{"@type":"ReadAction","target":["https:\/\/www.mehrgenerationenhaus-hassfurt.de\/mgh\/angebote\/wir-bunt-gemeinsam\/"]}]},{"@type":"ImageObject","inLanguage":"de","@id":"https:\/\/www.mehrgenerationenhaus-hassfurt.de\/mgh\/angebote\/wir-bunt-gemeinsam\/#primaryimage","url":"https:\/\/www.mehrgenerationenhaus-hassfurt.de\/mgh\/wp-cnt\/uploads\/wir-bunt-gemeinsam_c580.jpg","contentUrl":"https:\/\/www.mehrgenerationenhaus-hassfurt.de\/mgh\/wp-cnt\/uploads\/wir-bunt-gemeinsam_c580.jpg","width":580,"height":125,"caption":"WIR BUNT GEMEINSAM"},{"@type":"BreadcrumbList","@id":"https:\/\/www.mehrgenerationenhaus-hassfurt.de\/mgh\/angebote\/wir-bunt-gemeinsam\/#breadcrumb","itemListElement":[{"@type":"ListItem","position":1,"name":"Startseite","item":"https:\/\/www.mehrgenerationenhaus-hassfurt.de\/mgh\/"},{"@type":"ListItem","position":2,"name":"Angebote und Dienstleistungen","item":"https:\/\/www.mehrgenerationenhaus-hassfurt.de\/mgh\/angebote\/"},{"@type":"ListItem","position":3,"name":"WIR BUNT GEMEINSAM"}]},{"@type":"WebSite","@id":"https:\/\/www.mehrgenerationenhaus-hassfurt.de\/mgh\/#website","url":"https:\/\/www.mehrgenerationenhaus-hassfurt.de\/mgh\/","name":"Mehrgenerationenhaus Ha\u00dffurt","description":"Mehrgenerationenhaus Ha\u00dffurt","publisher":{"@id":"https:\/\/www.mehrgenerationenhaus-hassfurt.de\/mgh\/#organization"},"potentialAction":[{"@type":"SearchAction","target":{"@type":"EntryPoint","urlTemplate":"https:\/\/www.mehrgenerationenhaus-hassfurt.de\/mgh\/?s={search_term_string}"},"query-input":{"@type":"PropertyValueSpecification","valueRequired":true,"valueName":"search_term_string"}}],"inLanguage":"de"},{"@type":"Organization","@id":"https:\/\/www.mehrgenerationenhaus-hassfurt.de\/mgh\/#organization","name":"Mehrgenerationenhaus Ha\u00dffurt","url":"https:\/\/www.mehrgenerationenhaus-hassfurt.de\/mgh\/","logo":{"@type":"ImageObject","inLanguage":"de","@id":"https:\/\/www.mehrgenerationenhaus-hassfurt.de\/mgh\/#\/schema\/logo\/image\/","url":"https:\/\/www.mehrgenerationenhaus-hassfurt.de\/mgh\/wp-cnt\/uploads\/MGH_Logo_2020_hassfurt-scaled.jpg","contentUrl":"https:\/\/www.mehrgenerationenhaus-hassfurt.de\/mgh\/wp-cnt\/uploads\/MGH_Logo_2020_hassfurt-scaled.jpg","width":2560,"height":1162,"caption":"Mehrgenerationenhaus Ha\u00dffurt"},"image":{"@id":"https:\/\/www.mehrgenerationenhaus-hassfurt.de\/mgh\/#\/schema\/logo\/image\/"},"sameAs":["https:\/\/de-de.facebook.com\/mehrgenerationenhausHAS\/"]}]}},"publishpress_future_workflow_manual_trigger":{"enabledWorkflows":[]},"_links":{"self":[{"href":"https:\/\/www.mehrgenerationenhaus-hassfurt.de\/mgh\/wp-json\/wp\/v2\/pages\/53925","targetHints":{"allow":["GET"]}}],"collection":[{"href":"https:\/\/www.mehrgenerationenhaus-hassfurt.de\/mgh\/wp-json\/wp\/v2\/pages"}],"about":[{"href":"https:\/\/www.mehrgenerationenhaus-hassfurt.de\/mgh\/wp-json\/wp\/v2\/types\/page"}],"author":[{"embeddable":true,"href":"https:\/\/www.mehrgenerationenhaus-hassfurt.de\/mgh\/wp-json\/wp\/v2\/users\/3"}],"replies":[{"embeddable":true,"href":"https:\/\/www.mehrgenerationenhaus-hassfurt.de\/mgh\/wp-json\/wp\/v2\/comments?post=53925"}],"version-history":[{"count":0,"href":"https:\/\/www.mehrgenerationenhaus-hassfurt.de\/mgh\/wp-json\/wp\/v2\/pages\/53925\/revisions"}],"up":[{"embeddable":true,"href":"https:\/\/www.mehrgenerationenhaus-hassfurt.de\/mgh\/wp-json\/wp\/v2\/pages\/219"}],"wp:featuredmedia":[{"embeddable":true,"href":"https:\/\/www.mehrgenerationenhaus-hassfurt.de\/mgh\/wp-json\/wp\/v2\/media\/53931"}],"wp:attachment":[{"href":"https:\/\/www.mehrgenerationenhaus-hassfurt.de\/mgh\/wp-json\/wp\/v2\/media?parent=53925"}],"curies":[{"name":"wp","href":"https:\/\/api.w.org\/{rel}","templated":true}]}}