{"id":548,"date":"2012-01-03T00:35:29","date_gmt":"2012-01-02T23:35:29","guid":{"rendered":"http:\/\/wp10664415.wp039.webpack.hosteurope.de\/wp\/?page_id=548"},"modified":"2025-01-27T21:01:24","modified_gmt":"2025-01-27T20:01:24","slug":"inklusive-kunstwerkstatt-malen-verbindet","status":"publish","type":"page","link":"https:\/\/www.mehrgenerationenhaus-hassfurt.de\/mgh\/angebote\/inklusive-kunstwerkstatt-malen-verbindet\/","title":{"rendered":"Inklusive Kunstwerkstatt \u2013 Malen verbindet"},"content":{"rendered":"<p><img loading=\"lazy\" decoding=\"async\" src=\"https:\/\/www.mehrgenerationenhaus-hassfurt.de\/mgh\/wp-cnt\/uploads\/wir_trauen_uns_c580.jpg\" alt=\"Inklusive Kunstwerkstatt \u2013 Malen verbindet\" width=\"580\" height=\"125\" class=\"alignnone size-full wp-image-50847\" srcset=\"https:\/\/www.mehrgenerationenhaus-hassfurt.de\/mgh\/wp-cnt\/uploads\/wir_trauen_uns_c580.jpg 580w, https:\/\/www.mehrgenerationenhaus-hassfurt.de\/mgh\/wp-cnt\/uploads\/wir_trauen_uns_c580-300x65.jpg 300w\" sizes=\"auto, (max-width: 580px) 100vw, 580px\"><\/p>\n<p>Zur in\u00adklu\u00adsi\u00adven Kunst\u00adwerk\u00adstatt wer\u00adden B\u00fcr\u00adge\u00adrin\u00adnen und B\u00fcr\u00adger aus Stadt und Land\u00adkreis ein\u00adge\u00adla\u00adden, mit Men\u00adschen mit Han\u00addi\u00adcap k\u00fcnst\u00adle\u00adrisch zusammenzuarbeiten.<\/p>\n<p>Das An\u00adge\u00adbot mit der K\u00fcnst\u00adle\u00adrin Han\u00adne\u00adlo\u00adre Hei\u00adder m\u00f6ch\u00adte dazu an\u00adre\u00adgen, in der Ma\u00adle\u00adrei et\u00adwas aus\u00adzu\u00adpro\u00adbie\u00adren, mit ver\u00adschie\u00adde\u00adnen Ma\u00adte\u00adria\u00adli\u00aden zu ar\u00adbei\u00adten und zu be\u00adob\u00adach\u00adten, was pas\u00adsiert. Lei\u00adse Mu\u00adsik soll da\u00adbei me\u00addi\u00adta\u00adtiv wir\u00adken und die Krea\u00adti\u00advi\u00adt\u00e4t so\u00adwie den ma\u00adle\u00adri\u00adschen Pro\u00adzess unterst\u00fctzen.<\/p>\n<div>\n<table>\n<tbody>\n<tr>\n<th align=\"left\" valign=\"top\">Wo<\/th>\n<td class=\"cellgray\">Mehr\u00adge\u00adne\u00adra\u00adtio\u00adnen\u00adhaus Ha\u00dffurt<br>\nBRK Kreis\u00adver\u00adband Ha\u00dfberge<br>\nKunst- und Kul\u00adtur\u00adwerk\u00adstatt im Dachgeschoss<br>\nMarkt\u00adplatz 10<br>\n97437 Ha\u00dffurt<\/td>\n<\/tr>\n<tr>\n<th align=\"left\" valign=\"top\">Wann<\/th>\n<td class=\"cellgray\">Ter\u00admi\u00adne auf Anfrage;<br>\nDiens\u00adtag 18:30 \u2013 20:30 Uhr<\/td>\n<\/tr>\n<tr>\n<th align=\"left\" valign=\"top\">Kos\u00adten\n<\/th><td class=\"cellgray\" align=\"left\" valign=\"top\" width=\"430\">kos\u00adten\u00adlos<\/td>\n<\/tr>\n<tr>\n<th align=\"left\" valign=\"top\">An\u00admel\u00addung\n<\/th><td class=\"cellgray\" align=\"left\" valign=\"top\" width=\"430\">Mehr\u00adge\u00adne\u00adra\u00adtio\u00adnen\u00adhaus Ha\u00dffurt<br>\nMarkt\u00adplatz 10<br>\n97437 Ha\u00dffurt<br>\nTel. 09521\u2013952825 0<br>\nFax 09521\u2013952825\u201320<br>\nMail: <a href=\"https:\/\/www.mehrgenerationenhaus-hassfurt.de\/mgh\/kontaktformular\/\">mghhassfurt.kv-has@brk.de <\/a>\n<\/td>\n<\/tr>\n<\/tbody>\n<\/table>\n<\/div>\n","protected":false},"excerpt":{"rendered":"<p>Zur in\u00adklu\u00adsi\u00adven Kunst\u00adwerk\u00adstatt wer\u00adden B\u00fcr\u00adge\u00adrin\u00adnen und B\u00fcr\u00adger aus Stadt und Land\u00adkreis ein\u00adge\u00adla\u00adden, mit Men\u00adschen mit Han\u00addi\u00adcap k\u00fcnst\u00adle\u00adrisch zu\u00adsam\u00admen\u00adzu\u00adar\u00adbei\u00adten. Das An\u00adge\u00adbot mit der K\u00fcnst\u00adle\u00adrin Han\u00adne\u00adlo\u00adre Hei\u00adder m\u00f6ch\u00adte dazu an\u00adre\u00adgen, in der Ma\u00adle\u00adrei et\u00adwas aus\u00adzu\u00adpro\u00adbie\u00adren, mit ver\u00adschie\u00adde\u00adnen Ma\u00adte\u00adria\u00adli\u00aden zu ar\u00adbei\u00adten und zu be\u00adob\u00adach\u00adten, was pas\u00adsiert. Lei\u00adse Mu\u00adsik soll da\u00adbei me\u00addi\u00adta\u00adtiv wir\u00adken und die Krea\u00adti\u00advi\u00adt\u00e4t so\u00adwie den malerischen&nbsp;<\/p>\n<p class=\"excerpt-link\"><a class=\"read-more\" href=\"https:\/\/www.mehrgenerationenhaus-hassfurt.de\/mgh\/angebote\/inklusive-kunstwerkstatt-malen-verbindet\/\">Read More \u2192<\/a><\/p>\n","protected":false},"author":3,"featured_media":6669,"parent":219,"menu_order":0,"comment_status":"closed","ping_status":"closed","template":"","meta":{"inline_featured_image":false,"wp_typography_post_enhancements_disabled":false,"_mc_calendar":[],"footnotes":""},"class_list":["post-548","page","type-page","status-publish","has-post-thumbnail","hentry"],"yoast_head":"<!-- This site is optimized with the Yoast SEO plugin v27.3 - https:\/\/yoast.com\/product\/yoast-seo-wordpress\/ -->\n<title>Inklusive Kunstwerkstatt \u2013 Malen verbindet | MGH Ha\u00dffurt<\/title>\n<meta name=\"description\" content=\"Inklusive Kunstwerkstatt . B\u00fcrgerinnen und B\u00fcrger sind eingeladen, mit Menschen mit Handicap k\u00fcnstlerisch t\u00e4tig zu sein\" \/>\n<meta name=\"robots\" content=\"index, follow, max-snippet:-1, max-image-preview:large, max-video-preview:-1\" \/>\n<link rel=\"canonical\" href=\"https:\/\/www.mehrgenerationenhaus-hassfurt.de\/mgh\/angebote\/inklusive-kunstwerkstatt-malen-verbindet\/\" \/>\n<meta property=\"og:locale\" content=\"de_DE\" \/>\n<meta property=\"og:type\" content=\"article\" \/>\n<meta property=\"og:title\" content=\"Inklusive Kunstwerkstatt \u2013 Malen verbindet | MGH Ha\u00dffurt\" \/>\n<meta property=\"og:description\" content=\"Inklusive Kunstwerkstatt . B\u00fcrgerinnen und B\u00fcrger sind eingeladen, mit Menschen mit Handicap k\u00fcnstlerisch t\u00e4tig zu sein\" \/>\n<meta property=\"og:url\" content=\"https:\/\/www.mehrgenerationenhaus-hassfurt.de\/mgh\/angebote\/inklusive-kunstwerkstatt-malen-verbindet\/\" \/>\n<meta property=\"og:site_name\" content=\"Mehrgenerationenhaus Ha\u00dffurt\" \/>\n<meta property=\"article:publisher\" content=\"https:\/\/de-de.facebook.com\/mehrgenerationenhausHAS\/\" \/>\n<meta property=\"article:modified_time\" content=\"2025-01-27T20:01:24+00:00\" \/>\n<!-- \/ Yoast SEO plugin. -->","yoast_head_json":{"title":"Inklusive Kunstwerkstatt \u2013 Malen verbindet | MGH Ha\u00dffurt","description":"Inklusive Kunstwerkstatt . B\u00fcrgerinnen und B\u00fcrger sind eingeladen, mit Menschen mit Handicap k\u00fcnstlerisch t\u00e4tig zu sein","robots":{"index":"index","follow":"follow","max-snippet":"max-snippet:-1","max-image-preview":"max-image-preview:large","max-video-preview":"max-video-preview:-1"},"canonical":"https:\/\/www.mehrgenerationenhaus-hassfurt.de\/mgh\/angebote\/inklusive-kunstwerkstatt-malen-verbindet\/","og_locale":"de_DE","og_type":"article","og_title":"Inklusive Kunstwerkstatt \u2013 Malen verbindet | MGH Ha\u00dffurt","og_description":"Inklusive Kunstwerkstatt . B\u00fcrgerinnen und B\u00fcrger sind eingeladen, mit Menschen mit Handicap k\u00fcnstlerisch t\u00e4tig zu sein","og_url":"https:\/\/www.mehrgenerationenhaus-hassfurt.de\/mgh\/angebote\/inklusive-kunstwerkstatt-malen-verbindet\/","og_site_name":"Mehrgenerationenhaus Ha\u00dffurt","article_publisher":"https:\/\/de-de.facebook.com\/mehrgenerationenhausHAS\/","article_modified_time":"2025-01-27T20:01:24+00:00","schema":{"@context":"https:\/\/schema.org","@graph":[{"@type":"WebPage","@id":"https:\/\/www.mehrgenerationenhaus-hassfurt.de\/mgh\/angebote\/inklusive-kunstwerkstatt-malen-verbindet\/","url":"https:\/\/www.mehrgenerationenhaus-hassfurt.de\/mgh\/angebote\/inklusive-kunstwerkstatt-malen-verbindet\/","name":"Inklusive Kunstwerkstatt \u2013 Malen verbindet | MGH Ha\u00dffurt","isPartOf":{"@id":"https:\/\/www.mehrgenerationenhaus-hassfurt.de\/mgh\/#website"},"primaryImageOfPage":{"@id":"https:\/\/www.mehrgenerationenhaus-hassfurt.de\/mgh\/angebote\/inklusive-kunstwerkstatt-malen-verbindet\/#primaryimage"},"image":{"@id":"https:\/\/www.mehrgenerationenhaus-hassfurt.de\/mgh\/angebote\/inklusive-kunstwerkstatt-malen-verbindet\/#primaryimage"},"thumbnailUrl":"","datePublished":"2012-01-02T23:35:29+00:00","dateModified":"2025-01-27T20:01:24+00:00","description":"Inklusive Kunstwerkstatt . B\u00fcrgerinnen und B\u00fcrger sind eingeladen, mit Menschen mit Handicap k\u00fcnstlerisch t\u00e4tig zu sein","breadcrumb":{"@id":"https:\/\/www.mehrgenerationenhaus-hassfurt.de\/mgh\/angebote\/inklusive-kunstwerkstatt-malen-verbindet\/#breadcrumb"},"inLanguage":"de","potentialAction":[{"@type":"ReadAction","target":["https:\/\/www.mehrgenerationenhaus-hassfurt.de\/mgh\/angebote\/inklusive-kunstwerkstatt-malen-verbindet\/"]}]},{"@type":"ImageObject","inLanguage":"de","@id":"https:\/\/www.mehrgenerationenhaus-hassfurt.de\/mgh\/angebote\/inklusive-kunstwerkstatt-malen-verbindet\/#primaryimage","url":"","contentUrl":""},{"@type":"BreadcrumbList","@id":"https:\/\/www.mehrgenerationenhaus-hassfurt.de\/mgh\/angebote\/inklusive-kunstwerkstatt-malen-verbindet\/#breadcrumb","itemListElement":[{"@type":"ListItem","position":1,"name":"Startseite","item":"https:\/\/www.mehrgenerationenhaus-hassfurt.de\/mgh\/"},{"@type":"ListItem","position":2,"name":"Angebote und Dienstleistungen","item":"https:\/\/www.mehrgenerationenhaus-hassfurt.de\/mgh\/angebote\/"},{"@type":"ListItem","position":3,"name":"Inklusive Kunstwerkstatt \u2013 Malen verbindet"}]},{"@type":"WebSite","@id":"https:\/\/www.mehrgenerationenhaus-hassfurt.de\/mgh\/#website","url":"https:\/\/www.mehrgenerationenhaus-hassfurt.de\/mgh\/","name":"Mehrgenerationenhaus Ha\u00dffurt","description":"Mehrgenerationenhaus Ha\u00dffurt","publisher":{"@id":"https:\/\/www.mehrgenerationenhaus-hassfurt.de\/mgh\/#organization"},"potentialAction":[{"@type":"SearchAction","target":{"@type":"EntryPoint","urlTemplate":"https:\/\/www.mehrgenerationenhaus-hassfurt.de\/mgh\/?s={search_term_string}"},"query-input":{"@type":"PropertyValueSpecification","valueRequired":true,"valueName":"search_term_string"}}],"inLanguage":"de"},{"@type":"Organization","@id":"https:\/\/www.mehrgenerationenhaus-hassfurt.de\/mgh\/#organization","name":"Mehrgenerationenhaus Ha\u00dffurt","url":"https:\/\/www.mehrgenerationenhaus-hassfurt.de\/mgh\/","logo":{"@type":"ImageObject","inLanguage":"de","@id":"https:\/\/www.mehrgenerationenhaus-hassfurt.de\/mgh\/#\/schema\/logo\/image\/","url":"https:\/\/www.mehrgenerationenhaus-hassfurt.de\/mgh\/wp-cnt\/uploads\/MGH_Logo_2020_hassfurt-scaled.jpg","contentUrl":"https:\/\/www.mehrgenerationenhaus-hassfurt.de\/mgh\/wp-cnt\/uploads\/MGH_Logo_2020_hassfurt-scaled.jpg","width":2560,"height":1162,"caption":"Mehrgenerationenhaus Ha\u00dffurt"},"image":{"@id":"https:\/\/www.mehrgenerationenhaus-hassfurt.de\/mgh\/#\/schema\/logo\/image\/"},"sameAs":["https:\/\/de-de.facebook.com\/mehrgenerationenhausHAS\/"]}]}},"publishpress_future_workflow_manual_trigger":{"enabledWorkflows":[]},"_links":{"self":[{"href":"https:\/\/www.mehrgenerationenhaus-hassfurt.de\/mgh\/wp-json\/wp\/v2\/pages\/548","targetHints":{"allow":["GET"]}}],"collection":[{"href":"https:\/\/www.mehrgenerationenhaus-hassfurt.de\/mgh\/wp-json\/wp\/v2\/pages"}],"about":[{"href":"https:\/\/www.mehrgenerationenhaus-hassfurt.de\/mgh\/wp-json\/wp\/v2\/types\/page"}],"author":[{"embeddable":true,"href":"https:\/\/www.mehrgenerationenhaus-hassfurt.de\/mgh\/wp-json\/wp\/v2\/users\/3"}],"replies":[{"embeddable":true,"href":"https:\/\/www.mehrgenerationenhaus-hassfurt.de\/mgh\/wp-json\/wp\/v2\/comments?post=548"}],"version-history":[{"count":0,"href":"https:\/\/www.mehrgenerationenhaus-hassfurt.de\/mgh\/wp-json\/wp\/v2\/pages\/548\/revisions"}],"up":[{"embeddable":true,"href":"https:\/\/www.mehrgenerationenhaus-hassfurt.de\/mgh\/wp-json\/wp\/v2\/pages\/219"}],"wp:featuredmedia":[{"embeddable":true,"href":"https:\/\/www.mehrgenerationenhaus-hassfurt.de\/mgh\/wp-json\/"}],"wp:attachment":[{"href":"https:\/\/www.mehrgenerationenhaus-hassfurt.de\/mgh\/wp-json\/wp\/v2\/media?parent=548"}],"curies":[{"name":"wp","href":"https:\/\/api.w.org\/{rel}","templated":true}]}}