{"id":56090,"date":"2026-01-29T17:51:45","date_gmt":"2026-01-29T16:51:45","guid":{"rendered":"https:\/\/www.mehrgenerationenhaus-hassfurt.de\/mgh\/?page_id=56090"},"modified":"2026-01-29T17:55:19","modified_gmt":"2026-01-29T16:55:19","slug":"familienpatenschaften","status":"publish","type":"page","link":"https:\/\/www.mehrgenerationenhaus-hassfurt.de\/mgh\/angebote\/familienpatenschaften\/","title":{"rendered":"Familienpatenschaften \u2013"},"content":{"rendered":"<h2><span class=\"dquo\">\u201e<\/span>Engagement macht stark!\u201c<\/h2>\n<p><img loading=\"lazy\" decoding=\"async\" src=\"https:\/\/www.mehrgenerationenhaus-hassfurt.de\/mgh\/wp-cnt\/uploads\/familienpat2026_c580.jpg\" alt=\"Familienpatenschaften\" width=\"580\" height=\"125\" class=\"alignnone size-full wp-image-56096\" srcset=\"https:\/\/www.mehrgenerationenhaus-hassfurt.de\/mgh\/wp-cnt\/uploads\/familienpat2026_c580.jpg 580w, https:\/\/www.mehrgenerationenhaus-hassfurt.de\/mgh\/wp-cnt\/uploads\/familienpat2026_c580-300x65.jpg 300w\" sizes=\"auto, (max-width: 580px) 100vw, 580px\"><\/p>\n<p>Fa\u00admi\u00adli\u00aden ste\u00adhen im All\u00adtag oft vor gro\u00ad\u00dfen Her\u00adaus\u00adfor\u00adde\u00adrun\u00adgen. Viel\u00adf\u00e4l\u00adti\u00adge An\u00adfor\u00adde\u00adrun\u00adgen in Schu\u00adle, Aus\u00adbil\u00addung und Be\u00adruf, ver\u00ad\u00e4n\u00adder\u00adte Le\u00adbens\u00adbe\u00addin\u00adgun\u00adgen oder feh\u00adlen\u00adder fa\u00admi\u00adli\u00e4\u00adrer R\u00fcck\u00adhalt k\u00f6n\u00adnen den Zu\u00adgang zu Bil\u00addung und Un\u00adter\u00adst\u00fct\u00adzung er\u00adschwe\u00adren. Be\u00adson\u00adders Fa\u00admi\u00adli\u00aden mit Mi\u00adgra\u00adti\u00adons\u00adge\u00adschich\u00adte oder Flucht\u00ader\u00adfah\u00adrung sind da\u00advon betroffen.<\/p>\n<p>Hier set\u00adzen die Fa\u00admi\u00adli\u00aden\u00adpa\u00adten\u00adschaf\u00adten des Mehr\u00adge\u00adne\u00adra\u00adtio\u00adnen\u00adhau\u00adses Ha\u00df\u00adfurt an. Eh\u00adren\u00adamt\u00adli\u00adche Pa\u00adtin\u00adnen und Pa\u00adten be\u00adglei\u00adten eine Fa\u00admi\u00adlie oder ein\u00adzel\u00adne Fa\u00admi\u00adli\u00aden\u00admit\u00adglie\u00adder \u00fcber ei\u00adnen l\u00e4n\u00adge\u00adren Zeit\u00adraum. Sie un\u00adter\u00adst\u00fct\u00adzen im All\u00adtag, ste\u00adhen bei schu\u00adli\u00adschen oder be\u00adruf\u00adli\u00adchen Fra\u00adgen zur Sei\u00adte und hel\u00adfen da\u00adbei, die Teil\u00adha\u00adbe am ge\u00adsell\u00adschaft\u00adli\u00adchen Le\u00adben zu erleichtern.<\/p>\n<p>Ziel der Pa\u00adten\u00adschaf\u00adten ist es, Fa\u00admi\u00adli\u00aden zu st\u00e4r\u00adken, Ori\u00aden\u00adtie\u00adrung zu ge\u00adben und ein wert\u00adsch\u00e4t\u00adzen\u00addes Mit\u00adein\u00adan\u00adder zu f\u00f6r\u00addern. Die Be\u00adglei\u00adtung ist in\u00addi\u00advi\u00addu\u00adell und ori\u00aden\u00adtiert sich an den Be\u00add\u00fcrf\u00adnis\u00adsen der je\u00adwei\u00adli\u00adgen Familie.<\/p>\n<p>Vie\u00adle Pa\u00adten\u00adschaf\u00adten ent\u00adste\u00adhen durch per\u00ads\u00f6n\u00adli\u00adche Be\u00adgeg\u00adnun\u00adgen, zum Bei\u00adspiel in den An\u00adge\u00adbo\u00adten des ESF-Plus Pro\u00adgramm <span class=\"push-double\"><\/span>\u200b<span class=\"pull-double\">\u201e<\/span>Eltern\u00adChan\u00adceN\u201c, im MGH-Sprach\u00adca\u00adf\u00e9 oder im Baby- und Klein\u00adkind\u00adtreff. In ei\u00adnem an\u00adschlie\u00ad\u00dfen\u00adden Erst\u00adge\u00adspr\u00e4ch wird ein ge\u00adsch\u00fctz\u00adter Rah\u00admen f\u00fcr die Pa\u00adten\u00adschaft geschaffen.<\/p>\n<p>Durch die kon\u00adti\u00adnu\u00adier\u00adli\u00adche Be\u00adglei\u00adtung ent\u00adste\u00adhen Ver\u00adtrau\u00aden, Zu\u00adsam\u00admen\u00adhalt und trag\u00adf\u00e4\u00adhi\u00adge Be\u00adzie\u00adhun\u00adgen. Fa\u00admi\u00adli\u00aden er\u00adhal\u00adten kon\u00adkre\u00adte Un\u00adter\u00adst\u00fct\u00adzung im All\u00adtag, ent\u00adde\u00adcken neue M\u00f6g\u00adlich\u00adkei\u00adten im So\u00adzi\u00adal\u00adraum und er\u00adle\u00adben ein ge\u00adleb\u00adtes Miteinander.<\/p>\n<p>Sie m\u00f6ch\u00adten Fa\u00admi\u00adli\u00aden\u00adpa\u00adte oder Fa\u00admi\u00adli\u00aden\u00adpa\u00adtin wer\u00adden und Fa\u00admi\u00adli\u00aden im All\u00adtag be\u00adglei\u00adten? Dann neh\u00admen Sie ger\u00adne Kon\u00adtakt mit uns&nbsp;auf.<\/p>\n<div>\n<table>\n<tbody>\n<tr>\n<th align=\"left\" valign=\"top\">Wo<\/th>\n<td class=\"cellgray\">Mehr\u00adge\u00adne\u00adra\u00adtio\u00adnen\u00adhaus Ha\u00dffurt<br>\nBRK Kreis\u00adver\u00adband Ha\u00dfberge<br>\nMarkt\u00adplatz 10<br>\n97437 Ha\u00dffurt<\/td>\n<\/tr>\n<tr>\n<th align=\"left\" valign=\"top\">Wann<\/th>\n<td class=\"cellgray\">Nach Ver\u00adein\u00adba\u00adrung<\/td>\n<\/tr>\n<tr>\n<th align=\"left\" valign=\"top\">Kon\u00adtakt\n<\/th><td class=\"cellgray\" align=\"left\" valign=\"top\" width=\"430\">Er\u00adfah\u00adren Sie mehr \u00fcber das Angebot:<br>\nTe\u00adle\u00adfon: 09521\u2013952825\u20110<br>\nE\u2011Mail: <a href=\"https:\/\/www.mehrgenerationenhaus-hassfurt.de\/mgh\/kontaktformular\/\">mghhassfurt.kv-has@brk.de <\/a>\n<\/td>\n<\/tr>\n<\/tbody>\n<\/table>\n<\/div>\n<hr>\n<p><strong>Links zum Thema:&nbsp;<\/strong><\/p>\n<ul style=\"list-style-type: '\u2192 &nbsp;';\">\n<li>Pro\u00adgramm\u00advor\u00adstel\u00adlung: <a href=\"https:\/\/www.mehrgenerationenhaus-hassfurt.de\/mgh\/elternchancen\/\">Eltern\u00adChan\u00adceN<\/a><\/li>\n<\/ul>\n","protected":false},"excerpt":{"rendered":"<p><span class=\"dquo\">\u201e<\/span>En\u00adga\u00adge\u00adment macht stark!\u201c Fa\u00admi\u00adli\u00aden ste\u00adhen im All\u00adtag oft vor gro\u00ad\u00dfen Her\u00adaus\u00adfor\u00adde\u00adrun\u00adgen. Viel\u00adf\u00e4l\u00adti\u00adge An\u00adfor\u00adde\u00adrun\u00adgen in Schu\u00adle, Aus\u00adbil\u00addung und Be\u00adruf, ver\u00ad\u00e4n\u00adder\u00adte Le\u00adbens\u00adbe\u00addin\u00adgun\u00adgen oder feh\u00adlen\u00adder fa\u00admi\u00adli\u00e4\u00adrer R\u00fcck\u00adhalt k\u00f6n\u00adnen den Zu\u00adgang zu Bil\u00addung und Un\u00adter\u00adst\u00fct\u00adzung er\u00adschwe\u00adren. Be\u00adson\u00adders Fa\u00admi\u00adli\u00aden mit Mi\u00adgra\u00adti\u00adons\u00adge\u00adschich\u00adte oder Flucht\u00ader\u00adfah\u00adrung sind da\u00advon be\u00adtrof\u00adfen. Hier set\u00adzen die Fa\u00admi\u00adli\u00aden\u00adpa\u00adten\u00adschaf\u00adten des Mehr\u00adge\u00adne\u00adra\u00adtio\u00adnen\u00adhau\u00adses Ha\u00df\u00adfurt an. Eh\u00adren\u00adamt\u00adli\u00adche Pa\u00adtin\u00adnen und Pa\u00adten be\u00adglei\u00adten&nbsp;eine&nbsp;<\/p>\n<p class=\"excerpt-link\"><a class=\"read-more\" href=\"https:\/\/www.mehrgenerationenhaus-hassfurt.de\/mgh\/angebote\/familienpatenschaften\/\">Read More \u2192<\/a><\/p>\n","protected":false},"author":3,"featured_media":1344,"parent":219,"menu_order":0,"comment_status":"closed","ping_status":"closed","template":"","meta":{"inline_featured_image":false,"wp_typography_post_enhancements_disabled":false,"_mc_calendar":[],"footnotes":""},"class_list":["post-56090","page","type-page","status-publish","has-post-thumbnail","hentry"],"yoast_head":"<!-- This site is optimized with the Yoast SEO plugin v27.3 - https:\/\/yoast.com\/product\/yoast-seo-wordpress\/ -->\n<title>Familienpatenschaften &ndash; | MGH Ha\u00dffurt<\/title>\n<meta name=\"description\" content=\"Familienpatenschaften: Ziel ist es, Familien zu st\u00e4rken, Orientierung zu geben und ein wertsch\u00e4tzendes Miteinander zu f\u00f6rdern.\" \/>\n<meta name=\"robots\" content=\"index, follow, max-snippet:-1, max-image-preview:large, max-video-preview:-1\" \/>\n<link rel=\"canonical\" href=\"https:\/\/www.mehrgenerationenhaus-hassfurt.de\/mgh\/angebote\/familienpatenschaften\/\" \/>\n<meta property=\"og:locale\" content=\"de_DE\" \/>\n<meta property=\"og:type\" content=\"article\" \/>\n<meta property=\"og:title\" content=\"Familienpatenschaften &ndash; | MGH Ha\u00dffurt\" \/>\n<meta property=\"og:description\" content=\"Familienpatenschaften: Ziel ist es, Familien zu st\u00e4rken, Orientierung zu geben und ein wertsch\u00e4tzendes Miteinander zu f\u00f6rdern.\" \/>\n<meta property=\"og:url\" content=\"https:\/\/www.mehrgenerationenhaus-hassfurt.de\/mgh\/angebote\/familienpatenschaften\/\" \/>\n<meta property=\"og:site_name\" content=\"Mehrgenerationenhaus Ha\u00dffurt\" \/>\n<meta property=\"article:publisher\" content=\"https:\/\/de-de.facebook.com\/mehrgenerationenhausHAS\/\" \/>\n<meta property=\"article:modified_time\" content=\"2026-01-29T16:55:19+00:00\" \/>\n<!-- \/ Yoast SEO plugin. -->","yoast_head_json":{"title":"Familienpatenschaften &ndash; | MGH Ha\u00dffurt","description":"Familienpatenschaften: Ziel ist es, Familien zu st\u00e4rken, Orientierung zu geben und ein wertsch\u00e4tzendes Miteinander zu f\u00f6rdern.","robots":{"index":"index","follow":"follow","max-snippet":"max-snippet:-1","max-image-preview":"max-image-preview:large","max-video-preview":"max-video-preview:-1"},"canonical":"https:\/\/www.mehrgenerationenhaus-hassfurt.de\/mgh\/angebote\/familienpatenschaften\/","og_locale":"de_DE","og_type":"article","og_title":"Familienpatenschaften &ndash; | MGH Ha\u00dffurt","og_description":"Familienpatenschaften: Ziel ist es, Familien zu st\u00e4rken, Orientierung zu geben und ein wertsch\u00e4tzendes Miteinander zu f\u00f6rdern.","og_url":"https:\/\/www.mehrgenerationenhaus-hassfurt.de\/mgh\/angebote\/familienpatenschaften\/","og_site_name":"Mehrgenerationenhaus Ha\u00dffurt","article_publisher":"https:\/\/de-de.facebook.com\/mehrgenerationenhausHAS\/","article_modified_time":"2026-01-29T16:55:19+00:00","schema":{"@context":"https:\/\/schema.org","@graph":[{"@type":"WebPage","@id":"https:\/\/www.mehrgenerationenhaus-hassfurt.de\/mgh\/angebote\/familienpatenschaften\/","url":"https:\/\/www.mehrgenerationenhaus-hassfurt.de\/mgh\/angebote\/familienpatenschaften\/","name":"Familienpatenschaften &ndash; | MGH Ha\u00dffurt","isPartOf":{"@id":"https:\/\/www.mehrgenerationenhaus-hassfurt.de\/mgh\/#website"},"primaryImageOfPage":{"@id":"https:\/\/www.mehrgenerationenhaus-hassfurt.de\/mgh\/angebote\/familienpatenschaften\/#primaryimage"},"image":{"@id":"https:\/\/www.mehrgenerationenhaus-hassfurt.de\/mgh\/angebote\/familienpatenschaften\/#primaryimage"},"thumbnailUrl":"","datePublished":"2026-01-29T16:51:45+00:00","dateModified":"2026-01-29T16:55:19+00:00","description":"Familienpatenschaften: Ziel ist es, Familien zu st\u00e4rken, Orientierung zu geben und ein wertsch\u00e4tzendes Miteinander zu f\u00f6rdern.","breadcrumb":{"@id":"https:\/\/www.mehrgenerationenhaus-hassfurt.de\/mgh\/angebote\/familienpatenschaften\/#breadcrumb"},"inLanguage":"de","potentialAction":[{"@type":"ReadAction","target":["https:\/\/www.mehrgenerationenhaus-hassfurt.de\/mgh\/angebote\/familienpatenschaften\/"]}]},{"@type":"ImageObject","inLanguage":"de","@id":"https:\/\/www.mehrgenerationenhaus-hassfurt.de\/mgh\/angebote\/familienpatenschaften\/#primaryimage","url":"","contentUrl":""},{"@type":"BreadcrumbList","@id":"https:\/\/www.mehrgenerationenhaus-hassfurt.de\/mgh\/angebote\/familienpatenschaften\/#breadcrumb","itemListElement":[{"@type":"ListItem","position":1,"name":"Startseite","item":"https:\/\/www.mehrgenerationenhaus-hassfurt.de\/mgh\/"},{"@type":"ListItem","position":2,"name":"Angebote und Dienstleistungen","item":"https:\/\/www.mehrgenerationenhaus-hassfurt.de\/mgh\/angebote\/"},{"@type":"ListItem","position":3,"name":"Familienpatenschaften &ndash;"}]},{"@type":"WebSite","@id":"https:\/\/www.mehrgenerationenhaus-hassfurt.de\/mgh\/#website","url":"https:\/\/www.mehrgenerationenhaus-hassfurt.de\/mgh\/","name":"Mehrgenerationenhaus Ha\u00dffurt","description":"Mehrgenerationenhaus Ha\u00dffurt","publisher":{"@id":"https:\/\/www.mehrgenerationenhaus-hassfurt.de\/mgh\/#organization"},"potentialAction":[{"@type":"SearchAction","target":{"@type":"EntryPoint","urlTemplate":"https:\/\/www.mehrgenerationenhaus-hassfurt.de\/mgh\/?s={search_term_string}"},"query-input":{"@type":"PropertyValueSpecification","valueRequired":true,"valueName":"search_term_string"}}],"inLanguage":"de"},{"@type":"Organization","@id":"https:\/\/www.mehrgenerationenhaus-hassfurt.de\/mgh\/#organization","name":"Mehrgenerationenhaus Ha\u00dffurt","url":"https:\/\/www.mehrgenerationenhaus-hassfurt.de\/mgh\/","logo":{"@type":"ImageObject","inLanguage":"de","@id":"https:\/\/www.mehrgenerationenhaus-hassfurt.de\/mgh\/#\/schema\/logo\/image\/","url":"https:\/\/www.mehrgenerationenhaus-hassfurt.de\/mgh\/wp-cnt\/uploads\/MGH_Logo_2020_hassfurt-scaled.jpg","contentUrl":"https:\/\/www.mehrgenerationenhaus-hassfurt.de\/mgh\/wp-cnt\/uploads\/MGH_Logo_2020_hassfurt-scaled.jpg","width":2560,"height":1162,"caption":"Mehrgenerationenhaus Ha\u00dffurt"},"image":{"@id":"https:\/\/www.mehrgenerationenhaus-hassfurt.de\/mgh\/#\/schema\/logo\/image\/"},"sameAs":["https:\/\/de-de.facebook.com\/mehrgenerationenhausHAS\/"]}]}},"publishpress_future_workflow_manual_trigger":{"enabledWorkflows":[]},"_links":{"self":[{"href":"https:\/\/www.mehrgenerationenhaus-hassfurt.de\/mgh\/wp-json\/wp\/v2\/pages\/56090","targetHints":{"allow":["GET"]}}],"collection":[{"href":"https:\/\/www.mehrgenerationenhaus-hassfurt.de\/mgh\/wp-json\/wp\/v2\/pages"}],"about":[{"href":"https:\/\/www.mehrgenerationenhaus-hassfurt.de\/mgh\/wp-json\/wp\/v2\/types\/page"}],"author":[{"embeddable":true,"href":"https:\/\/www.mehrgenerationenhaus-hassfurt.de\/mgh\/wp-json\/wp\/v2\/users\/3"}],"replies":[{"embeddable":true,"href":"https:\/\/www.mehrgenerationenhaus-hassfurt.de\/mgh\/wp-json\/wp\/v2\/comments?post=56090"}],"version-history":[{"count":0,"href":"https:\/\/www.mehrgenerationenhaus-hassfurt.de\/mgh\/wp-json\/wp\/v2\/pages\/56090\/revisions"}],"up":[{"embeddable":true,"href":"https:\/\/www.mehrgenerationenhaus-hassfurt.de\/mgh\/wp-json\/wp\/v2\/pages\/219"}],"wp:featuredmedia":[{"embeddable":true,"href":"https:\/\/www.mehrgenerationenhaus-hassfurt.de\/mgh\/wp-json\/"}],"wp:attachment":[{"href":"https:\/\/www.mehrgenerationenhaus-hassfurt.de\/mgh\/wp-json\/wp\/v2\/media?parent=56090"}],"curies":[{"name":"wp","href":"https:\/\/api.w.org\/{rel}","templated":true}]}}