{"id":56173,"date":"2026-02-20T14:35:51","date_gmt":"2026-02-20T13:35:51","guid":{"rendered":"https:\/\/www.mehrgenerationenhaus-hassfurt.de\/mgh\/?page_id=56173"},"modified":"2026-02-20T16:24:55","modified_gmt":"2026-02-20T15:24:55","slug":"fruehstueck-all-inclusive","status":"publish","type":"page","link":"https:\/\/www.mehrgenerationenhaus-hassfurt.de\/mgh\/angebote\/fruehstueck-all-inclusive\/","title":{"rendered":"Fr\u00fchst\u00fcck all inclusive&nbsp;\u2013"},"content":{"rendered":"<h2 style=\"margin-top: -20px; font-size: 28px; font-weight: normal;\">gelebte Inklusion im Mehrgenerationenhaus<\/h2>\n<p><img loading=\"lazy\" decoding=\"async\" src=\"https:\/\/www.mehrgenerationenhaus-hassfurt.de\/mgh\/wp-cnt\/uploads\/FruehAllIncl_580.jpg\" alt=\"Fr\u00fchst\u00fcck all inclusive - gelebte Inklusion im Mehrgenerationenhaus\" width=\"580\" height=\"125\" class=\"alignnone size-full wp-image-56177\" srcset=\"https:\/\/www.mehrgenerationenhaus-hassfurt.de\/mgh\/wp-cnt\/uploads\/FruehAllIncl_580.jpg 580w, https:\/\/www.mehrgenerationenhaus-hassfurt.de\/mgh\/wp-cnt\/uploads\/FruehAllIncl_580-300x65.jpg 300w\" sizes=\"auto, (max-width: 580px) 100vw, 580px\"><\/p>\n<p>\nMit dem in\u00adklu\u00adsi\u00adven An\u00adge\u00adbot <span class=\"push-double\"><\/span>\u200b<span class=\"pull-double\">\u201e<\/span><strong>Fr\u00fch\u00adst\u00fcck all in\u00adclu\u00adsi\u00adve<\/strong>\u201c schafft das Mehr\u00adge\u00adne\u00adra\u00adtio\u00adnen\u00adhaus ei\u00adnen be\u00adson\u00adde\u00adren Raum, in dem Teil\u00adha\u00adbe, Be\u00adgeg\u00adnung und ge\u00admein\u00adsa\u00admes Er\u00adle\u00adben im Mit\u00adtel\u00adpunkt stehen.&nbsp;<\/p>\n<p>Ein\u00admal im Mo\u00adnat wird das re\u00adgel\u00adm\u00e4\u00ad\u00dfi\u00adge Fr\u00fch\u00adst\u00fcck f\u00fcr alle Ge\u00adne\u00adra\u00adtio\u00adnen von ei\u00adner Klein\u00adgrup\u00adpe von Be\u00adrufs\u00adsch\u00fc\u00adle\u00adrin\u00adnen und \u2011sch\u00fc\u00adlern der Paul-Moor-Schu\u00adle der Le\u00adbens\u00adhil\u00adfe Ha\u00df\u00adber\u00adge e.V. bereichert.<\/p>\n<p>Ge\u00admein\u00adsam mit ih\u00adrer Lehr\u00adkraft be\u00adrei\u00adten die Sch\u00fc\u00adle\u00adrin\u00adnen und Sch\u00fc\u00adler ein be\u00adson\u00adde\u00adres High\u00adlight f\u00fcr die Fr\u00fch\u00adst\u00fccks\u00adg\u00e4s\u00adte vor \u2013 sei es ein frisch zu\u00adbe\u00adrei\u00adte\u00adter Smoothie, win\u00adter\u00adli\u00adcher Punsch oder frisch ge\u00adpress\u00adter Oran\u00adgen\u00adsaft. Mit viel En\u00adga\u00adge\u00adment un\u00adter\u00adst\u00fct\u00adzen die Teil\u00adneh\u00admen\u00adden au\u00ad\u00dfer\u00addem beim Ser\u00advie\u00adren und Ab\u00adr\u00e4u\u00admen der Tel\u00adler oder schen\u00adken Hei\u00df\u00adge\u00adtr\u00e4n\u00adke nach Wunsch aus.<\/p>\n<p>Im Rah\u00admen von <span class=\"push-double\"><\/span>\u200b<span class=\"pull-double\">\u201e<\/span>Ler\u00adnen durch En\u00adga\u00adge\u00adment\u201c wer\u00adden beim <span class=\"push-double\"><\/span>\u200b<span class=\"pull-double\">\u201e<\/span>Fr\u00fch\u00adst\u00fcck all in\u00adclu\u00adsi\u00adve\u201c die fach\u00adli\u00adchen In\u00adhal\u00adte aus dem Schul\u00adun\u00adter\u00adricht mit ge\u00adsell\u00adschaft\u00adli\u00adchem En\u00adga\u00adge\u00adment ver\u00adbun\u00adden. Die jun\u00adgen Leu\u00adte wer\u00adden ak\u00adtiv und set\u00adzen sich f\u00fcr ihre Um\u00adwelt und das Ge\u00admein\u00adwohl ein. Den Sch\u00fc\u00adle\u00adrin\u00adnen und Sch\u00fc\u00adlern mit un\u00adter\u00adschied\u00adli\u00adchen Be\u00adein\u00adtr\u00e4ch\u00adti\u00adgun\u00adgen bie\u00adtet dies die M\u00f6g\u00adlich\u00adkeit, in ei\u00adnem ge\u00adsch\u00fctz\u00adten und wert\u00adsch\u00e4t\u00adzen\u00adden Rah\u00admen be\u00adrufs\u00adprak\u00adti\u00adsche F\u00e4\u00adhig\u00adkei\u00adten zu trai\u00adnie\u00adren und so\u00adzia\u00adle Kom\u00adpe\u00adten\u00adzen zu st\u00e4r\u00adken. Da\u00adbei er\u00adfah\u00adren sie nicht nur, was es be\u00addeu\u00adtet, eine hel\u00adfen\u00adde Rol\u00adle ein\u00adzu\u00adneh\u00admen, son\u00addern sam\u00admeln auch wert\u00advol\u00adle Er\u00adfah\u00adrun\u00adgen im Um\u00adgang mit G\u00e4s\u00adten und in der Teamarbeit.<\/p>\n<p>Gleich\u00adzei\u00adtig pro\u00adfi\u00adtie\u00adren die Fr\u00fch\u00adst\u00fccks\u00adg\u00e4s\u00adte von der herz\u00adli\u00adchen At\u00admo\u00adsph\u00e4\u00adre und den in\u00addi\u00advi\u00addu\u00adel\u00adlen Ak\u00adzen\u00adten, die das En\u00adga\u00adge\u00adment der Be\u00adrufs\u00adsch\u00fc\u00adle\u00adrin\u00adnen und \u2011sch\u00fc\u00adler ins Fr\u00fch\u00adst\u00fccks\u00adan\u00adge\u00adbot ein\u00adbringt. So ent\u00adsteht ein in\u00adklu\u00adsi\u00adves Mit\u00adein\u00adan\u00adder, das auf ge\u00adgen\u00adsei\u00adti\u00adgem Re\u00adspekt und Wert\u00adsch\u00e4t\u00adzung basiert.<\/p>\n<hr>\n<p><strong>Links zum Thema:<\/strong><\/p>\n<ul style=\"list-style-type: '\u2192 &nbsp;';\">\n<li>An\u00adge\u00adbots\u00advor\u00adstel\u00adlung: <a href=\"https:\/\/www.mehrgenerationenhaus-hassfurt.de\/mgh\/angebote\/lernen-durch-engagement\/\">Ler\u00adnen durch En\u00adga\u00adge\u00adment (LDE) \u2013 Service-Learning<\/a><\/li>\n<li>Pres\u00adse\u00adbe\u00adricht: <a href=\"https:\/\/www.mehrgenerationenhaus-hassfurt.de\/mgh\/gelebte-inklusion-im-mehrgenerationenhaus\/\">Ge\u00adleb\u00adte In\u00adklu\u00adsi\u00adon im Mehr\u00adge\u00adne\u00adra\u00adtio\u00adnen\u00adhaus: <span class=\"push-double\"><\/span>\u200b<span class=\"pull-double\">\u201e<\/span>Fr\u00fch\u00adst\u00fcck all in\u00adclu\u00adsi\u00adve\u201c ver\u00adbin\u00addet Men\u00adschen und st\u00e4rkt Gemeinschaft<\/a><\/li>\n<\/ul>\n","protected":false},"excerpt":{"rendered":"<p>ge\u00adleb\u00adte In\u00adklu\u00adsi\u00adon im Mehr\u00adge\u00adne\u00adra\u00adtio\u00adnen\u00adhaus Mit dem in\u00adklu\u00adsi\u00adven An\u00adge\u00adbot \u200b\u201eFr\u00fch\u00adst\u00fcck all in\u00adclu\u00adsi\u00adve\u201c schafft das Mehr\u00adge\u00adne\u00adra\u00adtio\u00adnen\u00adhaus ei\u00adnen be\u00adson\u00adde\u00adren Raum, in dem Teil\u00adha\u00adbe, Be\u00adgeg\u00adnung und ge\u00admein\u00adsa\u00admes Er\u00adle\u00adben im Mit\u00adtel\u00adpunkt ste\u00adhen.&nbsp; Ein\u00admal im Mo\u00adnat wird das re\u00adgel\u00adm\u00e4\u00ad\u00dfi\u00adge Fr\u00fch\u00adst\u00fcck f\u00fcr alle Ge\u00adne\u00adra\u00adtio\u00adnen von ei\u00adner Klein\u00adgrup\u00adpe von Be\u00adrufs\u00adsch\u00fc\u00adle\u00adrin\u00adnen und \u2011sch\u00fc\u00adlern der Paul-Moor-Schu\u00ad\u00adle der Le\u00adbens\u00adhil\u00adfe Ha\u00df\u00adber\u00adge e.V. be\u00adrei\u00adchert. Ge\u00admein\u00adsam mit ih\u00adrer Lehrkraft&nbsp;<\/p>\n<p class=\"excerpt-link\"><a class=\"read-more\" href=\"https:\/\/www.mehrgenerationenhaus-hassfurt.de\/mgh\/angebote\/fruehstueck-all-inclusive\/\">Read More \u2192<\/a><\/p>\n","protected":false},"author":3,"featured_media":7319,"parent":219,"menu_order":0,"comment_status":"closed","ping_status":"closed","template":"","meta":{"inline_featured_image":false,"wp_typography_post_enhancements_disabled":false,"_mc_calendar":[],"footnotes":""},"class_list":["post-56173","page","type-page","status-publish","has-post-thumbnail","hentry"],"yoast_head":"<!-- This site is optimized with the Yoast SEO plugin v26.9 - https:\/\/yoast.com\/product\/yoast-seo-wordpress\/ -->\n<title>Fr\u00fchst\u00fccksb\u00fcffet f\u00fcr alle Generationen im MGH Ha\u00dffurt<\/title>\n<meta name=\"description\" content=\"Fr\u00fchst\u00fcck all inclusive im MGH\" \/>\n<meta name=\"robots\" content=\"index, follow, max-snippet:-1, max-image-preview:large, max-video-preview:-1\" \/>\n<link rel=\"canonical\" href=\"https:\/\/www.mehrgenerationenhaus-hassfurt.de\/mgh\/angebote\/fruehstueck-all-inclusive\/\" \/>\n<meta property=\"og:locale\" content=\"de_DE\" \/>\n<meta property=\"og:type\" content=\"article\" \/>\n<meta property=\"og:title\" content=\"Fr\u00fchst\u00fccksb\u00fcffet f\u00fcr alle Generationen im MGH Ha\u00dffurt\" \/>\n<meta property=\"og:description\" content=\"Fr\u00fchst\u00fcck all inclusive im MGH\" \/>\n<meta property=\"og:url\" content=\"https:\/\/www.mehrgenerationenhaus-hassfurt.de\/mgh\/angebote\/fruehstueck-all-inclusive\/\" \/>\n<meta property=\"og:site_name\" content=\"Mehrgenerationenhaus Ha\u00dffurt\" \/>\n<meta property=\"article:publisher\" content=\"https:\/\/de-de.facebook.com\/mehrgenerationenhausHAS\/\" \/>\n<meta property=\"article:modified_time\" content=\"2026-02-20T15:24:55+00:00\" \/>\n<!-- \/ Yoast SEO plugin. -->","yoast_head_json":{"title":"Fr\u00fchst\u00fccksb\u00fcffet f\u00fcr alle Generationen im MGH Ha\u00dffurt","description":"Fr\u00fchst\u00fcck all inclusive im MGH","robots":{"index":"index","follow":"follow","max-snippet":"max-snippet:-1","max-image-preview":"max-image-preview:large","max-video-preview":"max-video-preview:-1"},"canonical":"https:\/\/www.mehrgenerationenhaus-hassfurt.de\/mgh\/angebote\/fruehstueck-all-inclusive\/","og_locale":"de_DE","og_type":"article","og_title":"Fr\u00fchst\u00fccksb\u00fcffet f\u00fcr alle Generationen im MGH Ha\u00dffurt","og_description":"Fr\u00fchst\u00fcck all inclusive im MGH","og_url":"https:\/\/www.mehrgenerationenhaus-hassfurt.de\/mgh\/angebote\/fruehstueck-all-inclusive\/","og_site_name":"Mehrgenerationenhaus Ha\u00dffurt","article_publisher":"https:\/\/de-de.facebook.com\/mehrgenerationenhausHAS\/","article_modified_time":"2026-02-20T15:24:55+00:00","schema":{"@context":"https:\/\/schema.org","@graph":[{"@type":"WebPage","@id":"https:\/\/www.mehrgenerationenhaus-hassfurt.de\/mgh\/angebote\/fruehstueck-all-inclusive\/","url":"https:\/\/www.mehrgenerationenhaus-hassfurt.de\/mgh\/angebote\/fruehstueck-all-inclusive\/","name":"Fr\u00fchst\u00fccksb\u00fcffet f\u00fcr alle Generationen im MGH Ha\u00dffurt","isPartOf":{"@id":"https:\/\/www.mehrgenerationenhaus-hassfurt.de\/mgh\/#website"},"primaryImageOfPage":{"@id":"https:\/\/www.mehrgenerationenhaus-hassfurt.de\/mgh\/angebote\/fruehstueck-all-inclusive\/#primaryimage"},"image":{"@id":"https:\/\/www.mehrgenerationenhaus-hassfurt.de\/mgh\/angebote\/fruehstueck-all-inclusive\/#primaryimage"},"thumbnailUrl":"","datePublished":"2026-02-20T13:35:51+00:00","dateModified":"2026-02-20T15:24:55+00:00","description":"Fr\u00fchst\u00fcck all inclusive im MGH","breadcrumb":{"@id":"https:\/\/www.mehrgenerationenhaus-hassfurt.de\/mgh\/angebote\/fruehstueck-all-inclusive\/#breadcrumb"},"inLanguage":"de","potentialAction":[{"@type":"ReadAction","target":["https:\/\/www.mehrgenerationenhaus-hassfurt.de\/mgh\/angebote\/fruehstueck-all-inclusive\/"]}]},{"@type":"ImageObject","inLanguage":"de","@id":"https:\/\/www.mehrgenerationenhaus-hassfurt.de\/mgh\/angebote\/fruehstueck-all-inclusive\/#primaryimage","url":"","contentUrl":""},{"@type":"BreadcrumbList","@id":"https:\/\/www.mehrgenerationenhaus-hassfurt.de\/mgh\/angebote\/fruehstueck-all-inclusive\/#breadcrumb","itemListElement":[{"@type":"ListItem","position":1,"name":"Startseite","item":"https:\/\/www.mehrgenerationenhaus-hassfurt.de\/mgh\/"},{"@type":"ListItem","position":2,"name":"Angebote und Dienstleistungen","item":"https:\/\/www.mehrgenerationenhaus-hassfurt.de\/mgh\/angebote\/"},{"@type":"ListItem","position":3,"name":"Fr\u00fchst\u00fcck all inclusive &ndash;"}]},{"@type":"WebSite","@id":"https:\/\/www.mehrgenerationenhaus-hassfurt.de\/mgh\/#website","url":"https:\/\/www.mehrgenerationenhaus-hassfurt.de\/mgh\/","name":"Mehrgenerationenhaus Ha\u00dffurt","description":"Mehrgenerationenhaus Ha\u00dffurt","publisher":{"@id":"https:\/\/www.mehrgenerationenhaus-hassfurt.de\/mgh\/#organization"},"potentialAction":[{"@type":"SearchAction","target":{"@type":"EntryPoint","urlTemplate":"https:\/\/www.mehrgenerationenhaus-hassfurt.de\/mgh\/?s={search_term_string}"},"query-input":{"@type":"PropertyValueSpecification","valueRequired":true,"valueName":"search_term_string"}}],"inLanguage":"de"},{"@type":"Organization","@id":"https:\/\/www.mehrgenerationenhaus-hassfurt.de\/mgh\/#organization","name":"Mehrgenerationenhaus Ha\u00dffurt","url":"https:\/\/www.mehrgenerationenhaus-hassfurt.de\/mgh\/","logo":{"@type":"ImageObject","inLanguage":"de","@id":"https:\/\/www.mehrgenerationenhaus-hassfurt.de\/mgh\/#\/schema\/logo\/image\/","url":"https:\/\/www.mehrgenerationenhaus-hassfurt.de\/mgh\/wp-cnt\/uploads\/MGH_Logo_2020_hassfurt-scaled.jpg","contentUrl":"https:\/\/www.mehrgenerationenhaus-hassfurt.de\/mgh\/wp-cnt\/uploads\/MGH_Logo_2020_hassfurt-scaled.jpg","width":2560,"height":1162,"caption":"Mehrgenerationenhaus Ha\u00dffurt"},"image":{"@id":"https:\/\/www.mehrgenerationenhaus-hassfurt.de\/mgh\/#\/schema\/logo\/image\/"},"sameAs":["https:\/\/de-de.facebook.com\/mehrgenerationenhausHAS\/"]}]}},"publishpress_future_workflow_manual_trigger":{"enabledWorkflows":[]},"_links":{"self":[{"href":"https:\/\/www.mehrgenerationenhaus-hassfurt.de\/mgh\/wp-json\/wp\/v2\/pages\/56173","targetHints":{"allow":["GET"]}}],"collection":[{"href":"https:\/\/www.mehrgenerationenhaus-hassfurt.de\/mgh\/wp-json\/wp\/v2\/pages"}],"about":[{"href":"https:\/\/www.mehrgenerationenhaus-hassfurt.de\/mgh\/wp-json\/wp\/v2\/types\/page"}],"author":[{"embeddable":true,"href":"https:\/\/www.mehrgenerationenhaus-hassfurt.de\/mgh\/wp-json\/wp\/v2\/users\/3"}],"replies":[{"embeddable":true,"href":"https:\/\/www.mehrgenerationenhaus-hassfurt.de\/mgh\/wp-json\/wp\/v2\/comments?post=56173"}],"version-history":[{"count":0,"href":"https:\/\/www.mehrgenerationenhaus-hassfurt.de\/mgh\/wp-json\/wp\/v2\/pages\/56173\/revisions"}],"up":[{"embeddable":true,"href":"https:\/\/www.mehrgenerationenhaus-hassfurt.de\/mgh\/wp-json\/wp\/v2\/pages\/219"}],"wp:featuredmedia":[{"embeddable":true,"href":"https:\/\/www.mehrgenerationenhaus-hassfurt.de\/mgh\/wp-json\/"}],"wp:attachment":[{"href":"https:\/\/www.mehrgenerationenhaus-hassfurt.de\/mgh\/wp-json\/wp\/v2\/media?parent=56173"}],"curies":[{"name":"wp","href":"https:\/\/api.w.org\/{rel}","templated":true}]}}