{"id":576,"date":"2012-01-04T12:21:06","date_gmt":"2012-01-04T11:21:06","guid":{"rendered":"http:\/\/wp10664415.wp039.webpack.hosteurope.de\/wp\/?page_id=576"},"modified":"2026-01-29T17:54:14","modified_gmt":"2026-01-29T16:54:14","slug":"bildungspatenschaften","status":"publish","type":"page","link":"https:\/\/www.mehrgenerationenhaus-hassfurt.de\/mgh\/angebote\/bildungspatenschaften\/","title":{"rendered":"Bildungspatenschaften"},"content":{"rendered":"<h2><span class=\"dquo\">\u201e<\/span>Engagement macht stark!\u201c<\/h2>\n<p><img loading=\"lazy\" decoding=\"async\" src=\"https:\/\/www.mehrgenerationenhaus-hassfurt.de\/mgh\/wp-cnt\/uploads\/bildungspat2026_c580.jpg\" alt=\"Bildungspatenschaften\" width=\"580\" height=\"125\" class=\"alignnone size-full wp-image-56077\" srcset=\"https:\/\/www.mehrgenerationenhaus-hassfurt.de\/mgh\/wp-cnt\/uploads\/bildungspat2026_c580.jpg 580w, https:\/\/www.mehrgenerationenhaus-hassfurt.de\/mgh\/wp-cnt\/uploads\/bildungspat2026_c580-300x65.jpg 300w\" sizes=\"auto, (max-width: 580px) 100vw, 580px\"><\/p>\n<p>Bil\u00addungs\u00adwe\u00adge sind oft von Un\u00adsi\u00adcher\u00adhei\u00adten ge\u00adpr\u00e4gt und er\u00adfor\u00addern Un\u00adter\u00adst\u00fct\u00adzung. Men\u00adschen mit und ohne Mi\u00adgra\u00adti\u00adons\u00adge\u00adschich\u00adte oder Flucht\u00ader\u00adfah\u00adrung ste\u00adhen da\u00adbei vor be\u00adson\u00adde\u00adren Her\u00adaus\u00adfor\u00adde\u00adrun\u00adgen: Ein kom\u00adple\u00adxes Bil\u00addungs\u00adsys\u00adtem, neue Le\u00adbens\u00adbe\u00addin\u00adgun\u00adgen oder feh\u00adlen\u00adder fa\u00admi\u00adli\u00e4\u00adrer R\u00fcck\u00adhalt k\u00f6n\u00adnen den All\u00adtag und den Zu\u00adgang zu Bil\u00addung erschweren.<\/p>\n<p>Hier set\u00adzen die Bil\u00addungs\u00adpa\u00adten\u00adschaf\u00adten des Mehr\u00adge\u00adne\u00adra\u00adtio\u00adnen\u00adhau\u00adses Ha\u00df\u00adfurt an. Eh\u00adren\u00adamt\u00adli\u00adche Pa\u00adtin\u00adnen und Pa\u00adten be\u00adglei\u00adten Kin\u00adder, Ju\u00adgend\u00adli\u00adche oder Er\u00adwach\u00adse\u00adne \u00fcber ei\u00adnen l\u00e4n\u00adge\u00adren Zeit\u00adraum auf ih\u00adrem Bil\u00addungs\u00adweg. Sie un\u00adter\u00adst\u00fct\u00adzen beim Ler\u00adnen, f\u00f6r\u00addern Sprach- und Le\u00adse\u00adkom\u00adpe\u00adten\u00adzen und ste\u00adhen als ver\u00adl\u00e4ss\u00adli\u00adche An\u00adsprech\u00adper\u00adso\u00adnen im All\u00adtag zur Sei\u00adte. Ziel ist es, die Teil\u00adneh\u00admen\u00adden zu st\u00e4r\u00adken und sie da\u00adbei zu un\u00adter\u00adst\u00fct\u00adzen, sich selbst\u00adbe\u00adwusst in Schu\u00adle, Aus\u00adbil\u00addung, Be\u00adruf und Ge\u00adsell\u00adschaft zu bewegen.<\/p>\n<p>Durch die in\u00adten\u00adsi\u00adve 1:1\u2011Begleitung ent\u00adste\u00adhen Zu\u00adge\u00adh\u00f6\u00adrig\u00adkeit, per\u00ads\u00f6n\u00adli\u00adche Er\u00adfolgs\u00ader\u00adleb\u00adnis\u00adse und oft auch ech\u00adte Freund\u00adschaf\u00adten. Die Pa\u00adten\u00adschaf\u00adten er\u00adm\u00f6g\u00adli\u00adchen Ler\u00adnen im All\u00adtag, Ori\u00aden\u00adtie\u00adrung im So\u00adzi\u00adal\u00adraum und ein ge\u00adleb\u00adtes Miteinander.<\/p>\n<p>Vie\u00adle Pa\u00adten\u00adschaf\u00adten ent\u00adste\u00adhen aus per\u00ads\u00f6n\u00adli\u00adchen Be\u00adgeg\u00adnun\u00adgen, zum Bei\u00adspiel im Rah\u00admen des MGH-Sprach\u00adca\u00adf\u00e9s. Wer re\u00adgel\u00adm\u00e4\u00ad\u00dfig teil\u00adnimmt, lernt an\u00adde\u00adre Men\u00adschen ken\u00adnen und kann so Ver\u00adtrau\u00aden auf\u00adbau\u00aden und Ver\u00adbin\u00addun\u00adgen ent\u00adste\u00adhen lassen.<\/p>\n<p>Sie m\u00f6ch\u00adten Bil\u00addungs\u00adpa\u00adte oder Bil\u00addungs\u00adpa\u00adtin wer\u00adden und Men\u00adschen auf ih\u00adrem Bil\u00addungs\u00adweg be\u00adglei\u00adten? Dann neh\u00admen Sie ger\u00adne Kon\u00adtakt mit uns&nbsp;auf.<\/p>\n<div>\n<table>\n<tbody>\n<tr>\n<th align=\"left\" valign=\"top\">Wo<\/th>\n<td class=\"cellgray\">Mehr\u00adge\u00adne\u00adra\u00adtio\u00adnen\u00adhaus Ha\u00dffurt<br>\nBRK Kreis\u00adver\u00adband Ha\u00dfberge<br>\nMarkt\u00adplatz 10<br>\n97437 Ha\u00dffurt<\/td>\n<\/tr>\n<tr>\n<th align=\"left\" valign=\"top\">Wann<\/th>\n<td class=\"cellgray\">Nach Ver\u00adein\u00adba\u00adrung<\/td>\n<\/tr>\n<tr>\n<th align=\"left\" valign=\"top\">Kon\u00adtakt\n<\/th><td class=\"cellgray\" align=\"left\" valign=\"top\" width=\"430\">Er\u00adfah\u00adren Sie mehr \u00fcber das Angebot:<br>\nTe\u00adle\u00adfon: 09521\u2013952825\u20110<br>\nE\u2011Mail: <a href=\"https:\/\/www.mehrgenerationenhaus-hassfurt.de\/mgh\/kontaktformular\/\">mghhassfurt.kv-has@brk.de <\/a>\n<\/td>\n<\/tr>\n<\/tbody>\n<\/table>\n<\/div>\n<hr>\n<p><strong>Links zum Thema:&nbsp;<\/strong><\/p>\n<ul style=\"list-style-type: '\u2192 &nbsp;';\">\n<li>Pres\u00adse\u00admel\u00addung: <a href=\"https:\/\/www.mehrgenerationenhaus-hassfurt.de\/mgh\/bildung-begleiten\/\">Fach\u00adta\u00adgung <span class=\"push-double\"><\/span>\u200b<span class=\"pull-double\">\u201e<\/span>Bil\u00addung begleiten\u201c<\/a><\/li>\n<li>Pres\u00adse\u00adar\u00adti\u00adkel: <a href=\"https:\/\/www.mehrgenerationenhaus-hassfurt.de\/mgh\/bildungspaten-von-der-regierung-ausgezeichnet\/\">Bil\u00addungs\u00adpa\u00adten von der Re\u00adgie\u00adrung ausgezeichnet<\/a><\/li>\n<\/ul>\n","protected":false},"excerpt":{"rendered":"<p><span class=\"dquo\">\u201e<\/span>En\u00adga\u00adge\u00adment macht stark!\u201c Bil\u00addungs\u00adwe\u00adge sind oft von Un\u00adsi\u00adcher\u00adhei\u00adten ge\u00adpr\u00e4gt und er\u00adfor\u00addern Un\u00adter\u00adst\u00fct\u00adzung. Men\u00adschen mit und ohne Mi\u00adgra\u00adti\u00adons\u00adge\u00adschich\u00adte oder Flucht\u00ader\u00adfah\u00adrung ste\u00adhen da\u00adbei vor be\u00adson\u00adde\u00adren Her\u00adaus\u00adfor\u00adde\u00adrun\u00adgen: Ein kom\u00adple\u00adxes Bil\u00addungs\u00adsys\u00adtem, neue Le\u00adbens\u00adbe\u00addin\u00adgun\u00adgen oder feh\u00adlen\u00adder fa\u00admi\u00adli\u00e4\u00adrer R\u00fcck\u00adhalt k\u00f6n\u00adnen den All\u00adtag und den Zu\u00adgang zu Bil\u00addung er\u00adschwe\u00adren. Hier set\u00adzen die Bil\u00addungs\u00adpa\u00adten\u00adschaf\u00adten des Mehr\u00adge\u00adne\u00adra\u00adtio\u00adnen\u00adhau\u00adses Ha\u00df\u00adfurt an. Eh\u00adren\u00adamt\u00adli\u00adche Pa\u00adtin\u00adnen und Pa\u00adten begleiten&nbsp;<\/p>\n<p class=\"excerpt-link\"><a class=\"read-more\" href=\"https:\/\/www.mehrgenerationenhaus-hassfurt.de\/mgh\/angebote\/bildungspatenschaften\/\">Read More \u2192<\/a><\/p>\n","protected":false},"author":3,"featured_media":1344,"parent":219,"menu_order":0,"comment_status":"closed","ping_status":"closed","template":"","meta":{"inline_featured_image":false,"wp_typography_post_enhancements_disabled":false,"_mc_calendar":[],"footnotes":""},"class_list":["post-576","page","type-page","status-publish","has-post-thumbnail","hentry"],"yoast_head":"<!-- This site is optimized with the Yoast SEO plugin v27.5 - https:\/\/yoast.com\/product\/yoast-seo-wordpress\/ -->\n<title>Bildungspatenschaften | MGH Ha\u00dffurt<\/title>\n<meta name=\"description\" content=\"Bildungspatenschaften: Durch die 1:1-Begleitung entstehen Zugeh\u00f6rigkeit, pers\u00f6nliche Erfolgserlebnisse und oft auch echte Freundschaften.\" \/>\n<meta name=\"robots\" content=\"index, follow, max-snippet:-1, max-image-preview:large, max-video-preview:-1\" \/>\n<link rel=\"canonical\" href=\"https:\/\/www.mehrgenerationenhaus-hassfurt.de\/mgh\/angebote\/bildungspatenschaften\/\" \/>\n<meta property=\"og:locale\" content=\"de_DE\" \/>\n<meta property=\"og:type\" content=\"article\" \/>\n<meta property=\"og:title\" content=\"Bildungspatenschaften | MGH Ha\u00dffurt\" \/>\n<meta property=\"og:description\" content=\"Bildungspatenschaften: Durch die 1:1-Begleitung entstehen Zugeh\u00f6rigkeit, pers\u00f6nliche Erfolgserlebnisse und oft auch echte Freundschaften.\" \/>\n<meta property=\"og:url\" content=\"https:\/\/www.mehrgenerationenhaus-hassfurt.de\/mgh\/angebote\/bildungspatenschaften\/\" \/>\n<meta property=\"og:site_name\" content=\"Mehrgenerationenhaus Ha\u00dffurt\" \/>\n<meta property=\"article:publisher\" content=\"https:\/\/de-de.facebook.com\/mehrgenerationenhausHAS\/\" \/>\n<meta property=\"article:modified_time\" content=\"2026-01-29T16:54:14+00:00\" \/>\n<!-- \/ Yoast SEO plugin. -->","yoast_head_json":{"title":"Bildungspatenschaften | MGH Ha\u00dffurt","description":"Bildungspatenschaften: Durch die 1:1-Begleitung entstehen Zugeh\u00f6rigkeit, pers\u00f6nliche Erfolgserlebnisse und oft auch echte Freundschaften.","robots":{"index":"index","follow":"follow","max-snippet":"max-snippet:-1","max-image-preview":"max-image-preview:large","max-video-preview":"max-video-preview:-1"},"canonical":"https:\/\/www.mehrgenerationenhaus-hassfurt.de\/mgh\/angebote\/bildungspatenschaften\/","og_locale":"de_DE","og_type":"article","og_title":"Bildungspatenschaften | MGH Ha\u00dffurt","og_description":"Bildungspatenschaften: Durch die 1:1-Begleitung entstehen Zugeh\u00f6rigkeit, pers\u00f6nliche Erfolgserlebnisse und oft auch echte Freundschaften.","og_url":"https:\/\/www.mehrgenerationenhaus-hassfurt.de\/mgh\/angebote\/bildungspatenschaften\/","og_site_name":"Mehrgenerationenhaus Ha\u00dffurt","article_publisher":"https:\/\/de-de.facebook.com\/mehrgenerationenhausHAS\/","article_modified_time":"2026-01-29T16:54:14+00:00","schema":{"@context":"https:\/\/schema.org","@graph":[{"@type":"WebPage","@id":"https:\/\/www.mehrgenerationenhaus-hassfurt.de\/mgh\/angebote\/bildungspatenschaften\/","url":"https:\/\/www.mehrgenerationenhaus-hassfurt.de\/mgh\/angebote\/bildungspatenschaften\/","name":"Bildungspatenschaften | MGH Ha\u00dffurt","isPartOf":{"@id":"https:\/\/www.mehrgenerationenhaus-hassfurt.de\/mgh\/#website"},"primaryImageOfPage":{"@id":"https:\/\/www.mehrgenerationenhaus-hassfurt.de\/mgh\/angebote\/bildungspatenschaften\/#primaryimage"},"image":{"@id":"https:\/\/www.mehrgenerationenhaus-hassfurt.de\/mgh\/angebote\/bildungspatenschaften\/#primaryimage"},"thumbnailUrl":"","datePublished":"2012-01-04T11:21:06+00:00","dateModified":"2026-01-29T16:54:14+00:00","description":"Bildungspatenschaften: Durch die 1:1-Begleitung entstehen Zugeh\u00f6rigkeit, pers\u00f6nliche Erfolgserlebnisse und oft auch echte Freundschaften.","breadcrumb":{"@id":"https:\/\/www.mehrgenerationenhaus-hassfurt.de\/mgh\/angebote\/bildungspatenschaften\/#breadcrumb"},"inLanguage":"de","potentialAction":[{"@type":"ReadAction","target":["https:\/\/www.mehrgenerationenhaus-hassfurt.de\/mgh\/angebote\/bildungspatenschaften\/"]}]},{"@type":"ImageObject","inLanguage":"de","@id":"https:\/\/www.mehrgenerationenhaus-hassfurt.de\/mgh\/angebote\/bildungspatenschaften\/#primaryimage","url":"","contentUrl":""},{"@type":"BreadcrumbList","@id":"https:\/\/www.mehrgenerationenhaus-hassfurt.de\/mgh\/angebote\/bildungspatenschaften\/#breadcrumb","itemListElement":[{"@type":"ListItem","position":1,"name":"Startseite","item":"https:\/\/www.mehrgenerationenhaus-hassfurt.de\/mgh\/"},{"@type":"ListItem","position":2,"name":"Angebote und Dienstleistungen","item":"https:\/\/www.mehrgenerationenhaus-hassfurt.de\/mgh\/angebote\/"},{"@type":"ListItem","position":3,"name":"Bildungspatenschaften"}]},{"@type":"WebSite","@id":"https:\/\/www.mehrgenerationenhaus-hassfurt.de\/mgh\/#website","url":"https:\/\/www.mehrgenerationenhaus-hassfurt.de\/mgh\/","name":"Mehrgenerationenhaus Ha\u00dffurt","description":"Mehrgenerationenhaus Ha\u00dffurt","publisher":{"@id":"https:\/\/www.mehrgenerationenhaus-hassfurt.de\/mgh\/#organization"},"potentialAction":[{"@type":"SearchAction","target":{"@type":"EntryPoint","urlTemplate":"https:\/\/www.mehrgenerationenhaus-hassfurt.de\/mgh\/?s={search_term_string}"},"query-input":{"@type":"PropertyValueSpecification","valueRequired":true,"valueName":"search_term_string"}}],"inLanguage":"de"},{"@type":"Organization","@id":"https:\/\/www.mehrgenerationenhaus-hassfurt.de\/mgh\/#organization","name":"Mehrgenerationenhaus Ha\u00dffurt","url":"https:\/\/www.mehrgenerationenhaus-hassfurt.de\/mgh\/","logo":{"@type":"ImageObject","inLanguage":"de","@id":"https:\/\/www.mehrgenerationenhaus-hassfurt.de\/mgh\/#\/schema\/logo\/image\/","url":"https:\/\/www.mehrgenerationenhaus-hassfurt.de\/mgh\/wp-cnt\/uploads\/MGH_Logo_2020_hassfurt-scaled.jpg","contentUrl":"https:\/\/www.mehrgenerationenhaus-hassfurt.de\/mgh\/wp-cnt\/uploads\/MGH_Logo_2020_hassfurt-scaled.jpg","width":2560,"height":1162,"caption":"Mehrgenerationenhaus Ha\u00dffurt"},"image":{"@id":"https:\/\/www.mehrgenerationenhaus-hassfurt.de\/mgh\/#\/schema\/logo\/image\/"},"sameAs":["https:\/\/de-de.facebook.com\/mehrgenerationenhausHAS\/"]}]}},"publishpress_future_workflow_manual_trigger":{"enabledWorkflows":[]},"_links":{"self":[{"href":"https:\/\/www.mehrgenerationenhaus-hassfurt.de\/mgh\/wp-json\/wp\/v2\/pages\/576","targetHints":{"allow":["GET"]}}],"collection":[{"href":"https:\/\/www.mehrgenerationenhaus-hassfurt.de\/mgh\/wp-json\/wp\/v2\/pages"}],"about":[{"href":"https:\/\/www.mehrgenerationenhaus-hassfurt.de\/mgh\/wp-json\/wp\/v2\/types\/page"}],"author":[{"embeddable":true,"href":"https:\/\/www.mehrgenerationenhaus-hassfurt.de\/mgh\/wp-json\/wp\/v2\/users\/3"}],"replies":[{"embeddable":true,"href":"https:\/\/www.mehrgenerationenhaus-hassfurt.de\/mgh\/wp-json\/wp\/v2\/comments?post=576"}],"version-history":[{"count":0,"href":"https:\/\/www.mehrgenerationenhaus-hassfurt.de\/mgh\/wp-json\/wp\/v2\/pages\/576\/revisions"}],"up":[{"embeddable":true,"href":"https:\/\/www.mehrgenerationenhaus-hassfurt.de\/mgh\/wp-json\/wp\/v2\/pages\/219"}],"wp:featuredmedia":[{"embeddable":true,"href":"https:\/\/www.mehrgenerationenhaus-hassfurt.de\/mgh\/wp-json\/"}],"wp:attachment":[{"href":"https:\/\/www.mehrgenerationenhaus-hassfurt.de\/mgh\/wp-json\/wp\/v2\/media?parent=576"}],"curies":[{"name":"wp","href":"https:\/\/api.w.org\/{rel}","templated":true}]}}