{"id":5873,"date":"2013-10-07T11:45:37","date_gmt":"2013-10-07T09:45:37","guid":{"rendered":"https:\/\/www.mehrgenerationenhaus-hassfurt.de\/wp\/?page_id=5873"},"modified":"2021-01-26T17:19:40","modified_gmt":"2021-01-26T16:19:40","slug":"singkreis","status":"publish","type":"page","link":"https:\/\/www.mehrgenerationenhaus-hassfurt.de\/mgh\/angebote\/singkreis\/","title":{"rendered":"Offener Singkreis"},"content":{"rendered":"<p><img loading=\"lazy\" decoding=\"async\" src=\"https:\/\/www.mehrgenerationenhaus-hassfurt.de\/mgh\/wp-cnt\/uploads\/offener_singkreis_c580.jpg\" alt=\"Offener Singkreis im Mehrgenerationenhaus Ha\u00dffurt\" width=\"580\" height=\"125\" class=\"alignnone size-full wp-image-50794\" srcset=\"https:\/\/www.mehrgenerationenhaus-hassfurt.de\/mgh\/wp-cnt\/uploads\/offener_singkreis_c580.jpg 580w, https:\/\/www.mehrgenerationenhaus-hassfurt.de\/mgh\/wp-cnt\/uploads\/offener_singkreis_c580-300x65.jpg 300w\" sizes=\"auto, (max-width: 580px) 100vw, 580px\"><\/p>\n<p>In un\u00adse\u00adrem Of\u00adfe\u00adnen Sing\u00adkreis wer\u00adden je\u00adden Diens\u00adtag Lie\u00adder f\u00fcr alle Ge\u00adne\u00adra\u00adtio\u00adnen ge\u00adsun\u00adgen oder es wird auch ein\u00adfach nur dem Ge\u00adsang gelauscht.&nbsp;<\/p>\n<p>Frei\u00adwil\u00adlig en\u00adga\u00adgier\u00adte Sing\u00adkreis\u00adlei\u00adte\u00adrin\u00adnen und Sing\u00adkreis\u00adlei\u00adter ge\u00adstal\u00adten die of\u00adfe\u00adnen Sing\u00adkreis\u00adstun\u00adden mit aus\u00adge\u00adw\u00e4hl\u00adten Lie\u00addern pas\u00adsend zur Jah\u00adres\u00adzeit und be\u00adglei\u00adten den Ge\u00adsang am Kla\u00advier oder der Gi\u00adtar\u00adre. Auch Lied\u00adw\u00fcn\u00adsche und Vor\u00adlie\u00adben der Teil\u00adneh\u00admen\u00adden wer\u00adden ent\u00adspre\u00adchend be\u00adr\u00fcck\u00adsich\u00adtigt und eingebunden.&nbsp;<\/p>\n<p>San\u00adges\u00adfreu\u00addi\u00adge je\u00adden Al\u00adters sind herz\u00adlich ein\u00adge\u00adla\u00adden, im\u00admer diens\u00adtags von 17:00 bis 18:00 Uhr ins Mehr\u00adge\u00adne\u00adra\u00adtio\u00adnen\u00adhaus zu kom\u00admen und mit\u00adzu\u00adsin\u00adgen oder auch ein\u00adfach nur in net\u00adter Ge\u00adsell\u00adschaft dem Lied\u00adgut zu lauschen.<\/p>\n<p style=\"padding-left: 30px; font-size: 14px;\"><em><span class=\"dquo\">\u201e<\/span>Ge\u00admein\u00adsa\u00admes Sin\u00adgen stei\u00adgert das Wohl\u00adbe\u00adfin\u00adden, st\u00e4rkt Ab\u00adwehr\u00adkr\u00e4f\u00adte und At\u00admung, sch\u00fctzt vor Stimm\u00adpro\u00adble\u00admen und ver\u00adbin\u00addet uns \u00fcber alle Ge\u00adne\u00adra\u00adtio\u00adnen und Lebens\u00adlagen hin\u00adweg mit\u00adein\u00adan\u00adder. Sin\u00adgen im Chor ist also nicht nur et\u00adwas f\u00fcr \u00dcberzeugungs\u00adt\u00e4ter, son\u00addern kann hel\u00adfen, wenn es uns ein\u00admal schlecht geht. So k\u00f6n\u00adnen Men\u00adschen mit ge\u00adsund\u00adheit\u00adli\u00adchen Pro\u00adble\u00admen das Sin\u00adgen als re\u00adzept\u00adfreie und ne\u00adben\u00adwir\u00adkungs\u00adar\u00adme The\u00adra\u00adpie mit Spa\u00df\u00adfak\u00adtor entdecken.\u201c&nbsp;<\/em><\/p>\n<p style=\"margin-top: -16px; padding-left: 30px; text-align: right; font-size: 12px; line-height: 14px !important;\">(Aus\u00adzug aus dem Klap\u00adpen\u00adtext von <strong><span class=\"push-double\"><\/span>\u200b<span class=\"pull-double\">\u201e<\/span>War\u00adum Sin\u00adgen gl\u00fcck\u00adlich macht\u201c<\/strong><br>von Prof. Dr. Gun\u00adter Kreutz, Sach\u00adbuch, Psy\u00adcho\u00adso\u00adzi\u00adal-Ver\u00adlag,&nbsp;2014)<\/p>\n<p>Wir su\u00adchen auch im\u00admer en\u00adga\u00adgier\u00adte Men\u00adschen al\u00adler Ge\u00adne\u00adra\u00adtio\u00adnen, die ger\u00adne das Pro\u00adgramm des Of\u00adfe\u00adnen Sing\u00adkrei\u00adses mit\u00adge\u00adstal\u00adten und be\u00adrei\u00adchern m\u00f6ch\u00adten \u2013 spre\u00adchen Sie uns&nbsp;an!&nbsp;<\/p>\n<div>\n<table>\n<tbody>\n<tr>\n<th align=\"left\" valign=\"top\">Wo<\/th>\n<td class=\"cellgray\">Mehr\u00adge\u00adne\u00adra\u00adtio\u00adnen\u00adhaus Ha\u00dffurt<br>\nBRK Kreis\u00adver\u00adband Ha\u00dfberge<br>\nCaf\u00e9 Bis\u00adtro <span class=\"push-double\"><\/span>\u200b<span class=\"pull-double\">\u201c<\/span>OF\u00adFE\u00adNER TREFF\u201d<br>\nMarkt\u00adplatz 10<br>\n97437 Ha\u00dffurt<\/td>\n<\/tr>\n<tr>\n<th align=\"left\" valign=\"top\">Wann<\/th>\n<td class=\"cellgray\">je\u00adden Diens\u00adtag, 17:00 \u2013 18:00 Uhr<\/td>\n<\/tr>\n<tr>\n<th align=\"left\" valign=\"top\">An\u00admel\u00addung\n<\/th><td class=\"cellgray\" align=\"left\" valign=\"top\" width=\"430\">An\u00admel\u00addung ist nicht erforderlich<\/td>\n<\/tr>\n<tr>\n<th align=\"left\" valign=\"top\">Kos\u00adten\n<\/th><td class=\"cellgray\" align=\"left\" valign=\"top\" width=\"430\">kos\u00adten\u00adlos<\/td>\n<\/tr>\n<\/tbody>\n<\/table>\n<\/div>\n","protected":false},"excerpt":{"rendered":"<p>In un\u00adse\u00adrem Of\u00adfe\u00adnen Sing\u00adkreis wer\u00adden je\u00adden Diens\u00adtag Lie\u00adder f\u00fcr alle Ge\u00adne\u00adra\u00adtio\u00adnen ge\u00adsun\u00adgen oder es wird auch ein\u00adfach nur dem Ge\u00adsang ge\u00adlauscht.&nbsp; Frei\u00adwil\u00adlig en\u00adga\u00adgier\u00adte Sing\u00adkreis\u00adlei\u00adte\u00adrin\u00adnen und Sing\u00adkreis\u00adlei\u00adter ge\u00adstal\u00adten die of\u00adfe\u00adnen Sing\u00adkreis\u00adstun\u00adden mit aus\u00adge\u00adw\u00e4hl\u00adten Lie\u00addern pas\u00adsend zur Jah\u00adres\u00adzeit und be\u00adglei\u00adten den Ge\u00adsang am Kla\u00advier oder der Gi\u00adtar\u00adre. Auch Lied\u00adw\u00fcn\u00adsche und Vor\u00adlie\u00adben der Teil\u00adneh\u00admen\u00adden wer\u00adden ent\u00adspre\u00adchend be\u00adr\u00fcck\u00adsich\u00adtigt&nbsp;und&nbsp;<\/p>\n<p class=\"excerpt-link\"><a class=\"read-more\" href=\"https:\/\/www.mehrgenerationenhaus-hassfurt.de\/mgh\/angebote\/singkreis\/\">Read More \u2192<\/a><\/p>\n","protected":false},"author":3,"featured_media":6529,"parent":219,"menu_order":0,"comment_status":"closed","ping_status":"closed","template":"","meta":{"inline_featured_image":false,"wp_typography_post_enhancements_disabled":false,"_mc_calendar":[],"footnotes":""},"class_list":["post-5873","page","type-page","status-publish","has-post-thumbnail","hentry"],"yoast_head":"<!-- This site is optimized with the Yoast SEO plugin v26.9 - https:\/\/yoast.com\/product\/yoast-seo-wordpress\/ -->\n<title>Offener Singkreis | Mehrgenerationenhaus Ha\u00dffurt<\/title>\n<meta name=\"description\" content=\"Der Offene Singkreis im MGH Ha\u00dffurt erfreut sich am Singen von Volksliedern f\u00fcr alle Generationen. Dienstags 17:00 - 18:00 Uhr.\" \/>\n<meta name=\"robots\" content=\"index, follow, max-snippet:-1, max-image-preview:large, max-video-preview:-1\" \/>\n<link rel=\"canonical\" href=\"https:\/\/www.mehrgenerationenhaus-hassfurt.de\/mgh\/angebote\/singkreis\/\" \/>\n<meta property=\"og:locale\" content=\"de_DE\" \/>\n<meta property=\"og:type\" content=\"article\" \/>\n<meta property=\"og:title\" content=\"Offener Singkreis | Mehrgenerationenhaus Ha\u00dffurt\" \/>\n<meta property=\"og:description\" content=\"Der Offene Singkreis im MGH Ha\u00dffurt erfreut sich am Singen von Volksliedern f\u00fcr alle Generationen. Dienstags 17:00 - 18:00 Uhr.\" \/>\n<meta property=\"og:url\" content=\"https:\/\/www.mehrgenerationenhaus-hassfurt.de\/mgh\/angebote\/singkreis\/\" \/>\n<meta property=\"og:site_name\" content=\"Mehrgenerationenhaus Ha\u00dffurt\" \/>\n<meta property=\"article:publisher\" content=\"https:\/\/de-de.facebook.com\/mehrgenerationenhausHAS\/\" \/>\n<meta property=\"article:modified_time\" content=\"2021-01-26T16:19:40+00:00\" \/>\n<!-- \/ Yoast SEO plugin. -->","yoast_head_json":{"title":"Offener Singkreis | Mehrgenerationenhaus Ha\u00dffurt","description":"Der Offene Singkreis im MGH Ha\u00dffurt erfreut sich am Singen von Volksliedern f\u00fcr alle Generationen. Dienstags 17:00 - 18:00 Uhr.","robots":{"index":"index","follow":"follow","max-snippet":"max-snippet:-1","max-image-preview":"max-image-preview:large","max-video-preview":"max-video-preview:-1"},"canonical":"https:\/\/www.mehrgenerationenhaus-hassfurt.de\/mgh\/angebote\/singkreis\/","og_locale":"de_DE","og_type":"article","og_title":"Offener Singkreis | Mehrgenerationenhaus Ha\u00dffurt","og_description":"Der Offene Singkreis im MGH Ha\u00dffurt erfreut sich am Singen von Volksliedern f\u00fcr alle Generationen. Dienstags 17:00 - 18:00 Uhr.","og_url":"https:\/\/www.mehrgenerationenhaus-hassfurt.de\/mgh\/angebote\/singkreis\/","og_site_name":"Mehrgenerationenhaus Ha\u00dffurt","article_publisher":"https:\/\/de-de.facebook.com\/mehrgenerationenhausHAS\/","article_modified_time":"2021-01-26T16:19:40+00:00","schema":{"@context":"https:\/\/schema.org","@graph":[{"@type":"WebPage","@id":"https:\/\/www.mehrgenerationenhaus-hassfurt.de\/mgh\/angebote\/singkreis\/","url":"https:\/\/www.mehrgenerationenhaus-hassfurt.de\/mgh\/angebote\/singkreis\/","name":"Offener Singkreis | Mehrgenerationenhaus Ha\u00dffurt","isPartOf":{"@id":"https:\/\/www.mehrgenerationenhaus-hassfurt.de\/mgh\/#website"},"primaryImageOfPage":{"@id":"https:\/\/www.mehrgenerationenhaus-hassfurt.de\/mgh\/angebote\/singkreis\/#primaryimage"},"image":{"@id":"https:\/\/www.mehrgenerationenhaus-hassfurt.de\/mgh\/angebote\/singkreis\/#primaryimage"},"thumbnailUrl":"","datePublished":"2013-10-07T09:45:37+00:00","dateModified":"2021-01-26T16:19:40+00:00","description":"Der Offene Singkreis im MGH Ha\u00dffurt erfreut sich am Singen von Volksliedern f\u00fcr alle Generationen. Dienstags 17:00 - 18:00 Uhr.","breadcrumb":{"@id":"https:\/\/www.mehrgenerationenhaus-hassfurt.de\/mgh\/angebote\/singkreis\/#breadcrumb"},"inLanguage":"de","potentialAction":[{"@type":"ReadAction","target":["https:\/\/www.mehrgenerationenhaus-hassfurt.de\/mgh\/angebote\/singkreis\/"]}]},{"@type":"ImageObject","inLanguage":"de","@id":"https:\/\/www.mehrgenerationenhaus-hassfurt.de\/mgh\/angebote\/singkreis\/#primaryimage","url":"","contentUrl":""},{"@type":"BreadcrumbList","@id":"https:\/\/www.mehrgenerationenhaus-hassfurt.de\/mgh\/angebote\/singkreis\/#breadcrumb","itemListElement":[{"@type":"ListItem","position":1,"name":"Startseite","item":"https:\/\/www.mehrgenerationenhaus-hassfurt.de\/mgh\/"},{"@type":"ListItem","position":2,"name":"Angebote und Dienstleistungen","item":"https:\/\/www.mehrgenerationenhaus-hassfurt.de\/mgh\/angebote\/"},{"@type":"ListItem","position":3,"name":"Offener Singkreis"}]},{"@type":"WebSite","@id":"https:\/\/www.mehrgenerationenhaus-hassfurt.de\/mgh\/#website","url":"https:\/\/www.mehrgenerationenhaus-hassfurt.de\/mgh\/","name":"Mehrgenerationenhaus Ha\u00dffurt","description":"Mehrgenerationenhaus Ha\u00dffurt","publisher":{"@id":"https:\/\/www.mehrgenerationenhaus-hassfurt.de\/mgh\/#organization"},"potentialAction":[{"@type":"SearchAction","target":{"@type":"EntryPoint","urlTemplate":"https:\/\/www.mehrgenerationenhaus-hassfurt.de\/mgh\/?s={search_term_string}"},"query-input":{"@type":"PropertyValueSpecification","valueRequired":true,"valueName":"search_term_string"}}],"inLanguage":"de"},{"@type":"Organization","@id":"https:\/\/www.mehrgenerationenhaus-hassfurt.de\/mgh\/#organization","name":"Mehrgenerationenhaus Ha\u00dffurt","url":"https:\/\/www.mehrgenerationenhaus-hassfurt.de\/mgh\/","logo":{"@type":"ImageObject","inLanguage":"de","@id":"https:\/\/www.mehrgenerationenhaus-hassfurt.de\/mgh\/#\/schema\/logo\/image\/","url":"https:\/\/www.mehrgenerationenhaus-hassfurt.de\/mgh\/wp-cnt\/uploads\/MGH_Logo_2020_hassfurt-scaled.jpg","contentUrl":"https:\/\/www.mehrgenerationenhaus-hassfurt.de\/mgh\/wp-cnt\/uploads\/MGH_Logo_2020_hassfurt-scaled.jpg","width":2560,"height":1162,"caption":"Mehrgenerationenhaus Ha\u00dffurt"},"image":{"@id":"https:\/\/www.mehrgenerationenhaus-hassfurt.de\/mgh\/#\/schema\/logo\/image\/"},"sameAs":["https:\/\/de-de.facebook.com\/mehrgenerationenhausHAS\/"]}]}},"publishpress_future_workflow_manual_trigger":{"enabledWorkflows":[]},"_links":{"self":[{"href":"https:\/\/www.mehrgenerationenhaus-hassfurt.de\/mgh\/wp-json\/wp\/v2\/pages\/5873","targetHints":{"allow":["GET"]}}],"collection":[{"href":"https:\/\/www.mehrgenerationenhaus-hassfurt.de\/mgh\/wp-json\/wp\/v2\/pages"}],"about":[{"href":"https:\/\/www.mehrgenerationenhaus-hassfurt.de\/mgh\/wp-json\/wp\/v2\/types\/page"}],"author":[{"embeddable":true,"href":"https:\/\/www.mehrgenerationenhaus-hassfurt.de\/mgh\/wp-json\/wp\/v2\/users\/3"}],"replies":[{"embeddable":true,"href":"https:\/\/www.mehrgenerationenhaus-hassfurt.de\/mgh\/wp-json\/wp\/v2\/comments?post=5873"}],"version-history":[{"count":0,"href":"https:\/\/www.mehrgenerationenhaus-hassfurt.de\/mgh\/wp-json\/wp\/v2\/pages\/5873\/revisions"}],"up":[{"embeddable":true,"href":"https:\/\/www.mehrgenerationenhaus-hassfurt.de\/mgh\/wp-json\/wp\/v2\/pages\/219"}],"wp:featuredmedia":[{"embeddable":true,"href":"https:\/\/www.mehrgenerationenhaus-hassfurt.de\/mgh\/wp-json\/"}],"wp:attachment":[{"href":"https:\/\/www.mehrgenerationenhaus-hassfurt.de\/mgh\/wp-json\/wp\/v2\/media?parent=5873"}],"curies":[{"name":"wp","href":"https:\/\/api.w.org\/{rel}","templated":true}]}}