{"id":6243,"date":"2013-11-12T14:10:08","date_gmt":"2013-11-12T13:10:08","guid":{"rendered":"https:\/\/www.mehrgenerationenhaus-hassfurt.de\/wp\/?page_id=6243"},"modified":"2024-09-02T16:06:47","modified_gmt":"2024-09-02T14:06:47","slug":"musizieren-mit-der-veeh-harfe","status":"publish","type":"page","link":"https:\/\/www.mehrgenerationenhaus-hassfurt.de\/mgh\/angebote\/musizieren-mit-der-veeh-harfe\/","title":{"rendered":"Musizieren mit der Veeh-Harfe"},"content":{"rendered":"<p><img loading=\"lazy\" decoding=\"async\" class=\"alignnone size-full wp-image-50682\" src=\"https:\/\/www.mehrgenerationenhaus-hassfurt.de\/mgh\/wp-cnt\/uploads\/veeh-harfe2020_c580.jpg\" alt=\"Das Musizieren mit der Veeh-Harfe ist f\u00fcr Gro\u00df und Klein leicht zu erlernen. (Fotos: Ren\u00e9 Ruprecht und MGH-Team)\" width=\"580\" height=\"125\" srcset=\"https:\/\/www.mehrgenerationenhaus-hassfurt.de\/mgh\/wp-cnt\/uploads\/veeh-harfe2020_c580.jpg 580w, https:\/\/www.mehrgenerationenhaus-hassfurt.de\/mgh\/wp-cnt\/uploads\/veeh-harfe2020_c580-300x65.jpg 300w\" sizes=\"auto, (max-width: 580px) 100vw, 580px\"><\/p>\n<p>Ge\u00admein\u00adsa\u00admes Mu\u00adsi\u00adzie\u00adren auch ohne No\u00adten\u00adkennt\u00adnis\u00adse \u2013 das macht das Mu\u00adsi\u00adzie\u00adren mit der Veeh-Har\u00adfe un\u00adter An\u00adlei\u00adtung un\u00adse\u00adres frei\u00adwil\u00adlig En\u00adga\u00adgier\u00adten Wer\u00adner Hirt aus Un\u00adter\u00adstein\u00adbach m\u00f6glich.<\/p>\n<p>Das Spie\u00adlen auf der Veeh-Har\u00adfe ist leicht zu er\u00adler\u00adnen. Nach kur\u00adzer Ein\u00adwei\u00adsung und ein biss\u00adchen \u00dcbung h\u00f6rt man be\u00adreits ers\u00adte Er\u00adfolgs\u00ader\u00adleb\u00adnis\u00adse. <span class=\"push-double\"><\/span>\u200b<span class=\"pull-double\">\u201e<\/span>Das ist ei\u00adgent\u00adlich das Be\u00adrau\u00adschen\u00adde und das Sch\u00f6\u00adne an die\u00adsem In\u00adstru\u00adment\u201c, schw\u00e4rmt Wer\u00adner&nbsp;Hirt.<\/p>\n<p>Bei der Veeh-Har\u00adfe han\u00addelt es sich um ein Sai\u00adten\u00adzupf\u00adin\u00adstru\u00adment, das ge\u00adspielt wird, in\u00addem man die Sai\u00adten in der Rei\u00adhen\u00adfol\u00adge zupft, wie sie auf ei\u00adnem un\u00adter\u00adge\u00adscho\u00adbe\u00adnen No\u00adten\u00adblatt durch Mar\u00adkie\u00adrun\u00adgen vor\u00adge\u00adge\u00adben&nbsp;ist.<\/p>\n<p>Es wer\u00adden be\u00adkann\u00adte Volks\u00adlie\u00adder, so\u00adwie Kir\u00adchen- und Weih\u00adnachts\u00adlie\u00adder ge\u00adspielt. Das An\u00adge\u00adbot rich\u00adtet sich an alle, die Freu\u00adde an der Mu\u00adsik und am Mu\u00adsi\u00adzie\u00adren ha\u00adben, auch Mu\u00adsik\u00adneu\u00adlin\u00adge ohne Vor- und No\u00adten\u00adkennt\u00adnis\u00adse k\u00f6n\u00adnen mitmachen.<\/p>\n<p>Wer\u00adner Hirt blickt auf eine be\u00adreits 25-j\u00e4h\u00adri\u00adge Er\u00adfah\u00adrung mit die\u00adsem In\u00adstru\u00adment zu\u00adr\u00fcck und kam durch sei\u00adne Be\u00adtreu\u00ader\u00adt\u00e4\u00adtig\u00adkeit in der Le\u00adbens\u00adhil\u00adfe zum Mu\u00adsi\u00adzie\u00adren mit der Veeh-Harfe.<\/p>\n<p>Die In\u00adstru\u00admen\u00adte wer\u00adden zur Ver\u00adf\u00fc\u00adgung gestellt.<br>\n<\/p><div class=\"su-row\"><div class=\"su-column su-column-size-3-4 padding-right: 10px;\"><div class=\"su-column-inner su-u-clearfix su-u-trim\">\n<p style=\"margin-top: 0px; font-size: 14px; color: #777; text-align: right;\"><strong>Wer\u00adner&nbsp;Hirt<\/strong><\/p>\n<h3 style=\"margin-top: -20px; margin-bottom: -15px; font-size: 14px; font-weight: normal; color: #777; text-align: right;\">Pate des Angebots <span class=\"push-double\"><\/span>\u200b<span class=\"pull-double\">\u201e<\/span>Musizieren mit der Veeh-Harfe\u201c<\/h3>\n<\/div><\/div>\n<div class=\"su-column su-column-size-1-4\"><div class=\"su-column-inner su-u-clearfix su-u-trim\"><img loading=\"lazy\" decoding=\"async\" class=\"alignright size-full wp-image-50685\" style=\"margin-top: -70px; margin-bottom: -90px;\" src=\"https:\/\/www.mehrgenerationenhaus-hassfurt.de\/mgh\/wp-cnt\/uploads\/hirt_145.png\" alt=\"Werner Hirt, Pate des MGH-Angebots Musizieren mit der Veeh-Harfe\" width=\"145\" height=\"145\"><\/div><\/div><\/div>\n<div>\n<table>\n<tbody>\n<tr>\n<th style=\"background-color: #c3c3c3; width: 100px;\" align=\"left\" valign=\"top\" width=\"100\">Wo<\/th>\n<td style=\"border-color: #333333; background-color: #f0f0f0; width: 450px;\" align=\"left\" valign=\"top\" width=\"450\">Mehr\u00adge\u00adne\u00adra\u00adtio\u00adnen\u00adhaus Ha\u00dffurt<br>\nBRK Kreis\u00adver\u00adband Ha\u00dfberge<br>\nMarkt\u00adplatz 10<br>\n97437 Ha\u00dffurt<\/td>\n<\/tr>\n<tr>\n<th style=\"background-color: #c3c3c3; width: 100px;\" align=\"left\" valign=\"top\" width=\"100\">Wann<\/th>\n<td style=\"border-color: #333333; background-color: #f0f0f0; width: 480px;\" align=\"left\" valign=\"top\" width=\"480\">Ter\u00admi\u00adne auf Anfrage<\/td>\n<\/tr>\n<tr>\n<th style=\"background-color: #c3c3c3; width: 100px;\" align=\"left\" valign=\"top\" width=\"100\">Kos\u00adten<\/th>\n<td style=\"border-color: #333333; background-color: #f0f0f0; width: 480px;\" align=\"left\" valign=\"top\" width=\"480\">(kos\u00adten\u00adlos)<\/td>\n<\/tr>\n<\/tbody>\n<\/table>\n<\/div>\n","protected":false},"excerpt":{"rendered":"<p>Ge\u00admein\u00adsa\u00admes Mu\u00adsi\u00adzie\u00adren auch ohne No\u00adten\u00adkennt\u00adnis\u00adse \u2013 das macht das Mu\u00adsi\u00adzie\u00adren mit der Veeh-Har\u00ad\u00adfe un\u00adter An\u00adlei\u00adtung un\u00adse\u00adres frei\u00adwil\u00adlig En\u00adga\u00adgier\u00adten Wer\u00adner Hirt aus Un\u00adter\u00adstein\u00adbach m\u00f6g\u00adlich. Das Spie\u00adlen auf der Veeh-Har\u00ad\u00adfe ist leicht zu er\u00adler\u00adnen. Nach kur\u00adzer Ein\u00adwei\u00adsung und ein biss\u00adchen \u00dcbung h\u00f6rt man be\u00adreits ers\u00adte Er\u00adfolgs\u00ader\u00adleb\u00adnis\u00adse. \u200b\u201eDas ist ei\u00adgent\u00adlich das Be\u00adrau\u00adschen\u00adde und das Sch\u00f6\u00adne an die\u00adsem Instrument\u201c,&nbsp;<\/p>\n<p class=\"excerpt-link\"><a class=\"read-more\" href=\"https:\/\/www.mehrgenerationenhaus-hassfurt.de\/mgh\/angebote\/musizieren-mit-der-veeh-harfe\/\">Read More \u2192<\/a><\/p>\n","protected":false},"author":3,"featured_media":0,"parent":219,"menu_order":0,"comment_status":"closed","ping_status":"closed","template":"","meta":{"inline_featured_image":false,"wp_typography_post_enhancements_disabled":false,"_mc_calendar":[],"footnotes":""},"class_list":["post-6243","page","type-page","status-publish","hentry"],"yoast_head":"<!-- This site is optimized with the Yoast SEO plugin v27.4 - https:\/\/yoast.com\/product\/yoast-seo-wordpress\/ -->\n<title>Musizieren mit der Veeh-Harfe | Mehrgenerationenhaus Ha\u00dffurt<\/title>\n<meta name=\"description\" content=\"Veeh-Harfe spielen im Mehrgenerationenhaus Ha\u00dffurt: Werner Hirt aus Untersteinbach l\u00e4dt zum offenen Musizieren f\u00fcr alle Generationen ein.\" \/>\n<meta name=\"robots\" content=\"index, follow, max-snippet:-1, max-image-preview:large, max-video-preview:-1\" \/>\n<link rel=\"canonical\" href=\"https:\/\/www.mehrgenerationenhaus-hassfurt.de\/mgh\/angebote\/musizieren-mit-der-veeh-harfe\/\" \/>\n<meta property=\"og:locale\" content=\"de_DE\" \/>\n<meta property=\"og:type\" content=\"article\" \/>\n<meta property=\"og:title\" content=\"Musizieren mit der Veeh-Harfe | Mehrgenerationenhaus Ha\u00dffurt\" \/>\n<meta property=\"og:description\" content=\"Veeh-Harfe spielen im Mehrgenerationenhaus Ha\u00dffurt: Werner Hirt aus Untersteinbach l\u00e4dt zum offenen Musizieren f\u00fcr alle Generationen ein.\" \/>\n<meta property=\"og:url\" content=\"https:\/\/www.mehrgenerationenhaus-hassfurt.de\/mgh\/angebote\/musizieren-mit-der-veeh-harfe\/\" \/>\n<meta property=\"og:site_name\" content=\"Mehrgenerationenhaus Ha\u00dffurt\" \/>\n<meta property=\"article:publisher\" content=\"https:\/\/de-de.facebook.com\/mehrgenerationenhausHAS\/\" \/>\n<meta property=\"article:modified_time\" content=\"2024-09-02T14:06:47+00:00\" \/>\n<meta property=\"og:image\" content=\"https:\/\/www.mehrgenerationenhaus-hassfurt.de\/mgh\/wp-cnt\/uploads\/veeh-harfe2020_c580.jpg\" \/>\n<!-- \/ Yoast SEO plugin. -->","yoast_head_json":{"title":"Musizieren mit der Veeh-Harfe | Mehrgenerationenhaus Ha\u00dffurt","description":"Veeh-Harfe spielen im Mehrgenerationenhaus Ha\u00dffurt: Werner Hirt aus Untersteinbach l\u00e4dt zum offenen Musizieren f\u00fcr alle Generationen ein.","robots":{"index":"index","follow":"follow","max-snippet":"max-snippet:-1","max-image-preview":"max-image-preview:large","max-video-preview":"max-video-preview:-1"},"canonical":"https:\/\/www.mehrgenerationenhaus-hassfurt.de\/mgh\/angebote\/musizieren-mit-der-veeh-harfe\/","og_locale":"de_DE","og_type":"article","og_title":"Musizieren mit der Veeh-Harfe | Mehrgenerationenhaus Ha\u00dffurt","og_description":"Veeh-Harfe spielen im Mehrgenerationenhaus Ha\u00dffurt: Werner Hirt aus Untersteinbach l\u00e4dt zum offenen Musizieren f\u00fcr alle Generationen ein.","og_url":"https:\/\/www.mehrgenerationenhaus-hassfurt.de\/mgh\/angebote\/musizieren-mit-der-veeh-harfe\/","og_site_name":"Mehrgenerationenhaus Ha\u00dffurt","article_publisher":"https:\/\/de-de.facebook.com\/mehrgenerationenhausHAS\/","article_modified_time":"2024-09-02T14:06:47+00:00","og_image":[{"url":"https:\/\/www.mehrgenerationenhaus-hassfurt.de\/mgh\/wp-cnt\/uploads\/veeh-harfe2020_c580.jpg","type":"","width":"","height":""}],"schema":{"@context":"https:\/\/schema.org","@graph":[{"@type":"WebPage","@id":"https:\/\/www.mehrgenerationenhaus-hassfurt.de\/mgh\/angebote\/musizieren-mit-der-veeh-harfe\/","url":"https:\/\/www.mehrgenerationenhaus-hassfurt.de\/mgh\/angebote\/musizieren-mit-der-veeh-harfe\/","name":"Musizieren mit der Veeh-Harfe | Mehrgenerationenhaus Ha\u00dffurt","isPartOf":{"@id":"https:\/\/www.mehrgenerationenhaus-hassfurt.de\/mgh\/#website"},"primaryImageOfPage":{"@id":"https:\/\/www.mehrgenerationenhaus-hassfurt.de\/mgh\/angebote\/musizieren-mit-der-veeh-harfe\/#primaryimage"},"image":{"@id":"https:\/\/www.mehrgenerationenhaus-hassfurt.de\/mgh\/angebote\/musizieren-mit-der-veeh-harfe\/#primaryimage"},"thumbnailUrl":"https:\/\/www.mehrgenerationenhaus-hassfurt.de\/mgh\/wp-cnt\/uploads\/veeh-harfe2020_c580.jpg","datePublished":"2013-11-12T13:10:08+00:00","dateModified":"2024-09-02T14:06:47+00:00","description":"Veeh-Harfe spielen im Mehrgenerationenhaus Ha\u00dffurt: Werner Hirt aus Untersteinbach l\u00e4dt zum offenen Musizieren f\u00fcr alle Generationen ein.","breadcrumb":{"@id":"https:\/\/www.mehrgenerationenhaus-hassfurt.de\/mgh\/angebote\/musizieren-mit-der-veeh-harfe\/#breadcrumb"},"inLanguage":"de","potentialAction":[{"@type":"ReadAction","target":["https:\/\/www.mehrgenerationenhaus-hassfurt.de\/mgh\/angebote\/musizieren-mit-der-veeh-harfe\/"]}]},{"@type":"ImageObject","inLanguage":"de","@id":"https:\/\/www.mehrgenerationenhaus-hassfurt.de\/mgh\/angebote\/musizieren-mit-der-veeh-harfe\/#primaryimage","url":"https:\/\/www.mehrgenerationenhaus-hassfurt.de\/mgh\/wp-cnt\/uploads\/veeh-harfe2020_c580.jpg","contentUrl":"https:\/\/www.mehrgenerationenhaus-hassfurt.de\/mgh\/wp-cnt\/uploads\/veeh-harfe2020_c580.jpg","width":580,"height":125,"caption":"Das Musizieren mit der Veeh-Harfe ist f\u00fcr Gro\u00df und Klein leicht zu erlernen (Fotos: Ren\u00e9 Ruprecht & MGH-Team)"},{"@type":"BreadcrumbList","@id":"https:\/\/www.mehrgenerationenhaus-hassfurt.de\/mgh\/angebote\/musizieren-mit-der-veeh-harfe\/#breadcrumb","itemListElement":[{"@type":"ListItem","position":1,"name":"Startseite","item":"https:\/\/www.mehrgenerationenhaus-hassfurt.de\/mgh\/"},{"@type":"ListItem","position":2,"name":"Angebote und Dienstleistungen","item":"https:\/\/www.mehrgenerationenhaus-hassfurt.de\/mgh\/angebote\/"},{"@type":"ListItem","position":3,"name":"Musizieren mit der Veeh-Harfe"}]},{"@type":"WebSite","@id":"https:\/\/www.mehrgenerationenhaus-hassfurt.de\/mgh\/#website","url":"https:\/\/www.mehrgenerationenhaus-hassfurt.de\/mgh\/","name":"Mehrgenerationenhaus Ha\u00dffurt","description":"Mehrgenerationenhaus Ha\u00dffurt","publisher":{"@id":"https:\/\/www.mehrgenerationenhaus-hassfurt.de\/mgh\/#organization"},"potentialAction":[{"@type":"SearchAction","target":{"@type":"EntryPoint","urlTemplate":"https:\/\/www.mehrgenerationenhaus-hassfurt.de\/mgh\/?s={search_term_string}"},"query-input":{"@type":"PropertyValueSpecification","valueRequired":true,"valueName":"search_term_string"}}],"inLanguage":"de"},{"@type":"Organization","@id":"https:\/\/www.mehrgenerationenhaus-hassfurt.de\/mgh\/#organization","name":"Mehrgenerationenhaus Ha\u00dffurt","url":"https:\/\/www.mehrgenerationenhaus-hassfurt.de\/mgh\/","logo":{"@type":"ImageObject","inLanguage":"de","@id":"https:\/\/www.mehrgenerationenhaus-hassfurt.de\/mgh\/#\/schema\/logo\/image\/","url":"https:\/\/www.mehrgenerationenhaus-hassfurt.de\/mgh\/wp-cnt\/uploads\/MGH_Logo_2020_hassfurt-scaled.jpg","contentUrl":"https:\/\/www.mehrgenerationenhaus-hassfurt.de\/mgh\/wp-cnt\/uploads\/MGH_Logo_2020_hassfurt-scaled.jpg","width":2560,"height":1162,"caption":"Mehrgenerationenhaus Ha\u00dffurt"},"image":{"@id":"https:\/\/www.mehrgenerationenhaus-hassfurt.de\/mgh\/#\/schema\/logo\/image\/"},"sameAs":["https:\/\/de-de.facebook.com\/mehrgenerationenhausHAS\/"]}]}},"publishpress_future_workflow_manual_trigger":{"enabledWorkflows":[]},"_links":{"self":[{"href":"https:\/\/www.mehrgenerationenhaus-hassfurt.de\/mgh\/wp-json\/wp\/v2\/pages\/6243","targetHints":{"allow":["GET"]}}],"collection":[{"href":"https:\/\/www.mehrgenerationenhaus-hassfurt.de\/mgh\/wp-json\/wp\/v2\/pages"}],"about":[{"href":"https:\/\/www.mehrgenerationenhaus-hassfurt.de\/mgh\/wp-json\/wp\/v2\/types\/page"}],"author":[{"embeddable":true,"href":"https:\/\/www.mehrgenerationenhaus-hassfurt.de\/mgh\/wp-json\/wp\/v2\/users\/3"}],"replies":[{"embeddable":true,"href":"https:\/\/www.mehrgenerationenhaus-hassfurt.de\/mgh\/wp-json\/wp\/v2\/comments?post=6243"}],"version-history":[{"count":0,"href":"https:\/\/www.mehrgenerationenhaus-hassfurt.de\/mgh\/wp-json\/wp\/v2\/pages\/6243\/revisions"}],"up":[{"embeddable":true,"href":"https:\/\/www.mehrgenerationenhaus-hassfurt.de\/mgh\/wp-json\/wp\/v2\/pages\/219"}],"wp:attachment":[{"href":"https:\/\/www.mehrgenerationenhaus-hassfurt.de\/mgh\/wp-json\/wp\/v2\/media?parent=6243"}],"curies":[{"name":"wp","href":"https:\/\/api.w.org\/{rel}","templated":true}]}}