{"id":6531,"date":"2025-01-09T17:07:36","date_gmt":"2025-01-09T16:07:36","guid":{"rendered":"https:\/\/www.mehrgenerationenhaus-hassfurt.de\/wp\/?page_id=6531"},"modified":"2026-01-15T16:40:59","modified_gmt":"2026-01-15T15:40:59","slug":"ferienprogramme-aktuell","status":"publish","type":"page","link":"https:\/\/www.mehrgenerationenhaus-hassfurt.de\/mgh\/angebote\/ferienprogramme-aktuell\/","title":{"rendered":"Freizeitp\u00e4dagogische Ferienprogramme"},"content":{"rendered":"<p><img loading=\"lazy\" decoding=\"async\" class=\"alignnone size-full wp-image-50622\" src=\"https:\/\/www.mehrgenerationenhaus-hassfurt.de\/mgh\/wp-cnt\/uploads\/ferienprogramme_c2021_580.jpg\" alt=\"Freizeitp\u00e4dagogische Ferienprogramme\" width=\"580\" height=\"125\" srcset=\"https:\/\/www.mehrgenerationenhaus-hassfurt.de\/mgh\/wp-cnt\/uploads\/ferienprogramme_c2021_580.jpg 580w, https:\/\/www.mehrgenerationenhaus-hassfurt.de\/mgh\/wp-cnt\/uploads\/ferienprogramme_c2021_580-300x65.jpg 300w\" sizes=\"auto, (max-width: 580px) 100vw, 580px\"><\/p>\n<div style=\"margin-bottom: 20px; border: 1px solid grey; background-color: #fefae5; padding: 12px;\">\n<h2>Vorank\u00fcndigung Termine 2026:<\/h2>\n<p><strong>Ei\u00adni\u00adge Ter\u00admi\u00adne f\u00fcr 2026 ste\u00adhen be\u00adreits fest:<\/strong><\/p>\n<table>\n<tbody>\n<tr>\n<td style=\"text-align: left; vertical-align: top; width: 150px;\"><strong>Som\u00admer&nbsp;5<\/strong><\/td>\n<td style=\"text-align: left; vertical-align: top; width: 300px;\">31.08. \u2013 04.09.2026, <br>\nt\u00e4gl. von 7:30 bis 17:00 Uhr<br>\n5 Tage, 115,00\u20ac<\/td>\n<td>START\u00adklar Fa\u00admi\u00adli\u00aden \u2013 <br>FIT f\u00fcr den SCHUL\u00adEIN\u00adTRITT <br>(nur f\u00fcr Vorschulkinder)<\/td>\n<\/tr>\n<tr>\n<td style=\"text-align: left; vertical-align: top; width: 150px;\"><strong>Som\u00admer&nbsp;6<\/strong><\/td>\n<td style=\"text-align: left; vertical-align: top; width: 300px;\">07.09. \u2013 11.09.2026, <br>\nt\u00e4gl. von 7:30 bis 17:00 Uhr<br>\n5 Tage, 180,00\u20ac<br>\n<!--<img loading=\"lazy\" decoding=\"async\" style=\"margin-top: -40px; margin-left: 50px;\" src=\"https:\/\/www.mehrgenerationenhaus-hassfurt.de\/mgh\/wp-cnt\/uploads\/ausgebucht_stempel_254.png\" width=\"150\" alt=\"Dieses Ferienprogramm ist leider schon ausgebucht\" title=\"leider schon ausgebucht\" width=\"150\" height=\"64\" class=\"aligncenter size-full wp-image-52890\" \/>--><\/td>\n<td>Fa\u00adber-Cas\u00adtell Fe\u00adri\u00aden\u00adKUNST\u00adwo\u00adche: <br><span class=\"push-double\"><\/span>\u200b<span class=\"pull-double\">\u201c<\/span>Ha\u00adku\u00adna Mata\u00adta! \u2013 Kunst\u00advol\u00adle Streif\u00adz\u00fc\u00adge durch die Welt des K\u00f6\u00adnigs der L\u00f6wen\u201d<\/td>\n<\/tr>\n<\/tbody>\n<\/table>\n<p style=\"font-size: 13px;\">\u2192 <a href=\"https:\/\/www.mehrgenerationenhaus-hassfurt.de\/mgh\/wp-cnt\/uploads\/Ferienprogramme_2026_1.pdf\" rel=\"noopener\" target=\"_blank\">Fe\u00adri\u00aden\u00adpro\u00adgram\u00adme 2026: Vor\u00adab-Fly\u00ader down\u00adloa\u00adden<\/a> (PDF)<\/p>\n<\/div>\n<p>Im Rah\u00admen des Be\u00adtreu\u00adungs\u00adnetz\u00adwerks f\u00fcr alle Ge\u00adne\u00adra\u00adtio\u00adnen ist es un\u00adser Ziel, mit un\u00adse\u00adren frei\u00adzeit\u00adp\u00e4d\u00adago\u00adgi\u00adschen Fe\u00adri\u00aden\u00adpro\u00adgram\u00admen die Ver\u00adein\u00adbar\u00adkeit von Fa\u00admi\u00adlie und Be\u00adruf zu er\u00adm\u00f6g\u00adli\u00adchen und zu ver\u00adbes\u00adsern. Da\u00adher bie\u00adten wir in Ko\u00adope\u00adra\u00adtion mit der BRK-Mit\u00adtags- und Ganz\u00adta\u00adges\u00adbe\u00adtreu\u00adung in al\u00adlen baye\u00adri\u00adschen Fe\u00adri\u00aden frei\u00adzeit\u00adp\u00e4d\u00adago\u00adgi\u00adsche Be\u00adtreu\u00adun\u00adgen f\u00fcr Kin\u00adder im Al\u00adter von 6 bis 12 Jah\u00adren&nbsp;an.<\/p>\n<p>Die frei\u00adzeit\u00adp\u00e4d\u00adago\u00adgi\u00adschen Fe\u00adri\u00aden\u00adpro\u00adgram\u00adme die un\u00adter ein be\u00adstimm\u00adtes Ak\u00adti\u00adons\u00admot\u00adto ge\u00adstellt wer\u00adden, ent\u00adspre\u00adchen dem Grund\u00adsatz <span class=\"push-double\"><\/span>\u200b<span class=\"pull-double\">\u201e<\/span>Ler\u00adnen, Bil\u00addung und F\u00f6r\u00adde\u00adrung\u201c und bie\u00adten ei\u00adnen ab\u00adwechs\u00adlungs\u00adrei\u00adchen Mix aus Be\u00adwe\u00adgungs- und Krea\u00adtiv\u00adan\u00adge\u00adbo\u00adten so\u00adwie Pha\u00adsen zum Frei\u00adspie\u00adlen und Aus\u00adru\u00adhen. F\u00fcr die aus\u00adge\u00adw\u00e4hl\u00adten Ak\u00adti\u00advi\u00adt\u00e4\u00adten ste\u00adhen zahl\u00adrei\u00adche al\u00adters\u00adge\u00adrech\u00adte Bewegungs\u2011, Spiel- und Bas\u00adtel\u00adma\u00adte\u00adria\u00adli\u00aden zur Ver\u00adf\u00fc\u00adgung. Je nach The\u00adma wer\u00adden auch Aus\u00adfl\u00fc\u00adge ge\u00admacht. Jede Ak\u00adti\u00adons\u00adwo\u00adche be\u00adinhal\u00adtet eine Ganz\u00adtags\u00adver\u00adpfle\u00adgung mit Fr\u00fch\u00adst\u00fcck, Snacks, Ge\u00adtr\u00e4n\u00adken und ei\u00adnem war\u00admen Mittagessen.<\/p>\n<p>Die Kin\u00adder wer\u00adden von qua\u00adli\u00adfi\u00adzier\u00adtem Fach\u00adper\u00adso\u00adnal in der Zeit von 07:30 Uhr bis 16:30\/17:00 Uhr in den R\u00e4um\u00adlich\u00adkei\u00adten der BRK-Mit\u00adtags- und Ganz\u00adta\u00adges\u00adbe\u00adtreu\u00adung betreut.<\/p>\n<h2>Teilnahmegeb\u00fchren<\/h2>\n<p>Die Teil\u00adnah\u00adme\u00adge\u00adb\u00fchr pro Kind be\u00adtr\u00e4gt 115,00 \u20ac f\u00fcr ein f\u00fcnf\u00adt\u00e4\u00adgi\u00adges Fe\u00adri\u00aden\u00adpro\u00adgramm, 95,00 \u20ac f\u00fcr ein vier\u00adt\u00e4\u00adgi\u00adges Fe\u00adri\u00aden\u00adpro\u00adgramm, so\u00adwie 180,00 \u20ac f\u00fcr die Fe\u00adri\u00aden\u00adKUNST\u00adwo\u00adche. Ge\u00adschwis\u00adter\u00adkin\u00adder zah\u00adlen ei\u00adnen um 10,00 \u20ac er\u00adm\u00e4\u00ad\u00dfig\u00adten Bei\u00adtrag pro Fe\u00adri\u00aden\u00adpro\u00adgramm. Die Teil\u00adnah\u00adme\u00adge\u00adb\u00fchr be\u00adinhal\u00adtet alle an\u00adfal\u00adlen\u00adden Kos\u00adten f\u00fcr Be\u00adtreu\u00adungs\u00adzei\u00adten, Bas\u00adtel- und Werk\u00adma\u00adte\u00adria\u00adli\u00aden, Aus\u00adfl\u00fc\u00adge und Verpflegung.<br>\n<!--\n\n<h2>Anmeldung<\/h2>\n\n\nDie Anmeldung der Kinder zu den freizeitp\u00e4dagogischen Ferienprogrammen erfolgt ausschlie\u00dflich telefonisch \u00fcber das Mehrgenerationenhaus Ha\u00dffurt. Die Eltern erhalten dann per E-Mail den Anmeldebogen, den Elternbrief und das SEPA-Lastschriftmandat. Durch Abgabe des Anmeldebogens und einer erfolgreichen Bezahlung, ist der Platz im Ferienprogramm fest gebucht. Bitte haben Sie Verst\u00e4ndnis, dass wir keine Pl\u00e4tze reservieren k\u00f6nnen und die Kosten pro Kind auch bei Nichterscheinen entstehen. Wir empfehlen eine rechtzeitige Anmeldung, da nur eine bestimmte Anzahl an Pl\u00e4tzen zur Verf\u00fcgung steht. Bei Fragen steht Ihnen das Team des Mehrgenerationenhauses gerne zur Verf\u00fcgung.--><\/p>\n<h2>Freizeitp\u00e4dagogische Ferienprogramme 2026<\/h2>\n<p>Im Jahr 2026 k\u00f6n\u00adnen Fa\u00admi\u00adli\u00aden aus Stadt und Land\u00adkreis wie\u00adder die frei\u00adzeit\u00adp\u00e4d\u00adago\u00adgi\u00adschen Fe\u00adri\u00aden\u00adpro\u00adgram\u00adme des Mehr\u00adge\u00adne\u00adra\u00adtio\u00adnen\u00adhau\u00adses in Ko\u00adope\u00adra\u00adtion mit der BRK-Mit\u00adtags- und Ganz\u00adtags\u00adbe\u00adtreu\u00adung im Rah\u00admen des Be\u00adtreu\u00adungs\u00adnetz\u00adwerks f\u00fcr alle Ge\u00adne\u00adra\u00adtio\u00adnen in An\u00adspruch neh\u00admen. (Wei\u00adte\u00adre In\u00adfos folgen.)<br>\n<!--\n\n\n<p style=\"font-size: 16px;\"><strong>Ab sofort besteht die M\u00f6glichkeit, sich unter <a href=\"https:\/\/www.kvhassberge.brk.de\/kurse\/termine\/ferienprogramme.html\" rel=\"noopener\" target=\"_blank\">www.kvhassberge.brk.de<\/a> \n(Kurse &rarr; Termine &rarr; Ferienprogramme) f\u00fcr folgende Ferienprogramme anzumelden:<\/strong><\/p>\n\n\n\n\n<div>\n\n\n<table>\n\n\n<tbody>\n\n\n<tr>\n\n\n<td style=\"text-align: left; vertical-align: top; width: 150px;\"><strong>Ostern I<\/strong><\/td>\n\n\n\n\n<td style=\"text-align: left; vertical-align: top; width: 300px;\">14.04.2025 \u2013 17.04.2025<br \/>\n4 Tage, 95,00\u20ac<br \/> \n<img loading=\"lazy\" decoding=\"async\" style=\"margin-top: -48px; margin-bottom: -16px; margin-left: 50px;\" src=\"https:\/\/www.mehrgenerationenhaus-hassfurt.de\/mgh\/wp-cnt\/uploads\/ausgebucht_stempel_254.png\" width=\"150\" alt=\"Dieses Ferienprogramm ist leider schon ausgebucht\" title=\"leider schon ausgebucht\" width=\"150\" height=\"64\" class=\"aligncenter size-full wp-image-52890\" \/><\/td>\n\n\n\n\n<td>Alles rund um Ostern<\/td>\n\n\n<\/tr>\n\n\n\n\n<tr>\n\n\n<td style=\"text-align: left; vertical-align: top; width: 150px;\"><strong>Ostern II<\/strong><\/td>\n\n\n\n\n<td style=\"text-align: left; vertical-align: top; width: 300px;\">22.04.2025 \u2013 25.04.2025<br \/>\n4 Tage, 95,00\u20ac<br \/>\n<img loading=\"lazy\" decoding=\"async\" style=\"margin-top: -48px; margin-bottom: -16px; margin-left: 50px;\" src=\"https:\/\/www.mehrgenerationenhaus-hassfurt.de\/mgh\/wp-cnt\/uploads\/ausgebucht_stempel_254.png\" width=\"150\" alt=\"Dieses Ferienprogramm ist leider schon ausgebucht\" title=\"leider schon ausgebucht\" width=\"150\" height=\"64\" class=\"aligncenter size-full wp-image-52890\" \/><\/td>\n\n\n\n\n<td>Wir sch\u00e4rfen unsere Sinne \u2013 tasten-riechen-schmecken-f\u00fchlen-sehen<\/td>\n\n\n<\/tr>\n\n \n\n\n<tr>\n\n\n<td style=\"text-align: left; vertical-align: top; width: 150px;\"><strong>Pfingsten I<\/strong><\/td>\n\n\n\n\n<td style=\"text-align: left; vertical-align: top; width: 300px;\">10.06.2025 \u2013 13.06.2025<br \/>\n4 Tage, 95,00\u20ac<br \/>\n<img loading=\"lazy\" decoding=\"async\" style=\"margin-top: -40px; margin-left: 50px;\" src=\"https:\/\/www.mehrgenerationenhaus-hassfurt.de\/mgh\/wp-cnt\/uploads\/ausgebucht_stempel_254.png\" width=\"150\" alt=\"Dieses Ferienprogramm ist leider schon ausgebucht\" title=\"leider schon ausgebucht\" width=\"150\" height=\"64\" class=\"aligncenter size-full wp-image-52890\" \/><\/td>\n\n\n\n\n<td>Eine magische Ferienwoche mit Harry Potter <\/td>\n\n\n<\/tr>\n\n\n\n\n<tr>\n\n\n<td style=\"text-align: left; vertical-align: top; width: 150px;\"><strong>Pfingsten II <\/strong><\/td>\n\n\n\n\n<td style=\"text-align: left; vertical-align: top; width: 300px;\">( \u2013 ):<\/td>\n\n\n\n\n<td>Spiel, Spa\u00df und Action<\/td>\n\n\n<\/tr>\n\n\n\n\n<tr>\n\n\n<td style=\"text-align: left; vertical-align: top; width: 150px;\"><strong>Sommer I<\/strong><\/td>\n\n\n\n\n<td style=\"text-align: left; vertical-align: top; width: 300px;\">04.08.2025 \u2013 08.08.2025<br \/>\n5 Tage, 115,00\u20ac <br \/>\n<img loading=\"lazy\" decoding=\"async\" style=\"margin-top: -48px; margin-bottom: -16px; margin-left: 50px;\" src=\"https:\/\/www.mehrgenerationenhaus-hassfurt.de\/mgh\/wp-cnt\/uploads\/ausgebucht_stempel_254.png\" width=\"150\" alt=\"Dieses Ferienprogramm ist leider schon ausgebucht\" title=\"leider schon ausgebucht\" width=\"150\" height=\"64\" class=\"aligncenter size-full wp-image-52890\" \/><\/td>\n\n\n\n\n<td>Sommer, Sonne, Eis und Spa\u00df\t<\/td>\n\n\n<\/tr>\n\n\n\n\n<tr>\n\n\n<td style=\"text-align: left; vertical-align: top; width: 150px;\"><strong>Sommer II<\/strong><\/td>\n\n\n\n\n<td style=\"text-align: left; vertical-align: top; width: 300px;\">(11.08.2025 \u2013 14.08.2025):<br \/>\n4 Tage, 95,00\u20ac<br \/>\n<img loading=\"lazy\" decoding=\"async\" style=\"margin-top: -40px; margin-left: 50px;\" src=\"https:\/\/www.mehrgenerationenhaus-hassfurt.de\/mgh\/wp-cnt\/uploads\/ausgebucht_stempel_254.png\" width=\"150\" alt=\"Dieses Ferienprogramm ist leider schon ausgebucht\" title=\"leider schon ausgebucht\" width=\"150\" height=\"64\" class=\"aligncenter size-full wp-image-52890\" \/><\/td>\n\n\n\n\n<td>Es wird farbig \u2013 die Welt ist bunt<\/td>\n\n\n<\/tr>\n\n\n\n\n<tr>\n\n\n<td style=\"text-align: left; vertical-align: top; width: 150px;\"><strong>Sommer V<\/strong><\/td>\n\n\n\n\n<td style=\"text-align: left; vertical-align: top; width: 300px;\">01.09.2025 \u2013 05.09.2025<br \/>\n5 Tage, 115,00\u20ac<br \/>\n<img loading=\"lazy\" decoding=\"async\" style=\"margin-top: -40px; margin-left: 50px;\" src=\"https:\/\/www.mehrgenerationenhaus-hassfurt.de\/mgh\/wp-cnt\/uploads\/ausgebucht_stempel_254.png\" width=\"150\" alt=\"Dieses Ferienprogramm ist leider schon ausgebucht\" title=\"leider schon ausgebucht\" width=\"150\" height=\"64\" class=\"aligncenter size-full wp-image-52890\" \/><\/td>\n\n\n\n\n<td>Wir gehen auf Weltreise \u2013 andere L\u00e4nder, andere Sitten <\/td>\n\n\n<\/tr>\n\n\n\n\n<tr>\n\n\n<td style=\"text-align: left; vertical-align: top; width: 150px;\"><strong>Sommer V<\/strong><\/td>\n\n\n\n\n<td style=\"text-align: left; vertical-align: top; width: 300px;\">01.09.2025 \u2013 05.09.2025<br \/>\n5 Tage, 115,00\u20ac<\/td>\n\n\n\n\n<td>STARTklar Familien \u2013 FIT f\u00fcr den SCHULEINTRITT (nur f\u00fcr Vorschulkinder)<\/td>\n\n\n<\/tr>\n\n\n\n\n<tr>\n\n\n<td style=\"text-align: left; vertical-align: top; width: 150px;\"><strong>Sommer VI<\/strong><\/td>\n\n\n\n\n<td style=\"text-align: left; vertical-align: top; width: 300px;\">08.09.2025 \u2013 12.09.2025\n5 Tage, 180,00\u20ac<br \/>\n<img loading=\"lazy\" decoding=\"async\" style=\"margin-top: -40px; margin-left: 50px;\" src=\"https:\/\/www.mehrgenerationenhaus-hassfurt.de\/mgh\/wp-cnt\/uploads\/ausgebucht_stempel_254.png\" width=\"150\" alt=\"Dieses Ferienprogramm ist leider schon ausgebucht\" title=\"leider schon ausgebucht\" width=\"150\" height=\"64\" class=\"aligncenter size-full wp-image-52890\" \/><\/td>\n\n\n\n\n<td>Faber-Castell FerienKUNSTwoche: An den Feuern von tausendundeiner Nacht<\/td>\n\n\n<\/tr>\n\n\n\n\n<tr>\n\n\n<td style=\"text-align: left; vertical-align: top; width: 150px;\"><strong>Herbst<\/strong><\/td>\n\n\n\n\n<td style=\"text-align: left; vertical-align: top; width: 300px;\">03.11.2025 \u2013 07.11.2025\n5 Tage, 115,00\u20ac<br \/>\n<img loading=\"lazy\" decoding=\"async\" style=\"margin-top: -40px; margin-left: 50px;\" src=\"https:\/\/www.mehrgenerationenhaus-hassfurt.de\/mgh\/wp-cnt\/uploads\/ausgebucht_stempel_254.png\" width=\"150\" alt=\"Dieses Ferienprogramm ist leider schon ausgebucht\" title=\"leider schon ausgebucht\" width=\"150\" height=\"64\" class=\"aligncenter size-full wp-image-52890\" \/><\/td>\n\n\n\n\n<td>Aktiv und Kreativ durch den Herbst<\/td>\n\n\n<\/tr>\n\n\n<\/tbody>\n\n\n<\/table>\n\n\n<\/div>\n\n\n\n<span style=\"font-size: 14px;\">Bitte beachten Sie, dass nur begrenzte Pl\u00e4tze zur Verf\u00fcgung stehen.<\/span>\n\n\n<p style=\"font-size: 13px;\">&rarr; <a href=\"https:\/\/www.mehrgenerationenhaus-hassfurt.de\/mgh\/wp-cnt\/uploads\/Flyer-Ferienprogramme.pdf\" rel=\"noopener\" target=\"_blank\">Ferienprogramme 2025: Flyer downloaden<\/a> (PDF)<\/p>\n\n\n\n\n\n\n<div>\n\n\n<table>\n\n\n<tbody>\n\n\n<tr>\n\n\n<th align=\"left\" valign=\"top\">Wo<\/th>\n\n\n\n\n<td class=\"cellgray\">Mehrgenerationenhaus Ha\u00dffurt\nBRK Kreisverband Ha\u00dfberge\nMarktplatz 10\n97437 Ha\u00dffurt<br \/>\n&nbsp;<br \/>\nBRK Mittags- und Ganztagesbetreuung\nDr.-Neukam-Str. 1\n97437 Ha\u00dffurt<\/td>\n\n\n<\/tr>\n\n\n\n\n<tr>\n\n\n<th align=\"left\" valign=\"top\">Anmeldung<\/th>\n\n\n\n\n<td class=\"cellgray\">Leiterin Jugendsozialarbeit an Schulen und Kinderbetreuung \nSimone H\u00fcmmer\nTelefon 09521&ndash;9550-193 \njas-kinderbetreuung@kvhassberge.brk.de\n<\/td>\n\n\n<\/tr>\n\n\n\n\n<tr>\n\n\n<th align=\"left\" valign=\"top\">Kosten<\/th>\n\n\n\n\n<td class=\"cellgray\">5-Tage-Woche: 115,00 \u20ac\n4-Tage-Woche: 95,00 \u20ac\nFerienKUNSTwoche: 180,00 \u20ac\nErm\u00e4\u00dfigung f\u00fcr Geschwisterkind: 10,00 \u20ac pro Ferienprogramm<\/td>\n\n\n<\/tr>\n\n\n<\/tbody>\n\n\n<\/table>\n\n\n<\/div>\n\n\n--><\/p>\n","protected":false},"excerpt":{"rendered":"<p>Vor\u00adank\u00fcn\u00addi\u00adgung Ter\u00admi\u00adne 2026: Ei\u00adni\u00adge Ter\u00admi\u00adne f\u00fcr 2026 ste\u00adhen be\u00adreits fest: Som\u00admer&nbsp;5 31.08. \u2013 04.09.2026, t\u00e4gl. von 7:30 bis 17:00 Uhr 5 Tage, 115,00\u20ac START\u00adklar Fa\u00admi\u00adli\u00aden \u2013 FIT f\u00fcr den SCHUL\u00adEIN\u00adTRITT (nur f\u00fcr Vor\u00adschul\u00adkin\u00adder) Som\u00admer&nbsp;6 07.09. \u2013 11.09.2026, t\u00e4gl. von 7:30 bis 17:00 Uhr 5 Tage, 180,00\u20ac Fa\u00ad\u00adber-Cas\u00adtell Fe\u00adri\u00aden\u00adKUNST\u00adwo\u00adche: \u200b\u201cHa\u00adku\u00adna Mata\u00adta! \u2013 Kunst\u00advol\u00adle Streif\u00adz\u00fc\u00adge durch die&nbsp;<\/p>\n<p class=\"excerpt-link\"><a class=\"read-more\" href=\"https:\/\/www.mehrgenerationenhaus-hassfurt.de\/mgh\/angebote\/ferienprogramme-aktuell\/\">Read More \u2192<\/a><\/p>\n","protected":false},"author":3,"featured_media":4022,"parent":219,"menu_order":0,"comment_status":"closed","ping_status":"closed","template":"","meta":{"inline_featured_image":false,"wp_typography_post_enhancements_disabled":false,"_mc_calendar":[],"footnotes":""},"class_list":["post-6531","page","type-page","status-publish","has-post-thumbnail","hentry"],"yoast_head":"<!-- This site is optimized with the Yoast SEO plugin v27.3 - https:\/\/yoast.com\/product\/yoast-seo-wordpress\/ -->\n<title>Freizeitp\u00e4dagogische Ferienprogramme | MGH Ha\u00dffurt<\/title>\n<meta name=\"description\" content=\"Das MGH bietet in allen Ferien abwechslungs- und erlebnisreiche Ferienprogramme an. Unter Aufsicht p\u00e4dagogischer Fachkr\u00e4fte ...\" \/>\n<meta name=\"robots\" content=\"index, follow, max-snippet:-1, max-image-preview:large, max-video-preview:-1\" \/>\n<link rel=\"canonical\" href=\"https:\/\/www.mehrgenerationenhaus-hassfurt.de\/mgh\/angebote\/ferienprogramme-aktuell\/\" \/>\n<meta property=\"og:locale\" content=\"de_DE\" \/>\n<meta property=\"og:type\" content=\"article\" \/>\n<meta property=\"og:title\" content=\"Freizeitp\u00e4dagogische Ferienprogramme | MGH Ha\u00dffurt\" \/>\n<meta property=\"og:description\" content=\"Das MGH bietet in allen Ferien abwechslungs- und erlebnisreiche Ferienprogramme an. Unter Aufsicht p\u00e4dagogischer Fachkr\u00e4fte ...\" \/>\n<meta property=\"og:url\" content=\"https:\/\/www.mehrgenerationenhaus-hassfurt.de\/mgh\/angebote\/ferienprogramme-aktuell\/\" \/>\n<meta property=\"og:site_name\" content=\"Mehrgenerationenhaus Ha\u00dffurt\" \/>\n<meta property=\"article:publisher\" content=\"https:\/\/de-de.facebook.com\/mehrgenerationenhausHAS\/\" \/>\n<meta property=\"article:modified_time\" content=\"2026-01-15T15:40:59+00:00\" \/>\n<!-- \/ Yoast SEO plugin. -->","yoast_head_json":{"title":"Freizeitp\u00e4dagogische Ferienprogramme | MGH Ha\u00dffurt","description":"Das MGH bietet in allen Ferien abwechslungs- und erlebnisreiche Ferienprogramme an. Unter Aufsicht p\u00e4dagogischer Fachkr\u00e4fte ...","robots":{"index":"index","follow":"follow","max-snippet":"max-snippet:-1","max-image-preview":"max-image-preview:large","max-video-preview":"max-video-preview:-1"},"canonical":"https:\/\/www.mehrgenerationenhaus-hassfurt.de\/mgh\/angebote\/ferienprogramme-aktuell\/","og_locale":"de_DE","og_type":"article","og_title":"Freizeitp\u00e4dagogische Ferienprogramme | MGH Ha\u00dffurt","og_description":"Das MGH bietet in allen Ferien abwechslungs- und erlebnisreiche Ferienprogramme an. Unter Aufsicht p\u00e4dagogischer Fachkr\u00e4fte ...","og_url":"https:\/\/www.mehrgenerationenhaus-hassfurt.de\/mgh\/angebote\/ferienprogramme-aktuell\/","og_site_name":"Mehrgenerationenhaus Ha\u00dffurt","article_publisher":"https:\/\/de-de.facebook.com\/mehrgenerationenhausHAS\/","article_modified_time":"2026-01-15T15:40:59+00:00","schema":{"@context":"https:\/\/schema.org","@graph":[{"@type":"WebPage","@id":"https:\/\/www.mehrgenerationenhaus-hassfurt.de\/mgh\/angebote\/ferienprogramme-aktuell\/","url":"https:\/\/www.mehrgenerationenhaus-hassfurt.de\/mgh\/angebote\/ferienprogramme-aktuell\/","name":"Freizeitp\u00e4dagogische Ferienprogramme | MGH Ha\u00dffurt","isPartOf":{"@id":"https:\/\/www.mehrgenerationenhaus-hassfurt.de\/mgh\/#website"},"primaryImageOfPage":{"@id":"https:\/\/www.mehrgenerationenhaus-hassfurt.de\/mgh\/angebote\/ferienprogramme-aktuell\/#primaryimage"},"image":{"@id":"https:\/\/www.mehrgenerationenhaus-hassfurt.de\/mgh\/angebote\/ferienprogramme-aktuell\/#primaryimage"},"thumbnailUrl":"","datePublished":"2025-01-09T16:07:36+00:00","dateModified":"2026-01-15T15:40:59+00:00","description":"Das MGH bietet in allen Ferien abwechslungs- und erlebnisreiche Ferienprogramme an. Unter Aufsicht p\u00e4dagogischer Fachkr\u00e4fte ...","breadcrumb":{"@id":"https:\/\/www.mehrgenerationenhaus-hassfurt.de\/mgh\/angebote\/ferienprogramme-aktuell\/#breadcrumb"},"inLanguage":"de","potentialAction":[{"@type":"ReadAction","target":["https:\/\/www.mehrgenerationenhaus-hassfurt.de\/mgh\/angebote\/ferienprogramme-aktuell\/"]}]},{"@type":"ImageObject","inLanguage":"de","@id":"https:\/\/www.mehrgenerationenhaus-hassfurt.de\/mgh\/angebote\/ferienprogramme-aktuell\/#primaryimage","url":"","contentUrl":""},{"@type":"BreadcrumbList","@id":"https:\/\/www.mehrgenerationenhaus-hassfurt.de\/mgh\/angebote\/ferienprogramme-aktuell\/#breadcrumb","itemListElement":[{"@type":"ListItem","position":1,"name":"Startseite","item":"https:\/\/www.mehrgenerationenhaus-hassfurt.de\/mgh\/"},{"@type":"ListItem","position":2,"name":"Angebote und Dienstleistungen","item":"https:\/\/www.mehrgenerationenhaus-hassfurt.de\/mgh\/angebote\/"},{"@type":"ListItem","position":3,"name":"Freizeitp\u00e4dagogische Ferienprogramme"}]},{"@type":"WebSite","@id":"https:\/\/www.mehrgenerationenhaus-hassfurt.de\/mgh\/#website","url":"https:\/\/www.mehrgenerationenhaus-hassfurt.de\/mgh\/","name":"Mehrgenerationenhaus Ha\u00dffurt","description":"Mehrgenerationenhaus Ha\u00dffurt","publisher":{"@id":"https:\/\/www.mehrgenerationenhaus-hassfurt.de\/mgh\/#organization"},"potentialAction":[{"@type":"SearchAction","target":{"@type":"EntryPoint","urlTemplate":"https:\/\/www.mehrgenerationenhaus-hassfurt.de\/mgh\/?s={search_term_string}"},"query-input":{"@type":"PropertyValueSpecification","valueRequired":true,"valueName":"search_term_string"}}],"inLanguage":"de"},{"@type":"Organization","@id":"https:\/\/www.mehrgenerationenhaus-hassfurt.de\/mgh\/#organization","name":"Mehrgenerationenhaus Ha\u00dffurt","url":"https:\/\/www.mehrgenerationenhaus-hassfurt.de\/mgh\/","logo":{"@type":"ImageObject","inLanguage":"de","@id":"https:\/\/www.mehrgenerationenhaus-hassfurt.de\/mgh\/#\/schema\/logo\/image\/","url":"https:\/\/www.mehrgenerationenhaus-hassfurt.de\/mgh\/wp-cnt\/uploads\/MGH_Logo_2020_hassfurt-scaled.jpg","contentUrl":"https:\/\/www.mehrgenerationenhaus-hassfurt.de\/mgh\/wp-cnt\/uploads\/MGH_Logo_2020_hassfurt-scaled.jpg","width":2560,"height":1162,"caption":"Mehrgenerationenhaus Ha\u00dffurt"},"image":{"@id":"https:\/\/www.mehrgenerationenhaus-hassfurt.de\/mgh\/#\/schema\/logo\/image\/"},"sameAs":["https:\/\/de-de.facebook.com\/mehrgenerationenhausHAS\/"]}]}},"publishpress_future_workflow_manual_trigger":{"enabledWorkflows":[]},"_links":{"self":[{"href":"https:\/\/www.mehrgenerationenhaus-hassfurt.de\/mgh\/wp-json\/wp\/v2\/pages\/6531","targetHints":{"allow":["GET"]}}],"collection":[{"href":"https:\/\/www.mehrgenerationenhaus-hassfurt.de\/mgh\/wp-json\/wp\/v2\/pages"}],"about":[{"href":"https:\/\/www.mehrgenerationenhaus-hassfurt.de\/mgh\/wp-json\/wp\/v2\/types\/page"}],"author":[{"embeddable":true,"href":"https:\/\/www.mehrgenerationenhaus-hassfurt.de\/mgh\/wp-json\/wp\/v2\/users\/3"}],"replies":[{"embeddable":true,"href":"https:\/\/www.mehrgenerationenhaus-hassfurt.de\/mgh\/wp-json\/wp\/v2\/comments?post=6531"}],"version-history":[{"count":0,"href":"https:\/\/www.mehrgenerationenhaus-hassfurt.de\/mgh\/wp-json\/wp\/v2\/pages\/6531\/revisions"}],"up":[{"embeddable":true,"href":"https:\/\/www.mehrgenerationenhaus-hassfurt.de\/mgh\/wp-json\/wp\/v2\/pages\/219"}],"wp:featuredmedia":[{"embeddable":true,"href":"https:\/\/www.mehrgenerationenhaus-hassfurt.de\/mgh\/wp-json\/"}],"wp:attachment":[{"href":"https:\/\/www.mehrgenerationenhaus-hassfurt.de\/mgh\/wp-json\/wp\/v2\/media?parent=6531"}],"curies":[{"name":"wp","href":"https:\/\/api.w.org\/{rel}","templated":true}]}}